{"id":3028,"date":"2024-12-07T08:50:16","date_gmt":"2024-12-07T08:50:16","guid":{"rendered":"https:\/\/alfequipment.com\/product\/bse5038-thermal-shrink-packaging-machine\/"},"modified":"2025-01-14T03:11:44","modified_gmt":"2025-01-14T03:11:44","slug":"bse5038-machine-demballage-thermoretractable","status":"publish","type":"product","link":"https:\/\/alfequipment.com\/fr\/product\/bse5038-machine-demballage-thermoretractable\/","title":{"rendered":"Machine d'emballage thermor\u00e9tractable BSE5038"},"content":{"rendered":"<div data-magic-global=\"%7B%22bizId%22%3A17179933680%2C%22pageId%22%3A21055329971%2C%22siteId%22%3A5005331025%7D\" id=\"detail_decorate_root\">\n<div module-id=\"28469991356\" module-title=\"detailProductNavigation\" render=\"true\" class=\"J_module\">\n<div id=\"ali-anchor-AliMagic-cq93ew\" data-section=\"AliMagic-cq93ew\" data-section-title=\"Product Description\" class=\"magic-0\">La machine d'emballage sous film r\u00e9tractable en PE de la s\u00e9rie BSE est sp\u00e9cialement con\u00e7ue pour le film r\u00e9tractable en PE. Cependant, elle convient \u00e0 d'autres types de films r\u00e9tractables. La machine adopte un contr\u00f4leur de temp\u00e9rature num\u00e9rique, ce qui facilite les op\u00e9rations. Les tuyaux de chauffage \u00e0 quartz sont situ\u00e9s en haut, en bas et sur les c\u00f4t\u00e9s du tunnel de r\u00e9traction. Deux ventilateurs dans le bo\u00eetier \u00e9lectrique refroidissent le bo\u00eetier \u00e9lectrique afin de prot\u00e9ger l'\u00e9lectronique. Le moteur du convoyeur est refroidi par le ventilateur situ\u00e9 en dessous. Le ventilateur puissant produit un flux d'air chaud uniforme \u00e0 l'int\u00e9rieur du tunnel de r\u00e9traction. La vitesse du convoyeur est r\u00e9glable. Le convoyeur peut \u00eatre \u00e9quip\u00e9 d'un rouleau \u00e0 cha\u00eene ou d'un filet en fer.<\/div>\n<\/div>\n<div module-id=\"28469991358\" module-title=\"detailTableHightLight\" render=\"true\" class=\"J_module\">\n<div class=\"ife-detail-decorate-table\">\n<table class=\"all magic-8\">\n<tbody>\n<tr>\n<td>\n<div class=\"magic-9\">\n        Mod\u00e8le\n       <\/div>\n<\/td>\n<td>\n<div class=\"magic-10\">\n        BSE5038\n       <\/div>\n<\/td>\n<\/tr>\n<tr>\n<td>\n<div class=\"magic-9\">\n        Alimentation \u00e9lectrique\n       <\/div>\n<\/td>\n<td>\n<div class=\"magic-10\">\n        3 phases 220V\/380V 50-60HZ\n       <\/div>\n<\/td>\n<\/tr>\n<tr>\n<td>\n<div class=\"magic-9\">\n        Puissance du chauffage\n       <\/div>\n<\/td>\n<td>\n<div class=\"magic-10\">\n        20KW Ajusteur\n       <\/div>\n<\/td>\n<\/tr>\n<tr>\n<td>\n<div class=\"magic-9\">\n        Vitesse du convoyeur\n       <\/div>\n<\/td>\n<td>\n<div class=\"magic-10\">\n        0-10m\/minute\n       <\/div>\n<\/td>\n<\/tr>\n<tr>\n<td>\n<div class=\"magic-9\">\n        Taille du tunnel (L*L*H)\n       <\/div>\n<\/td>\n<td>\n<div class=\"magic-10\">\n        1200*500*380mm\n       <\/div>\n<\/td>\n<\/tr>\n<tr>\n<td>\n<div class=\"magic-9\">\n        Chargement du convoyeur\n       <\/div>\n<\/td>\n<td>\n<div class=\"magic-10\">\n        25KGS MAX.\n       <\/div>\n<\/td>\n<\/tr>\n<tr>\n<td>\n<div class=\"magic-9\">\n        Taille de la machine\n       <\/div>\n<\/td>\n<td>\n<div class=\"magic-10\">\n        2200*780*1470mm\n       <\/div>\n<\/td>\n<\/tr>\n<tr>\n<td>\n<div class=\"magic-9\">\n        Poids de la machine\n       <\/div>\n<\/td>\n<td>\n<div class=\"magic-10\">\n        250KG\n       <\/div>\n<\/td>\n<\/tr>\n<tr>\n<td>\n<div class=\"magic-9\">\n        Film r\u00e9tractable\n       <\/div>\n<\/td>\n<td>\n<div class=\"magic-10\">\n        PE, POF, PVC, PP\n       <\/div>\n<\/td>\n<\/tr>\n<\/tbody>\n<\/table><\/div>\n<\/p><\/div>\n<div module-id=\"28469991359\" module-title=\"detailSingleImage\" render=\"true\" class=\"J_module\">\n<div class=\"icbu-pc-images magic-11\">\n<div>\n<div class=\"flex-layout-v\">\n<div class=\"flex-layout-h magic-11\">\n<div class=\"magic-12\">\n       <img decoding=\"async\" src=\"https:\/\/sc01.alicdn.com\/kf\/HTB1wBV7aInrK1RjSspkq6yuvXXaw\/64496\/HTB1wBV7aInrK1RjSspkq6yuvXXaw.jpg\" class=\"aligncenter\">\n      <\/div>\n<\/p><\/div>\n<\/p><\/div>\n<\/p><\/div>\n<\/p><\/div>\n<\/p><\/div>\n<div module-id=\"28469991360\" module-title=\"detailVerticalImages\" render=\"true\" class=\"J_module\">\n<div class=\"icbu-pc-images magic-11\">\n<div>\n<div class=\"flex-layout-v\">\n<div class=\"magic-14\">\n      <img decoding=\"async\" src=\"https:\/\/sc02.alicdn.com\/kf\/HTB1zN83aI_vK1Rjy0Foq6xIxVXaf\/64496\/HTB1zN83aI_vK1Rjy0Foq6xIxVXaf.jpg\" class=\"aligncenter\">\n     <\/div>\n<div class=\"flex-layout-h magic-11\">\n<div class=\"magic-16\">\n       <img decoding=\"async\" src=\"https:\/\/sc01.alicdn.com\/kf\/HTB1PZN6aTHuK1RkSndVq6xVwpXaR\/64496\/HTB1PZN6aTHuK1RkSndVq6xVwpXaR.jpg\" class=\"aligncenter\">\n      <\/div>\n<div class=\"magic-18\">\n       <img decoding=\"async\" src=\"https:\/\/sc02.alicdn.com\/kf\/HTB1A8hYaLLsK1Rjy0Fbq6xSEXXaG\/64496\/HTB1A8hYaLLsK1Rjy0Fbq6xSEXXaG.jpg\" class=\"aligncenter\">\n      <\/div>\n<\/p><\/div>\n<\/p><\/div>\n<\/p><\/div>\n<\/p><\/div>\n<\/p><\/div>\n<div module-id=\"28469991361\" module-title=\"detailSingleImage\" render=\"true\" class=\"J_module\">\n<div class=\"icbu-pc-images magic-11\">\n<div>\n<div class=\"flex-layout-v\">\n<div class=\"flex-layout-h magic-11\">\n<div class=\"magic-20\">\n       <img decoding=\"async\" src=\"https:\/\/sc02.alicdn.com\/kf\/HTB1u5w_azDuK1RjSszdq6xGLpXam\/64496\/HTB1u5w_azDuK1RjSszdq6xGLpXam.jpg\" class=\"aligncenter\">\n      <\/div>\n<\/p><\/div>\n<\/p><\/div>\n<\/p><\/div>\n<\/p><\/div>\n<\/p><\/div>\n<\/div>","protected":false},"excerpt":{"rendered":"<p>Machine \u00e0 film r\u00e9tractable<\/p>","protected":false},"featured_media":2890,"comment_status":"closed","ping_status":"open","template":"","meta":[],"product_brand":[],"product_cat":[102,123],"product_tag":[],"class_list":{"0":"post-3028","1":"product","2":"type-product","3":"status-publish","4":"has-post-thumbnail","6":"product_cat-packaging-machines","7":"product_cat-shrink-tunnels","9":"first","10":"instock","11":"sale","12":"purchasable","13":"product-type-simple"},"yoast_head":"<!-- This site is optimized with the Yoast SEO Premium plugin v20.9 (Yoast SEO v26.5) - https:\/\/yoast.com\/wordpress\/plugins\/seo\/ -->\n<title>BSE5038 Thermal Shrink Packaging Machine - ALF PACK<\/title>\n<meta name=\"robots\" content=\"index, follow, max-snippet:-1, max-image-preview:large, max-video-preview:-1\" \/>\n<link rel=\"canonical\" href=\"https:\/\/alfequipment.com\/fr\/product\/bse5038-machine-demballage-thermoretractable\/\" \/>\n<meta property=\"og:locale\" content=\"fr_FR\" \/>\n<meta property=\"og:type\" content=\"article\" \/>\n<meta property=\"og:title\" content=\"BSE5038 Thermal Shrink Packaging Machine\" \/>\n<meta property=\"og:description\" content=\"Shrink Film Machine\" \/>\n<meta property=\"og:url\" content=\"https:\/\/alfequipment.com\/fr\/product\/bse5038-machine-demballage-thermoretractable\/\" \/>\n<meta property=\"og:site_name\" content=\"ALF PACK\" \/>\n<meta property=\"article:modified_time\" content=\"2025-01-14T03:11:44+00:00\" \/>\n<meta property=\"og:image\" content=\"https:\/\/alfequipment.com\/wp-content\/uploads\/2025\/01\/BSE5038-Thermal-Shrink-Packaging-Machine.jpg\" \/>\n\t<meta property=\"og:image:width\" content=\"800\" \/>\n\t<meta property=\"og:image:height\" content=\"800\" \/>\n\t<meta property=\"og:image:type\" content=\"image\/webp\" \/>\n<meta name=\"twitter:card\" content=\"summary_large_image\" \/>\n<meta name=\"twitter:label1\" content=\"Dur\u00e9e de lecture estim\u00e9e\" \/>\n\t<meta name=\"twitter:data1\" content=\"1 minute\" \/>\n<script type=\"application\/ld+json\" class=\"yoast-schema-graph\">{\"@context\":\"https:\/\/schema.org\",\"@graph\":[{\"@type\":\"WebPage\",\"@id\":\"https:\/\/alfequipment.com\/product\/bse5038-thermal-shrink-packaging-machine\/\",\"url\":\"https:\/\/alfequipment.com\/product\/bse5038-thermal-shrink-packaging-machine\/\",\"name\":\"BSE5038 Thermal Shrink Packaging Machine - ALF PACK\",\"isPartOf\":{\"@id\":\"https:\/\/alfequipment.com\/#website\"},\"primaryImageOfPage\":{\"@id\":\"https:\/\/alfequipment.com\/product\/bse5038-thermal-shrink-packaging-machine\/#primaryimage\"},\"image\":{\"@id\":\"https:\/\/alfequipment.com\/product\/bse5038-thermal-shrink-packaging-machine\/#primaryimage\"},\"thumbnailUrl\":\"https:\/\/alfequipment.com\/wp-content\/uploads\/2025\/01\/BSE5038-Thermal-Shrink-Packaging-Machine.jpg\",\"datePublished\":\"2024-12-07T08:50:16+00:00\",\"dateModified\":\"2025-01-14T03:11:44+00:00\",\"breadcrumb\":{\"@id\":\"https:\/\/alfequipment.com\/product\/bse5038-thermal-shrink-packaging-machine\/#breadcrumb\"},\"inLanguage\":\"fr-FR\",\"potentialAction\":[{\"@type\":\"ReadAction\",\"target\":[\"https:\/\/alfequipment.com\/product\/bse5038-thermal-shrink-packaging-machine\/\"]}]},{\"@type\":\"ImageObject\",\"inLanguage\":\"fr-FR\",\"@id\":\"https:\/\/alfequipment.com\/product\/bse5038-thermal-shrink-packaging-machine\/#primaryimage\",\"url\":\"https:\/\/alfequipment.com\/wp-content\/uploads\/2025\/01\/BSE5038-Thermal-Shrink-Packaging-Machine.jpg\",\"contentUrl\":\"https:\/\/alfequipment.com\/wp-content\/uploads\/2025\/01\/BSE5038-Thermal-Shrink-Packaging-Machine.jpg\",\"width\":800,\"height\":800},{\"@type\":\"BreadcrumbList\",\"@id\":\"https:\/\/alfequipment.com\/product\/bse5038-thermal-shrink-packaging-machine\/#breadcrumb\",\"itemListElement\":[{\"@type\":\"ListItem\",\"position\":1,\"name\":\"Home\",\"item\":\"https:\/\/alfequipment.com\/\"},{\"@type\":\"ListItem\",\"position\":2,\"name\":\"Shop\",\"item\":\"https:\/\/alfequipment.com\/shop\/\"},{\"@type\":\"ListItem\",\"position\":3,\"name\":\"BSE5038 Thermal Shrink Packaging Machine\"}]},{\"@type\":\"WebSite\",\"@id\":\"https:\/\/alfequipment.com\/#website\",\"url\":\"https:\/\/alfequipment.com\/\",\"name\":\"ALF PACK\",\"description\":\"\",\"publisher\":{\"@id\":\"https:\/\/alfequipment.com\/#organization\"},\"potentialAction\":[{\"@type\":\"SearchAction\",\"target\":{\"@type\":\"EntryPoint\",\"urlTemplate\":\"https:\/\/alfequipment.com\/?s={search_term_string}\"},\"query-input\":{\"@type\":\"PropertyValueSpecification\",\"valueRequired\":true,\"valueName\":\"search_term_string\"}}],\"inLanguage\":\"fr-FR\"},{\"@type\":\"Organization\",\"@id\":\"https:\/\/alfequipment.com\/#organization\",\"name\":\"ALF PACK\",\"url\":\"https:\/\/alfequipment.com\/\",\"logo\":{\"@type\":\"ImageObject\",\"inLanguage\":\"fr-FR\",\"@id\":\"https:\/\/alfequipment.com\/#\/schema\/logo\/image\/\",\"url\":\"https:\/\/alfequipment.com\/wp-content\/uploads\/2024\/11\/ALFlogo-2.webp\",\"contentUrl\":\"https:\/\/alfequipment.com\/wp-content\/uploads\/2024\/11\/ALFlogo-2.webp\",\"width\":758,\"height\":750,\"caption\":\"ALF PACK\"},\"image\":{\"@id\":\"https:\/\/alfequipment.com\/#\/schema\/logo\/image\/\"}}]}<\/script>\n<!-- \/ Yoast SEO Premium plugin. -->","yoast_head_json":{"title":"Machine d'emballage thermor\u00e9tractable BSE5038 - ALF PACK","robots":{"index":"index","follow":"follow","max-snippet":"max-snippet:-1","max-image-preview":"max-image-preview:large","max-video-preview":"max-video-preview:-1"},"canonical":"https:\/\/alfequipment.com\/fr\/product\/bse5038-machine-demballage-thermoretractable\/","og_locale":"fr_FR","og_type":"article","og_title":"BSE5038 Thermal Shrink Packaging Machine","og_description":"Shrink Film Machine","og_url":"https:\/\/alfequipment.com\/fr\/product\/bse5038-machine-demballage-thermoretractable\/","og_site_name":"ALF PACK","article_modified_time":"2025-01-14T03:11:44+00:00","og_image":[{"width":800,"height":800,"url":"https:\/\/alfequipment.com\/wp-content\/uploads\/2025\/01\/BSE5038-Thermal-Shrink-Packaging-Machine.jpg","type":"image\/webp"}],"twitter_card":"summary_large_image","twitter_misc":{"Dur\u00e9e de lecture estim\u00e9e":"1 minute"},"schema":{"@context":"https:\/\/schema.org","@graph":[{"@type":"WebPage","@id":"https:\/\/alfequipment.com\/product\/bse5038-thermal-shrink-packaging-machine\/","url":"https:\/\/alfequipment.com\/product\/bse5038-thermal-shrink-packaging-machine\/","name":"Machine d'emballage thermor\u00e9tractable BSE5038 - ALF PACK","isPartOf":{"@id":"https:\/\/alfequipment.com\/#website"},"primaryImageOfPage":{"@id":"https:\/\/alfequipment.com\/product\/bse5038-thermal-shrink-packaging-machine\/#primaryimage"},"image":{"@id":"https:\/\/alfequipment.com\/product\/bse5038-thermal-shrink-packaging-machine\/#primaryimage"},"thumbnailUrl":"https:\/\/alfequipment.com\/wp-content\/uploads\/2025\/01\/BSE5038-Thermal-Shrink-Packaging-Machine.jpg","datePublished":"2024-12-07T08:50:16+00:00","dateModified":"2025-01-14T03:11:44+00:00","breadcrumb":{"@id":"https:\/\/alfequipment.com\/product\/bse5038-thermal-shrink-packaging-machine\/#breadcrumb"},"inLanguage":"fr-FR","potentialAction":[{"@type":"ReadAction","target":["https:\/\/alfequipment.com\/product\/bse5038-thermal-shrink-packaging-machine\/"]}]},{"@type":"ImageObject","inLanguage":"fr-FR","@id":"https:\/\/alfequipment.com\/product\/bse5038-thermal-shrink-packaging-machine\/#primaryimage","url":"https:\/\/alfequipment.com\/wp-content\/uploads\/2025\/01\/BSE5038-Thermal-Shrink-Packaging-Machine.jpg","contentUrl":"https:\/\/alfequipment.com\/wp-content\/uploads\/2025\/01\/BSE5038-Thermal-Shrink-Packaging-Machine.jpg","width":800,"height":800},{"@type":"BreadcrumbList","@id":"https:\/\/alfequipment.com\/product\/bse5038-thermal-shrink-packaging-machine\/#breadcrumb","itemListElement":[{"@type":"ListItem","position":1,"name":"Home","item":"https:\/\/alfequipment.com\/"},{"@type":"ListItem","position":2,"name":"Shop","item":"https:\/\/alfequipment.com\/shop\/"},{"@type":"ListItem","position":3,"name":"BSE5038 Thermal Shrink Packaging Machine"}]},{"@type":"WebSite","@id":"https:\/\/alfequipment.com\/#website","url":"https:\/\/alfequipment.com\/","name":"PACK ALF","description":"","publisher":{"@id":"https:\/\/alfequipment.com\/#organization"},"potentialAction":[{"@type":"SearchAction","target":{"@type":"EntryPoint","urlTemplate":"https:\/\/alfequipment.com\/?s={search_term_string}"},"query-input":{"@type":"PropertyValueSpecification","valueRequired":true,"valueName":"search_term_string"}}],"inLanguage":"fr-FR"},{"@type":"Organization","@id":"https:\/\/alfequipment.com\/#organization","name":"PACK ALF","url":"https:\/\/alfequipment.com\/","logo":{"@type":"ImageObject","inLanguage":"fr-FR","@id":"https:\/\/alfequipment.com\/#\/schema\/logo\/image\/","url":"https:\/\/alfequipment.com\/wp-content\/uploads\/2024\/11\/ALFlogo-2.webp","contentUrl":"https:\/\/alfequipment.com\/wp-content\/uploads\/2024\/11\/ALFlogo-2.webp","width":758,"height":750,"caption":"ALF PACK"},"image":{"@id":"https:\/\/alfequipment.com\/#\/schema\/logo\/image\/"}}]}},"_links":{"self":[{"href":"https:\/\/alfequipment.com\/fr\/wp-json\/wp\/v2\/product\/3028","targetHints":{"allow":["GET"]}}],"collection":[{"href":"https:\/\/alfequipment.com\/fr\/wp-json\/wp\/v2\/product"}],"about":[{"href":"https:\/\/alfequipment.com\/fr\/wp-json\/wp\/v2\/types\/product"}],"replies":[{"embeddable":true,"href":"https:\/\/alfequipment.com\/fr\/wp-json\/wp\/v2\/comments?post=3028"}],"version-history":[{"count":0,"href":"https:\/\/alfequipment.com\/fr\/wp-json\/wp\/v2\/product\/3028\/revisions"}],"wp:featuredmedia":[{"embeddable":true,"href":"https:\/\/alfequipment.com\/fr\/wp-json\/wp\/v2\/media\/2890"}],"wp:attachment":[{"href":"https:\/\/alfequipment.com\/fr\/wp-json\/wp\/v2\/media?parent=3028"}],"wp:term":[{"taxonomy":"product_brand","embeddable":true,"href":"https:\/\/alfequipment.com\/fr\/wp-json\/wp\/v2\/product_brand?post=3028"},{"taxonomy":"product_cat","embeddable":true,"href":"https:\/\/alfequipment.com\/fr\/wp-json\/wp\/v2\/product_cat?post=3028"},{"taxonomy":"product_tag","embeddable":true,"href":"https:\/\/alfequipment.com\/fr\/wp-json\/wp\/v2\/product_tag?post=3028"}],"curies":[{"name":"wp","href":"https:\/\/api.w.org\/{rel}","templated":true}]}}