{"id":3030,"date":"2024-12-26T22:34:43","date_gmt":"2024-12-26T22:34:43","guid":{"rendered":"https:\/\/alfequipment.com\/product\/bse6040-thermal-shrink-tunnel-packaging-machine\/"},"modified":"2025-01-14T03:11:42","modified_gmt":"2025-01-14T03:11:42","slug":"bse6040-machine-demballage-a-tunnel-de-retraction-thermique","status":"publish","type":"product","link":"https:\/\/alfequipment.com\/fr\/product\/bse6040-machine-demballage-a-tunnel-de-retraction-thermique\/","title":{"rendered":"Machine d'emballage \u00e0 tunnel de r\u00e9traction thermique BSE6040"},"content":{"rendered":"<div>\n<div>\n<div style=\"vertical-align: top;padding-top: 15px; padding-bottom: 15px;\">\n<div style=\"vertical-align: top;padding-top: 10px; padding-bottom: 10px; margin-right: -4px; margin-left: -4px;\">\n<div style=\"vertical-align: top; box-sizing: border-box; padding-right: 4px; padding-left: 4px;margin-top: -4px; margin-bottom: -4px;\">\n<div id=\"vf4b6\" style=\"vertical-align: top; box-sizing: border-box; padding-top: 4px; padding-bottom: 4px\">\n<p style=\"margin:0;padding:0;\">La machine d'emballage sous film r\u00e9tractable en PE de la s\u00e9rie BSE est sp\u00e9cialement con\u00e7ue pour le film r\u00e9tractable en PE. Cependant, elle convient \u00e0 d'autres types de films r\u00e9tractables. La machine adopte un contr\u00f4leur de temp\u00e9rature num\u00e9rique, ce qui facilite les op\u00e9rations. Les tuyaux de chauffage \u00e0 quartz sont situ\u00e9s en haut, en bas et sur les c\u00f4t\u00e9s du tunnel de r\u00e9traction. Deux ventilateurs dans le bo\u00eetier \u00e9lectrique refroidissent le bo\u00eetier \u00e9lectrique afin de prot\u00e9ger l'\u00e9lectronique. Le moteur du convoyeur est refroidi par le ventilateur situ\u00e9 en dessous. Le ventilateur puissant produit un flux d'air chaud uniforme \u00e0 l'int\u00e9rieur du tunnel de r\u00e9traction. La vitesse du convoyeur est r\u00e9glable. Le convoyeur peut \u00eatre \u00e9quip\u00e9 d'un rouleau \u00e0 cha\u00eene ou d'un filet en fer.<\/p>\n<\/p><\/div>\n<\/p><\/div>\n<\/p><\/div>\n<div style=\"vertical-align: top;padding-top: 10px; padding-bottom: 10px; margin-right: -4px; margin-left: -4px;\">\n<div id=\"dsdtg\" style=\"vertical-align: top; box-sizing: border-box; padding-right: 4px; padding-left: 4px\">\n<table style=\"width: auto; border-collapse: collapse; word-wrap: break-word;\" class=\"aliDataTable\">\n<tbody>\n<tr>\n<td style=\"background-color: rgb(218, 226, 237);\">\n<div style=\"width: 270px; height: 22px; padding: 5px 10px; overflow: hidden;\">\n          Mod\u00e8le\n         <\/div>\n<\/td>\n<td>\n<div style=\"width: 431px; height: 22px; padding: 5px 10px; overflow: hidden;\">\n          BSE6040\n         <\/div>\n<\/td>\n<\/tr>\n<tr>\n<td style=\"background-color: rgb(218, 226, 237);\">\n<div style=\"width: 270px; height: 22px; padding: 5px 10px; overflow: hidden;\">\n          Alimentation \u00e9lectrique\n         <\/div>\n<\/td>\n<td>\n<div style=\"width: 431px; height: 22px; padding: 5px 10px; overflow: hidden;\">\n          3 phases 220V\/380V 50\/60HZ\n         <\/div>\n<\/td>\n<\/tr>\n<tr>\n<td style=\"background-color: rgb(218, 226, 237);\">\n<div style=\"width: 270px; height: 22px; padding: 5px 10px; overflow: hidden;\">\n          Puissance du chauffage\n         <\/div>\n<\/td>\n<td>\n<div style=\"width: 431px; height: 22px; padding: 5px 10px; overflow: hidden;\">\n          26KW Ajusteur\n         <\/div>\n<\/td>\n<\/tr>\n<tr>\n<td style=\"background-color: rgb(218, 226, 237);\">\n<div style=\"width: 270px; height: 22px; padding: 5px 10px; overflow: hidden;\">\n          Vitesse du convoyeur\n         <\/div>\n<\/td>\n<td>\n<div style=\"width: 431px; height: 22px; padding: 5px 10px; overflow: hidden;\">\n          0-10m\/minute\n         <\/div>\n<\/td>\n<\/tr>\n<tr>\n<td style=\"background-color: rgb(218, 226, 237);\">\n<div style=\"width: 270px; height: 22px; padding: 5px 10px; overflow: hidden;\">\n          Taille du tunnel (L*L*H)\n         <\/div>\n<\/td>\n<td>\n<div style=\"width: 431px; height: 22px; padding: 5px 10px; overflow: hidden;\">\n          1800*600*400mm\n         <\/div>\n<\/td>\n<\/tr>\n<tr>\n<td style=\"background-color: rgb(218, 226, 237);\">\n<div style=\"width: 270px; height: 22px; padding: 5px 10px; overflow: hidden;\">\n          Chargement du convoyeur\n         <\/div>\n<\/td>\n<td>\n<div style=\"width: 431px; height: 22px; padding: 5px 10px; overflow: hidden;\">\n          25KGS MAX.\n         <\/div>\n<\/td>\n<\/tr>\n<tr>\n<td style=\"background-color: rgb(218, 226, 237);\">\n<div style=\"width: 270px; height: 22px; padding: 5px 10px; overflow: hidden;\">\n          Taille de la machine\n         <\/div>\n<\/td>\n<td>\n<div style=\"width: 431px; height: 22px; padding: 5px 10px; overflow: hidden;\">\n          2800*880*1570mm\n         <\/div>\n<\/td>\n<\/tr>\n<tr>\n<td style=\"background-color: rgb(218, 226, 237);\">\n<div style=\"width: 270px; height: 22px; padding: 5px 10px; overflow: hidden;\">\n          Poids de la machine\n         <\/div>\n<\/td>\n<td>\n<div style=\"width: 431px; height: 22px; padding: 5px 10px; overflow: hidden;\">\n          285KG\n         <\/div>\n<\/td>\n<\/tr>\n<tr>\n<td style=\"background-color: rgb(218, 226, 237);\">\n<div style=\"width: 270px; height: 22px; padding: 5px 10px; overflow: hidden;\">\n          Film r\u00e9tractable\n         <\/div>\n<\/td>\n<td>\n<div style=\"width: 431px; height: 22px; padding: 5px 10px; overflow: hidden;\">\n          PE, POF, PVC, PP\n         <\/div>\n<\/td>\n<\/tr>\n<\/tbody>\n<\/table><\/div>\n<\/p><\/div>\n<div style=\"vertical-align: top;padding-top: 10px; padding-bottom: 10px; margin-right: -4px; margin-left: -4px;\">\n<div id=\"fxg4d\" style=\"vertical-align: top; box-sizing: border-box; padding-right: 4px; padding-left: 4px\">\n<div style=\"overflow: hidden; width: 750px; height: 750px;\">\n      <img decoding=\"async\" src=\"https:\/\/sc01.alicdn.com\/kf\/HTB1wBV7aInrK1RjSspkq6yuvXXaw\/64496\/HTB1wBV7aInrK1RjSspkq6yuvXXaw.jpg\" style=\"width: 750px; height: 750px; margin-left: 0px; margin-top: 0px;\" class=\"aligncenter\">\n     <\/div>\n<\/p><\/div>\n<\/p><\/div>\n<div style=\"vertical-align: top;padding-top: 10px; padding-bottom: 10px; margin-right: -4px; margin-left: -4px;\">\n<div style=\"vertical-align: top; box-sizing: border-box; padding-right: 4px; padding-left: 4px;margin-top: -4px; margin-bottom: -4px;\">\n<div id=\"kg8ww\" style=\"vertical-align: top; box-sizing: border-box; padding-top: 4px; padding-bottom: 4px\">\n<div style=\"overflow: hidden; width: 750px; height: 320px;\">\n       <img decoding=\"async\" src=\"https:\/\/sc02.alicdn.com\/kf\/HTB1Tb4_aULrK1Rjy0Fjq6zYXFXaM\/64496\/HTB1Tb4_aULrK1Rjy0Fjq6zYXFXaM.jpg\" style=\"width: 750px; height: 409.091px; margin-left: 0px; margin-top: -40px;\" class=\"aligncenter\">\n      <\/div>\n<\/p><\/div>\n<div style=\"vertical-align: top; box-sizing: border-box; padding-top: 4px; padding-bottom: 4px;margin-right: -4px; margin-left: -4px;\">\n<div id=\"p056a\" style=\"vertical-align: top; width: 50%; display: inline-block; box-sizing: border-box; padding-right: 4px; padding-left: 4px\">\n<div style=\"overflow: hidden; width: 371px; height: 200px;\">\n        <img decoding=\"async\" src=\"https:\/\/sc01.alicdn.com\/kf\/HTB1PZN6aTHuK1RkSndVq6xVwpXaR\/64496\/HTB1PZN6aTHuK1RkSndVq6xVwpXaR.jpg\" style=\"width: 371px; height: 205.954px; margin-left: 0px; margin-top: 0px;\" class=\"aligncenter\">\n       <\/div>\n<\/p><\/div>\n<div id=\"x4skh\" style=\"vertical-align: top; width: 50%; display: inline-block; box-sizing: border-box; padding-right: 4px; padding-left: 4px\">\n<div style=\"overflow: hidden; width: 371px; height: 200px;\">\n        <img decoding=\"async\" src=\"https:\/\/sc02.alicdn.com\/kf\/HTB1A8hYaLLsK1Rjy0Fbq6xSEXXaG\/64496\/HTB1A8hYaLLsK1Rjy0Fbq6xSEXXaG.jpg\" style=\"width: 416.374px; height: 200px; margin-left: -25px; margin-top: 0px;\" class=\"aligncenter\">\n       <\/div>\n<\/p><\/div>\n<\/p><\/div>\n<\/p><\/div>\n<\/p><\/div>\n<div style=\"vertical-align: top;padding-top: 10px; padding-bottom: 10px; margin-right: -4px; margin-left: -4px;\">\n<div id=\"6x3t9\" style=\"vertical-align: top; box-sizing: border-box; padding-right: 4px; padding-left: 4px\">\n<div style=\"overflow: hidden; width: 750px; height: 496.519px;\">\n      <img decoding=\"async\" src=\"https:\/\/sc02.alicdn.com\/kf\/HTB1u5w_azDuK1RjSszdq6xGLpXam\/64496\/HTB1u5w_azDuK1RjSszdq6xGLpXam.jpg\" style=\"width: 750px; height: 496.519px; margin-left: 0px; margin-top: 0px;\" class=\"aligncenter\"><\/div>\n<\/div>\n<\/div>\n<\/div>\n<div style=\"vertical-align: top;padding-top: 15px; padding-bottom: 15px;\">\n<div style=\"vertical-align: top;padding-top: 10px; padding-bottom: 10px; margin-right: -4px; margin-left: -4px;\">\n<div id=\"4xehq\" style=\"vertical-align: top; width: 50%; display: inline-block; box-sizing: border-box; padding-right: 4px; padding-left: 4px\">\n    <\/div>\n<\/p><\/div>\n<\/p><\/div>\n<\/p><\/div>\n<\/div>","protected":false},"excerpt":{"rendered":"<p>Tunnel de r\u00e9traction thermique<\/p>","protected":false},"featured_media":3031,"comment_status":"closed","ping_status":"open","template":"","meta":[],"product_brand":[],"product_cat":[123,98],"product_tag":[],"class_list":{"0":"post-3030","1":"product","2":"type-product","3":"status-publish","4":"has-post-thumbnail","6":"product_cat-shrink-tunnels","7":"product_cat-wrapping-machines","9":"first","10":"instock","11":"sale","12":"purchasable","13":"product-type-simple"},"yoast_head":"<!-- This site is optimized with the Yoast SEO Premium plugin v20.9 (Yoast SEO v26.5) - https:\/\/yoast.com\/wordpress\/plugins\/seo\/ -->\n<title>BSE6040 Thermal Shrink Tunnel packaging machine - ALF PACK<\/title>\n<meta name=\"robots\" content=\"index, follow, max-snippet:-1, max-image-preview:large, max-video-preview:-1\" \/>\n<link rel=\"canonical\" href=\"https:\/\/alfequipment.com\/fr\/product\/bse6040-machine-demballage-a-tunnel-de-retraction-thermique\/\" \/>\n<meta property=\"og:locale\" content=\"fr_FR\" \/>\n<meta property=\"og:type\" content=\"article\" \/>\n<meta property=\"og:title\" content=\"BSE6040 Thermal Shrink Tunnel packaging machine\" \/>\n<meta property=\"og:description\" content=\"Thermal Shrink Tunnel\" \/>\n<meta property=\"og:url\" content=\"https:\/\/alfequipment.com\/fr\/product\/bse6040-machine-demballage-a-tunnel-de-retraction-thermique\/\" \/>\n<meta property=\"og:site_name\" content=\"ALF PACK\" \/>\n<meta property=\"article:modified_time\" content=\"2025-01-14T03:11:42+00:00\" \/>\n<meta property=\"og:image\" content=\"https:\/\/alfequipment.com\/wp-content\/uploads\/2025\/01\/BSE6040-Thermal-Shrink-Tunnel-packaging-machine-1.jpg\" \/>\n\t<meta property=\"og:image:width\" content=\"800\" \/>\n\t<meta property=\"og:image:height\" content=\"800\" \/>\n\t<meta property=\"og:image:type\" content=\"image\/webp\" \/>\n<meta name=\"twitter:card\" content=\"summary_large_image\" \/>\n<meta name=\"twitter:label1\" content=\"Dur\u00e9e de lecture estim\u00e9e\" \/>\n\t<meta name=\"twitter:data1\" content=\"1 minute\" \/>\n<script type=\"application\/ld+json\" class=\"yoast-schema-graph\">{\"@context\":\"https:\/\/schema.org\",\"@graph\":[{\"@type\":\"WebPage\",\"@id\":\"https:\/\/alfequipment.com\/product\/bse6040-thermal-shrink-tunnel-packaging-machine\/\",\"url\":\"https:\/\/alfequipment.com\/product\/bse6040-thermal-shrink-tunnel-packaging-machine\/\",\"name\":\"BSE6040 Thermal Shrink Tunnel packaging machine - ALF PACK\",\"isPartOf\":{\"@id\":\"https:\/\/alfequipment.com\/#website\"},\"primaryImageOfPage\":{\"@id\":\"https:\/\/alfequipment.com\/product\/bse6040-thermal-shrink-tunnel-packaging-machine\/#primaryimage\"},\"image\":{\"@id\":\"https:\/\/alfequipment.com\/product\/bse6040-thermal-shrink-tunnel-packaging-machine\/#primaryimage\"},\"thumbnailUrl\":\"https:\/\/alfequipment.com\/wp-content\/uploads\/2025\/01\/BSE6040-Thermal-Shrink-Tunnel-packaging-machine-1.jpg\",\"datePublished\":\"2024-12-26T22:34:43+00:00\",\"dateModified\":\"2025-01-14T03:11:42+00:00\",\"breadcrumb\":{\"@id\":\"https:\/\/alfequipment.com\/product\/bse6040-thermal-shrink-tunnel-packaging-machine\/#breadcrumb\"},\"inLanguage\":\"fr-FR\",\"potentialAction\":[{\"@type\":\"ReadAction\",\"target\":[\"https:\/\/alfequipment.com\/product\/bse6040-thermal-shrink-tunnel-packaging-machine\/\"]}]},{\"@type\":\"ImageObject\",\"inLanguage\":\"fr-FR\",\"@id\":\"https:\/\/alfequipment.com\/product\/bse6040-thermal-shrink-tunnel-packaging-machine\/#primaryimage\",\"url\":\"https:\/\/alfequipment.com\/wp-content\/uploads\/2025\/01\/BSE6040-Thermal-Shrink-Tunnel-packaging-machine-1.jpg\",\"contentUrl\":\"https:\/\/alfequipment.com\/wp-content\/uploads\/2025\/01\/BSE6040-Thermal-Shrink-Tunnel-packaging-machine-1.jpg\",\"width\":800,\"height\":800},{\"@type\":\"BreadcrumbList\",\"@id\":\"https:\/\/alfequipment.com\/product\/bse6040-thermal-shrink-tunnel-packaging-machine\/#breadcrumb\",\"itemListElement\":[{\"@type\":\"ListItem\",\"position\":1,\"name\":\"Home\",\"item\":\"https:\/\/alfequipment.com\/\"},{\"@type\":\"ListItem\",\"position\":2,\"name\":\"Shop\",\"item\":\"https:\/\/alfequipment.com\/shop\/\"},{\"@type\":\"ListItem\",\"position\":3,\"name\":\"BSE6040 Thermal Shrink Tunnel packaging machine\"}]},{\"@type\":\"WebSite\",\"@id\":\"https:\/\/alfequipment.com\/#website\",\"url\":\"https:\/\/alfequipment.com\/\",\"name\":\"ALF PACK\",\"description\":\"\",\"publisher\":{\"@id\":\"https:\/\/alfequipment.com\/#organization\"},\"potentialAction\":[{\"@type\":\"SearchAction\",\"target\":{\"@type\":\"EntryPoint\",\"urlTemplate\":\"https:\/\/alfequipment.com\/?s={search_term_string}\"},\"query-input\":{\"@type\":\"PropertyValueSpecification\",\"valueRequired\":true,\"valueName\":\"search_term_string\"}}],\"inLanguage\":\"fr-FR\"},{\"@type\":\"Organization\",\"@id\":\"https:\/\/alfequipment.com\/#organization\",\"name\":\"ALF PACK\",\"url\":\"https:\/\/alfequipment.com\/\",\"logo\":{\"@type\":\"ImageObject\",\"inLanguage\":\"fr-FR\",\"@id\":\"https:\/\/alfequipment.com\/#\/schema\/logo\/image\/\",\"url\":\"https:\/\/alfequipment.com\/wp-content\/uploads\/2024\/11\/ALFlogo-2.webp\",\"contentUrl\":\"https:\/\/alfequipment.com\/wp-content\/uploads\/2024\/11\/ALFlogo-2.webp\",\"width\":758,\"height\":750,\"caption\":\"ALF PACK\"},\"image\":{\"@id\":\"https:\/\/alfequipment.com\/#\/schema\/logo\/image\/\"}}]}<\/script>\n<!-- \/ Yoast SEO Premium plugin. -->","yoast_head_json":{"title":"BSE6040 Machine d'emballage \u00e0 tunnel de r\u00e9traction thermique - ALF PACK","robots":{"index":"index","follow":"follow","max-snippet":"max-snippet:-1","max-image-preview":"max-image-preview:large","max-video-preview":"max-video-preview:-1"},"canonical":"https:\/\/alfequipment.com\/fr\/product\/bse6040-machine-demballage-a-tunnel-de-retraction-thermique\/","og_locale":"fr_FR","og_type":"article","og_title":"BSE6040 Thermal Shrink Tunnel packaging machine","og_description":"Thermal Shrink Tunnel","og_url":"https:\/\/alfequipment.com\/fr\/product\/bse6040-machine-demballage-a-tunnel-de-retraction-thermique\/","og_site_name":"ALF PACK","article_modified_time":"2025-01-14T03:11:42+00:00","og_image":[{"width":800,"height":800,"url":"https:\/\/alfequipment.com\/wp-content\/uploads\/2025\/01\/BSE6040-Thermal-Shrink-Tunnel-packaging-machine-1.jpg","type":"image\/webp"}],"twitter_card":"summary_large_image","twitter_misc":{"Dur\u00e9e de lecture estim\u00e9e":"1 minute"},"schema":{"@context":"https:\/\/schema.org","@graph":[{"@type":"WebPage","@id":"https:\/\/alfequipment.com\/product\/bse6040-thermal-shrink-tunnel-packaging-machine\/","url":"https:\/\/alfequipment.com\/product\/bse6040-thermal-shrink-tunnel-packaging-machine\/","name":"BSE6040 Machine d'emballage \u00e0 tunnel de r\u00e9traction thermique - ALF PACK","isPartOf":{"@id":"https:\/\/alfequipment.com\/#website"},"primaryImageOfPage":{"@id":"https:\/\/alfequipment.com\/product\/bse6040-thermal-shrink-tunnel-packaging-machine\/#primaryimage"},"image":{"@id":"https:\/\/alfequipment.com\/product\/bse6040-thermal-shrink-tunnel-packaging-machine\/#primaryimage"},"thumbnailUrl":"https:\/\/alfequipment.com\/wp-content\/uploads\/2025\/01\/BSE6040-Thermal-Shrink-Tunnel-packaging-machine-1.jpg","datePublished":"2024-12-26T22:34:43+00:00","dateModified":"2025-01-14T03:11:42+00:00","breadcrumb":{"@id":"https:\/\/alfequipment.com\/product\/bse6040-thermal-shrink-tunnel-packaging-machine\/#breadcrumb"},"inLanguage":"fr-FR","potentialAction":[{"@type":"ReadAction","target":["https:\/\/alfequipment.com\/product\/bse6040-thermal-shrink-tunnel-packaging-machine\/"]}]},{"@type":"ImageObject","inLanguage":"fr-FR","@id":"https:\/\/alfequipment.com\/product\/bse6040-thermal-shrink-tunnel-packaging-machine\/#primaryimage","url":"https:\/\/alfequipment.com\/wp-content\/uploads\/2025\/01\/BSE6040-Thermal-Shrink-Tunnel-packaging-machine-1.jpg","contentUrl":"https:\/\/alfequipment.com\/wp-content\/uploads\/2025\/01\/BSE6040-Thermal-Shrink-Tunnel-packaging-machine-1.jpg","width":800,"height":800},{"@type":"BreadcrumbList","@id":"https:\/\/alfequipment.com\/product\/bse6040-thermal-shrink-tunnel-packaging-machine\/#breadcrumb","itemListElement":[{"@type":"ListItem","position":1,"name":"Home","item":"https:\/\/alfequipment.com\/"},{"@type":"ListItem","position":2,"name":"Shop","item":"https:\/\/alfequipment.com\/shop\/"},{"@type":"ListItem","position":3,"name":"BSE6040 Thermal Shrink Tunnel packaging machine"}]},{"@type":"WebSite","@id":"https:\/\/alfequipment.com\/#website","url":"https:\/\/alfequipment.com\/","name":"PACK ALF","description":"","publisher":{"@id":"https:\/\/alfequipment.com\/#organization"},"potentialAction":[{"@type":"SearchAction","target":{"@type":"EntryPoint","urlTemplate":"https:\/\/alfequipment.com\/?s={search_term_string}"},"query-input":{"@type":"PropertyValueSpecification","valueRequired":true,"valueName":"search_term_string"}}],"inLanguage":"fr-FR"},{"@type":"Organization","@id":"https:\/\/alfequipment.com\/#organization","name":"PACK ALF","url":"https:\/\/alfequipment.com\/","logo":{"@type":"ImageObject","inLanguage":"fr-FR","@id":"https:\/\/alfequipment.com\/#\/schema\/logo\/image\/","url":"https:\/\/alfequipment.com\/wp-content\/uploads\/2024\/11\/ALFlogo-2.webp","contentUrl":"https:\/\/alfequipment.com\/wp-content\/uploads\/2024\/11\/ALFlogo-2.webp","width":758,"height":750,"caption":"ALF PACK"},"image":{"@id":"https:\/\/alfequipment.com\/#\/schema\/logo\/image\/"}}]}},"_links":{"self":[{"href":"https:\/\/alfequipment.com\/fr\/wp-json\/wp\/v2\/product\/3030","targetHints":{"allow":["GET"]}}],"collection":[{"href":"https:\/\/alfequipment.com\/fr\/wp-json\/wp\/v2\/product"}],"about":[{"href":"https:\/\/alfequipment.com\/fr\/wp-json\/wp\/v2\/types\/product"}],"replies":[{"embeddable":true,"href":"https:\/\/alfequipment.com\/fr\/wp-json\/wp\/v2\/comments?post=3030"}],"version-history":[{"count":0,"href":"https:\/\/alfequipment.com\/fr\/wp-json\/wp\/v2\/product\/3030\/revisions"}],"wp:featuredmedia":[{"embeddable":true,"href":"https:\/\/alfequipment.com\/fr\/wp-json\/wp\/v2\/media\/3031"}],"wp:attachment":[{"href":"https:\/\/alfequipment.com\/fr\/wp-json\/wp\/v2\/media?parent=3030"}],"wp:term":[{"taxonomy":"product_brand","embeddable":true,"href":"https:\/\/alfequipment.com\/fr\/wp-json\/wp\/v2\/product_brand?post=3030"},{"taxonomy":"product_cat","embeddable":true,"href":"https:\/\/alfequipment.com\/fr\/wp-json\/wp\/v2\/product_cat?post=3030"},{"taxonomy":"product_tag","embeddable":true,"href":"https:\/\/alfequipment.com\/fr\/wp-json\/wp\/v2\/product_tag?post=3030"}],"curies":[{"name":"wp","href":"https:\/\/api.w.org\/{rel}","templated":true}]}}