{"id":3036,"date":"2025-01-02T16:23:19","date_gmt":"2025-01-02T16:23:19","guid":{"rendered":"https:\/\/alfequipment.com\/product\/dql5545g-high-speed-automatic-l-bar-type-sealer-sealing-packaging-machine-and-dsc4525l-shrink-tunnel-packager\/"},"modified":"2025-01-14T02:47:59","modified_gmt":"2025-01-14T02:47:59","slug":"dql5545g-machine-a-sceller-automatique-a-haute-vitesse-et-dsc4525l-tunnel-demballage-par-retraction","status":"publish","type":"product","link":"https:\/\/alfequipment.com\/fr\/product\/dql5545g-machine-a-sceller-automatique-a-haute-vitesse-et-dsc4525l-tunnel-demballage-par-retraction\/","title":{"rendered":"DQL5545G Machine \u00e0 sceller automatique en L \u00e0 grande vitesse et DSC4525L Tunnel de r\u00e9traction"},"content":{"rendered":"<p><\/p>\n<div>\n<div>\n<div style=\"vertical-align: top;padding-top: 15px; padding-bottom: 15px;\">\n<div style=\"vertical-align: top;padding-top: 10px; padding-bottom: 10px; margin-right: -4px; margin-left: -4px;\">\n<div style=\"vertical-align: top; box-sizing: border-box; padding-right: 4px; padding-left: 4px;margin-top: -4px; margin-bottom: -4px;\">\n<div id=\"zv7e9\" style=\"vertical-align: top; box-sizing: border-box; padding-top: 4px; padding-bottom: 4px\">\n     <\/div>\n<div id=\"33keq\" style=\"vertical-align: top; box-sizing: border-box; padding-top: 4px; padding-bottom: 4px\">\n<p style=\"margin:0;padding:0;\">Caract\u00e9ristiques de la soudeuse automatique en L DQL5545G (haute vitesse) :<\/p>\n<p>1. Le couteau de scellage adopte un alliage de cuivre pulv\u00e9ris\u00e9 avec du T\u00e9flon, il ne colle pas au film, le scelle rapidement, sans fum\u00e9e, sans pollution. Les couteaux de scellage horizontaux et verticaux adoptent une connexion compl\u00e8te sans espace, le film ne se casse pas. Le cadre de scellage adopte un alliage d'acier de haute qualit\u00e9, la qualit\u00e9 de scellage est stable, le cadre est difficile \u00e0 endommager.<\/p>\n<p>2. La machine dispose d'un syst\u00e8me enti\u00e8rement automatique, elle est \u00e9quip\u00e9e de capteurs et peut fonctionner \u00e0 grande vitesse.<\/p>\n<p>3. Il est pratique de l'ajuster en fonction des diff\u00e9rentes tailles de produits, il suffit d'ajuster la roue de la poign\u00e9e pour l'atteindre, l'op\u00e9ration est facile.<\/p>\n<p>4. Il peut \u00eatre reli\u00e9 \u00e0 la production<\/p>\n<p>5. Il est dot\u00e9 d'une fonction de protection qui permet d'\u00e9viter une mauvaise fermeture du produit et d'assurer la s\u00e9curit\u00e9 de l'op\u00e9rateur.<\/p>\n<p>Caract\u00e9ristiques du tunnel de r\u00e9traction DSC4525L :<\/p>\n<p>1. Il adopte un contacteur CA Schneider, un amplificateur \u00e0 semi-conducteurs haute puissance et un r\u00e9gulateur de temp\u00e9rature intelligent pour rendre le syst\u00e8me de temp\u00e9rature plus pr\u00e9cis et prolonger la dur\u00e9e de vie de l'appareil.<\/p>\n<p>2. Il adopte un convoyeur \u00e0 rouleaux solides, les rouleaux \u00e9tant envelopp\u00e9s d'un tube de gel de silice \u00e0 haute temp\u00e9rature. Il peut supporter des produits lourds et difficiles \u00e0 abraser (vous pouvez choisir un convoyeur de type filet).<\/p>\n<p>3. Il adopte un moteur de ventilateur \u00e0 haute puissance pour assurer un vent suffisamment fort afin d'obtenir un effet d'emballage parfait.<\/p>\n<p>4. La paroi int\u00e9rieure est en acier inoxydable, ce qui permet un transfert rapide de la temp\u00e9rature, un chauffage uniforme, une faible consommation d'\u00e9nergie et une longue dur\u00e9e de vie.<\/p>\n<p>5. La fen\u00eatre est visible, on peut voir ce qui se passe \u00e0 l'int\u00e9rieur.<\/p>\n<p>Application :<br \/>Cette machine est largement utilis\u00e9e dans l'emballage r\u00e9tractable des produits alimentaires, des boissons, de l'imprimerie, des produits pharmaceutiques, des sols, de la quincaillerie et d'autres industries. Elle convient aux mat\u00e9riaux d'emballage en POF et en PVC.<\/p>\n<\/p><\/div>\n<\/p><\/div>\n<\/p><\/div>\n<div style=\"vertical-align: top;padding-top: 10px; padding-bottom: 10px; margin-right: -4px; margin-left: -4px;\">\n<div id=\"5ugre\" style=\"vertical-align: top; box-sizing: border-box; padding-right: 4px; padding-left: 4px\">\n<table style=\"width: auto; border-collapse: collapse; word-wrap: break-word;\" class=\"aliDataTable\">\n<tbody>\n<tr>\n<td style=\"background-color: rgb(218, 226, 237);\">\n<div style=\"width: 172px; height: 22px; padding: 5px 10px; overflow: hidden;\">\n          Mod\u00e8le\n         <\/div>\n<\/td>\n<td style=\"background-color: rgb(218, 226, 237);\">\n<div style=\"width: 257px; height: 22px; padding: 5px 10px; overflow: hidden;\">\n          DQL5545G\n         <\/div>\n<\/td>\n<td style=\"background-color: rgb(218, 226, 237);\">\n<div style=\"width: 251px; height: 22px; padding: 5px 10px; overflow: hidden;\">\n          DSC4525L\n         <\/div>\n<\/td>\n<\/tr>\n<tr>\n<td>\n<div style=\"width: 172px; height: 22px; padding: 5px 10px; overflow: hidden;\">\n          Taille maximale de l'emballage (\u00e3)\n         <\/div>\n<\/td>\n<td>\n<div style=\"width: 257px; height: 22px; padding: 5px 10px; overflow: hidden;\">\n          L+2H\u2264550, W+2H\u2264450, H\u2264130\n         <\/div>\n<\/td>\n<td>\n<div style=\"width: 251px; height: 22px; padding: 5px 10px; overflow: hidden;\">\n          W450\u00d7H250\n         <\/div>\n<\/td>\n<\/tr>\n<tr>\n<td>\n<div style=\"width: 172px; height: 22px; padding: 5px 10px; overflow: hidden;\">\n          Taille maximale d'\u00e9tanch\u00e9it\u00e9 (\u00e3)\n         <\/div>\n<\/td>\n<td>\n<div style=\"width: 257px; height: 22px; padding: 5px 10px; overflow: hidden;\">\n          L550\u00d7L450\n         <\/div>\n<\/td>\n<td>\n<div style=\"width: 251px; height: 22px; padding: 5px 10px; overflow: hidden;\">\n          \/\n         <\/div>\n<\/td>\n<\/tr>\n<tr>\n<td>\n<div style=\"width: 172px; height: 22px; padding: 5px 10px; overflow: hidden;\">\n          Puissance (KW)\n         <\/div>\n<\/td>\n<td>\n<div style=\"width: 257px; height: 22px; padding: 5px 10px; overflow: hidden;\">\n          2.2\n         <\/div>\n<\/td>\n<td>\n<div style=\"width: 251px; height: 22px; padding: 5px 10px; overflow: hidden;\">\n          11.7\n         <\/div>\n<\/td>\n<\/tr>\n<tr>\n<td>\n<div style=\"width: 172px; height: 22px; padding: 5px 10px; overflow: hidden;\">\n          Capacit\u00e9\n         <\/div>\n<\/td>\n<td>\n<div style=\"width: 257px; height: 22px; padding: 5px 10px; overflow: hidden;\">\n          0-40 pcs\/min\n         <\/div>\n<\/td>\n<td>\n<div style=\"width: 251px; height: 22px; padding: 5px 10px; overflow: hidden;\">\n          0-10 m\/min\n         <\/div>\n<\/td>\n<\/tr>\n<tr>\n<td>\n<div style=\"width: 172px; height: 22px; padding: 5px 10px; overflow: hidden;\">\n          Tension\n         <\/div>\n<\/td>\n<td>\n<div style=\"width: 257px; height: 22px; padding: 5px 10px; overflow: hidden;\">\n          220V 50\/60HZ\n         <\/div>\n<\/td>\n<td>\n<div style=\"width: 251px; height: 22px; padding: 5px 10px; overflow: hidden;\">\n          380V 50HZ\/60HZ\n         <\/div>\n<\/td>\n<\/tr>\n<tr>\n<td>\n<div style=\"width: 172px; height: 22px; padding: 5px 10px; overflow: hidden;\">\n          Temp\u00e9rature de scellement\n         <\/div>\n<\/td>\n<td colspan=\"2\">\n<div style=\"width: 530px; height: 21px; padding: 5px 10px; overflow: hidden;\">\n          180\u00e2-250\u00e2 en fonction de l'\u00e9paisseur du film et de la temp\u00e9rature ambiante\n         <\/div>\n<\/td>\n<\/tr>\n<tr>\n<td>\n<div style=\"width: 172px; height: 22px; padding: 5px 10px; overflow: hidden;\">\n          \u00c9paisseur du film (mm)\n         <\/div>\n<\/td>\n<td colspan=\"2\">\n<div style=\"width: 530px; height: 21px; padding: 5px 10px; overflow: hidden;\">\n          0.012-0.06\n         <\/div>\n<\/td>\n<\/tr>\n<tr>\n<td>\n<div style=\"width: 172px; height: 22px; padding: 5px 10px; overflow: hidden;\">\n          Pression atmosph\u00e9rique (Kg\/cm2) )\n         <\/div>\n<\/td>\n<td colspan=\"2\">\n<div style=\"width: 530px; height: 21px; padding: 5px 10px; overflow: hidden;\">\n          5\n         <\/div>\n<\/td>\n<\/tr>\n<tr>\n<td>\n<div style=\"width: 172px; height: 22px; padding: 5px 10px; overflow: hidden;\">\n          Mat\u00e9riau d'emballage\n         <\/div>\n<\/td>\n<td colspan=\"2\">\n<div style=\"width: 530px; height: 21px; padding: 5px 10px; overflow: hidden;\">\n          POF PVC\n         <\/div>\n<\/td>\n<\/tr>\n<tr>\n<td>\n<div style=\"width: 172px; height: 22px; padding: 5px 10px; overflow: hidden;\">\n          Poids de la machine (\u00e3)\n         <\/div>\n<\/td>\n<td>\n<div style=\"width: 257px; height: 22px; padding: 5px 10px; overflow: hidden;\">\n          320\n         <\/div>\n<\/td>\n<td>\n<div style=\"width: 251px; height: 22px; padding: 5px 10px; overflow: hidden;\">\n          250\n         <\/div>\n<\/td>\n<\/tr>\n<tr>\n<td>\n<div style=\"width: 172px; height: 22px; padding: 5px 10px; overflow: hidden;\">\n          Taille de la machine (\u00e3)\n         <\/div>\n<\/td>\n<td>\n<div style=\"width: 257px; height: auto; padding: 5px 10px; overflow: hidden;\">\n          L1760\u00d7W940\u00d7H1580\n         <\/div>\n<\/td>\n<td>\n<div style=\"width: 251px; height: auto; padding: 5px 10px; overflow: hidden;\">\n          L1800\u00d7W703\u00d7H1260\n         <\/div>\n<\/td>\n<\/tr>\n<\/tbody>\n<\/table><\/div>\n<\/p><\/div>\n<div style=\"vertical-align: top;padding-top: 10px; padding-bottom: 10px; margin-right: -4px; margin-left: -4px;\">\n<div id=\"ex5d1\" style=\"vertical-align: top; box-sizing: border-box; padding-right: 4px; padding-left: 4px\">\n<div style=\"overflow: hidden; width: 750px; height: 750px;\">\n      <img decoding=\"async\" src=\"https:\/\/sc01.alicdn.com\/kf\/HTB1m8QoavvsK1Rjy0Fiq6zwtXXaB\/64496\/HTB1m8QoavvsK1Rjy0Fiq6zwtXXaB.jpg\" style=\"width: 750px; height: 750px; margin-left: 0px; margin-top: 0px;\" class=\"aligncenter\">\n     <\/div>\n<\/p><\/div>\n<\/p><\/div>\n<div style=\"vertical-align: top;padding-top: 10px; padding-bottom: 10px; margin-right: -4px; margin-left: -4px;\">\n<div id=\"cophq\" style=\"vertical-align: top; width: 50%; display: inline-block; box-sizing: border-box; padding-right: 4px; padding-left: 4px\">\n<div style=\"overflow: hidden; width: 371px; height: 320px;\">\n      <img decoding=\"async\" src=\"https:\/\/sc01.alicdn.com\/kf\/HTB1Ftz7asfrK1RkSmLyq6xGApXaP\/64496\/HTB1Ftz7asfrK1RkSmLyq6xGApXaP.jpg\" style=\"width: 371px; height: 371px; margin-left: 0px; margin-top: -24px;\" class=\"aligncenter\">\n     <\/div>\n<\/p><\/div>\n<div id=\"frz6g\" style=\"vertical-align: top; width: 50%; display: inline-block; box-sizing: border-box; padding-right: 4px; padding-left: 4px\">\n<div style=\"overflow: hidden; width: 371px; height: 320px;\">\n      <img decoding=\"async\" src=\"https:\/\/sc01.alicdn.com\/kf\/HTB1A_kiazzuK1Rjy0Fpq6yEpFXaT\/64496\/HTB1A_kiazzuK1Rjy0Fpq6yEpFXaT.jpg\" style=\"width: 371px; height: 371px; margin-left: 0px; margin-top: -28px;\" class=\"aligncenter\">\n     <\/div>\n<\/p><\/div>\n<\/p><\/div>\n<div style=\"vertical-align: top;padding-top: 10px; padding-bottom: 10px; margin-right: -4px; margin-left: -4px;\">\n<div style=\"vertical-align: top; box-sizing: border-box; padding-right: 4px; padding-left: 4px;margin-top: -4px; margin-bottom: -4px;\">\n<div id=\"dez16\" style=\"vertical-align: top; box-sizing: border-box; padding-top: 4px; padding-bottom: 4px\">\n<div style=\"overflow: hidden; width: 750px; height: 320px;\">\n       <img decoding=\"async\" src=\"https:\/\/sc01.alicdn.com\/kf\/HTB1Fxj7asfrK1RjSszcq6xGGFXar\/64496\/HTB1Fxj7asfrK1RjSszcq6xGGFXar.jpg\" style=\"width: 750px; height: 750px; margin-left: 0px; margin-top: -211px;\" class=\"aligncenter\">\n      <\/div>\n<\/p><\/div>\n<div style=\"vertical-align: top; box-sizing: border-box; padding-top: 4px; padding-bottom: 4px;margin-right: -4px; margin-left: -4px;\">\n<div id=\"xscz6\" style=\"vertical-align: top; width: 50%; display: inline-block; box-sizing: border-box; padding-right: 4px; padding-left: 4px\">\n<div style=\"overflow: hidden; width: 371px; height: 200px;\">\n        <img decoding=\"async\" src=\"https:\/\/sc02.alicdn.com\/kf\/HTB1v_MXayjrK1RjSsplq6xHmVXaE\/64496\/HTB1v_MXayjrK1RjSsplq6xHmVXaE.jpg\" style=\"width: 371px; height: 371px; margin-left: 0px; margin-top: -84px;\" class=\"aligncenter\">\n       <\/div>\n<\/p><\/div>\n<div id=\"wknsy\" style=\"vertical-align: top; width: 50%; display: inline-block; box-sizing: border-box; padding-right: 4px; padding-left: 4px\">\n<div style=\"overflow: hidden; width: 371px; height: 200px;\">\n        <img decoding=\"async\" src=\"https:\/\/sc01.alicdn.com\/kf\/HTB1VYZbasfrK1Rjy1Xdq6yemFXaQ\/64496\/HTB1VYZbasfrK1Rjy1Xdq6yemFXaQ.jpg\" style=\"width: 371px; height: 371px; margin-left: 0px; margin-top: -88px;\" class=\"aligncenter\"><\/div>\n<\/div>\n<\/div>\n<\/div>\n<\/div>\n<\/div>\n<div style=\"vertical-align: top;padding-top: 15px; padding-bottom: 15px;\">\n<div style=\"vertical-align: top;padding-top: 10px; padding-bottom: 10px; margin-right: -4px; margin-left: -4px;\">\n<div id=\"df2pb\" style=\"vertical-align: top; width: 50%; display: inline-block; box-sizing: border-box; padding-right: 4px; padding-left: 4px\">\n    <\/div>\n<\/p><\/div>\n<\/p><\/div>\n<\/p><\/div>\n<\/div>","protected":false},"excerpt":{"rendered":"<p>Tunnel de soudure et de r\u00e9traction en L automatique \u00e0 grande vitesse<\/p>","protected":false},"featured_media":3037,"comment_status":"closed","ping_status":"open","template":"","meta":[],"product_brand":[],"product_cat":[122,97],"product_tag":[],"class_list":{"0":"post-3036","1":"product","2":"type-product","3":"status-publish","4":"has-post-thumbnail","6":"product_cat-l-type-sealer","7":"product_cat-sealing-machines","9":"first","10":"instock","11":"sale","12":"purchasable","13":"product-type-simple"},"yoast_head":"<!-- This site is optimized with the Yoast SEO Premium plugin v20.9 (Yoast SEO v26.5) - https:\/\/yoast.com\/wordpress\/plugins\/seo\/ -->\n<title>DQL5545G High Speed Automatic L bar type Sealer sealing packaging machine and DSC4525L Shrink Tunnel packager - ALF PACK<\/title>\n<meta name=\"robots\" content=\"index, follow, max-snippet:-1, max-image-preview:large, max-video-preview:-1\" \/>\n<link rel=\"canonical\" href=\"https:\/\/alfequipment.com\/fr\/product\/dql5545g-machine-a-sceller-automatique-a-haute-vitesse-et-dsc4525l-tunnel-demballage-par-retraction\/\" \/>\n<meta property=\"og:locale\" content=\"fr_FR\" \/>\n<meta property=\"og:type\" content=\"article\" \/>\n<meta property=\"og:title\" content=\"DQL5545G High Speed Automatic L bar type Sealer sealing packaging machine and DSC4525L Shrink Tunnel packager\" \/>\n<meta property=\"og:description\" content=\"High Speed Automatic L Sealer And Shrink Tunnel\" \/>\n<meta property=\"og:url\" content=\"https:\/\/alfequipment.com\/fr\/product\/dql5545g-machine-a-sceller-automatique-a-haute-vitesse-et-dsc4525l-tunnel-demballage-par-retraction\/\" \/>\n<meta property=\"og:site_name\" content=\"ALF PACK\" \/>\n<meta property=\"article:modified_time\" content=\"2025-01-14T02:47:59+00:00\" \/>\n<meta property=\"og:image\" content=\"https:\/\/alfequipment.com\/wp-content\/uploads\/2025\/01\/DQL5545G-High-Speed-Automatic-L-bar-type.jpg\" \/>\n\t<meta property=\"og:image:width\" content=\"800\" \/>\n\t<meta property=\"og:image:height\" content=\"800\" \/>\n\t<meta property=\"og:image:type\" content=\"image\/webp\" \/>\n<meta name=\"twitter:card\" content=\"summary_large_image\" \/>\n<meta name=\"twitter:label1\" content=\"Dur\u00e9e de lecture estim\u00e9e\" \/>\n\t<meta name=\"twitter:data1\" content=\"2 minutes\" \/>\n<script type=\"application\/ld+json\" class=\"yoast-schema-graph\">{\"@context\":\"https:\/\/schema.org\",\"@graph\":[{\"@type\":\"WebPage\",\"@id\":\"https:\/\/alfequipment.com\/product\/dql5545g-high-speed-automatic-l-bar-type-sealer-sealing-packaging-machine-and-dsc4525l-shrink-tunnel-packager\/\",\"url\":\"https:\/\/alfequipment.com\/product\/dql5545g-high-speed-automatic-l-bar-type-sealer-sealing-packaging-machine-and-dsc4525l-shrink-tunnel-packager\/\",\"name\":\"DQL5545G High Speed Automatic L bar type Sealer sealing packaging machine and DSC4525L Shrink Tunnel packager - ALF PACK\",\"isPartOf\":{\"@id\":\"https:\/\/alfequipment.com\/#website\"},\"primaryImageOfPage\":{\"@id\":\"https:\/\/alfequipment.com\/product\/dql5545g-high-speed-automatic-l-bar-type-sealer-sealing-packaging-machine-and-dsc4525l-shrink-tunnel-packager\/#primaryimage\"},\"image\":{\"@id\":\"https:\/\/alfequipment.com\/product\/dql5545g-high-speed-automatic-l-bar-type-sealer-sealing-packaging-machine-and-dsc4525l-shrink-tunnel-packager\/#primaryimage\"},\"thumbnailUrl\":\"https:\/\/alfequipment.com\/wp-content\/uploads\/2025\/01\/DQL5545G-High-Speed-Automatic-L-bar-type.jpg\",\"datePublished\":\"2025-01-02T16:23:19+00:00\",\"dateModified\":\"2025-01-14T02:47:59+00:00\",\"breadcrumb\":{\"@id\":\"https:\/\/alfequipment.com\/product\/dql5545g-high-speed-automatic-l-bar-type-sealer-sealing-packaging-machine-and-dsc4525l-shrink-tunnel-packager\/#breadcrumb\"},\"inLanguage\":\"fr-FR\",\"potentialAction\":[{\"@type\":\"ReadAction\",\"target\":[\"https:\/\/alfequipment.com\/product\/dql5545g-high-speed-automatic-l-bar-type-sealer-sealing-packaging-machine-and-dsc4525l-shrink-tunnel-packager\/\"]}]},{\"@type\":\"ImageObject\",\"inLanguage\":\"fr-FR\",\"@id\":\"https:\/\/alfequipment.com\/product\/dql5545g-high-speed-automatic-l-bar-type-sealer-sealing-packaging-machine-and-dsc4525l-shrink-tunnel-packager\/#primaryimage\",\"url\":\"https:\/\/alfequipment.com\/wp-content\/uploads\/2025\/01\/DQL5545G-High-Speed-Automatic-L-bar-type.jpg\",\"contentUrl\":\"https:\/\/alfequipment.com\/wp-content\/uploads\/2025\/01\/DQL5545G-High-Speed-Automatic-L-bar-type.jpg\",\"width\":800,\"height\":800},{\"@type\":\"BreadcrumbList\",\"@id\":\"https:\/\/alfequipment.com\/product\/dql5545g-high-speed-automatic-l-bar-type-sealer-sealing-packaging-machine-and-dsc4525l-shrink-tunnel-packager\/#breadcrumb\",\"itemListElement\":[{\"@type\":\"ListItem\",\"position\":1,\"name\":\"Home\",\"item\":\"https:\/\/alfequipment.com\/\"},{\"@type\":\"ListItem\",\"position\":2,\"name\":\"Shop\",\"item\":\"https:\/\/alfequipment.com\/shop\/\"},{\"@type\":\"ListItem\",\"position\":3,\"name\":\"DQL5545G High Speed Automatic L bar type Sealer sealing packaging machine and DSC4525L Shrink Tunnel packager\"}]},{\"@type\":\"WebSite\",\"@id\":\"https:\/\/alfequipment.com\/#website\",\"url\":\"https:\/\/alfequipment.com\/\",\"name\":\"ALF PACK\",\"description\":\"\",\"publisher\":{\"@id\":\"https:\/\/alfequipment.com\/#organization\"},\"potentialAction\":[{\"@type\":\"SearchAction\",\"target\":{\"@type\":\"EntryPoint\",\"urlTemplate\":\"https:\/\/alfequipment.com\/?s={search_term_string}\"},\"query-input\":{\"@type\":\"PropertyValueSpecification\",\"valueRequired\":true,\"valueName\":\"search_term_string\"}}],\"inLanguage\":\"fr-FR\"},{\"@type\":\"Organization\",\"@id\":\"https:\/\/alfequipment.com\/#organization\",\"name\":\"ALF PACK\",\"url\":\"https:\/\/alfequipment.com\/\",\"logo\":{\"@type\":\"ImageObject\",\"inLanguage\":\"fr-FR\",\"@id\":\"https:\/\/alfequipment.com\/#\/schema\/logo\/image\/\",\"url\":\"https:\/\/alfequipment.com\/wp-content\/uploads\/2024\/11\/ALFlogo-2.webp\",\"contentUrl\":\"https:\/\/alfequipment.com\/wp-content\/uploads\/2024\/11\/ALFlogo-2.webp\",\"width\":758,\"height\":750,\"caption\":\"ALF PACK\"},\"image\":{\"@id\":\"https:\/\/alfequipment.com\/#\/schema\/logo\/image\/\"}}]}<\/script>\n<!-- \/ Yoast SEO Premium plugin. -->","yoast_head_json":{"title":"DQL5545G Machine \u00e0 sceller en L \u00e0 haute vitesse et DSC4525L Tunnel de r\u00e9traction - ALF PACK","robots":{"index":"index","follow":"follow","max-snippet":"max-snippet:-1","max-image-preview":"max-image-preview:large","max-video-preview":"max-video-preview:-1"},"canonical":"https:\/\/alfequipment.com\/fr\/product\/dql5545g-machine-a-sceller-automatique-a-haute-vitesse-et-dsc4525l-tunnel-demballage-par-retraction\/","og_locale":"fr_FR","og_type":"article","og_title":"DQL5545G High Speed Automatic L bar type Sealer sealing packaging machine and DSC4525L Shrink Tunnel packager","og_description":"High Speed Automatic L Sealer And Shrink Tunnel","og_url":"https:\/\/alfequipment.com\/fr\/product\/dql5545g-machine-a-sceller-automatique-a-haute-vitesse-et-dsc4525l-tunnel-demballage-par-retraction\/","og_site_name":"ALF PACK","article_modified_time":"2025-01-14T02:47:59+00:00","og_image":[{"width":800,"height":800,"url":"https:\/\/alfequipment.com\/wp-content\/uploads\/2025\/01\/DQL5545G-High-Speed-Automatic-L-bar-type.jpg","type":"image\/webp"}],"twitter_card":"summary_large_image","twitter_misc":{"Dur\u00e9e de lecture estim\u00e9e":"2 minutes"},"schema":{"@context":"https:\/\/schema.org","@graph":[{"@type":"WebPage","@id":"https:\/\/alfequipment.com\/product\/dql5545g-high-speed-automatic-l-bar-type-sealer-sealing-packaging-machine-and-dsc4525l-shrink-tunnel-packager\/","url":"https:\/\/alfequipment.com\/product\/dql5545g-high-speed-automatic-l-bar-type-sealer-sealing-packaging-machine-and-dsc4525l-shrink-tunnel-packager\/","name":"DQL5545G Machine \u00e0 sceller en L \u00e0 haute vitesse et DSC4525L Tunnel de r\u00e9traction - ALF PACK","isPartOf":{"@id":"https:\/\/alfequipment.com\/#website"},"primaryImageOfPage":{"@id":"https:\/\/alfequipment.com\/product\/dql5545g-high-speed-automatic-l-bar-type-sealer-sealing-packaging-machine-and-dsc4525l-shrink-tunnel-packager\/#primaryimage"},"image":{"@id":"https:\/\/alfequipment.com\/product\/dql5545g-high-speed-automatic-l-bar-type-sealer-sealing-packaging-machine-and-dsc4525l-shrink-tunnel-packager\/#primaryimage"},"thumbnailUrl":"https:\/\/alfequipment.com\/wp-content\/uploads\/2025\/01\/DQL5545G-High-Speed-Automatic-L-bar-type.jpg","datePublished":"2025-01-02T16:23:19+00:00","dateModified":"2025-01-14T02:47:59+00:00","breadcrumb":{"@id":"https:\/\/alfequipment.com\/product\/dql5545g-high-speed-automatic-l-bar-type-sealer-sealing-packaging-machine-and-dsc4525l-shrink-tunnel-packager\/#breadcrumb"},"inLanguage":"fr-FR","potentialAction":[{"@type":"ReadAction","target":["https:\/\/alfequipment.com\/product\/dql5545g-high-speed-automatic-l-bar-type-sealer-sealing-packaging-machine-and-dsc4525l-shrink-tunnel-packager\/"]}]},{"@type":"ImageObject","inLanguage":"fr-FR","@id":"https:\/\/alfequipment.com\/product\/dql5545g-high-speed-automatic-l-bar-type-sealer-sealing-packaging-machine-and-dsc4525l-shrink-tunnel-packager\/#primaryimage","url":"https:\/\/alfequipment.com\/wp-content\/uploads\/2025\/01\/DQL5545G-High-Speed-Automatic-L-bar-type.jpg","contentUrl":"https:\/\/alfequipment.com\/wp-content\/uploads\/2025\/01\/DQL5545G-High-Speed-Automatic-L-bar-type.jpg","width":800,"height":800},{"@type":"BreadcrumbList","@id":"https:\/\/alfequipment.com\/product\/dql5545g-high-speed-automatic-l-bar-type-sealer-sealing-packaging-machine-and-dsc4525l-shrink-tunnel-packager\/#breadcrumb","itemListElement":[{"@type":"ListItem","position":1,"name":"Home","item":"https:\/\/alfequipment.com\/"},{"@type":"ListItem","position":2,"name":"Shop","item":"https:\/\/alfequipment.com\/shop\/"},{"@type":"ListItem","position":3,"name":"DQL5545G High Speed Automatic L bar type Sealer sealing packaging machine and DSC4525L Shrink Tunnel packager"}]},{"@type":"WebSite","@id":"https:\/\/alfequipment.com\/#website","url":"https:\/\/alfequipment.com\/","name":"PACK ALF","description":"","publisher":{"@id":"https:\/\/alfequipment.com\/#organization"},"potentialAction":[{"@type":"SearchAction","target":{"@type":"EntryPoint","urlTemplate":"https:\/\/alfequipment.com\/?s={search_term_string}"},"query-input":{"@type":"PropertyValueSpecification","valueRequired":true,"valueName":"search_term_string"}}],"inLanguage":"fr-FR"},{"@type":"Organization","@id":"https:\/\/alfequipment.com\/#organization","name":"PACK ALF","url":"https:\/\/alfequipment.com\/","logo":{"@type":"ImageObject","inLanguage":"fr-FR","@id":"https:\/\/alfequipment.com\/#\/schema\/logo\/image\/","url":"https:\/\/alfequipment.com\/wp-content\/uploads\/2024\/11\/ALFlogo-2.webp","contentUrl":"https:\/\/alfequipment.com\/wp-content\/uploads\/2024\/11\/ALFlogo-2.webp","width":758,"height":750,"caption":"ALF PACK"},"image":{"@id":"https:\/\/alfequipment.com\/#\/schema\/logo\/image\/"}}]}},"_links":{"self":[{"href":"https:\/\/alfequipment.com\/fr\/wp-json\/wp\/v2\/product\/3036","targetHints":{"allow":["GET"]}}],"collection":[{"href":"https:\/\/alfequipment.com\/fr\/wp-json\/wp\/v2\/product"}],"about":[{"href":"https:\/\/alfequipment.com\/fr\/wp-json\/wp\/v2\/types\/product"}],"replies":[{"embeddable":true,"href":"https:\/\/alfequipment.com\/fr\/wp-json\/wp\/v2\/comments?post=3036"}],"version-history":[{"count":0,"href":"https:\/\/alfequipment.com\/fr\/wp-json\/wp\/v2\/product\/3036\/revisions"}],"wp:featuredmedia":[{"embeddable":true,"href":"https:\/\/alfequipment.com\/fr\/wp-json\/wp\/v2\/media\/3037"}],"wp:attachment":[{"href":"https:\/\/alfequipment.com\/fr\/wp-json\/wp\/v2\/media?parent=3036"}],"wp:term":[{"taxonomy":"product_brand","embeddable":true,"href":"https:\/\/alfequipment.com\/fr\/wp-json\/wp\/v2\/product_brand?post=3036"},{"taxonomy":"product_cat","embeddable":true,"href":"https:\/\/alfequipment.com\/fr\/wp-json\/wp\/v2\/product_cat?post=3036"},{"taxonomy":"product_tag","embeddable":true,"href":"https:\/\/alfequipment.com\/fr\/wp-json\/wp\/v2\/product_tag?post=3036"}],"curies":[{"name":"wp","href":"https:\/\/api.w.org\/{rel}","templated":true}]}}