{"id":3044,"date":"2024-12-28T12:27:08","date_gmt":"2024-12-28T12:27:08","guid":{"rendered":"https:\/\/alfequipment.com\/product\/heat-sealer-psf-450-foot-stamping-sealing-machine-sturdy-and-durable-aluminum-body-for-plastic-bag\/"},"modified":"2025-01-13T13:10:31","modified_gmt":"2025-01-13T13:10:31","slug":"thermosoudeuse-psf-450-machine-a-sceller-a-pied-robuste-et-durable-corps-en-aluminium-pour-sac-plastique","status":"publish","type":"product","link":"https:\/\/alfequipment.com\/fr\/product\/thermosoudeuse-psf-450-machine-a-sceller-a-pied-robuste-et-durable-corps-en-aluminium-pour-sac-plastique\/","title":{"rendered":"Thermosoudeuse PSF-450 Machine \u00e0 sceller \u00e0 pied robuste et durable Corps en aluminium pour sacs en plastique"},"content":{"rendered":"<div id=\"ali-anchor-AliPostDhMb-pyn3o\" style=\"padding-top: 8px;\" data-section=\"AliPostDhMb-pyn3o\" data-section-title=\"Product Description\">\n<div style=\"padding: 10px;\">\n<p><span style=\"line-height: 18px; font-family: Verdana, Arial, Helvetica, sans-serif;\">La machine \u00e0 sceller \u00e0 pied de la s\u00e9rie PSF poss\u00e8de toutes les fonctions des autres machines \u00e0 sceller \u00e0 pied simples. Elle peut sceller le poly\u00e9thyl\u00e8ne, le polypropyl\u00e8ne et les plastiques compos\u00e9s multicouches. Elle peut sceller le poly\u00e9thyl\u00e8ne, le polypropyl\u00e8ne et les plastiques compos\u00e9s multicouches. Elle peut \u00eatre utilis\u00e9e pour sceller les sacs en papier lorsqu'ils sont chauff\u00e9s de haut en bas et gagner en efficacit\u00e9.<\/span><\/p>\n<\/p><\/div>\n<\/div>\n<p>&nbsp;<\/p>\n<p><span style=\"font-size: 14px;\">Sp\u00e9cification :<\/span><\/p>\n<p>&nbsp;<\/p>\n<table class=\"aliDataTable\" style=\"width: 489px;\" border=\"0\" cellspacing=\"0\" cellpadding=\"0\">\n<tbody>\n<tr>\n<td>\n<p>Mod\u00e8le<\/p>\n<\/td>\n<td>\n<p><span style=\"color: #000000;\">PSF-350<\/span><\/p>\n<\/td>\n<td>\n<p><span style=\"color: #ff0000;\">PSF-450<\/span><\/p>\n<\/td>\n<td>\n<p>PSF-650<\/p>\n<\/td>\n<\/tr>\n<tr>\n<td>\n<p>tension<\/p>\n<\/td>\n<td>\n<p><span style=\"color: #000000;\">500W<\/span><\/p>\n<\/td>\n<td>\n<p><span style=\"color: #ff0000;\">1000W<\/span><\/p>\n<\/td>\n<td>\n<p>1200W<\/p>\n<\/td>\n<\/tr>\n<tr>\n<td>\n<p>Longueur d'\u00e9tanch\u00e9it\u00e9<\/p>\n<\/td>\n<td>\n<p><span style=\"color: #000000;\">350 mm<\/span><\/p>\n<\/td>\n<td>\n<p><span style=\"color: #ff0000;\">450mm<\/span><\/p>\n<\/td>\n<td>\n<p>650mm<\/p>\n<\/td>\n<\/tr>\n<tr>\n<td>\n<p>Largeur de scellement<\/p>\n<\/td>\n<td colspan=\"3\">\n<p style=\"text-align: center;\"><span style=\"color: #ff0000;\">8mm<\/span><\/p>\n<\/td>\n<\/tr>\n<tr>\n<td>\n<p>Temps de chauffe<\/p>\n<\/td>\n<td colspan=\"3\">\n<p style=\"text-align: center;\"><span style=\"color: #ff0000;\">0.2-2s<\/span><\/p>\n<\/td>\n<\/tr>\n<tr>\n<td>\n<p>Taille de l'emballage<\/p>\n<\/td>\n<td colspan=\"3\">\n<p style=\"text-align: center;\"><span style=\"color: #ff0000;\">800*530*250mm<\/span><\/p>\n<\/td>\n<\/tr>\n<tr>\n<td>\n<p>Poids de la machine<\/p>\n<\/td>\n<td>\n<p><span style=\"color: #000000;\">18kg<\/span><\/p>\n<\/td>\n<td>\n<p><span style=\"color: #ff0000;\">20 kg<\/span><\/p>\n<\/td>\n<td>\n<p>24 kg<\/p>\n<\/td>\n<\/tr>\n<\/tbody>\n<\/table>\n<p>&nbsp;<\/p><\/p>","protected":false},"excerpt":{"rendered":"<p>Machine \u00e0 sceller \u00e0 chaud Psf-450 Machine \u00e0 sceller \u00e0 pied robuste et durable en aluminium pour sacs en plastique<\/p>","protected":false},"featured_media":3045,"comment_status":"closed","ping_status":"open","template":"","meta":[],"product_brand":[],"product_cat":[97],"product_tag":[],"class_list":{"0":"post-3044","1":"product","2":"type-product","3":"status-publish","4":"has-post-thumbnail","6":"product_cat-sealing-machines","8":"first","9":"instock","10":"sale","11":"purchasable","12":"product-type-simple"},"yoast_head":"<!-- This site is optimized with the Yoast SEO Premium plugin v20.9 (Yoast SEO v26.5) - https:\/\/yoast.com\/wordpress\/plugins\/seo\/ -->\n<title>Heat sealer PSF-450 Foot stamping sealing machine sturdy and durable Aluminum body for plastic bag - ALF PACK<\/title>\n<meta name=\"robots\" content=\"index, follow, max-snippet:-1, max-image-preview:large, max-video-preview:-1\" \/>\n<link rel=\"canonical\" href=\"https:\/\/alfequipment.com\/fr\/product\/thermosoudeuse-psf-450-machine-a-sceller-a-pied-robuste-et-durable-corps-en-aluminium-pour-sac-plastique\/\" \/>\n<meta property=\"og:locale\" content=\"fr_FR\" \/>\n<meta property=\"og:type\" content=\"article\" \/>\n<meta property=\"og:title\" content=\"Heat sealer PSF-450 Foot stamping sealing machine sturdy and durable Aluminum body for plastic bag\" \/>\n<meta property=\"og:description\" content=\"Heat Sealer Psf-450 Foot Stamping Sealing Machine Sturdy And Durable Aluminum Body For Plastic Bag\" \/>\n<meta property=\"og:url\" content=\"https:\/\/alfequipment.com\/fr\/product\/thermosoudeuse-psf-450-machine-a-sceller-a-pied-robuste-et-durable-corps-en-aluminium-pour-sac-plastique\/\" \/>\n<meta property=\"og:site_name\" content=\"ALF PACK\" \/>\n<meta property=\"article:modified_time\" content=\"2025-01-13T13:10:31+00:00\" \/>\n<meta property=\"og:image\" content=\"https:\/\/alfequipment.com\/wp-content\/uploads\/2025\/01\/Heat-sealer-PSF-450-Foot-stamping-sealing.jpg\" \/>\n\t<meta property=\"og:image:width\" content=\"1000\" \/>\n\t<meta property=\"og:image:height\" content=\"1000\" \/>\n\t<meta property=\"og:image:type\" content=\"image\/webp\" \/>\n<meta name=\"twitter:card\" content=\"summary_large_image\" \/>\n<script type=\"application\/ld+json\" class=\"yoast-schema-graph\">{\"@context\":\"https:\/\/schema.org\",\"@graph\":[{\"@type\":\"WebPage\",\"@id\":\"https:\/\/alfequipment.com\/product\/heat-sealer-psf-450-foot-stamping-sealing-machine-sturdy-and-durable-aluminum-body-for-plastic-bag\/\",\"url\":\"https:\/\/alfequipment.com\/product\/heat-sealer-psf-450-foot-stamping-sealing-machine-sturdy-and-durable-aluminum-body-for-plastic-bag\/\",\"name\":\"Heat sealer PSF-450 Foot stamping sealing machine sturdy and durable Aluminum body for plastic bag - ALF PACK\",\"isPartOf\":{\"@id\":\"https:\/\/alfequipment.com\/#website\"},\"primaryImageOfPage\":{\"@id\":\"https:\/\/alfequipment.com\/product\/heat-sealer-psf-450-foot-stamping-sealing-machine-sturdy-and-durable-aluminum-body-for-plastic-bag\/#primaryimage\"},\"image\":{\"@id\":\"https:\/\/alfequipment.com\/product\/heat-sealer-psf-450-foot-stamping-sealing-machine-sturdy-and-durable-aluminum-body-for-plastic-bag\/#primaryimage\"},\"thumbnailUrl\":\"https:\/\/alfequipment.com\/wp-content\/uploads\/2025\/01\/Heat-sealer-PSF-450-Foot-stamping-sealing.jpg\",\"datePublished\":\"2024-12-28T12:27:08+00:00\",\"dateModified\":\"2025-01-13T13:10:31+00:00\",\"breadcrumb\":{\"@id\":\"https:\/\/alfequipment.com\/product\/heat-sealer-psf-450-foot-stamping-sealing-machine-sturdy-and-durable-aluminum-body-for-plastic-bag\/#breadcrumb\"},\"inLanguage\":\"fr-FR\",\"potentialAction\":[{\"@type\":\"ReadAction\",\"target\":[\"https:\/\/alfequipment.com\/product\/heat-sealer-psf-450-foot-stamping-sealing-machine-sturdy-and-durable-aluminum-body-for-plastic-bag\/\"]}]},{\"@type\":\"ImageObject\",\"inLanguage\":\"fr-FR\",\"@id\":\"https:\/\/alfequipment.com\/product\/heat-sealer-psf-450-foot-stamping-sealing-machine-sturdy-and-durable-aluminum-body-for-plastic-bag\/#primaryimage\",\"url\":\"https:\/\/alfequipment.com\/wp-content\/uploads\/2025\/01\/Heat-sealer-PSF-450-Foot-stamping-sealing.jpg\",\"contentUrl\":\"https:\/\/alfequipment.com\/wp-content\/uploads\/2025\/01\/Heat-sealer-PSF-450-Foot-stamping-sealing.jpg\",\"width\":1000,\"height\":1000},{\"@type\":\"BreadcrumbList\",\"@id\":\"https:\/\/alfequipment.com\/product\/heat-sealer-psf-450-foot-stamping-sealing-machine-sturdy-and-durable-aluminum-body-for-plastic-bag\/#breadcrumb\",\"itemListElement\":[{\"@type\":\"ListItem\",\"position\":1,\"name\":\"Home\",\"item\":\"https:\/\/alfequipment.com\/\"},{\"@type\":\"ListItem\",\"position\":2,\"name\":\"Shop\",\"item\":\"https:\/\/alfequipment.com\/shop\/\"},{\"@type\":\"ListItem\",\"position\":3,\"name\":\"Heat sealer PSF-450 Foot stamping sealing machine sturdy and durable Aluminum body for plastic bag\"}]},{\"@type\":\"WebSite\",\"@id\":\"https:\/\/alfequipment.com\/#website\",\"url\":\"https:\/\/alfequipment.com\/\",\"name\":\"ALF PACK\",\"description\":\"\",\"publisher\":{\"@id\":\"https:\/\/alfequipment.com\/#organization\"},\"potentialAction\":[{\"@type\":\"SearchAction\",\"target\":{\"@type\":\"EntryPoint\",\"urlTemplate\":\"https:\/\/alfequipment.com\/?s={search_term_string}\"},\"query-input\":{\"@type\":\"PropertyValueSpecification\",\"valueRequired\":true,\"valueName\":\"search_term_string\"}}],\"inLanguage\":\"fr-FR\"},{\"@type\":\"Organization\",\"@id\":\"https:\/\/alfequipment.com\/#organization\",\"name\":\"ALF PACK\",\"url\":\"https:\/\/alfequipment.com\/\",\"logo\":{\"@type\":\"ImageObject\",\"inLanguage\":\"fr-FR\",\"@id\":\"https:\/\/alfequipment.com\/#\/schema\/logo\/image\/\",\"url\":\"https:\/\/alfequipment.com\/wp-content\/uploads\/2024\/11\/ALFlogo-2.webp\",\"contentUrl\":\"https:\/\/alfequipment.com\/wp-content\/uploads\/2024\/11\/ALFlogo-2.webp\",\"width\":758,\"height\":750,\"caption\":\"ALF PACK\"},\"image\":{\"@id\":\"https:\/\/alfequipment.com\/#\/schema\/logo\/image\/\"}}]}<\/script>\n<!-- \/ Yoast SEO Premium plugin. -->","yoast_head_json":{"title":"Thermosoudeuse PSF-450 Machine \u00e0 sceller \u00e0 pied robuste et durable Corps en aluminium pour sac plastique - ALF PACK","robots":{"index":"index","follow":"follow","max-snippet":"max-snippet:-1","max-image-preview":"max-image-preview:large","max-video-preview":"max-video-preview:-1"},"canonical":"https:\/\/alfequipment.com\/fr\/product\/thermosoudeuse-psf-450-machine-a-sceller-a-pied-robuste-et-durable-corps-en-aluminium-pour-sac-plastique\/","og_locale":"fr_FR","og_type":"article","og_title":"Heat sealer PSF-450 Foot stamping sealing machine sturdy and durable Aluminum body for plastic bag","og_description":"Heat Sealer Psf-450 Foot Stamping Sealing Machine Sturdy And Durable Aluminum Body For Plastic Bag","og_url":"https:\/\/alfequipment.com\/fr\/product\/thermosoudeuse-psf-450-machine-a-sceller-a-pied-robuste-et-durable-corps-en-aluminium-pour-sac-plastique\/","og_site_name":"ALF PACK","article_modified_time":"2025-01-13T13:10:31+00:00","og_image":[{"width":1000,"height":1000,"url":"https:\/\/alfequipment.com\/wp-content\/uploads\/2025\/01\/Heat-sealer-PSF-450-Foot-stamping-sealing.jpg","type":"image\/webp"}],"twitter_card":"summary_large_image","schema":{"@context":"https:\/\/schema.org","@graph":[{"@type":"WebPage","@id":"https:\/\/alfequipment.com\/product\/heat-sealer-psf-450-foot-stamping-sealing-machine-sturdy-and-durable-aluminum-body-for-plastic-bag\/","url":"https:\/\/alfequipment.com\/product\/heat-sealer-psf-450-foot-stamping-sealing-machine-sturdy-and-durable-aluminum-body-for-plastic-bag\/","name":"Thermosoudeuse PSF-450 Machine \u00e0 sceller \u00e0 pied robuste et durable Corps en aluminium pour sac plastique - ALF PACK","isPartOf":{"@id":"https:\/\/alfequipment.com\/#website"},"primaryImageOfPage":{"@id":"https:\/\/alfequipment.com\/product\/heat-sealer-psf-450-foot-stamping-sealing-machine-sturdy-and-durable-aluminum-body-for-plastic-bag\/#primaryimage"},"image":{"@id":"https:\/\/alfequipment.com\/product\/heat-sealer-psf-450-foot-stamping-sealing-machine-sturdy-and-durable-aluminum-body-for-plastic-bag\/#primaryimage"},"thumbnailUrl":"https:\/\/alfequipment.com\/wp-content\/uploads\/2025\/01\/Heat-sealer-PSF-450-Foot-stamping-sealing.jpg","datePublished":"2024-12-28T12:27:08+00:00","dateModified":"2025-01-13T13:10:31+00:00","breadcrumb":{"@id":"https:\/\/alfequipment.com\/product\/heat-sealer-psf-450-foot-stamping-sealing-machine-sturdy-and-durable-aluminum-body-for-plastic-bag\/#breadcrumb"},"inLanguage":"fr-FR","potentialAction":[{"@type":"ReadAction","target":["https:\/\/alfequipment.com\/product\/heat-sealer-psf-450-foot-stamping-sealing-machine-sturdy-and-durable-aluminum-body-for-plastic-bag\/"]}]},{"@type":"ImageObject","inLanguage":"fr-FR","@id":"https:\/\/alfequipment.com\/product\/heat-sealer-psf-450-foot-stamping-sealing-machine-sturdy-and-durable-aluminum-body-for-plastic-bag\/#primaryimage","url":"https:\/\/alfequipment.com\/wp-content\/uploads\/2025\/01\/Heat-sealer-PSF-450-Foot-stamping-sealing.jpg","contentUrl":"https:\/\/alfequipment.com\/wp-content\/uploads\/2025\/01\/Heat-sealer-PSF-450-Foot-stamping-sealing.jpg","width":1000,"height":1000},{"@type":"BreadcrumbList","@id":"https:\/\/alfequipment.com\/product\/heat-sealer-psf-450-foot-stamping-sealing-machine-sturdy-and-durable-aluminum-body-for-plastic-bag\/#breadcrumb","itemListElement":[{"@type":"ListItem","position":1,"name":"Home","item":"https:\/\/alfequipment.com\/"},{"@type":"ListItem","position":2,"name":"Shop","item":"https:\/\/alfequipment.com\/shop\/"},{"@type":"ListItem","position":3,"name":"Heat sealer PSF-450 Foot stamping sealing machine sturdy and durable Aluminum body for plastic bag"}]},{"@type":"WebSite","@id":"https:\/\/alfequipment.com\/#website","url":"https:\/\/alfequipment.com\/","name":"PACK ALF","description":"","publisher":{"@id":"https:\/\/alfequipment.com\/#organization"},"potentialAction":[{"@type":"SearchAction","target":{"@type":"EntryPoint","urlTemplate":"https:\/\/alfequipment.com\/?s={search_term_string}"},"query-input":{"@type":"PropertyValueSpecification","valueRequired":true,"valueName":"search_term_string"}}],"inLanguage":"fr-FR"},{"@type":"Organization","@id":"https:\/\/alfequipment.com\/#organization","name":"PACK ALF","url":"https:\/\/alfequipment.com\/","logo":{"@type":"ImageObject","inLanguage":"fr-FR","@id":"https:\/\/alfequipment.com\/#\/schema\/logo\/image\/","url":"https:\/\/alfequipment.com\/wp-content\/uploads\/2024\/11\/ALFlogo-2.webp","contentUrl":"https:\/\/alfequipment.com\/wp-content\/uploads\/2024\/11\/ALFlogo-2.webp","width":758,"height":750,"caption":"ALF PACK"},"image":{"@id":"https:\/\/alfequipment.com\/#\/schema\/logo\/image\/"}}]}},"_links":{"self":[{"href":"https:\/\/alfequipment.com\/fr\/wp-json\/wp\/v2\/product\/3044","targetHints":{"allow":["GET"]}}],"collection":[{"href":"https:\/\/alfequipment.com\/fr\/wp-json\/wp\/v2\/product"}],"about":[{"href":"https:\/\/alfequipment.com\/fr\/wp-json\/wp\/v2\/types\/product"}],"replies":[{"embeddable":true,"href":"https:\/\/alfequipment.com\/fr\/wp-json\/wp\/v2\/comments?post=3044"}],"version-history":[{"count":0,"href":"https:\/\/alfequipment.com\/fr\/wp-json\/wp\/v2\/product\/3044\/revisions"}],"wp:featuredmedia":[{"embeddable":true,"href":"https:\/\/alfequipment.com\/fr\/wp-json\/wp\/v2\/media\/3045"}],"wp:attachment":[{"href":"https:\/\/alfequipment.com\/fr\/wp-json\/wp\/v2\/media?parent=3044"}],"wp:term":[{"taxonomy":"product_brand","embeddable":true,"href":"https:\/\/alfequipment.com\/fr\/wp-json\/wp\/v2\/product_brand?post=3044"},{"taxonomy":"product_cat","embeddable":true,"href":"https:\/\/alfequipment.com\/fr\/wp-json\/wp\/v2\/product_cat?post=3044"},{"taxonomy":"product_tag","embeddable":true,"href":"https:\/\/alfequipment.com\/fr\/wp-json\/wp\/v2\/product_tag?post=3044"}],"curies":[{"name":"wp","href":"https:\/\/api.w.org\/{rel}","templated":true}]}}