{"id":3050,"date":"2025-01-02T18:35:37","date_gmt":"2025-01-02T18:35:37","guid":{"rendered":"https:\/\/alfequipment.com\/product\/sf-500-heat-sealer-for-plastic-bag-foot-operated-sealing-machine\/"},"modified":"2025-01-13T13:10:40","modified_gmt":"2025-01-13T13:10:40","slug":"sf-500-machine-a-sceller-les-sacs-plastiques-par-le-pied","status":"publish","type":"product","link":"https:\/\/alfequipment.com\/fr\/product\/sf-500-machine-a-sceller-les-sacs-plastiques-par-le-pied\/","title":{"rendered":"SF-500 Machine \u00e0 sceller les sacs plastiques par le pied"},"content":{"rendered":"<div id=\"ali-anchor-AliPostDhMb-wg7f2\" style=\"padding-top: 8px;\" data-section=\"AliPostDhMb-wg7f2\" data-section-title=\"Product Description\">\n<div style=\"padding: 10px;\"><span style=\"font-family: &quot;Times New Roman&quot;; font-size: 12pt;\">La machine \u00e0 sceller \u00e0 pied de la s\u00e9rie SF peut sceller le poly\u00e9thyl\u00e8ne, le polypropyl\u00e8ne et les plastiques compos\u00e9s multicouches. Thermoscellage par le bas d'un c\u00f4t\u00e9. Le temps de chauffe est r\u00e9glable. Le fonctionnement est simple.<\/span><\/div>\n<\/div>\n<p><span style=\"font-family: Times New Roman; font-size: 12pt;\">&nbsp;<\/span><\/p>\n<p><strong><span style=\"font-family: Times New Roman; font-size: 12pt;\">Sp\u00e9cification :<\/span><\/strong><\/p>\n<table class=\"aliDataTable\" border=\"0\" cellspacing=\"0\" cellpadding=\"0\">\n<tbody>\n<tr style=\"height: 14.25pt;\" align=\"middle\">\n<td style=\"width: 97pt; background: white;\" align=\"left\">\n<p><strong><span style=\"font-family: Times New Roman; font-size: 12pt;\">Mod\u00e8le<\/span><\/strong><\/p>\n<\/td>\n<td style=\"width: 93pt; background: white;\">\n<p><span style=\"font-family: Times New Roman; font-size: 12pt;\">SF-400<\/span><\/p>\n<\/td>\n<td style=\"width: 92pt; background: white;\">\n<p><span style=\"font-family: 'Times New Roman'; font-size: 12pt; color: #ff0000;\">SF-500<\/span><\/p>\n<\/td>\n<td style=\"width: 85pt; background: white;\">\n<p><span style=\"font-family: Times New Roman; font-size: 12pt;\">SF-600<\/span><\/p>\n<\/td>\n<\/tr>\n<tr style=\"height: 14.25pt;\" align=\"middle\">\n<td style=\"background: white;\" align=\"left\">\n<p><strong><span style=\"font-family: Times New Roman; font-size: 12pt;\">tension<\/span><\/strong><\/p>\n<\/td>\n<td>\n<p><span style=\"font-family: Times New Roman; font-size: 12pt;\">400W<\/span><\/p>\n<\/td>\n<td style=\"background: white;\">\n<p><span style=\"font-family: 'Times New Roman'; font-size: 12pt; color: #ff0000;\">500W<\/span><\/p>\n<\/td>\n<td>\n<p><span style=\"font-family: Times New Roman; font-size: 12pt;\">600W<\/span><\/p>\n<\/td>\n<\/tr>\n<tr style=\"height: 14.25pt;\" align=\"middle\">\n<td style=\"background: white;\" align=\"left\">\n<p><strong><span style=\"font-family: Times New Roman; font-size: 12pt;\">Longueur d'\u00e9tanch\u00e9it\u00e9<\/span><\/strong><\/p>\n<\/td>\n<td style=\"background: white;\">\n<p><span style=\"font-family: Times New Roman; font-size: 12pt;\">400mm<\/span><\/p>\n<\/td>\n<td style=\"background: white;\">\n<p><span style=\"font-family: 'Times New Roman'; font-size: 12pt; color: #ff0000;\">500mm<\/span><\/p>\n<\/td>\n<td style=\"background: white;\">\n<p><span style=\"font-family: Times New Roman; font-size: 12pt;\">600mm<\/span><\/p>\n<\/td>\n<\/tr>\n<tr style=\"height: 14.25pt;\" align=\"left\">\n<td style=\"background: white;\">\n<p><strong><span style=\"font-family: Times New Roman; font-size: 12pt;\">Largeur de scellement<\/span><\/strong><\/p>\n<\/td>\n<td style=\"width: 270pt; background: white;\" colspan=\"3\" align=\"middle\">\n<p><span style=\"font-family: 'Times New Roman'; font-size: 12pt; color: #ff0000;\">2,5 mm<\/span><\/p>\n<\/td>\n<\/tr>\n<tr style=\"height: 14.25pt;\" align=\"left\">\n<td style=\"background: white;\">\n<p><strong><span style=\"font-family: Times New Roman; font-size: 12pt;\">Temps de chauffe<\/span><\/strong><\/p>\n<\/td>\n<td style=\"background: white;\" colspan=\"3\" align=\"middle\">\n<p><span style=\"font-family: 'Times New Roman'; font-size: 12pt; color: #ff0000;\">0.2-1.5s<\/span><\/p>\n<\/td>\n<\/tr>\n<tr style=\"height: 14.25pt;\" align=\"left\">\n<td style=\"background: white;\">\n<p><strong><span style=\"font-family: Times New Roman; font-size: 12pt;\">Taille de l'emballage<\/span><\/strong><\/p>\n<\/td>\n<td style=\"background: white;\" colspan=\"3\" align=\"middle\">\n<p><span style=\"font-family: 'Times New Roman'; font-size: 12pt; color: #ff0000;\">720*380*215mm<\/span><\/p>\n<\/td>\n<\/tr>\n<tr style=\"height: 14.25pt;\" align=\"middle\">\n<td style=\"background: white;\" align=\"left\">\n<p><strong><span style=\"font-family: Times New Roman; font-size: 12pt;\">Poids de la machine<\/span><\/strong><\/p>\n<\/td>\n<td style=\"background: white;\">\n<p><span style=\"font-family: Times New Roman; font-size: 12pt;\">9,5 kg<\/span><\/p>\n<\/td>\n<td style=\"background: white;\">\n<p><span style=\"font-family: 'Times New Roman'; font-size: 12pt; color: #ff0000;\">10,5 kg<\/span><\/p>\n<\/td>\n<td style=\"background: white;\">\n<p><span style=\"font-family: Times New Roman; font-size: 12pt;\">11,5 kg<\/span><\/p>\n<\/td>\n<\/tr>\n<\/tbody>\n<\/table>\n<p>&nbsp;<\/p>\n<p>&nbsp;<\/p><\/p>","protected":false},"excerpt":{"rendered":"<p>Machine \u00e0 sceller \u00e0 pied de la s\u00e9rie Sf<\/p>","protected":false},"featured_media":3051,"comment_status":"closed","ping_status":"open","template":"","meta":[],"product_brand":[],"product_cat":[97],"product_tag":[],"class_list":{"0":"post-3050","1":"product","2":"type-product","3":"status-publish","4":"has-post-thumbnail","6":"product_cat-sealing-machines","8":"first","9":"instock","10":"sale","11":"purchasable","12":"product-type-simple"},"yoast_head":"<!-- This site is optimized with the Yoast SEO Premium plugin v20.9 (Yoast SEO v26.5) - https:\/\/yoast.com\/wordpress\/plugins\/seo\/ -->\n<title>SF-500 heat sealer for plastic bag foot operated sealing machine - ALF PACK<\/title>\n<meta name=\"robots\" content=\"index, follow, max-snippet:-1, max-image-preview:large, max-video-preview:-1\" \/>\n<link rel=\"canonical\" href=\"https:\/\/alfequipment.com\/fr\/product\/sf-500-machine-a-sceller-les-sacs-plastiques-par-le-pied\/\" \/>\n<meta property=\"og:locale\" content=\"fr_FR\" \/>\n<meta property=\"og:type\" content=\"article\" \/>\n<meta property=\"og:title\" content=\"SF-500 heat sealer for plastic bag foot operated sealing machine\" \/>\n<meta property=\"og:description\" content=\"Sf Series Foot Operated Sealing Machine\" \/>\n<meta property=\"og:url\" content=\"https:\/\/alfequipment.com\/fr\/product\/sf-500-machine-a-sceller-les-sacs-plastiques-par-le-pied\/\" \/>\n<meta property=\"og:site_name\" content=\"ALF PACK\" \/>\n<meta property=\"article:modified_time\" content=\"2025-01-13T13:10:40+00:00\" \/>\n<meta property=\"og:image\" content=\"https:\/\/alfequipment.com\/wp-content\/uploads\/2025\/01\/H19ce71da9df441a5b6c1d5c3bb1a4c8a3.jpg\" \/>\n\t<meta property=\"og:image:width\" content=\"1000\" \/>\n\t<meta property=\"og:image:height\" content=\"1000\" \/>\n\t<meta property=\"og:image:type\" content=\"image\/webp\" \/>\n<meta name=\"twitter:card\" content=\"summary_large_image\" \/>\n<script type=\"application\/ld+json\" class=\"yoast-schema-graph\">{\"@context\":\"https:\/\/schema.org\",\"@graph\":[{\"@type\":\"WebPage\",\"@id\":\"https:\/\/alfequipment.com\/product\/sf-500-heat-sealer-for-plastic-bag-foot-operated-sealing-machine\/\",\"url\":\"https:\/\/alfequipment.com\/product\/sf-500-heat-sealer-for-plastic-bag-foot-operated-sealing-machine\/\",\"name\":\"SF-500 heat sealer for plastic bag foot operated sealing machine - ALF PACK\",\"isPartOf\":{\"@id\":\"https:\/\/alfequipment.com\/#website\"},\"primaryImageOfPage\":{\"@id\":\"https:\/\/alfequipment.com\/product\/sf-500-heat-sealer-for-plastic-bag-foot-operated-sealing-machine\/#primaryimage\"},\"image\":{\"@id\":\"https:\/\/alfequipment.com\/product\/sf-500-heat-sealer-for-plastic-bag-foot-operated-sealing-machine\/#primaryimage\"},\"thumbnailUrl\":\"https:\/\/alfequipment.com\/wp-content\/uploads\/2025\/01\/H19ce71da9df441a5b6c1d5c3bb1a4c8a3.jpg\",\"datePublished\":\"2025-01-02T18:35:37+00:00\",\"dateModified\":\"2025-01-13T13:10:40+00:00\",\"breadcrumb\":{\"@id\":\"https:\/\/alfequipment.com\/product\/sf-500-heat-sealer-for-plastic-bag-foot-operated-sealing-machine\/#breadcrumb\"},\"inLanguage\":\"fr-FR\",\"potentialAction\":[{\"@type\":\"ReadAction\",\"target\":[\"https:\/\/alfequipment.com\/product\/sf-500-heat-sealer-for-plastic-bag-foot-operated-sealing-machine\/\"]}]},{\"@type\":\"ImageObject\",\"inLanguage\":\"fr-FR\",\"@id\":\"https:\/\/alfequipment.com\/product\/sf-500-heat-sealer-for-plastic-bag-foot-operated-sealing-machine\/#primaryimage\",\"url\":\"https:\/\/alfequipment.com\/wp-content\/uploads\/2025\/01\/H19ce71da9df441a5b6c1d5c3bb1a4c8a3.jpg\",\"contentUrl\":\"https:\/\/alfequipment.com\/wp-content\/uploads\/2025\/01\/H19ce71da9df441a5b6c1d5c3bb1a4c8a3.jpg\",\"width\":1000,\"height\":1000},{\"@type\":\"BreadcrumbList\",\"@id\":\"https:\/\/alfequipment.com\/product\/sf-500-heat-sealer-for-plastic-bag-foot-operated-sealing-machine\/#breadcrumb\",\"itemListElement\":[{\"@type\":\"ListItem\",\"position\":1,\"name\":\"Home\",\"item\":\"https:\/\/alfequipment.com\/\"},{\"@type\":\"ListItem\",\"position\":2,\"name\":\"Shop\",\"item\":\"https:\/\/alfequipment.com\/shop\/\"},{\"@type\":\"ListItem\",\"position\":3,\"name\":\"SF-500 heat sealer for plastic bag foot operated sealing machine\"}]},{\"@type\":\"WebSite\",\"@id\":\"https:\/\/alfequipment.com\/#website\",\"url\":\"https:\/\/alfequipment.com\/\",\"name\":\"ALF PACK\",\"description\":\"\",\"publisher\":{\"@id\":\"https:\/\/alfequipment.com\/#organization\"},\"potentialAction\":[{\"@type\":\"SearchAction\",\"target\":{\"@type\":\"EntryPoint\",\"urlTemplate\":\"https:\/\/alfequipment.com\/?s={search_term_string}\"},\"query-input\":{\"@type\":\"PropertyValueSpecification\",\"valueRequired\":true,\"valueName\":\"search_term_string\"}}],\"inLanguage\":\"fr-FR\"},{\"@type\":\"Organization\",\"@id\":\"https:\/\/alfequipment.com\/#organization\",\"name\":\"ALF PACK\",\"url\":\"https:\/\/alfequipment.com\/\",\"logo\":{\"@type\":\"ImageObject\",\"inLanguage\":\"fr-FR\",\"@id\":\"https:\/\/alfequipment.com\/#\/schema\/logo\/image\/\",\"url\":\"https:\/\/alfequipment.com\/wp-content\/uploads\/2024\/11\/ALFlogo-2.webp\",\"contentUrl\":\"https:\/\/alfequipment.com\/wp-content\/uploads\/2024\/11\/ALFlogo-2.webp\",\"width\":758,\"height\":750,\"caption\":\"ALF PACK\"},\"image\":{\"@id\":\"https:\/\/alfequipment.com\/#\/schema\/logo\/image\/\"}}]}<\/script>\n<!-- \/ Yoast SEO Premium plugin. -->","yoast_head_json":{"title":"SF-500 scelleuse de sacs plastiques \u00e0 pied - ALF PACK","robots":{"index":"index","follow":"follow","max-snippet":"max-snippet:-1","max-image-preview":"max-image-preview:large","max-video-preview":"max-video-preview:-1"},"canonical":"https:\/\/alfequipment.com\/fr\/product\/sf-500-machine-a-sceller-les-sacs-plastiques-par-le-pied\/","og_locale":"fr_FR","og_type":"article","og_title":"SF-500 heat sealer for plastic bag foot operated sealing machine","og_description":"Sf Series Foot Operated Sealing Machine","og_url":"https:\/\/alfequipment.com\/fr\/product\/sf-500-machine-a-sceller-les-sacs-plastiques-par-le-pied\/","og_site_name":"ALF PACK","article_modified_time":"2025-01-13T13:10:40+00:00","og_image":[{"width":1000,"height":1000,"url":"https:\/\/alfequipment.com\/wp-content\/uploads\/2025\/01\/H19ce71da9df441a5b6c1d5c3bb1a4c8a3.jpg","type":"image\/webp"}],"twitter_card":"summary_large_image","schema":{"@context":"https:\/\/schema.org","@graph":[{"@type":"WebPage","@id":"https:\/\/alfequipment.com\/product\/sf-500-heat-sealer-for-plastic-bag-foot-operated-sealing-machine\/","url":"https:\/\/alfequipment.com\/product\/sf-500-heat-sealer-for-plastic-bag-foot-operated-sealing-machine\/","name":"SF-500 scelleuse de sacs plastiques \u00e0 pied - ALF PACK","isPartOf":{"@id":"https:\/\/alfequipment.com\/#website"},"primaryImageOfPage":{"@id":"https:\/\/alfequipment.com\/product\/sf-500-heat-sealer-for-plastic-bag-foot-operated-sealing-machine\/#primaryimage"},"image":{"@id":"https:\/\/alfequipment.com\/product\/sf-500-heat-sealer-for-plastic-bag-foot-operated-sealing-machine\/#primaryimage"},"thumbnailUrl":"https:\/\/alfequipment.com\/wp-content\/uploads\/2025\/01\/H19ce71da9df441a5b6c1d5c3bb1a4c8a3.jpg","datePublished":"2025-01-02T18:35:37+00:00","dateModified":"2025-01-13T13:10:40+00:00","breadcrumb":{"@id":"https:\/\/alfequipment.com\/product\/sf-500-heat-sealer-for-plastic-bag-foot-operated-sealing-machine\/#breadcrumb"},"inLanguage":"fr-FR","potentialAction":[{"@type":"ReadAction","target":["https:\/\/alfequipment.com\/product\/sf-500-heat-sealer-for-plastic-bag-foot-operated-sealing-machine\/"]}]},{"@type":"ImageObject","inLanguage":"fr-FR","@id":"https:\/\/alfequipment.com\/product\/sf-500-heat-sealer-for-plastic-bag-foot-operated-sealing-machine\/#primaryimage","url":"https:\/\/alfequipment.com\/wp-content\/uploads\/2025\/01\/H19ce71da9df441a5b6c1d5c3bb1a4c8a3.jpg","contentUrl":"https:\/\/alfequipment.com\/wp-content\/uploads\/2025\/01\/H19ce71da9df441a5b6c1d5c3bb1a4c8a3.jpg","width":1000,"height":1000},{"@type":"BreadcrumbList","@id":"https:\/\/alfequipment.com\/product\/sf-500-heat-sealer-for-plastic-bag-foot-operated-sealing-machine\/#breadcrumb","itemListElement":[{"@type":"ListItem","position":1,"name":"Home","item":"https:\/\/alfequipment.com\/"},{"@type":"ListItem","position":2,"name":"Shop","item":"https:\/\/alfequipment.com\/shop\/"},{"@type":"ListItem","position":3,"name":"SF-500 heat sealer for plastic bag foot operated sealing machine"}]},{"@type":"WebSite","@id":"https:\/\/alfequipment.com\/#website","url":"https:\/\/alfequipment.com\/","name":"PACK ALF","description":"","publisher":{"@id":"https:\/\/alfequipment.com\/#organization"},"potentialAction":[{"@type":"SearchAction","target":{"@type":"EntryPoint","urlTemplate":"https:\/\/alfequipment.com\/?s={search_term_string}"},"query-input":{"@type":"PropertyValueSpecification","valueRequired":true,"valueName":"search_term_string"}}],"inLanguage":"fr-FR"},{"@type":"Organization","@id":"https:\/\/alfequipment.com\/#organization","name":"PACK ALF","url":"https:\/\/alfequipment.com\/","logo":{"@type":"ImageObject","inLanguage":"fr-FR","@id":"https:\/\/alfequipment.com\/#\/schema\/logo\/image\/","url":"https:\/\/alfequipment.com\/wp-content\/uploads\/2024\/11\/ALFlogo-2.webp","contentUrl":"https:\/\/alfequipment.com\/wp-content\/uploads\/2024\/11\/ALFlogo-2.webp","width":758,"height":750,"caption":"ALF PACK"},"image":{"@id":"https:\/\/alfequipment.com\/#\/schema\/logo\/image\/"}}]}},"_links":{"self":[{"href":"https:\/\/alfequipment.com\/fr\/wp-json\/wp\/v2\/product\/3050","targetHints":{"allow":["GET"]}}],"collection":[{"href":"https:\/\/alfequipment.com\/fr\/wp-json\/wp\/v2\/product"}],"about":[{"href":"https:\/\/alfequipment.com\/fr\/wp-json\/wp\/v2\/types\/product"}],"replies":[{"embeddable":true,"href":"https:\/\/alfequipment.com\/fr\/wp-json\/wp\/v2\/comments?post=3050"}],"version-history":[{"count":0,"href":"https:\/\/alfequipment.com\/fr\/wp-json\/wp\/v2\/product\/3050\/revisions"}],"wp:featuredmedia":[{"embeddable":true,"href":"https:\/\/alfequipment.com\/fr\/wp-json\/wp\/v2\/media\/3051"}],"wp:attachment":[{"href":"https:\/\/alfequipment.com\/fr\/wp-json\/wp\/v2\/media?parent=3050"}],"wp:term":[{"taxonomy":"product_brand","embeddable":true,"href":"https:\/\/alfequipment.com\/fr\/wp-json\/wp\/v2\/product_brand?post=3050"},{"taxonomy":"product_cat","embeddable":true,"href":"https:\/\/alfequipment.com\/fr\/wp-json\/wp\/v2\/product_cat?post=3050"},{"taxonomy":"product_tag","embeddable":true,"href":"https:\/\/alfequipment.com\/fr\/wp-json\/wp\/v2\/product_tag?post=3050"}],"curies":[{"name":"wp","href":"https:\/\/api.w.org\/{rel}","templated":true}]}}