{"id":3068,"date":"2024-12-29T21:27:15","date_gmt":"2024-12-29T21:27:15","guid":{"rendered":"https:\/\/alfequipment.com\/product\/lgyf-1900-continuous-induction-sealing-machine-and-automatic-induct-sealer\/"},"modified":"2025-01-13T15:02:40","modified_gmt":"2025-01-13T15:02:40","slug":"lgyf-1900-machine-a-sceller-par-induction-en-continu-et-scelleuse-automatique-a-induction","status":"publish","type":"product","link":"https:\/\/alfequipment.com\/fr\/product\/lgyf-1900-machine-a-sceller-par-induction-en-continu-et-scelleuse-automatique-a-induction\/","title":{"rendered":"Machine \u00e0 sceller par induction en continu LGYF-1900 et scelleuse automatique \u00e0 induction"},"content":{"rendered":"<div data-magic-global=\"%7B%22bizId%22%3A17179933680%2C%22pageId%22%3A21042890867%2C%22siteId%22%3A5005331025%7D\" id=\"detail_decorate_root\">\n<div module-id=\"28341071119\" module-title=\"detailProductNavigation\" render=\"true\" class=\"J_module\">\n<div id=\"ali-anchor-AliMagic-3dj0bn\" data-section=\"AliMagic-3dj0bn\" data-section-title=\"Product Description\" class=\"magic-0\"><b class=\"magic-5\" style=\"font-family: &quot;Times New Roman&quot;;\"><span class=\"magic-6\">La soudeuse \u00e0 induction continue de la s\u00e9rie LGYF utilise le principe de l'induction \u00e9lectromagn\u00e9tique pour produire une chaleur instantan\u00e9e \u00e9lev\u00e9e afin de faire fondre le papier d'aluminium. Elle adh\u00e8re ensuite au trou de la bonde, ce qui permet d'atteindre les objectifs d'\u00e9tanch\u00e9it\u00e9 \u00e0 l'eau, aux fuites et \u00e0 la moisissure, et de prolonger la dur\u00e9e de conservation. Aujourd'hui, cette machine est largement utilis\u00e9e comme machine de scellage d'emballages dans des industries telles que les produits pharmaceutiques, les pesticides, les lubrifiants et les cosm\u00e9tiques. <\/span><font class=\"magic-7\">etc.<\/font><\/b><\/div>\n<\/div>\n<div module-id=\"28341071120\" module-title=\"detailTextContent\" render=\"true\" class=\"J_module\">\n<div class=\"detail-decorate-json-renderer-container\">\n<div class=\"magic-1\">\n<div class=\"magic-2\">\n<div class=\"magic-3\">\n<div class=\"magic-4\">\n<\/p><\/div>\n<\/p><\/div>\n<\/p><\/div>\n<\/p><\/div>\n<\/p><\/div>\n<\/p><\/div>\n<div module-id=\"28341071121\" module-title=\"detailLeftImageRightTable\" render=\"true\" class=\"J_module\">\n<div class=\"detail-decorate-json-renderer-container\">\n<div class=\"magic-1\">\n<div class=\"magic-8\">\n<div class=\"magic-3\">\n<div class=\"magic-9\">\n       <img decoding=\"async\" src=\"https:\/\/sc04.alicdn.com\/kf\/H6414a574f6c7415b95d58dc9b52d8a281\/64496\/H6414a574f6c7415b95d58dc9b52d8a281.jpg\" class=\"aligncenter\">\n      <\/div>\n<\/p><\/div>\n<\/p><\/div>\n<div class=\"magic-11\">\n<div class=\"magic-3\">\n<div class=\"ife-detail-decorate-table\">\n<table class=\"has-title all magic-12\">\n<tbody>\n<tr>\n<td colspan=\"1\" rowspan=\"1\">\n<div class=\"magic-13\">\n            Mod\u00e8le\n           <\/div>\n<\/td>\n<td colspan=\"1\" rowspan=\"1\">\n<div class=\"magic-14\">\n            LGYF-1900\n           <\/div>\n<\/td>\n<\/tr>\n<tr>\n<td colspan=\"1\" rowspan=\"1\">\n<div class=\"magic-13\">\n            tension\n           <\/div>\n<\/td>\n<td colspan=\"1\" rowspan=\"1\">\n<div class=\"magic-14\">\n            220V 50\/60HZ\n           <\/div>\n<\/td>\n<\/tr>\n<tr>\n<td colspan=\"1\" rowspan=\"1\">\n<div class=\"magic-13\">\n            Puissance\n           <\/div>\n<\/td>\n<td colspan=\"1\" rowspan=\"1\">\n<div class=\"magic-14\">\n            2.0KW\n           <\/div>\n<\/td>\n<\/tr>\n<tr>\n<td colspan=\"1\" rowspan=\"1\">\n<div class=\"magic-13\">\n            Capacit\u00e9\n           <\/div>\n<\/td>\n<td colspan=\"1\" rowspan=\"1\">\n<div class=\"magic-14\">\n            2-15m\/min\n           <\/div>\n<\/td>\n<\/tr>\n<tr>\n<td colspan=\"1\" rowspan=\"1\">\n<div class=\"magic-13\">\n            Diam\u00e8tre d'\u00e9tanch\u00e9it\u00e9\n           <\/div>\n<\/td>\n<td colspan=\"1\" rowspan=\"1\">\n<div class=\"magic-14\">\n            60-150 mm(LGYF1900B)<\/p>\n<div>\n             20-60 mm(LGYF1900A)\n            <\/div>\n<\/p><\/div>\n<\/td>\n<\/tr>\n<tr>\n<td colspan=\"1\" rowspan=\"1\">\n<div class=\"magic-13\">\n            Hauteur adapt\u00e9e des bouteilles\n           <\/div>\n<\/td>\n<td colspan=\"1\" rowspan=\"1\">\n<div class=\"magic-14\">\n            20-350mm\n           <\/div>\n<\/td>\n<\/tr>\n<tr>\n<td colspan=\"1\" rowspan=\"1\">\n<div class=\"magic-13\">\n            Poids de la machine\n           <\/div>\n<\/td>\n<td colspan=\"1\" rowspan=\"1\">\n<div class=\"magic-14\">\n            37 kg\n           <\/div>\n<\/td>\n<\/tr>\n<tr>\n<td colspan=\"1\" rowspan=\"1\">\n<div class=\"magic-13\">\n            Taille de la machine\n           <\/div>\n<\/td>\n<td colspan=\"1\" rowspan=\"1\">\n<div class=\"magic-14\">\n            1200\u00d7360\u00d71350mm\n           <\/div>\n<\/td>\n<\/tr>\n<\/tbody>\n<\/table><\/div>\n<\/p><\/div>\n<\/p><\/div>\n<\/p><\/div>\n<\/p><\/div>\n<\/p><\/div>\n<div module-id=\"28341071122\" module-title=\"detailManyImage\" render=\"true\" class=\"J_module\">\n<div class=\"icbu-pc-detailManyImage magic-15\">\n<div class=\"magic-16\">\n    <img decoding=\"async\" src=\"https:\/\/sc04.alicdn.com\/kf\/H23b1e9c5a3bb4802a625cec84ac8bf13x\/64496\/H23b1e9c5a3bb4802a625cec84ac8bf13x.jpg\" class=\"aligncenter\">\n   <\/div>\n<div class=\"magic-18\">\n    <img decoding=\"async\" src=\"https:\/\/sc04.alicdn.com\/kf\/H538ceb4442ef45799f355feb0e8e8299Q\/64496\/H538ceb4442ef45799f355feb0e8e8299Q.jpg\" class=\"aligncenter\">\n   <\/div>\n<\/p><\/div>\n<\/p><\/div>\n<\/div>","protected":false},"excerpt":{"rendered":"<p>Scelleuse automatique \u00e0 induction en continu de haute qualit\u00e9<\/p>","protected":false},"featured_media":3069,"comment_status":"closed","ping_status":"open","template":"","meta":[],"product_brand":[],"product_cat":[120,97],"product_tag":[],"class_list":{"0":"post-3068","1":"product","2":"type-product","3":"status-publish","4":"has-post-thumbnail","6":"product_cat-induction-sealer","7":"product_cat-sealing-machines","9":"first","10":"instock","11":"sale","12":"purchasable","13":"product-type-simple"},"yoast_head":"<!-- This site is optimized with the Yoast SEO Premium plugin v20.9 (Yoast SEO v26.5) - https:\/\/yoast.com\/wordpress\/plugins\/seo\/ -->\n<title>LGYF-1900 Continuous Induction Sealing Machine and automatic induct sealer - ALF PACK<\/title>\n<meta name=\"robots\" content=\"index, follow, max-snippet:-1, max-image-preview:large, max-video-preview:-1\" \/>\n<link rel=\"canonical\" href=\"https:\/\/alfequipment.com\/fr\/product\/lgyf-1900-machine-a-sceller-par-induction-en-continu-et-scelleuse-automatique-a-induction\/\" \/>\n<meta property=\"og:locale\" content=\"fr_FR\" \/>\n<meta property=\"og:type\" content=\"article\" \/>\n<meta property=\"og:title\" content=\"LGYF-1900 Continuous Induction Sealing Machine and automatic induct sealer\" \/>\n<meta property=\"og:description\" content=\"High Quality Continuous Automatic Induction Sealer\" \/>\n<meta property=\"og:url\" content=\"https:\/\/alfequipment.com\/fr\/product\/lgyf-1900-machine-a-sceller-par-induction-en-continu-et-scelleuse-automatique-a-induction\/\" \/>\n<meta property=\"og:site_name\" content=\"ALF PACK\" \/>\n<meta property=\"article:modified_time\" content=\"2025-01-13T15:02:40+00:00\" \/>\n<meta property=\"og:image\" content=\"https:\/\/alfequipment.com\/wp-content\/uploads\/2025\/01\/LGYF-1900-Continuous-Induction-Sealing-Machine-and.jpg\" \/>\n\t<meta property=\"og:image:width\" content=\"1000\" \/>\n\t<meta property=\"og:image:height\" content=\"1000\" \/>\n\t<meta property=\"og:image:type\" content=\"image\/webp\" \/>\n<meta name=\"twitter:card\" content=\"summary_large_image\" \/>\n<script type=\"application\/ld+json\" class=\"yoast-schema-graph\">{\"@context\":\"https:\/\/schema.org\",\"@graph\":[{\"@type\":\"WebPage\",\"@id\":\"https:\/\/alfequipment.com\/product\/lgyf-1900-continuous-induction-sealing-machine-and-automatic-induct-sealer\/\",\"url\":\"https:\/\/alfequipment.com\/product\/lgyf-1900-continuous-induction-sealing-machine-and-automatic-induct-sealer\/\",\"name\":\"LGYF-1900 Continuous Induction Sealing Machine and automatic induct sealer - ALF PACK\",\"isPartOf\":{\"@id\":\"https:\/\/alfequipment.com\/#website\"},\"primaryImageOfPage\":{\"@id\":\"https:\/\/alfequipment.com\/product\/lgyf-1900-continuous-induction-sealing-machine-and-automatic-induct-sealer\/#primaryimage\"},\"image\":{\"@id\":\"https:\/\/alfequipment.com\/product\/lgyf-1900-continuous-induction-sealing-machine-and-automatic-induct-sealer\/#primaryimage\"},\"thumbnailUrl\":\"https:\/\/alfequipment.com\/wp-content\/uploads\/2025\/01\/LGYF-1900-Continuous-Induction-Sealing-Machine-and.jpg\",\"datePublished\":\"2024-12-29T21:27:15+00:00\",\"dateModified\":\"2025-01-13T15:02:40+00:00\",\"breadcrumb\":{\"@id\":\"https:\/\/alfequipment.com\/product\/lgyf-1900-continuous-induction-sealing-machine-and-automatic-induct-sealer\/#breadcrumb\"},\"inLanguage\":\"fr-FR\",\"potentialAction\":[{\"@type\":\"ReadAction\",\"target\":[\"https:\/\/alfequipment.com\/product\/lgyf-1900-continuous-induction-sealing-machine-and-automatic-induct-sealer\/\"]}]},{\"@type\":\"ImageObject\",\"inLanguage\":\"fr-FR\",\"@id\":\"https:\/\/alfequipment.com\/product\/lgyf-1900-continuous-induction-sealing-machine-and-automatic-induct-sealer\/#primaryimage\",\"url\":\"https:\/\/alfequipment.com\/wp-content\/uploads\/2025\/01\/LGYF-1900-Continuous-Induction-Sealing-Machine-and.jpg\",\"contentUrl\":\"https:\/\/alfequipment.com\/wp-content\/uploads\/2025\/01\/LGYF-1900-Continuous-Induction-Sealing-Machine-and.jpg\",\"width\":1000,\"height\":1000},{\"@type\":\"BreadcrumbList\",\"@id\":\"https:\/\/alfequipment.com\/product\/lgyf-1900-continuous-induction-sealing-machine-and-automatic-induct-sealer\/#breadcrumb\",\"itemListElement\":[{\"@type\":\"ListItem\",\"position\":1,\"name\":\"Home\",\"item\":\"https:\/\/alfequipment.com\/\"},{\"@type\":\"ListItem\",\"position\":2,\"name\":\"Shop\",\"item\":\"https:\/\/alfequipment.com\/shop\/\"},{\"@type\":\"ListItem\",\"position\":3,\"name\":\"LGYF-1900 Continuous Induction Sealing Machine and automatic induct sealer\"}]},{\"@type\":\"WebSite\",\"@id\":\"https:\/\/alfequipment.com\/#website\",\"url\":\"https:\/\/alfequipment.com\/\",\"name\":\"ALF PACK\",\"description\":\"\",\"publisher\":{\"@id\":\"https:\/\/alfequipment.com\/#organization\"},\"potentialAction\":[{\"@type\":\"SearchAction\",\"target\":{\"@type\":\"EntryPoint\",\"urlTemplate\":\"https:\/\/alfequipment.com\/?s={search_term_string}\"},\"query-input\":{\"@type\":\"PropertyValueSpecification\",\"valueRequired\":true,\"valueName\":\"search_term_string\"}}],\"inLanguage\":\"fr-FR\"},{\"@type\":\"Organization\",\"@id\":\"https:\/\/alfequipment.com\/#organization\",\"name\":\"ALF PACK\",\"url\":\"https:\/\/alfequipment.com\/\",\"logo\":{\"@type\":\"ImageObject\",\"inLanguage\":\"fr-FR\",\"@id\":\"https:\/\/alfequipment.com\/#\/schema\/logo\/image\/\",\"url\":\"https:\/\/alfequipment.com\/wp-content\/uploads\/2024\/11\/ALFlogo-2.webp\",\"contentUrl\":\"https:\/\/alfequipment.com\/wp-content\/uploads\/2024\/11\/ALFlogo-2.webp\",\"width\":758,\"height\":750,\"caption\":\"ALF PACK\"},\"image\":{\"@id\":\"https:\/\/alfequipment.com\/#\/schema\/logo\/image\/\"}}]}<\/script>\n<!-- \/ Yoast SEO Premium plugin. -->","yoast_head_json":{"title":"Machine \u00e0 sceller par induction en continu LGYF-1900 et soudeuse automatique par induction - ALF PACK","robots":{"index":"index","follow":"follow","max-snippet":"max-snippet:-1","max-image-preview":"max-image-preview:large","max-video-preview":"max-video-preview:-1"},"canonical":"https:\/\/alfequipment.com\/fr\/product\/lgyf-1900-machine-a-sceller-par-induction-en-continu-et-scelleuse-automatique-a-induction\/","og_locale":"fr_FR","og_type":"article","og_title":"LGYF-1900 Continuous Induction Sealing Machine and automatic induct sealer","og_description":"High Quality Continuous Automatic Induction Sealer","og_url":"https:\/\/alfequipment.com\/fr\/product\/lgyf-1900-machine-a-sceller-par-induction-en-continu-et-scelleuse-automatique-a-induction\/","og_site_name":"ALF PACK","article_modified_time":"2025-01-13T15:02:40+00:00","og_image":[{"width":1000,"height":1000,"url":"https:\/\/alfequipment.com\/wp-content\/uploads\/2025\/01\/LGYF-1900-Continuous-Induction-Sealing-Machine-and.jpg","type":"image\/webp"}],"twitter_card":"summary_large_image","schema":{"@context":"https:\/\/schema.org","@graph":[{"@type":"WebPage","@id":"https:\/\/alfequipment.com\/product\/lgyf-1900-continuous-induction-sealing-machine-and-automatic-induct-sealer\/","url":"https:\/\/alfequipment.com\/product\/lgyf-1900-continuous-induction-sealing-machine-and-automatic-induct-sealer\/","name":"Machine \u00e0 sceller par induction en continu LGYF-1900 et soudeuse automatique par induction - ALF PACK","isPartOf":{"@id":"https:\/\/alfequipment.com\/#website"},"primaryImageOfPage":{"@id":"https:\/\/alfequipment.com\/product\/lgyf-1900-continuous-induction-sealing-machine-and-automatic-induct-sealer\/#primaryimage"},"image":{"@id":"https:\/\/alfequipment.com\/product\/lgyf-1900-continuous-induction-sealing-machine-and-automatic-induct-sealer\/#primaryimage"},"thumbnailUrl":"https:\/\/alfequipment.com\/wp-content\/uploads\/2025\/01\/LGYF-1900-Continuous-Induction-Sealing-Machine-and.jpg","datePublished":"2024-12-29T21:27:15+00:00","dateModified":"2025-01-13T15:02:40+00:00","breadcrumb":{"@id":"https:\/\/alfequipment.com\/product\/lgyf-1900-continuous-induction-sealing-machine-and-automatic-induct-sealer\/#breadcrumb"},"inLanguage":"fr-FR","potentialAction":[{"@type":"ReadAction","target":["https:\/\/alfequipment.com\/product\/lgyf-1900-continuous-induction-sealing-machine-and-automatic-induct-sealer\/"]}]},{"@type":"ImageObject","inLanguage":"fr-FR","@id":"https:\/\/alfequipment.com\/product\/lgyf-1900-continuous-induction-sealing-machine-and-automatic-induct-sealer\/#primaryimage","url":"https:\/\/alfequipment.com\/wp-content\/uploads\/2025\/01\/LGYF-1900-Continuous-Induction-Sealing-Machine-and.jpg","contentUrl":"https:\/\/alfequipment.com\/wp-content\/uploads\/2025\/01\/LGYF-1900-Continuous-Induction-Sealing-Machine-and.jpg","width":1000,"height":1000},{"@type":"BreadcrumbList","@id":"https:\/\/alfequipment.com\/product\/lgyf-1900-continuous-induction-sealing-machine-and-automatic-induct-sealer\/#breadcrumb","itemListElement":[{"@type":"ListItem","position":1,"name":"Home","item":"https:\/\/alfequipment.com\/"},{"@type":"ListItem","position":2,"name":"Shop","item":"https:\/\/alfequipment.com\/shop\/"},{"@type":"ListItem","position":3,"name":"LGYF-1900 Continuous Induction Sealing Machine and automatic induct sealer"}]},{"@type":"WebSite","@id":"https:\/\/alfequipment.com\/#website","url":"https:\/\/alfequipment.com\/","name":"PACK ALF","description":"","publisher":{"@id":"https:\/\/alfequipment.com\/#organization"},"potentialAction":[{"@type":"SearchAction","target":{"@type":"EntryPoint","urlTemplate":"https:\/\/alfequipment.com\/?s={search_term_string}"},"query-input":{"@type":"PropertyValueSpecification","valueRequired":true,"valueName":"search_term_string"}}],"inLanguage":"fr-FR"},{"@type":"Organization","@id":"https:\/\/alfequipment.com\/#organization","name":"PACK ALF","url":"https:\/\/alfequipment.com\/","logo":{"@type":"ImageObject","inLanguage":"fr-FR","@id":"https:\/\/alfequipment.com\/#\/schema\/logo\/image\/","url":"https:\/\/alfequipment.com\/wp-content\/uploads\/2024\/11\/ALFlogo-2.webp","contentUrl":"https:\/\/alfequipment.com\/wp-content\/uploads\/2024\/11\/ALFlogo-2.webp","width":758,"height":750,"caption":"ALF PACK"},"image":{"@id":"https:\/\/alfequipment.com\/#\/schema\/logo\/image\/"}}]}},"_links":{"self":[{"href":"https:\/\/alfequipment.com\/fr\/wp-json\/wp\/v2\/product\/3068","targetHints":{"allow":["GET"]}}],"collection":[{"href":"https:\/\/alfequipment.com\/fr\/wp-json\/wp\/v2\/product"}],"about":[{"href":"https:\/\/alfequipment.com\/fr\/wp-json\/wp\/v2\/types\/product"}],"replies":[{"embeddable":true,"href":"https:\/\/alfequipment.com\/fr\/wp-json\/wp\/v2\/comments?post=3068"}],"version-history":[{"count":0,"href":"https:\/\/alfequipment.com\/fr\/wp-json\/wp\/v2\/product\/3068\/revisions"}],"wp:featuredmedia":[{"embeddable":true,"href":"https:\/\/alfequipment.com\/fr\/wp-json\/wp\/v2\/media\/3069"}],"wp:attachment":[{"href":"https:\/\/alfequipment.com\/fr\/wp-json\/wp\/v2\/media?parent=3068"}],"wp:term":[{"taxonomy":"product_brand","embeddable":true,"href":"https:\/\/alfequipment.com\/fr\/wp-json\/wp\/v2\/product_brand?post=3068"},{"taxonomy":"product_cat","embeddable":true,"href":"https:\/\/alfequipment.com\/fr\/wp-json\/wp\/v2\/product_cat?post=3068"},{"taxonomy":"product_tag","embeddable":true,"href":"https:\/\/alfequipment.com\/fr\/wp-json\/wp\/v2\/product_tag?post=3068"}],"curies":[{"name":"wp","href":"https:\/\/api.w.org\/{rel}","templated":true}]}}