{"id":3070,"date":"2024-12-02T06:58:25","date_gmt":"2024-12-02T06:58:25","guid":{"rendered":"https:\/\/alfequipment.com\/product\/lgys-3000-continuous-induction-sealing-machine-and-automatic-induct-sealer\/"},"modified":"2025-01-13T15:02:42","modified_gmt":"2025-01-13T15:02:42","slug":"lgys-3000-machine-a-sceller-en-continu-par-induction-et-scelleuse-automatique-par-induction","status":"publish","type":"product","link":"https:\/\/alfequipment.com\/fr\/product\/lgys-3000-machine-a-sceller-en-continu-par-induction-et-scelleuse-automatique-par-induction\/","title":{"rendered":"LGYS-3000 Machine \u00e0 sceller par induction en continu et scelleuse automatique \u00e0 induction"},"content":{"rendered":"<div data-magic-global=\"%7B%22bizId%22%3A17179933680%2C%22pageId%22%3A21045048421%2C%22siteId%22%3A5005331025%7D\" id=\"detail_decorate_root\">\n<div module-id=\"28333516511\" module-title=\"detailProductNavigation\" render=\"true\" class=\"J_module\">\n<div id=\"ali-anchor-AliMagic-q75d5s\" data-section=\"AliMagic-q75d5s\" data-section-title=\"Product Description\" class=\"magic-0\"><b class=\"magic-5\" style=\"font-family: &quot;Times New Roman&quot;;\">La technologie de scellage par induction \u00e9lectromagn\u00e9tique est une m\u00e9thode de scellage avanc\u00e9e et courante aujourd'hui. Le scellage par induction n'a pas de contact, la vitesse de scellage est rapide et les performances de scellage sont bonnes, ce qui convient pour sceller les bouteilles fabriqu\u00e9es \u00e0 partir de mat\u00e9riaux non m\u00e9talliques tels que le plastique et le verre. Elle est largement utilis\u00e9e dans les industries pharmaceutiques, alimentaires, des boissons, p\u00e9troli\u00e8res, chimiques et autres. Cette machine ne doit pas \u00eatre utilis\u00e9e dans des produits et des lieux inflammables et explosifs.<\/b><\/div>\n<\/div>\n<div module-id=\"28333516512\" module-title=\"detailTextContent\" render=\"true\" class=\"J_module\">\n<div class=\"detail-decorate-json-renderer-container\">\n<div class=\"magic-1\">\n<div class=\"magic-2\">\n<div class=\"magic-3\">\n<div class=\"magic-4\">\n<p><font face=\"Times New Roman\" class=\"magic-5\"><b class=\"magic-5\"><span>Cette machine adopte le principe du chauffage par induction \u00e9lectromagn\u00e9tique. Gr\u00e2ce au chauffage par induction sans contact, la feuille d'aluminium fait instantan\u00e9ment fondre la couche adh\u00e9sive du film de scellage \u00e0 haute temp\u00e9rature. Apr\u00e8s refroidissement, le film de scellage est coll\u00e9 au goulot de la bouteille pour compl\u00e9ter le scellage.<\/span><font class=\"magic-6\"><\/font><\/b><\/font><\/p>\n<\/p><\/div>\n<\/p><\/div>\n<\/p><\/div>\n<\/p><\/div>\n<\/p><\/div>\n<\/p><\/div>\n<div module-id=\"28333516513\" module-title=\"detailLeftImageRightTable\" render=\"true\" class=\"J_module\">\n<div class=\"detail-decorate-json-renderer-container\">\n<div class=\"magic-1\">\n<div class=\"magic-7\">\n<div class=\"magic-3\">\n<div class=\"magic-8\">\n       <img decoding=\"async\" src=\"https:\/\/sc04.alicdn.com\/kf\/H29b7c1d91fc4492380d0591defacf0f95\/64496\/H29b7c1d91fc4492380d0591defacf0f95.jpg\" class=\"aligncenter\">\n      <\/div>\n<\/p><\/div>\n<\/p><\/div>\n<div class=\"magic-10\">\n<div class=\"magic-3\">\n<div class=\"ife-detail-decorate-table\">\n<table class=\"has-title all magic-11\">\n<tbody>\n<tr>\n<td colspan=\"1\" rowspan=\"1\">\n<div class=\"magic-12\">\n            Mod\u00e8le\n           <\/div>\n<\/td>\n<td colspan=\"1\" rowspan=\"1\">\n<div class=\"magic-13\">\n            LGYS-3000\n           <\/div>\n<\/td>\n<\/tr>\n<tr>\n<td colspan=\"1\" rowspan=\"1\">\n<div class=\"magic-12\">\n            tension\n           <\/div>\n<\/td>\n<td colspan=\"1\" rowspan=\"1\">\n<div class=\"magic-13\">\n            220V 50\/60HZ\n           <\/div>\n<\/td>\n<\/tr>\n<tr>\n<td colspan=\"1\" rowspan=\"1\">\n<div class=\"magic-12\">\n            Puissance\n           <\/div>\n<\/td>\n<td colspan=\"1\" rowspan=\"1\">\n<div class=\"magic-13\">\n            3.0KW\n           <\/div>\n<\/td>\n<\/tr>\n<tr>\n<td colspan=\"1\" rowspan=\"1\">\n<div class=\"magic-12\">\n            Capacit\u00e9\n           <\/div>\n<\/td>\n<td colspan=\"1\" rowspan=\"1\">\n<div class=\"magic-13\">\n            6-18m\/min\n           <\/div>\n<\/td>\n<\/tr>\n<tr>\n<td colspan=\"1\" rowspan=\"1\">\n<div class=\"magic-12\">\n            Diam\u00e8tre d'\u00e9tanch\u00e9it\u00e9\n           <\/div>\n<\/td>\n<td colspan=\"1\" rowspan=\"1\">\n<div class=\"magic-13\">\n            20-150 mm\n           <\/div>\n<\/td>\n<\/tr>\n<tr>\n<td colspan=\"1\" rowspan=\"1\">\n<div class=\"magic-12\">\n            Hauteur adapt\u00e9e des bouteilles\n           <\/div>\n<\/td>\n<td colspan=\"1\" rowspan=\"1\">\n<div class=\"magic-13\">\n            20-400mm\n           <\/div>\n<\/td>\n<\/tr>\n<tr>\n<td colspan=\"1\" rowspan=\"1\">\n<div class=\"magic-12\">\n            Poids de la machine principale\n           <\/div>\n<\/td>\n<td colspan=\"1\" rowspan=\"1\">\n<div class=\"magic-13\">\n            108 kg\n           <\/div>\n<\/td>\n<\/tr>\n<tr>\n<td colspan=\"1\" rowspan=\"1\">\n<div class=\"magic-12\">\n            Poids du convoyeur\n           <\/div>\n<\/td>\n<td colspan=\"1\" rowspan=\"1\">\n<div class=\"magic-13\">\n            60KG\n           <\/div>\n<\/td>\n<\/tr>\n<tr>\n<td colspan=\"1\" rowspan=\"1\">\n<div class=\"magic-12\">\n            Taille de la machine principale\n           <\/div>\n<\/td>\n<td colspan=\"1\" rowspan=\"1\">\n<div class=\"magic-13\">\n            680\u00d7570\u00d71400mm\n           <\/div>\n<\/td>\n<\/tr>\n<tr>\n<td colspan=\"1\" rowspan=\"1\">\n<div class=\"magic-12\">\n            Taille du convoyeur\n           <\/div>\n<\/td>\n<td colspan=\"1\" rowspan=\"1\">\n<div class=\"magic-13\">\n            1880\u00d7570\u00d7900\n           <\/div>\n<\/td>\n<\/tr>\n<tr>\n<td colspan=\"1\" rowspan=\"1\">\n<div class=\"magic-12\">\n            Poids de chargement de la bande transporteuse\n           <\/div>\n<\/td>\n<td colspan=\"1\" rowspan=\"1\">\n<div class=\"magic-13\">\n            50KG\n           <\/div>\n<\/td>\n<\/tr>\n<\/tbody>\n<\/table><\/div>\n<\/p><\/div>\n<\/p><\/div>\n<\/p><\/div>\n<\/p><\/div>\n<\/p><\/div>\n<div module-id=\"28333516514\" module-title=\"detailManyImage\" render=\"true\" class=\"J_module\">\n<div class=\"icbu-pc-detailManyImage magic-14\">\n<div class=\"magic-15\">\n    <img decoding=\"async\" src=\"https:\/\/sc04.alicdn.com\/kf\/H3fa5fda2de5b40b8ba12c0cdc2edd0b3D\/64496\/H3fa5fda2de5b40b8ba12c0cdc2edd0b3D.jpg\" class=\"aligncenter\">\n   <\/div>\n<div class=\"magic-15\">\n    <img decoding=\"async\" src=\"https:\/\/sc04.alicdn.com\/kf\/Hedd4798ba5d9408fbc762f261b0fc8dcV\/64496\/Hedd4798ba5d9408fbc762f261b0fc8dcV.jpg\" class=\"aligncenter\">\n   <\/div>\n<\/p><\/div>\n<\/p><\/div>\n<div module-id=\"28339194054\" module-title=\"detailSingleImage\" render=\"true\" class=\"J_module\">\n<div class=\"icbu-pc-images magic-17\">\n<div>\n<div class=\"flex-layout-v\">\n<div class=\"flex-layout-h magic-17\">\n<div class=\"magic-18\">\n       <img decoding=\"async\" src=\"https:\/\/sc04.alicdn.com\/kf\/He40a286b6146423daf3dca97e443fbf8R\/64496\/He40a286b6146423daf3dca97e443fbf8R.jpg\" class=\"aligncenter\">\n      <\/div>\n<\/p><\/div>\n<\/p><\/div>\n<\/p><\/div>\n<\/p><\/div>\n<\/p><\/div>\n<\/div>","protected":false},"excerpt":{"rendered":"<p>Scelleuse automatique \u00e0 induction en continu de haute qualit\u00e9<\/p>","protected":false},"featured_media":3071,"comment_status":"closed","ping_status":"open","template":"","meta":[],"product_brand":[],"product_cat":[120,97],"product_tag":[],"class_list":{"0":"post-3070","1":"product","2":"type-product","3":"status-publish","4":"has-post-thumbnail","6":"product_cat-induction-sealer","7":"product_cat-sealing-machines","9":"first","10":"instock","11":"sale","12":"purchasable","13":"product-type-simple"},"yoast_head":"<!-- This site is optimized with the Yoast SEO Premium plugin v20.9 (Yoast SEO v26.5) - https:\/\/yoast.com\/wordpress\/plugins\/seo\/ -->\n<title>LGYS-3000 Continuous Induction Sealing Machine and automatic induct sealer - ALF PACK<\/title>\n<meta name=\"robots\" content=\"index, follow, max-snippet:-1, max-image-preview:large, max-video-preview:-1\" \/>\n<link rel=\"canonical\" href=\"https:\/\/alfequipment.com\/fr\/product\/lgys-3000-machine-a-sceller-en-continu-par-induction-et-scelleuse-automatique-par-induction\/\" \/>\n<meta property=\"og:locale\" content=\"fr_FR\" \/>\n<meta property=\"og:type\" content=\"article\" \/>\n<meta property=\"og:title\" content=\"LGYS-3000 Continuous Induction Sealing Machine and automatic induct sealer\" \/>\n<meta property=\"og:description\" content=\"High Quality Continuous Automatic Induction Sealer\" \/>\n<meta property=\"og:url\" content=\"https:\/\/alfequipment.com\/fr\/product\/lgys-3000-machine-a-sceller-en-continu-par-induction-et-scelleuse-automatique-par-induction\/\" \/>\n<meta property=\"og:site_name\" content=\"ALF PACK\" \/>\n<meta property=\"article:modified_time\" content=\"2025-01-13T15:02:42+00:00\" \/>\n<meta property=\"og:image\" content=\"https:\/\/alfequipment.com\/wp-content\/uploads\/2025\/01\/LGYS-3000-Continuous-Induction-Sealing-Machine-and.jpg\" \/>\n\t<meta property=\"og:image:width\" content=\"1000\" \/>\n\t<meta property=\"og:image:height\" content=\"1000\" \/>\n\t<meta property=\"og:image:type\" content=\"image\/webp\" \/>\n<meta name=\"twitter:card\" content=\"summary_large_image\" \/>\n<meta name=\"twitter:label1\" content=\"Dur\u00e9e de lecture estim\u00e9e\" \/>\n\t<meta name=\"twitter:data1\" content=\"1 minute\" \/>\n<script type=\"application\/ld+json\" class=\"yoast-schema-graph\">{\"@context\":\"https:\/\/schema.org\",\"@graph\":[{\"@type\":\"WebPage\",\"@id\":\"https:\/\/alfequipment.com\/product\/lgys-3000-continuous-induction-sealing-machine-and-automatic-induct-sealer\/\",\"url\":\"https:\/\/alfequipment.com\/product\/lgys-3000-continuous-induction-sealing-machine-and-automatic-induct-sealer\/\",\"name\":\"LGYS-3000 Continuous Induction Sealing Machine and automatic induct sealer - ALF PACK\",\"isPartOf\":{\"@id\":\"https:\/\/alfequipment.com\/#website\"},\"primaryImageOfPage\":{\"@id\":\"https:\/\/alfequipment.com\/product\/lgys-3000-continuous-induction-sealing-machine-and-automatic-induct-sealer\/#primaryimage\"},\"image\":{\"@id\":\"https:\/\/alfequipment.com\/product\/lgys-3000-continuous-induction-sealing-machine-and-automatic-induct-sealer\/#primaryimage\"},\"thumbnailUrl\":\"https:\/\/alfequipment.com\/wp-content\/uploads\/2025\/01\/LGYS-3000-Continuous-Induction-Sealing-Machine-and.jpg\",\"datePublished\":\"2024-12-02T06:58:25+00:00\",\"dateModified\":\"2025-01-13T15:02:42+00:00\",\"breadcrumb\":{\"@id\":\"https:\/\/alfequipment.com\/product\/lgys-3000-continuous-induction-sealing-machine-and-automatic-induct-sealer\/#breadcrumb\"},\"inLanguage\":\"fr-FR\",\"potentialAction\":[{\"@type\":\"ReadAction\",\"target\":[\"https:\/\/alfequipment.com\/product\/lgys-3000-continuous-induction-sealing-machine-and-automatic-induct-sealer\/\"]}]},{\"@type\":\"ImageObject\",\"inLanguage\":\"fr-FR\",\"@id\":\"https:\/\/alfequipment.com\/product\/lgys-3000-continuous-induction-sealing-machine-and-automatic-induct-sealer\/#primaryimage\",\"url\":\"https:\/\/alfequipment.com\/wp-content\/uploads\/2025\/01\/LGYS-3000-Continuous-Induction-Sealing-Machine-and.jpg\",\"contentUrl\":\"https:\/\/alfequipment.com\/wp-content\/uploads\/2025\/01\/LGYS-3000-Continuous-Induction-Sealing-Machine-and.jpg\",\"width\":1000,\"height\":1000},{\"@type\":\"BreadcrumbList\",\"@id\":\"https:\/\/alfequipment.com\/product\/lgys-3000-continuous-induction-sealing-machine-and-automatic-induct-sealer\/#breadcrumb\",\"itemListElement\":[{\"@type\":\"ListItem\",\"position\":1,\"name\":\"Home\",\"item\":\"https:\/\/alfequipment.com\/\"},{\"@type\":\"ListItem\",\"position\":2,\"name\":\"Shop\",\"item\":\"https:\/\/alfequipment.com\/shop\/\"},{\"@type\":\"ListItem\",\"position\":3,\"name\":\"LGYS-3000 Continuous Induction Sealing Machine and automatic induct sealer\"}]},{\"@type\":\"WebSite\",\"@id\":\"https:\/\/alfequipment.com\/#website\",\"url\":\"https:\/\/alfequipment.com\/\",\"name\":\"ALF PACK\",\"description\":\"\",\"publisher\":{\"@id\":\"https:\/\/alfequipment.com\/#organization\"},\"potentialAction\":[{\"@type\":\"SearchAction\",\"target\":{\"@type\":\"EntryPoint\",\"urlTemplate\":\"https:\/\/alfequipment.com\/?s={search_term_string}\"},\"query-input\":{\"@type\":\"PropertyValueSpecification\",\"valueRequired\":true,\"valueName\":\"search_term_string\"}}],\"inLanguage\":\"fr-FR\"},{\"@type\":\"Organization\",\"@id\":\"https:\/\/alfequipment.com\/#organization\",\"name\":\"ALF PACK\",\"url\":\"https:\/\/alfequipment.com\/\",\"logo\":{\"@type\":\"ImageObject\",\"inLanguage\":\"fr-FR\",\"@id\":\"https:\/\/alfequipment.com\/#\/schema\/logo\/image\/\",\"url\":\"https:\/\/alfequipment.com\/wp-content\/uploads\/2024\/11\/ALFlogo-2.webp\",\"contentUrl\":\"https:\/\/alfequipment.com\/wp-content\/uploads\/2024\/11\/ALFlogo-2.webp\",\"width\":758,\"height\":750,\"caption\":\"ALF PACK\"},\"image\":{\"@id\":\"https:\/\/alfequipment.com\/#\/schema\/logo\/image\/\"}}]}<\/script>\n<!-- \/ Yoast SEO Premium plugin. -->","yoast_head_json":{"title":"LGYS-3000 Machine \u00e0 sceller par induction en continu et scelleuse automatique \u00e0 induction - ALF PACK","robots":{"index":"index","follow":"follow","max-snippet":"max-snippet:-1","max-image-preview":"max-image-preview:large","max-video-preview":"max-video-preview:-1"},"canonical":"https:\/\/alfequipment.com\/fr\/product\/lgys-3000-machine-a-sceller-en-continu-par-induction-et-scelleuse-automatique-par-induction\/","og_locale":"fr_FR","og_type":"article","og_title":"LGYS-3000 Continuous Induction Sealing Machine and automatic induct sealer","og_description":"High Quality Continuous Automatic Induction Sealer","og_url":"https:\/\/alfequipment.com\/fr\/product\/lgys-3000-machine-a-sceller-en-continu-par-induction-et-scelleuse-automatique-par-induction\/","og_site_name":"ALF PACK","article_modified_time":"2025-01-13T15:02:42+00:00","og_image":[{"width":1000,"height":1000,"url":"https:\/\/alfequipment.com\/wp-content\/uploads\/2025\/01\/LGYS-3000-Continuous-Induction-Sealing-Machine-and.jpg","type":"image\/webp"}],"twitter_card":"summary_large_image","twitter_misc":{"Dur\u00e9e de lecture estim\u00e9e":"1 minute"},"schema":{"@context":"https:\/\/schema.org","@graph":[{"@type":"WebPage","@id":"https:\/\/alfequipment.com\/product\/lgys-3000-continuous-induction-sealing-machine-and-automatic-induct-sealer\/","url":"https:\/\/alfequipment.com\/product\/lgys-3000-continuous-induction-sealing-machine-and-automatic-induct-sealer\/","name":"LGYS-3000 Machine \u00e0 sceller par induction en continu et scelleuse automatique \u00e0 induction - ALF PACK","isPartOf":{"@id":"https:\/\/alfequipment.com\/#website"},"primaryImageOfPage":{"@id":"https:\/\/alfequipment.com\/product\/lgys-3000-continuous-induction-sealing-machine-and-automatic-induct-sealer\/#primaryimage"},"image":{"@id":"https:\/\/alfequipment.com\/product\/lgys-3000-continuous-induction-sealing-machine-and-automatic-induct-sealer\/#primaryimage"},"thumbnailUrl":"https:\/\/alfequipment.com\/wp-content\/uploads\/2025\/01\/LGYS-3000-Continuous-Induction-Sealing-Machine-and.jpg","datePublished":"2024-12-02T06:58:25+00:00","dateModified":"2025-01-13T15:02:42+00:00","breadcrumb":{"@id":"https:\/\/alfequipment.com\/product\/lgys-3000-continuous-induction-sealing-machine-and-automatic-induct-sealer\/#breadcrumb"},"inLanguage":"fr-FR","potentialAction":[{"@type":"ReadAction","target":["https:\/\/alfequipment.com\/product\/lgys-3000-continuous-induction-sealing-machine-and-automatic-induct-sealer\/"]}]},{"@type":"ImageObject","inLanguage":"fr-FR","@id":"https:\/\/alfequipment.com\/product\/lgys-3000-continuous-induction-sealing-machine-and-automatic-induct-sealer\/#primaryimage","url":"https:\/\/alfequipment.com\/wp-content\/uploads\/2025\/01\/LGYS-3000-Continuous-Induction-Sealing-Machine-and.jpg","contentUrl":"https:\/\/alfequipment.com\/wp-content\/uploads\/2025\/01\/LGYS-3000-Continuous-Induction-Sealing-Machine-and.jpg","width":1000,"height":1000},{"@type":"BreadcrumbList","@id":"https:\/\/alfequipment.com\/product\/lgys-3000-continuous-induction-sealing-machine-and-automatic-induct-sealer\/#breadcrumb","itemListElement":[{"@type":"ListItem","position":1,"name":"Home","item":"https:\/\/alfequipment.com\/"},{"@type":"ListItem","position":2,"name":"Shop","item":"https:\/\/alfequipment.com\/shop\/"},{"@type":"ListItem","position":3,"name":"LGYS-3000 Continuous Induction Sealing Machine and automatic induct sealer"}]},{"@type":"WebSite","@id":"https:\/\/alfequipment.com\/#website","url":"https:\/\/alfequipment.com\/","name":"PACK ALF","description":"","publisher":{"@id":"https:\/\/alfequipment.com\/#organization"},"potentialAction":[{"@type":"SearchAction","target":{"@type":"EntryPoint","urlTemplate":"https:\/\/alfequipment.com\/?s={search_term_string}"},"query-input":{"@type":"PropertyValueSpecification","valueRequired":true,"valueName":"search_term_string"}}],"inLanguage":"fr-FR"},{"@type":"Organization","@id":"https:\/\/alfequipment.com\/#organization","name":"PACK ALF","url":"https:\/\/alfequipment.com\/","logo":{"@type":"ImageObject","inLanguage":"fr-FR","@id":"https:\/\/alfequipment.com\/#\/schema\/logo\/image\/","url":"https:\/\/alfequipment.com\/wp-content\/uploads\/2024\/11\/ALFlogo-2.webp","contentUrl":"https:\/\/alfequipment.com\/wp-content\/uploads\/2024\/11\/ALFlogo-2.webp","width":758,"height":750,"caption":"ALF PACK"},"image":{"@id":"https:\/\/alfequipment.com\/#\/schema\/logo\/image\/"}}]}},"_links":{"self":[{"href":"https:\/\/alfequipment.com\/fr\/wp-json\/wp\/v2\/product\/3070","targetHints":{"allow":["GET"]}}],"collection":[{"href":"https:\/\/alfequipment.com\/fr\/wp-json\/wp\/v2\/product"}],"about":[{"href":"https:\/\/alfequipment.com\/fr\/wp-json\/wp\/v2\/types\/product"}],"replies":[{"embeddable":true,"href":"https:\/\/alfequipment.com\/fr\/wp-json\/wp\/v2\/comments?post=3070"}],"version-history":[{"count":0,"href":"https:\/\/alfequipment.com\/fr\/wp-json\/wp\/v2\/product\/3070\/revisions"}],"wp:featuredmedia":[{"embeddable":true,"href":"https:\/\/alfequipment.com\/fr\/wp-json\/wp\/v2\/media\/3071"}],"wp:attachment":[{"href":"https:\/\/alfequipment.com\/fr\/wp-json\/wp\/v2\/media?parent=3070"}],"wp:term":[{"taxonomy":"product_brand","embeddable":true,"href":"https:\/\/alfequipment.com\/fr\/wp-json\/wp\/v2\/product_brand?post=3070"},{"taxonomy":"product_cat","embeddable":true,"href":"https:\/\/alfequipment.com\/fr\/wp-json\/wp\/v2\/product_cat?post=3070"},{"taxonomy":"product_tag","embeddable":true,"href":"https:\/\/alfequipment.com\/fr\/wp-json\/wp\/v2\/product_tag?post=3070"}],"curies":[{"name":"wp","href":"https:\/\/api.w.org\/{rel}","templated":true}]}}