{"id":3074,"date":"2025-01-11T09:47:45","date_gmt":"2025-01-11T09:47:45","guid":{"rendered":"https:\/\/alfequipment.com\/product\/lgyf-2000ax-continuous-induction-sealing-machine-for-plastic-bottle\/"},"modified":"2025-01-13T15:02:38","modified_gmt":"2025-01-13T15:02:38","slug":"lgyf-2000ax-machine-a-sceller-en-continu-par-induction-pour-bouteilles-en-plastique","status":"publish","type":"product","link":"https:\/\/alfequipment.com\/fr\/product\/lgyf-2000ax-machine-a-sceller-en-continu-par-induction-pour-bouteilles-en-plastique\/","title":{"rendered":"Machine \u00e0 sceller par induction en continu LGYF-2000AX pour bouteilles en plastique"},"content":{"rendered":"<div id=\"ali-anchor-AliPostDhMb-j98w5\" style=\"padding-top: 8px;\" data-section=\"AliPostDhMb-j98w5\" data-section-title=\"Product Description\">\n<div style=\"padding: 10px;\">\n<p><span style=\"font-family: Verdana, Arial, Helvetica, sans-serif;\">La soudeuse \u00e0 induction continue LGYF-2000AX utilise le principe de l'induction \u00e9lectromagn\u00e9tique pour produire une chaleur \u00e9lev\u00e9e instantan\u00e9e afin de faire fondre le papier d'aluminium. Elle adh\u00e8re ensuite au trou de la bonde, ce qui permet d'atteindre les objectifs d'\u00e9tanch\u00e9it\u00e9 \u00e0 l'eau, aux fuites et \u00e0 la moisissure, et de prolonger la dur\u00e9e de conservation. Aujourd'hui, cette machine est largement utilis\u00e9e comme machine \u00e0 sceller les emballages dans les industries telles que les produits pharmaceutiques, les pesticides, les lubrifiants et les cosm\u00e9tiques, etc.<\/span><\/p>\n<\/p><\/div>\n<\/div>\n<p>&nbsp;<span style=\"line-height: 24px; font-size: 16px; font-family: Verdana, Arial, Helvetica, sans-serif;\">Sp\u00e9cification :<\/span><\/p>\n<p>&nbsp;<\/p>\n<table class=\"aliDataTable\" style=\"width: 405px;\" border=\"0\" cellspacing=\"0\" cellpadding=\"0\">\n<tbody>\n<tr>\n<td>\n<p>Mod\u00e8le<\/p>\n<\/td>\n<td>\n<p>LGYF-2000AX<\/p>\n<\/td>\n<\/tr>\n<tr>\n<td>\n<p>tension<\/p>\n<\/td>\n<td>\n<p>220V 50\/60HZ<\/p>\n<\/td>\n<\/tr>\n<tr>\n<td>\n<p>Puissance<\/p>\n<\/td>\n<td>\n<p>1,5KW<\/p>\n<\/td>\n<\/tr>\n<tr>\n<td>\n<p>Capacit\u00e9<\/p>\n<\/td>\n<td>\n<p>0-12m\/min<\/p>\n<\/td>\n<\/tr>\n<tr>\n<td>\n<p>Diam\u00e8tre d'\u00e9tanch\u00e9it\u00e9<\/p>\n<\/td>\n<td>\n<p>20-130mm<\/p>\n<\/td>\n<\/tr>\n<tr>\n<td>\n<p>Hauteur adapt\u00e9e des bouteilles<\/p>\n<\/td>\n<td>\n<p>40-400mm<\/p>\n<\/td>\n<\/tr>\n<tr>\n<td>\n<p>Poids de la machine<\/p>\n<\/td>\n<td>\n<p>72 kg<\/p>\n<\/td>\n<\/tr>\n<tr>\n<td>\n<p>Taille de la machine<\/p>\n<\/td>\n<td>\n<p>1550*550*1350mm<\/p>\n<\/td>\n<\/tr>\n<\/tbody>\n<\/table>\n<p>&nbsp;<\/p><\/p>","protected":false},"excerpt":{"rendered":"<p>Machine \u00e0 sceller par induction en continu pour bouteilles en plastique<\/p>","protected":false},"featured_media":3075,"comment_status":"closed","ping_status":"open","template":"","meta":[],"product_brand":[],"product_cat":[120,97],"product_tag":[],"class_list":{"0":"post-3074","1":"product","2":"type-product","3":"status-publish","4":"has-post-thumbnail","6":"product_cat-induction-sealer","7":"product_cat-sealing-machines","9":"first","10":"instock","11":"sale","12":"purchasable","13":"product-type-simple"},"yoast_head":"<!-- This site is optimized with the Yoast SEO Premium plugin v20.9 (Yoast SEO v26.5) - https:\/\/yoast.com\/wordpress\/plugins\/seo\/ -->\n<title>LGYF-2000AX Continuous Induction Sealing Machine for plastic bottle - ALF PACK<\/title>\n<meta name=\"robots\" content=\"index, follow, max-snippet:-1, max-image-preview:large, max-video-preview:-1\" \/>\n<link rel=\"canonical\" href=\"https:\/\/alfequipment.com\/fr\/product\/lgyf-2000ax-machine-a-sceller-en-continu-par-induction-pour-bouteilles-en-plastique\/\" \/>\n<meta property=\"og:locale\" content=\"fr_FR\" \/>\n<meta property=\"og:type\" content=\"article\" \/>\n<meta property=\"og:title\" content=\"LGYF-2000AX Continuous Induction Sealing Machine for plastic bottle\" \/>\n<meta property=\"og:description\" content=\"Continuous Induction Sealing Machine For Plastic Bottle\" \/>\n<meta property=\"og:url\" content=\"https:\/\/alfequipment.com\/fr\/product\/lgyf-2000ax-machine-a-sceller-en-continu-par-induction-pour-bouteilles-en-plastique\/\" \/>\n<meta property=\"og:site_name\" content=\"ALF PACK\" \/>\n<meta property=\"article:modified_time\" content=\"2025-01-13T15:02:38+00:00\" \/>\n<meta property=\"og:image\" content=\"https:\/\/alfequipment.com\/wp-content\/uploads\/2025\/01\/LGYF-2000AX-Continuous-Induction-Sealing-Machine-for.jpg\" \/>\n\t<meta property=\"og:image:width\" content=\"800\" \/>\n\t<meta property=\"og:image:height\" content=\"800\" \/>\n\t<meta property=\"og:image:type\" content=\"image\/webp\" \/>\n<meta name=\"twitter:card\" content=\"summary_large_image\" \/>\n<script type=\"application\/ld+json\" class=\"yoast-schema-graph\">{\"@context\":\"https:\/\/schema.org\",\"@graph\":[{\"@type\":\"WebPage\",\"@id\":\"https:\/\/alfequipment.com\/product\/lgyf-2000ax-continuous-induction-sealing-machine-for-plastic-bottle\/\",\"url\":\"https:\/\/alfequipment.com\/product\/lgyf-2000ax-continuous-induction-sealing-machine-for-plastic-bottle\/\",\"name\":\"LGYF-2000AX Continuous Induction Sealing Machine for plastic bottle - ALF PACK\",\"isPartOf\":{\"@id\":\"https:\/\/alfequipment.com\/#website\"},\"primaryImageOfPage\":{\"@id\":\"https:\/\/alfequipment.com\/product\/lgyf-2000ax-continuous-induction-sealing-machine-for-plastic-bottle\/#primaryimage\"},\"image\":{\"@id\":\"https:\/\/alfequipment.com\/product\/lgyf-2000ax-continuous-induction-sealing-machine-for-plastic-bottle\/#primaryimage\"},\"thumbnailUrl\":\"https:\/\/alfequipment.com\/wp-content\/uploads\/2025\/01\/LGYF-2000AX-Continuous-Induction-Sealing-Machine-for.jpg\",\"datePublished\":\"2025-01-11T09:47:45+00:00\",\"dateModified\":\"2025-01-13T15:02:38+00:00\",\"breadcrumb\":{\"@id\":\"https:\/\/alfequipment.com\/product\/lgyf-2000ax-continuous-induction-sealing-machine-for-plastic-bottle\/#breadcrumb\"},\"inLanguage\":\"fr-FR\",\"potentialAction\":[{\"@type\":\"ReadAction\",\"target\":[\"https:\/\/alfequipment.com\/product\/lgyf-2000ax-continuous-induction-sealing-machine-for-plastic-bottle\/\"]}]},{\"@type\":\"ImageObject\",\"inLanguage\":\"fr-FR\",\"@id\":\"https:\/\/alfequipment.com\/product\/lgyf-2000ax-continuous-induction-sealing-machine-for-plastic-bottle\/#primaryimage\",\"url\":\"https:\/\/alfequipment.com\/wp-content\/uploads\/2025\/01\/LGYF-2000AX-Continuous-Induction-Sealing-Machine-for.jpg\",\"contentUrl\":\"https:\/\/alfequipment.com\/wp-content\/uploads\/2025\/01\/LGYF-2000AX-Continuous-Induction-Sealing-Machine-for.jpg\",\"width\":800,\"height\":800},{\"@type\":\"BreadcrumbList\",\"@id\":\"https:\/\/alfequipment.com\/product\/lgyf-2000ax-continuous-induction-sealing-machine-for-plastic-bottle\/#breadcrumb\",\"itemListElement\":[{\"@type\":\"ListItem\",\"position\":1,\"name\":\"Home\",\"item\":\"https:\/\/alfequipment.com\/\"},{\"@type\":\"ListItem\",\"position\":2,\"name\":\"Shop\",\"item\":\"https:\/\/alfequipment.com\/shop\/\"},{\"@type\":\"ListItem\",\"position\":3,\"name\":\"LGYF-2000AX Continuous Induction Sealing Machine for plastic bottle\"}]},{\"@type\":\"WebSite\",\"@id\":\"https:\/\/alfequipment.com\/#website\",\"url\":\"https:\/\/alfequipment.com\/\",\"name\":\"ALF PACK\",\"description\":\"\",\"publisher\":{\"@id\":\"https:\/\/alfequipment.com\/#organization\"},\"potentialAction\":[{\"@type\":\"SearchAction\",\"target\":{\"@type\":\"EntryPoint\",\"urlTemplate\":\"https:\/\/alfequipment.com\/?s={search_term_string}\"},\"query-input\":{\"@type\":\"PropertyValueSpecification\",\"valueRequired\":true,\"valueName\":\"search_term_string\"}}],\"inLanguage\":\"fr-FR\"},{\"@type\":\"Organization\",\"@id\":\"https:\/\/alfequipment.com\/#organization\",\"name\":\"ALF PACK\",\"url\":\"https:\/\/alfequipment.com\/\",\"logo\":{\"@type\":\"ImageObject\",\"inLanguage\":\"fr-FR\",\"@id\":\"https:\/\/alfequipment.com\/#\/schema\/logo\/image\/\",\"url\":\"https:\/\/alfequipment.com\/wp-content\/uploads\/2024\/11\/ALFlogo-2.webp\",\"contentUrl\":\"https:\/\/alfequipment.com\/wp-content\/uploads\/2024\/11\/ALFlogo-2.webp\",\"width\":758,\"height\":750,\"caption\":\"ALF PACK\"},\"image\":{\"@id\":\"https:\/\/alfequipment.com\/#\/schema\/logo\/image\/\"}}]}<\/script>\n<!-- \/ Yoast SEO Premium plugin. -->","yoast_head_json":{"title":"Machine \u00e0 sceller par induction en continu LGYF-2000AX pour bouteilles en plastique - ALF PACK","robots":{"index":"index","follow":"follow","max-snippet":"max-snippet:-1","max-image-preview":"max-image-preview:large","max-video-preview":"max-video-preview:-1"},"canonical":"https:\/\/alfequipment.com\/fr\/product\/lgyf-2000ax-machine-a-sceller-en-continu-par-induction-pour-bouteilles-en-plastique\/","og_locale":"fr_FR","og_type":"article","og_title":"LGYF-2000AX Continuous Induction Sealing Machine for plastic bottle","og_description":"Continuous Induction Sealing Machine For Plastic Bottle","og_url":"https:\/\/alfequipment.com\/fr\/product\/lgyf-2000ax-machine-a-sceller-en-continu-par-induction-pour-bouteilles-en-plastique\/","og_site_name":"ALF PACK","article_modified_time":"2025-01-13T15:02:38+00:00","og_image":[{"width":800,"height":800,"url":"https:\/\/alfequipment.com\/wp-content\/uploads\/2025\/01\/LGYF-2000AX-Continuous-Induction-Sealing-Machine-for.jpg","type":"image\/webp"}],"twitter_card":"summary_large_image","schema":{"@context":"https:\/\/schema.org","@graph":[{"@type":"WebPage","@id":"https:\/\/alfequipment.com\/product\/lgyf-2000ax-continuous-induction-sealing-machine-for-plastic-bottle\/","url":"https:\/\/alfequipment.com\/product\/lgyf-2000ax-continuous-induction-sealing-machine-for-plastic-bottle\/","name":"Machine \u00e0 sceller par induction en continu LGYF-2000AX pour bouteilles en plastique - ALF PACK","isPartOf":{"@id":"https:\/\/alfequipment.com\/#website"},"primaryImageOfPage":{"@id":"https:\/\/alfequipment.com\/product\/lgyf-2000ax-continuous-induction-sealing-machine-for-plastic-bottle\/#primaryimage"},"image":{"@id":"https:\/\/alfequipment.com\/product\/lgyf-2000ax-continuous-induction-sealing-machine-for-plastic-bottle\/#primaryimage"},"thumbnailUrl":"https:\/\/alfequipment.com\/wp-content\/uploads\/2025\/01\/LGYF-2000AX-Continuous-Induction-Sealing-Machine-for.jpg","datePublished":"2025-01-11T09:47:45+00:00","dateModified":"2025-01-13T15:02:38+00:00","breadcrumb":{"@id":"https:\/\/alfequipment.com\/product\/lgyf-2000ax-continuous-induction-sealing-machine-for-plastic-bottle\/#breadcrumb"},"inLanguage":"fr-FR","potentialAction":[{"@type":"ReadAction","target":["https:\/\/alfequipment.com\/product\/lgyf-2000ax-continuous-induction-sealing-machine-for-plastic-bottle\/"]}]},{"@type":"ImageObject","inLanguage":"fr-FR","@id":"https:\/\/alfequipment.com\/product\/lgyf-2000ax-continuous-induction-sealing-machine-for-plastic-bottle\/#primaryimage","url":"https:\/\/alfequipment.com\/wp-content\/uploads\/2025\/01\/LGYF-2000AX-Continuous-Induction-Sealing-Machine-for.jpg","contentUrl":"https:\/\/alfequipment.com\/wp-content\/uploads\/2025\/01\/LGYF-2000AX-Continuous-Induction-Sealing-Machine-for.jpg","width":800,"height":800},{"@type":"BreadcrumbList","@id":"https:\/\/alfequipment.com\/product\/lgyf-2000ax-continuous-induction-sealing-machine-for-plastic-bottle\/#breadcrumb","itemListElement":[{"@type":"ListItem","position":1,"name":"Home","item":"https:\/\/alfequipment.com\/"},{"@type":"ListItem","position":2,"name":"Shop","item":"https:\/\/alfequipment.com\/shop\/"},{"@type":"ListItem","position":3,"name":"LGYF-2000AX Continuous Induction Sealing Machine for plastic bottle"}]},{"@type":"WebSite","@id":"https:\/\/alfequipment.com\/#website","url":"https:\/\/alfequipment.com\/","name":"PACK ALF","description":"","publisher":{"@id":"https:\/\/alfequipment.com\/#organization"},"potentialAction":[{"@type":"SearchAction","target":{"@type":"EntryPoint","urlTemplate":"https:\/\/alfequipment.com\/?s={search_term_string}"},"query-input":{"@type":"PropertyValueSpecification","valueRequired":true,"valueName":"search_term_string"}}],"inLanguage":"fr-FR"},{"@type":"Organization","@id":"https:\/\/alfequipment.com\/#organization","name":"PACK ALF","url":"https:\/\/alfequipment.com\/","logo":{"@type":"ImageObject","inLanguage":"fr-FR","@id":"https:\/\/alfequipment.com\/#\/schema\/logo\/image\/","url":"https:\/\/alfequipment.com\/wp-content\/uploads\/2024\/11\/ALFlogo-2.webp","contentUrl":"https:\/\/alfequipment.com\/wp-content\/uploads\/2024\/11\/ALFlogo-2.webp","width":758,"height":750,"caption":"ALF PACK"},"image":{"@id":"https:\/\/alfequipment.com\/#\/schema\/logo\/image\/"}}]}},"_links":{"self":[{"href":"https:\/\/alfequipment.com\/fr\/wp-json\/wp\/v2\/product\/3074","targetHints":{"allow":["GET"]}}],"collection":[{"href":"https:\/\/alfequipment.com\/fr\/wp-json\/wp\/v2\/product"}],"about":[{"href":"https:\/\/alfequipment.com\/fr\/wp-json\/wp\/v2\/types\/product"}],"replies":[{"embeddable":true,"href":"https:\/\/alfequipment.com\/fr\/wp-json\/wp\/v2\/comments?post=3074"}],"version-history":[{"count":0,"href":"https:\/\/alfequipment.com\/fr\/wp-json\/wp\/v2\/product\/3074\/revisions"}],"wp:featuredmedia":[{"embeddable":true,"href":"https:\/\/alfequipment.com\/fr\/wp-json\/wp\/v2\/media\/3075"}],"wp:attachment":[{"href":"https:\/\/alfequipment.com\/fr\/wp-json\/wp\/v2\/media?parent=3074"}],"wp:term":[{"taxonomy":"product_brand","embeddable":true,"href":"https:\/\/alfequipment.com\/fr\/wp-json\/wp\/v2\/product_brand?post=3074"},{"taxonomy":"product_cat","embeddable":true,"href":"https:\/\/alfequipment.com\/fr\/wp-json\/wp\/v2\/product_cat?post=3074"},{"taxonomy":"product_tag","embeddable":true,"href":"https:\/\/alfequipment.com\/fr\/wp-json\/wp\/v2\/product_tag?post=3074"}],"curies":[{"name":"wp","href":"https:\/\/api.w.org\/{rel}","templated":true}]}}