{"id":3076,"date":"2024-12-24T14:09:21","date_gmt":"2024-12-24T14:09:21","guid":{"rendered":"https:\/\/alfequipment.com\/product\/dgyf-400a-bottle-cap-sealing-machine-portable-aluminum-foil-induction-sealer\/"},"modified":"2025-01-13T15:02:41","modified_gmt":"2025-01-13T15:02:41","slug":"dgyf-400a-machine-a-sceller-les-bouchons-de-bouteilles-scelleuse-portable-de-feuilles-daluminium-par-induction","status":"publish","type":"product","link":"https:\/\/alfequipment.com\/fr\/product\/dgyf-400a-machine-a-sceller-les-bouchons-de-bouteilles-scelleuse-portable-de-feuilles-daluminium-par-induction\/","title":{"rendered":"DGYF-400A Machine \u00e0 sceller les bouchons de bouteilles Machine \u00e0 sceller par induction les feuilles d'aluminium"},"content":{"rendered":"<div data-magic-global=\"%7B%22bizId%22%3A17179933680%2C%22pageId%22%3A5045934391%2C%22siteId%22%3A5005331025%7D\" id=\"detail_decorate_root\">\n<div module-id=\"6649501639\" module-title=\"detailProductNavigation\" render=\"true\" class=\"J_module\">\n<div id=\"ali-anchor-AliMagic-7jeid7\" data-section=\"AliMagic-7jeid7\" data-section-title=\"Product Description\" class=\"magic-0\">La machine portable \u00e0 sceller par induction de la s\u00e9rie DGYF utilise le principe de l'induction \u00e9lectromagn\u00e9tique pour produire une chaleur instantan\u00e9e \u00e9lev\u00e9e afin de faire fondre le papier d'aluminium. Elle adh\u00e8re ensuite au trou de bonde, ce qui permet d'atteindre les objectifs d'\u00e9tanch\u00e9it\u00e9 \u00e0 l'eau, aux fuites et \u00e0 la moisissure, et de prolonger la dur\u00e9e de conservation. Aujourd'hui, cette machine est largement utilis\u00e9e pour sceller les emballages dans les industries telles que les produits pharmaceutiques, les pesticides, les lubrifiants et les cosm\u00e9tiques, etc.<\/div>\n<\/div>\n<div module-id=\"6649501641\" module-title=\"detailLeftImageRightTable\" render=\"true\" class=\"J_module\">\n<div class=\"detail-decorate-json-renderer-container\">\n<div class=\"magic-1\">\n<div class=\"magic-5\">\n<div class=\"magic-3\">\n<div class=\"magic-6\">\n       <img decoding=\"async\" src=\"https:\/\/sc04.alicdn.com\/kf\/H40c51435c24941dbadba143944b39f3aF\/64496\/H40c51435c24941dbadba143944b39f3aF.jpg\" class=\"aligncenter\">\n      <\/div>\n<\/p><\/div>\n<\/p><\/div>\n<div class=\"magic-8\">\n<div class=\"magic-3\">\n<div class=\"ife-detail-decorate-table\">\n<table class=\"has-title all magic-9\">\n<tbody>\n<tr>\n<td colspan=\"1\" rowspan=\"1\">\n<div class=\"magic-10\">\n            Mod\u00e8le\n           <\/div>\n<\/td>\n<td colspan=\"1\" rowspan=\"1\">\n<div class=\"magic-11\">\n            DGYF-400A\n           <\/div>\n<\/td>\n<\/tr>\n<tr>\n<td colspan=\"1\" rowspan=\"1\">\n<div class=\"magic-10\">\n            tension\n           <\/div>\n<\/td>\n<td colspan=\"1\" rowspan=\"1\">\n<div class=\"magic-11\">\n            220V 50HZ\n           <\/div>\n<\/td>\n<\/tr>\n<tr>\n<td colspan=\"1\" rowspan=\"1\">\n<div class=\"magic-10\">\n            Puissance\n           <\/div>\n<\/td>\n<td colspan=\"1\" rowspan=\"1\">\n<div class=\"magic-11\">\n            600W\n           <\/div>\n<\/td>\n<\/tr>\n<tr>\n<td colspan=\"1\" rowspan=\"1\">\n<div class=\"magic-10\">\n            Capacit\u00e9\n           <\/div>\n<\/td>\n<td colspan=\"1\" rowspan=\"1\">\n<div class=\"magic-11\">\n            0-30pcs\/min\n           <\/div>\n<\/td>\n<\/tr>\n<tr>\n<td colspan=\"1\" rowspan=\"1\">\n<div class=\"magic-10\">\n            Diam\u00e8tre d'\u00e9tanch\u00e9it\u00e9\n           <\/div>\n<\/td>\n<td colspan=\"1\" rowspan=\"1\">\n<div class=\"magic-11\">\n            20-100mm\n           <\/div>\n<\/td>\n<\/tr>\n<tr>\n<td colspan=\"1\" rowspan=\"1\">\n<div class=\"magic-10\">\n            Poids de la machine\n           <\/div>\n<\/td>\n<td colspan=\"1\" rowspan=\"1\">\n<div class=\"magic-11\">\n            0,75 kg\n           <\/div>\n<\/td>\n<\/tr>\n<\/tbody>\n<\/table><\/div>\n<\/p><\/div>\n<\/p><\/div>\n<\/p><\/div>\n<\/p><\/div>\n<\/p><\/div>\n<div module-id=\"6649501642\" module-title=\"detailManyImage\" render=\"true\" class=\"J_module\">\n<div class=\"icbu-pc-detailManyImage magic-12\">\n<div class=\"magic-13\">\n    <img decoding=\"async\" src=\"https:\/\/sc04.alicdn.com\/kf\/H5ca4faed29ff4502a7c7be2f1b80e2089\/64496\/H5ca4faed29ff4502a7c7be2f1b80e2089.jpg\" class=\"aligncenter\">\n   <\/div>\n<div class=\"magic-13\">\n    <img decoding=\"async\" src=\"https:\/\/sc04.alicdn.com\/kf\/H6bd246f1fd0c477cbcc2d803331fa106B\/64496\/H6bd246f1fd0c477cbcc2d803331fa106B.jpg\" class=\"aligncenter\">\n   <\/div>\n<\/p><\/div>\n<\/p><\/div>\n<\/div>","protected":false},"excerpt":{"rendered":"<p>Dgyf-400a Machine \u00e0 sceller les bouchons de bouteilles<\/p>","protected":false},"featured_media":3077,"comment_status":"closed","ping_status":"open","template":"","meta":[],"product_brand":[],"product_cat":[120,97],"product_tag":[],"class_list":{"0":"post-3076","1":"product","2":"type-product","3":"status-publish","4":"has-post-thumbnail","6":"product_cat-induction-sealer","7":"product_cat-sealing-machines","9":"first","10":"instock","11":"sale","12":"purchasable","13":"product-type-simple"},"yoast_head":"<!-- This site is optimized with the Yoast SEO Premium plugin v20.9 (Yoast SEO v26.5) - https:\/\/yoast.com\/wordpress\/plugins\/seo\/ -->\n<title>DGYF-400A Bottle Cap Sealing Machine Portable aluminum foil induction sealer - ALF PACK<\/title>\n<meta name=\"robots\" content=\"index, follow, max-snippet:-1, max-image-preview:large, max-video-preview:-1\" \/>\n<link rel=\"canonical\" href=\"https:\/\/alfequipment.com\/fr\/product\/dgyf-400a-machine-a-sceller-les-bouchons-de-bouteilles-scelleuse-portable-de-feuilles-daluminium-par-induction\/\" \/>\n<meta property=\"og:locale\" content=\"fr_FR\" \/>\n<meta property=\"og:type\" content=\"article\" \/>\n<meta property=\"og:title\" content=\"DGYF-400A Bottle Cap Sealing Machine Portable aluminum foil induction sealer\" \/>\n<meta property=\"og:description\" content=\"Dgyf-400a Bottle Cap Sealing Machine\" \/>\n<meta property=\"og:url\" content=\"https:\/\/alfequipment.com\/fr\/product\/dgyf-400a-machine-a-sceller-les-bouchons-de-bouteilles-scelleuse-portable-de-feuilles-daluminium-par-induction\/\" \/>\n<meta property=\"og:site_name\" content=\"ALF PACK\" \/>\n<meta property=\"article:modified_time\" content=\"2025-01-13T15:02:41+00:00\" \/>\n<meta property=\"og:image\" content=\"https:\/\/alfequipment.com\/wp-content\/uploads\/2025\/01\/DGYF-400A-Bottle-Cap-Sealing-Machine-Portable.jpg\" \/>\n\t<meta property=\"og:image:width\" content=\"1000\" \/>\n\t<meta property=\"og:image:height\" content=\"1000\" \/>\n\t<meta property=\"og:image:type\" content=\"image\/webp\" \/>\n<meta name=\"twitter:card\" content=\"summary_large_image\" \/>\n<script type=\"application\/ld+json\" class=\"yoast-schema-graph\">{\"@context\":\"https:\/\/schema.org\",\"@graph\":[{\"@type\":\"WebPage\",\"@id\":\"https:\/\/alfequipment.com\/product\/dgyf-400a-bottle-cap-sealing-machine-portable-aluminum-foil-induction-sealer\/\",\"url\":\"https:\/\/alfequipment.com\/product\/dgyf-400a-bottle-cap-sealing-machine-portable-aluminum-foil-induction-sealer\/\",\"name\":\"DGYF-400A Bottle Cap Sealing Machine Portable aluminum foil induction sealer - ALF PACK\",\"isPartOf\":{\"@id\":\"https:\/\/alfequipment.com\/#website\"},\"primaryImageOfPage\":{\"@id\":\"https:\/\/alfequipment.com\/product\/dgyf-400a-bottle-cap-sealing-machine-portable-aluminum-foil-induction-sealer\/#primaryimage\"},\"image\":{\"@id\":\"https:\/\/alfequipment.com\/product\/dgyf-400a-bottle-cap-sealing-machine-portable-aluminum-foil-induction-sealer\/#primaryimage\"},\"thumbnailUrl\":\"https:\/\/alfequipment.com\/wp-content\/uploads\/2025\/01\/DGYF-400A-Bottle-Cap-Sealing-Machine-Portable.jpg\",\"datePublished\":\"2024-12-24T14:09:21+00:00\",\"dateModified\":\"2025-01-13T15:02:41+00:00\",\"breadcrumb\":{\"@id\":\"https:\/\/alfequipment.com\/product\/dgyf-400a-bottle-cap-sealing-machine-portable-aluminum-foil-induction-sealer\/#breadcrumb\"},\"inLanguage\":\"fr-FR\",\"potentialAction\":[{\"@type\":\"ReadAction\",\"target\":[\"https:\/\/alfequipment.com\/product\/dgyf-400a-bottle-cap-sealing-machine-portable-aluminum-foil-induction-sealer\/\"]}]},{\"@type\":\"ImageObject\",\"inLanguage\":\"fr-FR\",\"@id\":\"https:\/\/alfequipment.com\/product\/dgyf-400a-bottle-cap-sealing-machine-portable-aluminum-foil-induction-sealer\/#primaryimage\",\"url\":\"https:\/\/alfequipment.com\/wp-content\/uploads\/2025\/01\/DGYF-400A-Bottle-Cap-Sealing-Machine-Portable.jpg\",\"contentUrl\":\"https:\/\/alfequipment.com\/wp-content\/uploads\/2025\/01\/DGYF-400A-Bottle-Cap-Sealing-Machine-Portable.jpg\",\"width\":1000,\"height\":1000},{\"@type\":\"BreadcrumbList\",\"@id\":\"https:\/\/alfequipment.com\/product\/dgyf-400a-bottle-cap-sealing-machine-portable-aluminum-foil-induction-sealer\/#breadcrumb\",\"itemListElement\":[{\"@type\":\"ListItem\",\"position\":1,\"name\":\"Home\",\"item\":\"https:\/\/alfequipment.com\/\"},{\"@type\":\"ListItem\",\"position\":2,\"name\":\"Shop\",\"item\":\"https:\/\/alfequipment.com\/shop\/\"},{\"@type\":\"ListItem\",\"position\":3,\"name\":\"DGYF-400A Bottle Cap Sealing Machine Portable aluminum foil induction sealer\"}]},{\"@type\":\"WebSite\",\"@id\":\"https:\/\/alfequipment.com\/#website\",\"url\":\"https:\/\/alfequipment.com\/\",\"name\":\"ALF PACK\",\"description\":\"\",\"publisher\":{\"@id\":\"https:\/\/alfequipment.com\/#organization\"},\"potentialAction\":[{\"@type\":\"SearchAction\",\"target\":{\"@type\":\"EntryPoint\",\"urlTemplate\":\"https:\/\/alfequipment.com\/?s={search_term_string}\"},\"query-input\":{\"@type\":\"PropertyValueSpecification\",\"valueRequired\":true,\"valueName\":\"search_term_string\"}}],\"inLanguage\":\"fr-FR\"},{\"@type\":\"Organization\",\"@id\":\"https:\/\/alfequipment.com\/#organization\",\"name\":\"ALF PACK\",\"url\":\"https:\/\/alfequipment.com\/\",\"logo\":{\"@type\":\"ImageObject\",\"inLanguage\":\"fr-FR\",\"@id\":\"https:\/\/alfequipment.com\/#\/schema\/logo\/image\/\",\"url\":\"https:\/\/alfequipment.com\/wp-content\/uploads\/2024\/11\/ALFlogo-2.webp\",\"contentUrl\":\"https:\/\/alfequipment.com\/wp-content\/uploads\/2024\/11\/ALFlogo-2.webp\",\"width\":758,\"height\":750,\"caption\":\"ALF PACK\"},\"image\":{\"@id\":\"https:\/\/alfequipment.com\/#\/schema\/logo\/image\/\"}}]}<\/script>\n<!-- \/ Yoast SEO Premium plugin. -->","yoast_head_json":{"title":"DGYF-400A Machine \u00e0 sceller les bouchons de bouteilles Machine \u00e0 sceller par induction les feuilles d'aluminium - ALF PACK","robots":{"index":"index","follow":"follow","max-snippet":"max-snippet:-1","max-image-preview":"max-image-preview:large","max-video-preview":"max-video-preview:-1"},"canonical":"https:\/\/alfequipment.com\/fr\/product\/dgyf-400a-machine-a-sceller-les-bouchons-de-bouteilles-scelleuse-portable-de-feuilles-daluminium-par-induction\/","og_locale":"fr_FR","og_type":"article","og_title":"DGYF-400A Bottle Cap Sealing Machine Portable aluminum foil induction sealer","og_description":"Dgyf-400a Bottle Cap Sealing Machine","og_url":"https:\/\/alfequipment.com\/fr\/product\/dgyf-400a-machine-a-sceller-les-bouchons-de-bouteilles-scelleuse-portable-de-feuilles-daluminium-par-induction\/","og_site_name":"ALF PACK","article_modified_time":"2025-01-13T15:02:41+00:00","og_image":[{"width":1000,"height":1000,"url":"https:\/\/alfequipment.com\/wp-content\/uploads\/2025\/01\/DGYF-400A-Bottle-Cap-Sealing-Machine-Portable.jpg","type":"image\/webp"}],"twitter_card":"summary_large_image","schema":{"@context":"https:\/\/schema.org","@graph":[{"@type":"WebPage","@id":"https:\/\/alfequipment.com\/product\/dgyf-400a-bottle-cap-sealing-machine-portable-aluminum-foil-induction-sealer\/","url":"https:\/\/alfequipment.com\/product\/dgyf-400a-bottle-cap-sealing-machine-portable-aluminum-foil-induction-sealer\/","name":"DGYF-400A Machine \u00e0 sceller les bouchons de bouteilles Machine \u00e0 sceller par induction les feuilles d'aluminium - ALF PACK","isPartOf":{"@id":"https:\/\/alfequipment.com\/#website"},"primaryImageOfPage":{"@id":"https:\/\/alfequipment.com\/product\/dgyf-400a-bottle-cap-sealing-machine-portable-aluminum-foil-induction-sealer\/#primaryimage"},"image":{"@id":"https:\/\/alfequipment.com\/product\/dgyf-400a-bottle-cap-sealing-machine-portable-aluminum-foil-induction-sealer\/#primaryimage"},"thumbnailUrl":"https:\/\/alfequipment.com\/wp-content\/uploads\/2025\/01\/DGYF-400A-Bottle-Cap-Sealing-Machine-Portable.jpg","datePublished":"2024-12-24T14:09:21+00:00","dateModified":"2025-01-13T15:02:41+00:00","breadcrumb":{"@id":"https:\/\/alfequipment.com\/product\/dgyf-400a-bottle-cap-sealing-machine-portable-aluminum-foil-induction-sealer\/#breadcrumb"},"inLanguage":"fr-FR","potentialAction":[{"@type":"ReadAction","target":["https:\/\/alfequipment.com\/product\/dgyf-400a-bottle-cap-sealing-machine-portable-aluminum-foil-induction-sealer\/"]}]},{"@type":"ImageObject","inLanguage":"fr-FR","@id":"https:\/\/alfequipment.com\/product\/dgyf-400a-bottle-cap-sealing-machine-portable-aluminum-foil-induction-sealer\/#primaryimage","url":"https:\/\/alfequipment.com\/wp-content\/uploads\/2025\/01\/DGYF-400A-Bottle-Cap-Sealing-Machine-Portable.jpg","contentUrl":"https:\/\/alfequipment.com\/wp-content\/uploads\/2025\/01\/DGYF-400A-Bottle-Cap-Sealing-Machine-Portable.jpg","width":1000,"height":1000},{"@type":"BreadcrumbList","@id":"https:\/\/alfequipment.com\/product\/dgyf-400a-bottle-cap-sealing-machine-portable-aluminum-foil-induction-sealer\/#breadcrumb","itemListElement":[{"@type":"ListItem","position":1,"name":"Home","item":"https:\/\/alfequipment.com\/"},{"@type":"ListItem","position":2,"name":"Shop","item":"https:\/\/alfequipment.com\/shop\/"},{"@type":"ListItem","position":3,"name":"DGYF-400A Bottle Cap Sealing Machine Portable aluminum foil induction sealer"}]},{"@type":"WebSite","@id":"https:\/\/alfequipment.com\/#website","url":"https:\/\/alfequipment.com\/","name":"PACK ALF","description":"","publisher":{"@id":"https:\/\/alfequipment.com\/#organization"},"potentialAction":[{"@type":"SearchAction","target":{"@type":"EntryPoint","urlTemplate":"https:\/\/alfequipment.com\/?s={search_term_string}"},"query-input":{"@type":"PropertyValueSpecification","valueRequired":true,"valueName":"search_term_string"}}],"inLanguage":"fr-FR"},{"@type":"Organization","@id":"https:\/\/alfequipment.com\/#organization","name":"PACK ALF","url":"https:\/\/alfequipment.com\/","logo":{"@type":"ImageObject","inLanguage":"fr-FR","@id":"https:\/\/alfequipment.com\/#\/schema\/logo\/image\/","url":"https:\/\/alfequipment.com\/wp-content\/uploads\/2024\/11\/ALFlogo-2.webp","contentUrl":"https:\/\/alfequipment.com\/wp-content\/uploads\/2024\/11\/ALFlogo-2.webp","width":758,"height":750,"caption":"ALF PACK"},"image":{"@id":"https:\/\/alfequipment.com\/#\/schema\/logo\/image\/"}}]}},"_links":{"self":[{"href":"https:\/\/alfequipment.com\/fr\/wp-json\/wp\/v2\/product\/3076","targetHints":{"allow":["GET"]}}],"collection":[{"href":"https:\/\/alfequipment.com\/fr\/wp-json\/wp\/v2\/product"}],"about":[{"href":"https:\/\/alfequipment.com\/fr\/wp-json\/wp\/v2\/types\/product"}],"replies":[{"embeddable":true,"href":"https:\/\/alfequipment.com\/fr\/wp-json\/wp\/v2\/comments?post=3076"}],"version-history":[{"count":0,"href":"https:\/\/alfequipment.com\/fr\/wp-json\/wp\/v2\/product\/3076\/revisions"}],"wp:featuredmedia":[{"embeddable":true,"href":"https:\/\/alfequipment.com\/fr\/wp-json\/wp\/v2\/media\/3077"}],"wp:attachment":[{"href":"https:\/\/alfequipment.com\/fr\/wp-json\/wp\/v2\/media?parent=3076"}],"wp:term":[{"taxonomy":"product_brand","embeddable":true,"href":"https:\/\/alfequipment.com\/fr\/wp-json\/wp\/v2\/product_brand?post=3076"},{"taxonomy":"product_cat","embeddable":true,"href":"https:\/\/alfequipment.com\/fr\/wp-json\/wp\/v2\/product_cat?post=3076"},{"taxonomy":"product_tag","embeddable":true,"href":"https:\/\/alfequipment.com\/fr\/wp-json\/wp\/v2\/product_tag?post=3076"}],"curies":[{"name":"wp","href":"https:\/\/api.w.org\/{rel}","templated":true}]}}