{"id":3078,"date":"2024-12-24T05:57:08","date_gmt":"2024-12-24T05:57:08","guid":{"rendered":"https:\/\/alfequipment.com\/product\/lgys-2500b-high-quality-continuous-water-cooling-induction-sealing-machine\/"},"modified":"2025-01-13T15:02:41","modified_gmt":"2025-01-13T15:02:41","slug":"lgys-2500b-machine-a-sceller-par-induction-a-refroidissement-par-eau-en-continu-de-haute-qualite","status":"publish","type":"product","link":"https:\/\/alfequipment.com\/fr\/product\/lgys-2500b-machine-a-sceller-par-induction-a-refroidissement-par-eau-en-continu-de-haute-qualite\/","title":{"rendered":"LGYS-2500B Machine \u00e0 sceller par induction \u00e0 refroidissement par eau en continu de haute qualit\u00e9"},"content":{"rendered":"<p><span style=\"color: #ffffff;\">Machine \u00e0 sceller par induction <span style=\"line-height: normal;\">Machine \u00e0 sceller par induction<\/span> <span style=\"line-height: normal;\">Machine \u00e0 sceller par induction<\/span> <span style=\"line-height: normal;\">Machine \u00e0 sceller par induction<\/span> <span style=\"line-height: normal;\">Machine \u00e0 sceller par induction<\/span> <span style=\"line-height: normal;\">Machine \u00e0 sceller par induction<\/span> <span style=\"line-height: normal;\">Machine \u00e0 sceller par induction<\/span> <span style=\"line-height: normal;\">Machine \u00e0 sceller par induction<\/span><\/span><\/p>\n<div id=\"ali-anchor-AliPostDhMb-q43cn\" style=\"padding-top: 8px;\" data-section=\"AliPostDhMb-q43cn\" data-section-title=\"Product Description\">\n<div id=\"ali-title-AliPostDhMb-q43cn\" style=\"padding: 8px 0; border-bottom: 1px solid #ddd;\">\n  <span style=\"background-color: #ddd; color: #333; font-weight: bold; padding: 8px 10px; line-height: 12px;\">Description du produit<\/span>\n <\/div>\n<div style=\"padding: 10px;\">\n<p><strong><span style=\"font-size: 12pt;\">R\u00e9sum\u00e9 :<\/span><\/strong><\/p>\n<\/p><\/div>\n<\/div>\n<table class=\"aliDataTable\" style=\"width: 80%;\" border=\"1\">\n<tbody>\n<tr>\n<td>Mod\u00e8le<\/td>\n<td>LGYS-2500B<\/td>\n<\/tr>\n<tr>\n<td>Tension<\/td>\n<td>220V 50\/60HZ<\/td>\n<\/tr>\n<tr>\n<td>Puissance<\/td>\n<td>2.5KW<\/td>\n<\/tr>\n<tr>\n<td>Capacit\u00e9<\/td>\n<td>0-18m\/min<\/td>\n<\/tr>\n<tr>\n<td>Diam\u00e8tre d'\u00e9tanch\u00e9it\u00e9<\/td>\n<td>20-50mm<\/td>\n<\/tr>\n<tr>\n<td>Hauteur des bouteilles<\/td>\n<td>40-300mm<\/td>\n<\/tr>\n<tr>\n<td>\n<p>Poids de la machine<\/p>\n<\/td>\n<td>104 kg<\/td>\n<\/tr>\n<tr>\n<td>Taille de la machine<\/td>\n<td>680x570x1400mm<\/td>\n<\/tr>\n<\/tbody>\n<\/table>\n<p>&nbsp;<\/p>\n<div id=\"ali-anchor-AliPostDhMb-r6be9\" style=\"padding-top: 8px;\" data-section=\"AliPostDhMb-r6be9\" data-section-title=\"Packaging &amp; Shipping\">\n<div id=\"ali-title-AliPostDhMb-r6be9\" style=\"padding: 8px 0; border-bottom: 1px solid #ddd;\">\n  <span style=\"background-color: #ddd; color: #333; font-weight: bold; padding: 8px 10px; line-height: 12px;\">Emballage et exp\u00e9dition<\/span>\n <\/div>\n<div style=\"padding: 10px;\">\n<p><span style=\"font-size: 9pt; font-family: Arial;\">Emballage :<\/span><span style=\"font-size: 9pt; font-family: Arial;\">&nbsp;<\/span><\/p>\n<p style=\"margin-bottom: 0pt; margin-top: 0pt;\"><span style=\"font-size: 9pt; font-family: Arial;\">Coffret en bois standard export\u00e9<\/span><\/p>\n<p style=\"margin-bottom: 0pt; margin-top: 0pt;\"><span style=\"font-size: 9pt; font-family: Arial;\">&nbsp;<\/span><\/p>\n<p style=\"margin-bottom: 0pt; margin-top: 0pt;\"><span style=\"font-size: 9pt; font-family: Arial;\">Exp\u00e9dition :<\/span><\/p>\n<p style=\"margin-bottom: 0pt; margin-top: 0pt;\"><span style=\"font-size: 9pt;\">B<\/span><span style=\"font-size: 9pt; font-family: Arial;\">y mer<\/span><\/p>\n<\/p><\/div>\n<\/div>\n<div id=\"ali-anchor-AliPostDhMb-nq8r5\" style=\"padding-top: 8px;\" data-section=\"AliPostDhMb-nq8r5\" data-section-title=\"Our Services\">\n<div id=\"ali-title-AliPostDhMb-nq8r5\" style=\"padding: 8px 0; border-bottom: 1px solid #ddd;\">\n  <span style=\"background-color: #ddd; color: #333; font-weight: bold; padding: 8px 10px; line-height: 12px;\">Nos services<\/span>\n <\/div>\n<div style=\"padding: 10px;\">\n<p>&nbsp;<img decoding=\"async\" src=\"https:\/\/sc02.alicdn.com\/kf\/HTB1E9xbFVXXXXbDXXXXq6xXFXXXM\/64496\/HTB1E9xbFVXXXXbDXXXXq6xXFXXXM.jpg\" data-alt=\"LGYS-2500B High Quality Continuous water cooling Induction Sealing Machine\" ori-width=\"550\" ori-height=\"550\" class=\"aligncenter\"><\/p>\n<\/p><\/div>\n<\/div>\n<p>&nbsp;<\/p>\n<div id=\"ali-anchor-AliPostDhMb-fqg4x\" style=\"padding-top: 8px;\" data-section=\"AliPostDhMb-fqg4x\" data-section-title=\"Company Information\">\n<div id=\"ali-title-AliPostDhMb-fqg4x\" style=\"padding: 8px 0; border-bottom: 1px solid #ddd;\">\n  <span style=\"background-color: #ddd; color: #333; font-weight: bold; padding: 8px 10px; line-height: 12px;\">Informations sur l'entreprise<\/span>\n <\/div>\n<div style=\"padding: 10px;\">\n<p>&nbsp;<img decoding=\"async\" src=\"https:\/\/sc02.alicdn.com\/kf\/HTB1GTZ3FFXXXXbpXXXXq6xXFXXXw\/64496\/HTB1GTZ3FFXXXXbpXXXXq6xXFXXXw.jpg\" data-alt=\"LGYS-2500B High Quality Continuous water cooling Induction Sealing Machine\" ori-width=\"553\" ori-height=\"77\" class=\"aligncenter\"><\/p>\n<\/p><\/div>\n<\/div>\n<p>&nbsp;<span style=\"line-height: normal; background-color: #f5f5f5; font-family: Arial; font-size: 13.5pt;\">Site Internet : www.ding-ye.com&nbsp;<\/span><\/p>\n<p><span style=\"font-weight: bold; font-style: normal; font-size: 12pt; line-height: normal; color: #0000ff;\">&nbsp;<\/span><\/p>\n<p><span style=\"font-style: normal; font-weight: normal; font-size: 9pt; line-height: normal; font-family: Arial; background-color: #f5f5f5;\">Fabricant de machines d'emballage depuis 24 ans. Nous produisons 18 s\u00e9ries de produits avec plus de 60 types d'\u00e9quipements disponibles.&nbsp;<\/span><\/p>\n<p>&nbsp;<\/p>\n<p><img decoding=\"async\" src=\"https:\/\/sc01.alicdn.com\/kf\/HTB17w4sFVXXXXX9XFXXq6xXFXXXE\/64496\/HTB17w4sFVXXXXX9XFXXq6xXFXXXE.jpg\" data-alt=\"LGYS-2500B High Quality Continuous water cooling Induction Sealing Machine\" ori-width=\"497\" ori-height=\"383\" class=\"aligncenter\"><\/p>\n<p><img decoding=\"async\" src=\"https:\/\/sc01.alicdn.com\/kf\/HTB1YZ6UcyERMeJjy0Fcxh77opXam\/64496\/HTB1YZ6UcyERMeJjy0Fcxh77opXam.jpeg\" data-alt=\"LGYS-2500B High Quality Continuous water cooling Induction Sealing Machine\" data-width=\"700\" data-height=\"963\" ori-width=\"2182\" ori-height=\"3000\" class=\"aligncenter\"><\/p><\/p>","protected":false},"excerpt":{"rendered":"<p>Scelleuse \u00e0 induction \u00e0 refroidissement par eau<\/p>","protected":false},"featured_media":3079,"comment_status":"closed","ping_status":"open","template":"","meta":[],"product_brand":[],"product_cat":[120,97],"product_tag":[],"class_list":{"0":"post-3078","1":"product","2":"type-product","3":"status-publish","4":"has-post-thumbnail","6":"product_cat-induction-sealer","7":"product_cat-sealing-machines","9":"first","10":"instock","11":"sale","12":"purchasable","13":"product-type-simple"},"yoast_head":"<!-- This site is optimized with the Yoast SEO Premium plugin v20.9 (Yoast SEO v26.5) - https:\/\/yoast.com\/wordpress\/plugins\/seo\/ -->\n<title>LGYS-2500B High Quality Continuous water cooling Induction Sealing Machine - ALF PACK<\/title>\n<meta name=\"robots\" content=\"index, follow, max-snippet:-1, max-image-preview:large, max-video-preview:-1\" \/>\n<link rel=\"canonical\" href=\"https:\/\/alfequipment.com\/fr\/product\/lgys-2500b-machine-a-sceller-par-induction-a-refroidissement-par-eau-en-continu-de-haute-qualite\/\" \/>\n<meta property=\"og:locale\" content=\"fr_FR\" \/>\n<meta property=\"og:type\" content=\"article\" \/>\n<meta property=\"og:title\" content=\"LGYS-2500B High Quality Continuous water cooling Induction Sealing Machine\" \/>\n<meta property=\"og:description\" content=\"Water Cooling Induction Sealer\" \/>\n<meta property=\"og:url\" content=\"https:\/\/alfequipment.com\/fr\/product\/lgys-2500b-machine-a-sceller-par-induction-a-refroidissement-par-eau-en-continu-de-haute-qualite\/\" \/>\n<meta property=\"og:site_name\" content=\"ALF PACK\" \/>\n<meta property=\"article:modified_time\" content=\"2025-01-13T15:02:41+00:00\" \/>\n<meta property=\"og:image\" content=\"https:\/\/alfequipment.com\/wp-content\/uploads\/2025\/01\/LGYS-2500B-High-Quality-Continuous-water-cooling.jpg\" \/>\n\t<meta property=\"og:image:width\" content=\"800\" \/>\n\t<meta property=\"og:image:height\" content=\"800\" \/>\n\t<meta property=\"og:image:type\" content=\"image\/webp\" \/>\n<meta name=\"twitter:card\" content=\"summary_large_image\" \/>\n<meta name=\"twitter:label1\" content=\"Dur\u00e9e de lecture estim\u00e9e\" \/>\n\t<meta name=\"twitter:data1\" content=\"1 minute\" \/>\n<script type=\"application\/ld+json\" class=\"yoast-schema-graph\">{\"@context\":\"https:\/\/schema.org\",\"@graph\":[{\"@type\":\"WebPage\",\"@id\":\"https:\/\/alfequipment.com\/product\/lgys-2500b-high-quality-continuous-water-cooling-induction-sealing-machine\/\",\"url\":\"https:\/\/alfequipment.com\/product\/lgys-2500b-high-quality-continuous-water-cooling-induction-sealing-machine\/\",\"name\":\"LGYS-2500B High Quality Continuous water cooling Induction Sealing Machine - ALF PACK\",\"isPartOf\":{\"@id\":\"https:\/\/alfequipment.com\/#website\"},\"primaryImageOfPage\":{\"@id\":\"https:\/\/alfequipment.com\/product\/lgys-2500b-high-quality-continuous-water-cooling-induction-sealing-machine\/#primaryimage\"},\"image\":{\"@id\":\"https:\/\/alfequipment.com\/product\/lgys-2500b-high-quality-continuous-water-cooling-induction-sealing-machine\/#primaryimage\"},\"thumbnailUrl\":\"https:\/\/alfequipment.com\/wp-content\/uploads\/2025\/01\/LGYS-2500B-High-Quality-Continuous-water-cooling.jpg\",\"datePublished\":\"2024-12-24T05:57:08+00:00\",\"dateModified\":\"2025-01-13T15:02:41+00:00\",\"breadcrumb\":{\"@id\":\"https:\/\/alfequipment.com\/product\/lgys-2500b-high-quality-continuous-water-cooling-induction-sealing-machine\/#breadcrumb\"},\"inLanguage\":\"fr-FR\",\"potentialAction\":[{\"@type\":\"ReadAction\",\"target\":[\"https:\/\/alfequipment.com\/product\/lgys-2500b-high-quality-continuous-water-cooling-induction-sealing-machine\/\"]}]},{\"@type\":\"ImageObject\",\"inLanguage\":\"fr-FR\",\"@id\":\"https:\/\/alfequipment.com\/product\/lgys-2500b-high-quality-continuous-water-cooling-induction-sealing-machine\/#primaryimage\",\"url\":\"https:\/\/alfequipment.com\/wp-content\/uploads\/2025\/01\/LGYS-2500B-High-Quality-Continuous-water-cooling.jpg\",\"contentUrl\":\"https:\/\/alfequipment.com\/wp-content\/uploads\/2025\/01\/LGYS-2500B-High-Quality-Continuous-water-cooling.jpg\",\"width\":800,\"height\":800},{\"@type\":\"BreadcrumbList\",\"@id\":\"https:\/\/alfequipment.com\/product\/lgys-2500b-high-quality-continuous-water-cooling-induction-sealing-machine\/#breadcrumb\",\"itemListElement\":[{\"@type\":\"ListItem\",\"position\":1,\"name\":\"Home\",\"item\":\"https:\/\/alfequipment.com\/\"},{\"@type\":\"ListItem\",\"position\":2,\"name\":\"Shop\",\"item\":\"https:\/\/alfequipment.com\/shop\/\"},{\"@type\":\"ListItem\",\"position\":3,\"name\":\"LGYS-2500B High Quality Continuous water cooling Induction Sealing Machine\"}]},{\"@type\":\"WebSite\",\"@id\":\"https:\/\/alfequipment.com\/#website\",\"url\":\"https:\/\/alfequipment.com\/\",\"name\":\"ALF PACK\",\"description\":\"\",\"publisher\":{\"@id\":\"https:\/\/alfequipment.com\/#organization\"},\"potentialAction\":[{\"@type\":\"SearchAction\",\"target\":{\"@type\":\"EntryPoint\",\"urlTemplate\":\"https:\/\/alfequipment.com\/?s={search_term_string}\"},\"query-input\":{\"@type\":\"PropertyValueSpecification\",\"valueRequired\":true,\"valueName\":\"search_term_string\"}}],\"inLanguage\":\"fr-FR\"},{\"@type\":\"Organization\",\"@id\":\"https:\/\/alfequipment.com\/#organization\",\"name\":\"ALF PACK\",\"url\":\"https:\/\/alfequipment.com\/\",\"logo\":{\"@type\":\"ImageObject\",\"inLanguage\":\"fr-FR\",\"@id\":\"https:\/\/alfequipment.com\/#\/schema\/logo\/image\/\",\"url\":\"https:\/\/alfequipment.com\/wp-content\/uploads\/2024\/11\/ALFlogo-2.webp\",\"contentUrl\":\"https:\/\/alfequipment.com\/wp-content\/uploads\/2024\/11\/ALFlogo-2.webp\",\"width\":758,\"height\":750,\"caption\":\"ALF PACK\"},\"image\":{\"@id\":\"https:\/\/alfequipment.com\/#\/schema\/logo\/image\/\"}}]}<\/script>\n<!-- \/ Yoast SEO Premium plugin. -->","yoast_head_json":{"title":"LGYS-2500B Machine \u00e0 sceller par induction \u00e0 refroidissement par eau en continu de haute qualit\u00e9 - ALF PACK","robots":{"index":"index","follow":"follow","max-snippet":"max-snippet:-1","max-image-preview":"max-image-preview:large","max-video-preview":"max-video-preview:-1"},"canonical":"https:\/\/alfequipment.com\/fr\/product\/lgys-2500b-machine-a-sceller-par-induction-a-refroidissement-par-eau-en-continu-de-haute-qualite\/","og_locale":"fr_FR","og_type":"article","og_title":"LGYS-2500B High Quality Continuous water cooling Induction Sealing Machine","og_description":"Water Cooling Induction Sealer","og_url":"https:\/\/alfequipment.com\/fr\/product\/lgys-2500b-machine-a-sceller-par-induction-a-refroidissement-par-eau-en-continu-de-haute-qualite\/","og_site_name":"ALF PACK","article_modified_time":"2025-01-13T15:02:41+00:00","og_image":[{"width":800,"height":800,"url":"https:\/\/alfequipment.com\/wp-content\/uploads\/2025\/01\/LGYS-2500B-High-Quality-Continuous-water-cooling.jpg","type":"image\/webp"}],"twitter_card":"summary_large_image","twitter_misc":{"Dur\u00e9e de lecture estim\u00e9e":"1 minute"},"schema":{"@context":"https:\/\/schema.org","@graph":[{"@type":"WebPage","@id":"https:\/\/alfequipment.com\/product\/lgys-2500b-high-quality-continuous-water-cooling-induction-sealing-machine\/","url":"https:\/\/alfequipment.com\/product\/lgys-2500b-high-quality-continuous-water-cooling-induction-sealing-machine\/","name":"LGYS-2500B Machine \u00e0 sceller par induction \u00e0 refroidissement par eau en continu de haute qualit\u00e9 - ALF PACK","isPartOf":{"@id":"https:\/\/alfequipment.com\/#website"},"primaryImageOfPage":{"@id":"https:\/\/alfequipment.com\/product\/lgys-2500b-high-quality-continuous-water-cooling-induction-sealing-machine\/#primaryimage"},"image":{"@id":"https:\/\/alfequipment.com\/product\/lgys-2500b-high-quality-continuous-water-cooling-induction-sealing-machine\/#primaryimage"},"thumbnailUrl":"https:\/\/alfequipment.com\/wp-content\/uploads\/2025\/01\/LGYS-2500B-High-Quality-Continuous-water-cooling.jpg","datePublished":"2024-12-24T05:57:08+00:00","dateModified":"2025-01-13T15:02:41+00:00","breadcrumb":{"@id":"https:\/\/alfequipment.com\/product\/lgys-2500b-high-quality-continuous-water-cooling-induction-sealing-machine\/#breadcrumb"},"inLanguage":"fr-FR","potentialAction":[{"@type":"ReadAction","target":["https:\/\/alfequipment.com\/product\/lgys-2500b-high-quality-continuous-water-cooling-induction-sealing-machine\/"]}]},{"@type":"ImageObject","inLanguage":"fr-FR","@id":"https:\/\/alfequipment.com\/product\/lgys-2500b-high-quality-continuous-water-cooling-induction-sealing-machine\/#primaryimage","url":"https:\/\/alfequipment.com\/wp-content\/uploads\/2025\/01\/LGYS-2500B-High-Quality-Continuous-water-cooling.jpg","contentUrl":"https:\/\/alfequipment.com\/wp-content\/uploads\/2025\/01\/LGYS-2500B-High-Quality-Continuous-water-cooling.jpg","width":800,"height":800},{"@type":"BreadcrumbList","@id":"https:\/\/alfequipment.com\/product\/lgys-2500b-high-quality-continuous-water-cooling-induction-sealing-machine\/#breadcrumb","itemListElement":[{"@type":"ListItem","position":1,"name":"Home","item":"https:\/\/alfequipment.com\/"},{"@type":"ListItem","position":2,"name":"Shop","item":"https:\/\/alfequipment.com\/shop\/"},{"@type":"ListItem","position":3,"name":"LGYS-2500B High Quality Continuous water cooling Induction Sealing Machine"}]},{"@type":"WebSite","@id":"https:\/\/alfequipment.com\/#website","url":"https:\/\/alfequipment.com\/","name":"PACK ALF","description":"","publisher":{"@id":"https:\/\/alfequipment.com\/#organization"},"potentialAction":[{"@type":"SearchAction","target":{"@type":"EntryPoint","urlTemplate":"https:\/\/alfequipment.com\/?s={search_term_string}"},"query-input":{"@type":"PropertyValueSpecification","valueRequired":true,"valueName":"search_term_string"}}],"inLanguage":"fr-FR"},{"@type":"Organization","@id":"https:\/\/alfequipment.com\/#organization","name":"PACK ALF","url":"https:\/\/alfequipment.com\/","logo":{"@type":"ImageObject","inLanguage":"fr-FR","@id":"https:\/\/alfequipment.com\/#\/schema\/logo\/image\/","url":"https:\/\/alfequipment.com\/wp-content\/uploads\/2024\/11\/ALFlogo-2.webp","contentUrl":"https:\/\/alfequipment.com\/wp-content\/uploads\/2024\/11\/ALFlogo-2.webp","width":758,"height":750,"caption":"ALF PACK"},"image":{"@id":"https:\/\/alfequipment.com\/#\/schema\/logo\/image\/"}}]}},"_links":{"self":[{"href":"https:\/\/alfequipment.com\/fr\/wp-json\/wp\/v2\/product\/3078","targetHints":{"allow":["GET"]}}],"collection":[{"href":"https:\/\/alfequipment.com\/fr\/wp-json\/wp\/v2\/product"}],"about":[{"href":"https:\/\/alfequipment.com\/fr\/wp-json\/wp\/v2\/types\/product"}],"replies":[{"embeddable":true,"href":"https:\/\/alfequipment.com\/fr\/wp-json\/wp\/v2\/comments?post=3078"}],"version-history":[{"count":0,"href":"https:\/\/alfequipment.com\/fr\/wp-json\/wp\/v2\/product\/3078\/revisions"}],"wp:featuredmedia":[{"embeddable":true,"href":"https:\/\/alfequipment.com\/fr\/wp-json\/wp\/v2\/media\/3079"}],"wp:attachment":[{"href":"https:\/\/alfequipment.com\/fr\/wp-json\/wp\/v2\/media?parent=3078"}],"wp:term":[{"taxonomy":"product_brand","embeddable":true,"href":"https:\/\/alfequipment.com\/fr\/wp-json\/wp\/v2\/product_brand?post=3078"},{"taxonomy":"product_cat","embeddable":true,"href":"https:\/\/alfequipment.com\/fr\/wp-json\/wp\/v2\/product_cat?post=3078"},{"taxonomy":"product_tag","embeddable":true,"href":"https:\/\/alfequipment.com\/fr\/wp-json\/wp\/v2\/product_tag?post=3078"}],"curies":[{"name":"wp","href":"https:\/\/api.w.org\/{rel}","templated":true}]}}