{"id":3082,"date":"2024-12-22T19:28:44","date_gmt":"2024-12-22T19:28:44","guid":{"rendered":"https:\/\/alfequipment.com\/product\/dgyf-s500b-aluminum-foil-portable-induction-sealer-bottle-cap-sealing-machine\/"},"modified":"2025-01-13T15:02:42","modified_gmt":"2025-01-13T15:02:42","slug":"dgyf-s500b-machine-a-sceller-les-capsules-de-bouteilles-par-induction","status":"publish","type":"product","link":"https:\/\/alfequipment.com\/fr\/product\/dgyf-s500b-machine-a-sceller-les-capsules-de-bouteilles-par-induction\/","title":{"rendered":"DGYF-S500B Scelleuse de capsules de bouteilles par induction portable"},"content":{"rendered":"<div id=\"ali-anchor-AliPostDhMb-vuw6y\" class=\"mceSectionContainer\" style=\"padding-top: 8px;\" data-section=\"AliPostDhMb-vuw6y\" data-section-title=\"Product Description\">\n<div style=\"padding: 10px;\">\n<p><span style=\"line-height: 18px; font-family: Verdana, Arial, Helvetica, sans-serif; background-color: #ffffff;\">1 La machine \u00e0 sceller par induction portable de la s\u00e9rie DGYF utilise le principe de l'induction \u00e9lectromagn\u00e9tique pour produire une chaleur \u00e9lev\u00e9e instantan\u00e9e afin de faire fondre le papier d'aluminium.<\/span><\/p>\n<p><span style=\"font-family: Verdana, Arial, Helvetica, sans-serif;\">2. il adh\u00e8re ensuite au trou de bonde, ce qui permet d'atteindre l'objectif d'\u00e9tanch\u00e9it\u00e9 \u00e0 l'eau, aux fuites et \u00e0 la moisissure et de prolonger la dur\u00e9e de conservation. <\/span><\/p>\n<p><span style=\"font-family: Verdana, Arial, Helvetica, sans-serif;\">3. aujourd'hui, elle est largement utilis\u00e9e comme machine \u00e0 emballer et \u00e0 sceller dans les industries telles que les produits pharmaceutiques, les pesticides, les lubrifiants et les cosm\u00e9tiques, etc.<\/span><\/p>\n<\/p><\/div>\n<\/div>\n<p>&nbsp;<\/p>\n<p><span style=\"font-size: 16px;\">Sp\u00e9cification :<\/span><\/p>\n<p>&nbsp;<\/p>\n<table class=\"aliDataTable\" style=\"width: 325px;\" border=\"0\" cellspacing=\"0\" cellpadding=\"0\">\n<tbody>\n<tr style=\"height: 15px;\">\n<td style=\"height: 15px;\">\n<p>Mod\u00e8le<\/p>\n<\/td>\n<td style=\"height: 15px;\">\n<p>DGYF-S500B<\/p>\n<\/td>\n<\/tr>\n<tr style=\"height: 15px;\">\n<td style=\"height: 15px;\">\n<p>tension<\/p>\n<\/td>\n<td style=\"height: 15px;\">\n<p>110V\/220V 50HZ\/60HZ<\/p>\n<\/td>\n<\/tr>\n<tr style=\"height: 15px;\">\n<td style=\"height: 15px;\">\n<p>Puissance<\/p>\n<\/td>\n<td style=\"height: 15px;\">\n<p>500W<\/p>\n<\/td>\n<\/tr>\n<tr style=\"height: 15px;\">\n<td style=\"height: 15px;\">\n<p>Capacit\u00e9<\/p>\n<\/td>\n<td style=\"height: 15px;\">\n<p>0-50pcs\/min<\/p>\n<\/td>\n<\/tr>\n<tr style=\"height: 15px;\">\n<td style=\"height: 15px;\">\n<p>Diam\u00e8tre d'\u00e9tanch\u00e9it\u00e9<\/p>\n<\/td>\n<td style=\"height: 15px;\">\n<p>15-35mm<\/p>\n<\/td>\n<\/tr>\n<tr style=\"height: 15px;\">\n<td style=\"height: 15px;\">\n<p>Poids de la machine<\/p>\n<\/td>\n<td style=\"height: 15px;\">\n<p>5kg<\/p>\n<\/td>\n<\/tr>\n<tr style=\"height: 19px;\">\n<td style=\"height: 19px;\">\n<p>Taille de la machine<\/p>\n<\/td>\n<td style=\"height: 19px;\">\n<p>340*290*150mm<\/p>\n<\/td>\n<\/tr>\n<\/tbody>\n<\/table>\n<p>&nbsp;<img decoding=\"async\" src=\"https:\/\/sc02.alicdn.com\/kf\/H53f45a7b0d97484dabfc0d81593949f9M\/64496\/H53f45a7b0d97484dabfc0d81593949f9M.jpg\" data-alt=\"DGYF-S500B aluminum foil Portable induction sealer Bottle Cap Sealing Machine\" ori-width=\"800\" ori-height=\"800\" class=\"aligncenter\"><\/p>\n<div id=\"ali-anchor-AliPostDhMb-1rhmo\" class=\"mceSectionContainer\" style=\"padding-top: 8px;\" data-section=\"AliPostDhMb-1rhmo\" data-section-title=\"Packaging &amp; Shipping\">\n<div id=\"ali-title-AliPostDhMb-1rhmo\" style=\"padding: 8px 0; border-bottom: 1px solid #ddd;\"><\/div>\n<\/div>","protected":false},"excerpt":{"rendered":"<p>Machine \u00e0 sceller les bouchons de bouteilles par induction Dgyf-s500b<\/p>","protected":false},"featured_media":3083,"comment_status":"closed","ping_status":"open","template":"","meta":[],"product_brand":[],"product_cat":[120,97],"product_tag":[],"class_list":{"0":"post-3082","1":"product","2":"type-product","3":"status-publish","4":"has-post-thumbnail","6":"product_cat-induction-sealer","7":"product_cat-sealing-machines","9":"first","10":"instock","11":"sale","12":"purchasable","13":"product-type-simple"},"yoast_head":"<!-- This site is optimized with the Yoast SEO Premium plugin v20.9 (Yoast SEO v26.5) - https:\/\/yoast.com\/wordpress\/plugins\/seo\/ -->\n<title>DGYF-S500B aluminum foil Portable induction sealer Bottle Cap Sealing Machine - ALF PACK<\/title>\n<meta name=\"robots\" content=\"index, follow, max-snippet:-1, max-image-preview:large, max-video-preview:-1\" \/>\n<link rel=\"canonical\" href=\"https:\/\/alfequipment.com\/fr\/product\/dgyf-s500b-machine-a-sceller-les-capsules-de-bouteilles-par-induction\/\" \/>\n<meta property=\"og:locale\" content=\"fr_FR\" \/>\n<meta property=\"og:type\" content=\"article\" \/>\n<meta property=\"og:title\" content=\"DGYF-S500B aluminum foil Portable induction sealer Bottle Cap Sealing Machine\" \/>\n<meta property=\"og:description\" content=\"Portable Induction Sealer Dgyf-s500b Bottle Cap Sealing Machine\" \/>\n<meta property=\"og:url\" content=\"https:\/\/alfequipment.com\/fr\/product\/dgyf-s500b-machine-a-sceller-les-capsules-de-bouteilles-par-induction\/\" \/>\n<meta property=\"og:site_name\" content=\"ALF PACK\" \/>\n<meta property=\"article:modified_time\" content=\"2025-01-13T15:02:42+00:00\" \/>\n<meta property=\"og:image\" content=\"https:\/\/alfequipment.com\/wp-content\/uploads\/2025\/01\/H4e83e208f4bc4658a7dd2cb6584dc425b.jpg\" \/>\n\t<meta property=\"og:image:width\" content=\"800\" \/>\n\t<meta property=\"og:image:height\" content=\"800\" \/>\n\t<meta property=\"og:image:type\" content=\"image\/webp\" \/>\n<meta name=\"twitter:card\" content=\"summary_large_image\" \/>\n<script type=\"application\/ld+json\" class=\"yoast-schema-graph\">{\"@context\":\"https:\/\/schema.org\",\"@graph\":[{\"@type\":\"WebPage\",\"@id\":\"https:\/\/alfequipment.com\/product\/dgyf-s500b-aluminum-foil-portable-induction-sealer-bottle-cap-sealing-machine\/\",\"url\":\"https:\/\/alfequipment.com\/product\/dgyf-s500b-aluminum-foil-portable-induction-sealer-bottle-cap-sealing-machine\/\",\"name\":\"DGYF-S500B aluminum foil Portable induction sealer Bottle Cap Sealing Machine - ALF PACK\",\"isPartOf\":{\"@id\":\"https:\/\/alfequipment.com\/#website\"},\"primaryImageOfPage\":{\"@id\":\"https:\/\/alfequipment.com\/product\/dgyf-s500b-aluminum-foil-portable-induction-sealer-bottle-cap-sealing-machine\/#primaryimage\"},\"image\":{\"@id\":\"https:\/\/alfequipment.com\/product\/dgyf-s500b-aluminum-foil-portable-induction-sealer-bottle-cap-sealing-machine\/#primaryimage\"},\"thumbnailUrl\":\"https:\/\/alfequipment.com\/wp-content\/uploads\/2025\/01\/H4e83e208f4bc4658a7dd2cb6584dc425b.jpg\",\"datePublished\":\"2024-12-22T19:28:44+00:00\",\"dateModified\":\"2025-01-13T15:02:42+00:00\",\"breadcrumb\":{\"@id\":\"https:\/\/alfequipment.com\/product\/dgyf-s500b-aluminum-foil-portable-induction-sealer-bottle-cap-sealing-machine\/#breadcrumb\"},\"inLanguage\":\"fr-FR\",\"potentialAction\":[{\"@type\":\"ReadAction\",\"target\":[\"https:\/\/alfequipment.com\/product\/dgyf-s500b-aluminum-foil-portable-induction-sealer-bottle-cap-sealing-machine\/\"]}]},{\"@type\":\"ImageObject\",\"inLanguage\":\"fr-FR\",\"@id\":\"https:\/\/alfequipment.com\/product\/dgyf-s500b-aluminum-foil-portable-induction-sealer-bottle-cap-sealing-machine\/#primaryimage\",\"url\":\"https:\/\/alfequipment.com\/wp-content\/uploads\/2025\/01\/H4e83e208f4bc4658a7dd2cb6584dc425b.jpg\",\"contentUrl\":\"https:\/\/alfequipment.com\/wp-content\/uploads\/2025\/01\/H4e83e208f4bc4658a7dd2cb6584dc425b.jpg\",\"width\":800,\"height\":800},{\"@type\":\"BreadcrumbList\",\"@id\":\"https:\/\/alfequipment.com\/product\/dgyf-s500b-aluminum-foil-portable-induction-sealer-bottle-cap-sealing-machine\/#breadcrumb\",\"itemListElement\":[{\"@type\":\"ListItem\",\"position\":1,\"name\":\"Home\",\"item\":\"https:\/\/alfequipment.com\/\"},{\"@type\":\"ListItem\",\"position\":2,\"name\":\"Shop\",\"item\":\"https:\/\/alfequipment.com\/shop\/\"},{\"@type\":\"ListItem\",\"position\":3,\"name\":\"DGYF-S500B aluminum foil Portable induction sealer Bottle Cap Sealing Machine\"}]},{\"@type\":\"WebSite\",\"@id\":\"https:\/\/alfequipment.com\/#website\",\"url\":\"https:\/\/alfequipment.com\/\",\"name\":\"ALF PACK\",\"description\":\"\",\"publisher\":{\"@id\":\"https:\/\/alfequipment.com\/#organization\"},\"potentialAction\":[{\"@type\":\"SearchAction\",\"target\":{\"@type\":\"EntryPoint\",\"urlTemplate\":\"https:\/\/alfequipment.com\/?s={search_term_string}\"},\"query-input\":{\"@type\":\"PropertyValueSpecification\",\"valueRequired\":true,\"valueName\":\"search_term_string\"}}],\"inLanguage\":\"fr-FR\"},{\"@type\":\"Organization\",\"@id\":\"https:\/\/alfequipment.com\/#organization\",\"name\":\"ALF PACK\",\"url\":\"https:\/\/alfequipment.com\/\",\"logo\":{\"@type\":\"ImageObject\",\"inLanguage\":\"fr-FR\",\"@id\":\"https:\/\/alfequipment.com\/#\/schema\/logo\/image\/\",\"url\":\"https:\/\/alfequipment.com\/wp-content\/uploads\/2024\/11\/ALFlogo-2.webp\",\"contentUrl\":\"https:\/\/alfequipment.com\/wp-content\/uploads\/2024\/11\/ALFlogo-2.webp\",\"width\":758,\"height\":750,\"caption\":\"ALF PACK\"},\"image\":{\"@id\":\"https:\/\/alfequipment.com\/#\/schema\/logo\/image\/\"}}]}<\/script>\n<!-- \/ Yoast SEO Premium plugin. -->","yoast_head_json":{"title":"DGYF-S500B scelleuse de bouteilles par induction - ALF PACK","robots":{"index":"index","follow":"follow","max-snippet":"max-snippet:-1","max-image-preview":"max-image-preview:large","max-video-preview":"max-video-preview:-1"},"canonical":"https:\/\/alfequipment.com\/fr\/product\/dgyf-s500b-machine-a-sceller-les-capsules-de-bouteilles-par-induction\/","og_locale":"fr_FR","og_type":"article","og_title":"DGYF-S500B aluminum foil Portable induction sealer Bottle Cap Sealing Machine","og_description":"Portable Induction Sealer Dgyf-s500b Bottle Cap Sealing Machine","og_url":"https:\/\/alfequipment.com\/fr\/product\/dgyf-s500b-machine-a-sceller-les-capsules-de-bouteilles-par-induction\/","og_site_name":"ALF PACK","article_modified_time":"2025-01-13T15:02:42+00:00","og_image":[{"width":800,"height":800,"url":"https:\/\/alfequipment.com\/wp-content\/uploads\/2025\/01\/H4e83e208f4bc4658a7dd2cb6584dc425b.jpg","type":"image\/webp"}],"twitter_card":"summary_large_image","schema":{"@context":"https:\/\/schema.org","@graph":[{"@type":"WebPage","@id":"https:\/\/alfequipment.com\/product\/dgyf-s500b-aluminum-foil-portable-induction-sealer-bottle-cap-sealing-machine\/","url":"https:\/\/alfequipment.com\/product\/dgyf-s500b-aluminum-foil-portable-induction-sealer-bottle-cap-sealing-machine\/","name":"DGYF-S500B scelleuse de bouteilles par induction - ALF PACK","isPartOf":{"@id":"https:\/\/alfequipment.com\/#website"},"primaryImageOfPage":{"@id":"https:\/\/alfequipment.com\/product\/dgyf-s500b-aluminum-foil-portable-induction-sealer-bottle-cap-sealing-machine\/#primaryimage"},"image":{"@id":"https:\/\/alfequipment.com\/product\/dgyf-s500b-aluminum-foil-portable-induction-sealer-bottle-cap-sealing-machine\/#primaryimage"},"thumbnailUrl":"https:\/\/alfequipment.com\/wp-content\/uploads\/2025\/01\/H4e83e208f4bc4658a7dd2cb6584dc425b.jpg","datePublished":"2024-12-22T19:28:44+00:00","dateModified":"2025-01-13T15:02:42+00:00","breadcrumb":{"@id":"https:\/\/alfequipment.com\/product\/dgyf-s500b-aluminum-foil-portable-induction-sealer-bottle-cap-sealing-machine\/#breadcrumb"},"inLanguage":"fr-FR","potentialAction":[{"@type":"ReadAction","target":["https:\/\/alfequipment.com\/product\/dgyf-s500b-aluminum-foil-portable-induction-sealer-bottle-cap-sealing-machine\/"]}]},{"@type":"ImageObject","inLanguage":"fr-FR","@id":"https:\/\/alfequipment.com\/product\/dgyf-s500b-aluminum-foil-portable-induction-sealer-bottle-cap-sealing-machine\/#primaryimage","url":"https:\/\/alfequipment.com\/wp-content\/uploads\/2025\/01\/H4e83e208f4bc4658a7dd2cb6584dc425b.jpg","contentUrl":"https:\/\/alfequipment.com\/wp-content\/uploads\/2025\/01\/H4e83e208f4bc4658a7dd2cb6584dc425b.jpg","width":800,"height":800},{"@type":"BreadcrumbList","@id":"https:\/\/alfequipment.com\/product\/dgyf-s500b-aluminum-foil-portable-induction-sealer-bottle-cap-sealing-machine\/#breadcrumb","itemListElement":[{"@type":"ListItem","position":1,"name":"Home","item":"https:\/\/alfequipment.com\/"},{"@type":"ListItem","position":2,"name":"Shop","item":"https:\/\/alfequipment.com\/shop\/"},{"@type":"ListItem","position":3,"name":"DGYF-S500B aluminum foil Portable induction sealer Bottle Cap Sealing Machine"}]},{"@type":"WebSite","@id":"https:\/\/alfequipment.com\/#website","url":"https:\/\/alfequipment.com\/","name":"PACK ALF","description":"","publisher":{"@id":"https:\/\/alfequipment.com\/#organization"},"potentialAction":[{"@type":"SearchAction","target":{"@type":"EntryPoint","urlTemplate":"https:\/\/alfequipment.com\/?s={search_term_string}"},"query-input":{"@type":"PropertyValueSpecification","valueRequired":true,"valueName":"search_term_string"}}],"inLanguage":"fr-FR"},{"@type":"Organization","@id":"https:\/\/alfequipment.com\/#organization","name":"PACK ALF","url":"https:\/\/alfequipment.com\/","logo":{"@type":"ImageObject","inLanguage":"fr-FR","@id":"https:\/\/alfequipment.com\/#\/schema\/logo\/image\/","url":"https:\/\/alfequipment.com\/wp-content\/uploads\/2024\/11\/ALFlogo-2.webp","contentUrl":"https:\/\/alfequipment.com\/wp-content\/uploads\/2024\/11\/ALFlogo-2.webp","width":758,"height":750,"caption":"ALF PACK"},"image":{"@id":"https:\/\/alfequipment.com\/#\/schema\/logo\/image\/"}}]}},"_links":{"self":[{"href":"https:\/\/alfequipment.com\/fr\/wp-json\/wp\/v2\/product\/3082","targetHints":{"allow":["GET"]}}],"collection":[{"href":"https:\/\/alfequipment.com\/fr\/wp-json\/wp\/v2\/product"}],"about":[{"href":"https:\/\/alfequipment.com\/fr\/wp-json\/wp\/v2\/types\/product"}],"replies":[{"embeddable":true,"href":"https:\/\/alfequipment.com\/fr\/wp-json\/wp\/v2\/comments?post=3082"}],"version-history":[{"count":0,"href":"https:\/\/alfequipment.com\/fr\/wp-json\/wp\/v2\/product\/3082\/revisions"}],"wp:featuredmedia":[{"embeddable":true,"href":"https:\/\/alfequipment.com\/fr\/wp-json\/wp\/v2\/media\/3083"}],"wp:attachment":[{"href":"https:\/\/alfequipment.com\/fr\/wp-json\/wp\/v2\/media?parent=3082"}],"wp:term":[{"taxonomy":"product_brand","embeddable":true,"href":"https:\/\/alfequipment.com\/fr\/wp-json\/wp\/v2\/product_brand?post=3082"},{"taxonomy":"product_cat","embeddable":true,"href":"https:\/\/alfequipment.com\/fr\/wp-json\/wp\/v2\/product_cat?post=3082"},{"taxonomy":"product_tag","embeddable":true,"href":"https:\/\/alfequipment.com\/fr\/wp-json\/wp\/v2\/product_tag?post=3082"}],"curies":[{"name":"wp","href":"https:\/\/api.w.org\/{rel}","templated":true}]}}