{"id":3090,"date":"2025-01-11T16:40:01","date_gmt":"2025-01-11T16:40:01","guid":{"rendered":"https:\/\/alfequipment.com\/product\/dz320b-small-household-vacuum-packager-vacuum-packaging-machine-for-food\/"},"modified":"2025-01-13T13:11:35","modified_gmt":"2025-01-13T13:11:35","slug":"dz320b-petite-machine-a-emballer-sous-vide-domestique-machine-a-emballer-sous-vide-pour-aliments","status":"publish","type":"product","link":"https:\/\/alfequipment.com\/fr\/product\/dz320b-petite-machine-a-emballer-sous-vide-domestique-machine-a-emballer-sous-vide-pour-aliments\/","title":{"rendered":"DZ320B Petite machine \u00e0 emballer sous vide domestique Machine \u00e0 emballer sous vide pour aliments"},"content":{"rendered":"<div data-magic-global=\"%7B%22bizId%22%3A17179933680%2C%22pageId%22%3A21041024037%2C%22siteId%22%3A5005331025%7D\" id=\"detail_decorate_root\">\n<div module-id=\"28316264684\" module-title=\"detailProductNavigation\" render=\"true\" class=\"J_module\">\n<div id=\"ali-anchor-AliMagic-joixf3\" data-section=\"AliMagic-joixf3\" data-section-title=\"Product Overview\" class=\"magic-0\">* La nouvelle pompe \u00e0 vide a un degr\u00e9 de vide tr\u00e8s \u00e9lev\u00e9 qui permet de conserver les aliments frais pendant longtemps.<\/div>\n<\/div>\n<div module-id=\"28316264685\" module-title=\"detailTextWithTitle\" render=\"true\" class=\"J_module\">\n<div class=\"detail-decorate-json-renderer-container\">\n<div class=\"magic-1\">\n<div class=\"magic-4\">\n<div class=\"magic-5\">\n<div class=\"magic-6\"><span><span>* La grande serrure nouvellement d\u00e9velopp\u00e9e offre une dur\u00e9e de vie plus longue et une meilleure \u00e9tanch\u00e9it\u00e9.<br \/>* Nouveau dispositif de chauffage, \u00e9tanch\u00e9it\u00e9 parfaite et entretien plus facile.<\/span><\/span><\/p>\n<div>\n        <span><span><span><br \/><\/span><\/span><\/span>\n       <\/div>\n<div>\n        <span><span><span>Type humide et sec enti\u00e8rement automatique, avec vacuom\u00e8tre, le degr\u00e9 de vide est clair en un coup d'\u0153il. Convient aux sacs \u00e0 grains, aux sacs sous vide \u00e0 mailles, aux sacs de briques de riz et \u00e0 d'autres sacs en plastique.<\/span><br \/><\/span><\/span>\n       <\/div>\n<\/p><\/div>\n<\/p><\/div>\n<\/p><\/div>\n<\/p><\/div>\n<\/p><\/div>\n<\/p><\/div>\n<\/div>","protected":false},"excerpt":{"rendered":"<p>Petite machine \u00e0 emballer sous vide \u00e0 usage domestique<\/p>","protected":false},"featured_media":3091,"comment_status":"closed","ping_status":"open","template":"","meta":[],"product_brand":[],"product_cat":[100],"product_tag":[],"class_list":{"0":"post-3090","1":"product","2":"type-product","3":"status-publish","4":"has-post-thumbnail","6":"product_cat-vacuum-packing-machines","8":"first","9":"instock","10":"sale","11":"purchasable","12":"product-type-simple"},"yoast_head":"<!-- This site is optimized with the Yoast SEO Premium plugin v20.9 (Yoast SEO v26.5) - https:\/\/yoast.com\/wordpress\/plugins\/seo\/ -->\n<title>DZ320B Small Household vacuum packager vacuum packaging machine for food - ALF PACK<\/title>\n<meta name=\"robots\" content=\"index, follow, max-snippet:-1, max-image-preview:large, max-video-preview:-1\" \/>\n<link rel=\"canonical\" href=\"https:\/\/alfequipment.com\/fr\/product\/dz320b-petite-machine-a-emballer-sous-vide-domestique-machine-a-emballer-sous-vide-pour-aliments\/\" \/>\n<meta property=\"og:locale\" content=\"fr_FR\" \/>\n<meta property=\"og:type\" content=\"article\" \/>\n<meta property=\"og:title\" content=\"DZ320B Small Household vacuum packager vacuum packaging machine for food\" \/>\n<meta property=\"og:description\" content=\"Small Household Vacuum Packager\" \/>\n<meta property=\"og:url\" content=\"https:\/\/alfequipment.com\/fr\/product\/dz320b-petite-machine-a-emballer-sous-vide-domestique-machine-a-emballer-sous-vide-pour-aliments\/\" \/>\n<meta property=\"og:site_name\" content=\"ALF PACK\" \/>\n<meta property=\"article:modified_time\" content=\"2025-01-13T13:11:35+00:00\" \/>\n<meta property=\"og:image\" content=\"https:\/\/alfequipment.com\/wp-content\/uploads\/2025\/01\/DZ320B-Small-Household-vacuum-packager-vacuum-packaging.jpg\" \/>\n\t<meta property=\"og:image:width\" content=\"1000\" \/>\n\t<meta property=\"og:image:height\" content=\"1000\" \/>\n\t<meta property=\"og:image:type\" content=\"image\/webp\" \/>\n<meta name=\"twitter:card\" content=\"summary_large_image\" \/>\n<script type=\"application\/ld+json\" class=\"yoast-schema-graph\">{\"@context\":\"https:\/\/schema.org\",\"@graph\":[{\"@type\":\"WebPage\",\"@id\":\"https:\/\/alfequipment.com\/product\/dz320b-small-household-vacuum-packager-vacuum-packaging-machine-for-food\/\",\"url\":\"https:\/\/alfequipment.com\/product\/dz320b-small-household-vacuum-packager-vacuum-packaging-machine-for-food\/\",\"name\":\"DZ320B Small Household vacuum packager vacuum packaging machine for food - ALF PACK\",\"isPartOf\":{\"@id\":\"https:\/\/alfequipment.com\/#website\"},\"primaryImageOfPage\":{\"@id\":\"https:\/\/alfequipment.com\/product\/dz320b-small-household-vacuum-packager-vacuum-packaging-machine-for-food\/#primaryimage\"},\"image\":{\"@id\":\"https:\/\/alfequipment.com\/product\/dz320b-small-household-vacuum-packager-vacuum-packaging-machine-for-food\/#primaryimage\"},\"thumbnailUrl\":\"https:\/\/alfequipment.com\/wp-content\/uploads\/2025\/01\/DZ320B-Small-Household-vacuum-packager-vacuum-packaging.jpg\",\"datePublished\":\"2025-01-11T16:40:01+00:00\",\"dateModified\":\"2025-01-13T13:11:35+00:00\",\"breadcrumb\":{\"@id\":\"https:\/\/alfequipment.com\/product\/dz320b-small-household-vacuum-packager-vacuum-packaging-machine-for-food\/#breadcrumb\"},\"inLanguage\":\"fr-FR\",\"potentialAction\":[{\"@type\":\"ReadAction\",\"target\":[\"https:\/\/alfequipment.com\/product\/dz320b-small-household-vacuum-packager-vacuum-packaging-machine-for-food\/\"]}]},{\"@type\":\"ImageObject\",\"inLanguage\":\"fr-FR\",\"@id\":\"https:\/\/alfequipment.com\/product\/dz320b-small-household-vacuum-packager-vacuum-packaging-machine-for-food\/#primaryimage\",\"url\":\"https:\/\/alfequipment.com\/wp-content\/uploads\/2025\/01\/DZ320B-Small-Household-vacuum-packager-vacuum-packaging.jpg\",\"contentUrl\":\"https:\/\/alfequipment.com\/wp-content\/uploads\/2025\/01\/DZ320B-Small-Household-vacuum-packager-vacuum-packaging.jpg\",\"width\":1000,\"height\":1000},{\"@type\":\"BreadcrumbList\",\"@id\":\"https:\/\/alfequipment.com\/product\/dz320b-small-household-vacuum-packager-vacuum-packaging-machine-for-food\/#breadcrumb\",\"itemListElement\":[{\"@type\":\"ListItem\",\"position\":1,\"name\":\"Home\",\"item\":\"https:\/\/alfequipment.com\/\"},{\"@type\":\"ListItem\",\"position\":2,\"name\":\"Shop\",\"item\":\"https:\/\/alfequipment.com\/shop\/\"},{\"@type\":\"ListItem\",\"position\":3,\"name\":\"DZ320B Small Household vacuum packager vacuum packaging machine for food\"}]},{\"@type\":\"WebSite\",\"@id\":\"https:\/\/alfequipment.com\/#website\",\"url\":\"https:\/\/alfequipment.com\/\",\"name\":\"ALF PACK\",\"description\":\"\",\"publisher\":{\"@id\":\"https:\/\/alfequipment.com\/#organization\"},\"potentialAction\":[{\"@type\":\"SearchAction\",\"target\":{\"@type\":\"EntryPoint\",\"urlTemplate\":\"https:\/\/alfequipment.com\/?s={search_term_string}\"},\"query-input\":{\"@type\":\"PropertyValueSpecification\",\"valueRequired\":true,\"valueName\":\"search_term_string\"}}],\"inLanguage\":\"fr-FR\"},{\"@type\":\"Organization\",\"@id\":\"https:\/\/alfequipment.com\/#organization\",\"name\":\"ALF PACK\",\"url\":\"https:\/\/alfequipment.com\/\",\"logo\":{\"@type\":\"ImageObject\",\"inLanguage\":\"fr-FR\",\"@id\":\"https:\/\/alfequipment.com\/#\/schema\/logo\/image\/\",\"url\":\"https:\/\/alfequipment.com\/wp-content\/uploads\/2024\/11\/ALFlogo-2.webp\",\"contentUrl\":\"https:\/\/alfequipment.com\/wp-content\/uploads\/2024\/11\/ALFlogo-2.webp\",\"width\":758,\"height\":750,\"caption\":\"ALF PACK\"},\"image\":{\"@id\":\"https:\/\/alfequipment.com\/#\/schema\/logo\/image\/\"}}]}<\/script>\n<!-- \/ Yoast SEO Premium plugin. -->","yoast_head_json":{"title":"DZ320B Petite machine \u00e0 emballer sous vide domestique machine \u00e0 emballer sous vide pour aliments - ALF PACK","robots":{"index":"index","follow":"follow","max-snippet":"max-snippet:-1","max-image-preview":"max-image-preview:large","max-video-preview":"max-video-preview:-1"},"canonical":"https:\/\/alfequipment.com\/fr\/product\/dz320b-petite-machine-a-emballer-sous-vide-domestique-machine-a-emballer-sous-vide-pour-aliments\/","og_locale":"fr_FR","og_type":"article","og_title":"DZ320B Small Household vacuum packager vacuum packaging machine for food","og_description":"Small Household Vacuum Packager","og_url":"https:\/\/alfequipment.com\/fr\/product\/dz320b-petite-machine-a-emballer-sous-vide-domestique-machine-a-emballer-sous-vide-pour-aliments\/","og_site_name":"ALF PACK","article_modified_time":"2025-01-13T13:11:35+00:00","og_image":[{"width":1000,"height":1000,"url":"https:\/\/alfequipment.com\/wp-content\/uploads\/2025\/01\/DZ320B-Small-Household-vacuum-packager-vacuum-packaging.jpg","type":"image\/webp"}],"twitter_card":"summary_large_image","schema":{"@context":"https:\/\/schema.org","@graph":[{"@type":"WebPage","@id":"https:\/\/alfequipment.com\/product\/dz320b-small-household-vacuum-packager-vacuum-packaging-machine-for-food\/","url":"https:\/\/alfequipment.com\/product\/dz320b-small-household-vacuum-packager-vacuum-packaging-machine-for-food\/","name":"DZ320B Petite machine \u00e0 emballer sous vide domestique machine \u00e0 emballer sous vide pour aliments - ALF PACK","isPartOf":{"@id":"https:\/\/alfequipment.com\/#website"},"primaryImageOfPage":{"@id":"https:\/\/alfequipment.com\/product\/dz320b-small-household-vacuum-packager-vacuum-packaging-machine-for-food\/#primaryimage"},"image":{"@id":"https:\/\/alfequipment.com\/product\/dz320b-small-household-vacuum-packager-vacuum-packaging-machine-for-food\/#primaryimage"},"thumbnailUrl":"https:\/\/alfequipment.com\/wp-content\/uploads\/2025\/01\/DZ320B-Small-Household-vacuum-packager-vacuum-packaging.jpg","datePublished":"2025-01-11T16:40:01+00:00","dateModified":"2025-01-13T13:11:35+00:00","breadcrumb":{"@id":"https:\/\/alfequipment.com\/product\/dz320b-small-household-vacuum-packager-vacuum-packaging-machine-for-food\/#breadcrumb"},"inLanguage":"fr-FR","potentialAction":[{"@type":"ReadAction","target":["https:\/\/alfequipment.com\/product\/dz320b-small-household-vacuum-packager-vacuum-packaging-machine-for-food\/"]}]},{"@type":"ImageObject","inLanguage":"fr-FR","@id":"https:\/\/alfequipment.com\/product\/dz320b-small-household-vacuum-packager-vacuum-packaging-machine-for-food\/#primaryimage","url":"https:\/\/alfequipment.com\/wp-content\/uploads\/2025\/01\/DZ320B-Small-Household-vacuum-packager-vacuum-packaging.jpg","contentUrl":"https:\/\/alfequipment.com\/wp-content\/uploads\/2025\/01\/DZ320B-Small-Household-vacuum-packager-vacuum-packaging.jpg","width":1000,"height":1000},{"@type":"BreadcrumbList","@id":"https:\/\/alfequipment.com\/product\/dz320b-small-household-vacuum-packager-vacuum-packaging-machine-for-food\/#breadcrumb","itemListElement":[{"@type":"ListItem","position":1,"name":"Home","item":"https:\/\/alfequipment.com\/"},{"@type":"ListItem","position":2,"name":"Shop","item":"https:\/\/alfequipment.com\/shop\/"},{"@type":"ListItem","position":3,"name":"DZ320B Small Household vacuum packager vacuum packaging machine for food"}]},{"@type":"WebSite","@id":"https:\/\/alfequipment.com\/#website","url":"https:\/\/alfequipment.com\/","name":"PACK ALF","description":"","publisher":{"@id":"https:\/\/alfequipment.com\/#organization"},"potentialAction":[{"@type":"SearchAction","target":{"@type":"EntryPoint","urlTemplate":"https:\/\/alfequipment.com\/?s={search_term_string}"},"query-input":{"@type":"PropertyValueSpecification","valueRequired":true,"valueName":"search_term_string"}}],"inLanguage":"fr-FR"},{"@type":"Organization","@id":"https:\/\/alfequipment.com\/#organization","name":"PACK ALF","url":"https:\/\/alfequipment.com\/","logo":{"@type":"ImageObject","inLanguage":"fr-FR","@id":"https:\/\/alfequipment.com\/#\/schema\/logo\/image\/","url":"https:\/\/alfequipment.com\/wp-content\/uploads\/2024\/11\/ALFlogo-2.webp","contentUrl":"https:\/\/alfequipment.com\/wp-content\/uploads\/2024\/11\/ALFlogo-2.webp","width":758,"height":750,"caption":"ALF PACK"},"image":{"@id":"https:\/\/alfequipment.com\/#\/schema\/logo\/image\/"}}]}},"_links":{"self":[{"href":"https:\/\/alfequipment.com\/fr\/wp-json\/wp\/v2\/product\/3090","targetHints":{"allow":["GET"]}}],"collection":[{"href":"https:\/\/alfequipment.com\/fr\/wp-json\/wp\/v2\/product"}],"about":[{"href":"https:\/\/alfequipment.com\/fr\/wp-json\/wp\/v2\/types\/product"}],"replies":[{"embeddable":true,"href":"https:\/\/alfequipment.com\/fr\/wp-json\/wp\/v2\/comments?post=3090"}],"version-history":[{"count":0,"href":"https:\/\/alfequipment.com\/fr\/wp-json\/wp\/v2\/product\/3090\/revisions"}],"wp:featuredmedia":[{"embeddable":true,"href":"https:\/\/alfequipment.com\/fr\/wp-json\/wp\/v2\/media\/3091"}],"wp:attachment":[{"href":"https:\/\/alfequipment.com\/fr\/wp-json\/wp\/v2\/media?parent=3090"}],"wp:term":[{"taxonomy":"product_brand","embeddable":true,"href":"https:\/\/alfequipment.com\/fr\/wp-json\/wp\/v2\/product_brand?post=3090"},{"taxonomy":"product_cat","embeddable":true,"href":"https:\/\/alfequipment.com\/fr\/wp-json\/wp\/v2\/product_cat?post=3090"},{"taxonomy":"product_tag","embeddable":true,"href":"https:\/\/alfequipment.com\/fr\/wp-json\/wp\/v2\/product_tag?post=3090"}],"curies":[{"name":"wp","href":"https:\/\/api.w.org\/{rel}","templated":true}]}}