{"id":3102,"date":"2024-12-01T14:37:41","date_gmt":"2024-12-01T14:37:41","guid":{"rendered":"https:\/\/alfequipment.com\/product\/dz400-2d-single-chamber-vacuum-packaging-machine-optionwith-gas-flushing-system\/"},"modified":"2025-01-13T13:11:50","modified_gmt":"2025-01-13T13:11:50","slug":"dz400-2d-machine-demballage-sous-vide-a-chambre-unique-avec-systeme-de-rincage-au-gaz","status":"publish","type":"product","link":"https:\/\/alfequipment.com\/fr\/product\/dz400-2d-machine-demballage-sous-vide-a-chambre-unique-avec-systeme-de-rincage-au-gaz\/","title":{"rendered":"Machine d'emballage sous vide \u00e0 chambre unique DZ400-2D (Option : avec syst\u00e8me de rin\u00e7age au gaz)"},"content":{"rendered":"<div data-magic-global=\"%7B%22bizId%22%3A17179933680%2C%22pageId%22%3A21041828463%2C%22siteId%22%3A5005331025%7D\" id=\"detail_decorate_root\">\n<div module-id=\"28252244221\" module-title=\"detailProductNavigation\" render=\"true\" class=\"J_module\">\n<div id=\"ali-anchor-AliMagic-ll56ua\" data-section=\"AliMagic-ll56ua\" data-section-title=\"Product Description\" class=\"magic-0\"><\/div>\n<\/div>\n<div module-id=\"28252244222\" module-title=\"detailTextWithTitle\" render=\"true\" class=\"J_module\">\n<div class=\"detail-decorate-json-renderer-container\">\n<div class=\"magic-1\">\n<div class=\"magic-4\">\n<div class=\"magic-5\">\n<div class=\"magic-6\">\n<p class=\"magic-7\">1. DZ400-2D est caract\u00e9ris\u00e9 par le traitement automatique de la mise sous vide, du scellage, de l'impression et du refroidissement. Il est utilis\u00e9 pour l'emballage sous vide dans les industries alimentaires, pharmaceutiques, aquatiques, chimiques et \u00e9lectroniques.<\/p>\n<p>2. il peut emp\u00eacher l'oxydation et la moisissure, ainsi que la corrosion et l'humidit\u00e9, ce qui permet de conserver la qualit\u00e9 et la fra\u00eecheur du produit pendant une longue p\u00e9riode de stockage.<\/p>\n<p>3.DZQ400-2D peut remplir le sac d'emballage avec un certain type de gaz, tel que l'azote, apr\u00e8s avoir mis le sac sous vide.<\/p>\n<p>4. il est dot\u00e9 d'un processus automatique de mise sous vide, de remplissage de gaz, de scellage, d'impression et de refroidissement, et est utilis\u00e9 pour l'emballage sous vide dans les industries alimentaire, pharmaceutique, aquatique, chimique et \u00e9lectronique.<\/p>\n<\/p><\/div>\n<\/p><\/div>\n<\/p><\/div>\n<\/p><\/div>\n<\/p><\/div>\n<\/p><\/div>\n<div module-id=\"28252244223\" module-title=\"detailTableHightLight\" render=\"true\" class=\"J_module\">\n<div class=\"ife-detail-decorate-table\">\n<table class=\"all magic-8\">\n<tbody>\n<tr>\n<td>\n<div class=\"magic-9\">\n        Mod\u00e8le\n       <\/div>\n<\/td>\n<td>\n<div class=\"magic-10\">\n        DZ400-2D\/DZQ400-2D\n       <\/div>\n<\/td>\n<\/tr>\n<tr>\n<td>\n<div class=\"magic-9\">\n        Source d'alimentation\n       <\/div>\n<\/td>\n<td>\n<div class=\"magic-10\">\n        220V\/50Hz\n       <\/div>\n<\/td>\n<\/tr>\n<tr>\n<td>\n<div class=\"magic-9\">\n        Puissance\n       <\/div>\n<\/td>\n<td>\n<div class=\"magic-10\">\n        1,5KW\n       <\/div>\n<\/td>\n<\/tr>\n<tr>\n<td>\n<div class=\"magic-9\">\n        Vitesse d'\u00e9tanch\u00e9it\u00e9\n       <\/div>\n<\/td>\n<td>\n<div class=\"magic-10\">\n        1-4 fois\/minutes\n       <\/div>\n<\/td>\n<\/tr>\n<tr>\n<td>\n<div class=\"magic-9\">\n        Taille de la salle de travail\n       <\/div>\n<\/td>\n<td>\n<div class=\"magic-10\">\n        L420\u00d7L440\u00d7H80mm\n       <\/div>\n<\/td>\n<\/tr>\n<tr>\n<td>\n<div class=\"magic-9\">\n        Longueur d'\u00e9tanch\u00e9it\u00e9\n       <\/div>\n<\/td>\n<td>\n<div class=\"magic-10\">\n        400*10mm\n       <\/div>\n<\/td>\n<\/tr>\n<tr>\n<td>\n<div class=\"magic-9\">\n        CODE SH\n       <\/div>\n<\/td>\n<td>\n<div class=\"magic-10\">\n        8422400000\n       <\/div>\n<\/td>\n<\/tr>\n<tr>\n<td>\n<div class=\"magic-9\">\n        Poids\n       <\/div>\n<\/td>\n<td>\n<div class=\"magic-10\">\n        105 kg\n       <\/div>\n<\/td>\n<\/tr>\n<tr>\n<td>\n<div class=\"magic-9\">\n        Taille ext\u00e9rieure\n       <\/div>\n<\/td>\n<td>\n<div class=\"magic-10\">\n        L660\u00d7L600\u00d7H1050mm\n       <\/div>\n<\/td>\n<\/tr>\n<\/tbody>\n<\/table><\/div>\n<\/p><\/div>\n<div module-id=\"28252244224\" module-title=\"detailSingleImage\" render=\"true\" class=\"J_module\">\n<div class=\"icbu-pc-images magic-11\">\n<div>\n<div class=\"flex-layout-v\">\n<div class=\"flex-layout-h magic-11\">\n<div class=\"magic-12\">\n       <img decoding=\"async\" src=\"https:\/\/sc02.alicdn.com\/kf\/HTB1lB1daOzxK1Rjy1zkq6yHrVXaC\/64496\/HTB1lB1daOzxK1Rjy1zkq6yHrVXaC.jpg\" class=\"aligncenter\">\n      <\/div>\n<\/p><\/div>\n<\/p><\/div>\n<\/p><\/div>\n<\/p><\/div>\n<\/p><\/div>\n<div module-id=\"28252244225\" module-title=\"detailMultiImages\" render=\"true\" class=\"J_module\">\n<div class=\"icbu-pc-images magic-11\">\n<div>\n<div class=\"flex-layout-v\">\n<div class=\"flex-layout-h magic-11\">\n<div class=\"magic-14\">\n       <img decoding=\"async\" src=\"https:\/\/sc01.alicdn.com\/kf\/HTB1hSSjaPvuK1Rjy0Faq6x2aVXaM\/64496\/HTB1hSSjaPvuK1Rjy0Faq6x2aVXaM.jpg\" class=\"aligncenter\">\n      <\/div>\n<div class=\"magic-16\">\n       <img decoding=\"async\" src=\"https:\/\/sc01.alicdn.com\/kf\/HTB155ChaOzxK1RjSspjq6AS.pXa6\/64496\/HTB155ChaOzxK1RjSspjq6AS.pXa6.jpg\" class=\"aligncenter\">\n      <\/div>\n<div class=\"magic-16\">\n       <img decoding=\"async\" src=\"https:\/\/sc02.alicdn.com\/kf\/HTB1XPufaODxK1RjSsphq6zHrpXaA\/64496\/HTB1XPufaODxK1RjSsphq6zHrpXaA.jpg\" class=\"aligncenter\">\n      <\/div>\n<\/p><\/div>\n<\/p><\/div>\n<\/p><\/div>\n<\/p><\/div>\n<\/p><\/div>\n<div module-id=\"28252244226\" module-title=\"detailVerticalImages\" render=\"true\" class=\"J_module\">\n<div class=\"icbu-pc-images magic-11\">\n<div>\n<div class=\"flex-layout-v\">\n<div class=\"magic-19\">\n      <img decoding=\"async\" src=\"https:\/\/sc02.alicdn.com\/kf\/HTB1AHKqaPnuK1RkSmFPq6AuzFXaI\/64496\/HTB1AHKqaPnuK1RkSmFPq6AuzFXaI.jpg\" class=\"aligncenter\">\n     <\/div>\n<div class=\"flex-layout-h magic-11\">\n<div class=\"magic-21\">\n       <img decoding=\"async\" src=\"https:\/\/sc01.alicdn.com\/kf\/HTB1JyOfaIrrK1RjSspaq6AREXXa2\/64496\/HTB1JyOfaIrrK1RjSspaq6AREXXa2.jpg\" class=\"aligncenter\">\n      <\/div>\n<div class=\"magic-23\">\n       <img decoding=\"async\" src=\"https:\/\/sc01.alicdn.com\/kf\/HTB1qKOhaNrvK1RjSszeq6yObFXaj\/64496\/HTB1qKOhaNrvK1RjSszeq6yObFXaj.jpg\" class=\"aligncenter\">\n      <\/div>\n<\/p><\/div>\n<\/p><\/div>\n<\/p><\/div>\n<\/p><\/div>\n<\/p><\/div>\n<div module-id=\"28252244227\" module-title=\"detailTwoImages\" render=\"true\" class=\"J_module\">\n<div class=\"icbu-pc-images magic-11\">\n<div>\n<div class=\"flex-layout-v\">\n<div class=\"flex-layout-h magic-11\">\n<div class=\"magic-25\">\n       <img decoding=\"async\" src=\"https:\/\/sc02.alicdn.com\/kf\/HTB14bylaLfsK1RjSszgq6yXzpXac\/64496\/HTB14bylaLfsK1RjSszgq6yXzpXac.jpg\" class=\"aligncenter\">\n      <\/div>\n<div class=\"magic-27\">\n       <img decoding=\"async\" src=\"https:\/\/sc01.alicdn.com\/kf\/HTB1Cm9kaInrK1RjSspkq6yuvXXaC\/64496\/HTB1Cm9kaInrK1RjSspkq6yuvXXaC.jpg\" class=\"aligncenter\">\n      <\/div>\n<\/p><\/div>\n<\/p><\/div>\n<\/p><\/div>\n<\/p><\/div>\n<\/p><\/div>\n<div module-id=\"28252244228\" module-title=\"detailSingleImage\" render=\"true\" class=\"J_module\">\n<div class=\"icbu-pc-images magic-11\">\n<div>\n<div class=\"flex-layout-v\">\n<div class=\"flex-layout-h magic-11\">\n<div class=\"magic-29\">\n       <img decoding=\"async\" src=\"https:\/\/sc02.alicdn.com\/kf\/HTB16hV9aUvrK1RjSspcq6zzSXXaM\/64496\/HTB16hV9aUvrK1RjSspcq6zzSXXaM.jpg\" class=\"aligncenter\">\n      <\/div>\n<\/p><\/div>\n<\/p><\/div>\n<\/p><\/div>\n<\/p><\/div>\n<\/p><\/div>\n<\/div>","protected":false},"excerpt":{"rendered":"<p>Machine d'emballage sous vide \u00e0 chambre unique avec syst\u00e8me de rin\u00e7age au gaz<\/p>","protected":false},"featured_media":3103,"comment_status":"closed","ping_status":"open","template":"","meta":[],"product_brand":[],"product_cat":[100],"product_tag":[],"class_list":{"0":"post-3102","1":"product","2":"type-product","3":"status-publish","4":"has-post-thumbnail","6":"product_cat-vacuum-packing-machines","8":"first","9":"instock","10":"sale","11":"purchasable","12":"product-type-simple"},"yoast_head":"<!-- This site is optimized with the Yoast SEO Premium plugin v20.9 (Yoast SEO v26.5) - https:\/\/yoast.com\/wordpress\/plugins\/seo\/ -->\n<title>DZ400-2D Single Chamber Vacuum Packaging Machine (Option:with Gas Flushing system) - ALF PACK<\/title>\n<meta name=\"robots\" content=\"index, follow, max-snippet:-1, max-image-preview:large, max-video-preview:-1\" \/>\n<link rel=\"canonical\" href=\"https:\/\/alfequipment.com\/fr\/product\/dz400-2d-machine-demballage-sous-vide-a-chambre-unique-avec-systeme-de-rincage-au-gaz\/\" \/>\n<meta property=\"og:locale\" content=\"fr_FR\" \/>\n<meta property=\"og:type\" content=\"article\" \/>\n<meta property=\"og:title\" content=\"DZ400-2D Single Chamber Vacuum Packaging Machine (Option:with Gas Flushing system)\" \/>\n<meta property=\"og:description\" content=\"Single Chamber Vacuum Packaging Machine With Gas Flushing System\" \/>\n<meta property=\"og:url\" content=\"https:\/\/alfequipment.com\/fr\/product\/dz400-2d-machine-demballage-sous-vide-a-chambre-unique-avec-systeme-de-rincage-au-gaz\/\" \/>\n<meta property=\"og:site_name\" content=\"ALF PACK\" \/>\n<meta property=\"article:modified_time\" content=\"2025-01-13T13:11:50+00:00\" \/>\n<meta property=\"og:image\" content=\"https:\/\/alfequipment.com\/wp-content\/uploads\/2025\/01\/DZ400-2D-Single-Chamber-Vacuum-Packaging-Machine.jpg\" \/>\n\t<meta property=\"og:image:width\" content=\"1000\" \/>\n\t<meta property=\"og:image:height\" content=\"1000\" \/>\n\t<meta property=\"og:image:type\" content=\"image\/webp\" \/>\n<meta name=\"twitter:card\" content=\"summary_large_image\" \/>\n<meta name=\"twitter:label1\" content=\"Dur\u00e9e de lecture estim\u00e9e\" \/>\n\t<meta name=\"twitter:data1\" content=\"1 minute\" \/>\n<script type=\"application\/ld+json\" class=\"yoast-schema-graph\">{\"@context\":\"https:\/\/schema.org\",\"@graph\":[{\"@type\":\"WebPage\",\"@id\":\"https:\/\/alfequipment.com\/product\/dz400-2d-single-chamber-vacuum-packaging-machine-optionwith-gas-flushing-system\/\",\"url\":\"https:\/\/alfequipment.com\/product\/dz400-2d-single-chamber-vacuum-packaging-machine-optionwith-gas-flushing-system\/\",\"name\":\"DZ400-2D Single Chamber Vacuum Packaging Machine (Option:with Gas Flushing system) - ALF PACK\",\"isPartOf\":{\"@id\":\"https:\/\/alfequipment.com\/#website\"},\"primaryImageOfPage\":{\"@id\":\"https:\/\/alfequipment.com\/product\/dz400-2d-single-chamber-vacuum-packaging-machine-optionwith-gas-flushing-system\/#primaryimage\"},\"image\":{\"@id\":\"https:\/\/alfequipment.com\/product\/dz400-2d-single-chamber-vacuum-packaging-machine-optionwith-gas-flushing-system\/#primaryimage\"},\"thumbnailUrl\":\"https:\/\/alfequipment.com\/wp-content\/uploads\/2025\/01\/DZ400-2D-Single-Chamber-Vacuum-Packaging-Machine.jpg\",\"datePublished\":\"2024-12-01T14:37:41+00:00\",\"dateModified\":\"2025-01-13T13:11:50+00:00\",\"breadcrumb\":{\"@id\":\"https:\/\/alfequipment.com\/product\/dz400-2d-single-chamber-vacuum-packaging-machine-optionwith-gas-flushing-system\/#breadcrumb\"},\"inLanguage\":\"fr-FR\",\"potentialAction\":[{\"@type\":\"ReadAction\",\"target\":[\"https:\/\/alfequipment.com\/product\/dz400-2d-single-chamber-vacuum-packaging-machine-optionwith-gas-flushing-system\/\"]}]},{\"@type\":\"ImageObject\",\"inLanguage\":\"fr-FR\",\"@id\":\"https:\/\/alfequipment.com\/product\/dz400-2d-single-chamber-vacuum-packaging-machine-optionwith-gas-flushing-system\/#primaryimage\",\"url\":\"https:\/\/alfequipment.com\/wp-content\/uploads\/2025\/01\/DZ400-2D-Single-Chamber-Vacuum-Packaging-Machine.jpg\",\"contentUrl\":\"https:\/\/alfequipment.com\/wp-content\/uploads\/2025\/01\/DZ400-2D-Single-Chamber-Vacuum-Packaging-Machine.jpg\",\"width\":1000,\"height\":1000},{\"@type\":\"BreadcrumbList\",\"@id\":\"https:\/\/alfequipment.com\/product\/dz400-2d-single-chamber-vacuum-packaging-machine-optionwith-gas-flushing-system\/#breadcrumb\",\"itemListElement\":[{\"@type\":\"ListItem\",\"position\":1,\"name\":\"Home\",\"item\":\"https:\/\/alfequipment.com\/\"},{\"@type\":\"ListItem\",\"position\":2,\"name\":\"Shop\",\"item\":\"https:\/\/alfequipment.com\/shop\/\"},{\"@type\":\"ListItem\",\"position\":3,\"name\":\"DZ400-2D Single Chamber Vacuum Packaging Machine (Option:with Gas Flushing system)\"}]},{\"@type\":\"WebSite\",\"@id\":\"https:\/\/alfequipment.com\/#website\",\"url\":\"https:\/\/alfequipment.com\/\",\"name\":\"ALF PACK\",\"description\":\"\",\"publisher\":{\"@id\":\"https:\/\/alfequipment.com\/#organization\"},\"potentialAction\":[{\"@type\":\"SearchAction\",\"target\":{\"@type\":\"EntryPoint\",\"urlTemplate\":\"https:\/\/alfequipment.com\/?s={search_term_string}\"},\"query-input\":{\"@type\":\"PropertyValueSpecification\",\"valueRequired\":true,\"valueName\":\"search_term_string\"}}],\"inLanguage\":\"fr-FR\"},{\"@type\":\"Organization\",\"@id\":\"https:\/\/alfequipment.com\/#organization\",\"name\":\"ALF PACK\",\"url\":\"https:\/\/alfequipment.com\/\",\"logo\":{\"@type\":\"ImageObject\",\"inLanguage\":\"fr-FR\",\"@id\":\"https:\/\/alfequipment.com\/#\/schema\/logo\/image\/\",\"url\":\"https:\/\/alfequipment.com\/wp-content\/uploads\/2024\/11\/ALFlogo-2.webp\",\"contentUrl\":\"https:\/\/alfequipment.com\/wp-content\/uploads\/2024\/11\/ALFlogo-2.webp\",\"width\":758,\"height\":750,\"caption\":\"ALF PACK\"},\"image\":{\"@id\":\"https:\/\/alfequipment.com\/#\/schema\/logo\/image\/\"}}]}<\/script>\n<!-- \/ Yoast SEO Premium plugin. -->","yoast_head_json":{"title":"DZ400-2D Machine d'emballage sous vide \u00e0 chambre unique (Option : avec syst\u00e8me de rin\u00e7age au gaz) - ALF PACK","robots":{"index":"index","follow":"follow","max-snippet":"max-snippet:-1","max-image-preview":"max-image-preview:large","max-video-preview":"max-video-preview:-1"},"canonical":"https:\/\/alfequipment.com\/fr\/product\/dz400-2d-machine-demballage-sous-vide-a-chambre-unique-avec-systeme-de-rincage-au-gaz\/","og_locale":"fr_FR","og_type":"article","og_title":"DZ400-2D Single Chamber Vacuum Packaging Machine (Option:with Gas Flushing system)","og_description":"Single Chamber Vacuum Packaging Machine With Gas Flushing System","og_url":"https:\/\/alfequipment.com\/fr\/product\/dz400-2d-machine-demballage-sous-vide-a-chambre-unique-avec-systeme-de-rincage-au-gaz\/","og_site_name":"ALF PACK","article_modified_time":"2025-01-13T13:11:50+00:00","og_image":[{"width":1000,"height":1000,"url":"https:\/\/alfequipment.com\/wp-content\/uploads\/2025\/01\/DZ400-2D-Single-Chamber-Vacuum-Packaging-Machine.jpg","type":"image\/webp"}],"twitter_card":"summary_large_image","twitter_misc":{"Dur\u00e9e de lecture estim\u00e9e":"1 minute"},"schema":{"@context":"https:\/\/schema.org","@graph":[{"@type":"WebPage","@id":"https:\/\/alfequipment.com\/product\/dz400-2d-single-chamber-vacuum-packaging-machine-optionwith-gas-flushing-system\/","url":"https:\/\/alfequipment.com\/product\/dz400-2d-single-chamber-vacuum-packaging-machine-optionwith-gas-flushing-system\/","name":"DZ400-2D Machine d'emballage sous vide \u00e0 chambre unique (Option : avec syst\u00e8me de rin\u00e7age au gaz) - ALF PACK","isPartOf":{"@id":"https:\/\/alfequipment.com\/#website"},"primaryImageOfPage":{"@id":"https:\/\/alfequipment.com\/product\/dz400-2d-single-chamber-vacuum-packaging-machine-optionwith-gas-flushing-system\/#primaryimage"},"image":{"@id":"https:\/\/alfequipment.com\/product\/dz400-2d-single-chamber-vacuum-packaging-machine-optionwith-gas-flushing-system\/#primaryimage"},"thumbnailUrl":"https:\/\/alfequipment.com\/wp-content\/uploads\/2025\/01\/DZ400-2D-Single-Chamber-Vacuum-Packaging-Machine.jpg","datePublished":"2024-12-01T14:37:41+00:00","dateModified":"2025-01-13T13:11:50+00:00","breadcrumb":{"@id":"https:\/\/alfequipment.com\/product\/dz400-2d-single-chamber-vacuum-packaging-machine-optionwith-gas-flushing-system\/#breadcrumb"},"inLanguage":"fr-FR","potentialAction":[{"@type":"ReadAction","target":["https:\/\/alfequipment.com\/product\/dz400-2d-single-chamber-vacuum-packaging-machine-optionwith-gas-flushing-system\/"]}]},{"@type":"ImageObject","inLanguage":"fr-FR","@id":"https:\/\/alfequipment.com\/product\/dz400-2d-single-chamber-vacuum-packaging-machine-optionwith-gas-flushing-system\/#primaryimage","url":"https:\/\/alfequipment.com\/wp-content\/uploads\/2025\/01\/DZ400-2D-Single-Chamber-Vacuum-Packaging-Machine.jpg","contentUrl":"https:\/\/alfequipment.com\/wp-content\/uploads\/2025\/01\/DZ400-2D-Single-Chamber-Vacuum-Packaging-Machine.jpg","width":1000,"height":1000},{"@type":"BreadcrumbList","@id":"https:\/\/alfequipment.com\/product\/dz400-2d-single-chamber-vacuum-packaging-machine-optionwith-gas-flushing-system\/#breadcrumb","itemListElement":[{"@type":"ListItem","position":1,"name":"Home","item":"https:\/\/alfequipment.com\/"},{"@type":"ListItem","position":2,"name":"Shop","item":"https:\/\/alfequipment.com\/shop\/"},{"@type":"ListItem","position":3,"name":"DZ400-2D Single Chamber Vacuum Packaging Machine (Option:with Gas Flushing system)"}]},{"@type":"WebSite","@id":"https:\/\/alfequipment.com\/#website","url":"https:\/\/alfequipment.com\/","name":"PACK ALF","description":"","publisher":{"@id":"https:\/\/alfequipment.com\/#organization"},"potentialAction":[{"@type":"SearchAction","target":{"@type":"EntryPoint","urlTemplate":"https:\/\/alfequipment.com\/?s={search_term_string}"},"query-input":{"@type":"PropertyValueSpecification","valueRequired":true,"valueName":"search_term_string"}}],"inLanguage":"fr-FR"},{"@type":"Organization","@id":"https:\/\/alfequipment.com\/#organization","name":"PACK ALF","url":"https:\/\/alfequipment.com\/","logo":{"@type":"ImageObject","inLanguage":"fr-FR","@id":"https:\/\/alfequipment.com\/#\/schema\/logo\/image\/","url":"https:\/\/alfequipment.com\/wp-content\/uploads\/2024\/11\/ALFlogo-2.webp","contentUrl":"https:\/\/alfequipment.com\/wp-content\/uploads\/2024\/11\/ALFlogo-2.webp","width":758,"height":750,"caption":"ALF PACK"},"image":{"@id":"https:\/\/alfequipment.com\/#\/schema\/logo\/image\/"}}]}},"_links":{"self":[{"href":"https:\/\/alfequipment.com\/fr\/wp-json\/wp\/v2\/product\/3102","targetHints":{"allow":["GET"]}}],"collection":[{"href":"https:\/\/alfequipment.com\/fr\/wp-json\/wp\/v2\/product"}],"about":[{"href":"https:\/\/alfequipment.com\/fr\/wp-json\/wp\/v2\/types\/product"}],"replies":[{"embeddable":true,"href":"https:\/\/alfequipment.com\/fr\/wp-json\/wp\/v2\/comments?post=3102"}],"version-history":[{"count":0,"href":"https:\/\/alfequipment.com\/fr\/wp-json\/wp\/v2\/product\/3102\/revisions"}],"wp:featuredmedia":[{"embeddable":true,"href":"https:\/\/alfequipment.com\/fr\/wp-json\/wp\/v2\/media\/3103"}],"wp:attachment":[{"href":"https:\/\/alfequipment.com\/fr\/wp-json\/wp\/v2\/media?parent=3102"}],"wp:term":[{"taxonomy":"product_brand","embeddable":true,"href":"https:\/\/alfequipment.com\/fr\/wp-json\/wp\/v2\/product_brand?post=3102"},{"taxonomy":"product_cat","embeddable":true,"href":"https:\/\/alfequipment.com\/fr\/wp-json\/wp\/v2\/product_cat?post=3102"},{"taxonomy":"product_tag","embeddable":true,"href":"https:\/\/alfequipment.com\/fr\/wp-json\/wp\/v2\/product_tag?post=3102"}],"curies":[{"name":"wp","href":"https:\/\/api.w.org\/{rel}","templated":true}]}}