{"id":3120,"date":"2024-12-03T23:00:48","date_gmt":"2024-12-03T23:00:48","guid":{"rendered":"https:\/\/alfequipment.com\/product\/dfxa5030c-foam-box-sealing-machine-bubble-chamber-carton-sealer-with-top-and-side-conveyor-tapping\/"},"modified":"2025-01-13T14:46:13","modified_gmt":"2025-01-13T14:46:13","slug":"dfxa5030c-machine-a-sceller-les-boites-en-mousse-avec-chambre-a-bulles-et-convoyeur-superieur-et-lateral","status":"publish","type":"product","link":"https:\/\/alfequipment.com\/fr\/product\/dfxa5030c-machine-a-sceller-les-boites-en-mousse-avec-chambre-a-bulles-et-convoyeur-superieur-et-lateral\/","title":{"rendered":"DFXA5030C Machine \u00e0 sceller les bo\u00eetes en mousse avec chambre \u00e0 bulles et convoyeur sup\u00e9rieur et lat\u00e9ral"},"content":{"rendered":"<div data-magic-global=\"%7B%22bizId%22%3A17179933680%2C%22pageId%22%3A21038368191%2C%22siteId%22%3A5005331025%7D\" id=\"detail_decorate_root\">\n<div module-id=\"28213903195\" module-title=\"detailProductNavigation\" render=\"true\" class=\"J_module\">\n<div id=\"ali-anchor-AliMagic-p8m3rk\" data-section=\"AliMagic-p8m3rk\" data-section-title=\"Product Description\" class=\"magic-0\"><b><font face=\"Arial, Helvetica\">Sp\u00e9cialement con\u00e7u pour l'emballage de bo\u00eetes en mousse, il convient \u00e0 la fermeture de bo\u00eetes en mousse d'aliments frais, de fruits et d'autres produits. L'\u00e9quipement est scell\u00e9 \u00e0 l'aide d'une bande adh\u00e9sive instantan\u00e9e, ce qui est \u00e9conomique, rapide et facile \u00e0 ajuster. Il peut effectuer les op\u00e9rations de scellage \u00e0 gauche, \u00e0 droite et en haut en m\u00eame temps pour sceller la petite bo\u00eete. Il est plus pratique de d\u00e9monter la t\u00eate de scellage sup\u00e9rieure.<\/font><\/b><\/div>\n<\/div>\n<div module-id=\"28213903196\" module-title=\"detailTextWithTitle\" render=\"true\" class=\"J_module\">\n<div class=\"detail-decorate-json-renderer-container\">\n<div class=\"magic-1\">\n<div class=\"magic-4\">\n<div class=\"magic-5\">\n<div class=\"magic-6\">\n<p class=\"magic-7\"><\/p>\n<\/p><\/div>\n<\/p><\/div>\n<\/p><\/div>\n<\/p><\/div>\n<\/p><\/div>\n<\/p><\/div>\n<\/div>","protected":false},"excerpt":{"rendered":"<p>Machine \u00e0 sceller les bo\u00eetes en mousse<\/p>","protected":false},"featured_media":3121,"comment_status":"closed","ping_status":"open","template":"","meta":[],"product_brand":[],"product_cat":[116,97],"product_tag":[],"class_list":{"0":"post-3120","1":"product","2":"type-product","3":"status-publish","4":"has-post-thumbnail","6":"product_cat-carton-sealing-machine","7":"product_cat-sealing-machines","9":"first","10":"instock","11":"sale","12":"purchasable","13":"product-type-simple"},"yoast_head":"<!-- This site is optimized with the Yoast SEO Premium plugin v20.9 (Yoast SEO v26.5) - https:\/\/yoast.com\/wordpress\/plugins\/seo\/ -->\n<title>DFXA5030C Foam box sealing machine bubble chamber carton sealer with top and side conveyor tapping - ALF PACK<\/title>\n<meta name=\"robots\" content=\"index, follow, max-snippet:-1, max-image-preview:large, max-video-preview:-1\" \/>\n<link rel=\"canonical\" href=\"https:\/\/alfequipment.com\/fr\/product\/dfxa5030c-machine-a-sceller-les-boites-en-mousse-avec-chambre-a-bulles-et-convoyeur-superieur-et-lateral\/\" \/>\n<meta property=\"og:locale\" content=\"fr_FR\" \/>\n<meta property=\"og:type\" content=\"article\" \/>\n<meta property=\"og:title\" content=\"DFXA5030C Foam box sealing machine bubble chamber carton sealer with top and side conveyor tapping\" \/>\n<meta property=\"og:description\" content=\"Foam Box Tape Sealing Machine\" \/>\n<meta property=\"og:url\" content=\"https:\/\/alfequipment.com\/fr\/product\/dfxa5030c-machine-a-sceller-les-boites-en-mousse-avec-chambre-a-bulles-et-convoyeur-superieur-et-lateral\/\" \/>\n<meta property=\"og:site_name\" content=\"ALF PACK\" \/>\n<meta property=\"article:modified_time\" content=\"2025-01-13T14:46:13+00:00\" \/>\n<meta property=\"og:image\" content=\"https:\/\/alfequipment.com\/wp-content\/uploads\/2025\/01\/DFXA5030C-Foam-box-sealing-machine-bubble-chamber.jpg\" \/>\n\t<meta property=\"og:image:width\" content=\"800\" \/>\n\t<meta property=\"og:image:height\" content=\"800\" \/>\n\t<meta property=\"og:image:type\" content=\"image\/webp\" \/>\n<meta name=\"twitter:card\" content=\"summary_large_image\" \/>\n<script type=\"application\/ld+json\" class=\"yoast-schema-graph\">{\"@context\":\"https:\/\/schema.org\",\"@graph\":[{\"@type\":\"WebPage\",\"@id\":\"https:\/\/alfequipment.com\/product\/dfxa5030c-foam-box-sealing-machine-bubble-chamber-carton-sealer-with-top-and-side-conveyor-tapping\/\",\"url\":\"https:\/\/alfequipment.com\/product\/dfxa5030c-foam-box-sealing-machine-bubble-chamber-carton-sealer-with-top-and-side-conveyor-tapping\/\",\"name\":\"DFXA5030C Foam box sealing machine bubble chamber carton sealer with top and side conveyor tapping - ALF PACK\",\"isPartOf\":{\"@id\":\"https:\/\/alfequipment.com\/#website\"},\"primaryImageOfPage\":{\"@id\":\"https:\/\/alfequipment.com\/product\/dfxa5030c-foam-box-sealing-machine-bubble-chamber-carton-sealer-with-top-and-side-conveyor-tapping\/#primaryimage\"},\"image\":{\"@id\":\"https:\/\/alfequipment.com\/product\/dfxa5030c-foam-box-sealing-machine-bubble-chamber-carton-sealer-with-top-and-side-conveyor-tapping\/#primaryimage\"},\"thumbnailUrl\":\"https:\/\/alfequipment.com\/wp-content\/uploads\/2025\/01\/DFXA5030C-Foam-box-sealing-machine-bubble-chamber.jpg\",\"datePublished\":\"2024-12-03T23:00:48+00:00\",\"dateModified\":\"2025-01-13T14:46:13+00:00\",\"breadcrumb\":{\"@id\":\"https:\/\/alfequipment.com\/product\/dfxa5030c-foam-box-sealing-machine-bubble-chamber-carton-sealer-with-top-and-side-conveyor-tapping\/#breadcrumb\"},\"inLanguage\":\"fr-FR\",\"potentialAction\":[{\"@type\":\"ReadAction\",\"target\":[\"https:\/\/alfequipment.com\/product\/dfxa5030c-foam-box-sealing-machine-bubble-chamber-carton-sealer-with-top-and-side-conveyor-tapping\/\"]}]},{\"@type\":\"ImageObject\",\"inLanguage\":\"fr-FR\",\"@id\":\"https:\/\/alfequipment.com\/product\/dfxa5030c-foam-box-sealing-machine-bubble-chamber-carton-sealer-with-top-and-side-conveyor-tapping\/#primaryimage\",\"url\":\"https:\/\/alfequipment.com\/wp-content\/uploads\/2025\/01\/DFXA5030C-Foam-box-sealing-machine-bubble-chamber.jpg\",\"contentUrl\":\"https:\/\/alfequipment.com\/wp-content\/uploads\/2025\/01\/DFXA5030C-Foam-box-sealing-machine-bubble-chamber.jpg\",\"width\":800,\"height\":800},{\"@type\":\"BreadcrumbList\",\"@id\":\"https:\/\/alfequipment.com\/product\/dfxa5030c-foam-box-sealing-machine-bubble-chamber-carton-sealer-with-top-and-side-conveyor-tapping\/#breadcrumb\",\"itemListElement\":[{\"@type\":\"ListItem\",\"position\":1,\"name\":\"Home\",\"item\":\"https:\/\/alfequipment.com\/\"},{\"@type\":\"ListItem\",\"position\":2,\"name\":\"Shop\",\"item\":\"https:\/\/alfequipment.com\/shop\/\"},{\"@type\":\"ListItem\",\"position\":3,\"name\":\"DFXA5030C Foam box sealing machine bubble chamber carton sealer with top and side conveyor tapping\"}]},{\"@type\":\"WebSite\",\"@id\":\"https:\/\/alfequipment.com\/#website\",\"url\":\"https:\/\/alfequipment.com\/\",\"name\":\"ALF PACK\",\"description\":\"\",\"publisher\":{\"@id\":\"https:\/\/alfequipment.com\/#organization\"},\"potentialAction\":[{\"@type\":\"SearchAction\",\"target\":{\"@type\":\"EntryPoint\",\"urlTemplate\":\"https:\/\/alfequipment.com\/?s={search_term_string}\"},\"query-input\":{\"@type\":\"PropertyValueSpecification\",\"valueRequired\":true,\"valueName\":\"search_term_string\"}}],\"inLanguage\":\"fr-FR\"},{\"@type\":\"Organization\",\"@id\":\"https:\/\/alfequipment.com\/#organization\",\"name\":\"ALF PACK\",\"url\":\"https:\/\/alfequipment.com\/\",\"logo\":{\"@type\":\"ImageObject\",\"inLanguage\":\"fr-FR\",\"@id\":\"https:\/\/alfequipment.com\/#\/schema\/logo\/image\/\",\"url\":\"https:\/\/alfequipment.com\/wp-content\/uploads\/2024\/11\/ALFlogo-2.webp\",\"contentUrl\":\"https:\/\/alfequipment.com\/wp-content\/uploads\/2024\/11\/ALFlogo-2.webp\",\"width\":758,\"height\":750,\"caption\":\"ALF PACK\"},\"image\":{\"@id\":\"https:\/\/alfequipment.com\/#\/schema\/logo\/image\/\"}}]}<\/script>\n<!-- \/ Yoast SEO Premium plugin. -->","yoast_head_json":{"title":"DFXA5030C Scelleuse de bo\u00eetes en mousse avec chambre \u00e0 bulles et convoyeur sup\u00e9rieur et lat\u00e9ral - ALF PACK","robots":{"index":"index","follow":"follow","max-snippet":"max-snippet:-1","max-image-preview":"max-image-preview:large","max-video-preview":"max-video-preview:-1"},"canonical":"https:\/\/alfequipment.com\/fr\/product\/dfxa5030c-machine-a-sceller-les-boites-en-mousse-avec-chambre-a-bulles-et-convoyeur-superieur-et-lateral\/","og_locale":"fr_FR","og_type":"article","og_title":"DFXA5030C Foam box sealing machine bubble chamber carton sealer with top and side conveyor tapping","og_description":"Foam Box Tape Sealing Machine","og_url":"https:\/\/alfequipment.com\/fr\/product\/dfxa5030c-machine-a-sceller-les-boites-en-mousse-avec-chambre-a-bulles-et-convoyeur-superieur-et-lateral\/","og_site_name":"ALF PACK","article_modified_time":"2025-01-13T14:46:13+00:00","og_image":[{"width":800,"height":800,"url":"https:\/\/alfequipment.com\/wp-content\/uploads\/2025\/01\/DFXA5030C-Foam-box-sealing-machine-bubble-chamber.jpg","type":"image\/webp"}],"twitter_card":"summary_large_image","schema":{"@context":"https:\/\/schema.org","@graph":[{"@type":"WebPage","@id":"https:\/\/alfequipment.com\/product\/dfxa5030c-foam-box-sealing-machine-bubble-chamber-carton-sealer-with-top-and-side-conveyor-tapping\/","url":"https:\/\/alfequipment.com\/product\/dfxa5030c-foam-box-sealing-machine-bubble-chamber-carton-sealer-with-top-and-side-conveyor-tapping\/","name":"DFXA5030C Scelleuse de bo\u00eetes en mousse avec chambre \u00e0 bulles et convoyeur sup\u00e9rieur et lat\u00e9ral - ALF PACK","isPartOf":{"@id":"https:\/\/alfequipment.com\/#website"},"primaryImageOfPage":{"@id":"https:\/\/alfequipment.com\/product\/dfxa5030c-foam-box-sealing-machine-bubble-chamber-carton-sealer-with-top-and-side-conveyor-tapping\/#primaryimage"},"image":{"@id":"https:\/\/alfequipment.com\/product\/dfxa5030c-foam-box-sealing-machine-bubble-chamber-carton-sealer-with-top-and-side-conveyor-tapping\/#primaryimage"},"thumbnailUrl":"https:\/\/alfequipment.com\/wp-content\/uploads\/2025\/01\/DFXA5030C-Foam-box-sealing-machine-bubble-chamber.jpg","datePublished":"2024-12-03T23:00:48+00:00","dateModified":"2025-01-13T14:46:13+00:00","breadcrumb":{"@id":"https:\/\/alfequipment.com\/product\/dfxa5030c-foam-box-sealing-machine-bubble-chamber-carton-sealer-with-top-and-side-conveyor-tapping\/#breadcrumb"},"inLanguage":"fr-FR","potentialAction":[{"@type":"ReadAction","target":["https:\/\/alfequipment.com\/product\/dfxa5030c-foam-box-sealing-machine-bubble-chamber-carton-sealer-with-top-and-side-conveyor-tapping\/"]}]},{"@type":"ImageObject","inLanguage":"fr-FR","@id":"https:\/\/alfequipment.com\/product\/dfxa5030c-foam-box-sealing-machine-bubble-chamber-carton-sealer-with-top-and-side-conveyor-tapping\/#primaryimage","url":"https:\/\/alfequipment.com\/wp-content\/uploads\/2025\/01\/DFXA5030C-Foam-box-sealing-machine-bubble-chamber.jpg","contentUrl":"https:\/\/alfequipment.com\/wp-content\/uploads\/2025\/01\/DFXA5030C-Foam-box-sealing-machine-bubble-chamber.jpg","width":800,"height":800},{"@type":"BreadcrumbList","@id":"https:\/\/alfequipment.com\/product\/dfxa5030c-foam-box-sealing-machine-bubble-chamber-carton-sealer-with-top-and-side-conveyor-tapping\/#breadcrumb","itemListElement":[{"@type":"ListItem","position":1,"name":"Home","item":"https:\/\/alfequipment.com\/"},{"@type":"ListItem","position":2,"name":"Shop","item":"https:\/\/alfequipment.com\/shop\/"},{"@type":"ListItem","position":3,"name":"DFXA5030C Foam box sealing machine bubble chamber carton sealer with top and side conveyor tapping"}]},{"@type":"WebSite","@id":"https:\/\/alfequipment.com\/#website","url":"https:\/\/alfequipment.com\/","name":"PACK ALF","description":"","publisher":{"@id":"https:\/\/alfequipment.com\/#organization"},"potentialAction":[{"@type":"SearchAction","target":{"@type":"EntryPoint","urlTemplate":"https:\/\/alfequipment.com\/?s={search_term_string}"},"query-input":{"@type":"PropertyValueSpecification","valueRequired":true,"valueName":"search_term_string"}}],"inLanguage":"fr-FR"},{"@type":"Organization","@id":"https:\/\/alfequipment.com\/#organization","name":"PACK ALF","url":"https:\/\/alfequipment.com\/","logo":{"@type":"ImageObject","inLanguage":"fr-FR","@id":"https:\/\/alfequipment.com\/#\/schema\/logo\/image\/","url":"https:\/\/alfequipment.com\/wp-content\/uploads\/2024\/11\/ALFlogo-2.webp","contentUrl":"https:\/\/alfequipment.com\/wp-content\/uploads\/2024\/11\/ALFlogo-2.webp","width":758,"height":750,"caption":"ALF PACK"},"image":{"@id":"https:\/\/alfequipment.com\/#\/schema\/logo\/image\/"}}]}},"_links":{"self":[{"href":"https:\/\/alfequipment.com\/fr\/wp-json\/wp\/v2\/product\/3120","targetHints":{"allow":["GET"]}}],"collection":[{"href":"https:\/\/alfequipment.com\/fr\/wp-json\/wp\/v2\/product"}],"about":[{"href":"https:\/\/alfequipment.com\/fr\/wp-json\/wp\/v2\/types\/product"}],"replies":[{"embeddable":true,"href":"https:\/\/alfequipment.com\/fr\/wp-json\/wp\/v2\/comments?post=3120"}],"version-history":[{"count":0,"href":"https:\/\/alfequipment.com\/fr\/wp-json\/wp\/v2\/product\/3120\/revisions"}],"wp:featuredmedia":[{"embeddable":true,"href":"https:\/\/alfequipment.com\/fr\/wp-json\/wp\/v2\/media\/3121"}],"wp:attachment":[{"href":"https:\/\/alfequipment.com\/fr\/wp-json\/wp\/v2\/media?parent=3120"}],"wp:term":[{"taxonomy":"product_brand","embeddable":true,"href":"https:\/\/alfequipment.com\/fr\/wp-json\/wp\/v2\/product_brand?post=3120"},{"taxonomy":"product_cat","embeddable":true,"href":"https:\/\/alfequipment.com\/fr\/wp-json\/wp\/v2\/product_cat?post=3120"},{"taxonomy":"product_tag","embeddable":true,"href":"https:\/\/alfequipment.com\/fr\/wp-json\/wp\/v2\/product_tag?post=3120"}],"curies":[{"name":"wp","href":"https:\/\/api.w.org\/{rel}","templated":true}]}}