{"id":3122,"date":"2024-12-25T00:09:07","date_gmt":"2024-12-25T00:09:07","guid":{"rendered":"https:\/\/alfequipment.com\/product\/fxa6050s-carton-sealer-box-sealing-packaging-machine-with-up-bottom-conveyor\/"},"modified":"2025-01-13T13:12:22","modified_gmt":"2025-01-13T13:12:22","slug":"fxa6050s-machine-a-sceller-les-cartons-avec-convoyeur-ascendant","status":"publish","type":"product","link":"https:\/\/alfequipment.com\/fr\/product\/fxa6050s-machine-a-sceller-les-cartons-avec-convoyeur-ascendant\/","title":{"rendered":"FXA6050S Machine \u00e0 sceller les cartons avec convoyeur ascendant"},"content":{"rendered":"<div data-magic-global=\"%7B%22bizId%22%3A17179933680%2C%22pageId%22%3A21037647637%2C%22siteId%22%3A5005331025%7D\" id=\"detail_decorate_root\">\n<div module-id=\"28177926978\" module-title=\"detailProductNavigation\" render=\"true\" class=\"J_module\">\n<div id=\"ali-anchor-AliMagic-5uy6oi\" data-section=\"AliMagic-5uy6oi\" data-section-title=\"Product Description\" class=\"magic-0\">1. la machine \u00e0 sceller les cartons FXA6050S est principalement utilis\u00e9e pour sceller et emballer les cartons. elle peut \u00eatre utilis\u00e9e de mani\u00e8re ind\u00e9pendante ou comme partie int\u00e9grante d'une ligne de production.<\/div>\n<\/div>\n<div module-id=\"28177926979\" module-title=\"detailTextWithTitle\" render=\"true\" class=\"J_module\">\n<div class=\"detail-decorate-json-renderer-container\">\n<div class=\"magic-1\">\n<div class=\"magic-4\">\n<div class=\"magic-5\">\n<div class=\"magic-6\">\n<p class=\"magic-7\">2. r\u00e9gler manuellement la hauteur et la largeur du scellage en fonction de la taille du carton, puis placer le carton sur la table de travail, et le carton sera transmis et scell\u00e9 avec du ruban adh\u00e9sif automatiquement en m\u00eame temps.<\/p>\n<p>3. la machine est largement utilis\u00e9e dans les domaines de l'\u00e9lectricit\u00e9, de la maison, du textile, des denr\u00e9es alimentaires, des marchandises g\u00e9n\u00e9rales, de la m\u00e9decine et de l'industrie chimique.<\/p>\n<p>4. Le mod\u00e8le FXA6050S est \u00e9quip\u00e9 d'une imprimante \u00e0 encre pour imprimer des dates ou des lettres sur les c\u00f4t\u00e9s du carton.<\/p>\n<p>5. Il est facile de retirer le kit d'\u00e9tanch\u00e9it\u00e9 et de remplacer les rubans.<\/p>\n<\/p><\/div>\n<\/p><\/div>\n<\/p><\/div>\n<\/p><\/div>\n<\/p><\/div>\n<\/p><\/div>\n<div module-id=\"28177926980\" module-title=\"detailTableHightLight\" render=\"true\" class=\"J_module\">\n<div class=\"ife-detail-decorate-table\">\n<table class=\"all magic-8\">\n<tbody>\n<tr>\n<td>\n<div class=\"magic-9\">\n        Mod\u00e8le\n       <\/div>\n<\/td>\n<td>\n<div class=\"magic-10\">\n        FXA6050S\n       <\/div>\n<\/td>\n<\/tr>\n<tr>\n<td>\n<div class=\"magic-9\">\n        Capacit\u00e9 d'\u00e9tanch\u00e9it\u00e9\n       <\/div>\n<\/td>\n<td>\n<div class=\"magic-10\">\n        environ 1 000 cas standard par heure\n       <\/div>\n<\/td>\n<\/tr>\n<tr>\n<td>\n<div class=\"magic-9\">\n        Bande adh\u00e9sive utilis\u00e9e\n       <\/div>\n<\/td>\n<td>\n<div class=\"magic-10\">\n        BOPP, ruban adh\u00e9sif sans eau, ruban adh\u00e9sif en PVC\n       <\/div>\n<\/td>\n<\/tr>\n<tr>\n<td>\n<div class=\"magic-9\">\n        Largeur du ruban adh\u00e9sif\n       <\/div>\n<\/td>\n<td>\n<div class=\"magic-10\">\n        36, 48, 60mm\n       <\/div>\n<\/td>\n<\/tr>\n<tr>\n<td>\n<div class=\"magic-9\">\n        Sources d'\u00e9nergie\n       <\/div>\n<\/td>\n<td>\n<div class=\"magic-10\">\n        220V\/50Hz, 240W\n       <\/div>\n<\/td>\n<\/tr>\n<tr>\n<td>\n<div class=\"magic-9\">\n        Dimensions maximales d'\u00e9tanch\u00e9it\u00e9 (L*H)\n       <\/div>\n<\/td>\n<td>\n<div class=\"magic-10\">\n        500* 600mm\n       <\/div>\n<\/td>\n<\/tr>\n<tr>\n<td>\n<div class=\"magic-9\">\n        Dimensions minimales d'\u00e9tanch\u00e9it\u00e9 (L*H)\n       <\/div>\n<\/td>\n<td>\n<div class=\"magic-10\">\n        140*150mm\n       <\/div>\n<\/td>\n<\/tr>\n<tr>\n<td>\n<div class=\"magic-9\">\n        Taille de la machine\n       <\/div>\n<\/td>\n<td>\n<div class=\"magic-10\">\n        1800*706*1380~1580mm\n       <\/div>\n<\/td>\n<\/tr>\n<\/tbody>\n<\/table><\/div>\n<\/p><\/div>\n<div module-id=\"28177926981\" module-title=\"detailSingleImage\" render=\"true\" class=\"J_module\">\n<div class=\"icbu-pc-images magic-11\">\n<div>\n<div class=\"flex-layout-v\">\n<div class=\"flex-layout-h magic-11\">\n<div class=\"magic-12\">\n       <img decoding=\"async\" src=\"https:\/\/sc01.alicdn.com\/kf\/HTB1fycFX6LuK1Rjy0Fhq6xpdFXaV\/64496\/HTB1fycFX6LuK1Rjy0Fhq6xpdFXaV.jpg\" class=\"aligncenter\">\n      <\/div>\n<\/p><\/div>\n<\/p><\/div>\n<\/p><\/div>\n<\/p><\/div>\n<\/p><\/div>\n<div module-id=\"28177926982\" module-title=\"detailVerticalImages\" render=\"true\" class=\"J_module\">\n<div class=\"icbu-pc-images magic-11\">\n<div>\n<div class=\"flex-layout-v\">\n<div class=\"magic-14\">\n      <img decoding=\"async\" src=\"https:\/\/sc01.alicdn.com\/kf\/HTB1gffpaizxK1Rjy1zkq6yHrVXas\/64496\/HTB1gffpaizxK1Rjy1zkq6yHrVXas.jpg\" class=\"aligncenter\">\n     <\/div>\n<div class=\"flex-layout-h magic-11\">\n<div class=\"magic-16\">\n       <img decoding=\"async\" src=\"https:\/\/sc01.alicdn.com\/kf\/HTB1oPzyajnuK1RkSmFPq6AuzFXaw\/64496\/HTB1oPzyajnuK1RkSmFPq6AuzFXaw.jpg\" class=\"aligncenter\">\n      <\/div>\n<div class=\"magic-18\">\n       <img decoding=\"async\" src=\"https:\/\/sc01.alicdn.com\/kf\/HTB1PcTsajzuK1RjSspeq6ziHVXaU\/64496\/HTB1PcTsajzuK1RjSspeq6ziHVXaU.jpg\" class=\"aligncenter\">\n      <\/div>\n<\/p><\/div>\n<\/p><\/div>\n<\/p><\/div>\n<\/p><\/div>\n<\/p><\/div>\n<\/div>","protected":false},"excerpt":{"rendered":"<p>Machine \u00e0 sceller les cartons<\/p>","protected":false},"featured_media":3123,"comment_status":"closed","ping_status":"open","template":"","meta":[],"product_brand":[],"product_cat":[97],"product_tag":[],"class_list":{"0":"post-3122","1":"product","2":"type-product","3":"status-publish","4":"has-post-thumbnail","6":"product_cat-sealing-machines","8":"first","9":"instock","10":"sale","11":"purchasable","12":"product-type-simple"},"yoast_head":"<!-- This site is optimized with the Yoast SEO Premium plugin v20.9 (Yoast SEO v26.5) - https:\/\/yoast.com\/wordpress\/plugins\/seo\/ -->\n<title>FXA6050S Carton sealer box sealing packaging machine with up bottom conveyor - ALF PACK<\/title>\n<meta name=\"robots\" content=\"index, follow, max-snippet:-1, max-image-preview:large, max-video-preview:-1\" \/>\n<link rel=\"canonical\" href=\"https:\/\/alfequipment.com\/fr\/product\/fxa6050s-machine-a-sceller-les-cartons-avec-convoyeur-ascendant\/\" \/>\n<meta property=\"og:locale\" content=\"fr_FR\" \/>\n<meta property=\"og:type\" content=\"article\" \/>\n<meta property=\"og:title\" content=\"FXA6050S Carton sealer box sealing packaging machine with up bottom conveyor\" \/>\n<meta property=\"og:description\" content=\"Carton Sealing Machine\" \/>\n<meta property=\"og:url\" content=\"https:\/\/alfequipment.com\/fr\/product\/fxa6050s-machine-a-sceller-les-cartons-avec-convoyeur-ascendant\/\" \/>\n<meta property=\"og:site_name\" content=\"ALF PACK\" \/>\n<meta property=\"article:modified_time\" content=\"2025-01-13T13:12:22+00:00\" \/>\n<meta property=\"og:image\" content=\"https:\/\/alfequipment.com\/wp-content\/uploads\/2025\/01\/FXA6050S-Carton-sealer-box-sealing-packaging-machine.jpg\" \/>\n\t<meta property=\"og:image:width\" content=\"800\" \/>\n\t<meta property=\"og:image:height\" content=\"800\" \/>\n\t<meta property=\"og:image:type\" content=\"image\/webp\" \/>\n<meta name=\"twitter:card\" content=\"summary_large_image\" \/>\n<meta name=\"twitter:label1\" content=\"Dur\u00e9e de lecture estim\u00e9e\" \/>\n\t<meta name=\"twitter:data1\" content=\"1 minute\" \/>\n<script type=\"application\/ld+json\" class=\"yoast-schema-graph\">{\"@context\":\"https:\/\/schema.org\",\"@graph\":[{\"@type\":\"WebPage\",\"@id\":\"https:\/\/alfequipment.com\/product\/fxa6050s-carton-sealer-box-sealing-packaging-machine-with-up-bottom-conveyor\/\",\"url\":\"https:\/\/alfequipment.com\/product\/fxa6050s-carton-sealer-box-sealing-packaging-machine-with-up-bottom-conveyor\/\",\"name\":\"FXA6050S Carton sealer box sealing packaging machine with up bottom conveyor - ALF PACK\",\"isPartOf\":{\"@id\":\"https:\/\/alfequipment.com\/#website\"},\"primaryImageOfPage\":{\"@id\":\"https:\/\/alfequipment.com\/product\/fxa6050s-carton-sealer-box-sealing-packaging-machine-with-up-bottom-conveyor\/#primaryimage\"},\"image\":{\"@id\":\"https:\/\/alfequipment.com\/product\/fxa6050s-carton-sealer-box-sealing-packaging-machine-with-up-bottom-conveyor\/#primaryimage\"},\"thumbnailUrl\":\"https:\/\/alfequipment.com\/wp-content\/uploads\/2025\/01\/FXA6050S-Carton-sealer-box-sealing-packaging-machine.jpg\",\"datePublished\":\"2024-12-25T00:09:07+00:00\",\"dateModified\":\"2025-01-13T13:12:22+00:00\",\"breadcrumb\":{\"@id\":\"https:\/\/alfequipment.com\/product\/fxa6050s-carton-sealer-box-sealing-packaging-machine-with-up-bottom-conveyor\/#breadcrumb\"},\"inLanguage\":\"fr-FR\",\"potentialAction\":[{\"@type\":\"ReadAction\",\"target\":[\"https:\/\/alfequipment.com\/product\/fxa6050s-carton-sealer-box-sealing-packaging-machine-with-up-bottom-conveyor\/\"]}]},{\"@type\":\"ImageObject\",\"inLanguage\":\"fr-FR\",\"@id\":\"https:\/\/alfequipment.com\/product\/fxa6050s-carton-sealer-box-sealing-packaging-machine-with-up-bottom-conveyor\/#primaryimage\",\"url\":\"https:\/\/alfequipment.com\/wp-content\/uploads\/2025\/01\/FXA6050S-Carton-sealer-box-sealing-packaging-machine.jpg\",\"contentUrl\":\"https:\/\/alfequipment.com\/wp-content\/uploads\/2025\/01\/FXA6050S-Carton-sealer-box-sealing-packaging-machine.jpg\",\"width\":800,\"height\":800},{\"@type\":\"BreadcrumbList\",\"@id\":\"https:\/\/alfequipment.com\/product\/fxa6050s-carton-sealer-box-sealing-packaging-machine-with-up-bottom-conveyor\/#breadcrumb\",\"itemListElement\":[{\"@type\":\"ListItem\",\"position\":1,\"name\":\"Home\",\"item\":\"https:\/\/alfequipment.com\/\"},{\"@type\":\"ListItem\",\"position\":2,\"name\":\"Shop\",\"item\":\"https:\/\/alfequipment.com\/shop\/\"},{\"@type\":\"ListItem\",\"position\":3,\"name\":\"FXA6050S Carton sealer box sealing packaging machine with up bottom conveyor\"}]},{\"@type\":\"WebSite\",\"@id\":\"https:\/\/alfequipment.com\/#website\",\"url\":\"https:\/\/alfequipment.com\/\",\"name\":\"ALF PACK\",\"description\":\"\",\"publisher\":{\"@id\":\"https:\/\/alfequipment.com\/#organization\"},\"potentialAction\":[{\"@type\":\"SearchAction\",\"target\":{\"@type\":\"EntryPoint\",\"urlTemplate\":\"https:\/\/alfequipment.com\/?s={search_term_string}\"},\"query-input\":{\"@type\":\"PropertyValueSpecification\",\"valueRequired\":true,\"valueName\":\"search_term_string\"}}],\"inLanguage\":\"fr-FR\"},{\"@type\":\"Organization\",\"@id\":\"https:\/\/alfequipment.com\/#organization\",\"name\":\"ALF PACK\",\"url\":\"https:\/\/alfequipment.com\/\",\"logo\":{\"@type\":\"ImageObject\",\"inLanguage\":\"fr-FR\",\"@id\":\"https:\/\/alfequipment.com\/#\/schema\/logo\/image\/\",\"url\":\"https:\/\/alfequipment.com\/wp-content\/uploads\/2024\/11\/ALFlogo-2.webp\",\"contentUrl\":\"https:\/\/alfequipment.com\/wp-content\/uploads\/2024\/11\/ALFlogo-2.webp\",\"width\":758,\"height\":750,\"caption\":\"ALF PACK\"},\"image\":{\"@id\":\"https:\/\/alfequipment.com\/#\/schema\/logo\/image\/\"}}]}<\/script>\n<!-- \/ Yoast SEO Premium plugin. -->","yoast_head_json":{"title":"FXA6050S Scelleuse de cartons avec convoyeur inf\u00e9rieur - ALF PACK","robots":{"index":"index","follow":"follow","max-snippet":"max-snippet:-1","max-image-preview":"max-image-preview:large","max-video-preview":"max-video-preview:-1"},"canonical":"https:\/\/alfequipment.com\/fr\/product\/fxa6050s-machine-a-sceller-les-cartons-avec-convoyeur-ascendant\/","og_locale":"fr_FR","og_type":"article","og_title":"FXA6050S Carton sealer box sealing packaging machine with up bottom conveyor","og_description":"Carton Sealing Machine","og_url":"https:\/\/alfequipment.com\/fr\/product\/fxa6050s-machine-a-sceller-les-cartons-avec-convoyeur-ascendant\/","og_site_name":"ALF PACK","article_modified_time":"2025-01-13T13:12:22+00:00","og_image":[{"width":800,"height":800,"url":"https:\/\/alfequipment.com\/wp-content\/uploads\/2025\/01\/FXA6050S-Carton-sealer-box-sealing-packaging-machine.jpg","type":"image\/webp"}],"twitter_card":"summary_large_image","twitter_misc":{"Dur\u00e9e de lecture estim\u00e9e":"1 minute"},"schema":{"@context":"https:\/\/schema.org","@graph":[{"@type":"WebPage","@id":"https:\/\/alfequipment.com\/product\/fxa6050s-carton-sealer-box-sealing-packaging-machine-with-up-bottom-conveyor\/","url":"https:\/\/alfequipment.com\/product\/fxa6050s-carton-sealer-box-sealing-packaging-machine-with-up-bottom-conveyor\/","name":"FXA6050S Scelleuse de cartons avec convoyeur inf\u00e9rieur - ALF PACK","isPartOf":{"@id":"https:\/\/alfequipment.com\/#website"},"primaryImageOfPage":{"@id":"https:\/\/alfequipment.com\/product\/fxa6050s-carton-sealer-box-sealing-packaging-machine-with-up-bottom-conveyor\/#primaryimage"},"image":{"@id":"https:\/\/alfequipment.com\/product\/fxa6050s-carton-sealer-box-sealing-packaging-machine-with-up-bottom-conveyor\/#primaryimage"},"thumbnailUrl":"https:\/\/alfequipment.com\/wp-content\/uploads\/2025\/01\/FXA6050S-Carton-sealer-box-sealing-packaging-machine.jpg","datePublished":"2024-12-25T00:09:07+00:00","dateModified":"2025-01-13T13:12:22+00:00","breadcrumb":{"@id":"https:\/\/alfequipment.com\/product\/fxa6050s-carton-sealer-box-sealing-packaging-machine-with-up-bottom-conveyor\/#breadcrumb"},"inLanguage":"fr-FR","potentialAction":[{"@type":"ReadAction","target":["https:\/\/alfequipment.com\/product\/fxa6050s-carton-sealer-box-sealing-packaging-machine-with-up-bottom-conveyor\/"]}]},{"@type":"ImageObject","inLanguage":"fr-FR","@id":"https:\/\/alfequipment.com\/product\/fxa6050s-carton-sealer-box-sealing-packaging-machine-with-up-bottom-conveyor\/#primaryimage","url":"https:\/\/alfequipment.com\/wp-content\/uploads\/2025\/01\/FXA6050S-Carton-sealer-box-sealing-packaging-machine.jpg","contentUrl":"https:\/\/alfequipment.com\/wp-content\/uploads\/2025\/01\/FXA6050S-Carton-sealer-box-sealing-packaging-machine.jpg","width":800,"height":800},{"@type":"BreadcrumbList","@id":"https:\/\/alfequipment.com\/product\/fxa6050s-carton-sealer-box-sealing-packaging-machine-with-up-bottom-conveyor\/#breadcrumb","itemListElement":[{"@type":"ListItem","position":1,"name":"Home","item":"https:\/\/alfequipment.com\/"},{"@type":"ListItem","position":2,"name":"Shop","item":"https:\/\/alfequipment.com\/shop\/"},{"@type":"ListItem","position":3,"name":"FXA6050S Carton sealer box sealing packaging machine with up bottom conveyor"}]},{"@type":"WebSite","@id":"https:\/\/alfequipment.com\/#website","url":"https:\/\/alfequipment.com\/","name":"PACK ALF","description":"","publisher":{"@id":"https:\/\/alfequipment.com\/#organization"},"potentialAction":[{"@type":"SearchAction","target":{"@type":"EntryPoint","urlTemplate":"https:\/\/alfequipment.com\/?s={search_term_string}"},"query-input":{"@type":"PropertyValueSpecification","valueRequired":true,"valueName":"search_term_string"}}],"inLanguage":"fr-FR"},{"@type":"Organization","@id":"https:\/\/alfequipment.com\/#organization","name":"PACK ALF","url":"https:\/\/alfequipment.com\/","logo":{"@type":"ImageObject","inLanguage":"fr-FR","@id":"https:\/\/alfequipment.com\/#\/schema\/logo\/image\/","url":"https:\/\/alfequipment.com\/wp-content\/uploads\/2024\/11\/ALFlogo-2.webp","contentUrl":"https:\/\/alfequipment.com\/wp-content\/uploads\/2024\/11\/ALFlogo-2.webp","width":758,"height":750,"caption":"ALF PACK"},"image":{"@id":"https:\/\/alfequipment.com\/#\/schema\/logo\/image\/"}}]}},"_links":{"self":[{"href":"https:\/\/alfequipment.com\/fr\/wp-json\/wp\/v2\/product\/3122","targetHints":{"allow":["GET"]}}],"collection":[{"href":"https:\/\/alfequipment.com\/fr\/wp-json\/wp\/v2\/product"}],"about":[{"href":"https:\/\/alfequipment.com\/fr\/wp-json\/wp\/v2\/types\/product"}],"replies":[{"embeddable":true,"href":"https:\/\/alfequipment.com\/fr\/wp-json\/wp\/v2\/comments?post=3122"}],"version-history":[{"count":0,"href":"https:\/\/alfequipment.com\/fr\/wp-json\/wp\/v2\/product\/3122\/revisions"}],"wp:featuredmedia":[{"embeddable":true,"href":"https:\/\/alfequipment.com\/fr\/wp-json\/wp\/v2\/media\/3123"}],"wp:attachment":[{"href":"https:\/\/alfequipment.com\/fr\/wp-json\/wp\/v2\/media?parent=3122"}],"wp:term":[{"taxonomy":"product_brand","embeddable":true,"href":"https:\/\/alfequipment.com\/fr\/wp-json\/wp\/v2\/product_brand?post=3122"},{"taxonomy":"product_cat","embeddable":true,"href":"https:\/\/alfequipment.com\/fr\/wp-json\/wp\/v2\/product_cat?post=3122"},{"taxonomy":"product_tag","embeddable":true,"href":"https:\/\/alfequipment.com\/fr\/wp-json\/wp\/v2\/product_tag?post=3122"}],"curies":[{"name":"wp","href":"https:\/\/api.w.org\/{rel}","templated":true}]}}