{"id":3126,"date":"2024-12-05T22:55:25","date_gmt":"2024-12-05T22:55:25","guid":{"rendered":"https:\/\/alfequipment.com\/product\/dsa6035-packaging-shrink-tunnel-machine\/"},"modified":"2025-01-14T03:12:44","modified_gmt":"2025-01-14T03:12:44","slug":"dsa6035-machine-a-tunnel-de-retraction-pour-lemballage","status":"publish","type":"product","link":"https:\/\/alfequipment.com\/fr\/product\/dsa6035-machine-a-tunnel-de-retraction-pour-lemballage\/","title":{"rendered":"DSA6035 Machine \u00e0 tunnel de r\u00e9traction d'emballage"},"content":{"rendered":"<div>\n<div style=\"vertical-align: top;padding-top: 15px; padding-bottom: 15px;\">\n<div style=\"vertical-align: top;padding-top: 10px; padding-bottom: 10px; margin-right: -4px; margin-left: -4px;\">\n<div style=\"vertical-align: top; box-sizing: border-box; padding-right: 4px; padding-left: 4px;margin-top: -4px; margin-bottom: -4px;\">\n<div id=\"9v1sk\" style=\"vertical-align: top; box-sizing: border-box; padding-top: 4px; padding-bottom: 4px\">La machine d'emballage thermor\u00e9tractable est adapt\u00e9e \u00e0 la r\u00e9traction de films r\u00e9tractables fins tels que POF, PVC, PP, etc. \u00e0 l'aide d'un rayonnement infrarouge lointain. L'\u00e9paisseur du film r\u00e9tractable doit \u00eatre comprise entre 0,01 et 0,04 mm. La temp\u00e9rature de la salle de r\u00e9traction et la vitesse du convoyeur sont r\u00e9glables. En outre, la hauteur du tunnel de r\u00e9traction peut \u00eatre ajust\u00e9e en fonction de la taille des produits \u00e0 emballer. Le convoyeur en t\u00e9flon a l'avantage de conserver la chaleur. Cette machine est id\u00e9ale pour r\u00e9tracter des bo\u00eetes l\u00e9g\u00e8res et de petite taille.<\/div>\n<\/p><\/div>\n<\/p><\/div>\n<div style=\"vertical-align: top;padding-top: 10px; padding-bottom: 10px; margin-right: -4px; margin-left: -4px;\">\n<div id=\"dag8r\" style=\"vertical-align: top; box-sizing: border-box; padding-right: 4px; padding-left: 4px\">\n<table style=\"width: auto; border-collapse: collapse; word-wrap: break-word;\" class=\"aliDataTable\">\n<tbody>\n<tr>\n<td style=\"background-color: rgb(218, 226, 237);\">\n<div style=\"width: 289px; height: 22px; padding: 5px 10px; overflow: hidden;\">\n          Mod\u00e8le\n         <\/div>\n<\/td>\n<td>\n<div style=\"width: 412px; height: 22px; padding: 5px 10px; overflow: hidden;\">\n          DSA6035\n         <\/div>\n<\/td>\n<\/tr>\n<tr>\n<td style=\"background-color: rgb(218, 226, 237);\">\n<div style=\"width: 289px; height: 22px; padding: 5px 10px; overflow: hidden;\">\n          Source d'alimentation\n         <\/div>\n<\/td>\n<td>\n<div style=\"width: 412px; height: 22px; padding: 5px 10px; overflow: hidden;\">\n          380V 50-60Hz\n         <\/div>\n<\/td>\n<\/tr>\n<tr>\n<td style=\"background-color: rgb(218, 226, 237);\">\n<div style=\"width: 289px; height: 22px; padding: 5px 10px; overflow: hidden;\">\n          Puissance\n         <\/div>\n<\/td>\n<td>\n<div style=\"width: 412px; height: auto; padding: 5px 10px; overflow: hidden;\">\n          12.05KW\n         <\/div>\n<\/td>\n<\/tr>\n<tr>\n<td style=\"background-color: rgb(218, 226, 237);\">\n<div style=\"width: 289px; height: 22px; padding: 5px 10px; overflow: hidden;\">\n          Vitesse du convoyeur\n         <\/div>\n<\/td>\n<td>\n<div style=\"width: 412px; height: 22px; padding: 5px 10px; overflow: hidden;\">\n          0-10m\/min\n         <\/div>\n<\/td>\n<\/tr>\n<tr>\n<td style=\"background-color: rgb(218, 226, 237);\">\n<div style=\"width: 289px; height: 22px; padding: 5px 10px; overflow: hidden;\">\n          Taille du tunnel (L*L*H)\n         <\/div>\n<\/td>\n<td>\n<div style=\"width: 412px; height: auto; padding: 5px 10px; overflow: hidden;\">\n          1000*600*350mm\n         <\/div>\n<\/td>\n<\/tr>\n<tr>\n<td style=\"background-color: rgb(218, 226, 237);\">\n<div style=\"width: 289px; height: 22px; padding: 5px 10px; overflow: hidden;\">\n          Chargement du convoyeur\n         <\/div>\n<\/td>\n<td>\n<div style=\"width: 412px; height: 22px; padding: 5px 10px; overflow: hidden;\">\n          10kg\n         <\/div>\n<\/td>\n<\/tr>\n<tr>\n<td style=\"background-color: rgb(218, 226, 237);\">\n<div style=\"width: 289px; height: 22px; padding: 5px 10px; overflow: hidden;\">\n          Taille de la machine (L*L*H)\n         <\/div>\n<\/td>\n<td>\n<div style=\"width: 412px; height: auto; padding: 5px 10px; overflow: hidden;\">\n          1260*820*1390mm\n         <\/div>\n<\/td>\n<\/tr>\n<\/tbody>\n<\/table><\/div>\n<\/p><\/div>\n<div style=\"vertical-align: top; display: block;padding-top: 10px; padding-bottom: 10px; margin-right: -4px; margin-left: -4px;\">\n<div style=\"vertical-align: top; box-sizing: border-box; padding-right: 4px; padding-left: 4px;margin-top: -4px; margin-bottom: -4px;\">\n<div id=\"m2vrt\" style=\"vertical-align: top; box-sizing: border-box; padding-top: 4px; padding-bottom: 4px\">\n<h3 style=\"padding: 0px; font-size: 16px; line-height: 20px; font-weight: bold; margin: 0px;\"><font color=\"#3f6fff\">Caract\u00e9ristiques principales<\/font><\/h3>\n<\/p><\/div>\n<div id=\"y8z19\" style=\"vertical-align: top; box-sizing: border-box; padding-top: 4px; padding-bottom: 4px\">\n<p style=\"margin:0;padding:0;\">1.\u00ef\u00b2Construction compacte, haute efficacit\u00e9 ;<\/p>\n<p style=\"margin:0;padding:0;\">2.\u00ef\u00b2Contr\u00f4le pr\u00e9cis de la temp\u00e9rature du tunnel de r\u00e9traction.<\/p>\n<p>3.\u00ef\u00b2Un flux d'air important assure une excellente r\u00e9partition de la chaleur pour une r\u00e9traction uniforme ;&nbsp;<\/p>\n<\/p><\/div>\n<\/p><\/div>\n<\/p><\/div>\n<div style=\"vertical-align: top;padding-top: 10px; padding-bottom: 10px; margin-right: -4px; margin-left: -4px;\">\n<div id=\"gvmf1\" style=\"vertical-align: top; box-sizing: border-box; padding-right: 4px; padding-left: 4px\">\n<div style=\"overflow: hidden; width: 750px; height: 750px;\">\n      <img decoding=\"async\" src=\"https:\/\/sc01.alicdn.com\/kf\/HTB11EwFaErrK1RkSne1q6ArVVXax\/64496\/HTB11EwFaErrK1RkSne1q6ArVVXax.jpg\" style=\"width: 750px; height: 750px; margin-left: 0px; margin-top: 0px;\" class=\"aligncenter\">\n     <\/div>\n<\/p><\/div>\n<\/p><\/div>\n<div style=\"vertical-align: top;padding-top: 10px; padding-bottom: 10px; margin-right: -4px; margin-left: -4px;\">\n<div style=\"vertical-align: top; box-sizing: border-box; padding-right: 4px; padding-left: 4px;margin-top: -4px; margin-bottom: -4px;\">\n<div id=\"29i4x\" style=\"vertical-align: top; box-sizing: border-box; padding-top: 4px; padding-bottom: 4px\">\n<div style=\"overflow: hidden; width: 750px; height: 320px;\">\n       <img decoding=\"async\" src=\"https:\/\/sc01.alicdn.com\/kf\/HTB1sG.AayzxK1RkSnaVq6xn9VXaH\/64496\/HTB1sG.AayzxK1RkSnaVq6xn9VXaH.jpg\" style=\"width: 750px; height: 750px; margin-left: 0px; margin-top: -165px;\" class=\"aligncenter\">\n      <\/div>\n<\/p><\/div>\n<div style=\"vertical-align: top; box-sizing: border-box; padding-top: 4px; padding-bottom: 4px;margin-right: -4px; margin-left: -4px;\">\n<div id=\"91i1j\" style=\"vertical-align: top; width: 50%; display: inline-block; box-sizing: border-box; padding-right: 4px; padding-left: 4px\">\n<div style=\"overflow: hidden; width: 371px; height: 200px;\">\n        <img decoding=\"async\" src=\"https:\/\/sc01.alicdn.com\/kf\/HTB1HngCaxrvK1RjSszeq6yObFXap\/64496\/HTB1HngCaxrvK1RjSszeq6yObFXap.jpg\" style=\"width: 371px; height: 244.042px; margin-left: 0px; margin-top: 0px;\" class=\"aligncenter\">\n       <\/div>\n<\/p><\/div>\n<div id=\"itl9d\" style=\"vertical-align: top; width: 50%; display: inline-block; box-sizing: border-box; padding-right: 4px; padding-left: 4px\">\n<div style=\"overflow: hidden; width: 371px; height: 200px;\">\n        <img decoding=\"async\" src=\"https:\/\/sc01.alicdn.com\/kf\/HTB19IMDazvuK1Rjy0Faq6x2aVXa7\/64496\/HTB19IMDazvuK1Rjy0Faq6x2aVXa7.jpg\" style=\"width: 403.7px; height: 116.6px; margin-left: -15px; margin-top: 0px;\" class=\"aligncenter\">\n       <\/div>\n<\/p><\/div>\n<\/p><\/div>\n<\/p><\/div>\n<\/p><\/div>\n<div style=\"vertical-align: top;padding-top: 10px; padding-bottom: 10px; margin-right: -4px; margin-left: -4px;\">\n<div id=\"swp32\" style=\"vertical-align: top; box-sizing: border-box; padding-right: 4px; padding-left: 4px\">\n<div style=\"overflow: hidden; width: 750px; height: 861.076px;\">\n      <img decoding=\"async\" src=\"https:\/\/sc01.alicdn.com\/kf\/HTB153QxasfrK1RkSmLyq6xGApXaT\/64496\/HTB153QxasfrK1RkSmLyq6xGApXaT.jpg\" style=\"width: 750px; height: 861.076px; margin-left: 0px; margin-top: 0px;\" class=\"aligncenter\">\n     <\/div>\n<\/p><\/div>\n<\/p><\/div>\n<div style=\"vertical-align: top;padding-top: 10px; padding-bottom: 10px; margin-right: -4px; margin-left: -4px;\">\n<div id=\"ehymk\" style=\"vertical-align: top; box-sizing: border-box; padding-right: 4px; padding-left: 4px\">\n<div style=\"overflow: hidden; width: 750px; height: 665.399px;\">\n      <img decoding=\"async\" src=\"https:\/\/sc01.alicdn.com\/kf\/HTB1lFUGaErrK1RkSne1q6ArVVXa2\/64496\/HTB1lFUGaErrK1RkSne1q6ArVVXa2.jpg\" style=\"width: 750px; height: 665.399px; margin-left: 0px; margin-top: 0px;\" class=\"aligncenter\"><\/div>\n<\/div>\n<\/div>\n<\/div>\n<div style=\"vertical-align: top;padding-top: 15px; padding-bottom: 15px;\">\n<div style=\"vertical-align: top;padding-top: 10px; padding-bottom: 10px; margin-right: -4px; margin-left: -4px;\">\n<div id=\"ohncb\" style=\"vertical-align: top; width: 50%; display: inline-block; box-sizing: border-box; padding-right: 4px; padding-left: 4px\">\n    <\/div>\n<\/p><\/div>\n<\/p><\/div>\n<\/p><\/div>","protected":false},"excerpt":{"rendered":"<p>Machine d'emballage par tunnel de r\u00e9traction<\/p>","protected":false},"featured_media":3127,"comment_status":"closed","ping_status":"open","template":"","meta":[],"product_brand":[],"product_cat":[123,98],"product_tag":[],"class_list":{"0":"post-3126","1":"product","2":"type-product","3":"status-publish","4":"has-post-thumbnail","6":"product_cat-shrink-tunnels","7":"product_cat-wrapping-machines","9":"first","10":"instock","11":"sale","12":"purchasable","13":"product-type-simple"},"yoast_head":"<!-- This site is optimized with the Yoast SEO Premium plugin v20.9 (Yoast SEO v26.5) - https:\/\/yoast.com\/wordpress\/plugins\/seo\/ -->\n<title>DSA6035 Packaging Shrink tunnel machine - ALF PACK<\/title>\n<meta name=\"robots\" content=\"index, follow, max-snippet:-1, max-image-preview:large, max-video-preview:-1\" \/>\n<link rel=\"canonical\" href=\"https:\/\/alfequipment.com\/fr\/product\/dsa6035-machine-a-tunnel-de-retraction-pour-lemballage\/\" \/>\n<meta property=\"og:locale\" content=\"fr_FR\" \/>\n<meta property=\"og:type\" content=\"article\" \/>\n<meta property=\"og:title\" content=\"DSA6035 Packaging Shrink tunnel machine\" \/>\n<meta property=\"og:description\" content=\"Packaging Shrink Tunnel Wrapping Machine\" \/>\n<meta property=\"og:url\" content=\"https:\/\/alfequipment.com\/fr\/product\/dsa6035-machine-a-tunnel-de-retraction-pour-lemballage\/\" \/>\n<meta property=\"og:site_name\" content=\"ALF PACK\" \/>\n<meta property=\"article:modified_time\" content=\"2025-01-14T03:12:44+00:00\" \/>\n<meta property=\"og:image\" content=\"https:\/\/alfequipment.com\/wp-content\/uploads\/2025\/01\/DSA6035-Packaging-Shrink-tunnel-machine.jpg\" \/>\n\t<meta property=\"og:image:width\" content=\"800\" \/>\n\t<meta property=\"og:image:height\" content=\"800\" \/>\n\t<meta property=\"og:image:type\" content=\"image\/webp\" \/>\n<meta name=\"twitter:card\" content=\"summary_large_image\" \/>\n<meta name=\"twitter:label1\" content=\"Dur\u00e9e de lecture estim\u00e9e\" \/>\n\t<meta name=\"twitter:data1\" content=\"1 minute\" \/>\n<script type=\"application\/ld+json\" class=\"yoast-schema-graph\">{\"@context\":\"https:\/\/schema.org\",\"@graph\":[{\"@type\":\"WebPage\",\"@id\":\"https:\/\/alfequipment.com\/product\/dsa6035-packaging-shrink-tunnel-machine\/\",\"url\":\"https:\/\/alfequipment.com\/product\/dsa6035-packaging-shrink-tunnel-machine\/\",\"name\":\"DSA6035 Packaging Shrink tunnel machine - ALF PACK\",\"isPartOf\":{\"@id\":\"https:\/\/alfequipment.com\/#website\"},\"primaryImageOfPage\":{\"@id\":\"https:\/\/alfequipment.com\/product\/dsa6035-packaging-shrink-tunnel-machine\/#primaryimage\"},\"image\":{\"@id\":\"https:\/\/alfequipment.com\/product\/dsa6035-packaging-shrink-tunnel-machine\/#primaryimage\"},\"thumbnailUrl\":\"https:\/\/alfequipment.com\/wp-content\/uploads\/2025\/01\/DSA6035-Packaging-Shrink-tunnel-machine.jpg\",\"datePublished\":\"2024-12-05T22:55:25+00:00\",\"dateModified\":\"2025-01-14T03:12:44+00:00\",\"breadcrumb\":{\"@id\":\"https:\/\/alfequipment.com\/product\/dsa6035-packaging-shrink-tunnel-machine\/#breadcrumb\"},\"inLanguage\":\"fr-FR\",\"potentialAction\":[{\"@type\":\"ReadAction\",\"target\":[\"https:\/\/alfequipment.com\/product\/dsa6035-packaging-shrink-tunnel-machine\/\"]}]},{\"@type\":\"ImageObject\",\"inLanguage\":\"fr-FR\",\"@id\":\"https:\/\/alfequipment.com\/product\/dsa6035-packaging-shrink-tunnel-machine\/#primaryimage\",\"url\":\"https:\/\/alfequipment.com\/wp-content\/uploads\/2025\/01\/DSA6035-Packaging-Shrink-tunnel-machine.jpg\",\"contentUrl\":\"https:\/\/alfequipment.com\/wp-content\/uploads\/2025\/01\/DSA6035-Packaging-Shrink-tunnel-machine.jpg\",\"width\":800,\"height\":800},{\"@type\":\"BreadcrumbList\",\"@id\":\"https:\/\/alfequipment.com\/product\/dsa6035-packaging-shrink-tunnel-machine\/#breadcrumb\",\"itemListElement\":[{\"@type\":\"ListItem\",\"position\":1,\"name\":\"Home\",\"item\":\"https:\/\/alfequipment.com\/\"},{\"@type\":\"ListItem\",\"position\":2,\"name\":\"Shop\",\"item\":\"https:\/\/alfequipment.com\/shop\/\"},{\"@type\":\"ListItem\",\"position\":3,\"name\":\"DSA6035 Packaging Shrink tunnel machine\"}]},{\"@type\":\"WebSite\",\"@id\":\"https:\/\/alfequipment.com\/#website\",\"url\":\"https:\/\/alfequipment.com\/\",\"name\":\"ALF PACK\",\"description\":\"\",\"publisher\":{\"@id\":\"https:\/\/alfequipment.com\/#organization\"},\"potentialAction\":[{\"@type\":\"SearchAction\",\"target\":{\"@type\":\"EntryPoint\",\"urlTemplate\":\"https:\/\/alfequipment.com\/?s={search_term_string}\"},\"query-input\":{\"@type\":\"PropertyValueSpecification\",\"valueRequired\":true,\"valueName\":\"search_term_string\"}}],\"inLanguage\":\"fr-FR\"},{\"@type\":\"Organization\",\"@id\":\"https:\/\/alfequipment.com\/#organization\",\"name\":\"ALF PACK\",\"url\":\"https:\/\/alfequipment.com\/\",\"logo\":{\"@type\":\"ImageObject\",\"inLanguage\":\"fr-FR\",\"@id\":\"https:\/\/alfequipment.com\/#\/schema\/logo\/image\/\",\"url\":\"https:\/\/alfequipment.com\/wp-content\/uploads\/2024\/11\/ALFlogo-2.webp\",\"contentUrl\":\"https:\/\/alfequipment.com\/wp-content\/uploads\/2024\/11\/ALFlogo-2.webp\",\"width\":758,\"height\":750,\"caption\":\"ALF PACK\"},\"image\":{\"@id\":\"https:\/\/alfequipment.com\/#\/schema\/logo\/image\/\"}}]}<\/script>\n<!-- \/ Yoast SEO Premium plugin. -->","yoast_head_json":{"title":"DSA6035 Emballage Machine \u00e0 tunnel de r\u00e9traction - ALF PACK","robots":{"index":"index","follow":"follow","max-snippet":"max-snippet:-1","max-image-preview":"max-image-preview:large","max-video-preview":"max-video-preview:-1"},"canonical":"https:\/\/alfequipment.com\/fr\/product\/dsa6035-machine-a-tunnel-de-retraction-pour-lemballage\/","og_locale":"fr_FR","og_type":"article","og_title":"DSA6035 Packaging Shrink tunnel machine","og_description":"Packaging Shrink Tunnel Wrapping Machine","og_url":"https:\/\/alfequipment.com\/fr\/product\/dsa6035-machine-a-tunnel-de-retraction-pour-lemballage\/","og_site_name":"ALF PACK","article_modified_time":"2025-01-14T03:12:44+00:00","og_image":[{"width":800,"height":800,"url":"https:\/\/alfequipment.com\/wp-content\/uploads\/2025\/01\/DSA6035-Packaging-Shrink-tunnel-machine.jpg","type":"image\/webp"}],"twitter_card":"summary_large_image","twitter_misc":{"Dur\u00e9e de lecture estim\u00e9e":"1 minute"},"schema":{"@context":"https:\/\/schema.org","@graph":[{"@type":"WebPage","@id":"https:\/\/alfequipment.com\/product\/dsa6035-packaging-shrink-tunnel-machine\/","url":"https:\/\/alfequipment.com\/product\/dsa6035-packaging-shrink-tunnel-machine\/","name":"DSA6035 Emballage Machine \u00e0 tunnel de r\u00e9traction - ALF PACK","isPartOf":{"@id":"https:\/\/alfequipment.com\/#website"},"primaryImageOfPage":{"@id":"https:\/\/alfequipment.com\/product\/dsa6035-packaging-shrink-tunnel-machine\/#primaryimage"},"image":{"@id":"https:\/\/alfequipment.com\/product\/dsa6035-packaging-shrink-tunnel-machine\/#primaryimage"},"thumbnailUrl":"https:\/\/alfequipment.com\/wp-content\/uploads\/2025\/01\/DSA6035-Packaging-Shrink-tunnel-machine.jpg","datePublished":"2024-12-05T22:55:25+00:00","dateModified":"2025-01-14T03:12:44+00:00","breadcrumb":{"@id":"https:\/\/alfequipment.com\/product\/dsa6035-packaging-shrink-tunnel-machine\/#breadcrumb"},"inLanguage":"fr-FR","potentialAction":[{"@type":"ReadAction","target":["https:\/\/alfequipment.com\/product\/dsa6035-packaging-shrink-tunnel-machine\/"]}]},{"@type":"ImageObject","inLanguage":"fr-FR","@id":"https:\/\/alfequipment.com\/product\/dsa6035-packaging-shrink-tunnel-machine\/#primaryimage","url":"https:\/\/alfequipment.com\/wp-content\/uploads\/2025\/01\/DSA6035-Packaging-Shrink-tunnel-machine.jpg","contentUrl":"https:\/\/alfequipment.com\/wp-content\/uploads\/2025\/01\/DSA6035-Packaging-Shrink-tunnel-machine.jpg","width":800,"height":800},{"@type":"BreadcrumbList","@id":"https:\/\/alfequipment.com\/product\/dsa6035-packaging-shrink-tunnel-machine\/#breadcrumb","itemListElement":[{"@type":"ListItem","position":1,"name":"Home","item":"https:\/\/alfequipment.com\/"},{"@type":"ListItem","position":2,"name":"Shop","item":"https:\/\/alfequipment.com\/shop\/"},{"@type":"ListItem","position":3,"name":"DSA6035 Packaging Shrink tunnel machine"}]},{"@type":"WebSite","@id":"https:\/\/alfequipment.com\/#website","url":"https:\/\/alfequipment.com\/","name":"PACK ALF","description":"","publisher":{"@id":"https:\/\/alfequipment.com\/#organization"},"potentialAction":[{"@type":"SearchAction","target":{"@type":"EntryPoint","urlTemplate":"https:\/\/alfequipment.com\/?s={search_term_string}"},"query-input":{"@type":"PropertyValueSpecification","valueRequired":true,"valueName":"search_term_string"}}],"inLanguage":"fr-FR"},{"@type":"Organization","@id":"https:\/\/alfequipment.com\/#organization","name":"PACK ALF","url":"https:\/\/alfequipment.com\/","logo":{"@type":"ImageObject","inLanguage":"fr-FR","@id":"https:\/\/alfequipment.com\/#\/schema\/logo\/image\/","url":"https:\/\/alfequipment.com\/wp-content\/uploads\/2024\/11\/ALFlogo-2.webp","contentUrl":"https:\/\/alfequipment.com\/wp-content\/uploads\/2024\/11\/ALFlogo-2.webp","width":758,"height":750,"caption":"ALF PACK"},"image":{"@id":"https:\/\/alfequipment.com\/#\/schema\/logo\/image\/"}}]}},"_links":{"self":[{"href":"https:\/\/alfequipment.com\/fr\/wp-json\/wp\/v2\/product\/3126","targetHints":{"allow":["GET"]}}],"collection":[{"href":"https:\/\/alfequipment.com\/fr\/wp-json\/wp\/v2\/product"}],"about":[{"href":"https:\/\/alfequipment.com\/fr\/wp-json\/wp\/v2\/types\/product"}],"replies":[{"embeddable":true,"href":"https:\/\/alfequipment.com\/fr\/wp-json\/wp\/v2\/comments?post=3126"}],"version-history":[{"count":0,"href":"https:\/\/alfequipment.com\/fr\/wp-json\/wp\/v2\/product\/3126\/revisions"}],"wp:featuredmedia":[{"embeddable":true,"href":"https:\/\/alfequipment.com\/fr\/wp-json\/wp\/v2\/media\/3127"}],"wp:attachment":[{"href":"https:\/\/alfequipment.com\/fr\/wp-json\/wp\/v2\/media?parent=3126"}],"wp:term":[{"taxonomy":"product_brand","embeddable":true,"href":"https:\/\/alfequipment.com\/fr\/wp-json\/wp\/v2\/product_brand?post=3126"},{"taxonomy":"product_cat","embeddable":true,"href":"https:\/\/alfequipment.com\/fr\/wp-json\/wp\/v2\/product_cat?post=3126"},{"taxonomy":"product_tag","embeddable":true,"href":"https:\/\/alfequipment.com\/fr\/wp-json\/wp\/v2\/product_tag?post=3126"}],"curies":[{"name":"wp","href":"https:\/\/api.w.org\/{rel}","templated":true}]}}