{"id":3136,"date":"2024-12-22T01:52:16","date_gmt":"2024-12-22T01:52:16","guid":{"rendered":"https:\/\/alfequipment.com\/product\/dbf1000an-vertical-gas-flushing-band-sealer-continuous-inflating-bag-sealing-machine-with-nitrogen-filling\/"},"modified":"2025-01-13T15:00:40","modified_gmt":"2025-01-13T15:00:40","slug":"dbf1000an-vertical-gas-flushing-band-sealer-continuous-inflating-bag-sealing-machine-with-nitrogen-filling","status":"publish","type":"product","link":"https:\/\/alfequipment.com\/fr\/product\/dbf1000an-vertical-gas-flushing-band-sealer-continuous-inflating-bag-sealing-machine-with-nitrogen-filling\/","title":{"rendered":"DBF1000AN Scelleuse \u00e0 bande verticale \u00e0 injection de gaz Scelleuse de sacs \u00e0 gonflage continu avec remplissage d'azote"},"content":{"rendered":"<div data-magic-global=\"%7B%22bizId%22%3A17179933680%2C%22pageId%22%3A21040438603%2C%22siteId%22%3A5005331025%7D\" id=\"detail_decorate_root\">\n<div module-id=\"28158196523\" module-title=\"detailProductNavigation\" render=\"true\" class=\"J_module\">\n<div id=\"ali-anchor-AliMagic-tnh2f6\" data-section=\"AliMagic-tnh2f6\" data-section-title=\"Product Description\" class=\"magic-0\">Cette machine est adapt\u00e9e au scellage et \u00e0 l'impression. Elle est largement utilis\u00e9e dans les secteurs de l'alimentation, de la m\u00e9decine, de la chimie, de l'usage quotidien, des semences et d'autres industries.<\/div>\n<\/div>\n<div module-id=\"28158196524\" module-title=\"detailTextWithTitle\" render=\"true\" class=\"J_module\">\n<div class=\"detail-decorate-json-renderer-container\">\n<div class=\"magic-1\">\n<div class=\"magic-4\">\n<div class=\"magic-5\">\n<div class=\"magic-6\">\n<p class=\"magic-8\"><span class=\"magic-10\">Cette machine adopte un m\u00e9canisme intelligent de contr\u00f4le de la temp\u00e9rature et de r\u00e9gulation de la vitesse par paliers, elle peut sceller des sacs d'emballage en plastique de diff\u00e9rents mat\u00e9riaux. En raison de la petite taille de la machine, la longueur de scellage n'est pas limit\u00e9e et elle peut \u00eatre utilis\u00e9e avec diff\u00e9rentes lignes d'emballage. C'est le meilleur \u00e9quipement de scellage pour l'emballage par lots dans les usines et les magasins.<\/span><\/p>\n<p class=\"magic-8\"><span class=\"magic-11\">Gr\u00e2ce \u00e0 la commande \u00e9lectrique simple de la machine et \u00e0 la transmission m\u00e9canique raisonnable et raffin\u00e9e, les performances sont tr\u00e8s stables, le taux de d\u00e9faillance est extr\u00eamement faible et la dur\u00e9e de vie est plus longue. Elle peut fonctionner en continu pendant une longue p\u00e9riode et r\u00e9pondre aux besoins de la production de masse. Une fois le produit scell\u00e9 et emball\u00e9 par la machine, il a une belle apparence, est propre, \u00e9tanche \u00e0 la poussi\u00e8re et \u00e0 l'humidit\u00e9 et r\u00e9siste aux dommages, ce qui est pratique pour la manipulation et le stockage et r\u00e9duit consid\u00e9rablement les pertes de produit.<\/span><\/p>\n<\/p><\/div>\n<\/p><\/div>\n<\/p><\/div>\n<\/p><\/div>\n<\/p><\/div>\n<\/p><\/div>\n<div module-id=\"28158196525\" module-title=\"detailTableHorizontal\" render=\"true\" class=\"J_module\">\n<div class=\"ife-detail-decorate-table\">\n<table class=\"has-title all magic-12\">\n<tbody>\n<tr>\n<td colspan=\"1\" rowspan=\"1\">\n<div class=\"magic-13\">\n        Mod\u00e8le\n       <\/div>\n<\/td>\n<td colspan=\"1\" rowspan=\"1\">\n<div class=\"magic-14\">\n        DBF1000AN\n       <\/div>\n<\/td>\n<\/tr>\n<tr>\n<td colspan=\"1\" rowspan=\"1\">\n<div class=\"magic-13\">\n        Tension\n       <\/div>\n<\/td>\n<td colspan=\"1\" rowspan=\"1\">\n<div class=\"magic-14\">\n        110\/220V\/50\u00ef\u00bd60Hz\n       <\/div>\n<\/td>\n<\/tr>\n<tr>\n<td colspan=\"1\" rowspan=\"1\">\n<div class=\"magic-15\">\n        Puissance\n       <\/div>\n<\/td>\n<td colspan=\"1\" rowspan=\"1\">\n<div class=\"magic-16\">\n        0,85Kw\n       <\/div>\n<\/td>\n<\/tr>\n<tr>\n<td colspan=\"1\" rowspan=\"1\">\n<div class=\"magic-13\">\n        Vitesse de travail\u00ef\u00bcm\/min\u00ef\u00bc\n       <\/div>\n<\/td>\n<td colspan=\"1\" rowspan=\"1\">\n<div class=\"magic-14\">\n        0\u00ef\u00bd12\n       <\/div>\n<\/td>\n<\/tr>\n<tr>\n<td colspan=\"1\" rowspan=\"1\">\n<div class=\"magic-13\">\n        Largeur du joint\u00ef\u00bcmm\u00ef\u00bc\n       <\/div>\n<\/td>\n<td colspan=\"1\" rowspan=\"1\">\n<div class=\"magic-14\">\n        6\u00ef\u00bd12\n       <\/div>\n<\/td>\n<\/tr>\n<tr>\n<td colspan=\"1\" rowspan=\"1\">\n<div class=\"magic-13\">\n        Plage de temp\u00e9rature\n       <\/div>\n<\/td>\n<td colspan=\"1\" rowspan=\"1\">\n<div class=\"magic-14\">\n        0\u00ef\u00bd300\n       <\/div>\n<\/td>\n<\/tr>\n<tr>\n<td colspan=\"1\" rowspan=\"1\">\n<div class=\"magic-13\">\n        Film monocouche \u00c9paisseur maximale (mm)\n       <\/div>\n<\/td>\n<td colspan=\"1\" rowspan=\"1\">\n<div class=\"magic-14\">\n        \u22640.08\n       <\/div>\n<\/td>\n<\/tr>\n<tr>\n<td colspan=\"1\" rowspan=\"1\">\n<div class=\"magic-13\">\n        Chargement maximal\u00ef\u00bcKg\u00ef\u00bc\n       <\/div>\n<\/td>\n<td colspan=\"1\" rowspan=\"1\">\n<div class=\"magic-14\">\n        \u22643\n       <\/div>\n<\/td>\n<\/tr>\n<tr>\n<td colspan=\"1\" rowspan=\"1\">\n<div class=\"magic-13\">\n        Dimensions de la machine\u00ef\u00bcL x L x H\u00ef\u00bcmm\n       <\/div>\n<\/td>\n<td colspan=\"1\" rowspan=\"1\">\n<div class=\"magic-14\">\n        925*400*500\n       <\/div>\n<\/td>\n<\/tr>\n<tr>\n<td colspan=\"1\" rowspan=\"1\">\n<div class=\"magic-13\">\n        Poids\n       <\/div>\n<\/td>\n<td colspan=\"1\" rowspan=\"1\">\n<div class=\"magic-14\">\n        32 kg\n       <\/div>\n<\/td>\n<\/tr>\n<\/tbody>\n<\/table><\/div>\n<\/p><\/div>\n<div module-id=\"28158196526\" module-title=\"detailSingleImage\" render=\"true\" class=\"J_module\">\n<div class=\"icbu-pc-images magic-17\">\n<div>\n<div class=\"flex-layout-v\">\n<div class=\"flex-layout-h magic-17\">\n<div class=\"magic-18\">\n       <img decoding=\"async\" src=\"https:\/\/sc04.alicdn.com\/kf\/H96efdf8004ed46f5a3051ad863c18873o\/64496\/H96efdf8004ed46f5a3051ad863c18873o.jpg\" class=\"aligncenter\">\n      <\/div>\n<\/p><\/div>\n<\/p><\/div>\n<\/p><\/div>\n<\/p><\/div>\n<\/p><\/div>\n<div module-id=\"28158196527\" module-title=\"detailMultiImages\" render=\"true\" class=\"J_module\">\n<div class=\"icbu-pc-images magic-17\">\n<div>\n<div class=\"flex-layout-v\">\n<div class=\"flex-layout-h magic-17\">\n<div class=\"magic-20\">\n       <img decoding=\"async\" src=\"https:\/\/sc01.alicdn.com\/kf\/H5a63869b12ab49fca7c2fd05b6fefdf8v\/64496\/H5a63869b12ab49fca7c2fd05b6fefdf8v.jpg\" class=\"aligncenter\">\n      <\/div>\n<div class=\"magic-22\">\n       <img decoding=\"async\" src=\"https:\/\/sc01.alicdn.com\/kf\/Hdf8ae708689b4c51bb800994986e2913H\/64496\/Hdf8ae708689b4c51bb800994986e2913H.jpg\" class=\"aligncenter\">\n      <\/div>\n<div class=\"magic-22\">\n       <img decoding=\"async\" src=\"https:\/\/sc01.alicdn.com\/kf\/H4ceea0ef13d04c738457b5bb1875167ce\/64496\/H4ceea0ef13d04c738457b5bb1875167ce.jpg\" class=\"aligncenter\">\n      <\/div>\n<\/p><\/div>\n<\/p><\/div>\n<\/p><\/div>\n<\/p><\/div>\n<\/p><\/div>\n<div module-id=\"28158196528\" module-title=\"detailSingleImage\" render=\"true\" class=\"J_module\">\n<div class=\"icbu-pc-images magic-17\">\n<div>\n<div class=\"flex-layout-v\">\n<div class=\"flex-layout-h magic-17\">\n<div class=\"magic-25\">\n       <img decoding=\"async\" src=\"https:\/\/sc04.alicdn.com\/kf\/H7dd09c3ab69444bba955b198f616966bC\/64496\/H7dd09c3ab69444bba955b198f616966bC.jpg\" class=\"aligncenter\">\n      <\/div>\n<\/p><\/div>\n<\/p><\/div>\n<\/p><\/div>\n<\/p><\/div>\n<\/p><\/div>\n<div module-id=\"28158196529\" module-title=\"detailSingleImage\" render=\"true\" class=\"J_module\">\n<div class=\"icbu-pc-images magic-17\">\n<div>\n<div class=\"flex-layout-v\">\n<div class=\"flex-layout-h magic-17\">\n<div class=\"magic-27\">\n       <img decoding=\"async\" src=\"https:\/\/sc04.alicdn.com\/kf\/H5df2963df265492d916cec3fdd7ec8fd2\/64496\/H5df2963df265492d916cec3fdd7ec8fd2.jpg\" class=\"aligncenter\">\n      <\/div>\n<\/p><\/div>\n<\/p><\/div>\n<\/p><\/div>\n<\/p><\/div>\n<\/p><\/div>\n<\/div>","protected":false},"excerpt":{"rendered":"<p>Machine \u00e0 sceller les films \u00e0 gonflage continu avec remplissage d'azote<\/p>","protected":false},"featured_media":3137,"comment_status":"closed","ping_status":"open","template":"","meta":[],"product_brand":[],"product_cat":[119,97],"product_tag":[],"class_list":{"0":"post-3136","1":"product","2":"type-product","3":"status-publish","4":"has-post-thumbnail","6":"product_cat-band-sealer","7":"product_cat-sealing-machines","9":"first","10":"instock","11":"sale","12":"purchasable","13":"product-type-simple"},"yoast_head":"<!-- This site is optimized with the Yoast SEO Premium plugin v20.9 (Yoast SEO v26.5) - https:\/\/yoast.com\/wordpress\/plugins\/seo\/ -->\n<title>DBF1000AN Vertical gas flushing band sealer Continuous inflating bag sealing machine with Nitrogen filling - ALF PACK<\/title>\n<meta name=\"robots\" content=\"index, follow, max-snippet:-1, max-image-preview:large, max-video-preview:-1\" \/>\n<link rel=\"canonical\" href=\"https:\/\/alfequipment.com\/fr\/product\/dbf1000an-vertical-gas-flushing-band-sealer-continuous-inflating-bag-sealing-machine-with-nitrogen-filling\/\" \/>\n<meta property=\"og:locale\" content=\"fr_FR\" \/>\n<meta property=\"og:type\" content=\"article\" \/>\n<meta property=\"og:title\" content=\"DBF1000AN Vertical gas flushing band sealer Continuous inflating bag sealing machine with Nitrogen filling\" \/>\n<meta property=\"og:description\" content=\"Continuous Inflating Film Sealing Machine With Nitrogen Filling\" \/>\n<meta property=\"og:url\" content=\"https:\/\/alfequipment.com\/fr\/product\/dbf1000an-vertical-gas-flushing-band-sealer-continuous-inflating-bag-sealing-machine-with-nitrogen-filling\/\" \/>\n<meta property=\"og:site_name\" content=\"ALF PACK\" \/>\n<meta property=\"article:modified_time\" content=\"2025-01-13T15:00:40+00:00\" \/>\n<meta property=\"og:image\" content=\"https:\/\/alfequipment.com\/wp-content\/uploads\/2025\/01\/DBF1000AN-Vertical-gas-flushing-band-sealer-Continuous-scaled.jpg\" \/>\n\t<meta property=\"og:image:width\" content=\"2560\" \/>\n\t<meta property=\"og:image:height\" content=\"2037\" \/>\n\t<meta property=\"og:image:type\" content=\"image\/webp\" \/>\n<meta name=\"twitter:card\" content=\"summary_large_image\" \/>\n<meta name=\"twitter:label1\" content=\"Dur\u00e9e de lecture estim\u00e9e\" \/>\n\t<meta name=\"twitter:data1\" content=\"1 minute\" \/>\n<script type=\"application\/ld+json\" class=\"yoast-schema-graph\">{\"@context\":\"https:\/\/schema.org\",\"@graph\":[{\"@type\":\"WebPage\",\"@id\":\"https:\/\/alfequipment.com\/product\/dbf1000an-vertical-gas-flushing-band-sealer-continuous-inflating-bag-sealing-machine-with-nitrogen-filling\/\",\"url\":\"https:\/\/alfequipment.com\/product\/dbf1000an-vertical-gas-flushing-band-sealer-continuous-inflating-bag-sealing-machine-with-nitrogen-filling\/\",\"name\":\"DBF1000AN Vertical gas flushing band sealer Continuous inflating bag sealing machine with Nitrogen filling - ALF PACK\",\"isPartOf\":{\"@id\":\"https:\/\/alfequipment.com\/#website\"},\"primaryImageOfPage\":{\"@id\":\"https:\/\/alfequipment.com\/product\/dbf1000an-vertical-gas-flushing-band-sealer-continuous-inflating-bag-sealing-machine-with-nitrogen-filling\/#primaryimage\"},\"image\":{\"@id\":\"https:\/\/alfequipment.com\/product\/dbf1000an-vertical-gas-flushing-band-sealer-continuous-inflating-bag-sealing-machine-with-nitrogen-filling\/#primaryimage\"},\"thumbnailUrl\":\"https:\/\/alfequipment.com\/wp-content\/uploads\/2025\/01\/DBF1000AN-Vertical-gas-flushing-band-sealer-Continuous-scaled.jpg\",\"datePublished\":\"2024-12-22T01:52:16+00:00\",\"dateModified\":\"2025-01-13T15:00:40+00:00\",\"breadcrumb\":{\"@id\":\"https:\/\/alfequipment.com\/product\/dbf1000an-vertical-gas-flushing-band-sealer-continuous-inflating-bag-sealing-machine-with-nitrogen-filling\/#breadcrumb\"},\"inLanguage\":\"fr-FR\",\"potentialAction\":[{\"@type\":\"ReadAction\",\"target\":[\"https:\/\/alfequipment.com\/product\/dbf1000an-vertical-gas-flushing-band-sealer-continuous-inflating-bag-sealing-machine-with-nitrogen-filling\/\"]}]},{\"@type\":\"ImageObject\",\"inLanguage\":\"fr-FR\",\"@id\":\"https:\/\/alfequipment.com\/product\/dbf1000an-vertical-gas-flushing-band-sealer-continuous-inflating-bag-sealing-machine-with-nitrogen-filling\/#primaryimage\",\"url\":\"https:\/\/alfequipment.com\/wp-content\/uploads\/2025\/01\/DBF1000AN-Vertical-gas-flushing-band-sealer-Continuous-scaled.jpg\",\"contentUrl\":\"https:\/\/alfequipment.com\/wp-content\/uploads\/2025\/01\/DBF1000AN-Vertical-gas-flushing-band-sealer-Continuous-scaled.jpg\",\"width\":2560,\"height\":2037},{\"@type\":\"BreadcrumbList\",\"@id\":\"https:\/\/alfequipment.com\/product\/dbf1000an-vertical-gas-flushing-band-sealer-continuous-inflating-bag-sealing-machine-with-nitrogen-filling\/#breadcrumb\",\"itemListElement\":[{\"@type\":\"ListItem\",\"position\":1,\"name\":\"Home\",\"item\":\"https:\/\/alfequipment.com\/\"},{\"@type\":\"ListItem\",\"position\":2,\"name\":\"Shop\",\"item\":\"https:\/\/alfequipment.com\/shop\/\"},{\"@type\":\"ListItem\",\"position\":3,\"name\":\"DBF1000AN Vertical gas flushing band sealer Continuous inflating bag sealing machine with Nitrogen filling\"}]},{\"@type\":\"WebSite\",\"@id\":\"https:\/\/alfequipment.com\/#website\",\"url\":\"https:\/\/alfequipment.com\/\",\"name\":\"ALF PACK\",\"description\":\"\",\"publisher\":{\"@id\":\"https:\/\/alfequipment.com\/#organization\"},\"potentialAction\":[{\"@type\":\"SearchAction\",\"target\":{\"@type\":\"EntryPoint\",\"urlTemplate\":\"https:\/\/alfequipment.com\/?s={search_term_string}\"},\"query-input\":{\"@type\":\"PropertyValueSpecification\",\"valueRequired\":true,\"valueName\":\"search_term_string\"}}],\"inLanguage\":\"fr-FR\"},{\"@type\":\"Organization\",\"@id\":\"https:\/\/alfequipment.com\/#organization\",\"name\":\"ALF PACK\",\"url\":\"https:\/\/alfequipment.com\/\",\"logo\":{\"@type\":\"ImageObject\",\"inLanguage\":\"fr-FR\",\"@id\":\"https:\/\/alfequipment.com\/#\/schema\/logo\/image\/\",\"url\":\"https:\/\/alfequipment.com\/wp-content\/uploads\/2024\/11\/ALFlogo-2.webp\",\"contentUrl\":\"https:\/\/alfequipment.com\/wp-content\/uploads\/2024\/11\/ALFlogo-2.webp\",\"width\":758,\"height\":750,\"caption\":\"ALF PACK\"},\"image\":{\"@id\":\"https:\/\/alfequipment.com\/#\/schema\/logo\/image\/\"}}]}<\/script>\n<!-- \/ Yoast SEO Premium plugin. -->","yoast_head_json":{"title":"DBF1000AN Scelleuse \u00e0 bande verticale \u00e0 injection de gaz Scelleuse de sacs \u00e0 gonflage continu avec remplissage d'azote - ALF PACK","robots":{"index":"index","follow":"follow","max-snippet":"max-snippet:-1","max-image-preview":"max-image-preview:large","max-video-preview":"max-video-preview:-1"},"canonical":"https:\/\/alfequipment.com\/fr\/product\/dbf1000an-vertical-gas-flushing-band-sealer-continuous-inflating-bag-sealing-machine-with-nitrogen-filling\/","og_locale":"fr_FR","og_type":"article","og_title":"DBF1000AN Vertical gas flushing band sealer Continuous inflating bag sealing machine with Nitrogen filling","og_description":"Continuous Inflating Film Sealing Machine With Nitrogen Filling","og_url":"https:\/\/alfequipment.com\/fr\/product\/dbf1000an-vertical-gas-flushing-band-sealer-continuous-inflating-bag-sealing-machine-with-nitrogen-filling\/","og_site_name":"ALF PACK","article_modified_time":"2025-01-13T15:00:40+00:00","og_image":[{"width":2560,"height":2037,"url":"https:\/\/alfequipment.com\/wp-content\/uploads\/2025\/01\/DBF1000AN-Vertical-gas-flushing-band-sealer-Continuous-scaled.jpg","type":"image\/webp"}],"twitter_card":"summary_large_image","twitter_misc":{"Dur\u00e9e de lecture estim\u00e9e":"1 minute"},"schema":{"@context":"https:\/\/schema.org","@graph":[{"@type":"WebPage","@id":"https:\/\/alfequipment.com\/product\/dbf1000an-vertical-gas-flushing-band-sealer-continuous-inflating-bag-sealing-machine-with-nitrogen-filling\/","url":"https:\/\/alfequipment.com\/product\/dbf1000an-vertical-gas-flushing-band-sealer-continuous-inflating-bag-sealing-machine-with-nitrogen-filling\/","name":"DBF1000AN Scelleuse \u00e0 bande verticale \u00e0 injection de gaz Scelleuse de sacs \u00e0 gonflage continu avec remplissage d'azote - ALF PACK","isPartOf":{"@id":"https:\/\/alfequipment.com\/#website"},"primaryImageOfPage":{"@id":"https:\/\/alfequipment.com\/product\/dbf1000an-vertical-gas-flushing-band-sealer-continuous-inflating-bag-sealing-machine-with-nitrogen-filling\/#primaryimage"},"image":{"@id":"https:\/\/alfequipment.com\/product\/dbf1000an-vertical-gas-flushing-band-sealer-continuous-inflating-bag-sealing-machine-with-nitrogen-filling\/#primaryimage"},"thumbnailUrl":"https:\/\/alfequipment.com\/wp-content\/uploads\/2025\/01\/DBF1000AN-Vertical-gas-flushing-band-sealer-Continuous-scaled.jpg","datePublished":"2024-12-22T01:52:16+00:00","dateModified":"2025-01-13T15:00:40+00:00","breadcrumb":{"@id":"https:\/\/alfequipment.com\/product\/dbf1000an-vertical-gas-flushing-band-sealer-continuous-inflating-bag-sealing-machine-with-nitrogen-filling\/#breadcrumb"},"inLanguage":"fr-FR","potentialAction":[{"@type":"ReadAction","target":["https:\/\/alfequipment.com\/product\/dbf1000an-vertical-gas-flushing-band-sealer-continuous-inflating-bag-sealing-machine-with-nitrogen-filling\/"]}]},{"@type":"ImageObject","inLanguage":"fr-FR","@id":"https:\/\/alfequipment.com\/product\/dbf1000an-vertical-gas-flushing-band-sealer-continuous-inflating-bag-sealing-machine-with-nitrogen-filling\/#primaryimage","url":"https:\/\/alfequipment.com\/wp-content\/uploads\/2025\/01\/DBF1000AN-Vertical-gas-flushing-band-sealer-Continuous-scaled.jpg","contentUrl":"https:\/\/alfequipment.com\/wp-content\/uploads\/2025\/01\/DBF1000AN-Vertical-gas-flushing-band-sealer-Continuous-scaled.jpg","width":2560,"height":2037},{"@type":"BreadcrumbList","@id":"https:\/\/alfequipment.com\/product\/dbf1000an-vertical-gas-flushing-band-sealer-continuous-inflating-bag-sealing-machine-with-nitrogen-filling\/#breadcrumb","itemListElement":[{"@type":"ListItem","position":1,"name":"Home","item":"https:\/\/alfequipment.com\/"},{"@type":"ListItem","position":2,"name":"Shop","item":"https:\/\/alfequipment.com\/shop\/"},{"@type":"ListItem","position":3,"name":"DBF1000AN Vertical gas flushing band sealer Continuous inflating bag sealing machine with Nitrogen filling"}]},{"@type":"WebSite","@id":"https:\/\/alfequipment.com\/#website","url":"https:\/\/alfequipment.com\/","name":"PACK ALF","description":"","publisher":{"@id":"https:\/\/alfequipment.com\/#organization"},"potentialAction":[{"@type":"SearchAction","target":{"@type":"EntryPoint","urlTemplate":"https:\/\/alfequipment.com\/?s={search_term_string}"},"query-input":{"@type":"PropertyValueSpecification","valueRequired":true,"valueName":"search_term_string"}}],"inLanguage":"fr-FR"},{"@type":"Organization","@id":"https:\/\/alfequipment.com\/#organization","name":"PACK ALF","url":"https:\/\/alfequipment.com\/","logo":{"@type":"ImageObject","inLanguage":"fr-FR","@id":"https:\/\/alfequipment.com\/#\/schema\/logo\/image\/","url":"https:\/\/alfequipment.com\/wp-content\/uploads\/2024\/11\/ALFlogo-2.webp","contentUrl":"https:\/\/alfequipment.com\/wp-content\/uploads\/2024\/11\/ALFlogo-2.webp","width":758,"height":750,"caption":"ALF PACK"},"image":{"@id":"https:\/\/alfequipment.com\/#\/schema\/logo\/image\/"}}]}},"_links":{"self":[{"href":"https:\/\/alfequipment.com\/fr\/wp-json\/wp\/v2\/product\/3136","targetHints":{"allow":["GET"]}}],"collection":[{"href":"https:\/\/alfequipment.com\/fr\/wp-json\/wp\/v2\/product"}],"about":[{"href":"https:\/\/alfequipment.com\/fr\/wp-json\/wp\/v2\/types\/product"}],"replies":[{"embeddable":true,"href":"https:\/\/alfequipment.com\/fr\/wp-json\/wp\/v2\/comments?post=3136"}],"version-history":[{"count":0,"href":"https:\/\/alfequipment.com\/fr\/wp-json\/wp\/v2\/product\/3136\/revisions"}],"wp:featuredmedia":[{"embeddable":true,"href":"https:\/\/alfequipment.com\/fr\/wp-json\/wp\/v2\/media\/3137"}],"wp:attachment":[{"href":"https:\/\/alfequipment.com\/fr\/wp-json\/wp\/v2\/media?parent=3136"}],"wp:term":[{"taxonomy":"product_brand","embeddable":true,"href":"https:\/\/alfequipment.com\/fr\/wp-json\/wp\/v2\/product_brand?post=3136"},{"taxonomy":"product_cat","embeddable":true,"href":"https:\/\/alfequipment.com\/fr\/wp-json\/wp\/v2\/product_cat?post=3136"},{"taxonomy":"product_tag","embeddable":true,"href":"https:\/\/alfequipment.com\/fr\/wp-json\/wp\/v2\/product_tag?post=3136"}],"curies":[{"name":"wp","href":"https:\/\/api.w.org\/{rel}","templated":true}]}}