{"id":3157,"date":"2024-12-30T00:13:32","date_gmt":"2024-12-30T00:13:32","guid":{"rendered":"https:\/\/alfequipment.com\/product\/dfs450-continuous-2-in-1-l-type-seal-cut-shrink-packaging-machine-sealing-cutting-and-shrinking-tunnel-packager\/"},"modified":"2025-01-14T02:48:48","modified_gmt":"2025-01-14T02:48:48","slug":"dfs450-machine-demballage-sous-film-thermoretractable-en-continu-2-en-1-type-l-sceller-couper-et-retracter-tunnel-demballage","status":"publish","type":"product","link":"https:\/\/alfequipment.com\/fr\/product\/dfs450-machine-demballage-sous-film-thermoretractable-en-continu-2-en-1-type-l-sceller-couper-et-retracter-tunnel-demballage\/","title":{"rendered":"DFS450 Machine d'emballage sous film thermor\u00e9tractable 2 en 1 en continu, de type L Machine \u00e0 emballer sous film thermor\u00e9tractable et \u00e0 sceller"},"content":{"rendered":"<div>\n<div>\n<div style=\"vertical-align: top;padding-top: 15px; padding-bottom: 15px;\">\n<div style=\"vertical-align: top;padding-top: 10px; padding-bottom: 10px; margin-right: -4px; margin-left: -4px;\">\n<div style=\"vertical-align: top; box-sizing: border-box; padding-right: 4px; padding-left: 4px;margin-top: -4px; margin-bottom: -4px;\">\n<div id=\"l7w8a\" style=\"vertical-align: top; box-sizing: border-box; padding-top: 4px; padding-bottom: 4px\">La machine combin\u00e9e de scellage, de coupe et de r\u00e9traction en continu DFS450 est un nouveau produit d\u00e9velopp\u00e9 sur le mod\u00e8le FQS4525, qui peut r\u00e9aliser le scellage, la coupe et la r\u00e9traction en une seule machine.<\/div>\n<div id=\"pc6dz\" style=\"vertical-align: top; box-sizing: border-box; padding-top: 4px; padding-bottom: 4px\">\n<p style=\"margin:0;padding:0;\">Cette machine combine le travail de coupe et d'emballage sous film r\u00e9tractable en une seule op\u00e9ration. L'aimant \u00e9lectrique absorbe automatiquement le cadre de coupe lorsqu'il est enfonc\u00e9. L'objet est ensuite automatiquement transmis au tunnel de r\u00e9traction par le biais du convoyeur lorsque le film est coup\u00e9. Cette machine est donc tr\u00e8s efficace. Il convient \u00e0 l'emballage de bo\u00eetes, de jouets, d'appareils \u00e9lectroniques, etc.<\/p>\n<\/p><\/div>\n<\/p><\/div>\n<\/p><\/div>\n<div style=\"vertical-align: top;padding-top: 10px; padding-bottom: 10px; margin-right: -4px; margin-left: -4px;\">\n<div id=\"8cl9e\" style=\"vertical-align: top; box-sizing: border-box; padding-right: 4px; padding-left: 4px\">\n<table style=\"width: auto; border-collapse: collapse; word-wrap: break-word;\" class=\"aliDataTable\">\n<tbody>\n<tr>\n<td style=\"background-color: rgb(218, 226, 237);\">\n<div style=\"width: 275px; height: 22px; padding: 5px 10px; overflow: hidden;\">\n          Tension\n         <\/div>\n<\/td>\n<td>\n<div style=\"width: 428px; height: 22px; padding: 5px 10px; overflow: hidden;\">\n          380V \/ 50-60Hz\n         <\/div>\n<\/td>\n<\/tr>\n<tr>\n<td style=\"background-color: rgb(218, 226, 237);\">\n<div style=\"width: 275px; height: 22px; padding: 5px 10px; overflow: hidden;\">\n          Puissance\n         <\/div>\n<\/td>\n<td>\n<div style=\"width: 428px; height: 22px; padding: 5px 10px; overflow: hidden;\">\n          12.5KW\n         <\/div>\n<\/td>\n<\/tr>\n<tr>\n<td style=\"background-color: rgb(218, 226, 237);\">\n<div style=\"width: 275px; height: 22px; padding: 5px 10px; overflow: hidden;\">\n          Temps de coupe des scell\u00e9s\n         <\/div>\n<\/td>\n<td>\n<div style=\"width: 428px; height: 22px; padding: 5px 10px; overflow: hidden;\">\n          0-3 seconde\n         <\/div>\n<\/td>\n<\/tr>\n<tr>\n<td style=\"background-color: rgb(218, 226, 237);\">\n<div style=\"width: 275px; height: 22px; padding: 5px 10px; overflow: hidden;\">\n          Max. Taille du joint\n         <\/div>\n<\/td>\n<td>\n<div style=\"width: 428px; height: 22px; padding: 5px 10px; overflow: hidden;\">\n          L 500*L 450mm\n         <\/div>\n<\/td>\n<\/tr>\n<tr>\n<td style=\"background-color: rgb(218, 226, 237);\">\n<div style=\"width: 275px; height: 22px; padding: 5px 10px; overflow: hidden;\">\n          Max. Taille de l'emballage\n         <\/div>\n<\/td>\n<td>\n<div style=\"width: 428px; height: 22px; padding: 5px 10px; overflow: hidden;\">\n          L+H&lt;500mm, L+H&lt;450mm\n         <\/div>\n<\/td>\n<\/tr>\n<tr>\n<td style=\"background-color: rgb(218, 226, 237);\">\n<div style=\"width: 275px; height: 22px; padding: 5px 10px; overflow: hidden;\">\n          Vitesse d'emballage\n         <\/div>\n<\/td>\n<td>\n<div style=\"width: 428px; height: 22px; padding: 5px 10px; overflow: hidden;\">\n          500-800 fois\/H\n         <\/div>\n<\/td>\n<\/tr>\n<tr>\n<td style=\"background-color: rgb(218, 226, 237);\">\n<div style=\"width: 275px; height: 22px; padding: 5px 10px; overflow: hidden;\">\n          Temps de transport\n         <\/div>\n<\/td>\n<td>\n<div style=\"width: 428px; height: 22px; padding: 5px 10px; overflow: hidden;\">\n          0-10m\/min\n         <\/div>\n<\/td>\n<\/tr>\n<tr>\n<td style=\"background-color: rgb(218, 226, 237);\">\n<div style=\"width: 275px; height: 22px; padding: 5px 10px; overflow: hidden;\">\n          Poids de chargement\n         <\/div>\n<\/td>\n<td>\n<div style=\"width: 428px; height: 22px; padding: 5px 10px; overflow: hidden;\">\n          15kgs\n         <\/div>\n<\/td>\n<\/tr>\n<tr>\n<td style=\"background-color: rgb(218, 226, 237);\">\n<div style=\"width: 275px; height: 22px; padding: 5px 10px; overflow: hidden;\">\n          \u00c9paisseur du film\n         <\/div>\n<\/td>\n<td>\n<div style=\"width: 428px; height: 22px; padding: 5px 10px; overflow: hidden;\">\n          0,015-0,08mm\n         <\/div>\n<\/td>\n<\/tr>\n<tr>\n<td style=\"background-color: rgb(218, 226, 237);\">\n<div style=\"width: 275px; height: 22px; padding: 5px 10px; overflow: hidden;\">\n          Taille de la machine\n         <\/div>\n<\/td>\n<td>\n<div style=\"width: 428px; height: 22px; padding: 5px 10px; overflow: hidden;\">\n          1880*1200*1410mm\n         <\/div>\n<\/td>\n<\/tr>\n<\/tbody>\n<\/table><\/div>\n<\/p><\/div>\n<div style=\"vertical-align: top;padding-top: 10px; padding-bottom: 10px; margin-right: -4px; margin-left: -4px;\">\n<div id=\"86pfj\" style=\"vertical-align: top; box-sizing: border-box; padding-right: 4px; padding-left: 4px\">\n<div style=\"overflow: hidden; width: 750px; height: 750px;\">\n      <img decoding=\"async\" src=\"https:\/\/sc02.alicdn.com\/kf\/HTB1JLNRatzvK1RkSnfoq6zMwVXad\/64496\/HTB1JLNRatzvK1RkSnfoq6zMwVXad.jpg\" style=\"width: 750px; height: 750px; margin-left: 0px; margin-top: 0px;\" class=\"aligncenter\">\n     <\/div>\n<\/p><\/div>\n<\/p><\/div>\n<div style=\"vertical-align: top;padding-top: 10px; padding-bottom: 10px; margin-right: -4px; margin-left: -4px;\">\n<div style=\"vertical-align: top; box-sizing: border-box; padding-right: 4px; padding-left: 4px;margin-top: -4px; margin-bottom: -4px;\">\n<div id=\"9u766\" style=\"vertical-align: top; box-sizing: border-box; padding-top: 4px; padding-bottom: 4px\">\n<div style=\"overflow: hidden; width: 750px; height: 320px;\">\n       <img decoding=\"async\" src=\"https:\/\/sc01.alicdn.com\/kf\/HTB1QvBNaynrK1RjSsziq6xptpXa1\/64496\/HTB1QvBNaynrK1RjSsziq6xptpXa1.jpg\" style=\"width: 750px; height: 750px; margin-left: 0px; margin-top: -217px;\" class=\"aligncenter\">\n      <\/div>\n<\/p><\/div>\n<div style=\"vertical-align: top; box-sizing: border-box; padding-top: 4px; padding-bottom: 4px;margin-right: -4px; margin-left: -4px;\">\n<div id=\"9ykts\" style=\"vertical-align: top; width: 50%; display: inline-block; box-sizing: border-box; padding-right: 4px; padding-left: 4px\">\n<div style=\"overflow: hidden; width: 371px; height: 200px;\">\n        <img decoding=\"async\" src=\"https:\/\/sc01.alicdn.com\/kf\/HTB19MpPazDuK1RjSszdq6xGLpXaq\/64496\/HTB19MpPazDuK1RjSszdq6xGLpXaq.jpg\" style=\"width: 371px; height: 371px; margin-left: 0px; margin-top: -91px;\" class=\"aligncenter\">\n       <\/div>\n<\/p><\/div>\n<div id=\"27zpw\" style=\"vertical-align: top; width: 50%; display: inline-block; box-sizing: border-box; padding-right: 4px; padding-left: 4px\">\n<div style=\"overflow: hidden; width: 371px; height: 200px;\">\n        <img decoding=\"async\" src=\"https:\/\/sc01.alicdn.com\/kf\/HTB1lrBTaELrK1Rjy0Fjq6zYXFXai\/64496\/HTB1lrBTaELrK1Rjy0Fjq6zYXFXai.jpg\" style=\"width: 371px; height: 371px; margin-left: 0px; margin-top: -99px;\" class=\"aligncenter\">\n       <\/div>\n<\/p><\/div>\n<\/p><\/div>\n<\/p><\/div>\n<\/p><\/div>\n<div style=\"vertical-align: top;padding-top: 10px; padding-bottom: 10px; margin-right: -4px; margin-left: -4px;\">\n<div id=\"55xuk\" style=\"vertical-align: top; box-sizing: border-box; padding-right: 4px; padding-left: 4px\">\n<div style=\"overflow: hidden; width: 750px; height: 536.392px;\">\n      <img decoding=\"async\" src=\"https:\/\/sc02.alicdn.com\/kf\/HTB1tL8QayHrK1Rjy0Flq6AsaFXaR\/64496\/HTB1tL8QayHrK1Rjy0Flq6AsaFXaR.jpg\" style=\"width: 750px; height: 536.392px; margin-left: 0px; margin-top: 0px;\" class=\"aligncenter\">\n     <\/div>\n<\/p><\/div>\n<\/p><\/div>\n<div style=\"vertical-align: top;padding-top: 10px; padding-bottom: 10px; margin-right: -4px; margin-left: -4px;\">\n<div style=\"vertical-align: top; box-sizing: border-box; padding-right: 4px; padding-left: 4px;margin-top: -4px; margin-bottom: -4px;\">\n<div id=\"jpjll\" style=\"vertical-align: top; box-sizing: border-box; padding-top: 4px; padding-bottom: 4px\">\n<h3 style=\"padding: 0px; font-size: 16px; line-height: 20px; font-weight: bold; margin: 0px;\">Caract\u00e9ristique :<br \/><\/h3>\n<\/p><\/div>\n<div id=\"zhgvt\" style=\"vertical-align: top; box-sizing: border-box; padding-top: 4px; padding-bottom: 4px\">\n<p style=\"margin:0;padding:0;\">1. La machine adopte un couteau de scellement chauffant et non collant, ce qui garantit le bon fonctionnement de la machine et l'absence de fum\u00e9e.<br \/>2. Le temps de transfert des produits dans le tunnel apr\u00e8s le scellage et la d\u00e9coupe est r\u00e9glable.<br \/>3. Travailler avec un tunnel de r\u00e9traction, haute efficacit\u00e9, plus pratique.<\/p>\n<p style=\"margin:0;padding:0;\">4. il peut ajuster la position du convoyeur et du scellement.<\/p>\n<p>5. il est \u00e9quip\u00e9 d'un dispositif \u00e0 p\u00e9tales, ce qui am\u00e9liore l'efficacit\u00e9.<br \/>\n      <br \/>6 Le tunnel de r\u00e9traction est dot\u00e9 d'une fen\u00eatre visuelle.<br \/>\n      <br \/>7. il est \u00e9quip\u00e9 d'un dispositif de protection pour \u00e9viter les accidents de travail.<\/div>\n<\/div>\n<\/div>\n<\/div>\n<div style=\"vertical-align: top;padding-top: 15px; padding-bottom: 15px;\">\n<div style=\"vertical-align: top;padding-top: 10px; padding-bottom: 10px; margin-right: -4px; margin-left: -4px;\">\n<div id=\"zspc3\" style=\"vertical-align: top; width: 50%; display: inline-block; box-sizing: border-box; padding-right: 4px; padding-left: 4px\">\n    <\/div>\n<\/p><\/div>\n<\/p><\/div>\n<\/p><\/div>\n<\/div>","protected":false},"excerpt":{"rendered":"<p>Machine d'emballage \u00e0 sceller et \u00e0 r\u00e9tracter en continu<\/p>","protected":false},"featured_media":3158,"comment_status":"closed","ping_status":"open","template":"","meta":[],"product_brand":[],"product_cat":[122,97],"product_tag":[],"class_list":{"0":"post-3157","1":"product","2":"type-product","3":"status-publish","4":"has-post-thumbnail","6":"product_cat-l-type-sealer","7":"product_cat-sealing-machines","9":"first","10":"instock","11":"sale","12":"purchasable","13":"product-type-simple"},"yoast_head":"<!-- This site is optimized with the Yoast SEO Premium plugin v20.9 (Yoast SEO v26.5) - https:\/\/yoast.com\/wordpress\/plugins\/seo\/ -->\n<title>DFS450 Continuous 2 in 1 L type Seal Cut Shrink Packaging Machine sealing cutting and shrinking tunnel packager - ALF PACK<\/title>\n<meta name=\"robots\" content=\"index, follow, max-snippet:-1, max-image-preview:large, max-video-preview:-1\" \/>\n<link rel=\"canonical\" href=\"https:\/\/alfequipment.com\/fr\/product\/dfs450-machine-demballage-sous-film-thermoretractable-en-continu-2-en-1-type-l-sceller-couper-et-retracter-tunnel-demballage\/\" \/>\n<meta property=\"og:locale\" content=\"fr_FR\" \/>\n<meta property=\"og:type\" content=\"article\" \/>\n<meta property=\"og:title\" content=\"DFS450 Continuous 2 in 1 L type Seal Cut Shrink Packaging Machine sealing cutting and shrinking tunnel packager\" \/>\n<meta property=\"og:description\" content=\"Continuous Seal-cut- Shrink Packaging Machine\" \/>\n<meta property=\"og:url\" content=\"https:\/\/alfequipment.com\/fr\/product\/dfs450-machine-demballage-sous-film-thermoretractable-en-continu-2-en-1-type-l-sceller-couper-et-retracter-tunnel-demballage\/\" \/>\n<meta property=\"og:site_name\" content=\"ALF PACK\" \/>\n<meta property=\"article:modified_time\" content=\"2025-01-14T02:48:48+00:00\" \/>\n<meta property=\"og:image\" content=\"https:\/\/alfequipment.com\/wp-content\/uploads\/2025\/01\/H5514af4195d247e6b3ea98a9b8d3a667s.jpg\" \/>\n\t<meta property=\"og:image:width\" content=\"800\" \/>\n\t<meta property=\"og:image:height\" content=\"800\" \/>\n\t<meta property=\"og:image:type\" content=\"image\/webp\" \/>\n<meta name=\"twitter:card\" content=\"summary_large_image\" \/>\n<meta name=\"twitter:label1\" content=\"Dur\u00e9e de lecture estim\u00e9e\" \/>\n\t<meta name=\"twitter:data1\" content=\"1 minute\" \/>\n<script type=\"application\/ld+json\" class=\"yoast-schema-graph\">{\"@context\":\"https:\/\/schema.org\",\"@graph\":[{\"@type\":\"WebPage\",\"@id\":\"https:\/\/alfequipment.com\/product\/dfs450-continuous-2-in-1-l-type-seal-cut-shrink-packaging-machine-sealing-cutting-and-shrinking-tunnel-packager\/\",\"url\":\"https:\/\/alfequipment.com\/product\/dfs450-continuous-2-in-1-l-type-seal-cut-shrink-packaging-machine-sealing-cutting-and-shrinking-tunnel-packager\/\",\"name\":\"DFS450 Continuous 2 in 1 L type Seal Cut Shrink Packaging Machine sealing cutting and shrinking tunnel packager - ALF PACK\",\"isPartOf\":{\"@id\":\"https:\/\/alfequipment.com\/#website\"},\"primaryImageOfPage\":{\"@id\":\"https:\/\/alfequipment.com\/product\/dfs450-continuous-2-in-1-l-type-seal-cut-shrink-packaging-machine-sealing-cutting-and-shrinking-tunnel-packager\/#primaryimage\"},\"image\":{\"@id\":\"https:\/\/alfequipment.com\/product\/dfs450-continuous-2-in-1-l-type-seal-cut-shrink-packaging-machine-sealing-cutting-and-shrinking-tunnel-packager\/#primaryimage\"},\"thumbnailUrl\":\"https:\/\/alfequipment.com\/wp-content\/uploads\/2025\/01\/H5514af4195d247e6b3ea98a9b8d3a667s.jpg\",\"datePublished\":\"2024-12-30T00:13:32+00:00\",\"dateModified\":\"2025-01-14T02:48:48+00:00\",\"breadcrumb\":{\"@id\":\"https:\/\/alfequipment.com\/product\/dfs450-continuous-2-in-1-l-type-seal-cut-shrink-packaging-machine-sealing-cutting-and-shrinking-tunnel-packager\/#breadcrumb\"},\"inLanguage\":\"fr-FR\",\"potentialAction\":[{\"@type\":\"ReadAction\",\"target\":[\"https:\/\/alfequipment.com\/product\/dfs450-continuous-2-in-1-l-type-seal-cut-shrink-packaging-machine-sealing-cutting-and-shrinking-tunnel-packager\/\"]}]},{\"@type\":\"ImageObject\",\"inLanguage\":\"fr-FR\",\"@id\":\"https:\/\/alfequipment.com\/product\/dfs450-continuous-2-in-1-l-type-seal-cut-shrink-packaging-machine-sealing-cutting-and-shrinking-tunnel-packager\/#primaryimage\",\"url\":\"https:\/\/alfequipment.com\/wp-content\/uploads\/2025\/01\/H5514af4195d247e6b3ea98a9b8d3a667s.jpg\",\"contentUrl\":\"https:\/\/alfequipment.com\/wp-content\/uploads\/2025\/01\/H5514af4195d247e6b3ea98a9b8d3a667s.jpg\",\"width\":800,\"height\":800},{\"@type\":\"BreadcrumbList\",\"@id\":\"https:\/\/alfequipment.com\/product\/dfs450-continuous-2-in-1-l-type-seal-cut-shrink-packaging-machine-sealing-cutting-and-shrinking-tunnel-packager\/#breadcrumb\",\"itemListElement\":[{\"@type\":\"ListItem\",\"position\":1,\"name\":\"Home\",\"item\":\"https:\/\/alfequipment.com\/\"},{\"@type\":\"ListItem\",\"position\":2,\"name\":\"Shop\",\"item\":\"https:\/\/alfequipment.com\/shop\/\"},{\"@type\":\"ListItem\",\"position\":3,\"name\":\"DFS450 Continuous 2 in 1 L type Seal Cut Shrink Packaging Machine sealing cutting and shrinking tunnel packager\"}]},{\"@type\":\"WebSite\",\"@id\":\"https:\/\/alfequipment.com\/#website\",\"url\":\"https:\/\/alfequipment.com\/\",\"name\":\"ALF PACK\",\"description\":\"\",\"publisher\":{\"@id\":\"https:\/\/alfequipment.com\/#organization\"},\"potentialAction\":[{\"@type\":\"SearchAction\",\"target\":{\"@type\":\"EntryPoint\",\"urlTemplate\":\"https:\/\/alfequipment.com\/?s={search_term_string}\"},\"query-input\":{\"@type\":\"PropertyValueSpecification\",\"valueRequired\":true,\"valueName\":\"search_term_string\"}}],\"inLanguage\":\"fr-FR\"},{\"@type\":\"Organization\",\"@id\":\"https:\/\/alfequipment.com\/#organization\",\"name\":\"ALF PACK\",\"url\":\"https:\/\/alfequipment.com\/\",\"logo\":{\"@type\":\"ImageObject\",\"inLanguage\":\"fr-FR\",\"@id\":\"https:\/\/alfequipment.com\/#\/schema\/logo\/image\/\",\"url\":\"https:\/\/alfequipment.com\/wp-content\/uploads\/2024\/11\/ALFlogo-2.webp\",\"contentUrl\":\"https:\/\/alfequipment.com\/wp-content\/uploads\/2024\/11\/ALFlogo-2.webp\",\"width\":758,\"height\":750,\"caption\":\"ALF PACK\"},\"image\":{\"@id\":\"https:\/\/alfequipment.com\/#\/schema\/logo\/image\/\"}}]}<\/script>\n<!-- \/ Yoast SEO Premium plugin. -->","yoast_head_json":{"title":"DFS450 Machine d'emballage sous film r\u00e9tractable en continu 2 en 1 de type L - ALF PACK","robots":{"index":"index","follow":"follow","max-snippet":"max-snippet:-1","max-image-preview":"max-image-preview:large","max-video-preview":"max-video-preview:-1"},"canonical":"https:\/\/alfequipment.com\/fr\/product\/dfs450-machine-demballage-sous-film-thermoretractable-en-continu-2-en-1-type-l-sceller-couper-et-retracter-tunnel-demballage\/","og_locale":"fr_FR","og_type":"article","og_title":"DFS450 Continuous 2 in 1 L type Seal Cut Shrink Packaging Machine sealing cutting and shrinking tunnel packager","og_description":"Continuous Seal-cut- Shrink Packaging Machine","og_url":"https:\/\/alfequipment.com\/fr\/product\/dfs450-machine-demballage-sous-film-thermoretractable-en-continu-2-en-1-type-l-sceller-couper-et-retracter-tunnel-demballage\/","og_site_name":"ALF PACK","article_modified_time":"2025-01-14T02:48:48+00:00","og_image":[{"width":800,"height":800,"url":"https:\/\/alfequipment.com\/wp-content\/uploads\/2025\/01\/H5514af4195d247e6b3ea98a9b8d3a667s.jpg","type":"image\/webp"}],"twitter_card":"summary_large_image","twitter_misc":{"Dur\u00e9e de lecture estim\u00e9e":"1 minute"},"schema":{"@context":"https:\/\/schema.org","@graph":[{"@type":"WebPage","@id":"https:\/\/alfequipment.com\/product\/dfs450-continuous-2-in-1-l-type-seal-cut-shrink-packaging-machine-sealing-cutting-and-shrinking-tunnel-packager\/","url":"https:\/\/alfequipment.com\/product\/dfs450-continuous-2-in-1-l-type-seal-cut-shrink-packaging-machine-sealing-cutting-and-shrinking-tunnel-packager\/","name":"DFS450 Machine d'emballage sous film r\u00e9tractable en continu 2 en 1 de type L - ALF PACK","isPartOf":{"@id":"https:\/\/alfequipment.com\/#website"},"primaryImageOfPage":{"@id":"https:\/\/alfequipment.com\/product\/dfs450-continuous-2-in-1-l-type-seal-cut-shrink-packaging-machine-sealing-cutting-and-shrinking-tunnel-packager\/#primaryimage"},"image":{"@id":"https:\/\/alfequipment.com\/product\/dfs450-continuous-2-in-1-l-type-seal-cut-shrink-packaging-machine-sealing-cutting-and-shrinking-tunnel-packager\/#primaryimage"},"thumbnailUrl":"https:\/\/alfequipment.com\/wp-content\/uploads\/2025\/01\/H5514af4195d247e6b3ea98a9b8d3a667s.jpg","datePublished":"2024-12-30T00:13:32+00:00","dateModified":"2025-01-14T02:48:48+00:00","breadcrumb":{"@id":"https:\/\/alfequipment.com\/product\/dfs450-continuous-2-in-1-l-type-seal-cut-shrink-packaging-machine-sealing-cutting-and-shrinking-tunnel-packager\/#breadcrumb"},"inLanguage":"fr-FR","potentialAction":[{"@type":"ReadAction","target":["https:\/\/alfequipment.com\/product\/dfs450-continuous-2-in-1-l-type-seal-cut-shrink-packaging-machine-sealing-cutting-and-shrinking-tunnel-packager\/"]}]},{"@type":"ImageObject","inLanguage":"fr-FR","@id":"https:\/\/alfequipment.com\/product\/dfs450-continuous-2-in-1-l-type-seal-cut-shrink-packaging-machine-sealing-cutting-and-shrinking-tunnel-packager\/#primaryimage","url":"https:\/\/alfequipment.com\/wp-content\/uploads\/2025\/01\/H5514af4195d247e6b3ea98a9b8d3a667s.jpg","contentUrl":"https:\/\/alfequipment.com\/wp-content\/uploads\/2025\/01\/H5514af4195d247e6b3ea98a9b8d3a667s.jpg","width":800,"height":800},{"@type":"BreadcrumbList","@id":"https:\/\/alfequipment.com\/product\/dfs450-continuous-2-in-1-l-type-seal-cut-shrink-packaging-machine-sealing-cutting-and-shrinking-tunnel-packager\/#breadcrumb","itemListElement":[{"@type":"ListItem","position":1,"name":"Home","item":"https:\/\/alfequipment.com\/"},{"@type":"ListItem","position":2,"name":"Shop","item":"https:\/\/alfequipment.com\/shop\/"},{"@type":"ListItem","position":3,"name":"DFS450 Continuous 2 in 1 L type Seal Cut Shrink Packaging Machine sealing cutting and shrinking tunnel packager"}]},{"@type":"WebSite","@id":"https:\/\/alfequipment.com\/#website","url":"https:\/\/alfequipment.com\/","name":"PACK ALF","description":"","publisher":{"@id":"https:\/\/alfequipment.com\/#organization"},"potentialAction":[{"@type":"SearchAction","target":{"@type":"EntryPoint","urlTemplate":"https:\/\/alfequipment.com\/?s={search_term_string}"},"query-input":{"@type":"PropertyValueSpecification","valueRequired":true,"valueName":"search_term_string"}}],"inLanguage":"fr-FR"},{"@type":"Organization","@id":"https:\/\/alfequipment.com\/#organization","name":"PACK ALF","url":"https:\/\/alfequipment.com\/","logo":{"@type":"ImageObject","inLanguage":"fr-FR","@id":"https:\/\/alfequipment.com\/#\/schema\/logo\/image\/","url":"https:\/\/alfequipment.com\/wp-content\/uploads\/2024\/11\/ALFlogo-2.webp","contentUrl":"https:\/\/alfequipment.com\/wp-content\/uploads\/2024\/11\/ALFlogo-2.webp","width":758,"height":750,"caption":"ALF PACK"},"image":{"@id":"https:\/\/alfequipment.com\/#\/schema\/logo\/image\/"}}]}},"_links":{"self":[{"href":"https:\/\/alfequipment.com\/fr\/wp-json\/wp\/v2\/product\/3157","targetHints":{"allow":["GET"]}}],"collection":[{"href":"https:\/\/alfequipment.com\/fr\/wp-json\/wp\/v2\/product"}],"about":[{"href":"https:\/\/alfequipment.com\/fr\/wp-json\/wp\/v2\/types\/product"}],"replies":[{"embeddable":true,"href":"https:\/\/alfequipment.com\/fr\/wp-json\/wp\/v2\/comments?post=3157"}],"version-history":[{"count":0,"href":"https:\/\/alfequipment.com\/fr\/wp-json\/wp\/v2\/product\/3157\/revisions"}],"wp:featuredmedia":[{"embeddable":true,"href":"https:\/\/alfequipment.com\/fr\/wp-json\/wp\/v2\/media\/3158"}],"wp:attachment":[{"href":"https:\/\/alfequipment.com\/fr\/wp-json\/wp\/v2\/media?parent=3157"}],"wp:term":[{"taxonomy":"product_brand","embeddable":true,"href":"https:\/\/alfequipment.com\/fr\/wp-json\/wp\/v2\/product_brand?post=3157"},{"taxonomy":"product_cat","embeddable":true,"href":"https:\/\/alfequipment.com\/fr\/wp-json\/wp\/v2\/product_cat?post=3157"},{"taxonomy":"product_tag","embeddable":true,"href":"https:\/\/alfequipment.com\/fr\/wp-json\/wp\/v2\/product_tag?post=3157"}],"curies":[{"name":"wp","href":"https:\/\/api.w.org\/{rel}","templated":true}]}}