{"id":3159,"date":"2024-12-18T06:05:02","date_gmt":"2024-12-18T06:05:02","guid":{"rendered":"https:\/\/alfequipment.com\/product\/dfqa450-semi-automatic-l-bar-type-sealer-heat-sealing-packaging-machine\/"},"modified":"2025-01-13T13:13:18","modified_gmt":"2025-01-13T13:13:18","slug":"dfqa450-scelleuse-de-barres-en-l-semi-automatique-scelleuse-demballage-a-chaud","status":"publish","type":"product","link":"https:\/\/alfequipment.com\/fr\/product\/dfqa450-scelleuse-de-barres-en-l-semi-automatique-scelleuse-demballage-a-chaud\/","title":{"rendered":"DFQA450 Machine \u00e0 sceller en L semi-automatique pour l'emballage par thermoscellage"},"content":{"rendered":"<div data-magic-global=\"%7B%22bizId%22%3A17179933680%2C%22pageId%22%3A21023386001%2C%22siteId%22%3A5005331025%7D\" id=\"detail_decorate_root\">\n<div module-id=\"27641493705\" module-title=\"detailProductNavigation\" render=\"true\" class=\"J_module\">\n<div id=\"ali-anchor-AliMagic-djgiv4\" data-section=\"AliMagic-djgiv4\" data-section-title=\"Product Description\" class=\"magic-0\">La soudeuse semi-automatique en L DFQA450 (nouvelle FQL-450A) et le tunnel de r\u00e9traction BS-A450 conviennent \u00e0 l'emballage de bo\u00eetes, de jouets, de briques \u00e9lectroniques, etc. Les deux machines peuvent emballer les produits avec une couche de film plastique, ce qui rend l'emballage plus beau et plus ferme.<\/div>\n<\/div>\n<div module-id=\"27641493706\" module-title=\"detailTextWithTitle\" render=\"true\" class=\"J_module\">\n<div class=\"detail-decorate-json-renderer-container\">\n<div class=\"magic-1\">\n<div class=\"magic-4\">\n<div class=\"magic-5\">\n<div class=\"magic-6\">\n<p class=\"magic-7\">Caract\u00e9ristique : <br \/>1. La machine adopte un couteau de scellement chauffant et non collant, ce qui garantit le bon fonctionnement de la machine et l'absence de fum\u00e9e.<br \/>2. Le temps de transfert des produits dans le tunnel apr\u00e8s le scellage et la d\u00e9coupe est r\u00e9glable.<br \/>3. Travailler avec un tunnel de r\u00e9traction, haute efficacit\u00e9, plus pratique.<\/p>\n<\/p><\/div>\n<\/p><\/div>\n<\/p><\/div>\n<\/p><\/div>\n<\/p><\/div>\n<\/p><\/div>\n<div module-id=\"27641493707\" module-title=\"detailTableHightLight\" render=\"true\" class=\"J_module\">\n<div class=\"ife-detail-decorate-table\">\n<table class=\"all magic-8\">\n<tbody>\n<tr>\n<td>\n<div class=\"magic-9\">\n        Mod\u00e8le\n       <\/div>\n<\/td>\n<td>\n<div class=\"magic-10\">\n        DFQA450\n       <\/div>\n<\/td>\n<\/tr>\n<tr>\n<td>\n<div class=\"magic-9\">\n        Tension\n       <\/div>\n<\/td>\n<td>\n<div class=\"magic-10\">\n        AC220V 50-60HZ\n       <\/div>\n<\/td>\n<\/tr>\n<tr>\n<td>\n<div class=\"magic-9\">\n        Puissance du chauffage\n       <\/div>\n<\/td>\n<td>\n<div class=\"magic-10\">\n        1KW&nbsp;\n       <\/div>\n<\/td>\n<\/tr>\n<tr>\n<td>\n<div class=\"magic-9\">\n        Temps de coupe des scell\u00e9s\n       <\/div>\n<\/td>\n<td>\n<div class=\"magic-10\">\n        0-3s\n       <\/div>\n<\/td>\n<\/tr>\n<tr>\n<td>\n<div class=\"magic-9\">\n        Taille maximale d'\u00e9tanch\u00e9it\u00e9 (L*L)\n       <\/div>\n<\/td>\n<td>\n<div class=\"magic-10\">\n        500*450mm\n       <\/div>\n<\/td>\n<\/tr>\n<tr>\n<td>\n<div class=\"magic-9\">\n        Chargement maximal du convoyeur\n       <\/div>\n<\/td>\n<td>\n<div class=\"magic-10\">\n        15 kg\n       <\/div>\n<\/td>\n<\/tr>\n<tr>\n<td>\n<div class=\"magic-9\">\n        Taille de la machine (L*L*H)\n       <\/div>\n<\/td>\n<td>\n<div class=\"magic-10\">\n        1720*730*1050mm\n       <\/div>\n<\/td>\n<\/tr>\n<tr>\n<td>\n<div class=\"magic-9\">\n        Poids de la machine\n       <\/div>\n<\/td>\n<td>\n<div class=\"magic-10\">\n        130 kg\n       <\/div>\n<\/td>\n<\/tr>\n<tr>\n<td>\n<div class=\"magic-9\">\n        Film de coupe\n       <\/div>\n<\/td>\n<td>\n<div class=\"magic-10\">\n        POF, PVC\n       <\/div>\n<\/td>\n<\/tr>\n<tr>\n<td>\n<div class=\"magic-9\">\n        Taille de l'emballage\n       <\/div>\n<\/td>\n<td>\n<div class=\"magic-10\">\n        1500*850*910mm\n       <\/div>\n<\/td>\n<\/tr>\n<\/tbody>\n<\/table><\/div>\n<\/p><\/div>\n<div module-id=\"27641493708\" module-title=\"detailSingleImage\" render=\"true\" class=\"J_module\">\n<div class=\"icbu-pc-images magic-11\">\n<div>\n<div class=\"flex-layout-v\">\n<div class=\"flex-layout-h magic-11\">\n<div class=\"magic-12\">\n       <img decoding=\"async\" src=\"https:\/\/sc02.alicdn.com\/kf\/HTB1vssdaEvrK1RjSspcq6zzSXXa1\/64496\/HTB1vssdaEvrK1RjSspcq6zzSXXa1.jpg\" class=\"aligncenter\">\n      <\/div>\n<\/p><\/div>\n<\/p><\/div>\n<\/p><\/div>\n<\/p><\/div>\n<\/p><\/div>\n<div module-id=\"27641493709\" module-title=\"detailVerticalImages\" render=\"true\" class=\"J_module\">\n<div class=\"icbu-pc-images magic-11\">\n<div>\n<div class=\"flex-layout-v\">\n<div class=\"magic-14\">\n      <img decoding=\"async\" src=\"https:\/\/sc01.alicdn.com\/kf\/HTB1W2FMazzuK1Rjy0Fpq6yEpFXao\/64496\/HTB1W2FMazzuK1Rjy0Fpq6yEpFXao.jpg\" class=\"aligncenter\">\n     <\/div>\n<div class=\"flex-layout-h magic-11\">\n<div class=\"magic-16\">\n       <img decoding=\"async\" src=\"https:\/\/sc01.alicdn.com\/kf\/HTB1aitPasfrK1RkSnb4q6xHRFXa8\/64496\/HTB1aitPasfrK1RkSnb4q6xHRFXa8.jpg\" class=\"aligncenter\">\n      <\/div>\n<div class=\"magic-18\">\n       <img decoding=\"async\" src=\"https:\/\/sc01.alicdn.com\/kf\/HTB1q3dRax2rK1RkSnhJq6ykdpXaM\/64496\/HTB1q3dRax2rK1RkSnhJq6ykdpXaM.jpg\" class=\"aligncenter\">\n      <\/div>\n<\/p><\/div>\n<\/p><\/div>\n<\/p><\/div>\n<\/p><\/div>\n<\/p><\/div>\n<\/div>","protected":false},"excerpt":{"rendered":"<p>Machine semi-automatique \u00e0 sceller les barres en L<\/p>","protected":false},"featured_media":3160,"comment_status":"closed","ping_status":"open","template":"","meta":[],"product_brand":[],"product_cat":[97],"product_tag":[],"class_list":{"0":"post-3159","1":"product","2":"type-product","3":"status-publish","4":"has-post-thumbnail","6":"product_cat-sealing-machines","8":"first","9":"instock","10":"sale","11":"purchasable","12":"product-type-simple"},"yoast_head":"<!-- This site is optimized with the Yoast SEO Premium plugin v20.9 (Yoast SEO v26.5) - https:\/\/yoast.com\/wordpress\/plugins\/seo\/ -->\n<title>DFQA450 Semi-automatic L bar type sealer heat sealing packaging machine - ALF PACK<\/title>\n<meta name=\"robots\" content=\"index, follow, max-snippet:-1, max-image-preview:large, max-video-preview:-1\" \/>\n<link rel=\"canonical\" href=\"https:\/\/alfequipment.com\/fr\/product\/dfqa450-scelleuse-de-barres-en-l-semi-automatique-scelleuse-demballage-a-chaud\/\" \/>\n<meta property=\"og:locale\" content=\"fr_FR\" \/>\n<meta property=\"og:type\" content=\"article\" \/>\n<meta property=\"og:title\" content=\"DFQA450 Semi-automatic L bar type sealer heat sealing packaging machine\" \/>\n<meta property=\"og:description\" content=\"Semi-automatic L-bar Sealing Machine\" \/>\n<meta property=\"og:url\" content=\"https:\/\/alfequipment.com\/fr\/product\/dfqa450-scelleuse-de-barres-en-l-semi-automatique-scelleuse-demballage-a-chaud\/\" \/>\n<meta property=\"og:site_name\" content=\"ALF PACK\" \/>\n<meta property=\"article:modified_time\" content=\"2025-01-13T13:13:18+00:00\" \/>\n<meta property=\"og:image\" content=\"https:\/\/alfequipment.com\/wp-content\/uploads\/2025\/01\/H4cf163f8a53141d7a388d81823308ccap.jpg\" \/>\n\t<meta property=\"og:image:width\" content=\"800\" \/>\n\t<meta property=\"og:image:height\" content=\"800\" \/>\n\t<meta property=\"og:image:type\" content=\"image\/webp\" \/>\n<meta name=\"twitter:card\" content=\"summary_large_image\" \/>\n<meta name=\"twitter:label1\" content=\"Dur\u00e9e de lecture estim\u00e9e\" \/>\n\t<meta name=\"twitter:data1\" content=\"1 minute\" \/>\n<script type=\"application\/ld+json\" class=\"yoast-schema-graph\">{\"@context\":\"https:\/\/schema.org\",\"@graph\":[{\"@type\":\"WebPage\",\"@id\":\"https:\/\/alfequipment.com\/product\/dfqa450-semi-automatic-l-bar-type-sealer-heat-sealing-packaging-machine\/\",\"url\":\"https:\/\/alfequipment.com\/product\/dfqa450-semi-automatic-l-bar-type-sealer-heat-sealing-packaging-machine\/\",\"name\":\"DFQA450 Semi-automatic L bar type sealer heat sealing packaging machine - ALF PACK\",\"isPartOf\":{\"@id\":\"https:\/\/alfequipment.com\/#website\"},\"primaryImageOfPage\":{\"@id\":\"https:\/\/alfequipment.com\/product\/dfqa450-semi-automatic-l-bar-type-sealer-heat-sealing-packaging-machine\/#primaryimage\"},\"image\":{\"@id\":\"https:\/\/alfequipment.com\/product\/dfqa450-semi-automatic-l-bar-type-sealer-heat-sealing-packaging-machine\/#primaryimage\"},\"thumbnailUrl\":\"https:\/\/alfequipment.com\/wp-content\/uploads\/2025\/01\/H4cf163f8a53141d7a388d81823308ccap.jpg\",\"datePublished\":\"2024-12-18T06:05:02+00:00\",\"dateModified\":\"2025-01-13T13:13:18+00:00\",\"breadcrumb\":{\"@id\":\"https:\/\/alfequipment.com\/product\/dfqa450-semi-automatic-l-bar-type-sealer-heat-sealing-packaging-machine\/#breadcrumb\"},\"inLanguage\":\"fr-FR\",\"potentialAction\":[{\"@type\":\"ReadAction\",\"target\":[\"https:\/\/alfequipment.com\/product\/dfqa450-semi-automatic-l-bar-type-sealer-heat-sealing-packaging-machine\/\"]}]},{\"@type\":\"ImageObject\",\"inLanguage\":\"fr-FR\",\"@id\":\"https:\/\/alfequipment.com\/product\/dfqa450-semi-automatic-l-bar-type-sealer-heat-sealing-packaging-machine\/#primaryimage\",\"url\":\"https:\/\/alfequipment.com\/wp-content\/uploads\/2025\/01\/H4cf163f8a53141d7a388d81823308ccap.jpg\",\"contentUrl\":\"https:\/\/alfequipment.com\/wp-content\/uploads\/2025\/01\/H4cf163f8a53141d7a388d81823308ccap.jpg\",\"width\":800,\"height\":800},{\"@type\":\"BreadcrumbList\",\"@id\":\"https:\/\/alfequipment.com\/product\/dfqa450-semi-automatic-l-bar-type-sealer-heat-sealing-packaging-machine\/#breadcrumb\",\"itemListElement\":[{\"@type\":\"ListItem\",\"position\":1,\"name\":\"Home\",\"item\":\"https:\/\/alfequipment.com\/\"},{\"@type\":\"ListItem\",\"position\":2,\"name\":\"Shop\",\"item\":\"https:\/\/alfequipment.com\/shop\/\"},{\"@type\":\"ListItem\",\"position\":3,\"name\":\"DFQA450 Semi-automatic L bar type sealer heat sealing packaging machine\"}]},{\"@type\":\"WebSite\",\"@id\":\"https:\/\/alfequipment.com\/#website\",\"url\":\"https:\/\/alfequipment.com\/\",\"name\":\"ALF PACK\",\"description\":\"\",\"publisher\":{\"@id\":\"https:\/\/alfequipment.com\/#organization\"},\"potentialAction\":[{\"@type\":\"SearchAction\",\"target\":{\"@type\":\"EntryPoint\",\"urlTemplate\":\"https:\/\/alfequipment.com\/?s={search_term_string}\"},\"query-input\":{\"@type\":\"PropertyValueSpecification\",\"valueRequired\":true,\"valueName\":\"search_term_string\"}}],\"inLanguage\":\"fr-FR\"},{\"@type\":\"Organization\",\"@id\":\"https:\/\/alfequipment.com\/#organization\",\"name\":\"ALF PACK\",\"url\":\"https:\/\/alfequipment.com\/\",\"logo\":{\"@type\":\"ImageObject\",\"inLanguage\":\"fr-FR\",\"@id\":\"https:\/\/alfequipment.com\/#\/schema\/logo\/image\/\",\"url\":\"https:\/\/alfequipment.com\/wp-content\/uploads\/2024\/11\/ALFlogo-2.webp\",\"contentUrl\":\"https:\/\/alfequipment.com\/wp-content\/uploads\/2024\/11\/ALFlogo-2.webp\",\"width\":758,\"height\":750,\"caption\":\"ALF PACK\"},\"image\":{\"@id\":\"https:\/\/alfequipment.com\/#\/schema\/logo\/image\/\"}}]}<\/script>\n<!-- \/ Yoast SEO Premium plugin. -->","yoast_head_json":{"title":"DFQA450 Machine \u00e0 sceller en L semi-automatique - ALF PACK","robots":{"index":"index","follow":"follow","max-snippet":"max-snippet:-1","max-image-preview":"max-image-preview:large","max-video-preview":"max-video-preview:-1"},"canonical":"https:\/\/alfequipment.com\/fr\/product\/dfqa450-scelleuse-de-barres-en-l-semi-automatique-scelleuse-demballage-a-chaud\/","og_locale":"fr_FR","og_type":"article","og_title":"DFQA450 Semi-automatic L bar type sealer heat sealing packaging machine","og_description":"Semi-automatic L-bar Sealing Machine","og_url":"https:\/\/alfequipment.com\/fr\/product\/dfqa450-scelleuse-de-barres-en-l-semi-automatique-scelleuse-demballage-a-chaud\/","og_site_name":"ALF PACK","article_modified_time":"2025-01-13T13:13:18+00:00","og_image":[{"width":800,"height":800,"url":"https:\/\/alfequipment.com\/wp-content\/uploads\/2025\/01\/H4cf163f8a53141d7a388d81823308ccap.jpg","type":"image\/webp"}],"twitter_card":"summary_large_image","twitter_misc":{"Dur\u00e9e de lecture estim\u00e9e":"1 minute"},"schema":{"@context":"https:\/\/schema.org","@graph":[{"@type":"WebPage","@id":"https:\/\/alfequipment.com\/product\/dfqa450-semi-automatic-l-bar-type-sealer-heat-sealing-packaging-machine\/","url":"https:\/\/alfequipment.com\/product\/dfqa450-semi-automatic-l-bar-type-sealer-heat-sealing-packaging-machine\/","name":"DFQA450 Machine \u00e0 sceller en L semi-automatique - ALF PACK","isPartOf":{"@id":"https:\/\/alfequipment.com\/#website"},"primaryImageOfPage":{"@id":"https:\/\/alfequipment.com\/product\/dfqa450-semi-automatic-l-bar-type-sealer-heat-sealing-packaging-machine\/#primaryimage"},"image":{"@id":"https:\/\/alfequipment.com\/product\/dfqa450-semi-automatic-l-bar-type-sealer-heat-sealing-packaging-machine\/#primaryimage"},"thumbnailUrl":"https:\/\/alfequipment.com\/wp-content\/uploads\/2025\/01\/H4cf163f8a53141d7a388d81823308ccap.jpg","datePublished":"2024-12-18T06:05:02+00:00","dateModified":"2025-01-13T13:13:18+00:00","breadcrumb":{"@id":"https:\/\/alfequipment.com\/product\/dfqa450-semi-automatic-l-bar-type-sealer-heat-sealing-packaging-machine\/#breadcrumb"},"inLanguage":"fr-FR","potentialAction":[{"@type":"ReadAction","target":["https:\/\/alfequipment.com\/product\/dfqa450-semi-automatic-l-bar-type-sealer-heat-sealing-packaging-machine\/"]}]},{"@type":"ImageObject","inLanguage":"fr-FR","@id":"https:\/\/alfequipment.com\/product\/dfqa450-semi-automatic-l-bar-type-sealer-heat-sealing-packaging-machine\/#primaryimage","url":"https:\/\/alfequipment.com\/wp-content\/uploads\/2025\/01\/H4cf163f8a53141d7a388d81823308ccap.jpg","contentUrl":"https:\/\/alfequipment.com\/wp-content\/uploads\/2025\/01\/H4cf163f8a53141d7a388d81823308ccap.jpg","width":800,"height":800},{"@type":"BreadcrumbList","@id":"https:\/\/alfequipment.com\/product\/dfqa450-semi-automatic-l-bar-type-sealer-heat-sealing-packaging-machine\/#breadcrumb","itemListElement":[{"@type":"ListItem","position":1,"name":"Home","item":"https:\/\/alfequipment.com\/"},{"@type":"ListItem","position":2,"name":"Shop","item":"https:\/\/alfequipment.com\/shop\/"},{"@type":"ListItem","position":3,"name":"DFQA450 Semi-automatic L bar type sealer heat sealing packaging machine"}]},{"@type":"WebSite","@id":"https:\/\/alfequipment.com\/#website","url":"https:\/\/alfequipment.com\/","name":"PACK ALF","description":"","publisher":{"@id":"https:\/\/alfequipment.com\/#organization"},"potentialAction":[{"@type":"SearchAction","target":{"@type":"EntryPoint","urlTemplate":"https:\/\/alfequipment.com\/?s={search_term_string}"},"query-input":{"@type":"PropertyValueSpecification","valueRequired":true,"valueName":"search_term_string"}}],"inLanguage":"fr-FR"},{"@type":"Organization","@id":"https:\/\/alfequipment.com\/#organization","name":"PACK ALF","url":"https:\/\/alfequipment.com\/","logo":{"@type":"ImageObject","inLanguage":"fr-FR","@id":"https:\/\/alfequipment.com\/#\/schema\/logo\/image\/","url":"https:\/\/alfequipment.com\/wp-content\/uploads\/2024\/11\/ALFlogo-2.webp","contentUrl":"https:\/\/alfequipment.com\/wp-content\/uploads\/2024\/11\/ALFlogo-2.webp","width":758,"height":750,"caption":"ALF PACK"},"image":{"@id":"https:\/\/alfequipment.com\/#\/schema\/logo\/image\/"}}]}},"_links":{"self":[{"href":"https:\/\/alfequipment.com\/fr\/wp-json\/wp\/v2\/product\/3159","targetHints":{"allow":["GET"]}}],"collection":[{"href":"https:\/\/alfequipment.com\/fr\/wp-json\/wp\/v2\/product"}],"about":[{"href":"https:\/\/alfequipment.com\/fr\/wp-json\/wp\/v2\/types\/product"}],"replies":[{"embeddable":true,"href":"https:\/\/alfequipment.com\/fr\/wp-json\/wp\/v2\/comments?post=3159"}],"version-history":[{"count":0,"href":"https:\/\/alfequipment.com\/fr\/wp-json\/wp\/v2\/product\/3159\/revisions"}],"wp:featuredmedia":[{"embeddable":true,"href":"https:\/\/alfequipment.com\/fr\/wp-json\/wp\/v2\/media\/3160"}],"wp:attachment":[{"href":"https:\/\/alfequipment.com\/fr\/wp-json\/wp\/v2\/media?parent=3159"}],"wp:term":[{"taxonomy":"product_brand","embeddable":true,"href":"https:\/\/alfequipment.com\/fr\/wp-json\/wp\/v2\/product_brand?post=3159"},{"taxonomy":"product_cat","embeddable":true,"href":"https:\/\/alfequipment.com\/fr\/wp-json\/wp\/v2\/product_cat?post=3159"},{"taxonomy":"product_tag","embeddable":true,"href":"https:\/\/alfequipment.com\/fr\/wp-json\/wp\/v2\/product_tag?post=3159"}],"curies":[{"name":"wp","href":"https:\/\/api.w.org\/{rel}","templated":true}]}}