{"id":3163,"date":"2025-01-08T23:47:10","date_gmt":"2025-01-08T23:47:10","guid":{"rendered":"https:\/\/alfequipment.com\/product\/dzbs1135-steam-label-shrink-machine-with-steam-generator\/"},"modified":"2025-01-13T15:06:55","modified_gmt":"2025-01-13T15:06:55","slug":"dzbs1135-machine-a-retracter-les-etiquettes-a-vapeur-avec-generateur-de-vapeur","status":"publish","type":"product","link":"https:\/\/alfequipment.com\/fr\/product\/dzbs1135-machine-a-retracter-les-etiquettes-a-vapeur-avec-generateur-de-vapeur\/","title":{"rendered":"DZBS1135 Machine \u00e0 r\u00e9tracter les \u00e9tiquettes \u00e0 vapeur avec g\u00e9n\u00e9rateur de vapeur"},"content":{"rendered":"<div data-magic-global=\"%7B%22bizId%22%3A17179933680%2C%22pageId%22%3A21021795721%2C%22siteId%22%3A5005331025%7D\" id=\"detail_decorate_root\">\n<div module-id=\"27650559008\" module-title=\"detailProductNavigation\" render=\"true\" class=\"J_module\">\n<div id=\"ali-anchor-AliMagic-lgl99s\" data-section=\"AliMagic-lgl99s\" data-section-title=\"Product Description\" class=\"magic-0\">La machine \u00e0 r\u00e9tracter les \u00e9tiquettes \u00e0 vapeur DZBS1135 est principalement utilis\u00e9e pour les \u00e9tiquettes thermor\u00e9tractables des produits cosm\u00e9tiques, des produits laitiers, des boissons et d'autres produits apr\u00e8s l'\u00e9tiquetage. Cette machine pr\u00e9sente une efficacit\u00e9 thermique \u00e9lev\u00e9e, une uniformit\u00e9 de la temp\u00e9rature de la chambre de r\u00e9traction, une stabilit\u00e9 et une fiabilit\u00e9, un contr\u00f4le pr\u00e9cis de la temp\u00e9rature et une s\u00e9rie d'avantages, bien adapt\u00e9s aux tendances modernes et au d\u00e9veloppement de nouveaux produits.&nbsp;<\/div>\n<\/div>\n<div module-id=\"27650559009\" module-title=\"detailTextWithTitle\" render=\"true\" class=\"J_module\">\n<div class=\"detail-decorate-json-renderer-container\">\n<div class=\"magic-1\">\n<div class=\"magic-4\">\n<div class=\"magic-5\">\n<div class=\"magic-6\">\n<p class=\"magic-7\">Afin de vous aider \u00e0 utiliser correctement la machine et \u00e0 mieux jouer votre r\u00f4le, veuillez lire attentivement les instructions avant de l'installer et de l'utiliser. Elles vous aideront \u00e0 comprendre les performances de base de la machine, sa structure, son fonctionnement et ses m\u00e9thodes d'entretien, ce qui vous permettra d'utiliser la machine correctement, afin d'obtenir les meilleures performances, de r\u00e9duire les pannes et de prolonger la dur\u00e9e de vie de l'appareil.<\/p>\n<\/p><\/div>\n<\/p><\/div>\n<\/p><\/div>\n<\/p><\/div>\n<\/p><\/div>\n<\/p><\/div>\n<div module-id=\"27650559010\" module-title=\"detailTableHorizontal\" render=\"true\" class=\"J_module\">\n<div class=\"ife-detail-decorate-table\">\n<table class=\"has-title all magic-8\">\n<tbody>\n<tr>\n<td>\n<div class=\"magic-9\">\n        Mod\u00e8le\n       <\/div>\n<\/td>\n<td>\n<div class=\"magic-9\">\n        DZBS-1135\n       <\/div>\n<\/td>\n<td>\n<div class=\"magic-9\">\n        Mod\u00e8le\n       <\/div>\n<\/td>\n<td>\n<div class=\"magic-9\">\n        LDR18-0.4-Z\n       <\/div>\n<\/td>\n<\/tr>\n<tr>\n<td>\n<div class=\"magic-9\">\n        Puissance\n       <\/div>\n<\/td>\n<td>\n<div class=\"magic-9\">\n        150W\n       <\/div>\n<\/td>\n<td>\n<div class=\"magic-9\">\n        Puissance\n       <\/div>\n<\/td>\n<td>\n<div class=\"magic-10\">\n        9\/18 kw\n       <\/div>\n<\/td>\n<\/tr>\n<tr>\n<td>\n<div class=\"magic-9\">\n        Taille maximale de l'emballage (mm)\n       <\/div>\n<\/td>\n<td>\n<div class=\"magic-9\">\n        \u03a680 * 300H\n       <\/div>\n<\/td>\n<td>\n<div class=\"magic-9\">\n        Tension\n       <\/div>\n<\/td>\n<td>\n<div class=\"magic-10\">\n        380V, 3 phases\n       <\/div>\n<\/td>\n<\/tr>\n<tr>\n<td>\n<div class=\"magic-9\">\n        Taille du tunnel de r\u00e9traction (mm)\n       <\/div>\n<\/td>\n<td>\n<div class=\"magic-9\">\n        1000*110*350\n       <\/div>\n<\/td>\n<td>\n<div class=\"magic-9\">\n        Pression\n       <\/div>\n<\/td>\n<td>\n<div class=\"magic-10\">\n        0,4Mpa\n       <\/div>\n<\/td>\n<\/tr>\n<tr>\n<td>\n<div class=\"magic-9\">\n        Moteur du convoyeur\n       <\/div>\n<\/td>\n<td>\n<div class=\"magic-9\">\n        AC120W\/220V\n       <\/div>\n<\/td>\n<td>\n<div class=\"magic-9\">\n        Volume\n       <\/div>\n<\/td>\n<td>\n<div class=\"magic-10\">\n        27L\n       <\/div>\n<\/td>\n<\/tr>\n<tr>\n<td>\n<div class=\"magic-9\">\n        Vitesse du convoyeur\n       <\/div>\n<\/td>\n<td>\n<div class=\"magic-9\">\n        0-10m\/min\n       <\/div>\n<\/td>\n<td>\n<div class=\"magic-9\">\n        Quantit\u00e9 de vapeur\n       <\/div>\n<\/td>\n<td>\n<div class=\"magic-10\">\n        24kg\/h\n       <\/div>\n<\/td>\n<\/tr>\n<tr>\n<td>\n<div class=\"magic-9\">\n        Poids de chargement\n       <\/div>\n<\/td>\n<td>\n<div class=\"magic-9\">\n        15 kg\n       <\/div>\n<\/td>\n<td>\n<div class=\"magic-9\">\n        Poids\n       <\/div>\n<\/td>\n<td>\n<div class=\"magic-10\">\n        76 kg\n       <\/div>\n<\/td>\n<\/tr>\n<tr>\n<td>\n<div class=\"magic-9\">\n        Poids\n       <\/div>\n<\/td>\n<td>\n<div class=\"magic-9\">\n        68 kg\n       <\/div>\n<\/td>\n<td>\n<div class=\"magic-9\"><\/div>\n<\/td>\n<td>\n<div class=\"magic-10\"><\/div>\n<\/td>\n<\/tr>\n<tr>\n<td>\n<div class=\"magic-9\">\n        Taille de la machine (mm)\n       <\/div>\n<\/td>\n<td>\n<div class=\"magic-9\">\n        1520*400*1250\n       <\/div>\n<\/td>\n<td>\n<div class=\"magic-9\"><\/div>\n<\/td>\n<td>\n<div class=\"magic-10\"><\/div>\n<\/td>\n<\/tr>\n<tr>\n<td>\n<div class=\"magic-9\">\n        Film r\u00e9tractable\n       <\/div>\n<\/td>\n<td>\n<div class=\"magic-9\">\n        POF PP PVC\n       <\/div>\n<\/td>\n<td>\n<div class=\"magic-9\"><\/div>\n<\/td>\n<td>\n<div class=\"magic-10\"><\/div>\n<\/td>\n<\/tr>\n<\/tbody>\n<\/table><\/div>\n<\/p><\/div>\n<div module-id=\"27650559011\" module-title=\"detailSingleImage\" render=\"true\" class=\"J_module\">\n<div class=\"icbu-pc-images magic-11\">\n<div>\n<div class=\"flex-layout-v\">\n<div class=\"flex-layout-h magic-11\">\n<div class=\"magic-12\">\n       <img decoding=\"async\" src=\"https:\/\/sc01.alicdn.com\/kf\/HTB1A.z9aPzuK1RjSsppq6xz0XXak\/64496\/HTB1A.z9aPzuK1RjSsppq6xz0XXak.jpg\" class=\"aligncenter\">\n      <\/div>\n<\/p><\/div>\n<\/p><\/div>\n<\/p><\/div>\n<\/p><\/div>\n<\/p><\/div>\n<div module-id=\"27650559012\" module-title=\"detailVerticalImages\" render=\"true\" class=\"J_module\">\n<div class=\"icbu-pc-images magic-11\">\n<div>\n<div class=\"flex-layout-v\">\n<div class=\"magic-14\">\n      <img decoding=\"async\" src=\"https:\/\/sc02.alicdn.com\/kf\/HTB1yMn8aOHrK1Rjy0Flq6AsaFXaZ\/64496\/HTB1yMn8aOHrK1Rjy0Flq6AsaFXaZ.jpg\" class=\"aligncenter\">\n     <\/div>\n<div class=\"flex-layout-h magic-11\">\n<div class=\"magic-16\">\n       <img decoding=\"async\" src=\"https:\/\/sc02.alicdn.com\/kf\/HTB1DJnZaJfvK1RjSspoq6zfNpXak\/64496\/HTB1DJnZaJfvK1RjSspoq6zfNpXak.jpg\" class=\"aligncenter\">\n      <\/div>\n<div class=\"magic-18\">\n       <img decoding=\"async\" src=\"https:\/\/sc02.alicdn.com\/kf\/HTB1QRv_aJzvK1RkSnfoq6zMwVXat\/64496\/HTB1QRv_aJzvK1RkSnfoq6zMwVXat.jpg\" class=\"aligncenter\">\n      <\/div>\n<\/p><\/div>\n<\/p><\/div>\n<\/p><\/div>\n<\/p><\/div>\n<\/p><\/div>\n<\/div>","protected":false},"excerpt":{"rendered":"<p>Machine \u00e0 r\u00e9tracter les \u00e9tiquettes \u00e0 vapeur avec g\u00e9n\u00e9rateur de vapeur<\/p>","protected":false},"featured_media":3164,"comment_status":"closed","ping_status":"open","template":"","meta":[],"product_brand":[],"product_cat":[121,99],"product_tag":[],"class_list":{"0":"post-3163","1":"product","2":"type-product","3":"status-publish","4":"has-post-thumbnail","6":"product_cat-label-shrink-machine","7":"product_cat-labeling-machines","9":"first","10":"instock","11":"sale","12":"purchasable","13":"product-type-simple"},"yoast_head":"<!-- This site is optimized with the Yoast SEO Premium plugin v20.9 (Yoast SEO v26.5) - https:\/\/yoast.com\/wordpress\/plugins\/seo\/ -->\n<title>DZBS1135 Steam Label shrink machine with steam generator - ALF PACK<\/title>\n<meta name=\"robots\" content=\"index, follow, max-snippet:-1, max-image-preview:large, max-video-preview:-1\" \/>\n<link rel=\"canonical\" href=\"https:\/\/alfequipment.com\/fr\/product\/dzbs1135-machine-a-retracter-les-etiquettes-a-vapeur-avec-generateur-de-vapeur\/\" \/>\n<meta property=\"og:locale\" content=\"fr_FR\" \/>\n<meta property=\"og:type\" content=\"article\" \/>\n<meta property=\"og:title\" content=\"DZBS1135 Steam Label shrink machine with steam generator\" \/>\n<meta property=\"og:description\" content=\"Steam Label Shrink Machine With Steam Generator\" \/>\n<meta property=\"og:url\" content=\"https:\/\/alfequipment.com\/fr\/product\/dzbs1135-machine-a-retracter-les-etiquettes-a-vapeur-avec-generateur-de-vapeur\/\" \/>\n<meta property=\"og:site_name\" content=\"ALF PACK\" \/>\n<meta property=\"article:modified_time\" content=\"2025-01-13T15:06:55+00:00\" \/>\n<meta property=\"og:image\" content=\"https:\/\/alfequipment.com\/wp-content\/uploads\/2025\/01\/H22707b7fabdf4195b49312c4f08de46fj.jpg\" \/>\n\t<meta property=\"og:image:width\" content=\"800\" \/>\n\t<meta property=\"og:image:height\" content=\"800\" \/>\n\t<meta property=\"og:image:type\" content=\"image\/webp\" \/>\n<meta name=\"twitter:card\" content=\"summary_large_image\" \/>\n<meta name=\"twitter:label1\" content=\"Dur\u00e9e de lecture estim\u00e9e\" \/>\n\t<meta name=\"twitter:data1\" content=\"1 minute\" \/>\n<script type=\"application\/ld+json\" class=\"yoast-schema-graph\">{\"@context\":\"https:\/\/schema.org\",\"@graph\":[{\"@type\":\"WebPage\",\"@id\":\"https:\/\/alfequipment.com\/product\/dzbs1135-steam-label-shrink-machine-with-steam-generator\/\",\"url\":\"https:\/\/alfequipment.com\/product\/dzbs1135-steam-label-shrink-machine-with-steam-generator\/\",\"name\":\"DZBS1135 Steam Label shrink machine with steam generator - ALF PACK\",\"isPartOf\":{\"@id\":\"https:\/\/alfequipment.com\/#website\"},\"primaryImageOfPage\":{\"@id\":\"https:\/\/alfequipment.com\/product\/dzbs1135-steam-label-shrink-machine-with-steam-generator\/#primaryimage\"},\"image\":{\"@id\":\"https:\/\/alfequipment.com\/product\/dzbs1135-steam-label-shrink-machine-with-steam-generator\/#primaryimage\"},\"thumbnailUrl\":\"https:\/\/alfequipment.com\/wp-content\/uploads\/2025\/01\/H22707b7fabdf4195b49312c4f08de46fj.jpg\",\"datePublished\":\"2025-01-08T23:47:10+00:00\",\"dateModified\":\"2025-01-13T15:06:55+00:00\",\"breadcrumb\":{\"@id\":\"https:\/\/alfequipment.com\/product\/dzbs1135-steam-label-shrink-machine-with-steam-generator\/#breadcrumb\"},\"inLanguage\":\"fr-FR\",\"potentialAction\":[{\"@type\":\"ReadAction\",\"target\":[\"https:\/\/alfequipment.com\/product\/dzbs1135-steam-label-shrink-machine-with-steam-generator\/\"]}]},{\"@type\":\"ImageObject\",\"inLanguage\":\"fr-FR\",\"@id\":\"https:\/\/alfequipment.com\/product\/dzbs1135-steam-label-shrink-machine-with-steam-generator\/#primaryimage\",\"url\":\"https:\/\/alfequipment.com\/wp-content\/uploads\/2025\/01\/H22707b7fabdf4195b49312c4f08de46fj.jpg\",\"contentUrl\":\"https:\/\/alfequipment.com\/wp-content\/uploads\/2025\/01\/H22707b7fabdf4195b49312c4f08de46fj.jpg\",\"width\":800,\"height\":800},{\"@type\":\"BreadcrumbList\",\"@id\":\"https:\/\/alfequipment.com\/product\/dzbs1135-steam-label-shrink-machine-with-steam-generator\/#breadcrumb\",\"itemListElement\":[{\"@type\":\"ListItem\",\"position\":1,\"name\":\"Home\",\"item\":\"https:\/\/alfequipment.com\/\"},{\"@type\":\"ListItem\",\"position\":2,\"name\":\"Shop\",\"item\":\"https:\/\/alfequipment.com\/shop\/\"},{\"@type\":\"ListItem\",\"position\":3,\"name\":\"DZBS1135 Steam Label shrink machine with steam generator\"}]},{\"@type\":\"WebSite\",\"@id\":\"https:\/\/alfequipment.com\/#website\",\"url\":\"https:\/\/alfequipment.com\/\",\"name\":\"ALF PACK\",\"description\":\"\",\"publisher\":{\"@id\":\"https:\/\/alfequipment.com\/#organization\"},\"potentialAction\":[{\"@type\":\"SearchAction\",\"target\":{\"@type\":\"EntryPoint\",\"urlTemplate\":\"https:\/\/alfequipment.com\/?s={search_term_string}\"},\"query-input\":{\"@type\":\"PropertyValueSpecification\",\"valueRequired\":true,\"valueName\":\"search_term_string\"}}],\"inLanguage\":\"fr-FR\"},{\"@type\":\"Organization\",\"@id\":\"https:\/\/alfequipment.com\/#organization\",\"name\":\"ALF PACK\",\"url\":\"https:\/\/alfequipment.com\/\",\"logo\":{\"@type\":\"ImageObject\",\"inLanguage\":\"fr-FR\",\"@id\":\"https:\/\/alfequipment.com\/#\/schema\/logo\/image\/\",\"url\":\"https:\/\/alfequipment.com\/wp-content\/uploads\/2024\/11\/ALFlogo-2.webp\",\"contentUrl\":\"https:\/\/alfequipment.com\/wp-content\/uploads\/2024\/11\/ALFlogo-2.webp\",\"width\":758,\"height\":750,\"caption\":\"ALF PACK\"},\"image\":{\"@id\":\"https:\/\/alfequipment.com\/#\/schema\/logo\/image\/\"}}]}<\/script>\n<!-- \/ Yoast SEO Premium plugin. -->","yoast_head_json":{"title":"DZBS1135 Machine \u00e0 r\u00e9tracter les \u00e9tiquettes \u00e0 vapeur avec g\u00e9n\u00e9rateur de vapeur - ALF PACK","robots":{"index":"index","follow":"follow","max-snippet":"max-snippet:-1","max-image-preview":"max-image-preview:large","max-video-preview":"max-video-preview:-1"},"canonical":"https:\/\/alfequipment.com\/fr\/product\/dzbs1135-machine-a-retracter-les-etiquettes-a-vapeur-avec-generateur-de-vapeur\/","og_locale":"fr_FR","og_type":"article","og_title":"DZBS1135 Steam Label shrink machine with steam generator","og_description":"Steam Label Shrink Machine With Steam Generator","og_url":"https:\/\/alfequipment.com\/fr\/product\/dzbs1135-machine-a-retracter-les-etiquettes-a-vapeur-avec-generateur-de-vapeur\/","og_site_name":"ALF PACK","article_modified_time":"2025-01-13T15:06:55+00:00","og_image":[{"width":800,"height":800,"url":"https:\/\/alfequipment.com\/wp-content\/uploads\/2025\/01\/H22707b7fabdf4195b49312c4f08de46fj.jpg","type":"image\/webp"}],"twitter_card":"summary_large_image","twitter_misc":{"Dur\u00e9e de lecture estim\u00e9e":"1 minute"},"schema":{"@context":"https:\/\/schema.org","@graph":[{"@type":"WebPage","@id":"https:\/\/alfequipment.com\/product\/dzbs1135-steam-label-shrink-machine-with-steam-generator\/","url":"https:\/\/alfequipment.com\/product\/dzbs1135-steam-label-shrink-machine-with-steam-generator\/","name":"DZBS1135 Machine \u00e0 r\u00e9tracter les \u00e9tiquettes \u00e0 vapeur avec g\u00e9n\u00e9rateur de vapeur - ALF PACK","isPartOf":{"@id":"https:\/\/alfequipment.com\/#website"},"primaryImageOfPage":{"@id":"https:\/\/alfequipment.com\/product\/dzbs1135-steam-label-shrink-machine-with-steam-generator\/#primaryimage"},"image":{"@id":"https:\/\/alfequipment.com\/product\/dzbs1135-steam-label-shrink-machine-with-steam-generator\/#primaryimage"},"thumbnailUrl":"https:\/\/alfequipment.com\/wp-content\/uploads\/2025\/01\/H22707b7fabdf4195b49312c4f08de46fj.jpg","datePublished":"2025-01-08T23:47:10+00:00","dateModified":"2025-01-13T15:06:55+00:00","breadcrumb":{"@id":"https:\/\/alfequipment.com\/product\/dzbs1135-steam-label-shrink-machine-with-steam-generator\/#breadcrumb"},"inLanguage":"fr-FR","potentialAction":[{"@type":"ReadAction","target":["https:\/\/alfequipment.com\/product\/dzbs1135-steam-label-shrink-machine-with-steam-generator\/"]}]},{"@type":"ImageObject","inLanguage":"fr-FR","@id":"https:\/\/alfequipment.com\/product\/dzbs1135-steam-label-shrink-machine-with-steam-generator\/#primaryimage","url":"https:\/\/alfequipment.com\/wp-content\/uploads\/2025\/01\/H22707b7fabdf4195b49312c4f08de46fj.jpg","contentUrl":"https:\/\/alfequipment.com\/wp-content\/uploads\/2025\/01\/H22707b7fabdf4195b49312c4f08de46fj.jpg","width":800,"height":800},{"@type":"BreadcrumbList","@id":"https:\/\/alfequipment.com\/product\/dzbs1135-steam-label-shrink-machine-with-steam-generator\/#breadcrumb","itemListElement":[{"@type":"ListItem","position":1,"name":"Home","item":"https:\/\/alfequipment.com\/"},{"@type":"ListItem","position":2,"name":"Shop","item":"https:\/\/alfequipment.com\/shop\/"},{"@type":"ListItem","position":3,"name":"DZBS1135 Steam Label shrink machine with steam generator"}]},{"@type":"WebSite","@id":"https:\/\/alfequipment.com\/#website","url":"https:\/\/alfequipment.com\/","name":"PACK ALF","description":"","publisher":{"@id":"https:\/\/alfequipment.com\/#organization"},"potentialAction":[{"@type":"SearchAction","target":{"@type":"EntryPoint","urlTemplate":"https:\/\/alfequipment.com\/?s={search_term_string}"},"query-input":{"@type":"PropertyValueSpecification","valueRequired":true,"valueName":"search_term_string"}}],"inLanguage":"fr-FR"},{"@type":"Organization","@id":"https:\/\/alfequipment.com\/#organization","name":"PACK ALF","url":"https:\/\/alfequipment.com\/","logo":{"@type":"ImageObject","inLanguage":"fr-FR","@id":"https:\/\/alfequipment.com\/#\/schema\/logo\/image\/","url":"https:\/\/alfequipment.com\/wp-content\/uploads\/2024\/11\/ALFlogo-2.webp","contentUrl":"https:\/\/alfequipment.com\/wp-content\/uploads\/2024\/11\/ALFlogo-2.webp","width":758,"height":750,"caption":"ALF PACK"},"image":{"@id":"https:\/\/alfequipment.com\/#\/schema\/logo\/image\/"}}]}},"_links":{"self":[{"href":"https:\/\/alfequipment.com\/fr\/wp-json\/wp\/v2\/product\/3163","targetHints":{"allow":["GET"]}}],"collection":[{"href":"https:\/\/alfequipment.com\/fr\/wp-json\/wp\/v2\/product"}],"about":[{"href":"https:\/\/alfequipment.com\/fr\/wp-json\/wp\/v2\/types\/product"}],"replies":[{"embeddable":true,"href":"https:\/\/alfequipment.com\/fr\/wp-json\/wp\/v2\/comments?post=3163"}],"version-history":[{"count":0,"href":"https:\/\/alfequipment.com\/fr\/wp-json\/wp\/v2\/product\/3163\/revisions"}],"wp:featuredmedia":[{"embeddable":true,"href":"https:\/\/alfequipment.com\/fr\/wp-json\/wp\/v2\/media\/3164"}],"wp:attachment":[{"href":"https:\/\/alfequipment.com\/fr\/wp-json\/wp\/v2\/media?parent=3163"}],"wp:term":[{"taxonomy":"product_brand","embeddable":true,"href":"https:\/\/alfequipment.com\/fr\/wp-json\/wp\/v2\/product_brand?post=3163"},{"taxonomy":"product_cat","embeddable":true,"href":"https:\/\/alfequipment.com\/fr\/wp-json\/wp\/v2\/product_cat?post=3163"},{"taxonomy":"product_tag","embeddable":true,"href":"https:\/\/alfequipment.com\/fr\/wp-json\/wp\/v2\/product_tag?post=3163"}],"curies":[{"name":"wp","href":"https:\/\/api.w.org\/{rel}","templated":true}]}}