{"id":3169,"date":"2025-01-12T03:32:33","date_gmt":"2025-01-12T03:32:33","guid":{"rendered":"https:\/\/alfequipment.com\/product\/dz500-2d-single-chamber-vacuum-packaging-machine\/"},"modified":"2025-12-21T12:11:30","modified_gmt":"2025-12-21T12:11:30","slug":"dz500-2d-machine-demballage-sous-vide-a-chambre-unique","status":"publish","type":"product","link":"https:\/\/alfequipment.com\/fr\/product\/dz500-2d-machine-demballage-sous-vide-a-chambre-unique\/","title":{"rendered":"Machine d'emballage sous vide \u00e0 chambre unique DZ500-2D"},"content":{"rendered":"<div id=\"detail_decorate_root\" data-magic-global=\"%7B%22bizId%22%3A17179933680%2C%22pageId%22%3A21031407331%2C%22siteId%22%3A5005331025%7D\">\n<div class=\"J_module\">\n<div id=\"ali-anchor-AliMagic-dyf57p\" class=\"magic-0\" data-section=\"AliMagic-dyf57p\" data-section-title=\"Product Description\">Le DZ500-2D est dot\u00e9 d'un processus automatique de mise sous vide, de scellage, d'impression et de refroidissement. Il est utilis\u00e9 pour l'emballage sous vide dans les industries alimentaire, pharmaceutique, aquatique, chimique et \u00e9lectronique. Il peut emp\u00eacher l'oxydation et la moisissure des produits, ainsi que la corrosion et l'humidit\u00e9, ce qui permet de conserver la qualit\u00e9 et la fra\u00eecheur du produit pendant une longue p\u00e9riode de stockage.<\/div>\n<\/div>\n<div class=\"J_module\">\n<div class=\"detail-decorate-json-renderer-container\">\n<div class=\"magic-1\">\n<div class=\"magic-4\">\n<div class=\"magic-5\">\n<div class=\"magic-6\">\n<p class=\"magic-7\">Le DZQ500-2D remplit le sac d'emballage avec un certain type de gaz, tel que l'azote, apr\u00e8s avoir mis le sac sous vide. Il est dot\u00e9 d'un processus automatique de mise sous vide, de remplissage de gaz, de scellage, d'impression et de refroidissement, qui est utilis\u00e9 dans l'emballage sous vide pour les industries alimentaires, pharmaceutiques, aquatiques, chimiques et \u00e9lectroniques.<\/p>\n<\/div>\n<\/div>\n<\/div>\n<\/div>\n<\/div>\n<\/div>\n<div class=\"J_module\">\n<div class=\"ife-detail-decorate-table\">\n<table class=\"all magic-8\">\n<tbody>\n<tr>\n<td colspan=\"1\" rowspan=\"1\">\n<div class=\"magic-9\">Mod\u00e8le<\/div>\n<\/td>\n<td colspan=\"1\" rowspan=\"1\">\n<div class=\"magic-10\">DZ500-2D\/DZQ500-2D<\/div>\n<\/td>\n<\/tr>\n<tr>\n<td colspan=\"1\" rowspan=\"1\">\n<div class=\"magic-9\">Source d'alimentation<\/div>\n<\/td>\n<td colspan=\"1\" rowspan=\"1\">\n<div class=\"magic-10\">220V\/50Hz<\/div>\n<\/td>\n<\/tr>\n<tr>\n<td colspan=\"1\" rowspan=\"1\">\n<div class=\"magic-9\">Puissance<\/div>\n<\/td>\n<td colspan=\"1\" rowspan=\"1\">\n<div class=\"magic-10\">1,6KW<\/div>\n<\/td>\n<\/tr>\n<tr>\n<td colspan=\"1\" rowspan=\"1\">\n<div class=\"magic-9\">Vitesse d'\u00e9tanch\u00e9it\u00e9<\/div>\n<\/td>\n<td colspan=\"1\" rowspan=\"1\">\n<div class=\"magic-10\">1-4 fois\/minutes<\/div>\n<\/td>\n<\/tr>\n<tr>\n<td colspan=\"1\" rowspan=\"1\">\n<div class=\"magic-9\">Taille de la salle de travail<\/div>\n<\/td>\n<td colspan=\"1\" rowspan=\"1\">\n<div class=\"magic-10\">L520\u00d7L540\u00d7H80mm<\/div>\n<\/td>\n<\/tr>\n<tr>\n<td colspan=\"1\" rowspan=\"1\">\n<div class=\"magic-9\">Longueur d'\u00e9tanch\u00e9it\u00e9<\/div>\n<\/td>\n<td colspan=\"1\" rowspan=\"1\">\n<div class=\"magic-10\">500*10mm<\/div>\n<\/td>\n<\/tr>\n<tr>\n<td colspan=\"1\" rowspan=\"1\">\n<div class=\"magic-9\">CODE SH<\/div>\n<\/td>\n<td colspan=\"1\" rowspan=\"1\">\n<div class=\"magic-10\">8422400000<\/div>\n<\/td>\n<\/tr>\n<tr>\n<td colspan=\"1\" rowspan=\"1\">\n<div class=\"magic-9\">Poids<\/div>\n<\/td>\n<td colspan=\"1\" rowspan=\"1\">\n<div class=\"magic-10\">120 kg<\/div>\n<\/td>\n<\/tr>\n<tr>\n<td colspan=\"1\" rowspan=\"1\">\n<div class=\"magic-9\">Taille ext\u00e9rieure<\/div>\n<\/td>\n<td colspan=\"1\" rowspan=\"1\">\n<div class=\"magic-10\">L760\u00d7L700\u00d7H1050mm<\/div>\n<\/td>\n<\/tr>\n<\/tbody>\n<\/table>\n<\/div>\n<\/div>\n<div class=\"J_module\">\n<div class=\"icbu-pc-images magic-11\">\n<div>\n<div class=\"flex-layout-v\">\n<div class=\"flex-layout-h magic-11\">\n<div class=\"magic-12\"><img decoding=\"async\" class=\"aligncenter\" src=\"https:\/\/sc02.alicdn.com\/kf\/HTB1qbuhaTHuK1RkSndVq6xVwpXa5\/64496\/HTB1qbuhaTHuK1RkSndVq6xVwpXa5.jpg\" \/><\/div>\n<\/div>\n<\/div>\n<\/div>\n<\/div>\n<\/div>\n<div class=\"J_module\">\n<div class=\"icbu-pc-images magic-11\">\n<div>\n<div class=\"flex-layout-v\">\n<div class=\"flex-layout-h magic-11\">\n<div class=\"magic-14\"><img decoding=\"async\" class=\"aligncenter\" src=\"https:\/\/sc01.alicdn.com\/kf\/HTB1uWekaUrrK1RkSne1q6ArVVXau\/64496\/HTB1uWekaUrrK1RkSne1q6ArVVXau.jpg\" \/><\/div>\n<div class=\"magic-16\"><img decoding=\"async\" class=\"aligncenter\" src=\"https:\/\/sc01.alicdn.com\/kf\/HTB1p6ifaIrrK1RjSspaq6AREXXaZ\/64496\/HTB1p6ifaIrrK1RjSspaq6AREXXaZ.jpg\" \/><\/div>\n<div class=\"magic-16\"><img decoding=\"async\" class=\"aligncenter\" src=\"https:\/\/sc01.alicdn.com\/kf\/HTB1VGikaUrrK1RkSne1q6ArVVXat\/64496\/HTB1VGikaUrrK1RkSne1q6ArVVXat.jpg\" \/><\/div>\n<\/div>\n<\/div>\n<\/div>\n<\/div>\n<\/div>\n<div class=\"J_module\">\n<div class=\"icbu-pc-images magic-11\">\n<div>\n<div class=\"flex-layout-v\">\n<div class=\"flex-layout-h magic-11\">\n<div class=\"magic-19\"><img decoding=\"async\" class=\"aligncenter\" src=\"https:\/\/sc02.alicdn.com\/kf\/HTB1a2adaOnrK1RjSsziq6xptpXaj\/64496\/HTB1a2adaOnrK1RjSsziq6xptpXaj.jpg\" \/><\/div>\n<\/div>\n<\/div>\n<\/div>\n<\/div>\n<\/div>\n<div class=\"J_module\">\n<div class=\"icbu-pc-images magic-11\">\n<div>\n<div class=\"flex-layout-v\">\n<div class=\"magic-21\"><img decoding=\"async\" class=\"aligncenter\" src=\"https:\/\/sc02.alicdn.com\/kf\/HTB1AHKqaPnuK1RkSmFPq6AuzFXaI\/64496\/HTB1AHKqaPnuK1RkSmFPq6AuzFXaI.jpg\" \/><\/div>\n<div class=\"flex-layout-h magic-11\">\n<div class=\"magic-23\"><img decoding=\"async\" class=\"aligncenter\" src=\"https:\/\/sc01.alicdn.com\/kf\/HTB1JyOfaIrrK1RjSspaq6AREXXa2\/64496\/HTB1JyOfaIrrK1RjSspaq6AREXXa2.jpg\" \/><\/div>\n<div class=\"magic-25\"><img decoding=\"async\" class=\"aligncenter\" src=\"https:\/\/sc01.alicdn.com\/kf\/HTB1qKOhaNrvK1RjSszeq6yObFXaj\/64496\/HTB1qKOhaNrvK1RjSszeq6yObFXaj.jpg\" \/><\/div>\n<\/div>\n<\/div>\n<\/div>\n<\/div>\n<\/div>\n<div class=\"J_module\">\n<div class=\"icbu-pc-images magic-11\">\n<div>\n<div class=\"flex-layout-v\">\n<div class=\"flex-layout-h magic-11\">\n<div class=\"magic-27\"><img decoding=\"async\" class=\"aligncenter\" src=\"https:\/\/sc02.alicdn.com\/kf\/HTB16hV9aUvrK1RjSspcq6zzSXXaM\/64496\/HTB16hV9aUvrK1RjSspcq6zzSXXaM.jpg\" \/><\/div>\n<\/div>\n<\/div>\n<\/div>\n<\/div>\n<\/div>\n<\/div>","protected":false},"excerpt":{"rendered":"<ul>\n<li class=\"magic-9\">Power source: 220V\/50Hz<\/li>\n<li class=\"magic-9\">Power: 1.6KW<\/li>\n<li class=\"magic-9\">Sealing speed: 1-4 times\/mins<\/li>\n<li class=\"magic-9\">Work room size: 1.71 \u00d7 1.77 \u00d7 0.26 ft<\/li>\n<li class=\"magic-9\">Sealing length: 1.64 \u00d7 0.03 ft<\/li>\n<\/ul>","protected":false},"featured_media":3170,"comment_status":"closed","ping_status":"closed","template":"","meta":[],"product_brand":[],"product_cat":[100],"product_tag":[],"class_list":{"0":"post-3169","1":"product","2":"type-product","3":"status-publish","4":"has-post-thumbnail","6":"product_cat-vacuum-packing-machines","8":"first","9":"instock","10":"sale","11":"purchasable","12":"product-type-simple"},"yoast_head":"<!-- This site is optimized with the Yoast SEO Premium plugin v20.9 (Yoast SEO v26.5) - https:\/\/yoast.com\/wordpress\/plugins\/seo\/ -->\n<title>DZ500-2D Single Chamber Vacuum Packaging Machine - ALF PACK<\/title>\n<meta name=\"robots\" content=\"index, follow, max-snippet:-1, max-image-preview:large, max-video-preview:-1\" \/>\n<link rel=\"canonical\" href=\"https:\/\/alfequipment.com\/fr\/product\/dz500-2d-machine-demballage-sous-vide-a-chambre-unique\/\" \/>\n<meta property=\"og:locale\" content=\"fr_FR\" \/>\n<meta property=\"og:type\" content=\"article\" \/>\n<meta property=\"og:title\" content=\"DZ500-2D Single Chamber Vacuum Packaging Machine\" \/>\n<meta property=\"og:description\" content=\"Power source: 220V\/50Hz  Power: 1.6KW  Sealing speed: 1-4 times\/mins  Work room size: 1.71 \u00d7 1.77 \u00d7 0.26 ft  Sealing length: 1.64 \u00d7 0.03 ft\" \/>\n<meta property=\"og:url\" content=\"https:\/\/alfequipment.com\/fr\/product\/dz500-2d-machine-demballage-sous-vide-a-chambre-unique\/\" \/>\n<meta property=\"og:site_name\" content=\"ALF PACK\" \/>\n<meta property=\"article:modified_time\" content=\"2025-12-21T12:11:30+00:00\" \/>\n<meta property=\"og:image\" content=\"https:\/\/alfequipment.com\/wp-content\/uploads\/2025\/01\/H9286b8796d0b4f41a787f1bcae6cb85bi.jpg\" \/>\n\t<meta property=\"og:image:width\" content=\"800\" \/>\n\t<meta property=\"og:image:height\" content=\"800\" \/>\n\t<meta property=\"og:image:type\" content=\"image\/webp\" \/>\n<meta name=\"twitter:card\" content=\"summary_large_image\" \/>\n<meta name=\"twitter:label1\" content=\"Dur\u00e9e de lecture estim\u00e9e\" \/>\n\t<meta name=\"twitter:data1\" content=\"3 minutes\" \/>\n<script type=\"application\/ld+json\" class=\"yoast-schema-graph\">{\"@context\":\"https:\/\/schema.org\",\"@graph\":[{\"@type\":\"WebPage\",\"@id\":\"https:\/\/alfequipment.com\/product\/dz500-2d-single-chamber-vacuum-packaging-machine\/\",\"url\":\"https:\/\/alfequipment.com\/product\/dz500-2d-single-chamber-vacuum-packaging-machine\/\",\"name\":\"DZ500-2D Single Chamber Vacuum Packaging Machine - ALF PACK\",\"isPartOf\":{\"@id\":\"https:\/\/alfequipment.com\/#website\"},\"primaryImageOfPage\":{\"@id\":\"https:\/\/alfequipment.com\/product\/dz500-2d-single-chamber-vacuum-packaging-machine\/#primaryimage\"},\"image\":{\"@id\":\"https:\/\/alfequipment.com\/product\/dz500-2d-single-chamber-vacuum-packaging-machine\/#primaryimage\"},\"thumbnailUrl\":\"https:\/\/alfequipment.com\/wp-content\/uploads\/2025\/01\/H9286b8796d0b4f41a787f1bcae6cb85bi.jpg\",\"datePublished\":\"2025-01-12T03:32:33+00:00\",\"dateModified\":\"2025-12-21T12:11:30+00:00\",\"breadcrumb\":{\"@id\":\"https:\/\/alfequipment.com\/product\/dz500-2d-single-chamber-vacuum-packaging-machine\/#breadcrumb\"},\"inLanguage\":\"fr-FR\",\"potentialAction\":[{\"@type\":\"ReadAction\",\"target\":[\"https:\/\/alfequipment.com\/product\/dz500-2d-single-chamber-vacuum-packaging-machine\/\"]}]},{\"@type\":\"ImageObject\",\"inLanguage\":\"fr-FR\",\"@id\":\"https:\/\/alfequipment.com\/product\/dz500-2d-single-chamber-vacuum-packaging-machine\/#primaryimage\",\"url\":\"https:\/\/alfequipment.com\/wp-content\/uploads\/2025\/01\/H9286b8796d0b4f41a787f1bcae6cb85bi.jpg\",\"contentUrl\":\"https:\/\/alfequipment.com\/wp-content\/uploads\/2025\/01\/H9286b8796d0b4f41a787f1bcae6cb85bi.jpg\",\"width\":800,\"height\":800},{\"@type\":\"BreadcrumbList\",\"@id\":\"https:\/\/alfequipment.com\/product\/dz500-2d-single-chamber-vacuum-packaging-machine\/#breadcrumb\",\"itemListElement\":[{\"@type\":\"ListItem\",\"position\":1,\"name\":\"Home\",\"item\":\"https:\/\/alfequipment.com\/\"},{\"@type\":\"ListItem\",\"position\":2,\"name\":\"Shop\",\"item\":\"https:\/\/alfequipment.com\/shop\/\"},{\"@type\":\"ListItem\",\"position\":3,\"name\":\"DZ500-2D Single Chamber Vacuum Packaging Machine\"}]},{\"@type\":\"WebSite\",\"@id\":\"https:\/\/alfequipment.com\/#website\",\"url\":\"https:\/\/alfequipment.com\/\",\"name\":\"ALF PACK\",\"description\":\"\",\"publisher\":{\"@id\":\"https:\/\/alfequipment.com\/#organization\"},\"potentialAction\":[{\"@type\":\"SearchAction\",\"target\":{\"@type\":\"EntryPoint\",\"urlTemplate\":\"https:\/\/alfequipment.com\/?s={search_term_string}\"},\"query-input\":{\"@type\":\"PropertyValueSpecification\",\"valueRequired\":true,\"valueName\":\"search_term_string\"}}],\"inLanguage\":\"fr-FR\"},{\"@type\":\"Organization\",\"@id\":\"https:\/\/alfequipment.com\/#organization\",\"name\":\"ALF PACK\",\"url\":\"https:\/\/alfequipment.com\/\",\"logo\":{\"@type\":\"ImageObject\",\"inLanguage\":\"fr-FR\",\"@id\":\"https:\/\/alfequipment.com\/#\/schema\/logo\/image\/\",\"url\":\"https:\/\/alfequipment.com\/wp-content\/uploads\/2024\/11\/ALFlogo-2.webp\",\"contentUrl\":\"https:\/\/alfequipment.com\/wp-content\/uploads\/2024\/11\/ALFlogo-2.webp\",\"width\":758,\"height\":750,\"caption\":\"ALF PACK\"},\"image\":{\"@id\":\"https:\/\/alfequipment.com\/#\/schema\/logo\/image\/\"}}]}<\/script>\n<!-- \/ Yoast SEO Premium plugin. -->","yoast_head_json":{"title":"Machine \u00e0 emballer sous vide \u00e0 chambre unique DZ500-2D - ALF PACK","robots":{"index":"index","follow":"follow","max-snippet":"max-snippet:-1","max-image-preview":"max-image-preview:large","max-video-preview":"max-video-preview:-1"},"canonical":"https:\/\/alfequipment.com\/fr\/product\/dz500-2d-machine-demballage-sous-vide-a-chambre-unique\/","og_locale":"fr_FR","og_type":"article","og_title":"DZ500-2D Single Chamber Vacuum Packaging Machine","og_description":"Power source: 220V\/50Hz  Power: 1.6KW  Sealing speed: 1-4 times\/mins  Work room size: 1.71 \u00d7 1.77 \u00d7 0.26 ft  Sealing length: 1.64 \u00d7 0.03 ft","og_url":"https:\/\/alfequipment.com\/fr\/product\/dz500-2d-machine-demballage-sous-vide-a-chambre-unique\/","og_site_name":"ALF PACK","article_modified_time":"2025-12-21T12:11:30+00:00","og_image":[{"width":800,"height":800,"url":"https:\/\/alfequipment.com\/wp-content\/uploads\/2025\/01\/H9286b8796d0b4f41a787f1bcae6cb85bi.jpg","type":"image\/webp"}],"twitter_card":"summary_large_image","twitter_misc":{"Dur\u00e9e de lecture estim\u00e9e":"3 minutes"},"schema":{"@context":"https:\/\/schema.org","@graph":[{"@type":"WebPage","@id":"https:\/\/alfequipment.com\/product\/dz500-2d-single-chamber-vacuum-packaging-machine\/","url":"https:\/\/alfequipment.com\/product\/dz500-2d-single-chamber-vacuum-packaging-machine\/","name":"Machine \u00e0 emballer sous vide \u00e0 chambre unique DZ500-2D - ALF PACK","isPartOf":{"@id":"https:\/\/alfequipment.com\/#website"},"primaryImageOfPage":{"@id":"https:\/\/alfequipment.com\/product\/dz500-2d-single-chamber-vacuum-packaging-machine\/#primaryimage"},"image":{"@id":"https:\/\/alfequipment.com\/product\/dz500-2d-single-chamber-vacuum-packaging-machine\/#primaryimage"},"thumbnailUrl":"https:\/\/alfequipment.com\/wp-content\/uploads\/2025\/01\/H9286b8796d0b4f41a787f1bcae6cb85bi.jpg","datePublished":"2025-01-12T03:32:33+00:00","dateModified":"2025-12-21T12:11:30+00:00","breadcrumb":{"@id":"https:\/\/alfequipment.com\/product\/dz500-2d-single-chamber-vacuum-packaging-machine\/#breadcrumb"},"inLanguage":"fr-FR","potentialAction":[{"@type":"ReadAction","target":["https:\/\/alfequipment.com\/product\/dz500-2d-single-chamber-vacuum-packaging-machine\/"]}]},{"@type":"ImageObject","inLanguage":"fr-FR","@id":"https:\/\/alfequipment.com\/product\/dz500-2d-single-chamber-vacuum-packaging-machine\/#primaryimage","url":"https:\/\/alfequipment.com\/wp-content\/uploads\/2025\/01\/H9286b8796d0b4f41a787f1bcae6cb85bi.jpg","contentUrl":"https:\/\/alfequipment.com\/wp-content\/uploads\/2025\/01\/H9286b8796d0b4f41a787f1bcae6cb85bi.jpg","width":800,"height":800},{"@type":"BreadcrumbList","@id":"https:\/\/alfequipment.com\/product\/dz500-2d-single-chamber-vacuum-packaging-machine\/#breadcrumb","itemListElement":[{"@type":"ListItem","position":1,"name":"Home","item":"https:\/\/alfequipment.com\/"},{"@type":"ListItem","position":2,"name":"Shop","item":"https:\/\/alfequipment.com\/shop\/"},{"@type":"ListItem","position":3,"name":"DZ500-2D Single Chamber Vacuum Packaging Machine"}]},{"@type":"WebSite","@id":"https:\/\/alfequipment.com\/#website","url":"https:\/\/alfequipment.com\/","name":"PACK ALF","description":"","publisher":{"@id":"https:\/\/alfequipment.com\/#organization"},"potentialAction":[{"@type":"SearchAction","target":{"@type":"EntryPoint","urlTemplate":"https:\/\/alfequipment.com\/?s={search_term_string}"},"query-input":{"@type":"PropertyValueSpecification","valueRequired":true,"valueName":"search_term_string"}}],"inLanguage":"fr-FR"},{"@type":"Organization","@id":"https:\/\/alfequipment.com\/#organization","name":"PACK ALF","url":"https:\/\/alfequipment.com\/","logo":{"@type":"ImageObject","inLanguage":"fr-FR","@id":"https:\/\/alfequipment.com\/#\/schema\/logo\/image\/","url":"https:\/\/alfequipment.com\/wp-content\/uploads\/2024\/11\/ALFlogo-2.webp","contentUrl":"https:\/\/alfequipment.com\/wp-content\/uploads\/2024\/11\/ALFlogo-2.webp","width":758,"height":750,"caption":"ALF PACK"},"image":{"@id":"https:\/\/alfequipment.com\/#\/schema\/logo\/image\/"}}]}},"_links":{"self":[{"href":"https:\/\/alfequipment.com\/fr\/wp-json\/wp\/v2\/product\/3169","targetHints":{"allow":["GET"]}}],"collection":[{"href":"https:\/\/alfequipment.com\/fr\/wp-json\/wp\/v2\/product"}],"about":[{"href":"https:\/\/alfequipment.com\/fr\/wp-json\/wp\/v2\/types\/product"}],"replies":[{"embeddable":true,"href":"https:\/\/alfequipment.com\/fr\/wp-json\/wp\/v2\/comments?post=3169"}],"version-history":[{"count":0,"href":"https:\/\/alfequipment.com\/fr\/wp-json\/wp\/v2\/product\/3169\/revisions"}],"wp:featuredmedia":[{"embeddable":true,"href":"https:\/\/alfequipment.com\/fr\/wp-json\/wp\/v2\/media\/3170"}],"wp:attachment":[{"href":"https:\/\/alfequipment.com\/fr\/wp-json\/wp\/v2\/media?parent=3169"}],"wp:term":[{"taxonomy":"product_brand","embeddable":true,"href":"https:\/\/alfequipment.com\/fr\/wp-json\/wp\/v2\/product_brand?post=3169"},{"taxonomy":"product_cat","embeddable":true,"href":"https:\/\/alfequipment.com\/fr\/wp-json\/wp\/v2\/product_cat?post=3169"},{"taxonomy":"product_tag","embeddable":true,"href":"https:\/\/alfequipment.com\/fr\/wp-json\/wp\/v2\/product_tag?post=3169"}],"curies":[{"name":"wp","href":"https:\/\/api.w.org\/{rel}","templated":true}]}}