{"id":3175,"date":"2024-12-23T02:58:08","date_gmt":"2024-12-23T02:58:08","guid":{"rendered":"https:\/\/alfequipment.com\/product\/dql4518s-automatic-side-sealer-sealing-machine-and-dsc4525l-shrink-tunnel-packager\/"},"modified":"2025-01-14T02:48:49","modified_gmt":"2025-01-14T02:48:49","slug":"dql4518s-scelleuse-laterale-automatique-et-dsc4525l-tunnel-de-retraction","status":"publish","type":"product","link":"https:\/\/alfequipment.com\/fr\/product\/dql4518s-scelleuse-laterale-automatique-et-dsc4525l-tunnel-de-retraction\/","title":{"rendered":"DQL4518S Scelleuse lat\u00e9rale automatique et DSC4525L Tunnel de r\u00e9traction"},"content":{"rendered":"<div data-magic-global=\"%7B%22bizId%22%3A17179933680%2C%22pageId%22%3A21034659019%2C%22siteId%22%3A5005331025%7D\" id=\"detail_decorate_root\">\n<div module-id=\"28029401618\" module-title=\"detailProductNavigation\" render=\"true\" class=\"J_module\">\n<div id=\"ali-anchor-AliMagic-thk72z\" data-section=\"AliMagic-thk72z\" data-section-title=\"Product Description\" class=\"magic-0\"><\/div>\n<\/div>\n<div module-id=\"28029401619\" module-title=\"detailTextWithTitle\" render=\"true\" class=\"J_module\">\n<div class=\"detail-decorate-json-renderer-container\">\n<div class=\"magic-1\">\n<div class=\"magic-4\">\n<div class=\"magic-5\">\n<div class=\"magic-6\">\n<p class=\"magic-7\">Le DQL-4518S fonctionne de la m\u00eame mani\u00e8re que le DQL-5545G ci-dessus. La diff\u00e9rence est que sur cette machine, les bo\u00eetes\/produits peuvent \u00eatre de longueurs al\u00e9atoires. Le m\u00e9canisme de scellage lat\u00e9ral est continu alors que la DQL-5545G dispose d'un scellage en L. Cette machine est id\u00e9ale pour emballer des cadres photo, des plaques d'aluminium, des tuyaux en plastique, des plinthes, des produits en bois, etc. Le tunnel de r\u00e9traction id\u00e9al pour la DQL-4518S est le DSC4525L qui utilise un syst\u00e8me avanc\u00e9 de circulation d'air chaud pour des r\u00e9sultats de r\u00e9traction sup\u00e9rieurs et la vitesse du convoyeur peut \u00eatre r\u00e9gl\u00e9e \u00e0 la vitesse appropri\u00e9e pour la ligne.<\/p>\n<\/p><\/div>\n<\/p><\/div>\n<\/p><\/div>\n<\/p><\/div>\n<\/p><\/div>\n<\/p><\/div>\n<div module-id=\"28029401620\" module-title=\"detailTableHightLight\" render=\"true\" class=\"J_module\">\n<div class=\"ife-detail-decorate-table\">\n<table class=\"all magic-8\">\n<tbody>\n<tr>\n<td colspan=\"1\" rowspan=\"1\">\n<div class=\"magic-9\">\n        Mod\u00e8le\n       <\/div>\n<\/td>\n<td colspan=\"1\" rowspan=\"1\">\n<div class=\"magic-10\">\n        DQL4518S\n       <\/div>\n<\/td>\n<td colspan=\"1\" rowspan=\"1\">\n<div class=\"magic-11\">\n        DSC4525L\n       <\/div>\n<\/td>\n<\/tr>\n<tr>\n<td colspan=\"1\" rowspan=\"1\">\n<div class=\"magic-9\">\n        Taille maximale de l'emballage (\u00e3)\n       <\/div>\n<\/td>\n<td colspan=\"1\" rowspan=\"1\">\n<div class=\"magic-10\">\n        L \u221e, W\u2264380,H\u2264160\n       <\/div>\n<\/td>\n<td colspan=\"1\" rowspan=\"1\">\n<div class=\"magic-11\">\n        W450xH250\n       <\/div>\n<\/td>\n<\/tr>\n<tr>\n<td colspan=\"1\" rowspan=\"1\">\n<div class=\"magic-9\">\n        Taille maximale d'\u00e9tanch\u00e9it\u00e9 (\u00e3)\n       <\/div>\n<\/td>\n<td colspan=\"1\" rowspan=\"1\">\n<div class=\"magic-10\">\n        W450\n       <\/div>\n<\/td>\n<td colspan=\"1\" rowspan=\"1\">\n<div class=\"magic-11\">\n        \/\n       <\/div>\n<\/td>\n<\/tr>\n<tr>\n<td colspan=\"1\" rowspan=\"1\">\n<div class=\"magic-9\">\n        Puissance (KW)\n       <\/div>\n<\/td>\n<td colspan=\"1\" rowspan=\"1\">\n<div class=\"magic-10\">\n        2.5\n       <\/div>\n<\/td>\n<td colspan=\"1\" rowspan=\"1\">\n<div class=\"magic-11\">\n        11.7\n       <\/div>\n<\/td>\n<\/tr>\n<tr>\n<td colspan=\"1\" rowspan=\"1\">\n<div class=\"magic-9\">\n        Capacit\u00e9\n       <\/div>\n<\/td>\n<td colspan=\"1\" rowspan=\"1\">\n<div class=\"magic-10\">\n        0-35 pcs\/min\n       <\/div>\n<\/td>\n<td colspan=\"1\" rowspan=\"1\">\n<div class=\"magic-11\">\n        0-12 m\/min\n       <\/div>\n<\/td>\n<\/tr>\n<tr>\n<td colspan=\"1\" rowspan=\"1\">\n<div class=\"magic-9\">\n        Tension\n       <\/div>\n<\/td>\n<td colspan=\"1\" rowspan=\"1\">\n<div class=\"magic-10\">\n        220V 50\/60HZ\n       <\/div>\n<\/td>\n<td colspan=\"1\" rowspan=\"1\">\n<div class=\"magic-11\">\n        380V 50HZ\/60HZ\n       <\/div>\n<\/td>\n<\/tr>\n<tr>\n<td colspan=\"1\" rowspan=\"1\">\n<div class=\"magic-9\">\n        Temp\u00e9rature de scellement\n       <\/div>\n<\/td>\n<td colspan=\"2\" rowspan=\"1\">\n<div class=\"magic-12\">\n        180\u00e2-250\u00e2 en fonction de l'\u00e9paisseur du film et de la temp\u00e9rature ambiante\n       <\/div>\n<\/td>\n<td rowspan=\"0\" class=\"magic-13\">\n<div class=\"magic-9\"><\/div>\n<\/td>\n<\/tr>\n<tr>\n<td colspan=\"1\" rowspan=\"1\">\n<div class=\"magic-9\">\n        \u00c9paisseur du film (mm)\n       <\/div>\n<\/td>\n<td colspan=\"2\" rowspan=\"1\">\n<div class=\"magic-12\">\n        0.015-0.05\n       <\/div>\n<\/td>\n<td rowspan=\"0\" class=\"magic-13\">\n<div class=\"magic-9\"><\/div>\n<\/td>\n<\/tr>\n<tr>\n<td colspan=\"1\" rowspan=\"1\">\n<div class=\"magic-9\">\n        Pression atmosph\u00e9rique (Kg\/cm2) )\n       <\/div>\n<\/td>\n<td colspan=\"2\" rowspan=\"1\">\n<div class=\"magic-12\">\n        5-6\n       <\/div>\n<\/td>\n<td rowspan=\"0\" class=\"magic-13\">\n<div class=\"magic-9\"><\/div>\n<\/td>\n<\/tr>\n<tr>\n<td colspan=\"1\" rowspan=\"1\">\n<div class=\"magic-9\">\n        Mat\u00e9riau d'emballage\n       <\/div>\n<\/td>\n<td colspan=\"2\" rowspan=\"1\">\n<div class=\"magic-12\">\n        POF\n       <\/div>\n<\/td>\n<td rowspan=\"0\" class=\"magic-13\">\n<div class=\"magic-9\"><\/div>\n<\/td>\n<\/tr>\n<tr>\n<td colspan=\"1\" rowspan=\"1\">\n<div class=\"magic-9\">\n        Poids de la machine (\u00e3)\n       <\/div>\n<\/td>\n<td colspan=\"1\" rowspan=\"1\">\n<div class=\"magic-10\">\n        350\n       <\/div>\n<\/td>\n<td colspan=\"1\" rowspan=\"1\">\n<div class=\"magic-11\">\n        250\n       <\/div>\n<\/td>\n<\/tr>\n<tr>\n<td colspan=\"1\" rowspan=\"1\">\n<div class=\"magic-9\">\n        Taille de la machine (\u00e3)\n       <\/div>\n<\/td>\n<td colspan=\"1\" rowspan=\"1\">\n<div class=\"magic-10\">\n        L1800\u00d7W950\u00d7H1580\n       <\/div>\n<\/td>\n<td colspan=\"1\" rowspan=\"1\">\n<div class=\"magic-11\">\n        L1800\u00d7W705\u00d7H1260\n       <\/div>\n<\/td>\n<\/tr>\n<\/tbody>\n<\/table><\/div>\n<\/p><\/div>\n<div module-id=\"28029401622\" module-title=\"detailTextWithTitle\" render=\"true\" class=\"J_module\">\n<div class=\"detail-decorate-json-renderer-container\">\n<div class=\"magic-1\">\n<h3 class=\"magic-2\"><\/h3>\n<h3 class=\"magic-14\">Caract\u00e9ristiques principales<\/h3>\n<div class=\"magic-4\">\n<div class=\"magic-5\">\n<div class=\"magic-6\">\n<p class=\"magic-7\">I.DQL4518S caract\u00e9ristique du scellement lat\u00e9ral :<br \/>1. DQL4518S est une machine automatique \u00e0 sceller les c\u00f4t\u00e9s d\u00e9velopp\u00e9e par nos soins. Elle est utilis\u00e9e dans les lignes de production d'emballage de grande capacit\u00e9, l'alimentation, le transport, l'entr\u00e9e du sac, le scellage peuvent \u00eatre termin\u00e9s en m\u00eame temps, elle a une grande efficacit\u00e9 de travail.<\/p>\n<p>2. le scellement vertical adopte une structure de support de haute qualit\u00e9 et un guidage lin\u00e9aire bilat\u00e9ral pour \u00e9quilibrer la pression de scellement, le cadre ne sera pas endommag\u00e9 facilement. Le couteau de scellage adopte un alliage de cuivre pulv\u00e9ris\u00e9 avec du t\u00e9flon, il ne colle pas au film, le scellage est rapide, sans fum\u00e9e, non polluant.<\/p>\n<p>3. le scellage lat\u00e9ral adopte un couteau de scellage \u00e0 temp\u00e9rature constante, la partie scell\u00e9e est droite et solide, il n'y a pas de limite \u00e0 la longueur de l'objet \u00e0 emballer. La courroie d'alimentation du film adopte une courroie large et \u00e9paisse, sa dur\u00e9e de vie est longue et il est facile de la remplacer.<\/p>\n<p>4. la machine adopte le contr\u00f4leur PLC \"Omrom\", <\/p>\n<p>5.Il est \u00e9quip\u00e9 d'un capteur photo \"Panasonic\" pour atteindre une vitesse \u00e9lev\u00e9e et un fonctionnement automatique.<\/p>\n<p>6. le contr\u00f4leur de temp\u00e9rature \"Omron\" garantit l'erreur de temp\u00e9rature de scellage et le d\u00e9lai de contr\u00f4le de scellage \"Omron\" est pr\u00e9cis.<\/p>\n<p>7. la conception internationale avanc\u00e9e du dispositif de perforation garantit un fonctionnement stable<\/p>\n<p>8. filtre \u00e0 air \"Airtach\" pour assurer une source d'air suffisante pour la machine<\/p>\n<p>9. \u00e9quip\u00e9 d'un \u00e9cran tactile, il est plus facile de modifier la taille.<\/p>\n<p>10.Il est dot\u00e9 d'une fonction de protection pour \u00e9viter de mal sceller le produit et garantir la s\u00e9curit\u00e9 de l'op\u00e9rateur.<\/p>\n<p>11. conception agr\u00e9able du cylindre qui ajuste la distance d'ouverture des deux barres d'\u00e9tanch\u00e9it\u00e9.<\/p>\n<p>II. Caract\u00e9ristiques du tunnel de r\u00e9traction du DSC4525L :<br \/>1. le rouleau solide tourne avec la cha\u00eene de transport, en m\u00eame temps le rouleau solide tourne de lui-m\u00eame, l'effet d'\u00e9tanch\u00e9it\u00e9 du c\u00f4t\u00e9 inf\u00e9rieur de l'objet n'est pas affect\u00e9 par le rouleau, l'effet d'\u00e9tanch\u00e9it\u00e9 de chaque c\u00f4t\u00e9 est ferme.<\/p>\n<p>2. il adopte un moteur de ventilateur \u00e0 haute puissance pour assurer un vent suffisamment fort afin d'obtenir un effet d'emballage parfait. <\/p>\n<p>3. il adopte un \u00e9l\u00e9ment chauffant de type spirale pour assurer un chauffage suffisant et une longue dur\u00e9e de vie.<\/p>\n<p>4. machine compl\u00e8te avec couvercle r\u00e9sistant au chauffage<\/p>\n<p>5. la fen\u00eatre d'inspection permet d'inspecter la situation de r\u00e9tr\u00e9cissement du produit et de l'ajuster plus facilement.<\/p>\n<\/p><\/div>\n<\/p><\/div>\n<\/p><\/div>\n<\/p><\/div>\n<\/p><\/div>\n<\/p><\/div>\n<div module-id=\"28029401624\" module-title=\"detailSingleImage\" render=\"true\" class=\"J_module\">\n<div class=\"icbu-pc-images magic-15\">\n<div>\n<div class=\"flex-layout-v\">\n<div class=\"flex-layout-h magic-15\">\n<div class=\"magic-16\">\n       <img decoding=\"async\" src=\"https:\/\/sc01.alicdn.com\/kf\/HTB1sGeFaPDuK1Rjy1zjq6zraFXax\/64496\/HTB1sGeFaPDuK1Rjy1zjq6zraFXax.jpg\" class=\"aligncenter\">\n      <\/div>\n<\/p><\/div>\n<\/p><\/div>\n<\/p><\/div>\n<\/p><\/div>\n<\/p><\/div>\n<div module-id=\"28029401626\" module-title=\"detailTwoImages\" render=\"true\" class=\"J_module\">\n<div class=\"icbu-pc-images magic-15\">\n<div>\n<div class=\"flex-layout-v\">\n<div class=\"flex-layout-h magic-15\">\n<div class=\"magic-18\">\n       <img decoding=\"async\" src=\"https:\/\/sc01.alicdn.com\/kf\/HTB1CNuBaOYrK1Rjy0Fdq6ACvVXak\/64496\/HTB1CNuBaOYrK1Rjy0Fdq6ACvVXak.jpg\" class=\"aligncenter\">\n      <\/div>\n<div class=\"magic-20\">\n       <img decoding=\"async\" src=\"https:\/\/sc01.alicdn.com\/kf\/HTB1Bi7lazzuK1RjSspeq6ziHVXan\/64496\/HTB1Bi7lazzuK1RjSspeq6ziHVXan.jpg\" class=\"aligncenter\">\n      <\/div>\n<\/p><\/div>\n<\/p><\/div>\n<\/p><\/div>\n<\/p><\/div>\n<\/p><\/div>\n<div module-id=\"28029401627\" module-title=\"detailTwoImages\" render=\"true\" class=\"J_module\">\n<div class=\"icbu-pc-images magic-15\">\n<div>\n<div class=\"flex-layout-v\">\n<div class=\"flex-layout-h magic-15\">\n<div class=\"magic-18\">\n       <img decoding=\"async\" src=\"https:\/\/sc01.alicdn.com\/kf\/HTB1arMbaEzrK1RjSspmq6AOdFXay\/64496\/HTB1arMbaEzrK1RjSspmq6AOdFXay.jpg\" class=\"aligncenter\">\n      <\/div>\n<div class=\"magic-20\">\n       <img decoding=\"async\" src=\"https:\/\/sc01.alicdn.com\/kf\/HTB1VYZbasfrK1Rjy1Xdq6yemFXaQ\/64496\/HTB1VYZbasfrK1Rjy1Xdq6yemFXaQ.jpg\" class=\"aligncenter\">\n      <\/div>\n<\/p><\/div>\n<\/p><\/div>\n<\/p><\/div>\n<\/p><\/div>\n<\/p><\/div>\n<div module-id=\"28029401629\" module-title=\"detailTwoImages\" render=\"true\" class=\"J_module\">\n<div class=\"icbu-pc-images magic-15\">\n<div>\n<div class=\"flex-layout-v\">\n<div class=\"flex-layout-h magic-15\">\n<div class=\"magic-18\">\n       <img decoding=\"async\" src=\"https:\/\/sc01.alicdn.com\/kf\/HTB1EW83aLfsK1RjSszbq6AqBXXao\/64496\/HTB1EW83aLfsK1RjSszbq6AqBXXao.jpg\" class=\"aligncenter\">\n      <\/div>\n<div class=\"magic-20\">\n       <img decoding=\"async\" src=\"https:\/\/sc02.alicdn.com\/kf\/HTB1IIVWaOrxK1RkHFCcq6AQCVXaA\/64496\/HTB1IIVWaOrxK1RkHFCcq6AQCVXaA.jpg\" class=\"aligncenter\">\n      <\/div>\n<\/p><\/div>\n<\/p><\/div>\n<\/p><\/div>\n<\/p><\/div>\n<\/p><\/div>\n<div module-id=\"28029401631\" module-title=\"detailSingleImage\" render=\"true\" class=\"J_module\">\n<div class=\"icbu-pc-images magic-15\">\n<div>\n<div class=\"flex-layout-v\">\n<div class=\"flex-layout-h magic-15\">\n<div class=\"magic-25\">\n       <img decoding=\"async\" src=\"https:\/\/sc02.alicdn.com\/kf\/HTB1eQV7aI_vK1RkSmRyq6xwupXaI\/64496\/HTB1eQV7aI_vK1RkSmRyq6xwupXaI.jpg\" class=\"aligncenter\">\n      <\/div>\n<\/p><\/div>\n<\/p><\/div>\n<\/p><\/div>\n<\/p><\/div>\n<\/p><\/div>\n<\/div>","protected":false},"excerpt":{"rendered":"<p>Tunnel de soudure lat\u00e9rale et de r\u00e9traction automatique<\/p>","protected":false},"featured_media":3176,"comment_status":"closed","ping_status":"open","template":"","meta":[],"product_brand":[],"product_cat":[122,97],"product_tag":[],"class_list":{"0":"post-3175","1":"product","2":"type-product","3":"status-publish","4":"has-post-thumbnail","6":"product_cat-l-type-sealer","7":"product_cat-sealing-machines","9":"first","10":"instock","11":"sale","12":"purchasable","13":"product-type-simple"},"yoast_head":"<!-- This site is optimized with the Yoast SEO Premium plugin v20.9 (Yoast SEO v26.5) - https:\/\/yoast.com\/wordpress\/plugins\/seo\/ -->\n<title>DQL4518S Automatic side Sealer sealing machine and DSC4525L Shrink tunnel packager - ALF PACK<\/title>\n<meta name=\"robots\" content=\"index, follow, max-snippet:-1, max-image-preview:large, max-video-preview:-1\" \/>\n<link rel=\"canonical\" href=\"https:\/\/alfequipment.com\/fr\/product\/dql4518s-scelleuse-laterale-automatique-et-dsc4525l-tunnel-de-retraction\/\" \/>\n<meta property=\"og:locale\" content=\"fr_FR\" \/>\n<meta property=\"og:type\" content=\"article\" \/>\n<meta property=\"og:title\" content=\"DQL4518S Automatic side Sealer sealing machine and DSC4525L Shrink tunnel packager\" \/>\n<meta property=\"og:description\" content=\"Automatic Side Sealer And Shrink Tunnel\" \/>\n<meta property=\"og:url\" content=\"https:\/\/alfequipment.com\/fr\/product\/dql4518s-scelleuse-laterale-automatique-et-dsc4525l-tunnel-de-retraction\/\" \/>\n<meta property=\"og:site_name\" content=\"ALF PACK\" \/>\n<meta property=\"article:modified_time\" content=\"2025-01-14T02:48:49+00:00\" \/>\n<meta property=\"og:image\" content=\"https:\/\/alfequipment.com\/wp-content\/uploads\/2025\/01\/H7c14bdd80a0440f8a9b7307d5cc04d51P.jpg\" \/>\n\t<meta property=\"og:image:width\" content=\"800\" \/>\n\t<meta property=\"og:image:height\" content=\"800\" \/>\n\t<meta property=\"og:image:type\" content=\"image\/webp\" \/>\n<meta name=\"twitter:card\" content=\"summary_large_image\" \/>\n<meta name=\"twitter:label1\" content=\"Dur\u00e9e de lecture estim\u00e9e\" \/>\n\t<meta name=\"twitter:data1\" content=\"2 minutes\" \/>\n<script type=\"application\/ld+json\" class=\"yoast-schema-graph\">{\"@context\":\"https:\/\/schema.org\",\"@graph\":[{\"@type\":\"WebPage\",\"@id\":\"https:\/\/alfequipment.com\/product\/dql4518s-automatic-side-sealer-sealing-machine-and-dsc4525l-shrink-tunnel-packager\/\",\"url\":\"https:\/\/alfequipment.com\/product\/dql4518s-automatic-side-sealer-sealing-machine-and-dsc4525l-shrink-tunnel-packager\/\",\"name\":\"DQL4518S Automatic side Sealer sealing machine and DSC4525L Shrink tunnel packager - ALF PACK\",\"isPartOf\":{\"@id\":\"https:\/\/alfequipment.com\/#website\"},\"primaryImageOfPage\":{\"@id\":\"https:\/\/alfequipment.com\/product\/dql4518s-automatic-side-sealer-sealing-machine-and-dsc4525l-shrink-tunnel-packager\/#primaryimage\"},\"image\":{\"@id\":\"https:\/\/alfequipment.com\/product\/dql4518s-automatic-side-sealer-sealing-machine-and-dsc4525l-shrink-tunnel-packager\/#primaryimage\"},\"thumbnailUrl\":\"https:\/\/alfequipment.com\/wp-content\/uploads\/2025\/01\/H7c14bdd80a0440f8a9b7307d5cc04d51P.jpg\",\"datePublished\":\"2024-12-23T02:58:08+00:00\",\"dateModified\":\"2025-01-14T02:48:49+00:00\",\"breadcrumb\":{\"@id\":\"https:\/\/alfequipment.com\/product\/dql4518s-automatic-side-sealer-sealing-machine-and-dsc4525l-shrink-tunnel-packager\/#breadcrumb\"},\"inLanguage\":\"fr-FR\",\"potentialAction\":[{\"@type\":\"ReadAction\",\"target\":[\"https:\/\/alfequipment.com\/product\/dql4518s-automatic-side-sealer-sealing-machine-and-dsc4525l-shrink-tunnel-packager\/\"]}]},{\"@type\":\"ImageObject\",\"inLanguage\":\"fr-FR\",\"@id\":\"https:\/\/alfequipment.com\/product\/dql4518s-automatic-side-sealer-sealing-machine-and-dsc4525l-shrink-tunnel-packager\/#primaryimage\",\"url\":\"https:\/\/alfequipment.com\/wp-content\/uploads\/2025\/01\/H7c14bdd80a0440f8a9b7307d5cc04d51P.jpg\",\"contentUrl\":\"https:\/\/alfequipment.com\/wp-content\/uploads\/2025\/01\/H7c14bdd80a0440f8a9b7307d5cc04d51P.jpg\",\"width\":800,\"height\":800},{\"@type\":\"BreadcrumbList\",\"@id\":\"https:\/\/alfequipment.com\/product\/dql4518s-automatic-side-sealer-sealing-machine-and-dsc4525l-shrink-tunnel-packager\/#breadcrumb\",\"itemListElement\":[{\"@type\":\"ListItem\",\"position\":1,\"name\":\"Home\",\"item\":\"https:\/\/alfequipment.com\/\"},{\"@type\":\"ListItem\",\"position\":2,\"name\":\"Shop\",\"item\":\"https:\/\/alfequipment.com\/shop\/\"},{\"@type\":\"ListItem\",\"position\":3,\"name\":\"DQL4518S Automatic side Sealer sealing machine and DSC4525L Shrink tunnel packager\"}]},{\"@type\":\"WebSite\",\"@id\":\"https:\/\/alfequipment.com\/#website\",\"url\":\"https:\/\/alfequipment.com\/\",\"name\":\"ALF PACK\",\"description\":\"\",\"publisher\":{\"@id\":\"https:\/\/alfequipment.com\/#organization\"},\"potentialAction\":[{\"@type\":\"SearchAction\",\"target\":{\"@type\":\"EntryPoint\",\"urlTemplate\":\"https:\/\/alfequipment.com\/?s={search_term_string}\"},\"query-input\":{\"@type\":\"PropertyValueSpecification\",\"valueRequired\":true,\"valueName\":\"search_term_string\"}}],\"inLanguage\":\"fr-FR\"},{\"@type\":\"Organization\",\"@id\":\"https:\/\/alfequipment.com\/#organization\",\"name\":\"ALF PACK\",\"url\":\"https:\/\/alfequipment.com\/\",\"logo\":{\"@type\":\"ImageObject\",\"inLanguage\":\"fr-FR\",\"@id\":\"https:\/\/alfequipment.com\/#\/schema\/logo\/image\/\",\"url\":\"https:\/\/alfequipment.com\/wp-content\/uploads\/2024\/11\/ALFlogo-2.webp\",\"contentUrl\":\"https:\/\/alfequipment.com\/wp-content\/uploads\/2024\/11\/ALFlogo-2.webp\",\"width\":758,\"height\":750,\"caption\":\"ALF PACK\"},\"image\":{\"@id\":\"https:\/\/alfequipment.com\/#\/schema\/logo\/image\/\"}}]}<\/script>\n<!-- \/ Yoast SEO Premium plugin. -->","yoast_head_json":{"title":"DQL4518S Scelleuse lat\u00e9rale automatique et DSC4525L Tunnel de r\u00e9traction - ALF PACK","robots":{"index":"index","follow":"follow","max-snippet":"max-snippet:-1","max-image-preview":"max-image-preview:large","max-video-preview":"max-video-preview:-1"},"canonical":"https:\/\/alfequipment.com\/fr\/product\/dql4518s-scelleuse-laterale-automatique-et-dsc4525l-tunnel-de-retraction\/","og_locale":"fr_FR","og_type":"article","og_title":"DQL4518S Automatic side Sealer sealing machine and DSC4525L Shrink tunnel packager","og_description":"Automatic Side Sealer And Shrink Tunnel","og_url":"https:\/\/alfequipment.com\/fr\/product\/dql4518s-scelleuse-laterale-automatique-et-dsc4525l-tunnel-de-retraction\/","og_site_name":"ALF PACK","article_modified_time":"2025-01-14T02:48:49+00:00","og_image":[{"width":800,"height":800,"url":"https:\/\/alfequipment.com\/wp-content\/uploads\/2025\/01\/H7c14bdd80a0440f8a9b7307d5cc04d51P.jpg","type":"image\/webp"}],"twitter_card":"summary_large_image","twitter_misc":{"Dur\u00e9e de lecture estim\u00e9e":"2 minutes"},"schema":{"@context":"https:\/\/schema.org","@graph":[{"@type":"WebPage","@id":"https:\/\/alfequipment.com\/product\/dql4518s-automatic-side-sealer-sealing-machine-and-dsc4525l-shrink-tunnel-packager\/","url":"https:\/\/alfequipment.com\/product\/dql4518s-automatic-side-sealer-sealing-machine-and-dsc4525l-shrink-tunnel-packager\/","name":"DQL4518S Scelleuse lat\u00e9rale automatique et DSC4525L Tunnel de r\u00e9traction - ALF PACK","isPartOf":{"@id":"https:\/\/alfequipment.com\/#website"},"primaryImageOfPage":{"@id":"https:\/\/alfequipment.com\/product\/dql4518s-automatic-side-sealer-sealing-machine-and-dsc4525l-shrink-tunnel-packager\/#primaryimage"},"image":{"@id":"https:\/\/alfequipment.com\/product\/dql4518s-automatic-side-sealer-sealing-machine-and-dsc4525l-shrink-tunnel-packager\/#primaryimage"},"thumbnailUrl":"https:\/\/alfequipment.com\/wp-content\/uploads\/2025\/01\/H7c14bdd80a0440f8a9b7307d5cc04d51P.jpg","datePublished":"2024-12-23T02:58:08+00:00","dateModified":"2025-01-14T02:48:49+00:00","breadcrumb":{"@id":"https:\/\/alfequipment.com\/product\/dql4518s-automatic-side-sealer-sealing-machine-and-dsc4525l-shrink-tunnel-packager\/#breadcrumb"},"inLanguage":"fr-FR","potentialAction":[{"@type":"ReadAction","target":["https:\/\/alfequipment.com\/product\/dql4518s-automatic-side-sealer-sealing-machine-and-dsc4525l-shrink-tunnel-packager\/"]}]},{"@type":"ImageObject","inLanguage":"fr-FR","@id":"https:\/\/alfequipment.com\/product\/dql4518s-automatic-side-sealer-sealing-machine-and-dsc4525l-shrink-tunnel-packager\/#primaryimage","url":"https:\/\/alfequipment.com\/wp-content\/uploads\/2025\/01\/H7c14bdd80a0440f8a9b7307d5cc04d51P.jpg","contentUrl":"https:\/\/alfequipment.com\/wp-content\/uploads\/2025\/01\/H7c14bdd80a0440f8a9b7307d5cc04d51P.jpg","width":800,"height":800},{"@type":"BreadcrumbList","@id":"https:\/\/alfequipment.com\/product\/dql4518s-automatic-side-sealer-sealing-machine-and-dsc4525l-shrink-tunnel-packager\/#breadcrumb","itemListElement":[{"@type":"ListItem","position":1,"name":"Home","item":"https:\/\/alfequipment.com\/"},{"@type":"ListItem","position":2,"name":"Shop","item":"https:\/\/alfequipment.com\/shop\/"},{"@type":"ListItem","position":3,"name":"DQL4518S Automatic side Sealer sealing machine and DSC4525L Shrink tunnel packager"}]},{"@type":"WebSite","@id":"https:\/\/alfequipment.com\/#website","url":"https:\/\/alfequipment.com\/","name":"PACK ALF","description":"","publisher":{"@id":"https:\/\/alfequipment.com\/#organization"},"potentialAction":[{"@type":"SearchAction","target":{"@type":"EntryPoint","urlTemplate":"https:\/\/alfequipment.com\/?s={search_term_string}"},"query-input":{"@type":"PropertyValueSpecification","valueRequired":true,"valueName":"search_term_string"}}],"inLanguage":"fr-FR"},{"@type":"Organization","@id":"https:\/\/alfequipment.com\/#organization","name":"PACK ALF","url":"https:\/\/alfequipment.com\/","logo":{"@type":"ImageObject","inLanguage":"fr-FR","@id":"https:\/\/alfequipment.com\/#\/schema\/logo\/image\/","url":"https:\/\/alfequipment.com\/wp-content\/uploads\/2024\/11\/ALFlogo-2.webp","contentUrl":"https:\/\/alfequipment.com\/wp-content\/uploads\/2024\/11\/ALFlogo-2.webp","width":758,"height":750,"caption":"ALF PACK"},"image":{"@id":"https:\/\/alfequipment.com\/#\/schema\/logo\/image\/"}}]}},"_links":{"self":[{"href":"https:\/\/alfequipment.com\/fr\/wp-json\/wp\/v2\/product\/3175","targetHints":{"allow":["GET"]}}],"collection":[{"href":"https:\/\/alfequipment.com\/fr\/wp-json\/wp\/v2\/product"}],"about":[{"href":"https:\/\/alfequipment.com\/fr\/wp-json\/wp\/v2\/types\/product"}],"replies":[{"embeddable":true,"href":"https:\/\/alfequipment.com\/fr\/wp-json\/wp\/v2\/comments?post=3175"}],"version-history":[{"count":0,"href":"https:\/\/alfequipment.com\/fr\/wp-json\/wp\/v2\/product\/3175\/revisions"}],"wp:featuredmedia":[{"embeddable":true,"href":"https:\/\/alfequipment.com\/fr\/wp-json\/wp\/v2\/media\/3176"}],"wp:attachment":[{"href":"https:\/\/alfequipment.com\/fr\/wp-json\/wp\/v2\/media?parent=3175"}],"wp:term":[{"taxonomy":"product_brand","embeddable":true,"href":"https:\/\/alfequipment.com\/fr\/wp-json\/wp\/v2\/product_brand?post=3175"},{"taxonomy":"product_cat","embeddable":true,"href":"https:\/\/alfequipment.com\/fr\/wp-json\/wp\/v2\/product_cat?post=3175"},{"taxonomy":"product_tag","embeddable":true,"href":"https:\/\/alfequipment.com\/fr\/wp-json\/wp\/v2\/product_tag?post=3175"}],"curies":[{"name":"wp","href":"https:\/\/api.w.org\/{rel}","templated":true}]}}