{"id":3177,"date":"2024-12-24T22:54:23","date_gmt":"2024-12-24T22:54:23","guid":{"rendered":"https:\/\/alfequipment.com\/product\/fr900l-horizontal-deepened-continuous-band-sealer-plastic-bag-sealing-machine-with-steel-printing\/"},"modified":"2025-01-13T15:00:39","modified_gmt":"2025-01-13T15:00:39","slug":"fr900l-horizontal-deepened-continuous-band-sealer-plastic-bag-seal-machine-with-steel-printing","status":"publish","type":"product","link":"https:\/\/alfequipment.com\/fr\/product\/fr900l-horizontal-deepened-continuous-band-sealer-plastic-bag-seal-machine-with-steel-printing\/","title":{"rendered":"FR900L Scelleuse horizontale \u00e0 bande continue avec impression en acier"},"content":{"rendered":"<div data-magic-global=\"%7B%22bizId%22%3A17179933680%2C%22pageId%22%3A20151256281%2C%22siteId%22%3A5005331025%7D\" id=\"detail_decorate_root\">\n<div module-id=\"24773306863\" module-title=\"detailProductNavigation\" render=\"true\" class=\"J_module\">\n<div id=\"ali-anchor-AliMagic-ey31se\" data-section=\"AliMagic-ey31se\" data-section-title=\"Product Description\" class=\"magic-0\"><\/div>\n<\/div>\n<div module-id=\"24773306864\" module-title=\"detailTextWithTitle\" render=\"true\" class=\"J_module\">\n<div class=\"detail-decorate-json-renderer-container\">\n<div class=\"magic-1\">\n<div class=\"magic-4\">\n<div class=\"magic-5\">\n<div class=\"magic-6\">\n<p class=\"magic-7\">Les scelleuses de film en continu de la s\u00e9rie FR assurent le transport, le scellage et l'impression en continu en une seule op\u00e9ration.&nbsp;<\/p>\n<p class=\"magic-7\">La machine peut \u00eatre construite horizontalement, verticalement ou avec des pieds de support.<\/p>\n<p class=\"magic-7\">Il adopte un m\u00e9canisme \u00e9lectronique de temp\u00e9rature constante et un moteur de transmission \u00e0 r\u00e9glage progressif de la vitesse.&nbsp;<\/p>\n<p class=\"magic-7\">Il peut sceller des films plastiques dans diff\u00e9rents types de mat\u00e9riaux.<\/p>\n<p class=\"magic-7\">Le FR900L peut sceller les sacs en profondeur. La distance maximale entre le haut du sac et la position de scellage est de 160 mm.<\/p>\n<\/p><\/div>\n<\/p><\/div>\n<\/p><\/div>\n<\/p><\/div>\n<\/p><\/div>\n<\/p><\/div>\n<div module-id=\"24773306865\" module-title=\"detailTextWithTitle\" render=\"true\" class=\"J_module\">\n<div class=\"detail-decorate-json-renderer-container\">\n<div class=\"magic-1\">\n<h3 class=\"magic-2\"><\/h3>\n<h3 class=\"magic-8\">Options (il faut les payer en plus) :<\/h3>\n<div class=\"magic-4\">\n<div class=\"magic-5\">\n<div class=\"magic-6\">\n<p class=\"magic-7\">1. Corps en acier inoxydable ;<br \/>2. Contr\u00f4leur de temp\u00e9rature intelligent.<\/p>\n<\/p><\/div>\n<\/p><\/div>\n<\/p><\/div>\n<\/p><\/div>\n<\/p><\/div>\n<\/p><\/div>\n<div module-id=\"24773306866\" module-title=\"detailTableHightLight\" render=\"true\" class=\"J_module\">\n<div class=\"ife-detail-decorate-table\">\n<table class=\"all magic-9\">\n<tbody>\n<tr>\n<td>\n<div class=\"magic-10\">\n        Mod\u00e8le\n       <\/div>\n<\/td>\n<td colspan=\"3\">\n<div class=\"magic-11\">\n        FR-900L\n       <\/div>\n<\/td>\n<td class=\"magic-12\">\n<div class=\"magic-13\"><\/div>\n<\/td>\n<td class=\"magic-12\">\n<div class=\"magic-13\"><\/div>\n<\/td>\n<\/tr>\n<tr>\n<td>\n<div class=\"magic-10\">\n        tension\n       <\/div>\n<\/td>\n<td colspan=\"3\">\n<div class=\"magic-14\">\n        220V 50-60Hz\n       <\/div>\n<\/td>\n<td class=\"magic-12\">\n<div class=\"magic-13\"><\/div>\n<\/td>\n<td class=\"magic-12\">\n<div class=\"magic-13\"><\/div>\n<\/td>\n<\/tr>\n<tr>\n<td>\n<div class=\"magic-10\">\n        pouvoir\n       <\/div>\n<\/td>\n<td colspan=\"3\">\n<div class=\"magic-14\">\n        650W\n       <\/div>\n<\/td>\n<td class=\"magic-12\">\n<div class=\"magic-13\"><\/div>\n<\/td>\n<td class=\"magic-12\">\n<div class=\"magic-13\"><\/div>\n<\/td>\n<\/tr>\n<tr>\n<td>\n<div class=\"magic-10\">\n        Vitesse d'\u00e9tanch\u00e9it\u00e9\n       <\/div>\n<\/td>\n<td colspan=\"3\">\n<div class=\"magic-14\">\n        0-12m\/min\n       <\/div>\n<\/td>\n<td class=\"magic-12\">\n<div class=\"magic-13\"><\/div>\n<\/td>\n<td class=\"magic-12\">\n<div class=\"magic-13\"><\/div>\n<\/td>\n<\/tr>\n<tr>\n<td>\n<div class=\"magic-10\">\n        Largeur de scellement\n       <\/div>\n<\/td>\n<td colspan=\"3\">\n<div class=\"magic-14\">\n        6-12mm\n       <\/div>\n<\/td>\n<td class=\"magic-12\">\n<div class=\"magic-13\"><\/div>\n<\/td>\n<td class=\"magic-12\">\n<div class=\"magic-13\"><\/div>\n<\/td>\n<\/tr>\n<tr>\n<td>\n<div class=\"magic-10\">\n        Plage de temp\u00e9rature\n       <\/div>\n<\/td>\n<td colspan=\"3\">\n<div class=\"magic-14\">\n        0-300\u00e2\n       <\/div>\n<\/td>\n<td class=\"magic-12\">\n<div class=\"magic-13\"><\/div>\n<\/td>\n<td class=\"magic-12\">\n<div class=\"magic-13\"><\/div>\n<\/td>\n<\/tr>\n<tr>\n<td>\n<div class=\"magic-10\">\n        Chargement maximal du convoyeur\n       <\/div>\n<\/td>\n<td colspan=\"3\">\n<div class=\"magic-14\">\n        3kgs\n       <\/div>\n<\/td>\n<td class=\"magic-12\">\n<div class=\"magic-13\"><\/div>\n<\/td>\n<td class=\"magic-12\">\n<div class=\"magic-13\"><\/div>\n<\/td>\n<\/tr>\n<tr>\n<td>\n<div class=\"magic-10\">\n        poids\n       <\/div>\n<\/td>\n<td colspan=\"3\">\n<div class=\"magic-11\">\n        Net.23kg\n       <\/div>\n<\/td>\n<td class=\"magic-12\">\n<div class=\"magic-13\"><\/div>\n<\/td>\n<td class=\"magic-12\">\n<div class=\"magic-13\"><\/div>\n<\/td>\n<\/tr>\n<tr>\n<td>\n<div class=\"magic-10\">\n        Taille de la machine\n       <\/div>\n<\/td>\n<td colspan=\"3\">\n<div class=\"magic-14\">\n        820X530X305mm\n       <\/div>\n<\/td>\n<td class=\"magic-12\">\n<div class=\"magic-13\"><\/div>\n<\/td>\n<td class=\"magic-12\">\n<div class=\"magic-13\"><\/div>\n<\/td>\n<\/tr>\n<\/tbody>\n<\/table><\/div>\n<\/p><\/div>\n<div module-id=\"24773306867\" module-title=\"detailSingleImage\" render=\"true\" class=\"J_module\">\n<div class=\"icbu-pc-images magic-15\">\n<div>\n<div class=\"flex-layout-v\">\n<div class=\"flex-layout-h magic-15\">\n<div class=\"magic-16\">\n       <img decoding=\"async\" src=\"https:\/\/sc01.alicdn.com\/kf\/HTB1OqveacvrK1Rjy0Feq6ATmVXaA\/64496\/HTB1OqveacvrK1Rjy0Feq6ATmVXaA.jpg\" class=\"aligncenter\">\n      <\/div>\n<\/p><\/div>\n<\/p><\/div>\n<\/p><\/div>\n<\/p><\/div>\n<\/p><\/div>\n<div module-id=\"24773306868\" module-title=\"detailVerticalImages\" render=\"true\" class=\"J_module\">\n<div class=\"icbu-pc-images magic-15\">\n<div>\n<div class=\"flex-layout-v\">\n<div class=\"magic-18\">\n      <img decoding=\"async\" src=\"https:\/\/sc01.alicdn.com\/kf\/HTB1KC2eaovrK1RjSszfq6xJNVXal\/64496\/HTB1KC2eaovrK1RjSszfq6xJNVXal.jpg\" class=\"aligncenter\">\n     <\/div>\n<div class=\"flex-layout-h magic-15\">\n<div class=\"magic-20\">\n       <img decoding=\"async\" src=\"https:\/\/sc01.alicdn.com\/kf\/HTB1kH_haizxK1RjSspjq6AS.pXaZ\/64496\/HTB1kH_haizxK1RjSspjq6AS.pXaZ.jpg\" class=\"aligncenter\">\n      <\/div>\n<div class=\"magic-22\">\n       <img decoding=\"async\" src=\"https:\/\/sc01.alicdn.com\/kf\/HTB17_HiaozrK1RjSspmq6AOdFXai\/64496\/HTB17_HiaozrK1RjSspmq6AOdFXai.jpg\" class=\"aligncenter\">\n      <\/div>\n<\/p><\/div>\n<\/p><\/div>\n<\/p><\/div>\n<\/p><\/div>\n<\/p><\/div>\n<\/div>","protected":false},"excerpt":{"rendered":"<p>Scelleuse \u00e0 bande horizontale avec impression sur acier<\/p>","protected":false},"featured_media":3178,"comment_status":"closed","ping_status":"open","template":"","meta":[],"product_brand":[],"product_cat":[119,97],"product_tag":[],"class_list":{"0":"post-3177","1":"product","2":"type-product","3":"status-publish","4":"has-post-thumbnail","6":"product_cat-band-sealer","7":"product_cat-sealing-machines","9":"first","10":"instock","11":"sale","12":"purchasable","13":"product-type-simple"},"yoast_head":"<!-- This site is optimized with the Yoast SEO Premium plugin v20.9 (Yoast SEO v26.5) - https:\/\/yoast.com\/wordpress\/plugins\/seo\/ -->\n<title>FR900L Horizontal Deepened continuous band sealer plastic bag sealing machine with steel printing - ALF PACK<\/title>\n<meta name=\"robots\" content=\"index, follow, max-snippet:-1, max-image-preview:large, max-video-preview:-1\" \/>\n<link rel=\"canonical\" href=\"https:\/\/alfequipment.com\/fr\/product\/fr900l-horizontal-deepened-continuous-band-sealer-plastic-bag-seal-machine-with-steel-printing\/\" \/>\n<meta property=\"og:locale\" content=\"fr_FR\" \/>\n<meta property=\"og:type\" content=\"article\" \/>\n<meta property=\"og:title\" content=\"FR900L Horizontal Deepened continuous band sealer plastic bag sealing machine with steel printing\" \/>\n<meta property=\"og:description\" content=\"Horizontal Band Sealer With Steel Printing\" \/>\n<meta property=\"og:url\" content=\"https:\/\/alfequipment.com\/fr\/product\/fr900l-horizontal-deepened-continuous-band-sealer-plastic-bag-seal-machine-with-steel-printing\/\" \/>\n<meta property=\"og:site_name\" content=\"ALF PACK\" \/>\n<meta property=\"article:modified_time\" content=\"2025-01-13T15:00:39+00:00\" \/>\n<meta property=\"og:image\" content=\"https:\/\/alfequipment.com\/wp-content\/uploads\/2025\/01\/H0cadd3900233441fbe2514be81feb9c7W.jpg\" \/>\n\t<meta property=\"og:image:width\" content=\"800\" \/>\n\t<meta property=\"og:image:height\" content=\"800\" \/>\n\t<meta property=\"og:image:type\" content=\"image\/webp\" \/>\n<meta name=\"twitter:card\" content=\"summary_large_image\" \/>\n<meta name=\"twitter:label1\" content=\"Dur\u00e9e de lecture estim\u00e9e\" \/>\n\t<meta name=\"twitter:data1\" content=\"1 minute\" \/>\n<script type=\"application\/ld+json\" class=\"yoast-schema-graph\">{\"@context\":\"https:\/\/schema.org\",\"@graph\":[{\"@type\":\"WebPage\",\"@id\":\"https:\/\/alfequipment.com\/product\/fr900l-horizontal-deepened-continuous-band-sealer-plastic-bag-sealing-machine-with-steel-printing\/\",\"url\":\"https:\/\/alfequipment.com\/product\/fr900l-horizontal-deepened-continuous-band-sealer-plastic-bag-sealing-machine-with-steel-printing\/\",\"name\":\"FR900L Horizontal Deepened continuous band sealer plastic bag sealing machine with steel printing - ALF PACK\",\"isPartOf\":{\"@id\":\"https:\/\/alfequipment.com\/#website\"},\"primaryImageOfPage\":{\"@id\":\"https:\/\/alfequipment.com\/product\/fr900l-horizontal-deepened-continuous-band-sealer-plastic-bag-sealing-machine-with-steel-printing\/#primaryimage\"},\"image\":{\"@id\":\"https:\/\/alfequipment.com\/product\/fr900l-horizontal-deepened-continuous-band-sealer-plastic-bag-sealing-machine-with-steel-printing\/#primaryimage\"},\"thumbnailUrl\":\"https:\/\/alfequipment.com\/wp-content\/uploads\/2025\/01\/H0cadd3900233441fbe2514be81feb9c7W.jpg\",\"datePublished\":\"2024-12-24T22:54:23+00:00\",\"dateModified\":\"2025-01-13T15:00:39+00:00\",\"breadcrumb\":{\"@id\":\"https:\/\/alfequipment.com\/product\/fr900l-horizontal-deepened-continuous-band-sealer-plastic-bag-sealing-machine-with-steel-printing\/#breadcrumb\"},\"inLanguage\":\"fr-FR\",\"potentialAction\":[{\"@type\":\"ReadAction\",\"target\":[\"https:\/\/alfequipment.com\/product\/fr900l-horizontal-deepened-continuous-band-sealer-plastic-bag-sealing-machine-with-steel-printing\/\"]}]},{\"@type\":\"ImageObject\",\"inLanguage\":\"fr-FR\",\"@id\":\"https:\/\/alfequipment.com\/product\/fr900l-horizontal-deepened-continuous-band-sealer-plastic-bag-sealing-machine-with-steel-printing\/#primaryimage\",\"url\":\"https:\/\/alfequipment.com\/wp-content\/uploads\/2025\/01\/H0cadd3900233441fbe2514be81feb9c7W.jpg\",\"contentUrl\":\"https:\/\/alfequipment.com\/wp-content\/uploads\/2025\/01\/H0cadd3900233441fbe2514be81feb9c7W.jpg\",\"width\":800,\"height\":800},{\"@type\":\"BreadcrumbList\",\"@id\":\"https:\/\/alfequipment.com\/product\/fr900l-horizontal-deepened-continuous-band-sealer-plastic-bag-sealing-machine-with-steel-printing\/#breadcrumb\",\"itemListElement\":[{\"@type\":\"ListItem\",\"position\":1,\"name\":\"Home\",\"item\":\"https:\/\/alfequipment.com\/\"},{\"@type\":\"ListItem\",\"position\":2,\"name\":\"Shop\",\"item\":\"https:\/\/alfequipment.com\/shop\/\"},{\"@type\":\"ListItem\",\"position\":3,\"name\":\"FR900L Horizontal Deepened continuous band sealer plastic bag sealing machine with steel printing\"}]},{\"@type\":\"WebSite\",\"@id\":\"https:\/\/alfequipment.com\/#website\",\"url\":\"https:\/\/alfequipment.com\/\",\"name\":\"ALF PACK\",\"description\":\"\",\"publisher\":{\"@id\":\"https:\/\/alfequipment.com\/#organization\"},\"potentialAction\":[{\"@type\":\"SearchAction\",\"target\":{\"@type\":\"EntryPoint\",\"urlTemplate\":\"https:\/\/alfequipment.com\/?s={search_term_string}\"},\"query-input\":{\"@type\":\"PropertyValueSpecification\",\"valueRequired\":true,\"valueName\":\"search_term_string\"}}],\"inLanguage\":\"fr-FR\"},{\"@type\":\"Organization\",\"@id\":\"https:\/\/alfequipment.com\/#organization\",\"name\":\"ALF PACK\",\"url\":\"https:\/\/alfequipment.com\/\",\"logo\":{\"@type\":\"ImageObject\",\"inLanguage\":\"fr-FR\",\"@id\":\"https:\/\/alfequipment.com\/#\/schema\/logo\/image\/\",\"url\":\"https:\/\/alfequipment.com\/wp-content\/uploads\/2024\/11\/ALFlogo-2.webp\",\"contentUrl\":\"https:\/\/alfequipment.com\/wp-content\/uploads\/2024\/11\/ALFlogo-2.webp\",\"width\":758,\"height\":750,\"caption\":\"ALF PACK\"},\"image\":{\"@id\":\"https:\/\/alfequipment.com\/#\/schema\/logo\/image\/\"}}]}<\/script>\n<!-- \/ Yoast SEO Premium plugin. -->","yoast_head_json":{"title":"FR900L Soudeuse horizontale \u00e0 bande continue avec impression en acier - ALF PACK","robots":{"index":"index","follow":"follow","max-snippet":"max-snippet:-1","max-image-preview":"max-image-preview:large","max-video-preview":"max-video-preview:-1"},"canonical":"https:\/\/alfequipment.com\/fr\/product\/fr900l-horizontal-deepened-continuous-band-sealer-plastic-bag-seal-machine-with-steel-printing\/","og_locale":"fr_FR","og_type":"article","og_title":"FR900L Horizontal Deepened continuous band sealer plastic bag sealing machine with steel printing","og_description":"Horizontal Band Sealer With Steel Printing","og_url":"https:\/\/alfequipment.com\/fr\/product\/fr900l-horizontal-deepened-continuous-band-sealer-plastic-bag-seal-machine-with-steel-printing\/","og_site_name":"ALF PACK","article_modified_time":"2025-01-13T15:00:39+00:00","og_image":[{"width":800,"height":800,"url":"https:\/\/alfequipment.com\/wp-content\/uploads\/2025\/01\/H0cadd3900233441fbe2514be81feb9c7W.jpg","type":"image\/webp"}],"twitter_card":"summary_large_image","twitter_misc":{"Dur\u00e9e de lecture estim\u00e9e":"1 minute"},"schema":{"@context":"https:\/\/schema.org","@graph":[{"@type":"WebPage","@id":"https:\/\/alfequipment.com\/product\/fr900l-horizontal-deepened-continuous-band-sealer-plastic-bag-sealing-machine-with-steel-printing\/","url":"https:\/\/alfequipment.com\/product\/fr900l-horizontal-deepened-continuous-band-sealer-plastic-bag-sealing-machine-with-steel-printing\/","name":"FR900L Soudeuse horizontale \u00e0 bande continue avec impression en acier - ALF PACK","isPartOf":{"@id":"https:\/\/alfequipment.com\/#website"},"primaryImageOfPage":{"@id":"https:\/\/alfequipment.com\/product\/fr900l-horizontal-deepened-continuous-band-sealer-plastic-bag-sealing-machine-with-steel-printing\/#primaryimage"},"image":{"@id":"https:\/\/alfequipment.com\/product\/fr900l-horizontal-deepened-continuous-band-sealer-plastic-bag-sealing-machine-with-steel-printing\/#primaryimage"},"thumbnailUrl":"https:\/\/alfequipment.com\/wp-content\/uploads\/2025\/01\/H0cadd3900233441fbe2514be81feb9c7W.jpg","datePublished":"2024-12-24T22:54:23+00:00","dateModified":"2025-01-13T15:00:39+00:00","breadcrumb":{"@id":"https:\/\/alfequipment.com\/product\/fr900l-horizontal-deepened-continuous-band-sealer-plastic-bag-sealing-machine-with-steel-printing\/#breadcrumb"},"inLanguage":"fr-FR","potentialAction":[{"@type":"ReadAction","target":["https:\/\/alfequipment.com\/product\/fr900l-horizontal-deepened-continuous-band-sealer-plastic-bag-sealing-machine-with-steel-printing\/"]}]},{"@type":"ImageObject","inLanguage":"fr-FR","@id":"https:\/\/alfequipment.com\/product\/fr900l-horizontal-deepened-continuous-band-sealer-plastic-bag-sealing-machine-with-steel-printing\/#primaryimage","url":"https:\/\/alfequipment.com\/wp-content\/uploads\/2025\/01\/H0cadd3900233441fbe2514be81feb9c7W.jpg","contentUrl":"https:\/\/alfequipment.com\/wp-content\/uploads\/2025\/01\/H0cadd3900233441fbe2514be81feb9c7W.jpg","width":800,"height":800},{"@type":"BreadcrumbList","@id":"https:\/\/alfequipment.com\/product\/fr900l-horizontal-deepened-continuous-band-sealer-plastic-bag-sealing-machine-with-steel-printing\/#breadcrumb","itemListElement":[{"@type":"ListItem","position":1,"name":"Home","item":"https:\/\/alfequipment.com\/"},{"@type":"ListItem","position":2,"name":"Shop","item":"https:\/\/alfequipment.com\/shop\/"},{"@type":"ListItem","position":3,"name":"FR900L Horizontal Deepened continuous band sealer plastic bag sealing machine with steel printing"}]},{"@type":"WebSite","@id":"https:\/\/alfequipment.com\/#website","url":"https:\/\/alfequipment.com\/","name":"PACK ALF","description":"","publisher":{"@id":"https:\/\/alfequipment.com\/#organization"},"potentialAction":[{"@type":"SearchAction","target":{"@type":"EntryPoint","urlTemplate":"https:\/\/alfequipment.com\/?s={search_term_string}"},"query-input":{"@type":"PropertyValueSpecification","valueRequired":true,"valueName":"search_term_string"}}],"inLanguage":"fr-FR"},{"@type":"Organization","@id":"https:\/\/alfequipment.com\/#organization","name":"PACK ALF","url":"https:\/\/alfequipment.com\/","logo":{"@type":"ImageObject","inLanguage":"fr-FR","@id":"https:\/\/alfequipment.com\/#\/schema\/logo\/image\/","url":"https:\/\/alfequipment.com\/wp-content\/uploads\/2024\/11\/ALFlogo-2.webp","contentUrl":"https:\/\/alfequipment.com\/wp-content\/uploads\/2024\/11\/ALFlogo-2.webp","width":758,"height":750,"caption":"ALF PACK"},"image":{"@id":"https:\/\/alfequipment.com\/#\/schema\/logo\/image\/"}}]}},"_links":{"self":[{"href":"https:\/\/alfequipment.com\/fr\/wp-json\/wp\/v2\/product\/3177","targetHints":{"allow":["GET"]}}],"collection":[{"href":"https:\/\/alfequipment.com\/fr\/wp-json\/wp\/v2\/product"}],"about":[{"href":"https:\/\/alfequipment.com\/fr\/wp-json\/wp\/v2\/types\/product"}],"replies":[{"embeddable":true,"href":"https:\/\/alfequipment.com\/fr\/wp-json\/wp\/v2\/comments?post=3177"}],"version-history":[{"count":0,"href":"https:\/\/alfequipment.com\/fr\/wp-json\/wp\/v2\/product\/3177\/revisions"}],"wp:featuredmedia":[{"embeddable":true,"href":"https:\/\/alfequipment.com\/fr\/wp-json\/wp\/v2\/media\/3178"}],"wp:attachment":[{"href":"https:\/\/alfequipment.com\/fr\/wp-json\/wp\/v2\/media?parent=3177"}],"wp:term":[{"taxonomy":"product_brand","embeddable":true,"href":"https:\/\/alfequipment.com\/fr\/wp-json\/wp\/v2\/product_brand?post=3177"},{"taxonomy":"product_cat","embeddable":true,"href":"https:\/\/alfequipment.com\/fr\/wp-json\/wp\/v2\/product_cat?post=3177"},{"taxonomy":"product_tag","embeddable":true,"href":"https:\/\/alfequipment.com\/fr\/wp-json\/wp\/v2\/product_tag?post=3177"}],"curies":[{"name":"wp","href":"https:\/\/api.w.org\/{rel}","templated":true}]}}