{"id":3189,"date":"2024-12-06T18:54:37","date_gmt":"2024-12-06T18:54:37","guid":{"rendered":"https:\/\/alfequipment.com\/product\/fr800-horizontal-or-vertical-continuous-band-sealer-plastic-bag-sealing-machine\/"},"modified":"2025-01-13T15:01:32","modified_gmt":"2025-01-13T15:01:32","slug":"fr800-scelleuse-de-sacs-plastiques-en-continu-horizontale-ou-verticale","status":"publish","type":"product","link":"https:\/\/alfequipment.com\/fr\/product\/fr800-scelleuse-de-sacs-plastiques-en-continu-horizontale-ou-verticale\/","title":{"rendered":"FR800 Scelleuse de sacs plastiques en continu horizontale ou verticale"},"content":{"rendered":"<div data-magic-global=\"%7B%22bizId%22%3A17179933680%2C%22pageId%22%3A5021857759%2C%22siteId%22%3A5005331025%7D\" id=\"detail_decorate_root\">\n<div module-id=\"5552687557\" module-title=\"detailProductNavigation\" render=\"true\" class=\"J_module\">\n<div id=\"ali-anchor-AliMagic-5jrd0r\" data-section=\"AliMagic-5jrd0r\" data-section-title=\"Product Description\" class=\"magic-0\"><span style=\"font-family: &quot;Times New Roman&quot;;\">1.<\/span><span class=\"magic-7\" style=\"font-family: &quot;Times New Roman&quot;;\">Les scelleuses de film en continu de la s\u00e9rie FR assurent le transport, le scellement et l'impression en continu en une seule op\u00e9ration. 2. la machine peut \u00eatre construite horizontalement, verticalement ou avec des pieds de support.<\/span><\/div>\n<\/div>\n<div module-id=\"5552687558\" module-title=\"detailTextContent\" render=\"true\" class=\"J_module\">\n<div class=\"detail-decorate-json-renderer-container\">\n<div class=\"magic-1\">\n<div class=\"magic-2\">\n<div class=\"magic-3\">\n<div class=\"magic-4\"><span><font face=\"Times New Roman\" class=\"magic-5\"><\/p>\n<p class=\"magic-6\"><span class=\"magic-7\">3. il adopte un m\u00e9canisme \u00e9lectronique de temp\u00e9rature constante et un moteur de transmission \u00e0 r\u00e9glage progressif de la vitesse.<\/span><\/p>\n<p class=\"magic-6\"><span class=\"magic-7\">4. il peut sceller des films plastiques dans diff\u00e9rents types de mat\u00e9riaux.<\/span><\/p>\n<p><\/font><\/span>\n      <\/div>\n<\/p><\/div>\n<\/p><\/div>\n<\/p><\/div>\n<\/p><\/div>\n<\/p><\/div>\n<div module-id=\"5552687559\" module-title=\"detailLeftImageRightTable\" render=\"true\" class=\"J_module\">\n<div class=\"detail-decorate-json-renderer-container\">\n<div class=\"magic-1\">\n<div class=\"magic-8\">\n<div class=\"magic-3\">\n<div class=\"magic-9\">\n       <img decoding=\"async\" src=\"https:\/\/sc02.alicdn.com\/kf\/HTB1X1hOSVXXXXaxaXXXq6xXFXXXn\/64496\/HTB1X1hOSVXXXXaxaXXXq6xXFXXXn.jpg\" class=\"aligncenter\">\n      <\/div>\n<\/p><\/div>\n<\/p><\/div>\n<div class=\"magic-11\">\n<div class=\"magic-3\">\n<div class=\"ife-detail-decorate-table\">\n<table class=\"has-title all magic-12\">\n<tbody>\n<tr>\n<td colspan=\"1\" rowspan=\"1\">\n<div class=\"magic-13\">\n            Mod\u00e8le\n           <\/div>\n<\/td>\n<td colspan=\"1\" rowspan=\"1\">\n<div class=\"magic-14\">\n            FR-800\n           <\/div>\n<\/td>\n<\/tr>\n<tr>\n<td colspan=\"1\" rowspan=\"1\">\n<div class=\"magic-15\">\n            tension\n           <\/div>\n<\/td>\n<td colspan=\"1\" rowspan=\"1\">\n<div class=\"magic-16\">\n            220V 50-60Hz\n           <\/div>\n<\/td>\n<\/tr>\n<tr>\n<td colspan=\"1\" rowspan=\"1\">\n<div class=\"magic-15\">\n            pouvoir\n           <\/div>\n<\/td>\n<td colspan=\"1\" rowspan=\"1\">\n<div class=\"magic-16\">\n            500W\n           <\/div>\n<\/td>\n<\/tr>\n<tr>\n<td colspan=\"1\" rowspan=\"1\">\n<div class=\"magic-15\">\n            Vitesse d'\u00e9tanch\u00e9it\u00e9\n           <\/div>\n<\/td>\n<td colspan=\"1\" rowspan=\"1\">\n<div class=\"magic-16\">\n            0-12m\/min\n           <\/div>\n<\/td>\n<\/tr>\n<tr>\n<td colspan=\"1\" rowspan=\"1\">\n<div class=\"magic-15\">\n            Largeur de scellement\n           <\/div>\n<\/td>\n<td colspan=\"1\" rowspan=\"1\">\n<div class=\"magic-16\">\n            12 mm\n           <\/div>\n<\/td>\n<\/tr>\n<tr>\n<td colspan=\"1\" rowspan=\"1\">\n<div class=\"magic-13\">\n            Plage de temp\u00e9rature\n           <\/div>\n<\/td>\n<td colspan=\"1\" rowspan=\"1\">\n<div class=\"magic-14\">\n            0-300\u00e2\n           <\/div>\n<\/td>\n<\/tr>\n<tr>\n<td colspan=\"1\" rowspan=\"1\">\n<div class=\"magic-13\">\n            Chargement maximal du convoyeur\n           <\/div>\n<\/td>\n<td colspan=\"1\" rowspan=\"1\">\n<div class=\"magic-14\">\n            3kgs\n           <\/div>\n<\/td>\n<\/tr>\n<tr>\n<td colspan=\"1\" rowspan=\"1\">\n<div class=\"magic-13\">\n            Cat\u00e9gorie d'impression\n           <\/div>\n<\/td>\n<td colspan=\"1\" rowspan=\"1\">\n<div class=\"magic-14\">\n            Impression des roues en acier\n           <\/div>\n<\/td>\n<\/tr>\n<tr>\n<td colspan=\"1\" rowspan=\"1\">\n<div class=\"magic-13\">\n            poids\n           <\/div>\n<\/td>\n<td colspan=\"1\" rowspan=\"1\">\n<div class=\"magic-14\">\n            19 kg\n           <\/div>\n<\/td>\n<\/tr>\n<tr>\n<td colspan=\"1\" rowspan=\"1\">\n<div class=\"magic-13\">\n            Taille de la machine\n           <\/div>\n<\/td>\n<td colspan=\"1\" rowspan=\"1\">\n<div class=\"magic-14\">\n            800*400*305mm\n           <\/div>\n<\/td>\n<\/tr>\n<\/tbody>\n<\/table><\/div>\n<\/p><\/div>\n<\/p><\/div>\n<\/p><\/div>\n<\/p><\/div>\n<\/p><\/div>\n<div module-id=\"5551502865\" module-title=\"detailSingleImage\" render=\"true\" class=\"J_module\">\n<div class=\"icbu-pc-images magic-17\">\n<div>\n<div class=\"flex-layout-v\">\n<div class=\"flex-layout-h magic-17\">\n<div class=\"magic-18\">\n       <img decoding=\"async\" src=\"https:\/\/sc02.alicdn.com\/kf\/HTB1X1hOSVXXXXaxaXXXq6xXFXXXn\/64496\/HTB1X1hOSVXXXXaxaXXXq6xXFXXXn.jpg\" class=\"aligncenter\">\n      <\/div>\n<\/p><\/div>\n<\/p><\/div>\n<\/p><\/div>\n<\/p><\/div>\n<\/p><\/div>\n<div module-id=\"5551502866\" module-title=\"detailSingleImage\" render=\"true\" class=\"J_module\">\n<div class=\"icbu-pc-images magic-17\">\n<div>\n<div class=\"flex-layout-v\">\n<div class=\"flex-layout-h magic-17\">\n<div class=\"magic-20\">\n       <img decoding=\"async\" src=\"https:\/\/sc01.alicdn.com\/kf\/HTB1_pykSVXXXXXaXpXXq6xXFXXXe\/64496\/HTB1_pykSVXXXXXaXpXXq6xXFXXXe.jpg\" class=\"aligncenter\">\n      <\/div>\n<\/p><\/div>\n<\/p><\/div>\n<\/p><\/div>\n<\/p><\/div>\n<\/p><\/div>\n<div module-id=\"5552687560\" module-title=\"detailManyImage\" render=\"true\" class=\"J_module\">\n<div class=\"icbu-pc-detailManyImage magic-22\">\n<div class=\"magic-23\">\n    <img decoding=\"async\" src=\"https:\/\/sc02.alicdn.com\/kf\/HTB1r10JSVXXXXcDaXXXq6xXFXXXh\/64496\/HTB1r10JSVXXXXcDaXXXq6xXFXXXh.jpg\" class=\"aligncenter\">\n   <\/div>\n<div class=\"magic-25\">\n    <img decoding=\"async\" src=\"https:\/\/sc02.alicdn.com\/kf\/HTB1UpiuSVXXXXXoXXXXq6xXFXXXt\/64496\/HTB1UpiuSVXXXXXoXXXXq6xXFXXXt.jpg\" class=\"aligncenter\">\n   <\/div>\n<div class=\"magic-27\">\n    <img decoding=\"async\" src=\"https:\/\/sc02.alicdn.com\/kf\/HTB15vhxSVXXXXcGapXXq6xXFXXXa\/64496\/HTB15vhxSVXXXXcGapXXq6xXFXXXa.jpg\" class=\"aligncenter\">\n   <\/div>\n<div class=\"magic-29\">\n    <img decoding=\"async\" src=\"https:\/\/sc02.alicdn.com\/kf\/HTB1KlXRSVXXXXcKXVXXq6xXFXXXj\/64496\/HTB1KlXRSVXXXXcKXVXXq6xXFXXXj.jpg\" class=\"aligncenter\">\n   <\/div>\n<\/p><\/div>\n<\/p><\/div>\n<\/div>","protected":false},"excerpt":{"rendered":"<p>Scelleuse de bandes en continu<\/p>","protected":false},"featured_media":3190,"comment_status":"closed","ping_status":"open","template":"","meta":[],"product_brand":[],"product_cat":[119,97],"product_tag":[],"class_list":{"0":"post-3189","1":"product","2":"type-product","3":"status-publish","4":"has-post-thumbnail","6":"product_cat-band-sealer","7":"product_cat-sealing-machines","9":"first","10":"instock","11":"sale","12":"purchasable","13":"product-type-simple"},"yoast_head":"<!-- This site is optimized with the Yoast SEO Premium plugin v20.9 (Yoast SEO v26.5) - https:\/\/yoast.com\/wordpress\/plugins\/seo\/ -->\n<title>FR800 Horizontal or Vertical Continuous band sealer plastic bag sealing machine - ALF PACK<\/title>\n<meta name=\"robots\" content=\"index, follow, max-snippet:-1, max-image-preview:large, max-video-preview:-1\" \/>\n<link rel=\"canonical\" href=\"https:\/\/alfequipment.com\/fr\/product\/fr800-scelleuse-de-sacs-plastiques-en-continu-horizontale-ou-verticale\/\" \/>\n<meta property=\"og:locale\" content=\"fr_FR\" \/>\n<meta property=\"og:type\" content=\"article\" \/>\n<meta property=\"og:title\" content=\"FR800 Horizontal or Vertical Continuous band sealer plastic bag sealing machine\" \/>\n<meta property=\"og:description\" content=\"Continuous Band Sealer\" \/>\n<meta property=\"og:url\" content=\"https:\/\/alfequipment.com\/fr\/product\/fr800-scelleuse-de-sacs-plastiques-en-continu-horizontale-ou-verticale\/\" \/>\n<meta property=\"og:site_name\" content=\"ALF PACK\" \/>\n<meta property=\"article:modified_time\" content=\"2025-01-13T15:01:32+00:00\" \/>\n<meta property=\"og:image\" content=\"https:\/\/alfequipment.com\/wp-content\/uploads\/2025\/01\/H60477d7c811b4a8486c1276e33984cb3H.jpg\" \/>\n\t<meta property=\"og:image:width\" content=\"800\" \/>\n\t<meta property=\"og:image:height\" content=\"800\" \/>\n\t<meta property=\"og:image:type\" content=\"image\/webp\" \/>\n<meta name=\"twitter:card\" content=\"summary_large_image\" \/>\n<script type=\"application\/ld+json\" class=\"yoast-schema-graph\">{\"@context\":\"https:\/\/schema.org\",\"@graph\":[{\"@type\":\"WebPage\",\"@id\":\"https:\/\/alfequipment.com\/product\/fr800-horizontal-or-vertical-continuous-band-sealer-plastic-bag-sealing-machine\/\",\"url\":\"https:\/\/alfequipment.com\/product\/fr800-horizontal-or-vertical-continuous-band-sealer-plastic-bag-sealing-machine\/\",\"name\":\"FR800 Horizontal or Vertical Continuous band sealer plastic bag sealing machine - ALF PACK\",\"isPartOf\":{\"@id\":\"https:\/\/alfequipment.com\/#website\"},\"primaryImageOfPage\":{\"@id\":\"https:\/\/alfequipment.com\/product\/fr800-horizontal-or-vertical-continuous-band-sealer-plastic-bag-sealing-machine\/#primaryimage\"},\"image\":{\"@id\":\"https:\/\/alfequipment.com\/product\/fr800-horizontal-or-vertical-continuous-band-sealer-plastic-bag-sealing-machine\/#primaryimage\"},\"thumbnailUrl\":\"https:\/\/alfequipment.com\/wp-content\/uploads\/2025\/01\/H60477d7c811b4a8486c1276e33984cb3H.jpg\",\"datePublished\":\"2024-12-06T18:54:37+00:00\",\"dateModified\":\"2025-01-13T15:01:32+00:00\",\"breadcrumb\":{\"@id\":\"https:\/\/alfequipment.com\/product\/fr800-horizontal-or-vertical-continuous-band-sealer-plastic-bag-sealing-machine\/#breadcrumb\"},\"inLanguage\":\"fr-FR\",\"potentialAction\":[{\"@type\":\"ReadAction\",\"target\":[\"https:\/\/alfequipment.com\/product\/fr800-horizontal-or-vertical-continuous-band-sealer-plastic-bag-sealing-machine\/\"]}]},{\"@type\":\"ImageObject\",\"inLanguage\":\"fr-FR\",\"@id\":\"https:\/\/alfequipment.com\/product\/fr800-horizontal-or-vertical-continuous-band-sealer-plastic-bag-sealing-machine\/#primaryimage\",\"url\":\"https:\/\/alfequipment.com\/wp-content\/uploads\/2025\/01\/H60477d7c811b4a8486c1276e33984cb3H.jpg\",\"contentUrl\":\"https:\/\/alfequipment.com\/wp-content\/uploads\/2025\/01\/H60477d7c811b4a8486c1276e33984cb3H.jpg\",\"width\":800,\"height\":800},{\"@type\":\"BreadcrumbList\",\"@id\":\"https:\/\/alfequipment.com\/product\/fr800-horizontal-or-vertical-continuous-band-sealer-plastic-bag-sealing-machine\/#breadcrumb\",\"itemListElement\":[{\"@type\":\"ListItem\",\"position\":1,\"name\":\"Home\",\"item\":\"https:\/\/alfequipment.com\/\"},{\"@type\":\"ListItem\",\"position\":2,\"name\":\"Shop\",\"item\":\"https:\/\/alfequipment.com\/shop\/\"},{\"@type\":\"ListItem\",\"position\":3,\"name\":\"FR800 Horizontal or Vertical Continuous band sealer plastic bag sealing machine\"}]},{\"@type\":\"WebSite\",\"@id\":\"https:\/\/alfequipment.com\/#website\",\"url\":\"https:\/\/alfequipment.com\/\",\"name\":\"ALF PACK\",\"description\":\"\",\"publisher\":{\"@id\":\"https:\/\/alfequipment.com\/#organization\"},\"potentialAction\":[{\"@type\":\"SearchAction\",\"target\":{\"@type\":\"EntryPoint\",\"urlTemplate\":\"https:\/\/alfequipment.com\/?s={search_term_string}\"},\"query-input\":{\"@type\":\"PropertyValueSpecification\",\"valueRequired\":true,\"valueName\":\"search_term_string\"}}],\"inLanguage\":\"fr-FR\"},{\"@type\":\"Organization\",\"@id\":\"https:\/\/alfequipment.com\/#organization\",\"name\":\"ALF PACK\",\"url\":\"https:\/\/alfequipment.com\/\",\"logo\":{\"@type\":\"ImageObject\",\"inLanguage\":\"fr-FR\",\"@id\":\"https:\/\/alfequipment.com\/#\/schema\/logo\/image\/\",\"url\":\"https:\/\/alfequipment.com\/wp-content\/uploads\/2024\/11\/ALFlogo-2.webp\",\"contentUrl\":\"https:\/\/alfequipment.com\/wp-content\/uploads\/2024\/11\/ALFlogo-2.webp\",\"width\":758,\"height\":750,\"caption\":\"ALF PACK\"},\"image\":{\"@id\":\"https:\/\/alfequipment.com\/#\/schema\/logo\/image\/\"}}]}<\/script>\n<!-- \/ Yoast SEO Premium plugin. -->","yoast_head_json":{"title":"FR800 Scelleuse de sacs plastiques en continu horizontale ou verticale - ALF PACK","robots":{"index":"index","follow":"follow","max-snippet":"max-snippet:-1","max-image-preview":"max-image-preview:large","max-video-preview":"max-video-preview:-1"},"canonical":"https:\/\/alfequipment.com\/fr\/product\/fr800-scelleuse-de-sacs-plastiques-en-continu-horizontale-ou-verticale\/","og_locale":"fr_FR","og_type":"article","og_title":"FR800 Horizontal or Vertical Continuous band sealer plastic bag sealing machine","og_description":"Continuous Band Sealer","og_url":"https:\/\/alfequipment.com\/fr\/product\/fr800-scelleuse-de-sacs-plastiques-en-continu-horizontale-ou-verticale\/","og_site_name":"ALF PACK","article_modified_time":"2025-01-13T15:01:32+00:00","og_image":[{"width":800,"height":800,"url":"https:\/\/alfequipment.com\/wp-content\/uploads\/2025\/01\/H60477d7c811b4a8486c1276e33984cb3H.jpg","type":"image\/webp"}],"twitter_card":"summary_large_image","schema":{"@context":"https:\/\/schema.org","@graph":[{"@type":"WebPage","@id":"https:\/\/alfequipment.com\/product\/fr800-horizontal-or-vertical-continuous-band-sealer-plastic-bag-sealing-machine\/","url":"https:\/\/alfequipment.com\/product\/fr800-horizontal-or-vertical-continuous-band-sealer-plastic-bag-sealing-machine\/","name":"FR800 Scelleuse de sacs plastiques en continu horizontale ou verticale - ALF PACK","isPartOf":{"@id":"https:\/\/alfequipment.com\/#website"},"primaryImageOfPage":{"@id":"https:\/\/alfequipment.com\/product\/fr800-horizontal-or-vertical-continuous-band-sealer-plastic-bag-sealing-machine\/#primaryimage"},"image":{"@id":"https:\/\/alfequipment.com\/product\/fr800-horizontal-or-vertical-continuous-band-sealer-plastic-bag-sealing-machine\/#primaryimage"},"thumbnailUrl":"https:\/\/alfequipment.com\/wp-content\/uploads\/2025\/01\/H60477d7c811b4a8486c1276e33984cb3H.jpg","datePublished":"2024-12-06T18:54:37+00:00","dateModified":"2025-01-13T15:01:32+00:00","breadcrumb":{"@id":"https:\/\/alfequipment.com\/product\/fr800-horizontal-or-vertical-continuous-band-sealer-plastic-bag-sealing-machine\/#breadcrumb"},"inLanguage":"fr-FR","potentialAction":[{"@type":"ReadAction","target":["https:\/\/alfequipment.com\/product\/fr800-horizontal-or-vertical-continuous-band-sealer-plastic-bag-sealing-machine\/"]}]},{"@type":"ImageObject","inLanguage":"fr-FR","@id":"https:\/\/alfequipment.com\/product\/fr800-horizontal-or-vertical-continuous-band-sealer-plastic-bag-sealing-machine\/#primaryimage","url":"https:\/\/alfequipment.com\/wp-content\/uploads\/2025\/01\/H60477d7c811b4a8486c1276e33984cb3H.jpg","contentUrl":"https:\/\/alfequipment.com\/wp-content\/uploads\/2025\/01\/H60477d7c811b4a8486c1276e33984cb3H.jpg","width":800,"height":800},{"@type":"BreadcrumbList","@id":"https:\/\/alfequipment.com\/product\/fr800-horizontal-or-vertical-continuous-band-sealer-plastic-bag-sealing-machine\/#breadcrumb","itemListElement":[{"@type":"ListItem","position":1,"name":"Home","item":"https:\/\/alfequipment.com\/"},{"@type":"ListItem","position":2,"name":"Shop","item":"https:\/\/alfequipment.com\/shop\/"},{"@type":"ListItem","position":3,"name":"FR800 Horizontal or Vertical Continuous band sealer plastic bag sealing machine"}]},{"@type":"WebSite","@id":"https:\/\/alfequipment.com\/#website","url":"https:\/\/alfequipment.com\/","name":"PACK ALF","description":"","publisher":{"@id":"https:\/\/alfequipment.com\/#organization"},"potentialAction":[{"@type":"SearchAction","target":{"@type":"EntryPoint","urlTemplate":"https:\/\/alfequipment.com\/?s={search_term_string}"},"query-input":{"@type":"PropertyValueSpecification","valueRequired":true,"valueName":"search_term_string"}}],"inLanguage":"fr-FR"},{"@type":"Organization","@id":"https:\/\/alfequipment.com\/#organization","name":"PACK ALF","url":"https:\/\/alfequipment.com\/","logo":{"@type":"ImageObject","inLanguage":"fr-FR","@id":"https:\/\/alfequipment.com\/#\/schema\/logo\/image\/","url":"https:\/\/alfequipment.com\/wp-content\/uploads\/2024\/11\/ALFlogo-2.webp","contentUrl":"https:\/\/alfequipment.com\/wp-content\/uploads\/2024\/11\/ALFlogo-2.webp","width":758,"height":750,"caption":"ALF PACK"},"image":{"@id":"https:\/\/alfequipment.com\/#\/schema\/logo\/image\/"}}]}},"_links":{"self":[{"href":"https:\/\/alfequipment.com\/fr\/wp-json\/wp\/v2\/product\/3189","targetHints":{"allow":["GET"]}}],"collection":[{"href":"https:\/\/alfequipment.com\/fr\/wp-json\/wp\/v2\/product"}],"about":[{"href":"https:\/\/alfequipment.com\/fr\/wp-json\/wp\/v2\/types\/product"}],"replies":[{"embeddable":true,"href":"https:\/\/alfequipment.com\/fr\/wp-json\/wp\/v2\/comments?post=3189"}],"version-history":[{"count":0,"href":"https:\/\/alfequipment.com\/fr\/wp-json\/wp\/v2\/product\/3189\/revisions"}],"wp:featuredmedia":[{"embeddable":true,"href":"https:\/\/alfequipment.com\/fr\/wp-json\/wp\/v2\/media\/3190"}],"wp:attachment":[{"href":"https:\/\/alfequipment.com\/fr\/wp-json\/wp\/v2\/media?parent=3189"}],"wp:term":[{"taxonomy":"product_brand","embeddable":true,"href":"https:\/\/alfequipment.com\/fr\/wp-json\/wp\/v2\/product_brand?post=3189"},{"taxonomy":"product_cat","embeddable":true,"href":"https:\/\/alfequipment.com\/fr\/wp-json\/wp\/v2\/product_cat?post=3189"},{"taxonomy":"product_tag","embeddable":true,"href":"https:\/\/alfequipment.com\/fr\/wp-json\/wp\/v2\/product_tag?post=3189"}],"curies":[{"name":"wp","href":"https:\/\/api.w.org\/{rel}","templated":true}]}}