{"id":3195,"date":"2025-01-03T20:18:07","date_gmt":"2025-01-03T20:18:07","guid":{"rendered":"https:\/\/alfequipment.com\/product\/sf-320-small-laminator-machine-for-photo\/"},"modified":"2025-01-13T13:14:17","modified_gmt":"2025-01-13T13:14:17","slug":"sf-320-petite-machine-a-plastifier-les-photos","status":"publish","type":"product","link":"https:\/\/alfequipment.com\/fr\/product\/sf-320-petite-machine-a-plastifier-les-photos\/","title":{"rendered":"SF-320 Petite machine \u00e0 plastifier pour photos"},"content":{"rendered":"<div id=\"ali-anchor-AliPostDhMb-kjnrg\" style=\"padding-top: 8px;\" data-section-title=\"Product Description\" data-section=\"AliPostDhMb-kjnrg\">\n<div style=\"padding: 10px;\"><span style=\"font-size: 12pt;\">La machine \u00e0 plastifier SF-320 est une machine id\u00e9ale pour le scellement de photos ou de papier plastique, qui peut sceller des photos, des cartes nominatives, des certifications, des dessins avec un film de plastification. Apr\u00e8s la plastification, la photo ou le papier est bien prot\u00e9g\u00e9 et agr\u00e9able \u00e0 l'\u0153il.<\/span><\/div>\n<\/div>\n<p>&nbsp;<\/p>\n<p><strong><span style=\"font-size: 12pt;\">Sp\u00e9cification :<\/span><\/strong><\/p>\n<table class=\"aliDataTable\" border=\"1\" cellspacing=\"0\" cellpadding=\"0\">\n<tbody>\n<tr align=\"left\">\n<td style=\"width: 158.4pt;\" valign=\"top\">\n<p><span style=\"font-size: 12pt;\">Mod\u00e8le<\/span><\/p>\n<\/td>\n<td style=\"width: 144pt;\" valign=\"top\">\n<p><span style=\"font-size: 12pt;\">SF-320<\/span><\/p>\n<\/td>\n<\/tr>\n<tr align=\"left\">\n<td valign=\"top\">\n<p><span style=\"font-size: 12pt;\">Source d'alimentation<\/span><\/p>\n<\/td>\n<td valign=\"top\">\n<p><span style=\"font-size: 12pt;\">AC 220V\/50-60Hz \u00b15%<\/span><\/p>\n<\/td>\n<\/tr>\n<tr align=\"left\">\n<td valign=\"top\">\n<p><span style=\"font-size: 12pt;\">Puissance<\/span><\/p>\n<\/td>\n<td valign=\"top\">\n<p><span style=\"font-size: 12pt;\">400 W<\/span><\/p>\n<\/td>\n<\/tr>\n<tr align=\"left\">\n<td valign=\"top\">\n<p><span style=\"font-size: 12pt;\">Max. Largeur de pelliculage<\/span><\/p>\n<\/td>\n<td valign=\"top\">\n<p><span style=\"font-size: 12pt;\">320mm<\/span><\/p>\n<\/td>\n<\/tr>\n<tr align=\"left\">\n<td valign=\"top\">\n<p><span style=\"font-size: 12pt;\">Max. Epaisseur de stratification<\/span><\/p>\n<\/td>\n<td valign=\"top\">\n<p><span style=\"font-size: 12pt;\">1 mm<\/span><\/p>\n<\/td>\n<\/tr>\n<tr align=\"left\">\n<td valign=\"top\">\n<p><span style=\"font-size: 12pt;\">Temp\u00e9rature de stratification<\/span><\/p>\n<\/td>\n<td valign=\"top\">\n<p><span style=\"font-size: 12pt;\">90-100 <\/span><span style=\"font-size: 12pt;\">\u00b0C<\/span><\/p>\n<\/td>\n<\/tr>\n<tr align=\"left\">\n<td valign=\"top\">\n<p><span style=\"font-size: 12pt;\">Dimension<\/span><\/p>\n<\/td>\n<td valign=\"top\">\n<p><span style=\"font-size: 12pt;\">500*210*105 mm<\/span><\/p>\n<\/td>\n<\/tr>\n<tr align=\"left\">\n<td valign=\"top\">\n<p><span style=\"font-size: 12pt;\">Poids<\/span><\/p>\n<\/td>\n<td valign=\"top\">\n<p><span style=\"font-size: 12pt;\">11 kg<\/span><\/p>\n<\/td>\n<\/tr>\n<\/tbody>\n<\/table>\n<p>&nbsp;<\/p><\/p>","protected":false},"excerpt":{"rendered":"<p>Machine \u00e0 plastifier Sf-320<\/p>","protected":false},"featured_media":3196,"comment_status":"closed","ping_status":"open","template":"","meta":[],"product_brand":[],"product_cat":[105],"product_tag":[],"class_list":{"0":"post-3195","1":"product","2":"type-product","3":"status-publish","4":"has-post-thumbnail","6":"product_cat-paper-processing-machinery","8":"first","9":"instock","10":"sale","11":"purchasable","12":"product-type-simple"},"yoast_head":"<!-- This site is optimized with the Yoast SEO Premium plugin v20.9 (Yoast SEO v26.5) - https:\/\/yoast.com\/wordpress\/plugins\/seo\/ -->\n<title>SF-320 Small Laminator Machine for photo - ALF PACK<\/title>\n<meta name=\"robots\" content=\"index, follow, max-snippet:-1, max-image-preview:large, max-video-preview:-1\" \/>\n<link rel=\"canonical\" href=\"https:\/\/alfequipment.com\/fr\/product\/sf-320-petite-machine-a-plastifier-les-photos\/\" \/>\n<meta property=\"og:locale\" content=\"fr_FR\" \/>\n<meta property=\"og:type\" content=\"article\" \/>\n<meta property=\"og:title\" content=\"SF-320 Small Laminator Machine for photo\" \/>\n<meta property=\"og:description\" content=\"Sf-320 Laminator Machine\" \/>\n<meta property=\"og:url\" content=\"https:\/\/alfequipment.com\/fr\/product\/sf-320-petite-machine-a-plastifier-les-photos\/\" \/>\n<meta property=\"og:site_name\" content=\"ALF PACK\" \/>\n<meta property=\"article:modified_time\" content=\"2025-01-13T13:14:17+00:00\" \/>\n<meta property=\"og:image\" content=\"https:\/\/alfequipment.com\/wp-content\/uploads\/2025\/01\/Hea9f2bf3aee4436b8ab73c0465165e18Q.jpg\" \/>\n\t<meta property=\"og:image:width\" content=\"800\" \/>\n\t<meta property=\"og:image:height\" content=\"800\" \/>\n\t<meta property=\"og:image:type\" content=\"image\/webp\" \/>\n<meta name=\"twitter:card\" content=\"summary_large_image\" \/>\n<script type=\"application\/ld+json\" class=\"yoast-schema-graph\">{\"@context\":\"https:\/\/schema.org\",\"@graph\":[{\"@type\":\"WebPage\",\"@id\":\"https:\/\/alfequipment.com\/product\/sf-320-small-laminator-machine-for-photo\/\",\"url\":\"https:\/\/alfequipment.com\/product\/sf-320-small-laminator-machine-for-photo\/\",\"name\":\"SF-320 Small Laminator Machine for photo - ALF PACK\",\"isPartOf\":{\"@id\":\"https:\/\/alfequipment.com\/#website\"},\"primaryImageOfPage\":{\"@id\":\"https:\/\/alfequipment.com\/product\/sf-320-small-laminator-machine-for-photo\/#primaryimage\"},\"image\":{\"@id\":\"https:\/\/alfequipment.com\/product\/sf-320-small-laminator-machine-for-photo\/#primaryimage\"},\"thumbnailUrl\":\"https:\/\/alfequipment.com\/wp-content\/uploads\/2025\/01\/Hea9f2bf3aee4436b8ab73c0465165e18Q.jpg\",\"datePublished\":\"2025-01-03T20:18:07+00:00\",\"dateModified\":\"2025-01-13T13:14:17+00:00\",\"breadcrumb\":{\"@id\":\"https:\/\/alfequipment.com\/product\/sf-320-small-laminator-machine-for-photo\/#breadcrumb\"},\"inLanguage\":\"fr-FR\",\"potentialAction\":[{\"@type\":\"ReadAction\",\"target\":[\"https:\/\/alfequipment.com\/product\/sf-320-small-laminator-machine-for-photo\/\"]}]},{\"@type\":\"ImageObject\",\"inLanguage\":\"fr-FR\",\"@id\":\"https:\/\/alfequipment.com\/product\/sf-320-small-laminator-machine-for-photo\/#primaryimage\",\"url\":\"https:\/\/alfequipment.com\/wp-content\/uploads\/2025\/01\/Hea9f2bf3aee4436b8ab73c0465165e18Q.jpg\",\"contentUrl\":\"https:\/\/alfequipment.com\/wp-content\/uploads\/2025\/01\/Hea9f2bf3aee4436b8ab73c0465165e18Q.jpg\",\"width\":800,\"height\":800},{\"@type\":\"BreadcrumbList\",\"@id\":\"https:\/\/alfequipment.com\/product\/sf-320-small-laminator-machine-for-photo\/#breadcrumb\",\"itemListElement\":[{\"@type\":\"ListItem\",\"position\":1,\"name\":\"Home\",\"item\":\"https:\/\/alfequipment.com\/\"},{\"@type\":\"ListItem\",\"position\":2,\"name\":\"Shop\",\"item\":\"https:\/\/alfequipment.com\/shop\/\"},{\"@type\":\"ListItem\",\"position\":3,\"name\":\"SF-320 Small Laminator Machine for photo\"}]},{\"@type\":\"WebSite\",\"@id\":\"https:\/\/alfequipment.com\/#website\",\"url\":\"https:\/\/alfequipment.com\/\",\"name\":\"ALF PACK\",\"description\":\"\",\"publisher\":{\"@id\":\"https:\/\/alfequipment.com\/#organization\"},\"potentialAction\":[{\"@type\":\"SearchAction\",\"target\":{\"@type\":\"EntryPoint\",\"urlTemplate\":\"https:\/\/alfequipment.com\/?s={search_term_string}\"},\"query-input\":{\"@type\":\"PropertyValueSpecification\",\"valueRequired\":true,\"valueName\":\"search_term_string\"}}],\"inLanguage\":\"fr-FR\"},{\"@type\":\"Organization\",\"@id\":\"https:\/\/alfequipment.com\/#organization\",\"name\":\"ALF PACK\",\"url\":\"https:\/\/alfequipment.com\/\",\"logo\":{\"@type\":\"ImageObject\",\"inLanguage\":\"fr-FR\",\"@id\":\"https:\/\/alfequipment.com\/#\/schema\/logo\/image\/\",\"url\":\"https:\/\/alfequipment.com\/wp-content\/uploads\/2024\/11\/ALFlogo-2.webp\",\"contentUrl\":\"https:\/\/alfequipment.com\/wp-content\/uploads\/2024\/11\/ALFlogo-2.webp\",\"width\":758,\"height\":750,\"caption\":\"ALF PACK\"},\"image\":{\"@id\":\"https:\/\/alfequipment.com\/#\/schema\/logo\/image\/\"}}]}<\/script>\n<!-- \/ Yoast SEO Premium plugin. -->","yoast_head_json":{"title":"SF-320 Machine \u00e0 plastifier pour photos - ALF PACK","robots":{"index":"index","follow":"follow","max-snippet":"max-snippet:-1","max-image-preview":"max-image-preview:large","max-video-preview":"max-video-preview:-1"},"canonical":"https:\/\/alfequipment.com\/fr\/product\/sf-320-petite-machine-a-plastifier-les-photos\/","og_locale":"fr_FR","og_type":"article","og_title":"SF-320 Small Laminator Machine for photo","og_description":"Sf-320 Laminator Machine","og_url":"https:\/\/alfequipment.com\/fr\/product\/sf-320-petite-machine-a-plastifier-les-photos\/","og_site_name":"ALF PACK","article_modified_time":"2025-01-13T13:14:17+00:00","og_image":[{"width":800,"height":800,"url":"https:\/\/alfequipment.com\/wp-content\/uploads\/2025\/01\/Hea9f2bf3aee4436b8ab73c0465165e18Q.jpg","type":"image\/webp"}],"twitter_card":"summary_large_image","schema":{"@context":"https:\/\/schema.org","@graph":[{"@type":"WebPage","@id":"https:\/\/alfequipment.com\/product\/sf-320-small-laminator-machine-for-photo\/","url":"https:\/\/alfequipment.com\/product\/sf-320-small-laminator-machine-for-photo\/","name":"SF-320 Machine \u00e0 plastifier pour photos - ALF PACK","isPartOf":{"@id":"https:\/\/alfequipment.com\/#website"},"primaryImageOfPage":{"@id":"https:\/\/alfequipment.com\/product\/sf-320-small-laminator-machine-for-photo\/#primaryimage"},"image":{"@id":"https:\/\/alfequipment.com\/product\/sf-320-small-laminator-machine-for-photo\/#primaryimage"},"thumbnailUrl":"https:\/\/alfequipment.com\/wp-content\/uploads\/2025\/01\/Hea9f2bf3aee4436b8ab73c0465165e18Q.jpg","datePublished":"2025-01-03T20:18:07+00:00","dateModified":"2025-01-13T13:14:17+00:00","breadcrumb":{"@id":"https:\/\/alfequipment.com\/product\/sf-320-small-laminator-machine-for-photo\/#breadcrumb"},"inLanguage":"fr-FR","potentialAction":[{"@type":"ReadAction","target":["https:\/\/alfequipment.com\/product\/sf-320-small-laminator-machine-for-photo\/"]}]},{"@type":"ImageObject","inLanguage":"fr-FR","@id":"https:\/\/alfequipment.com\/product\/sf-320-small-laminator-machine-for-photo\/#primaryimage","url":"https:\/\/alfequipment.com\/wp-content\/uploads\/2025\/01\/Hea9f2bf3aee4436b8ab73c0465165e18Q.jpg","contentUrl":"https:\/\/alfequipment.com\/wp-content\/uploads\/2025\/01\/Hea9f2bf3aee4436b8ab73c0465165e18Q.jpg","width":800,"height":800},{"@type":"BreadcrumbList","@id":"https:\/\/alfequipment.com\/product\/sf-320-small-laminator-machine-for-photo\/#breadcrumb","itemListElement":[{"@type":"ListItem","position":1,"name":"Home","item":"https:\/\/alfequipment.com\/"},{"@type":"ListItem","position":2,"name":"Shop","item":"https:\/\/alfequipment.com\/shop\/"},{"@type":"ListItem","position":3,"name":"SF-320 Small Laminator Machine for photo"}]},{"@type":"WebSite","@id":"https:\/\/alfequipment.com\/#website","url":"https:\/\/alfequipment.com\/","name":"PACK ALF","description":"","publisher":{"@id":"https:\/\/alfequipment.com\/#organization"},"potentialAction":[{"@type":"SearchAction","target":{"@type":"EntryPoint","urlTemplate":"https:\/\/alfequipment.com\/?s={search_term_string}"},"query-input":{"@type":"PropertyValueSpecification","valueRequired":true,"valueName":"search_term_string"}}],"inLanguage":"fr-FR"},{"@type":"Organization","@id":"https:\/\/alfequipment.com\/#organization","name":"PACK ALF","url":"https:\/\/alfequipment.com\/","logo":{"@type":"ImageObject","inLanguage":"fr-FR","@id":"https:\/\/alfequipment.com\/#\/schema\/logo\/image\/","url":"https:\/\/alfequipment.com\/wp-content\/uploads\/2024\/11\/ALFlogo-2.webp","contentUrl":"https:\/\/alfequipment.com\/wp-content\/uploads\/2024\/11\/ALFlogo-2.webp","width":758,"height":750,"caption":"ALF PACK"},"image":{"@id":"https:\/\/alfequipment.com\/#\/schema\/logo\/image\/"}}]}},"_links":{"self":[{"href":"https:\/\/alfequipment.com\/fr\/wp-json\/wp\/v2\/product\/3195","targetHints":{"allow":["GET"]}}],"collection":[{"href":"https:\/\/alfequipment.com\/fr\/wp-json\/wp\/v2\/product"}],"about":[{"href":"https:\/\/alfequipment.com\/fr\/wp-json\/wp\/v2\/types\/product"}],"replies":[{"embeddable":true,"href":"https:\/\/alfequipment.com\/fr\/wp-json\/wp\/v2\/comments?post=3195"}],"version-history":[{"count":0,"href":"https:\/\/alfequipment.com\/fr\/wp-json\/wp\/v2\/product\/3195\/revisions"}],"wp:featuredmedia":[{"embeddable":true,"href":"https:\/\/alfequipment.com\/fr\/wp-json\/wp\/v2\/media\/3196"}],"wp:attachment":[{"href":"https:\/\/alfequipment.com\/fr\/wp-json\/wp\/v2\/media?parent=3195"}],"wp:term":[{"taxonomy":"product_brand","embeddable":true,"href":"https:\/\/alfequipment.com\/fr\/wp-json\/wp\/v2\/product_brand?post=3195"},{"taxonomy":"product_cat","embeddable":true,"href":"https:\/\/alfequipment.com\/fr\/wp-json\/wp\/v2\/product_cat?post=3195"},{"taxonomy":"product_tag","embeddable":true,"href":"https:\/\/alfequipment.com\/fr\/wp-json\/wp\/v2\/product_tag?post=3195"}],"curies":[{"name":"wp","href":"https:\/\/api.w.org\/{rel}","templated":true}]}}