{"id":3199,"date":"2024-12-11T18:19:50","date_gmt":"2024-12-11T18:19:50","guid":{"rendered":"https:\/\/alfequipment.com\/product\/dy95-bubble-tea-machine-manual-semi-auto-cup-sealing-machine-for-cup-diameter-95mm\/"},"modified":"2025-01-13T13:14:22","modified_gmt":"2025-01-13T13:14:22","slug":"dy95-machine-a-the-a-bulles-manuelle-semi-automatique-machine-a-sceller-les-gobelets-pour-un-diametre-de-gobelet-de-95mm","status":"publish","type":"product","link":"https:\/\/alfequipment.com\/fr\/product\/dy95-machine-a-the-a-bulles-manuelle-semi-automatique-machine-a-sceller-les-gobelets-pour-un-diametre-de-gobelet-de-95mm\/","title":{"rendered":"DY95 Machine \u00e0 th\u00e9 \u00e0 bulles Machine \u00e0 sceller les gobelets manuelle \/ semi-automatique (pour gobelets de 95mm de diam\u00e8tre)"},"content":{"rendered":"<p data-section-blank=\"AliPostDhMb-qgcsu\"><span style=\"font-family: Verdana, Arial, Helvetica, sans-serif;\">La machine \u00e0 sceller les gobelets de la s\u00e9rie DY convient aux magasins pour sceller les nouilles, les aliments \u00e0 base de bl\u00e9, la gel\u00e9e de fruits, le pudding, le lait de haricot, les aliments chauds et froids, le th\u00e9 doux, etc. Le scellage est automatiquement termin\u00e9 apr\u00e8s la mise en place de la bo\u00eete ou du gobelet. Le corps de la machine est fabriqu\u00e9 en acier inoxydable, conform\u00e9ment aux exigences sanitaires.<\/span><\/p>\n<p>&nbsp;<\/p>\n<p>Placer le gobelet dans le plateau et l'enfoncer, puis couper et sceller le gobelet en appuyant sur la poign\u00e9e. La machine manuelle doit tourner le film \u00e0 la main apr\u00e8s le scellage. La machine semi-automatique est dot\u00e9e d'une fonction d'alimentation automatique du film.<\/p>\n<p>&nbsp;<\/p>\n<p><span style=\"font-size: 16px;\">Sp\u00e9cification :<\/span><\/p>\n<table class=\"aliDataTable\" style=\"width: 566px;\" border=\"1\" cellspacing=\"0\" cellpadding=\"0\">\n<tbody>\n<tr>\n<td>\n<p><strong>Mod\u00e8le<\/strong><\/p>\n<\/td>\n<td>\n<p><span style=\"color: #ff0000;\">DY95\/DY95A<\/span><\/p>\n<\/td>\n<td>\n<p>DY170\/DY170A<\/p>\n<\/td>\n<td>\n<p>DY75\/DY75A<\/p>\n<\/td>\n<\/tr>\n<tr>\n<td>\n<p><strong>Mode de fonctionnement <\/strong><\/p>\n<\/td>\n<td>\n<p><span style=\"color: #ff0000;\">Manuel\/semi-auto<\/span><\/p>\n<\/td>\n<td>\n<p>Manuel\/semi-auto<\/p>\n<\/td>\n<td>\n<p>Manuel\/semi-auto<\/p>\n<\/td>\n<\/tr>\n<tr>\n<td>\n<p><strong>Source d'alimentation<\/strong><\/p>\n<\/td>\n<td colspan=\"3\">\n<p align=\"center\"><span style=\"color: #ff0000;\">110V 60HZ\/220V 50HZ<\/span><\/p>\n<\/td>\n<\/tr>\n<tr>\n<td>\n<p><strong>Puissance <\/strong><\/p>\n<\/td>\n<td>\n<p><span style=\"color: #ff0000;\">200W<\/span><\/p>\n<\/td>\n<td>\n<p>900W<\/p>\n<\/td>\n<td>\n<p>450W<\/p>\n<\/td>\n<\/tr>\n<tr>\n<td>\n<p><strong>Capacit\u00e9<\/strong><\/p>\n<\/td>\n<td>\n<p><span style=\"color: #ff0000;\">700 cups\/heure<\/span><\/p>\n<\/td>\n<td>\n<p>600 cups\/heure<\/p>\n<\/td>\n<td>\n<p>800 cups\/heure<\/p>\n<\/td>\n<\/tr>\n<tr>\n<td>\n<p><strong>Diam\u00e8tre de la coupelle disponible<\/strong><\/p>\n<\/td>\n<td>\n<p><span style=\"color: #ff0000;\">95mm<\/span><\/p>\n<\/td>\n<td>\n<p>170 mm<\/p>\n<\/td>\n<td>\n<p>75 mm<\/p>\n<\/td>\n<\/tr>\n<tr>\n<td>\n<p><strong>Poids<\/strong><\/p>\n<\/td>\n<td>\n<p><span style=\"color: #ff0000;\">18Kgs<\/span><\/p>\n<\/td>\n<td>\n<p>48Kgs<\/p>\n<\/td>\n<td>\n<p>26Kgs<\/p>\n<\/td>\n<\/tr>\n<tr>\n<td>\n<p><strong>Dimension <\/strong><\/p>\n<\/td>\n<td>\n<p><span style=\"color: #ff0000;\">260\u00d7240\u00d7650mm<\/span><\/p>\n<\/td>\n<td>\n<p>540\u00d7270\u00d7720mm<\/p>\n<\/td>\n<td>\n<p>300\u00d7260\u00d7650mm<\/p>\n<\/td>\n<\/tr>\n<\/tbody>\n<\/table>\n<p>&nbsp;<\/p>\n<p data-section-blank=\"AliPostDhMb-fziwy\">&nbsp;<img decoding=\"async\" src=\"https:\/\/sc01.alicdn.com\/kf\/HTB1PYLdFVXXXXXiXpXXq6xXFXXXq\/64496\/HTB1PYLdFVXXXXXiXpXXq6xXFXXXq.jpg\" data-alt=\"DY95 Bubble tea machine Manual \/ Semi-auto Cup Sealing Machine (for cup diameter 95mm)\" style=\"width: 326px; height: 434px;\" ori-width=\"600\" ori-height=\"800\" class=\"aligncenter\"><img decoding=\"async\" src=\"https:\/\/sc01.alicdn.com\/kf\/HTB1zg1.FVXXXXcgXpXXq6xXFXXXl\/64496\/HTB1zg1.FVXXXXcgXpXXq6xXFXXXl.jpg\" data-alt=\"DY95 Bubble tea machine Manual \/ Semi-auto Cup Sealing Machine (for cup diameter 95mm)\" style=\"width: 325px; height: 433px;\" ori-width=\"600\" ori-height=\"800\" class=\"aligncenter\"><img decoding=\"async\" src=\"https:\/\/sc01.alicdn.com\/kf\/HTB19incFVXXXXcxXXXXq6xXFXXX5\/64496\/HTB19incFVXXXXcxXXXXq6xXFXXX5.jpg\" data-alt=\"DY95 Bubble tea machine Manual \/ Semi-auto Cup Sealing Machine (for cup diameter 95mm)\" style=\"width: 654px; height: 491px;\" ori-width=\"1000\" ori-height=\"750\" class=\"aligncenter\"><\/p>\n<p data-section-blank=\"AliPostDhMb-fziwy\">&nbsp;<\/p>\n<p data-section-blank=\"AliPostDhMb-fziwy\"><img decoding=\"async\" src=\"https:\/\/sc01.alicdn.com\/kf\/HTB1r_zcFVXXXXaTXXXXq6xXFXXXa\/64496\/HTB1r_zcFVXXXXaTXXXXq6xXFXXXa.jpg\" data-alt=\"DY95 Bubble tea machine Manual \/ Semi-auto Cup Sealing Machine (for cup diameter 95mm)\" style=\"width: 245px; height: 326px;\" ori-width=\"450\" ori-height=\"600\" class=\"aligncenter\"><img decoding=\"async\" src=\"https:\/\/sc01.alicdn.com\/kf\/HTB1qTlZFVXXXXbRaXXXq6xXFXXXR\/64496\/HTB1qTlZFVXXXXbRaXXXq6xXFXXXR.jpg\" data-alt=\"DY95 Bubble tea machine Manual \/ Semi-auto Cup Sealing Machine (for cup diameter 95mm)\" style=\"width: 336px; height: 327px;\" ori-width=\"480\" ori-height=\"348\" class=\"aligncenter\"><\/p>\n<div id=\"ali-anchor-AliPostDhMb-fziwy\" style=\"padding-top: 8px;\" data-section=\"AliPostDhMb-fziwy\" data-section-title=\"Packaging &amp; Shipping\">\n<div id=\"ali-title-AliPostDhMb-fziwy\" style=\"padding: 8px 0; border-bottom: 1px solid #ddd;\"><\/div>\n<\/div>","protected":false},"excerpt":{"rendered":"<p>Dy95 Machine \u00e0 th\u00e9 \u00e0 bulles Machine \u00e0 sceller les gobelets manuelle \/ semi-automatique (pour gobelets de diam\u00e8tre 95mm)<\/p>","protected":false},"featured_media":3200,"comment_status":"closed","ping_status":"open","template":"","meta":[],"product_brand":[],"product_cat":[97],"product_tag":[],"class_list":{"0":"post-3199","1":"product","2":"type-product","3":"status-publish","4":"has-post-thumbnail","6":"product_cat-sealing-machines","8":"first","9":"instock","10":"sale","11":"purchasable","12":"product-type-simple"},"yoast_head":"<!-- This site is optimized with the Yoast SEO Premium plugin v20.9 (Yoast SEO v26.5) - https:\/\/yoast.com\/wordpress\/plugins\/seo\/ -->\n<title>DY95 Bubble tea machine Manual \/ Semi-auto Cup Sealing Machine (for cup diameter 95mm) - ALF PACK<\/title>\n<meta name=\"robots\" content=\"index, follow, max-snippet:-1, max-image-preview:large, max-video-preview:-1\" \/>\n<link rel=\"canonical\" href=\"https:\/\/alfequipment.com\/fr\/product\/dy95-machine-a-the-a-bulles-manuelle-semi-automatique-machine-a-sceller-les-gobelets-pour-un-diametre-de-gobelet-de-95mm\/\" \/>\n<meta property=\"og:locale\" content=\"fr_FR\" \/>\n<meta property=\"og:type\" content=\"article\" \/>\n<meta property=\"og:title\" content=\"DY95 Bubble tea machine Manual \/ Semi-auto Cup Sealing Machine (for cup diameter 95mm)\" \/>\n<meta property=\"og:description\" content=\"Dy95 Bubble Tea Machine Manual \/ Semi-auto Cup Sealing Machine (for Cup Diameter 95mm)\" \/>\n<meta property=\"og:url\" content=\"https:\/\/alfequipment.com\/fr\/product\/dy95-machine-a-the-a-bulles-manuelle-semi-automatique-machine-a-sceller-les-gobelets-pour-un-diametre-de-gobelet-de-95mm\/\" \/>\n<meta property=\"og:site_name\" content=\"ALF PACK\" \/>\n<meta property=\"article:modified_time\" content=\"2025-01-13T13:14:22+00:00\" \/>\n<meta property=\"og:image\" content=\"https:\/\/alfequipment.com\/wp-content\/uploads\/2025\/01\/Hf2166f74fb2f4d31a0cab478575e5c5fU.jpg\" \/>\n\t<meta property=\"og:image:width\" content=\"800\" \/>\n\t<meta property=\"og:image:height\" content=\"800\" \/>\n\t<meta property=\"og:image:type\" content=\"image\/webp\" \/>\n<meta name=\"twitter:card\" content=\"summary_large_image\" \/>\n<meta name=\"twitter:label1\" content=\"Dur\u00e9e de lecture estim\u00e9e\" \/>\n\t<meta name=\"twitter:data1\" content=\"1 minute\" \/>\n<script type=\"application\/ld+json\" class=\"yoast-schema-graph\">{\"@context\":\"https:\/\/schema.org\",\"@graph\":[{\"@type\":\"WebPage\",\"@id\":\"https:\/\/alfequipment.com\/product\/dy95-bubble-tea-machine-manual-semi-auto-cup-sealing-machine-for-cup-diameter-95mm\/\",\"url\":\"https:\/\/alfequipment.com\/product\/dy95-bubble-tea-machine-manual-semi-auto-cup-sealing-machine-for-cup-diameter-95mm\/\",\"name\":\"DY95 Bubble tea machine Manual \/ Semi-auto Cup Sealing Machine (for cup diameter 95mm) - ALF PACK\",\"isPartOf\":{\"@id\":\"https:\/\/alfequipment.com\/#website\"},\"primaryImageOfPage\":{\"@id\":\"https:\/\/alfequipment.com\/product\/dy95-bubble-tea-machine-manual-semi-auto-cup-sealing-machine-for-cup-diameter-95mm\/#primaryimage\"},\"image\":{\"@id\":\"https:\/\/alfequipment.com\/product\/dy95-bubble-tea-machine-manual-semi-auto-cup-sealing-machine-for-cup-diameter-95mm\/#primaryimage\"},\"thumbnailUrl\":\"https:\/\/alfequipment.com\/wp-content\/uploads\/2025\/01\/Hf2166f74fb2f4d31a0cab478575e5c5fU.jpg\",\"datePublished\":\"2024-12-11T18:19:50+00:00\",\"dateModified\":\"2025-01-13T13:14:22+00:00\",\"breadcrumb\":{\"@id\":\"https:\/\/alfequipment.com\/product\/dy95-bubble-tea-machine-manual-semi-auto-cup-sealing-machine-for-cup-diameter-95mm\/#breadcrumb\"},\"inLanguage\":\"fr-FR\",\"potentialAction\":[{\"@type\":\"ReadAction\",\"target\":[\"https:\/\/alfequipment.com\/product\/dy95-bubble-tea-machine-manual-semi-auto-cup-sealing-machine-for-cup-diameter-95mm\/\"]}]},{\"@type\":\"ImageObject\",\"inLanguage\":\"fr-FR\",\"@id\":\"https:\/\/alfequipment.com\/product\/dy95-bubble-tea-machine-manual-semi-auto-cup-sealing-machine-for-cup-diameter-95mm\/#primaryimage\",\"url\":\"https:\/\/alfequipment.com\/wp-content\/uploads\/2025\/01\/Hf2166f74fb2f4d31a0cab478575e5c5fU.jpg\",\"contentUrl\":\"https:\/\/alfequipment.com\/wp-content\/uploads\/2025\/01\/Hf2166f74fb2f4d31a0cab478575e5c5fU.jpg\",\"width\":800,\"height\":800},{\"@type\":\"BreadcrumbList\",\"@id\":\"https:\/\/alfequipment.com\/product\/dy95-bubble-tea-machine-manual-semi-auto-cup-sealing-machine-for-cup-diameter-95mm\/#breadcrumb\",\"itemListElement\":[{\"@type\":\"ListItem\",\"position\":1,\"name\":\"Home\",\"item\":\"https:\/\/alfequipment.com\/\"},{\"@type\":\"ListItem\",\"position\":2,\"name\":\"Shop\",\"item\":\"https:\/\/alfequipment.com\/shop\/\"},{\"@type\":\"ListItem\",\"position\":3,\"name\":\"DY95 Bubble tea machine Manual \/ Semi-auto Cup Sealing Machine (for cup diameter 95mm)\"}]},{\"@type\":\"WebSite\",\"@id\":\"https:\/\/alfequipment.com\/#website\",\"url\":\"https:\/\/alfequipment.com\/\",\"name\":\"ALF PACK\",\"description\":\"\",\"publisher\":{\"@id\":\"https:\/\/alfequipment.com\/#organization\"},\"potentialAction\":[{\"@type\":\"SearchAction\",\"target\":{\"@type\":\"EntryPoint\",\"urlTemplate\":\"https:\/\/alfequipment.com\/?s={search_term_string}\"},\"query-input\":{\"@type\":\"PropertyValueSpecification\",\"valueRequired\":true,\"valueName\":\"search_term_string\"}}],\"inLanguage\":\"fr-FR\"},{\"@type\":\"Organization\",\"@id\":\"https:\/\/alfequipment.com\/#organization\",\"name\":\"ALF PACK\",\"url\":\"https:\/\/alfequipment.com\/\",\"logo\":{\"@type\":\"ImageObject\",\"inLanguage\":\"fr-FR\",\"@id\":\"https:\/\/alfequipment.com\/#\/schema\/logo\/image\/\",\"url\":\"https:\/\/alfequipment.com\/wp-content\/uploads\/2024\/11\/ALFlogo-2.webp\",\"contentUrl\":\"https:\/\/alfequipment.com\/wp-content\/uploads\/2024\/11\/ALFlogo-2.webp\",\"width\":758,\"height\":750,\"caption\":\"ALF PACK\"},\"image\":{\"@id\":\"https:\/\/alfequipment.com\/#\/schema\/logo\/image\/\"}}]}<\/script>\n<!-- \/ Yoast SEO Premium plugin. -->","yoast_head_json":{"title":"DY95 Machine \u00e0 th\u00e9 \u00e0 bulles Machine \u00e0 sceller les gobelets manuelle \/ semi-automatique (pour gobelets de 95mm de diam\u00e8tre) - ALF PACK","robots":{"index":"index","follow":"follow","max-snippet":"max-snippet:-1","max-image-preview":"max-image-preview:large","max-video-preview":"max-video-preview:-1"},"canonical":"https:\/\/alfequipment.com\/fr\/product\/dy95-machine-a-the-a-bulles-manuelle-semi-automatique-machine-a-sceller-les-gobelets-pour-un-diametre-de-gobelet-de-95mm\/","og_locale":"fr_FR","og_type":"article","og_title":"DY95 Bubble tea machine Manual \/ Semi-auto Cup Sealing Machine (for cup diameter 95mm)","og_description":"Dy95 Bubble Tea Machine Manual \/ Semi-auto Cup Sealing Machine (for Cup Diameter 95mm)","og_url":"https:\/\/alfequipment.com\/fr\/product\/dy95-machine-a-the-a-bulles-manuelle-semi-automatique-machine-a-sceller-les-gobelets-pour-un-diametre-de-gobelet-de-95mm\/","og_site_name":"ALF PACK","article_modified_time":"2025-01-13T13:14:22+00:00","og_image":[{"width":800,"height":800,"url":"https:\/\/alfequipment.com\/wp-content\/uploads\/2025\/01\/Hf2166f74fb2f4d31a0cab478575e5c5fU.jpg","type":"image\/webp"}],"twitter_card":"summary_large_image","twitter_misc":{"Dur\u00e9e de lecture estim\u00e9e":"1 minute"},"schema":{"@context":"https:\/\/schema.org","@graph":[{"@type":"WebPage","@id":"https:\/\/alfequipment.com\/product\/dy95-bubble-tea-machine-manual-semi-auto-cup-sealing-machine-for-cup-diameter-95mm\/","url":"https:\/\/alfequipment.com\/product\/dy95-bubble-tea-machine-manual-semi-auto-cup-sealing-machine-for-cup-diameter-95mm\/","name":"DY95 Machine \u00e0 th\u00e9 \u00e0 bulles Machine \u00e0 sceller les gobelets manuelle \/ semi-automatique (pour gobelets de 95mm de diam\u00e8tre) - ALF PACK","isPartOf":{"@id":"https:\/\/alfequipment.com\/#website"},"primaryImageOfPage":{"@id":"https:\/\/alfequipment.com\/product\/dy95-bubble-tea-machine-manual-semi-auto-cup-sealing-machine-for-cup-diameter-95mm\/#primaryimage"},"image":{"@id":"https:\/\/alfequipment.com\/product\/dy95-bubble-tea-machine-manual-semi-auto-cup-sealing-machine-for-cup-diameter-95mm\/#primaryimage"},"thumbnailUrl":"https:\/\/alfequipment.com\/wp-content\/uploads\/2025\/01\/Hf2166f74fb2f4d31a0cab478575e5c5fU.jpg","datePublished":"2024-12-11T18:19:50+00:00","dateModified":"2025-01-13T13:14:22+00:00","breadcrumb":{"@id":"https:\/\/alfequipment.com\/product\/dy95-bubble-tea-machine-manual-semi-auto-cup-sealing-machine-for-cup-diameter-95mm\/#breadcrumb"},"inLanguage":"fr-FR","potentialAction":[{"@type":"ReadAction","target":["https:\/\/alfequipment.com\/product\/dy95-bubble-tea-machine-manual-semi-auto-cup-sealing-machine-for-cup-diameter-95mm\/"]}]},{"@type":"ImageObject","inLanguage":"fr-FR","@id":"https:\/\/alfequipment.com\/product\/dy95-bubble-tea-machine-manual-semi-auto-cup-sealing-machine-for-cup-diameter-95mm\/#primaryimage","url":"https:\/\/alfequipment.com\/wp-content\/uploads\/2025\/01\/Hf2166f74fb2f4d31a0cab478575e5c5fU.jpg","contentUrl":"https:\/\/alfequipment.com\/wp-content\/uploads\/2025\/01\/Hf2166f74fb2f4d31a0cab478575e5c5fU.jpg","width":800,"height":800},{"@type":"BreadcrumbList","@id":"https:\/\/alfequipment.com\/product\/dy95-bubble-tea-machine-manual-semi-auto-cup-sealing-machine-for-cup-diameter-95mm\/#breadcrumb","itemListElement":[{"@type":"ListItem","position":1,"name":"Home","item":"https:\/\/alfequipment.com\/"},{"@type":"ListItem","position":2,"name":"Shop","item":"https:\/\/alfequipment.com\/shop\/"},{"@type":"ListItem","position":3,"name":"DY95 Bubble tea machine Manual \/ Semi-auto Cup Sealing Machine (for cup diameter 95mm)"}]},{"@type":"WebSite","@id":"https:\/\/alfequipment.com\/#website","url":"https:\/\/alfequipment.com\/","name":"PACK ALF","description":"","publisher":{"@id":"https:\/\/alfequipment.com\/#organization"},"potentialAction":[{"@type":"SearchAction","target":{"@type":"EntryPoint","urlTemplate":"https:\/\/alfequipment.com\/?s={search_term_string}"},"query-input":{"@type":"PropertyValueSpecification","valueRequired":true,"valueName":"search_term_string"}}],"inLanguage":"fr-FR"},{"@type":"Organization","@id":"https:\/\/alfequipment.com\/#organization","name":"PACK ALF","url":"https:\/\/alfequipment.com\/","logo":{"@type":"ImageObject","inLanguage":"fr-FR","@id":"https:\/\/alfequipment.com\/#\/schema\/logo\/image\/","url":"https:\/\/alfequipment.com\/wp-content\/uploads\/2024\/11\/ALFlogo-2.webp","contentUrl":"https:\/\/alfequipment.com\/wp-content\/uploads\/2024\/11\/ALFlogo-2.webp","width":758,"height":750,"caption":"ALF PACK"},"image":{"@id":"https:\/\/alfequipment.com\/#\/schema\/logo\/image\/"}}]}},"_links":{"self":[{"href":"https:\/\/alfequipment.com\/fr\/wp-json\/wp\/v2\/product\/3199","targetHints":{"allow":["GET"]}}],"collection":[{"href":"https:\/\/alfequipment.com\/fr\/wp-json\/wp\/v2\/product"}],"about":[{"href":"https:\/\/alfequipment.com\/fr\/wp-json\/wp\/v2\/types\/product"}],"replies":[{"embeddable":true,"href":"https:\/\/alfequipment.com\/fr\/wp-json\/wp\/v2\/comments?post=3199"}],"version-history":[{"count":0,"href":"https:\/\/alfequipment.com\/fr\/wp-json\/wp\/v2\/product\/3199\/revisions"}],"wp:featuredmedia":[{"embeddable":true,"href":"https:\/\/alfequipment.com\/fr\/wp-json\/wp\/v2\/media\/3200"}],"wp:attachment":[{"href":"https:\/\/alfequipment.com\/fr\/wp-json\/wp\/v2\/media?parent=3199"}],"wp:term":[{"taxonomy":"product_brand","embeddable":true,"href":"https:\/\/alfequipment.com\/fr\/wp-json\/wp\/v2\/product_brand?post=3199"},{"taxonomy":"product_cat","embeddable":true,"href":"https:\/\/alfequipment.com\/fr\/wp-json\/wp\/v2\/product_cat?post=3199"},{"taxonomy":"product_tag","embeddable":true,"href":"https:\/\/alfequipment.com\/fr\/wp-json\/wp\/v2\/product_tag?post=3199"}],"curies":[{"name":"wp","href":"https:\/\/api.w.org\/{rel}","templated":true}]}}