{"id":3205,"date":"2024-12-16T21:20:52","date_gmt":"2024-12-16T21:20:52","guid":{"rendered":"https:\/\/alfequipment.com\/product\/dz600vs-vertical-type-external-vacuum-packager-sealing-packaging-machine\/"},"modified":"2025-01-13T13:14:34","modified_gmt":"2025-01-13T13:14:34","slug":"machine-demballage-sous-vide-externe-verticale-dz600vs","status":"publish","type":"product","link":"https:\/\/alfequipment.com\/fr\/product\/machine-demballage-sous-vide-externe-verticale-dz600vs\/","title":{"rendered":"DZ600VS Machine \u00e0 emballer et \u00e0 sceller sous vide externe de type vertical"},"content":{"rendered":"<div data-host=\"111234190\" data-magic-global=\"%7B%22bizId%22%3A17179933680%2C%22pageId%22%3A5022580706%2C%22siteId%22%3A5005331025%7D\" data-id=\"detail_decorate_root\" id=\"detail_decorate_root\">\n<div id=\"ali-anchor-AliMagic-0qcs0j\" data-section=\"AliMagic-0qcs0j\" data-section-title=\"Product Description\" class=\"magic-0\"><span style=\"font-family: &quot;Times New Roman&quot;;\">La machine d'emballage sous vide externe verticale peut achever l'ensemble des programmes d'extraction sous vide, d'injection de gaz, de scellage, de refroidissement et d'\u00e9vacuation automatiquement. Apr\u00e8s l'emballage, les produits sont prot\u00e9g\u00e9s contre l'oxydation, les moisissures, les insectes et l'humidit\u00e9, et peuvent donc rester frais plus longtemps. Il s'agit d'un mod\u00e8le externe efficace et durable qui permet d'obtenir des r\u00e9sultats exceptionnels en mati\u00e8re d'emballage sous vide.<\/span><\/div>\n<div class=\"detail-decorate-json-renderer-container\">\n<div class=\"magic-1\">\n<div class=\"magic-2\">\n<div class=\"magic-3\">\n<div class=\"magic-4\">\n     <\/div>\n<\/p><\/div>\n<\/p><\/div>\n<\/p><\/div>\n<\/p><\/div>\n<div class=\"detail-decorate-json-renderer-container\">\n<div class=\"magic-1\">\n<div class=\"magic-8\">\n<div class=\"magic-3\">\n<div class=\"magic-9\">\n      <img decoding=\"async\" src=\"https:\/\/sc02.alicdn.com\/kf\/H179dc07b92424d1c9c277fd89c1167d27\/64496\/H179dc07b92424d1c9c277fd89c1167d27.jpg\" data-id=\"img0\" class=\"aligncenter\">\n     <\/div>\n<\/p><\/div>\n<\/p><\/div>\n<div class=\"magic-11\">\n<div class=\"magic-3\">\n<div class=\"ife-detail-decorate-table\">\n<table class=\"has-title all magic-12\" data-id=\"table0\">\n<tbody>\n<tr>\n<td colspan=\"1\" rowspan=\"1\">\n<div class=\"magic-13\">\n           Mod\u00e8le\n          <\/div>\n<\/td>\n<td colspan=\"1\" rowspan=\"1\">\n<div class=\"magic-14\">\n           DZ-600VS\n          <\/div>\n<\/td>\n<\/tr>\n<tr>\n<td colspan=\"1\" rowspan=\"1\">\n<div class=\"magic-13\">\n           Alimentation \u00e9lectrique\n          <\/div>\n<\/td>\n<td colspan=\"1\" rowspan=\"1\">\n<div class=\"magic-14\">\n           220-240V 50-60HZ\n          <\/div>\n<\/td>\n<\/tr>\n<tr>\n<td colspan=\"1\" rowspan=\"1\">\n<div class=\"magic-13\">\n           Puissance de chauffage\n          <\/div>\n<\/td>\n<td colspan=\"1\" rowspan=\"1\">\n<div class=\"magic-14\">\n           0,8kw\n          <\/div>\n<\/td>\n<\/tr>\n<tr>\n<td colspan=\"1\" rowspan=\"1\">\n<div class=\"magic-13\">\n           Puissance de la pompe \u00e0 vide\n          <\/div>\n<\/td>\n<td colspan=\"1\" rowspan=\"1\">\n<div class=\"magic-14\">\n           0,75kw\n          <\/div>\n<\/td>\n<\/tr>\n<tr>\n<td colspan=\"1\" rowspan=\"1\">\n<div class=\"magic-13\">\n           Taille de la barre de soudure\n          <\/div>\n<\/td>\n<td colspan=\"1\" rowspan=\"1\">\n<div class=\"magic-14\">\n           600*10mm\n          <\/div>\n<\/td>\n<\/tr>\n<tr>\n<td colspan=\"1\" rowspan=\"1\">\n<div class=\"magic-13\">\n           Capacit\u00e9 de la pompe \u00e0 vide\n          <\/div>\n<\/td>\n<td colspan=\"1\" rowspan=\"1\">\n<div class=\"magic-14\">\n           20m\u00b3\/h\n          <\/div>\n<\/td>\n<\/tr>\n<tr>\n<td colspan=\"1\" rowspan=\"1\">\n<div class=\"magic-15\">\n           \u00c9paisseur du film\n          <\/div>\n<\/td>\n<td colspan=\"1\" rowspan=\"1\">\n<div class=\"magic-16\">\n           \u22640.18mm\n          <\/div>\n<\/td>\n<\/tr>\n<tr>\n<td colspan=\"1\" rowspan=\"1\">\n<div class=\"magic-15\">\n           Taille de la machine\n          <\/div>\n<\/td>\n<td colspan=\"1\" rowspan=\"1\">\n<div class=\"magic-16\">\n           620*560*1360mm\n          <\/div>\n<\/td>\n<\/tr>\n<tr>\n<td colspan=\"1\" rowspan=\"1\">\n<div class=\"magic-15\">\n           Poids de la machine\n          <\/div>\n<\/td>\n<td colspan=\"1\" rowspan=\"1\">\n<div class=\"magic-16\">\n           85 kg\n          <\/div>\n<\/td>\n<\/tr>\n<\/tbody>\n<\/table><\/div>\n<\/p><\/div>\n<\/p><\/div>\n<\/p><\/div>\n<\/p><\/div>\n<div class=\"icbu-pc-detailManyImage magic-17\" data-module-name=\"icbu-pc-detailManyImage\">\n<div class=\"magic-18\">\n   <img decoding=\"async\" src=\"https:\/\/sc01.alicdn.com\/kf\/Hccdd59b570914717b501d25db2ff7018l\/64496\/Hccdd59b570914717b501d25db2ff7018l.jpg\" class=\"aligncenter\">\n  <\/div>\n<div class=\"magic-18\">\n   <img decoding=\"async\" src=\"https:\/\/sc02.alicdn.com\/kf\/H99c561ee4de641eb871c81e5f36c1c9bi\/64496\/H99c561ee4de641eb871c81e5f36c1c9bi.jpg\" class=\"aligncenter\">\n  <\/div>\n<div class=\"magic-18\">\n   <img decoding=\"async\" src=\"https:\/\/sc01.alicdn.com\/kf\/Hbadae767624d4073bbb1e95380ce4d080\/64496\/Hbadae767624d4073bbb1e95380ce4d080.jpg\" class=\"aligncenter\">\n  <\/div>\n<div class=\"magic-18\">\n   <img decoding=\"async\" src=\"https:\/\/sc02.alicdn.com\/kf\/H6c62dc33c02f4a34841ca4b923d6f940k\/64496\/H6c62dc33c02f4a34841ca4b923d6f940k.jpg\" class=\"aligncenter\">\n  <\/div>\n<\/p><\/div>\n<div class=\"icbu-pc-images magic-20\">\n<div>\n<div class=\"flex-layout-v\">\n<div class=\"flex-layout-h magic-20\">\n<div class=\"magic-21\">\n      <img decoding=\"async\" src=\"https:\/\/sc01.alicdn.com\/kf\/H3858c5879da24cfd9cec86f9885dce01z\/64496\/H3858c5879da24cfd9cec86f9885dce01z.jpg\" class=\"aligncenter\">\n     <\/div>\n<\/p><\/div>\n<\/p><\/div>\n<\/p><\/div>\n<\/p><\/div>\n<div class=\"icbu-pc-images magic-20\">\n<div>\n<div class=\"flex-layout-v\">\n<div class=\"flex-layout-h magic-20\">\n<div class=\"magic-23\">\n      <img decoding=\"async\" src=\"https:\/\/sc02.alicdn.com\/kf\/H68ff4d4d7dc2442ab90ded7932334b49d\/64496\/H68ff4d4d7dc2442ab90ded7932334b49d.jpg\" data-id=\"child-image-0\" class=\"aligncenter\">\n     <\/div>\n<div class=\"magic-25\">\n      <img decoding=\"async\" src=\"https:\/\/sc01.alicdn.com\/kf\/H6feed763a7ad4362b8ca201ade96f081V\/64496\/H6feed763a7ad4362b8ca201ade96f081V.jpg\" data-id=\"child-image-1\" class=\"aligncenter\">\n     <\/div>\n<\/p><\/div>\n<\/p><\/div>\n<\/p><\/div>\n<\/p><\/div>\n<div class=\"icbu-pc-images magic-20\">\n<div>\n<div class=\"flex-layout-v\">\n<div class=\"flex-layout-h magic-20\">\n<div class=\"magic-23\">\n      <img decoding=\"async\" src=\"https:\/\/sc02.alicdn.com\/kf\/H1fde625cdea5497aa8291fb75d32e657e\/64496\/H1fde625cdea5497aa8291fb75d32e657e.jpg\" data-id=\"child-image-0\" class=\"aligncenter\">\n     <\/div>\n<div class=\"magic-25\">\n      <img decoding=\"async\" src=\"https:\/\/sc01.alicdn.com\/kf\/Hd4a189ff02b3452cae79d31ed2f26d783\/64496\/Hd4a189ff02b3452cae79d31ed2f26d783.jpg\" data-id=\"child-image-1\" class=\"aligncenter\">\n     <\/div>\n<\/p><\/div>\n<\/p><\/div>\n<\/p><\/div>\n<\/p><\/div>\n<div id=\"ali-anchor-AliMagic-z4u6cc\" data-section=\"AliMagic-z4u6cc\" data-section-title=\"Related Products\" class=\"magic-0\">\n  Produits apparent\u00e9s\n <\/div>\n<div data-magic=\"{&quot;mds&quot;:{&quot;assetsVersion&quot;:&quot;0.0.9&quot;,&quot;assetsPackageName&quot;:&quot;icbumod&quot;,&quot;moduleNameAlias&quot;:&quot;icbu-pc-detailSellerRecommend&quot;,&quot;moduleData&quot;:{&quot;config&quot;:{&quot;columnCount&quot;:4,&quot;titleKey&quot;:6,&quot;products&quot;:[1222125724,62292374579,1233067035,702918704]}}},&quot;version&quot;:1}\" class=\"icbu-pc-detailSellerRecommend magic-26\"><\/div>\n<div id=\"ali-anchor-AliMagic-54uy8r\" data-section=\"AliMagic-54uy8r\" data-section-title=\"Packing&amp;Shipping\" class=\"magic-0\">\n  Emballage et exp\u00e9dition\n <\/div>\n<div class=\"icbu-pc-images magic-20\">\n<div>\n<div class=\"flex-layout-v\">\n<div class=\"flex-layout-h magic-20\">\n<div class=\"magic-27\">\n      <img decoding=\"async\" src=\"https:\/\/sc02.alicdn.com\/kf\/HTB1I1WfdNjaK1RjSZFAq6zdLFXaU\/64496\/HTB1I1WfdNjaK1RjSZFAq6zdLFXaU.jpg\" class=\"aligncenter\">\n     <\/div>\n<\/p><\/div>\n<\/p><\/div>\n<\/p><\/div>\n<\/p><\/div>\n<div id=\"ali-anchor-AliMagic-gek7tr\" data-section=\"AliMagic-gek7tr\" data-section-title=\"After Sales Service\" class=\"magic-0\"><\/div>\n<div class=\"icbu-pc-images magic-20\">\n<div>\n<div class=\"flex-layout-v\">\n<div class=\"flex-layout-h magic-20\">\n    <\/div>\n<\/p><\/div>\n<\/p><\/div>\n<\/p><\/div>\n<\/div>","protected":false},"excerpt":{"rendered":"<p>Dz-600vs Machine d'emballage et de scellage sous vide<\/p>","protected":false},"featured_media":3206,"comment_status":"closed","ping_status":"open","template":"","meta":[],"product_brand":[],"product_cat":[100],"product_tag":[],"class_list":{"0":"post-3205","1":"product","2":"type-product","3":"status-publish","4":"has-post-thumbnail","6":"product_cat-vacuum-packing-machines","8":"first","9":"instock","10":"sale","11":"purchasable","12":"product-type-simple"},"yoast_head":"<!-- This site is optimized with the Yoast SEO Premium plugin v20.9 (Yoast SEO v26.5) - https:\/\/yoast.com\/wordpress\/plugins\/seo\/ -->\n<title>DZ600VS Vertical type External Vacuum Packager Sealing Packaging Machine - ALF PACK<\/title>\n<meta name=\"robots\" content=\"index, follow, max-snippet:-1, max-image-preview:large, max-video-preview:-1\" \/>\n<link rel=\"canonical\" href=\"https:\/\/alfequipment.com\/fr\/product\/machine-demballage-sous-vide-externe-verticale-dz600vs\/\" \/>\n<meta property=\"og:locale\" content=\"fr_FR\" \/>\n<meta property=\"og:type\" content=\"article\" \/>\n<meta property=\"og:title\" content=\"DZ600VS Vertical type External Vacuum Packager Sealing Packaging Machine\" \/>\n<meta property=\"og:description\" content=\"Dz-600vs Vacuum Sealing Packaging Machine\" \/>\n<meta property=\"og:url\" content=\"https:\/\/alfequipment.com\/fr\/product\/machine-demballage-sous-vide-externe-verticale-dz600vs\/\" \/>\n<meta property=\"og:site_name\" content=\"ALF PACK\" \/>\n<meta property=\"article:modified_time\" content=\"2025-01-13T13:14:34+00:00\" \/>\n<meta property=\"og:image\" content=\"https:\/\/alfequipment.com\/wp-content\/uploads\/2025\/01\/H80e6ef7baead4bc1a3cd67390413f6a9w.jpg\" \/>\n\t<meta property=\"og:image:width\" content=\"800\" \/>\n\t<meta property=\"og:image:height\" content=\"800\" \/>\n\t<meta property=\"og:image:type\" content=\"image\/webp\" \/>\n<meta name=\"twitter:card\" content=\"summary_large_image\" \/>\n<script type=\"application\/ld+json\" class=\"yoast-schema-graph\">{\"@context\":\"https:\/\/schema.org\",\"@graph\":[{\"@type\":\"WebPage\",\"@id\":\"https:\/\/alfequipment.com\/product\/dz600vs-vertical-type-external-vacuum-packager-sealing-packaging-machine\/\",\"url\":\"https:\/\/alfequipment.com\/product\/dz600vs-vertical-type-external-vacuum-packager-sealing-packaging-machine\/\",\"name\":\"DZ600VS Vertical type External Vacuum Packager Sealing Packaging Machine - ALF PACK\",\"isPartOf\":{\"@id\":\"https:\/\/alfequipment.com\/#website\"},\"primaryImageOfPage\":{\"@id\":\"https:\/\/alfequipment.com\/product\/dz600vs-vertical-type-external-vacuum-packager-sealing-packaging-machine\/#primaryimage\"},\"image\":{\"@id\":\"https:\/\/alfequipment.com\/product\/dz600vs-vertical-type-external-vacuum-packager-sealing-packaging-machine\/#primaryimage\"},\"thumbnailUrl\":\"https:\/\/alfequipment.com\/wp-content\/uploads\/2025\/01\/H80e6ef7baead4bc1a3cd67390413f6a9w.jpg\",\"datePublished\":\"2024-12-16T21:20:52+00:00\",\"dateModified\":\"2025-01-13T13:14:34+00:00\",\"breadcrumb\":{\"@id\":\"https:\/\/alfequipment.com\/product\/dz600vs-vertical-type-external-vacuum-packager-sealing-packaging-machine\/#breadcrumb\"},\"inLanguage\":\"fr-FR\",\"potentialAction\":[{\"@type\":\"ReadAction\",\"target\":[\"https:\/\/alfequipment.com\/product\/dz600vs-vertical-type-external-vacuum-packager-sealing-packaging-machine\/\"]}]},{\"@type\":\"ImageObject\",\"inLanguage\":\"fr-FR\",\"@id\":\"https:\/\/alfequipment.com\/product\/dz600vs-vertical-type-external-vacuum-packager-sealing-packaging-machine\/#primaryimage\",\"url\":\"https:\/\/alfequipment.com\/wp-content\/uploads\/2025\/01\/H80e6ef7baead4bc1a3cd67390413f6a9w.jpg\",\"contentUrl\":\"https:\/\/alfequipment.com\/wp-content\/uploads\/2025\/01\/H80e6ef7baead4bc1a3cd67390413f6a9w.jpg\",\"width\":800,\"height\":800},{\"@type\":\"BreadcrumbList\",\"@id\":\"https:\/\/alfequipment.com\/product\/dz600vs-vertical-type-external-vacuum-packager-sealing-packaging-machine\/#breadcrumb\",\"itemListElement\":[{\"@type\":\"ListItem\",\"position\":1,\"name\":\"Home\",\"item\":\"https:\/\/alfequipment.com\/\"},{\"@type\":\"ListItem\",\"position\":2,\"name\":\"Shop\",\"item\":\"https:\/\/alfequipment.com\/shop\/\"},{\"@type\":\"ListItem\",\"position\":3,\"name\":\"DZ600VS Vertical type External Vacuum Packager Sealing Packaging Machine\"}]},{\"@type\":\"WebSite\",\"@id\":\"https:\/\/alfequipment.com\/#website\",\"url\":\"https:\/\/alfequipment.com\/\",\"name\":\"ALF PACK\",\"description\":\"\",\"publisher\":{\"@id\":\"https:\/\/alfequipment.com\/#organization\"},\"potentialAction\":[{\"@type\":\"SearchAction\",\"target\":{\"@type\":\"EntryPoint\",\"urlTemplate\":\"https:\/\/alfequipment.com\/?s={search_term_string}\"},\"query-input\":{\"@type\":\"PropertyValueSpecification\",\"valueRequired\":true,\"valueName\":\"search_term_string\"}}],\"inLanguage\":\"fr-FR\"},{\"@type\":\"Organization\",\"@id\":\"https:\/\/alfequipment.com\/#organization\",\"name\":\"ALF PACK\",\"url\":\"https:\/\/alfequipment.com\/\",\"logo\":{\"@type\":\"ImageObject\",\"inLanguage\":\"fr-FR\",\"@id\":\"https:\/\/alfequipment.com\/#\/schema\/logo\/image\/\",\"url\":\"https:\/\/alfequipment.com\/wp-content\/uploads\/2024\/11\/ALFlogo-2.webp\",\"contentUrl\":\"https:\/\/alfequipment.com\/wp-content\/uploads\/2024\/11\/ALFlogo-2.webp\",\"width\":758,\"height\":750,\"caption\":\"ALF PACK\"},\"image\":{\"@id\":\"https:\/\/alfequipment.com\/#\/schema\/logo\/image\/\"}}]}<\/script>\n<!-- \/ Yoast SEO Premium plugin. -->","yoast_head_json":{"title":"DZ600VS Machine \u00e0 emballer sous vide externe verticale - ALF PACK","robots":{"index":"index","follow":"follow","max-snippet":"max-snippet:-1","max-image-preview":"max-image-preview:large","max-video-preview":"max-video-preview:-1"},"canonical":"https:\/\/alfequipment.com\/fr\/product\/machine-demballage-sous-vide-externe-verticale-dz600vs\/","og_locale":"fr_FR","og_type":"article","og_title":"DZ600VS Vertical type External Vacuum Packager Sealing Packaging Machine","og_description":"Dz-600vs Vacuum Sealing Packaging Machine","og_url":"https:\/\/alfequipment.com\/fr\/product\/machine-demballage-sous-vide-externe-verticale-dz600vs\/","og_site_name":"ALF PACK","article_modified_time":"2025-01-13T13:14:34+00:00","og_image":[{"width":800,"height":800,"url":"https:\/\/alfequipment.com\/wp-content\/uploads\/2025\/01\/H80e6ef7baead4bc1a3cd67390413f6a9w.jpg","type":"image\/webp"}],"twitter_card":"summary_large_image","schema":{"@context":"https:\/\/schema.org","@graph":[{"@type":"WebPage","@id":"https:\/\/alfequipment.com\/product\/dz600vs-vertical-type-external-vacuum-packager-sealing-packaging-machine\/","url":"https:\/\/alfequipment.com\/product\/dz600vs-vertical-type-external-vacuum-packager-sealing-packaging-machine\/","name":"DZ600VS Machine \u00e0 emballer sous vide externe verticale - ALF PACK","isPartOf":{"@id":"https:\/\/alfequipment.com\/#website"},"primaryImageOfPage":{"@id":"https:\/\/alfequipment.com\/product\/dz600vs-vertical-type-external-vacuum-packager-sealing-packaging-machine\/#primaryimage"},"image":{"@id":"https:\/\/alfequipment.com\/product\/dz600vs-vertical-type-external-vacuum-packager-sealing-packaging-machine\/#primaryimage"},"thumbnailUrl":"https:\/\/alfequipment.com\/wp-content\/uploads\/2025\/01\/H80e6ef7baead4bc1a3cd67390413f6a9w.jpg","datePublished":"2024-12-16T21:20:52+00:00","dateModified":"2025-01-13T13:14:34+00:00","breadcrumb":{"@id":"https:\/\/alfequipment.com\/product\/dz600vs-vertical-type-external-vacuum-packager-sealing-packaging-machine\/#breadcrumb"},"inLanguage":"fr-FR","potentialAction":[{"@type":"ReadAction","target":["https:\/\/alfequipment.com\/product\/dz600vs-vertical-type-external-vacuum-packager-sealing-packaging-machine\/"]}]},{"@type":"ImageObject","inLanguage":"fr-FR","@id":"https:\/\/alfequipment.com\/product\/dz600vs-vertical-type-external-vacuum-packager-sealing-packaging-machine\/#primaryimage","url":"https:\/\/alfequipment.com\/wp-content\/uploads\/2025\/01\/H80e6ef7baead4bc1a3cd67390413f6a9w.jpg","contentUrl":"https:\/\/alfequipment.com\/wp-content\/uploads\/2025\/01\/H80e6ef7baead4bc1a3cd67390413f6a9w.jpg","width":800,"height":800},{"@type":"BreadcrumbList","@id":"https:\/\/alfequipment.com\/product\/dz600vs-vertical-type-external-vacuum-packager-sealing-packaging-machine\/#breadcrumb","itemListElement":[{"@type":"ListItem","position":1,"name":"Home","item":"https:\/\/alfequipment.com\/"},{"@type":"ListItem","position":2,"name":"Shop","item":"https:\/\/alfequipment.com\/shop\/"},{"@type":"ListItem","position":3,"name":"DZ600VS Vertical type External Vacuum Packager Sealing Packaging Machine"}]},{"@type":"WebSite","@id":"https:\/\/alfequipment.com\/#website","url":"https:\/\/alfequipment.com\/","name":"PACK ALF","description":"","publisher":{"@id":"https:\/\/alfequipment.com\/#organization"},"potentialAction":[{"@type":"SearchAction","target":{"@type":"EntryPoint","urlTemplate":"https:\/\/alfequipment.com\/?s={search_term_string}"},"query-input":{"@type":"PropertyValueSpecification","valueRequired":true,"valueName":"search_term_string"}}],"inLanguage":"fr-FR"},{"@type":"Organization","@id":"https:\/\/alfequipment.com\/#organization","name":"PACK ALF","url":"https:\/\/alfequipment.com\/","logo":{"@type":"ImageObject","inLanguage":"fr-FR","@id":"https:\/\/alfequipment.com\/#\/schema\/logo\/image\/","url":"https:\/\/alfequipment.com\/wp-content\/uploads\/2024\/11\/ALFlogo-2.webp","contentUrl":"https:\/\/alfequipment.com\/wp-content\/uploads\/2024\/11\/ALFlogo-2.webp","width":758,"height":750,"caption":"ALF PACK"},"image":{"@id":"https:\/\/alfequipment.com\/#\/schema\/logo\/image\/"}}]}},"_links":{"self":[{"href":"https:\/\/alfequipment.com\/fr\/wp-json\/wp\/v2\/product\/3205","targetHints":{"allow":["GET"]}}],"collection":[{"href":"https:\/\/alfequipment.com\/fr\/wp-json\/wp\/v2\/product"}],"about":[{"href":"https:\/\/alfequipment.com\/fr\/wp-json\/wp\/v2\/types\/product"}],"replies":[{"embeddable":true,"href":"https:\/\/alfequipment.com\/fr\/wp-json\/wp\/v2\/comments?post=3205"}],"version-history":[{"count":0,"href":"https:\/\/alfequipment.com\/fr\/wp-json\/wp\/v2\/product\/3205\/revisions"}],"wp:featuredmedia":[{"embeddable":true,"href":"https:\/\/alfequipment.com\/fr\/wp-json\/wp\/v2\/media\/3206"}],"wp:attachment":[{"href":"https:\/\/alfequipment.com\/fr\/wp-json\/wp\/v2\/media?parent=3205"}],"wp:term":[{"taxonomy":"product_brand","embeddable":true,"href":"https:\/\/alfequipment.com\/fr\/wp-json\/wp\/v2\/product_brand?post=3205"},{"taxonomy":"product_cat","embeddable":true,"href":"https:\/\/alfequipment.com\/fr\/wp-json\/wp\/v2\/product_cat?post=3205"},{"taxonomy":"product_tag","embeddable":true,"href":"https:\/\/alfequipment.com\/fr\/wp-json\/wp\/v2\/product_tag?post=3205"}],"curies":[{"name":"wp","href":"https:\/\/api.w.org\/{rel}","templated":true}]}}