{"id":3207,"date":"2024-12-14T09:59:39","date_gmt":"2024-12-14T09:59:39","guid":{"rendered":"https:\/\/alfequipment.com\/product\/dz600-2sb-double-chamber-vacuum-packaging-machine-optionwith-gas-flushing-system\/"},"modified":"2025-01-13T13:14:37","modified_gmt":"2025-01-13T13:14:37","slug":"dz600-2sb-machine-demballage-sous-vide-a-double-chambre-option-avec-systeme-de-rincage-au-gaz","status":"publish","type":"product","link":"https:\/\/alfequipment.com\/fr\/product\/dz600-2sb-machine-demballage-sous-vide-a-double-chambre-option-avec-systeme-de-rincage-au-gaz\/","title":{"rendered":"DZ600-2SB Machine d'emballage sous vide \u00e0 double chambre (Option : avec syst\u00e8me de rin\u00e7age au gaz)"},"content":{"rendered":"<div data-maya=\"{&quot;theme&quot;:{&quot;face&quot;:&quot;yin&quot;,&quot;fontFace&quot;:&quot;Roboto&quot;,&quot;fontSize&quot;:22,&quot;colors&quot;:1},&quot;items&quot;:[{&quot;title&quot;:&quot;a7nl6&quot;,&quot;formats&quot;:[[[{&quot;ib6xb&quot;:&quot;H&quot;},{&quot;kt0zl&quot;:&quot;P&quot;}]],[{&quot;88sni&quot;:{&quot;name&quot;:&quot;Tc&quot;,&quot;theme&quot;:&quot;col-header&quot;,&quot;tableCfgs&quot;:{&quot;sizes&quot;:{&quot;colWidths&quot;:[267,436],&quot;rowHeights&quot;:[22,22,22,22,22,22,22,22,22]}}}}],[{&quot;81c3e&quot;:&quot;Ia&quot;}],[[{&quot;lg4ms&quot;:&quot;Ib&quot;},[{&quot;wkdpt&quot;:&quot;Id&quot;},{&quot;8ta0j&quot;:&quot;Id&quot;}]]],[{&quot;7dwdo&quot;:&quot;Ia&quot;}]]},{&quot;title&quot;:&quot;vfi21&quot;,&quot;formats&quot;:[[{&quot;msiug&quot;:&quot;Ii&quot;},{&quot;b0pa3&quot;:&quot;Ii&quot;},{&quot;qwnn2&quot;:&quot;Ii&quot;}]]},{&quot;title&quot;:&quot;jzz9u&quot;,&quot;formats&quot;:[[{&quot;oq62e&quot;:&quot;Ia&quot;}]]},{&quot;title&quot;:&quot;fwpg5&quot;,&quot;formats&quot;:[[{&quot;wbzx0&quot;:&quot;Ih&quot;},{&quot;fuzdf&quot;:{&quot;name&quot;:&quot;Te&quot;,&quot;theme&quot;:&quot;double-header&quot;,&quot;tableCfgs&quot;:{&quot;sizes&quot;:{&quot;colWidths&quot;:[72,252],&quot;rowHeights&quot;:[23,23,23,196]}}}}]]},{&quot;title&quot;:&quot;i32gh&quot;,&quot;formats&quot;:[[[[{&quot;vpajj&quot;:&quot;Im&quot;},{&quot;hcunl&quot;:&quot;Im&quot;},{&quot;34n9k&quot;:&quot;Im&quot;}],[[{&quot;qen3p&quot;:&quot;H&quot;},{&quot;d4rt7&quot;:&quot;P&quot;}],[{&quot;pc831&quot;:&quot;H&quot;},{&quot;kprsr&quot;:&quot;P&quot;}],[{&quot;420wl&quot;:&quot;H&quot;},{&quot;j2bx1&quot;:&quot;P&quot;}]]]]]},{&quot;title&quot;:&quot;x035m&quot;,&quot;formats&quot;:[]}]}\">\n<div>\n<div style=\"vertical-align: top;padding-top: 15px; padding-bottom: 15px;\">\n<div style=\"vertical-align: top;padding-top: 10px; padding-bottom: 10px; margin-right: -4px; margin-left: -4px;\">\n<div style=\"vertical-align: top; box-sizing: border-box; padding-right: 4px; padding-left: 4px;margin-top: -4px; margin-bottom: -4px;\">\n<div id=\"kt0zl\" style=\"vertical-align: top; box-sizing: border-box; padding-top: 4px; padding-bottom: 4px\">\n<p style=\"margin:0;padding:0;\">&nbsp;DZ600-2SB :<\/p>\n<p style=\"margin:0;padding:0;\">1) La machine d'emballage sous vide \u00e0 double chambre est caract\u00e9ris\u00e9e par le traitement automatique de la mise sous vide, du scellage, de l'impression et du refroidissement en une seule op\u00e9ration. <\/p>\n<p>2. il dispose de deux chambres \u00e0 vide. L'op\u00e9rateur peut pr\u00e9parer les sacs pour le prochain emballage sous vide dans une autre chambre lorsqu'une chambre est en cours d'emballage.<\/p>\n<p>3. elle est donc plus efficace qu'une machine \u00e0 chambre unique.<\/p>\n<p>4. il est largement utilis\u00e9 dans l'emballage sous vide pour les industries alimentaires, pharmaceutiques, aquatiques, chimiques et \u00e9lectroniques. <\/p>\n<p>5. l'emballage sous vide permet d'\u00e9viter l'oxydation et la moisissure, ainsi que la corrosion et l'humidit\u00e9. <\/p>\n<p>6. il prolonge la dur\u00e9e de vie et la fra\u00eecheur des produits pendant une p\u00e9riode de stockage prolong\u00e9e.<\/p>\n<p>DZQ600-2SB :<br \/>remplit le sac d'un certain type de gaz, tel que l'azote, apr\u00e8s l'avoir mis sous vide. L'azote permet de prolonger la dur\u00e9e de fra\u00eecheur par rapport \u00e0 l'\u00e9tat sous vide.<\/p>\n<\/p><\/div>\n<\/p><\/div>\n<\/p><\/div>\n<div style=\"vertical-align: top;padding-top: 10px; padding-bottom: 10px; margin-right: -4px; margin-left: -4px;\">\n<div id=\"88sni\" style=\"vertical-align: top; box-sizing: border-box; padding-right: 4px; padding-left: 4px\">\n<table style=\"width: auto; border-collapse: collapse; word-wrap: break-word;\" class=\"aliDataTable\">\n<tbody>\n<tr>\n<td style=\"background-color: rgb(218, 226, 237);\">\n<div style=\"width: 267px; height: 22px; padding: 5px 10px; overflow: hidden;\">\n          Mod\u00e8le\n         <\/div>\n<\/td>\n<td>\n<div style=\"width: 436px; height: auto; padding: 5px 10px; overflow: hidden;\">\n          DZ600-2SB \/ DZQ600-2SB (avec remplissage de gaz)\n         <\/div>\n<\/td>\n<\/tr>\n<tr>\n<td style=\"background-color: rgb(218, 226, 237);\">\n<div style=\"width: 267px; height: 22px; padding: 5px 10px; overflow: hidden;\">\n          Source d'alimentation\n         <\/div>\n<\/td>\n<td>\n<div style=\"width: 436px; height: 22px; padding: 5px 10px; overflow: hidden;\">\n          220V\/50Hz\n         <\/div>\n<\/td>\n<\/tr>\n<tr>\n<td style=\"background-color: rgb(218, 226, 237);\">\n<div style=\"width: 267px; height: 22px; padding: 5px 10px; overflow: hidden;\">\n          Puissance\n         <\/div>\n<\/td>\n<td>\n<div style=\"width: 436px; height: 22px; padding: 5px 10px; overflow: hidden;\">\n          3,1KW\n         <\/div>\n<\/td>\n<\/tr>\n<tr>\n<td style=\"background-color: rgb(218, 226, 237);\">\n<div style=\"width: 267px; height: 22px; padding: 5px 10px; overflow: hidden;\">\n          Vitesse d'\u00e9tanch\u00e9it\u00e9\n         <\/div>\n<\/td>\n<td>\n<div style=\"width: 436px; height: 22px; padding: 5px 10px; overflow: hidden;\">\n          1-4 fois\/minutes\n         <\/div>\n<\/td>\n<\/tr>\n<tr>\n<td style=\"background-color: rgb(218, 226, 237);\">\n<div style=\"width: 267px; height: 22px; padding: 5px 10px; overflow: hidden;\">\n          Taille de la salle de travail\n         <\/div>\n<\/td>\n<td>\n<div style=\"width: 436px; height: 22px; padding: 5px 10px; overflow: hidden;\">\n          L670\u00d7L540\u00d7H110mm\n         <\/div>\n<\/td>\n<\/tr>\n<tr>\n<td style=\"background-color: rgb(218, 226, 237);\">\n<div style=\"width: 267px; height: 22px; padding: 5px 10px; overflow: hidden;\">\n          Longueur d'\u00e9tanch\u00e9it\u00e9\n         <\/div>\n<\/td>\n<td>\n<div style=\"width: 436px; height: 22px; padding: 5px 10px; overflow: hidden;\">\n          600*10mm\n         <\/div>\n<\/td>\n<\/tr>\n<tr>\n<td style=\"background-color: rgb(218, 226, 237);\">\n<div style=\"width: 267px; height: 22px; padding: 5px 10px; overflow: hidden;\">\n          CODE SH\n         <\/div>\n<\/td>\n<td>\n<div style=\"width: 436px; height: 22px; padding: 5px 10px; overflow: hidden;\">\n          8422400000\n         <\/div>\n<\/td>\n<\/tr>\n<tr>\n<td style=\"background-color: rgb(218, 226, 237);\">\n<div style=\"width: 267px; height: 22px; padding: 5px 10px; overflow: hidden;\">\n          Poids\n         <\/div>\n<\/td>\n<td>\n<div style=\"width: 436px; height: 22px; padding: 5px 10px; overflow: hidden;\">\n          320 kg\n         <\/div>\n<\/td>\n<\/tr>\n<tr>\n<td style=\"background-color: rgb(218, 226, 237);\">\n<div style=\"width: 267px; height: 22px; padding: 5px 10px; overflow: hidden;\">\n          Taille ext\u00e9rieure\n         <\/div>\n<\/td>\n<td>\n<div style=\"width: 436px; height: 22px; padding: 5px 10px; overflow: hidden;\">\n          L1550\u00d7L850\u00d7H1020mm\n         <\/div>\n<\/td>\n<\/tr>\n<\/tbody>\n<\/table><\/div>\n<\/p><\/div>\n<div style=\"vertical-align: top;padding-top: 10px; padding-bottom: 10px; margin-right: -4px; margin-left: -4px;\">\n<div id=\"81c3e\" style=\"vertical-align: top; box-sizing: border-box; padding-right: 4px; padding-left: 4px\">\n<div style=\"overflow: hidden; width: 750px; height: 750px;\">\n      <img decoding=\"async\" src=\"https:\/\/sc02.alicdn.com\/kf\/HTB1GHyoaPDuK1Rjy1zjq6zraFXaL\/64496\/HTB1GHyoaPDuK1Rjy1zjq6zraFXaL.jpg\" style=\"width: 750px; height: 750px; margin-left: 0px; margin-top: 0px;\" class=\"aligncenter\">\n     <\/div>\n<\/p><\/div>\n<\/p><\/div>\n<div style=\"vertical-align: top;padding-top: 10px; padding-bottom: 10px; margin-right: -4px; margin-left: -4px;\">\n<div style=\"vertical-align: top; box-sizing: border-box; padding-right: 4px; padding-left: 4px;margin-top: -4px; margin-bottom: -4px;\">\n<div id=\"lg4ms\" style=\"vertical-align: top; box-sizing: border-box; padding-top: 4px; padding-bottom: 4px\">\n<div style=\"overflow: hidden; width: 750px; height: 320px;\">\n       <img decoding=\"async\" src=\"https:\/\/sc01.alicdn.com\/kf\/HTB1wrCkaTjxK1Rjy0Fnq6yBaFXau\/64496\/HTB1wrCkaTjxK1Rjy0Fnq6yBaFXau.jpg\" style=\"width: 750px; height: 500.25px; margin-left: 0px; margin-top: -105px;\" class=\"aligncenter\">\n      <\/div>\n<\/p><\/div>\n<div style=\"vertical-align: top; box-sizing: border-box; padding-top: 4px; padding-bottom: 4px;margin-right: -4px; margin-left: -4px;\">\n<div id=\"wkdpt\" style=\"vertical-align: top; width: 50%; display: inline-block; box-sizing: border-box; padding-right: 4px; padding-left: 4px\">\n<div style=\"overflow: hidden; width: 371px; height: 200px;\">\n        <img decoding=\"async\" src=\"https:\/\/sc01.alicdn.com\/kf\/HTB1B0egaODxK1RjSsphq6zHrpXaa\/64496\/HTB1B0egaODxK1RjSsphq6zHrpXaa.jpg\" style=\"width: 371px; height: 247.457px; margin-left: 0px; margin-top: -23px;\" class=\"aligncenter\">\n       <\/div>\n<\/p><\/div>\n<div id=\"8ta0j\" style=\"vertical-align: top; width: 50%; display: inline-block; box-sizing: border-box; padding-right: 4px; padding-left: 4px\">\n<div style=\"overflow: hidden; width: 371px; height: 200px;\">\n        <img decoding=\"async\" src=\"https:\/\/sc01.alicdn.com\/kf\/HTB1DKGeaUjrK1RkHFNRq6ySvpXaa\/64496\/HTB1DKGeaUjrK1RkHFNRq6ySvpXaa.jpg\" style=\"width: 371px; height: 247.457px; margin-left: 0px; margin-top: -7px;\" class=\"aligncenter\">\n       <\/div>\n<\/p><\/div>\n<\/p><\/div>\n<\/p><\/div>\n<\/p><\/div>\n<div style=\"vertical-align: top;padding-top: 10px; padding-bottom: 10px; margin-right: -4px; margin-left: -4px;\">\n<div id=\"7dwdo\" style=\"vertical-align: top; box-sizing: border-box; padding-right: 4px; padding-left: 4px\">\n<div style=\"overflow: hidden; width: 750px; height: 990.19px;\">\n      <img decoding=\"async\" src=\"https:\/\/sc02.alicdn.com\/kf\/HTB16hV9aUvrK1RjSspcq6zzSXXaM\/64496\/HTB16hV9aUvrK1RjSspcq6zzSXXaM.jpg\" style=\"width: 750px; height: 990.19px; margin-left: 0px; margin-top: 0px;\" class=\"aligncenter\"><\/div>\n<\/div>\n<\/div>\n<\/div><\/div>\n<\/div>","protected":false},"excerpt":{"rendered":"<p>Machine d'emballage sous vide \u00e0 double chambre avec syst\u00e8me de remplissage au gaz<\/p>","protected":false},"featured_media":3208,"comment_status":"closed","ping_status":"open","template":"","meta":[],"product_brand":[],"product_cat":[100],"product_tag":[],"class_list":{"0":"post-3207","1":"product","2":"type-product","3":"status-publish","4":"has-post-thumbnail","6":"product_cat-vacuum-packing-machines","8":"first","9":"instock","10":"sale","11":"purchasable","12":"product-type-simple"},"yoast_head":"<!-- This site is optimized with the Yoast SEO Premium plugin v20.9 (Yoast SEO v26.5) - https:\/\/yoast.com\/wordpress\/plugins\/seo\/ -->\n<title>DZ600-2SB Double chamber Vacuum Packaging Machine (Option:with gas flushing system) - ALF PACK<\/title>\n<meta name=\"robots\" content=\"index, follow, max-snippet:-1, max-image-preview:large, max-video-preview:-1\" \/>\n<link rel=\"canonical\" href=\"https:\/\/alfequipment.com\/fr\/product\/dz600-2sb-machine-demballage-sous-vide-a-double-chambre-option-avec-systeme-de-rincage-au-gaz\/\" \/>\n<meta property=\"og:locale\" content=\"fr_FR\" \/>\n<meta property=\"og:type\" content=\"article\" \/>\n<meta property=\"og:title\" content=\"DZ600-2SB Double chamber Vacuum Packaging Machine (Option:with gas flushing system)\" \/>\n<meta property=\"og:description\" content=\"Double Chamber Vacuum Packaging Machine With Gas Filling System\" \/>\n<meta property=\"og:url\" content=\"https:\/\/alfequipment.com\/fr\/product\/dz600-2sb-machine-demballage-sous-vide-a-double-chambre-option-avec-systeme-de-rincage-au-gaz\/\" \/>\n<meta property=\"og:site_name\" content=\"ALF PACK\" \/>\n<meta property=\"article:modified_time\" content=\"2025-01-13T13:14:37+00:00\" \/>\n<meta property=\"og:image\" content=\"https:\/\/alfequipment.com\/wp-content\/uploads\/2025\/01\/HTB1jK5XaUvrK1RjSspcq6zzSXXaF.jpg\" \/>\n\t<meta property=\"og:image:width\" content=\"800\" \/>\n\t<meta property=\"og:image:height\" content=\"800\" \/>\n\t<meta property=\"og:image:type\" content=\"image\/webp\" \/>\n<meta name=\"twitter:card\" content=\"summary_large_image\" \/>\n<meta name=\"twitter:label1\" content=\"Dur\u00e9e de lecture estim\u00e9e\" \/>\n\t<meta name=\"twitter:data1\" content=\"1 minute\" \/>\n<script type=\"application\/ld+json\" class=\"yoast-schema-graph\">{\"@context\":\"https:\/\/schema.org\",\"@graph\":[{\"@type\":\"WebPage\",\"@id\":\"https:\/\/alfequipment.com\/product\/dz600-2sb-double-chamber-vacuum-packaging-machine-optionwith-gas-flushing-system\/\",\"url\":\"https:\/\/alfequipment.com\/product\/dz600-2sb-double-chamber-vacuum-packaging-machine-optionwith-gas-flushing-system\/\",\"name\":\"DZ600-2SB Double chamber Vacuum Packaging Machine (Option:with gas flushing system) - ALF PACK\",\"isPartOf\":{\"@id\":\"https:\/\/alfequipment.com\/#website\"},\"primaryImageOfPage\":{\"@id\":\"https:\/\/alfequipment.com\/product\/dz600-2sb-double-chamber-vacuum-packaging-machine-optionwith-gas-flushing-system\/#primaryimage\"},\"image\":{\"@id\":\"https:\/\/alfequipment.com\/product\/dz600-2sb-double-chamber-vacuum-packaging-machine-optionwith-gas-flushing-system\/#primaryimage\"},\"thumbnailUrl\":\"https:\/\/alfequipment.com\/wp-content\/uploads\/2025\/01\/HTB1jK5XaUvrK1RjSspcq6zzSXXaF.jpg\",\"datePublished\":\"2024-12-14T09:59:39+00:00\",\"dateModified\":\"2025-01-13T13:14:37+00:00\",\"breadcrumb\":{\"@id\":\"https:\/\/alfequipment.com\/product\/dz600-2sb-double-chamber-vacuum-packaging-machine-optionwith-gas-flushing-system\/#breadcrumb\"},\"inLanguage\":\"fr-FR\",\"potentialAction\":[{\"@type\":\"ReadAction\",\"target\":[\"https:\/\/alfequipment.com\/product\/dz600-2sb-double-chamber-vacuum-packaging-machine-optionwith-gas-flushing-system\/\"]}]},{\"@type\":\"ImageObject\",\"inLanguage\":\"fr-FR\",\"@id\":\"https:\/\/alfequipment.com\/product\/dz600-2sb-double-chamber-vacuum-packaging-machine-optionwith-gas-flushing-system\/#primaryimage\",\"url\":\"https:\/\/alfequipment.com\/wp-content\/uploads\/2025\/01\/HTB1jK5XaUvrK1RjSspcq6zzSXXaF.jpg\",\"contentUrl\":\"https:\/\/alfequipment.com\/wp-content\/uploads\/2025\/01\/HTB1jK5XaUvrK1RjSspcq6zzSXXaF.jpg\",\"width\":800,\"height\":800},{\"@type\":\"BreadcrumbList\",\"@id\":\"https:\/\/alfequipment.com\/product\/dz600-2sb-double-chamber-vacuum-packaging-machine-optionwith-gas-flushing-system\/#breadcrumb\",\"itemListElement\":[{\"@type\":\"ListItem\",\"position\":1,\"name\":\"Home\",\"item\":\"https:\/\/alfequipment.com\/\"},{\"@type\":\"ListItem\",\"position\":2,\"name\":\"Shop\",\"item\":\"https:\/\/alfequipment.com\/shop\/\"},{\"@type\":\"ListItem\",\"position\":3,\"name\":\"DZ600-2SB Double chamber Vacuum Packaging Machine (Option:with gas flushing system)\"}]},{\"@type\":\"WebSite\",\"@id\":\"https:\/\/alfequipment.com\/#website\",\"url\":\"https:\/\/alfequipment.com\/\",\"name\":\"ALF PACK\",\"description\":\"\",\"publisher\":{\"@id\":\"https:\/\/alfequipment.com\/#organization\"},\"potentialAction\":[{\"@type\":\"SearchAction\",\"target\":{\"@type\":\"EntryPoint\",\"urlTemplate\":\"https:\/\/alfequipment.com\/?s={search_term_string}\"},\"query-input\":{\"@type\":\"PropertyValueSpecification\",\"valueRequired\":true,\"valueName\":\"search_term_string\"}}],\"inLanguage\":\"fr-FR\"},{\"@type\":\"Organization\",\"@id\":\"https:\/\/alfequipment.com\/#organization\",\"name\":\"ALF PACK\",\"url\":\"https:\/\/alfequipment.com\/\",\"logo\":{\"@type\":\"ImageObject\",\"inLanguage\":\"fr-FR\",\"@id\":\"https:\/\/alfequipment.com\/#\/schema\/logo\/image\/\",\"url\":\"https:\/\/alfequipment.com\/wp-content\/uploads\/2024\/11\/ALFlogo-2.webp\",\"contentUrl\":\"https:\/\/alfequipment.com\/wp-content\/uploads\/2024\/11\/ALFlogo-2.webp\",\"width\":758,\"height\":750,\"caption\":\"ALF PACK\"},\"image\":{\"@id\":\"https:\/\/alfequipment.com\/#\/schema\/logo\/image\/\"}}]}<\/script>\n<!-- \/ Yoast SEO Premium plugin. -->","yoast_head_json":{"title":"DZ600-2SB Machine \u00e0 emballer sous vide \u00e0 double chambre (Option : avec syst\u00e8me de rin\u00e7age au gaz) - ALF PACK","robots":{"index":"index","follow":"follow","max-snippet":"max-snippet:-1","max-image-preview":"max-image-preview:large","max-video-preview":"max-video-preview:-1"},"canonical":"https:\/\/alfequipment.com\/fr\/product\/dz600-2sb-machine-demballage-sous-vide-a-double-chambre-option-avec-systeme-de-rincage-au-gaz\/","og_locale":"fr_FR","og_type":"article","og_title":"DZ600-2SB Double chamber Vacuum Packaging Machine (Option:with gas flushing system)","og_description":"Double Chamber Vacuum Packaging Machine With Gas Filling System","og_url":"https:\/\/alfequipment.com\/fr\/product\/dz600-2sb-machine-demballage-sous-vide-a-double-chambre-option-avec-systeme-de-rincage-au-gaz\/","og_site_name":"ALF PACK","article_modified_time":"2025-01-13T13:14:37+00:00","og_image":[{"width":800,"height":800,"url":"https:\/\/alfequipment.com\/wp-content\/uploads\/2025\/01\/HTB1jK5XaUvrK1RjSspcq6zzSXXaF.jpg","type":"image\/webp"}],"twitter_card":"summary_large_image","twitter_misc":{"Dur\u00e9e de lecture estim\u00e9e":"1 minute"},"schema":{"@context":"https:\/\/schema.org","@graph":[{"@type":"WebPage","@id":"https:\/\/alfequipment.com\/product\/dz600-2sb-double-chamber-vacuum-packaging-machine-optionwith-gas-flushing-system\/","url":"https:\/\/alfequipment.com\/product\/dz600-2sb-double-chamber-vacuum-packaging-machine-optionwith-gas-flushing-system\/","name":"DZ600-2SB Machine \u00e0 emballer sous vide \u00e0 double chambre (Option : avec syst\u00e8me de rin\u00e7age au gaz) - ALF PACK","isPartOf":{"@id":"https:\/\/alfequipment.com\/#website"},"primaryImageOfPage":{"@id":"https:\/\/alfequipment.com\/product\/dz600-2sb-double-chamber-vacuum-packaging-machine-optionwith-gas-flushing-system\/#primaryimage"},"image":{"@id":"https:\/\/alfequipment.com\/product\/dz600-2sb-double-chamber-vacuum-packaging-machine-optionwith-gas-flushing-system\/#primaryimage"},"thumbnailUrl":"https:\/\/alfequipment.com\/wp-content\/uploads\/2025\/01\/HTB1jK5XaUvrK1RjSspcq6zzSXXaF.jpg","datePublished":"2024-12-14T09:59:39+00:00","dateModified":"2025-01-13T13:14:37+00:00","breadcrumb":{"@id":"https:\/\/alfequipment.com\/product\/dz600-2sb-double-chamber-vacuum-packaging-machine-optionwith-gas-flushing-system\/#breadcrumb"},"inLanguage":"fr-FR","potentialAction":[{"@type":"ReadAction","target":["https:\/\/alfequipment.com\/product\/dz600-2sb-double-chamber-vacuum-packaging-machine-optionwith-gas-flushing-system\/"]}]},{"@type":"ImageObject","inLanguage":"fr-FR","@id":"https:\/\/alfequipment.com\/product\/dz600-2sb-double-chamber-vacuum-packaging-machine-optionwith-gas-flushing-system\/#primaryimage","url":"https:\/\/alfequipment.com\/wp-content\/uploads\/2025\/01\/HTB1jK5XaUvrK1RjSspcq6zzSXXaF.jpg","contentUrl":"https:\/\/alfequipment.com\/wp-content\/uploads\/2025\/01\/HTB1jK5XaUvrK1RjSspcq6zzSXXaF.jpg","width":800,"height":800},{"@type":"BreadcrumbList","@id":"https:\/\/alfequipment.com\/product\/dz600-2sb-double-chamber-vacuum-packaging-machine-optionwith-gas-flushing-system\/#breadcrumb","itemListElement":[{"@type":"ListItem","position":1,"name":"Home","item":"https:\/\/alfequipment.com\/"},{"@type":"ListItem","position":2,"name":"Shop","item":"https:\/\/alfequipment.com\/shop\/"},{"@type":"ListItem","position":3,"name":"DZ600-2SB Double chamber Vacuum Packaging Machine (Option:with gas flushing system)"}]},{"@type":"WebSite","@id":"https:\/\/alfequipment.com\/#website","url":"https:\/\/alfequipment.com\/","name":"PACK ALF","description":"","publisher":{"@id":"https:\/\/alfequipment.com\/#organization"},"potentialAction":[{"@type":"SearchAction","target":{"@type":"EntryPoint","urlTemplate":"https:\/\/alfequipment.com\/?s={search_term_string}"},"query-input":{"@type":"PropertyValueSpecification","valueRequired":true,"valueName":"search_term_string"}}],"inLanguage":"fr-FR"},{"@type":"Organization","@id":"https:\/\/alfequipment.com\/#organization","name":"PACK ALF","url":"https:\/\/alfequipment.com\/","logo":{"@type":"ImageObject","inLanguage":"fr-FR","@id":"https:\/\/alfequipment.com\/#\/schema\/logo\/image\/","url":"https:\/\/alfequipment.com\/wp-content\/uploads\/2024\/11\/ALFlogo-2.webp","contentUrl":"https:\/\/alfequipment.com\/wp-content\/uploads\/2024\/11\/ALFlogo-2.webp","width":758,"height":750,"caption":"ALF PACK"},"image":{"@id":"https:\/\/alfequipment.com\/#\/schema\/logo\/image\/"}}]}},"_links":{"self":[{"href":"https:\/\/alfequipment.com\/fr\/wp-json\/wp\/v2\/product\/3207","targetHints":{"allow":["GET"]}}],"collection":[{"href":"https:\/\/alfequipment.com\/fr\/wp-json\/wp\/v2\/product"}],"about":[{"href":"https:\/\/alfequipment.com\/fr\/wp-json\/wp\/v2\/types\/product"}],"replies":[{"embeddable":true,"href":"https:\/\/alfequipment.com\/fr\/wp-json\/wp\/v2\/comments?post=3207"}],"version-history":[{"count":0,"href":"https:\/\/alfequipment.com\/fr\/wp-json\/wp\/v2\/product\/3207\/revisions"}],"wp:featuredmedia":[{"embeddable":true,"href":"https:\/\/alfequipment.com\/fr\/wp-json\/wp\/v2\/media\/3208"}],"wp:attachment":[{"href":"https:\/\/alfequipment.com\/fr\/wp-json\/wp\/v2\/media?parent=3207"}],"wp:term":[{"taxonomy":"product_brand","embeddable":true,"href":"https:\/\/alfequipment.com\/fr\/wp-json\/wp\/v2\/product_brand?post=3207"},{"taxonomy":"product_cat","embeddable":true,"href":"https:\/\/alfequipment.com\/fr\/wp-json\/wp\/v2\/product_cat?post=3207"},{"taxonomy":"product_tag","embeddable":true,"href":"https:\/\/alfequipment.com\/fr\/wp-json\/wp\/v2\/product_tag?post=3207"}],"curies":[{"name":"wp","href":"https:\/\/api.w.org\/{rel}","templated":true}]}}