{"id":3215,"date":"2024-12-15T15:01:33","date_gmt":"2024-12-15T15:01:33","guid":{"rendered":"https:\/\/alfequipment.com\/product\/dqfxc5045x-automatic-carton-sealer-pneumatic-box-sealing-packaging-machine-with-side-belt-conveyor\/"},"modified":"2025-01-13T14:43:52","modified_gmt":"2025-01-13T14:43:52","slug":"dqfxc5045x-machine-automatique-a-sceller-les-cartons-avec-convoyeur-lateral","status":"publish","type":"product","link":"https:\/\/alfequipment.com\/fr\/product\/dqfxc5045x-machine-automatique-a-sceller-les-cartons-avec-convoyeur-lateral\/","title":{"rendered":"DQFXC5045X Scelleuse automatique de bo\u00eetes pneumatique avec convoyeur lat\u00e9ral"},"content":{"rendered":"<div data-maya=\"{&quot;theme&quot;:{&quot;face&quot;:&quot;yin&quot;,&quot;fontFace&quot;:&quot;Roboto&quot;,&quot;fontSize&quot;:22,&quot;colors&quot;:1},&quot;items&quot;:[{&quot;title&quot;:&quot;4x203&quot;,&quot;formats&quot;:[[[{&quot;vjqwl&quot;:&quot;H&quot;},{&quot;2bms4&quot;:&quot;P&quot;}]],[{&quot;sf4i2&quot;:{&quot;name&quot;:&quot;Tc&quot;,&quot;theme&quot;:&quot;col-header&quot;,&quot;tableCfgs&quot;:{&quot;sizes&quot;:{&quot;colWidths&quot;:[247,81,164,166],&quot;rowHeights&quot;:[23,22,22,23,22,23,24,23]}}}}],[{&quot;fezev&quot;:&quot;Ia&quot;}],[[{&quot;lwwfj&quot;:&quot;Ib&quot;},[{&quot;3uhk0&quot;:&quot;Id&quot;},{&quot;12rdk&quot;:&quot;Id&quot;}]]],[{&quot;sivo1&quot;:&quot;Ia&quot;}],[[{&quot;soxmh&quot;:&quot;H&quot;},{&quot;a8x8d&quot;:&quot;P&quot;}]]]},{&quot;title&quot;:&quot;qact6&quot;,&quot;formats&quot;:[[{&quot;mx5al&quot;:&quot;Ig&quot;},{&quot;pos95&quot;:&quot;Ig&quot;},{&quot;jesfq&quot;:&quot;Ig&quot;},{&quot;kewvw&quot;:&quot;Ig&quot;}]]},{&quot;title&quot;:&quot;w5dbs&quot;,&quot;formats&quot;:[[{&quot;jdp6w&quot;:&quot;Ih&quot;},{&quot;7sbk2&quot;:{&quot;name&quot;:&quot;Te&quot;,&quot;theme&quot;:&quot;double-header&quot;,&quot;tableCfgs&quot;:{&quot;sizes&quot;:{&quot;colWidths&quot;:[72,252],&quot;rowHeights&quot;:[23,23,23,196]}}}}]]},{&quot;title&quot;:&quot;ne1yu&quot;,&quot;formats&quot;:[[{&quot;w036b&quot;:&quot;Ih&quot;},{&quot;2k1d7&quot;:&quot;Ih&quot;}]]}]}\">\n<div>\n<div style=\"vertical-align: top;padding-top: 15px; padding-bottom: 15px;\">\n<div style=\"vertical-align: top;padding-top: 10px; padding-bottom: 10px; margin-right: -4px; margin-left: -4px;\">\n<div style=\"vertical-align: top; box-sizing: border-box; padding-right: 4px; padding-left: 4px;margin-top: -4px; margin-bottom: -4px;\">\n<div id=\"vjqwl\" style=\"vertical-align: top; box-sizing: border-box; padding-top: 4px; padding-bottom: 4px\">1. la machine automatique \u00e0 sceller les cartons DQFXC5045 est principalement utilis\u00e9e pour sceller et emballer les cartons, et peut \u00eatre utilis\u00e9e de mani\u00e8re ind\u00e9pendante ou en tant que partie int\u00e9grante d'une ligne de production.<\/div>\n<div id=\"2bms4\" style=\"vertical-align: top; box-sizing: border-box; padding-top: 4px; padding-bottom: 4px\">\n<p style=\"margin:0;padding:0;\">2. la machine est largement utilis\u00e9e dans les secteurs de l'\u00e9lectricit\u00e9, de la maison, du textile, des denr\u00e9es alimentaires, des marchandises g\u00e9n\u00e9rales, de la m\u00e9decine et des industries chimiques.<\/p>\n<p>3. la machine peut s'adapter \u00e0 diff\u00e9rentes tailles de cartons.<\/p>\n<p>4. cette machine adopte la m\u00e9thode pneumatique pour l'emballage automatique, ce qui permet de surmonter certains inconv\u00e9nients li\u00e9s \u00e0 l'adoption de m\u00e9thodes manuelles ou semi-automatiques, tels que la vitesse lente et l'instabilit\u00e9 de la qualit\u00e9.<\/p>\n<p>5. cette machine n'endommagera pas la surface des objets emball\u00e9s.<\/p>\n<p>6. l'air-jar avec chaque point d'action adopte les produits AirTAC, la capacit\u00e9 est tr\u00e8s stable.<\/p>\n<\/p><\/div>\n<\/p><\/div>\n<\/p><\/div>\n<div style=\"vertical-align: top;padding-top: 10px; padding-bottom: 10px; margin-right: -4px; margin-left: -4px;\">\n<div id=\"sf4i2\" style=\"vertical-align: top; box-sizing: border-box; padding-right: 4px; padding-left: 4px\">\n<table style=\"width: auto; border-collapse: collapse; word-wrap: break-word;\" class=\"aliDataTable\">\n<tbody>\n<tr>\n<td style=\"background-color: rgb(218, 226, 237);\">\n<div style=\"width: 247px; height: 23px; padding: 5px 10px; overflow: hidden;\">\n          Mod\u00e8le\n         <\/div>\n<\/td>\n<td colspan=\"3\">\n<div style=\"width: 456px; height: auto; padding: 5px 10px; overflow: hidden;\">\n          DQFXC5045\n         <\/div>\n<\/td>\n<\/tr>\n<tr>\n<td style=\"background-color: rgb(218, 226, 237);\">\n<div style=\"width: 247px; height: 22px; padding: 5px 10px; overflow: hidden;\">\n          Capacit\u00e9 d'\u00e9tanch\u00e9it\u00e9\n         <\/div>\n<\/td>\n<td colspan=\"3\">\n<div style=\"width: 456px; height: 21px; padding: 5px 10px; overflow: hidden;\">\n          environ 1 000 cas standard par heure\n         <\/div>\n<\/td>\n<\/tr>\n<tr>\n<td style=\"background-color: rgb(218, 226, 237);\">\n<div style=\"width: 247px; height: 22px; padding: 5px 10px; overflow: hidden;\">\n          Bande adh\u00e9sive utilis\u00e9e\n         <\/div>\n<\/td>\n<td colspan=\"3\">\n<div style=\"width: 456px; height: 21px; padding: 5px 10px; overflow: hidden;\">\n          BOPP, ruban adh\u00e9sif sans eau, ruban adh\u00e9sif en PVC\n         <\/div>\n<\/td>\n<\/tr>\n<tr>\n<td style=\"background-color: rgb(218, 226, 237);\">\n<div style=\"width: 247px; height: 23px; padding: 5px 10px; overflow: hidden;\">\n          Largeur du ruban adh\u00e9sif\n         <\/div>\n<\/td>\n<td colspan=\"3\">\n<div style=\"width: 455px; height: auto; padding: 5px 10px; overflow: hidden;\">\n          36, 48 mm\n         <\/div>\n<\/td>\n<\/tr>\n<tr>\n<td style=\"background-color: rgb(218, 226, 237);\">\n<div style=\"width: 247px; height: 22px; padding: 5px 10px; overflow: hidden;\">\n          Sources d'\u00e9nergie\n         <\/div>\n<\/td>\n<td colspan=\"3\">\n<div style=\"width: 455px; height: 21px; padding: 5px 10px; overflow: hidden;\">\n          220V, 50Hz, 240W\n         <\/div>\n<\/td>\n<\/tr>\n<tr>\n<td style=\"background-color: rgb(218, 226, 237);\">\n<div style=\"width: 247px; height: 23px; padding: 5px 10px; overflow: hidden;\">\n          Dimensions maximales d'\u00e9tanch\u00e9it\u00e9 (L*H)\n         <\/div>\n<\/td>\n<td colspan=\"3\">\n<div style=\"width: 455px; height: auto; padding: 5px 10px; overflow: hidden;\">\n          450* 560 mm\n         <\/div>\n<\/td>\n<\/tr>\n<tr>\n<td style=\"background-color: rgb(218, 226, 237);\">\n<div style=\"width: 247px; height: 24px; padding: 5px 10px; overflow: hidden;\">\n          Dimensions minimales d'\u00e9tanch\u00e9it\u00e9 (L*H)\n         <\/div>\n<\/td>\n<td colspan=\"3\">\n<div style=\"width: 455px; height: 23px; padding: 5px 10px; overflow: hidden;\">\n<div>\n           80*90 mm<br \/>\n           \n          <\/div>\n<\/p><\/div>\n<\/td>\n<\/tr>\n<tr>\n<td style=\"background-color: rgb(218, 226, 237);\">\n<div style=\"width: 247px; height: 23px; padding: 5px 10px; overflow: hidden;\">\n          Taille de la machine\n         <\/div>\n<\/td>\n<td colspan=\"3\">\n<div style=\"width: 455px; height: 22px; padding: 5px 10px; overflow: hidden;\">\n          1990*890*1300~1530mm\n         <\/div>\n<\/td>\n<\/tr>\n<\/tbody>\n<\/table><\/div>\n<\/p><\/div>\n<div style=\"vertical-align: top;padding-top: 10px; padding-bottom: 10px; margin-right: -4px; margin-left: -4px;\">\n<div id=\"fezev\" style=\"vertical-align: top; box-sizing: border-box; padding-right: 4px; padding-left: 4px\">\n<div style=\"overflow: hidden; width: 750px; height: 750px;\">\n      <img decoding=\"async\" src=\"https:\/\/sc02.alicdn.com\/kf\/HTB1rOv_afjsK1Rjy1Xaq6zispXac\/64496\/HTB1rOv_afjsK1Rjy1Xaq6zispXac.jpg\" style=\"width: 750px; height: 750px; margin-left: 0px; margin-top: 0px;\" class=\"aligncenter\">\n     <\/div>\n<\/p><\/div>\n<\/p><\/div>\n<div style=\"vertical-align: top;padding-top: 10px; padding-bottom: 10px; margin-right: -4px; margin-left: -4px;\">\n<div style=\"vertical-align: top; box-sizing: border-box; padding-right: 4px; padding-left: 4px;margin-top: -4px; margin-bottom: -4px;\">\n<div id=\"lwwfj\" style=\"vertical-align: top; box-sizing: border-box; padding-top: 4px; padding-bottom: 4px\">\n<div style=\"overflow: hidden; width: 750px; height: 320px;\">\n       <img decoding=\"async\" src=\"https:\/\/sc01.alicdn.com\/kf\/HTB1gQb5acrrK1Rjy1zeq6xalFXa2\/64496\/HTB1gQb5acrrK1Rjy1zeq6xalFXa2.jpg\" style=\"width: 750px; height: 750px; margin-left: 0px; margin-top: -166px;\" class=\"aligncenter\">\n      <\/div>\n<\/p><\/div>\n<div style=\"vertical-align: top; box-sizing: border-box; padding-top: 4px; padding-bottom: 4px;margin-right: -4px; margin-left: -4px;\">\n<div id=\"3uhk0\" style=\"vertical-align: top; width: 50%; display: inline-block; box-sizing: border-box; padding-right: 4px; padding-left: 4px\">\n<div style=\"overflow: hidden; width: 371px; height: 200px;\">\n        <img decoding=\"async\" src=\"https:\/\/sc01.alicdn.com\/kf\/HTB1316YafvsK1RjSspdq6AZepXa9\/64496\/HTB1316YafvsK1RjSspdq6AZepXa9.jpg\" style=\"width: 371px; height: 371px; margin-left: 0px; margin-top: -128px;\" class=\"aligncenter\">\n       <\/div>\n<\/p><\/div>\n<div id=\"12rdk\" style=\"vertical-align: top; width: 50%; display: inline-block; box-sizing: border-box; padding-right: 4px; padding-left: 4px\">\n<div style=\"overflow: hidden; width: 371px; height: 200px;\">\n        <img decoding=\"async\" src=\"https:\/\/sc01.alicdn.com\/kf\/HTB1zXT4acnrK1RjSspkq6yuvXXah\/64496\/HTB1zXT4acnrK1RjSspkq6yuvXXah.jpg\" style=\"width: 371px; height: 371px; margin-left: 0px; margin-top: -89px;\" class=\"aligncenter\">\n       <\/div>\n<\/p><\/div>\n<\/p><\/div>\n<\/p><\/div>\n<\/p><\/div>\n<div style=\"vertical-align: top;padding-top: 10px; padding-bottom: 10px; margin-right: -4px; margin-left: -4px;\">\n<div id=\"sivo1\" style=\"vertical-align: top; box-sizing: border-box; padding-right: 4px; padding-left: 4px\">\n<div style=\"overflow: hidden; width: 750px; height: 453.797px;\">\n      <img decoding=\"async\" src=\"https:\/\/sc02.alicdn.com\/kf\/HTB1ZyP1aizxK1RjSspjq6AS.pXak\/64496\/HTB1ZyP1aizxK1RjSspjq6AS.pXak.jpg\" style=\"width: 750px; height: 453.797px; margin-left: 0px; margin-top: 0px;\" class=\"aligncenter\">\n     <\/div>\n<\/p><\/div>\n<\/p><\/div>\n<div style=\"vertical-align: top;padding-top: 10px; padding-bottom: 10px; margin-right: -4px; margin-left: -4px;\">\n<div style=\"vertical-align: top; box-sizing: border-box; padding-right: 4px; padding-left: 4px;margin-top: -4px; margin-bottom: -4px;\">\n<div id=\"soxmh\" style=\"vertical-align: top; box-sizing: border-box; padding-top: 4px; padding-bottom: 4px\">\n<h3 style=\"padding: 0px; font-size: 16px; line-height: 20px; font-weight: bold; margin: 0px;\"><font color=\"#3f6fff\">Caract\u00e9ristiques principales<\/font><\/h3>\n<\/p><\/div>\n<div id=\"a8x8d\" style=\"vertical-align: top; box-sizing: border-box; padding-top: 4px; padding-bottom: 4px\">\n<p style=\"margin:0;padding:0;\">1. Sceller des cartons de diff\u00e9rentes tailles sans ajustement par l'homme, il s'ajustera automatiquement ;<\/p>\n<p>2. La pression de scellage est r\u00e9glable, en fonction des diff\u00e9rents mat\u00e9riaux des cartons ;<\/p>\n<p>3. La force de pouss\u00e9e des bras de mouvement des deux c\u00f4t\u00e9s peut \u00eatre r\u00e9gl\u00e9e en fonction du poids des cartons ;<\/p>\n<p>4. Les bras de d\u00e9placement bilat\u00e9raux ajustent automatiquement les objets emball\u00e9s dans la bonne position ;<\/p>\n<p>5. Le cadre de mouvement est actionn\u00e9 par un double v\u00e9rin pneumatique, intelligent et souple, d'une grande long\u00e9vit\u00e9 ;<\/p>\n<p>6. Le carton de 20 kg peut \u00eatre transport\u00e9 r\u00e9guli\u00e8rement par un moteur de transport de grande puissance ;<\/p>\n<p>7. Les parties pneumatiques et \u00e9lectriques se combinent parfaitement, avec un fonctionnement pratique et simple ;<\/p>\n<p>8. La finesse de la structure et l'harmonie des couleurs sont un plaisir pour les yeux et l'esprit.<\/p>\n<\/div>\n<\/div>\n<\/div>\n<\/div>\n<div style=\"vertical-align: top;padding-top: 15px; padding-bottom: 15px;\">\n<div style=\"vertical-align: top;padding-top: 10px; padding-bottom: 10px; margin-right: -4px; margin-left: -4px;\">\n<div id=\"2k1d7\" style=\"vertical-align: top; width: 50%; display: inline-block; box-sizing: border-box; padding-right: 4px; padding-left: 4px\">\n    <\/div>\n<\/p><\/div>\n<\/p><\/div>\n<\/p><\/div>\n<\/div>","protected":false},"excerpt":{"rendered":"<p>Certification Ce Dqfxc5045x Scelleuse automatique de bo\u00eetes en carton<\/p>","protected":false},"featured_media":3216,"comment_status":"closed","ping_status":"open","template":"","meta":[],"product_brand":[],"product_cat":[116,97],"product_tag":[],"class_list":{"0":"post-3215","1":"product","2":"type-product","3":"status-publish","4":"has-post-thumbnail","6":"product_cat-carton-sealing-machine","7":"product_cat-sealing-machines","9":"first","10":"instock","11":"sale","12":"purchasable","13":"product-type-simple"},"yoast_head":"<!-- This site is optimized with the Yoast SEO Premium plugin v20.9 (Yoast SEO v26.5) - https:\/\/yoast.com\/wordpress\/plugins\/seo\/ -->\n<title>DQFXC5045X Automatic Carton sealer pneumatic box sealing packaging machine with side belt conveyor - ALF PACK<\/title>\n<meta name=\"robots\" content=\"index, follow, max-snippet:-1, max-image-preview:large, max-video-preview:-1\" \/>\n<link rel=\"canonical\" href=\"https:\/\/alfequipment.com\/fr\/product\/dqfxc5045x-machine-automatique-a-sceller-les-cartons-avec-convoyeur-lateral\/\" \/>\n<meta property=\"og:locale\" content=\"fr_FR\" \/>\n<meta property=\"og:type\" content=\"article\" \/>\n<meta property=\"og:title\" content=\"DQFXC5045X Automatic Carton sealer pneumatic box sealing packaging machine with side belt conveyor\" \/>\n<meta property=\"og:description\" content=\"Ce Certification Dqfxc5045x Automatic Carton Box Sealer\" \/>\n<meta property=\"og:url\" content=\"https:\/\/alfequipment.com\/fr\/product\/dqfxc5045x-machine-automatique-a-sceller-les-cartons-avec-convoyeur-lateral\/\" \/>\n<meta property=\"og:site_name\" content=\"ALF PACK\" \/>\n<meta property=\"article:modified_time\" content=\"2025-01-13T14:43:52+00:00\" \/>\n<meta property=\"og:image\" content=\"https:\/\/alfequipment.com\/wp-content\/uploads\/2025\/01\/DQFXC5045X-Automatic-Carton-sealer-pneumatic-box-sealing.jpg\" \/>\n\t<meta property=\"og:image:width\" content=\"800\" \/>\n\t<meta property=\"og:image:height\" content=\"800\" \/>\n\t<meta property=\"og:image:type\" content=\"image\/webp\" \/>\n<meta name=\"twitter:card\" content=\"summary_large_image\" \/>\n<meta name=\"twitter:label1\" content=\"Dur\u00e9e de lecture estim\u00e9e\" \/>\n\t<meta name=\"twitter:data1\" content=\"1 minute\" \/>\n<script type=\"application\/ld+json\" class=\"yoast-schema-graph\">{\"@context\":\"https:\/\/schema.org\",\"@graph\":[{\"@type\":\"WebPage\",\"@id\":\"https:\/\/alfequipment.com\/product\/dqfxc5045x-automatic-carton-sealer-pneumatic-box-sealing-packaging-machine-with-side-belt-conveyor\/\",\"url\":\"https:\/\/alfequipment.com\/product\/dqfxc5045x-automatic-carton-sealer-pneumatic-box-sealing-packaging-machine-with-side-belt-conveyor\/\",\"name\":\"DQFXC5045X Automatic Carton sealer pneumatic box sealing packaging machine with side belt conveyor - ALF PACK\",\"isPartOf\":{\"@id\":\"https:\/\/alfequipment.com\/#website\"},\"primaryImageOfPage\":{\"@id\":\"https:\/\/alfequipment.com\/product\/dqfxc5045x-automatic-carton-sealer-pneumatic-box-sealing-packaging-machine-with-side-belt-conveyor\/#primaryimage\"},\"image\":{\"@id\":\"https:\/\/alfequipment.com\/product\/dqfxc5045x-automatic-carton-sealer-pneumatic-box-sealing-packaging-machine-with-side-belt-conveyor\/#primaryimage\"},\"thumbnailUrl\":\"https:\/\/alfequipment.com\/wp-content\/uploads\/2025\/01\/DQFXC5045X-Automatic-Carton-sealer-pneumatic-box-sealing.jpg\",\"datePublished\":\"2024-12-15T15:01:33+00:00\",\"dateModified\":\"2025-01-13T14:43:52+00:00\",\"breadcrumb\":{\"@id\":\"https:\/\/alfequipment.com\/product\/dqfxc5045x-automatic-carton-sealer-pneumatic-box-sealing-packaging-machine-with-side-belt-conveyor\/#breadcrumb\"},\"inLanguage\":\"fr-FR\",\"potentialAction\":[{\"@type\":\"ReadAction\",\"target\":[\"https:\/\/alfequipment.com\/product\/dqfxc5045x-automatic-carton-sealer-pneumatic-box-sealing-packaging-machine-with-side-belt-conveyor\/\"]}]},{\"@type\":\"ImageObject\",\"inLanguage\":\"fr-FR\",\"@id\":\"https:\/\/alfequipment.com\/product\/dqfxc5045x-automatic-carton-sealer-pneumatic-box-sealing-packaging-machine-with-side-belt-conveyor\/#primaryimage\",\"url\":\"https:\/\/alfequipment.com\/wp-content\/uploads\/2025\/01\/DQFXC5045X-Automatic-Carton-sealer-pneumatic-box-sealing.jpg\",\"contentUrl\":\"https:\/\/alfequipment.com\/wp-content\/uploads\/2025\/01\/DQFXC5045X-Automatic-Carton-sealer-pneumatic-box-sealing.jpg\",\"width\":800,\"height\":800},{\"@type\":\"BreadcrumbList\",\"@id\":\"https:\/\/alfequipment.com\/product\/dqfxc5045x-automatic-carton-sealer-pneumatic-box-sealing-packaging-machine-with-side-belt-conveyor\/#breadcrumb\",\"itemListElement\":[{\"@type\":\"ListItem\",\"position\":1,\"name\":\"Home\",\"item\":\"https:\/\/alfequipment.com\/\"},{\"@type\":\"ListItem\",\"position\":2,\"name\":\"Shop\",\"item\":\"https:\/\/alfequipment.com\/shop\/\"},{\"@type\":\"ListItem\",\"position\":3,\"name\":\"DQFXC5045X Automatic Carton sealer pneumatic box sealing packaging machine with side belt conveyor\"}]},{\"@type\":\"WebSite\",\"@id\":\"https:\/\/alfequipment.com\/#website\",\"url\":\"https:\/\/alfequipment.com\/\",\"name\":\"ALF PACK\",\"description\":\"\",\"publisher\":{\"@id\":\"https:\/\/alfequipment.com\/#organization\"},\"potentialAction\":[{\"@type\":\"SearchAction\",\"target\":{\"@type\":\"EntryPoint\",\"urlTemplate\":\"https:\/\/alfequipment.com\/?s={search_term_string}\"},\"query-input\":{\"@type\":\"PropertyValueSpecification\",\"valueRequired\":true,\"valueName\":\"search_term_string\"}}],\"inLanguage\":\"fr-FR\"},{\"@type\":\"Organization\",\"@id\":\"https:\/\/alfequipment.com\/#organization\",\"name\":\"ALF PACK\",\"url\":\"https:\/\/alfequipment.com\/\",\"logo\":{\"@type\":\"ImageObject\",\"inLanguage\":\"fr-FR\",\"@id\":\"https:\/\/alfequipment.com\/#\/schema\/logo\/image\/\",\"url\":\"https:\/\/alfequipment.com\/wp-content\/uploads\/2024\/11\/ALFlogo-2.webp\",\"contentUrl\":\"https:\/\/alfequipment.com\/wp-content\/uploads\/2024\/11\/ALFlogo-2.webp\",\"width\":758,\"height\":750,\"caption\":\"ALF PACK\"},\"image\":{\"@id\":\"https:\/\/alfequipment.com\/#\/schema\/logo\/image\/\"}}]}<\/script>\n<!-- \/ Yoast SEO Premium plugin. -->","yoast_head_json":{"title":"DQFXC5045X Scelleuse automatique de cartons pneumatique avec convoyeur lat\u00e9ral - ALF PACK","robots":{"index":"index","follow":"follow","max-snippet":"max-snippet:-1","max-image-preview":"max-image-preview:large","max-video-preview":"max-video-preview:-1"},"canonical":"https:\/\/alfequipment.com\/fr\/product\/dqfxc5045x-machine-automatique-a-sceller-les-cartons-avec-convoyeur-lateral\/","og_locale":"fr_FR","og_type":"article","og_title":"DQFXC5045X Automatic Carton sealer pneumatic box sealing packaging machine with side belt conveyor","og_description":"Ce Certification Dqfxc5045x Automatic Carton Box Sealer","og_url":"https:\/\/alfequipment.com\/fr\/product\/dqfxc5045x-machine-automatique-a-sceller-les-cartons-avec-convoyeur-lateral\/","og_site_name":"ALF PACK","article_modified_time":"2025-01-13T14:43:52+00:00","og_image":[{"width":800,"height":800,"url":"https:\/\/alfequipment.com\/wp-content\/uploads\/2025\/01\/DQFXC5045X-Automatic-Carton-sealer-pneumatic-box-sealing.jpg","type":"image\/webp"}],"twitter_card":"summary_large_image","twitter_misc":{"Dur\u00e9e de lecture estim\u00e9e":"1 minute"},"schema":{"@context":"https:\/\/schema.org","@graph":[{"@type":"WebPage","@id":"https:\/\/alfequipment.com\/product\/dqfxc5045x-automatic-carton-sealer-pneumatic-box-sealing-packaging-machine-with-side-belt-conveyor\/","url":"https:\/\/alfequipment.com\/product\/dqfxc5045x-automatic-carton-sealer-pneumatic-box-sealing-packaging-machine-with-side-belt-conveyor\/","name":"DQFXC5045X Scelleuse automatique de cartons pneumatique avec convoyeur lat\u00e9ral - ALF PACK","isPartOf":{"@id":"https:\/\/alfequipment.com\/#website"},"primaryImageOfPage":{"@id":"https:\/\/alfequipment.com\/product\/dqfxc5045x-automatic-carton-sealer-pneumatic-box-sealing-packaging-machine-with-side-belt-conveyor\/#primaryimage"},"image":{"@id":"https:\/\/alfequipment.com\/product\/dqfxc5045x-automatic-carton-sealer-pneumatic-box-sealing-packaging-machine-with-side-belt-conveyor\/#primaryimage"},"thumbnailUrl":"https:\/\/alfequipment.com\/wp-content\/uploads\/2025\/01\/DQFXC5045X-Automatic-Carton-sealer-pneumatic-box-sealing.jpg","datePublished":"2024-12-15T15:01:33+00:00","dateModified":"2025-01-13T14:43:52+00:00","breadcrumb":{"@id":"https:\/\/alfequipment.com\/product\/dqfxc5045x-automatic-carton-sealer-pneumatic-box-sealing-packaging-machine-with-side-belt-conveyor\/#breadcrumb"},"inLanguage":"fr-FR","potentialAction":[{"@type":"ReadAction","target":["https:\/\/alfequipment.com\/product\/dqfxc5045x-automatic-carton-sealer-pneumatic-box-sealing-packaging-machine-with-side-belt-conveyor\/"]}]},{"@type":"ImageObject","inLanguage":"fr-FR","@id":"https:\/\/alfequipment.com\/product\/dqfxc5045x-automatic-carton-sealer-pneumatic-box-sealing-packaging-machine-with-side-belt-conveyor\/#primaryimage","url":"https:\/\/alfequipment.com\/wp-content\/uploads\/2025\/01\/DQFXC5045X-Automatic-Carton-sealer-pneumatic-box-sealing.jpg","contentUrl":"https:\/\/alfequipment.com\/wp-content\/uploads\/2025\/01\/DQFXC5045X-Automatic-Carton-sealer-pneumatic-box-sealing.jpg","width":800,"height":800},{"@type":"BreadcrumbList","@id":"https:\/\/alfequipment.com\/product\/dqfxc5045x-automatic-carton-sealer-pneumatic-box-sealing-packaging-machine-with-side-belt-conveyor\/#breadcrumb","itemListElement":[{"@type":"ListItem","position":1,"name":"Home","item":"https:\/\/alfequipment.com\/"},{"@type":"ListItem","position":2,"name":"Shop","item":"https:\/\/alfequipment.com\/shop\/"},{"@type":"ListItem","position":3,"name":"DQFXC5045X Automatic Carton sealer pneumatic box sealing packaging machine with side belt conveyor"}]},{"@type":"WebSite","@id":"https:\/\/alfequipment.com\/#website","url":"https:\/\/alfequipment.com\/","name":"PACK ALF","description":"","publisher":{"@id":"https:\/\/alfequipment.com\/#organization"},"potentialAction":[{"@type":"SearchAction","target":{"@type":"EntryPoint","urlTemplate":"https:\/\/alfequipment.com\/?s={search_term_string}"},"query-input":{"@type":"PropertyValueSpecification","valueRequired":true,"valueName":"search_term_string"}}],"inLanguage":"fr-FR"},{"@type":"Organization","@id":"https:\/\/alfequipment.com\/#organization","name":"PACK ALF","url":"https:\/\/alfequipment.com\/","logo":{"@type":"ImageObject","inLanguage":"fr-FR","@id":"https:\/\/alfequipment.com\/#\/schema\/logo\/image\/","url":"https:\/\/alfequipment.com\/wp-content\/uploads\/2024\/11\/ALFlogo-2.webp","contentUrl":"https:\/\/alfequipment.com\/wp-content\/uploads\/2024\/11\/ALFlogo-2.webp","width":758,"height":750,"caption":"ALF PACK"},"image":{"@id":"https:\/\/alfequipment.com\/#\/schema\/logo\/image\/"}}]}},"_links":{"self":[{"href":"https:\/\/alfequipment.com\/fr\/wp-json\/wp\/v2\/product\/3215","targetHints":{"allow":["GET"]}}],"collection":[{"href":"https:\/\/alfequipment.com\/fr\/wp-json\/wp\/v2\/product"}],"about":[{"href":"https:\/\/alfequipment.com\/fr\/wp-json\/wp\/v2\/types\/product"}],"replies":[{"embeddable":true,"href":"https:\/\/alfequipment.com\/fr\/wp-json\/wp\/v2\/comments?post=3215"}],"version-history":[{"count":0,"href":"https:\/\/alfequipment.com\/fr\/wp-json\/wp\/v2\/product\/3215\/revisions"}],"wp:featuredmedia":[{"embeddable":true,"href":"https:\/\/alfequipment.com\/fr\/wp-json\/wp\/v2\/media\/3216"}],"wp:attachment":[{"href":"https:\/\/alfequipment.com\/fr\/wp-json\/wp\/v2\/media?parent=3215"}],"wp:term":[{"taxonomy":"product_brand","embeddable":true,"href":"https:\/\/alfequipment.com\/fr\/wp-json\/wp\/v2\/product_brand?post=3215"},{"taxonomy":"product_cat","embeddable":true,"href":"https:\/\/alfequipment.com\/fr\/wp-json\/wp\/v2\/product_cat?post=3215"},{"taxonomy":"product_tag","embeddable":true,"href":"https:\/\/alfequipment.com\/fr\/wp-json\/wp\/v2\/product_tag?post=3215"}],"curies":[{"name":"wp","href":"https:\/\/api.w.org\/{rel}","templated":true}]}}