{"id":3223,"date":"2024-12-17T06:34:18","date_gmt":"2024-12-17T06:34:18","guid":{"rendered":"https:\/\/alfequipment.com\/product\/fxj5050z-automatic-folding-carton-sealer-box-sealing-packaging-machine\/"},"modified":"2025-01-13T14:43:52","modified_gmt":"2025-01-13T14:43:52","slug":"fxj5050z-scelleuse-automatique-de-boites-pliantes-machine-a-emballer","status":"publish","type":"product","link":"https:\/\/alfequipment.com\/fr\/product\/fxj5050z-scelleuse-automatique-de-boites-pliantes-machine-a-emballer\/","title":{"rendered":"FXJ5050Z Scelleuse automatique de bo\u00eetes pliantes Machine \u00e0 sceller les bo\u00eetes d'emballage"},"content":{"rendered":"<div data-maya=\"{&quot;theme&quot;:{&quot;face&quot;:&quot;yin&quot;,&quot;fontFace&quot;:&quot;Roboto&quot;,&quot;fontSize&quot;:22,&quot;colors&quot;:1},&quot;items&quot;:[{&quot;title&quot;:&quot;a7koe&quot;,&quot;formats&quot;:[[[{&quot;rnlfc&quot;:&quot;H&quot;},{&quot;asx1g&quot;:&quot;P&quot;}]],[{&quot;ypmiw&quot;:{&quot;name&quot;:&quot;Tc&quot;,&quot;theme&quot;:&quot;col-header&quot;,&quot;tableCfgs&quot;:{&quot;sizes&quot;:{&quot;colWidths&quot;:[260,442],&quot;rowHeights&quot;:[22,22,22,22,22,22,22,22]}}}}],[{&quot;08vhp&quot;:&quot;Ia&quot;}],[[{&quot;5iul8&quot;:&quot;Ib&quot;},[{&quot;lfvcj&quot;:&quot;Id&quot;},{&quot;aqs1m&quot;:&quot;Id&quot;}]]],[{&quot;a8zrw&quot;:&quot;Ia&quot;}],[{&quot;c0vtr&quot;:&quot;Ia&quot;}]]},{&quot;title&quot;:&quot;sro18&quot;,&quot;formats&quot;:[[{&quot;a79h6&quot;:&quot;Ig&quot;},{&quot;tnib8&quot;:&quot;Ig&quot;},{&quot;8j3vf&quot;:&quot;Ig&quot;},{&quot;nyk89&quot;:&quot;Ig&quot;}]]},{&quot;title&quot;:&quot;3kyfe&quot;,&quot;formats&quot;:[[{&quot;23etu&quot;:&quot;Ia&quot;}]]},{&quot;title&quot;:&quot;h3z3n&quot;,&quot;formats&quot;:[[{&quot;vzwxv&quot;:&quot;Ih&quot;},{&quot;ss4ag&quot;:{&quot;name&quot;:&quot;Te&quot;,&quot;theme&quot;:&quot;double-header&quot;,&quot;tableCfgs&quot;:{&quot;sizes&quot;:{&quot;colWidths&quot;:[72,252],&quot;rowHeights&quot;:[23,23,22,196]}}}}]]},{&quot;title&quot;:&quot;x1atm&quot;,&quot;formats&quot;:[[[[{&quot;rkqak&quot;:&quot;Im&quot;},{&quot;vc2yc&quot;:&quot;Im&quot;},{&quot;27oi1&quot;:&quot;Im&quot;}],[[{&quot;rm8uz&quot;:&quot;H&quot;},{&quot;bfveq&quot;:&quot;P&quot;}],[{&quot;dezwz&quot;:&quot;H&quot;},{&quot;7sytp&quot;:&quot;P&quot;}],[{&quot;7nh2u&quot;:&quot;H&quot;},{&quot;rfoz6&quot;:&quot;P&quot;}]]]]]},{&quot;title&quot;:&quot;lwdlk&quot;,&quot;formats&quot;:[[{&quot;xyncr&quot;:&quot;Ih&quot;},{&quot;lfv0l&quot;:&quot;Ih&quot;}]]}]}\">\n<div>\n<div style=\"vertical-align: top;padding-top: 15px; padding-bottom: 15px;\">\n<div style=\"vertical-align: top;padding-top: 10px; padding-bottom: 10px; margin-right: -4px; margin-left: -4px;\">\n<div style=\"vertical-align: top; box-sizing: border-box; padding-right: 4px; padding-left: 4px;margin-top: -4px; margin-bottom: -4px;\">\n<div id=\"rnlfc\" style=\"vertical-align: top; box-sizing: border-box; padding-top: 4px; padding-bottom: 4px\">Cette machine est principalement utilis\u00e9e pour le scellage et l'emballage de cartons. Elle peut \u00eatre utilis\u00e9e seule ou \u00eatre int\u00e9gr\u00e9e \u00e0 une ligne de production.&nbsp;<\/div>\n<div id=\"asx1g\" style=\"vertical-align: top; box-sizing: border-box; padding-top: 4px; padding-bottom: 4px\">\n<p style=\"margin:0;padding:0;\">Il est largement utilis\u00e9 dans les domaines de l'\u00e9lectrom\u00e9nager, des denr\u00e9es alimentaires, des marchandises g\u00e9n\u00e9rales, de la m\u00e9decine et de l'industrie chimique. Les rabats sup\u00e9rieur, lat\u00e9ral et arri\u00e8re du carton peuvent \u00eatre pli\u00e9s automatiquement, \u00e0 grande vitesse et sans \u00e0-coups.<\/p>\n<\/p><\/div>\n<\/p><\/div>\n<\/p><\/div>\n<div style=\"vertical-align: top;padding-top: 10px; padding-bottom: 10px; margin-right: -4px; margin-left: -4px;\">\n<div id=\"ypmiw\" style=\"vertical-align: top; box-sizing: border-box; padding-right: 4px; padding-left: 4px\">\n<table style=\"width: auto; border-collapse: collapse; word-wrap: break-word;\" class=\"aliDataTable\">\n<tbody>\n<tr>\n<td style=\"background-color: rgb(218, 226, 237);\">\n<div style=\"width: 260px; height: 22px; padding: 5px 10px; overflow: hidden;\">\n          Mod\u00e8le\n         <\/div>\n<\/td>\n<td>\n<div style=\"width: 442px; height: 22px; padding: 5px 10px; overflow: hidden;\">\n          FXJ5050Z\n         <\/div>\n<\/td>\n<\/tr>\n<tr>\n<td style=\"background-color: rgb(218, 226, 237);\">\n<div style=\"width: 260px; height: 22px; padding: 5px 10px; overflow: hidden;\">\n          Alimentation \u00e9lectrique\n         <\/div>\n<\/td>\n<td>\n<div style=\"width: 442px; height: 22px; padding: 5px 10px; overflow: hidden;\">\n          AC220V\/50,AC110V\/60Hz 400W\n         <\/div>\n<\/td>\n<\/tr>\n<tr>\n<td style=\"background-color: rgb(218, 226, 237);\">\n<div style=\"width: 260px; height: 22px; padding: 5px 10px; overflow: hidden;\">\n          Dimension maximale de l'emballage\n         <\/div>\n<\/td>\n<td>\n<div style=\"width: 442px; height: 22px; padding: 5px 10px; overflow: hidden;\">\n          600(L)*500(L)*500(H) mm\n         <\/div>\n<\/td>\n<\/tr>\n<tr>\n<td style=\"background-color: rgb(218, 226, 237);\">\n<div style=\"width: 260px; height: 22px; padding: 5px 10px; overflow: hidden;\">\n          Dimensions minimales de l'emballage\n         <\/div>\n<\/td>\n<td>\n<div style=\"width: 442px; height: 22px; padding: 5px 10px; overflow: hidden;\">\n          180 (L)*130 (L)*130 (H)mm\n         <\/div>\n<\/td>\n<\/tr>\n<tr>\n<td style=\"background-color: rgb(218, 226, 237);\">\n<div style=\"width: 260px; height: 22px; padding: 5px 10px; overflow: hidden;\">\n          vitesse\n         <\/div>\n<\/td>\n<td>\n<div style=\"width: 442px; height: 22px; padding: 5px 10px; overflow: hidden;\">\n          18m\/min\n         <\/div>\n<\/td>\n<\/tr>\n<tr>\n<td style=\"background-color: rgb(218, 226, 237);\">\n<div style=\"width: 260px; height: 22px; padding: 5px 10px; overflow: hidden;\">\n          Largeur du ruban adh\u00e9sif\n         <\/div>\n<\/td>\n<td>\n<div style=\"width: 442px; height: 22px; padding: 5px 10px; overflow: hidden;\">\n          48mm. 60 mm\n         <\/div>\n<\/td>\n<\/tr>\n<tr>\n<td style=\"background-color: rgb(218, 226, 237);\">\n<div style=\"width: 260px; height: 22px; padding: 5px 10px; overflow: hidden;\">\n          Taille de la machine\n         <\/div>\n<\/td>\n<td>\n<div style=\"width: 442px; height: 22px; padding: 5px 10px; overflow: hidden;\">\n          2685(L)*900(W)*1400-1600(H)mm\n         <\/div>\n<\/td>\n<\/tr>\n<tr>\n<td style=\"background-color: rgb(218, 226, 237);\">\n<div style=\"width: 260px; height: 22px; padding: 5px 10px; overflow: hidden;\">\n          Poids de la machine\n         <\/div>\n<\/td>\n<td>\n<div style=\"width: 442px; height: 22px; padding: 5px 10px; overflow: hidden;\">\n          180 KG\n         <\/div>\n<\/td>\n<\/tr>\n<\/tbody>\n<\/table><\/div>\n<\/p><\/div>\n<div style=\"vertical-align: top;padding-top: 10px; padding-bottom: 10px; margin-right: -4px; margin-left: -4px;\">\n<div id=\"08vhp\" style=\"vertical-align: top; box-sizing: border-box; padding-right: 4px; padding-left: 4px\">\n<div style=\"overflow: hidden; width: 750px; height: 750px;\">\n      <img decoding=\"async\" src=\"https:\/\/sc01.alicdn.com\/kf\/HTB1_yLsXcvrK1Rjy0Feq6ATmVXab\/64496\/HTB1_yLsXcvrK1Rjy0Feq6ATmVXab.jpg\" style=\"width: 750px; height: 750px; margin-left: 0px; margin-top: 0px;\" class=\"aligncenter\">\n     <\/div>\n<\/p><\/div>\n<\/p><\/div>\n<div style=\"vertical-align: top;padding-top: 10px; padding-bottom: 10px; margin-right: -4px; margin-left: -4px;\">\n<div style=\"vertical-align: top; box-sizing: border-box; padding-right: 4px; padding-left: 4px;margin-top: -4px; margin-bottom: -4px;\">\n<div id=\"5iul8\" style=\"vertical-align: top; box-sizing: border-box; padding-top: 4px; padding-bottom: 4px\">\n<div style=\"overflow: hidden; width: 750px; height: 320px;\">\n       <img decoding=\"async\" src=\"https:\/\/sc01.alicdn.com\/kf\/HTB1PiDZaojrK1RkHFNRq6ySvpXaI\/64496\/HTB1PiDZaojrK1RkHFNRq6ySvpXaI.jpg\" style=\"width: 750px; height: 750px; margin-left: 0px; margin-top: -302px;\" class=\"aligncenter\">\n      <\/div>\n<\/p><\/div>\n<div style=\"vertical-align: top; box-sizing: border-box; padding-top: 4px; padding-bottom: 4px;margin-right: -4px; margin-left: -4px;\">\n<div id=\"lfvcj\" style=\"vertical-align: top; width: 50%; display: inline-block; box-sizing: border-box; padding-right: 4px; padding-left: 4px\">\n<div style=\"overflow: hidden; width: 371px; height: 200px;\">\n        <img decoding=\"async\" src=\"https:\/\/sc02.alicdn.com\/kf\/HTB1d92NwHvpK1RjSZFqq6AXUVXab\/64496\/HTB1d92NwHvpK1RjSZFqq6AXUVXab.jpg\" style=\"width: 371px; height: 371px; margin-left: 0px; margin-top: -82px;\" class=\"aligncenter\">\n       <\/div>\n<\/p><\/div>\n<div id=\"aqs1m\" style=\"vertical-align: top; width: 50%; display: inline-block; box-sizing: border-box; padding-right: 4px; padding-left: 4px\">\n<div style=\"overflow: hidden; width: 371px; height: 200px;\">\n        <img decoding=\"async\" src=\"https:\/\/sc02.alicdn.com\/kf\/HTB1BnL1acTxK1Rjy0Fgq6yovpXaj\/64496\/HTB1BnL1acTxK1Rjy0Fgq6yovpXaj.jpg\" style=\"width: 371px; height: 371px; margin-left: 0px; margin-top: -72px;\" class=\"aligncenter\">\n       <\/div>\n<\/p><\/div>\n<\/p><\/div>\n<\/p><\/div>\n<\/p><\/div>\n<div style=\"vertical-align: top;padding-top: 10px; padding-bottom: 10px; margin-right: -4px; margin-left: -4px;\">\n<div id=\"a8zrw\" style=\"vertical-align: top; box-sizing: border-box; padding-right: 4px; padding-left: 4px\">\n<div style=\"overflow: hidden; width: 750px; height: 605.513px;\">\n      <img decoding=\"async\" src=\"https:\/\/sc02.alicdn.com\/kf\/HTB1JVv0acnrK1RkHFrdq6xCoFXaC\/64496\/HTB1JVv0acnrK1RkHFrdq6xCoFXaC.jpg\" style=\"width: 750px; height: 605.513px; margin-left: 0px; margin-top: 0px;\" class=\"aligncenter\">\n     <\/div>\n<\/p><\/div>\n<\/p><\/div>\n<div style=\"vertical-align: top;padding-top: 10px; padding-bottom: 10px; margin-right: -4px; margin-left: -4px;\">\n<div id=\"c0vtr\" style=\"vertical-align: top; box-sizing: border-box; padding-right: 4px; padding-left: 4px\">\n<div style=\"overflow: hidden; width: 750px; height: 164.241px;\">\n      <img decoding=\"async\" src=\"https:\/\/sc02.alicdn.com\/kf\/HTB14RL6afLsK1Rjy0Fbq6xSEXXaK\/64496\/HTB14RL6afLsK1Rjy0Fbq6xSEXXaK.jpg\" style=\"width: 750px; height: 164.241px; margin-left: 0px; margin-top: 0px;\" class=\"aligncenter\"><\/div>\n<\/div>\n<\/div>\n<\/div>\n<div style=\"vertical-align: top;padding-top: 15px; padding-bottom: 15px;\">\n<div style=\"vertical-align: top;padding-top: 10px; padding-bottom: 10px; margin-right: -4px; margin-left: -4px;\">\n<div id=\"lfv0l\" style=\"vertical-align: top; width: 50%; display: inline-block; box-sizing: border-box; padding-right: 4px; padding-left: 4px\">\n    <\/div>\n<\/p><\/div>\n<\/p><\/div>\n<\/p><\/div>\n<\/div>","protected":false},"excerpt":{"rendered":"<p>Scelleuse automatique de cartons<\/p>","protected":false},"featured_media":3224,"comment_status":"closed","ping_status":"open","template":"","meta":[],"product_brand":[],"product_cat":[116,97],"product_tag":[],"class_list":{"0":"post-3223","1":"product","2":"type-product","3":"status-publish","4":"has-post-thumbnail","6":"product_cat-carton-sealing-machine","7":"product_cat-sealing-machines","9":"first","10":"instock","11":"sale","12":"purchasable","13":"product-type-simple"},"yoast_head":"<!-- This site is optimized with the Yoast SEO Premium plugin v20.9 (Yoast SEO v26.5) - https:\/\/yoast.com\/wordpress\/plugins\/seo\/ -->\n<title>FXJ5050Z Automatic Folding Carton Sealer box sealing packaging machine - ALF PACK<\/title>\n<meta name=\"robots\" content=\"index, follow, max-snippet:-1, max-image-preview:large, max-video-preview:-1\" \/>\n<link rel=\"canonical\" href=\"https:\/\/alfequipment.com\/fr\/product\/fxj5050z-scelleuse-automatique-de-boites-pliantes-machine-a-emballer\/\" \/>\n<meta property=\"og:locale\" content=\"fr_FR\" \/>\n<meta property=\"og:type\" content=\"article\" \/>\n<meta property=\"og:title\" content=\"FXJ5050Z Automatic Folding Carton Sealer box sealing packaging machine\" \/>\n<meta property=\"og:description\" content=\"Automatic Carton Sealer\" \/>\n<meta property=\"og:url\" content=\"https:\/\/alfequipment.com\/fr\/product\/fxj5050z-scelleuse-automatique-de-boites-pliantes-machine-a-emballer\/\" \/>\n<meta property=\"og:site_name\" content=\"ALF PACK\" \/>\n<meta property=\"article:modified_time\" content=\"2025-01-13T14:43:52+00:00\" \/>\n<meta property=\"og:image\" content=\"https:\/\/alfequipment.com\/wp-content\/uploads\/2025\/01\/FXJ5050Z-Automatic-Folding-Carton-Sealer-box-sealing.jpg\" \/>\n\t<meta property=\"og:image:width\" content=\"800\" \/>\n\t<meta property=\"og:image:height\" content=\"800\" \/>\n\t<meta property=\"og:image:type\" content=\"image\/webp\" \/>\n<meta name=\"twitter:card\" content=\"summary_large_image\" \/>\n<meta name=\"twitter:label1\" content=\"Dur\u00e9e de lecture estim\u00e9e\" \/>\n\t<meta name=\"twitter:data1\" content=\"1 minute\" \/>\n<script type=\"application\/ld+json\" class=\"yoast-schema-graph\">{\"@context\":\"https:\/\/schema.org\",\"@graph\":[{\"@type\":\"WebPage\",\"@id\":\"https:\/\/alfequipment.com\/product\/fxj5050z-automatic-folding-carton-sealer-box-sealing-packaging-machine\/\",\"url\":\"https:\/\/alfequipment.com\/product\/fxj5050z-automatic-folding-carton-sealer-box-sealing-packaging-machine\/\",\"name\":\"FXJ5050Z Automatic Folding Carton Sealer box sealing packaging machine - ALF PACK\",\"isPartOf\":{\"@id\":\"https:\/\/alfequipment.com\/#website\"},\"primaryImageOfPage\":{\"@id\":\"https:\/\/alfequipment.com\/product\/fxj5050z-automatic-folding-carton-sealer-box-sealing-packaging-machine\/#primaryimage\"},\"image\":{\"@id\":\"https:\/\/alfequipment.com\/product\/fxj5050z-automatic-folding-carton-sealer-box-sealing-packaging-machine\/#primaryimage\"},\"thumbnailUrl\":\"https:\/\/alfequipment.com\/wp-content\/uploads\/2025\/01\/FXJ5050Z-Automatic-Folding-Carton-Sealer-box-sealing.jpg\",\"datePublished\":\"2024-12-17T06:34:18+00:00\",\"dateModified\":\"2025-01-13T14:43:52+00:00\",\"breadcrumb\":{\"@id\":\"https:\/\/alfequipment.com\/product\/fxj5050z-automatic-folding-carton-sealer-box-sealing-packaging-machine\/#breadcrumb\"},\"inLanguage\":\"fr-FR\",\"potentialAction\":[{\"@type\":\"ReadAction\",\"target\":[\"https:\/\/alfequipment.com\/product\/fxj5050z-automatic-folding-carton-sealer-box-sealing-packaging-machine\/\"]}]},{\"@type\":\"ImageObject\",\"inLanguage\":\"fr-FR\",\"@id\":\"https:\/\/alfequipment.com\/product\/fxj5050z-automatic-folding-carton-sealer-box-sealing-packaging-machine\/#primaryimage\",\"url\":\"https:\/\/alfequipment.com\/wp-content\/uploads\/2025\/01\/FXJ5050Z-Automatic-Folding-Carton-Sealer-box-sealing.jpg\",\"contentUrl\":\"https:\/\/alfequipment.com\/wp-content\/uploads\/2025\/01\/FXJ5050Z-Automatic-Folding-Carton-Sealer-box-sealing.jpg\",\"width\":800,\"height\":800},{\"@type\":\"BreadcrumbList\",\"@id\":\"https:\/\/alfequipment.com\/product\/fxj5050z-automatic-folding-carton-sealer-box-sealing-packaging-machine\/#breadcrumb\",\"itemListElement\":[{\"@type\":\"ListItem\",\"position\":1,\"name\":\"Home\",\"item\":\"https:\/\/alfequipment.com\/\"},{\"@type\":\"ListItem\",\"position\":2,\"name\":\"Shop\",\"item\":\"https:\/\/alfequipment.com\/shop\/\"},{\"@type\":\"ListItem\",\"position\":3,\"name\":\"FXJ5050Z Automatic Folding Carton Sealer box sealing packaging machine\"}]},{\"@type\":\"WebSite\",\"@id\":\"https:\/\/alfequipment.com\/#website\",\"url\":\"https:\/\/alfequipment.com\/\",\"name\":\"ALF PACK\",\"description\":\"\",\"publisher\":{\"@id\":\"https:\/\/alfequipment.com\/#organization\"},\"potentialAction\":[{\"@type\":\"SearchAction\",\"target\":{\"@type\":\"EntryPoint\",\"urlTemplate\":\"https:\/\/alfequipment.com\/?s={search_term_string}\"},\"query-input\":{\"@type\":\"PropertyValueSpecification\",\"valueRequired\":true,\"valueName\":\"search_term_string\"}}],\"inLanguage\":\"fr-FR\"},{\"@type\":\"Organization\",\"@id\":\"https:\/\/alfequipment.com\/#organization\",\"name\":\"ALF PACK\",\"url\":\"https:\/\/alfequipment.com\/\",\"logo\":{\"@type\":\"ImageObject\",\"inLanguage\":\"fr-FR\",\"@id\":\"https:\/\/alfequipment.com\/#\/schema\/logo\/image\/\",\"url\":\"https:\/\/alfequipment.com\/wp-content\/uploads\/2024\/11\/ALFlogo-2.webp\",\"contentUrl\":\"https:\/\/alfequipment.com\/wp-content\/uploads\/2024\/11\/ALFlogo-2.webp\",\"width\":758,\"height\":750,\"caption\":\"ALF PACK\"},\"image\":{\"@id\":\"https:\/\/alfequipment.com\/#\/schema\/logo\/image\/\"}}]}<\/script>\n<!-- \/ Yoast SEO Premium plugin. -->","yoast_head_json":{"title":"FXJ5050Z Scelleuse automatique de bo\u00eetes pliantes - ALF PACK","robots":{"index":"index","follow":"follow","max-snippet":"max-snippet:-1","max-image-preview":"max-image-preview:large","max-video-preview":"max-video-preview:-1"},"canonical":"https:\/\/alfequipment.com\/fr\/product\/fxj5050z-scelleuse-automatique-de-boites-pliantes-machine-a-emballer\/","og_locale":"fr_FR","og_type":"article","og_title":"FXJ5050Z Automatic Folding Carton Sealer box sealing packaging machine","og_description":"Automatic Carton Sealer","og_url":"https:\/\/alfequipment.com\/fr\/product\/fxj5050z-scelleuse-automatique-de-boites-pliantes-machine-a-emballer\/","og_site_name":"ALF PACK","article_modified_time":"2025-01-13T14:43:52+00:00","og_image":[{"width":800,"height":800,"url":"https:\/\/alfequipment.com\/wp-content\/uploads\/2025\/01\/FXJ5050Z-Automatic-Folding-Carton-Sealer-box-sealing.jpg","type":"image\/webp"}],"twitter_card":"summary_large_image","twitter_misc":{"Dur\u00e9e de lecture estim\u00e9e":"1 minute"},"schema":{"@context":"https:\/\/schema.org","@graph":[{"@type":"WebPage","@id":"https:\/\/alfequipment.com\/product\/fxj5050z-automatic-folding-carton-sealer-box-sealing-packaging-machine\/","url":"https:\/\/alfequipment.com\/product\/fxj5050z-automatic-folding-carton-sealer-box-sealing-packaging-machine\/","name":"FXJ5050Z Scelleuse automatique de bo\u00eetes pliantes - ALF PACK","isPartOf":{"@id":"https:\/\/alfequipment.com\/#website"},"primaryImageOfPage":{"@id":"https:\/\/alfequipment.com\/product\/fxj5050z-automatic-folding-carton-sealer-box-sealing-packaging-machine\/#primaryimage"},"image":{"@id":"https:\/\/alfequipment.com\/product\/fxj5050z-automatic-folding-carton-sealer-box-sealing-packaging-machine\/#primaryimage"},"thumbnailUrl":"https:\/\/alfequipment.com\/wp-content\/uploads\/2025\/01\/FXJ5050Z-Automatic-Folding-Carton-Sealer-box-sealing.jpg","datePublished":"2024-12-17T06:34:18+00:00","dateModified":"2025-01-13T14:43:52+00:00","breadcrumb":{"@id":"https:\/\/alfequipment.com\/product\/fxj5050z-automatic-folding-carton-sealer-box-sealing-packaging-machine\/#breadcrumb"},"inLanguage":"fr-FR","potentialAction":[{"@type":"ReadAction","target":["https:\/\/alfequipment.com\/product\/fxj5050z-automatic-folding-carton-sealer-box-sealing-packaging-machine\/"]}]},{"@type":"ImageObject","inLanguage":"fr-FR","@id":"https:\/\/alfequipment.com\/product\/fxj5050z-automatic-folding-carton-sealer-box-sealing-packaging-machine\/#primaryimage","url":"https:\/\/alfequipment.com\/wp-content\/uploads\/2025\/01\/FXJ5050Z-Automatic-Folding-Carton-Sealer-box-sealing.jpg","contentUrl":"https:\/\/alfequipment.com\/wp-content\/uploads\/2025\/01\/FXJ5050Z-Automatic-Folding-Carton-Sealer-box-sealing.jpg","width":800,"height":800},{"@type":"BreadcrumbList","@id":"https:\/\/alfequipment.com\/product\/fxj5050z-automatic-folding-carton-sealer-box-sealing-packaging-machine\/#breadcrumb","itemListElement":[{"@type":"ListItem","position":1,"name":"Home","item":"https:\/\/alfequipment.com\/"},{"@type":"ListItem","position":2,"name":"Shop","item":"https:\/\/alfequipment.com\/shop\/"},{"@type":"ListItem","position":3,"name":"FXJ5050Z Automatic Folding Carton Sealer box sealing packaging machine"}]},{"@type":"WebSite","@id":"https:\/\/alfequipment.com\/#website","url":"https:\/\/alfequipment.com\/","name":"PACK ALF","description":"","publisher":{"@id":"https:\/\/alfequipment.com\/#organization"},"potentialAction":[{"@type":"SearchAction","target":{"@type":"EntryPoint","urlTemplate":"https:\/\/alfequipment.com\/?s={search_term_string}"},"query-input":{"@type":"PropertyValueSpecification","valueRequired":true,"valueName":"search_term_string"}}],"inLanguage":"fr-FR"},{"@type":"Organization","@id":"https:\/\/alfequipment.com\/#organization","name":"PACK ALF","url":"https:\/\/alfequipment.com\/","logo":{"@type":"ImageObject","inLanguage":"fr-FR","@id":"https:\/\/alfequipment.com\/#\/schema\/logo\/image\/","url":"https:\/\/alfequipment.com\/wp-content\/uploads\/2024\/11\/ALFlogo-2.webp","contentUrl":"https:\/\/alfequipment.com\/wp-content\/uploads\/2024\/11\/ALFlogo-2.webp","width":758,"height":750,"caption":"ALF PACK"},"image":{"@id":"https:\/\/alfequipment.com\/#\/schema\/logo\/image\/"}}]}},"_links":{"self":[{"href":"https:\/\/alfequipment.com\/fr\/wp-json\/wp\/v2\/product\/3223","targetHints":{"allow":["GET"]}}],"collection":[{"href":"https:\/\/alfequipment.com\/fr\/wp-json\/wp\/v2\/product"}],"about":[{"href":"https:\/\/alfequipment.com\/fr\/wp-json\/wp\/v2\/types\/product"}],"replies":[{"embeddable":true,"href":"https:\/\/alfequipment.com\/fr\/wp-json\/wp\/v2\/comments?post=3223"}],"version-history":[{"count":0,"href":"https:\/\/alfequipment.com\/fr\/wp-json\/wp\/v2\/product\/3223\/revisions"}],"wp:featuredmedia":[{"embeddable":true,"href":"https:\/\/alfequipment.com\/fr\/wp-json\/wp\/v2\/media\/3224"}],"wp:attachment":[{"href":"https:\/\/alfequipment.com\/fr\/wp-json\/wp\/v2\/media?parent=3223"}],"wp:term":[{"taxonomy":"product_brand","embeddable":true,"href":"https:\/\/alfequipment.com\/fr\/wp-json\/wp\/v2\/product_brand?post=3223"},{"taxonomy":"product_cat","embeddable":true,"href":"https:\/\/alfequipment.com\/fr\/wp-json\/wp\/v2\/product_cat?post=3223"},{"taxonomy":"product_tag","embeddable":true,"href":"https:\/\/alfequipment.com\/fr\/wp-json\/wp\/v2\/product_tag?post=3223"}],"curies":[{"name":"wp","href":"https:\/\/api.w.org\/{rel}","templated":true}]}}