{"id":3225,"date":"2024-12-06T19:44:27","date_gmt":"2024-12-06T19:44:27","guid":{"rendered":"https:\/\/alfequipment.com\/product\/dfxs7050-automatic-carton-edges-sealer-box-sealing-machine\/"},"modified":"2025-01-13T14:46:12","modified_gmt":"2025-01-13T14:46:12","slug":"dfxs7050-scelleuse-automatique-de-bords-de-carton","status":"publish","type":"product","link":"https:\/\/alfequipment.com\/fr\/product\/dfxs7050-scelleuse-automatique-de-bords-de-carton\/","title":{"rendered":"DFXS7050 Scelleuse automatique de bords de cartons"},"content":{"rendered":"<div data-maya=\"{&quot;theme&quot;:{&quot;face&quot;:&quot;yin&quot;,&quot;fontFace&quot;:&quot;Roboto&quot;,&quot;fontSize&quot;:22,&quot;colors&quot;:1},&quot;items&quot;:[{&quot;title&quot;:&quot;wje0d&quot;,&quot;formats&quot;:[[[{&quot;09lyc&quot;:&quot;H&quot;},{&quot;nnomt&quot;:&quot;P&quot;}]],[{&quot;uu18n&quot;:{&quot;name&quot;:&quot;Tc&quot;,&quot;theme&quot;:&quot;col-header&quot;,&quot;tableCfgs&quot;:{&quot;sizes&quot;:{&quot;colWidths&quot;:[283,420],&quot;rowHeights&quot;:[22,22,22,22,22,22,22,22,22,22,22]}}}}],[{&quot;q6l5u&quot;:&quot;Ia&quot;}],[{&quot;42zq2&quot;:&quot;Ia&quot;}],[[{&quot;qmnsz&quot;:&quot;Ib&quot;},[{&quot;1ead0&quot;:&quot;Id&quot;},{&quot;le9hu&quot;:&quot;Id&quot;}]]],[{&quot;gq6jl&quot;:&quot;Ia&quot;}]]},{&quot;title&quot;:&quot;zgj4l&quot;,&quot;formats&quot;:[[{&quot;be750&quot;:&quot;Ig&quot;},{&quot;r2byp&quot;:&quot;Ig&quot;},{&quot;7dad4&quot;:&quot;Ig&quot;},{&quot;s903u&quot;:&quot;Ig&quot;}]]},{&quot;title&quot;:&quot;i16ij&quot;,&quot;formats&quot;:[[{&quot;3p1we&quot;:&quot;Ia&quot;}]]},{&quot;title&quot;:&quot;vujwe&quot;,&quot;formats&quot;:[[{&quot;dejps&quot;:&quot;Ih&quot;},{&quot;58bw4&quot;:{&quot;name&quot;:&quot;Te&quot;,&quot;theme&quot;:&quot;double-header&quot;,&quot;tableCfgs&quot;:{&quot;sizes&quot;:{&quot;colWidths&quot;:[72,252],&quot;rowHeights&quot;:[23,23,23,196]}}}}]]},{&quot;title&quot;:&quot;fgf09&quot;,&quot;formats&quot;:[[[[{&quot;re3vp&quot;:&quot;Im&quot;},{&quot;83eqe&quot;:&quot;Im&quot;},{&quot;buao5&quot;:&quot;Im&quot;}],[[{&quot;ryhpg&quot;:&quot;H&quot;},{&quot;5cza4&quot;:&quot;P&quot;}],[{&quot;zyd4k&quot;:&quot;H&quot;},{&quot;45jyr&quot;:&quot;P&quot;}],[{&quot;yfnx8&quot;:&quot;H&quot;},{&quot;ozoxj&quot;:&quot;P&quot;}]]]]]},{&quot;title&quot;:&quot;4wwcv&quot;,&quot;formats&quot;:[[{&quot;g4w7w&quot;:&quot;Ih&quot;},{&quot;wlcjt&quot;:&quot;Ih&quot;}]]}]}\">\n<div>\n<div style=\"vertical-align: top;padding-top: 15px; padding-bottom: 15px;\">\n<div style=\"vertical-align: top;padding-top: 10px; padding-bottom: 10px; margin-right: -4px; margin-left: -4px;\">\n<div style=\"vertical-align: top; box-sizing: border-box; padding-right: 4px; padding-left: 4px;margin-top: -4px; margin-bottom: -4px;\">\n<div id=\"09lyc\" style=\"vertical-align: top; box-sizing: border-box; padding-top: 4px; padding-bottom: 4px\">* L'ensemble du cadre est solide et stable, ce qui garantit une longue dur\u00e9e de vie \u00e0 la machine.<\/div>\n<div id=\"nnomt\" style=\"vertical-align: top; box-sizing: border-box; padding-top: 4px; padding-bottom: 4px\">\n<p style=\"margin:0;padding:0;\">* Pi\u00e8ces de machine de pr\u00e9cision, performances stables et durables.<br \/>* Une apparence soign\u00e9e, rapide et efficace.<br \/>* Facile \u00e0 utiliser.<br \/>* Il suffit d'ajuster la poign\u00e9e en cas de changement de taille de carton.<br \/>* Elle peut \u00eatre connect\u00e9e \u00e0 une autre machine \u00e0 sceller les cartons, telle que : FXJ6050, FXJ5050B, FXJ5050Z et d'autres machines en ligne pour sceller les bords et les coins de la ligne de production, la sortie peut \u00eatre utilis\u00e9e avec des machines de cerclage ou d'emballage de film en ligne. R\u00e9aliser une ligne de production multifonctionnelle.<br \/>* Toute la ligne utilise le style \"L\" pour avancer dans le virage.<\/p>\n<p style=\"margin:0;padding:0;\">Il est largement utilis\u00e9 pour l'emballage des cartons dans les secteurs de l'alimentation, des boissons, de l'imprimerie, des produits pharmaceutiques et de la m\u00e9tallurgie. Il permet d'emballer rapidement, de produire de grands volumes pour r\u00e9pondre \u00e0 la demande, tout en stabilisant la qualit\u00e9 du scellage, avec une apparence soign\u00e9e. Le faible co\u00fbt de l'emballage attire la majorit\u00e9 des utilisateurs.<\/p>\n<\/p><\/div>\n<\/p><\/div>\n<\/p><\/div>\n<div style=\"vertical-align: top;padding-top: 10px; padding-bottom: 10px; margin-right: -4px; margin-left: -4px;\">\n<div id=\"uu18n\" style=\"vertical-align: top; box-sizing: border-box; padding-right: 4px; padding-left: 4px\">\n<table style=\"width: auto; border-collapse: collapse; word-wrap: break-word;\" class=\"aliDataTable\">\n<tbody>\n<tr>\n<td style=\"background-color: rgb(218, 226, 237);\">\n<div style=\"width: 283px; height: 22px; padding: 5px 10px; overflow: hidden;\">\n          Mod\u00e8le\n         <\/div>\n<\/td>\n<td>\n<div style=\"width: 420px; height: 22px; padding: 5px 10px; overflow: hidden;\">\n          DFXS-7050\n         <\/div>\n<\/td>\n<\/tr>\n<tr>\n<td style=\"background-color: rgb(218, 226, 237);\">\n<div style=\"width: 283px; height: 22px; padding: 5px 10px; overflow: hidden;\">\n          Alimentation \u00e9lectrique\n         <\/div>\n<\/td>\n<td>\n<div style=\"width: 420px; height: 22px; padding: 5px 10px; overflow: hidden;\">\n          AC 220\/380V 50\/60HZ\n         <\/div>\n<\/td>\n<\/tr>\n<tr>\n<td style=\"background-color: rgb(218, 226, 237);\">\n<div style=\"width: 283px; height: 22px; padding: 5px 10px; overflow: hidden;\">\n          Dimension maximale de l'emballage\n         <\/div>\n<\/td>\n<td>\n<div style=\"width: 420px; height: 22px; padding: 5px 10px; overflow: hidden;\">\n          700*500* 500 mm\n         <\/div>\n<\/td>\n<\/tr>\n<tr>\n<td style=\"background-color: rgb(218, 226, 237);\">\n<div style=\"width: 283px; height: 22px; padding: 5px 10px; overflow: hidden;\">\n          Dimensions minimales de l'emballage\n         <\/div>\n<\/td>\n<td>\n<div style=\"width: 420px; height: 22px; padding: 5px 10px; overflow: hidden;\">\n          280 (L)*200 (L)*180 (H)mm\n         <\/div>\n<\/td>\n<\/tr>\n<tr>\n<td style=\"background-color: rgb(218, 226, 237);\">\n<div style=\"width: 283px; height: 22px; padding: 5px 10px; overflow: hidden;\">\n          vitesse\n         <\/div>\n<\/td>\n<td>\n<div style=\"width: 420px; height: 22px; padding: 5px 10px; overflow: hidden;\">\n          18m\/min\n         <\/div>\n<\/td>\n<\/tr>\n<tr>\n<td style=\"background-color: rgb(218, 226, 237);\">\n<div style=\"width: 283px; height: 22px; padding: 5px 10px; overflow: hidden;\">\n          Pression atmosph\u00e9rique\n         <\/div>\n<\/td>\n<td>\n<div style=\"width: 420px; height: 22px; padding: 5px 10px; overflow: hidden;\">\n          5,5-6kg\/cm3\n         <\/div>\n<\/td>\n<\/tr>\n<tr>\n<td style=\"background-color: rgb(218, 226, 237);\">\n<div style=\"width: 283px; height: 22px; padding: 5px 10px; overflow: hidden;\">\n          Largeur du ruban adh\u00e9sif\n         <\/div>\n<\/td>\n<td>\n<div style=\"width: 420px; height: 22px; padding: 5px 10px; overflow: hidden;\">\n          48mm. 60mm. 72 mm\n         <\/div>\n<\/td>\n<\/tr>\n<tr>\n<td style=\"background-color: rgb(218, 226, 237);\">\n<div style=\"width: 283px; height: 22px; padding: 5px 10px; overflow: hidden;\">\n          Hauteur de la table de travail (MM)\n         <\/div>\n<\/td>\n<td>\n<div style=\"width: 420px; height: 22px; padding: 5px 10px; overflow: hidden;\">\n          550-630MM\n         <\/div>\n<\/td>\n<\/tr>\n<tr>\n<td style=\"background-color: rgb(218, 226, 237);\">\n<div style=\"width: 283px; height: 22px; padding: 5px 10px; overflow: hidden;\">\n          Taille de la machine\n         <\/div>\n<\/td>\n<td>\n<div style=\"width: 420px; height: 22px; padding: 5px 10px; overflow: hidden;\">\n          1955(L)*1340(L)*1330 (H)mm\n         <\/div>\n<\/td>\n<\/tr>\n<tr>\n<td style=\"background-color: rgb(218, 226, 237);\">\n<div style=\"width: 283px; height: 22px; padding: 5px 10px; overflow: hidden;\">\n          Ruban adh\u00e9sif utilis\u00e9\n         <\/div>\n<\/td>\n<td>\n<div style=\"width: 420px; height: 22px; padding: 5px 10px; overflow: hidden;\">\n          Ruban de papier BOPP, PVC, Kraft\n         <\/div>\n<\/td>\n<\/tr>\n<tr>\n<td style=\"background-color: rgb(218, 226, 237);\">\n<div style=\"width: 283px; height: 22px; padding: 5px 10px; overflow: hidden;\">\n          Poids du colis (kg)\n         <\/div>\n<\/td>\n<td>\n<div style=\"width: 420px; height: 22px; padding: 5px 10px; overflow: hidden;\">\n          2.5-30\n         <\/div>\n<\/td>\n<\/tr>\n<\/tbody>\n<\/table><\/div>\n<\/p><\/div>\n<div style=\"vertical-align: top; display: block;padding-top: 10px; padding-bottom: 10px; margin-right: -4px; margin-left: -4px;\">\n<div id=\"q6l5u\" style=\"vertical-align: top; box-sizing: border-box; padding-right: 4px; padding-left: 4px\">\n<div style=\"overflow: hidden; width: 750px; height: 139.123px;\">\n      <img decoding=\"async\" src=\"https:\/\/sc01.alicdn.com\/kf\/HTB11nbIahrvK1RjSsze761ObFXa1\/64496\/HTB11nbIahrvK1RjSsze761ObFXa1.png\" style=\"width: 750px; height: 139.123px; margin-left: 0px; margin-top: 0px;\" class=\"aligncenter\">\n     <\/div>\n<\/p><\/div>\n<\/p><\/div>\n<div style=\"vertical-align: top;padding-top: 10px; padding-bottom: 10px; margin-right: -4px; margin-left: -4px;\">\n<div id=\"42zq2\" style=\"vertical-align: top; box-sizing: border-box; padding-right: 4px; padding-left: 4px\">\n<div style=\"overflow: hidden; width: 750px; height: 750px;\">\n      <img decoding=\"async\" src=\"https:\/\/sc01.alicdn.com\/kf\/HTB1pljsajvuK1Rjy0Faq6x2aVXak\/64496\/HTB1pljsajvuK1Rjy0Faq6x2aVXak.jpg\" style=\"width: 750px; height: 750px; margin-left: 0px; margin-top: 0px;\" class=\"aligncenter\">\n     <\/div>\n<\/p><\/div>\n<\/p><\/div>\n<div style=\"vertical-align: top;padding-top: 10px; padding-bottom: 10px; margin-right: -4px; margin-left: -4px;\">\n<div style=\"vertical-align: top; box-sizing: border-box; padding-right: 4px; padding-left: 4px;margin-top: -4px; margin-bottom: -4px;\">\n<div id=\"qmnsz\" style=\"vertical-align: top; box-sizing: border-box; padding-top: 4px; padding-bottom: 4px\">\n<div style=\"overflow: hidden; width: 750px; height: 320px;\">\n       <img decoding=\"async\" src=\"https:\/\/sc01.alicdn.com\/kf\/HTB1mbnpacnrK1RkHFrdq6xCoFXad\/64496\/HTB1mbnpacnrK1RkHFrdq6xCoFXad.jpg\" style=\"width: 750px; height: 750px; margin-left: 0px; margin-top: -205px;\" class=\"aligncenter\">\n      <\/div>\n<\/p><\/div>\n<div style=\"vertical-align: top; box-sizing: border-box; padding-top: 4px; padding-bottom: 4px;margin-right: -4px; margin-left: -4px;\">\n<div id=\"1ead0\" style=\"vertical-align: top; width: 50%; display: inline-block; box-sizing: border-box; padding-right: 4px; padding-left: 4px\">\n<div style=\"overflow: hidden; width: 371px; height: 200px;\">\n        <img decoding=\"async\" src=\"https:\/\/sc01.alicdn.com\/kf\/HTB1dyYsaiLrK1Rjy1zdq6ynnpXaL\/64496\/HTB1dyYsaiLrK1Rjy1zdq6ynnpXaL.jpg\" style=\"width: 371px; height: 371px; margin-left: 0px; margin-top: -90px;\" class=\"aligncenter\">\n       <\/div>\n<\/p><\/div>\n<div id=\"le9hu\" style=\"vertical-align: top; width: 50%; display: inline-block; box-sizing: border-box; padding-right: 4px; padding-left: 4px\">\n<div style=\"overflow: hidden; width: 371px; height: 200px;\">\n        <img decoding=\"async\" src=\"https:\/\/sc01.alicdn.com\/kf\/HTB1pfvnaifrK1RjSspbq6A4pFXaj\/64496\/HTB1pfvnaifrK1RjSspbq6A4pFXaj.jpg\" style=\"width: 371px; height: 371px; margin-left: 0px; margin-top: -93px;\" class=\"aligncenter\">\n       <\/div>\n<\/p><\/div>\n<\/p><\/div>\n<\/p><\/div>\n<\/p><\/div>\n<div style=\"vertical-align: top;padding-top: 10px; padding-bottom: 10px; margin-right: -4px; margin-left: -4px;\">\n<div id=\"gq6jl\" style=\"vertical-align: top; box-sizing: border-box; padding-right: 4px; padding-left: 4px\">\n<div style=\"overflow: hidden; width: 750px; height: 446.203px;\">\n      <img decoding=\"async\" src=\"https:\/\/sc01.alicdn.com\/kf\/HTB1.bLIanHuK1RkSndVq6xVwpXak\/64496\/HTB1.bLIanHuK1RkSndVq6xVwpXak.jpg\" style=\"width: 750px; height: 446.203px; margin-left: 0px; margin-top: 0px;\" class=\"aligncenter\"><\/div>\n<\/div>\n<\/div>\n<\/div>\n<div style=\"vertical-align: top;padding-top: 15px; padding-bottom: 15px;\">\n  <\/div>\n<\/p><\/div>\n<\/div>","protected":false},"excerpt":{"rendered":"<p>Machine \u00e0 sceller les bords de cartons enti\u00e8rement automatique<\/p>","protected":false},"featured_media":3226,"comment_status":"closed","ping_status":"open","template":"","meta":[],"product_brand":[],"product_cat":[116,97],"product_tag":[],"class_list":{"0":"post-3225","1":"product","2":"type-product","3":"status-publish","4":"has-post-thumbnail","6":"product_cat-carton-sealing-machine","7":"product_cat-sealing-machines","9":"first","10":"instock","11":"sale","12":"purchasable","13":"product-type-simple"},"yoast_head":"<!-- This site is optimized with the Yoast SEO Premium plugin v20.9 (Yoast SEO v26.5) - https:\/\/yoast.com\/wordpress\/plugins\/seo\/ -->\n<title>DFXS7050 Automatic Carton Edges Sealer box sealing machine - ALF PACK<\/title>\n<meta name=\"robots\" content=\"index, follow, max-snippet:-1, max-image-preview:large, max-video-preview:-1\" \/>\n<link rel=\"canonical\" href=\"https:\/\/alfequipment.com\/fr\/product\/dfxs7050-scelleuse-automatique-de-bords-de-carton\/\" \/>\n<meta property=\"og:locale\" content=\"fr_FR\" \/>\n<meta property=\"og:type\" content=\"article\" \/>\n<meta property=\"og:title\" content=\"DFXS7050 Automatic Carton Edges Sealer box sealing machine\" \/>\n<meta property=\"og:description\" content=\"Fully Automatic Carton Edges Sealer Box Sealing Machine\" \/>\n<meta property=\"og:url\" content=\"https:\/\/alfequipment.com\/fr\/product\/dfxs7050-scelleuse-automatique-de-bords-de-carton\/\" \/>\n<meta property=\"og:site_name\" content=\"ALF PACK\" \/>\n<meta property=\"article:modified_time\" content=\"2025-01-13T14:46:12+00:00\" \/>\n<meta property=\"og:image\" content=\"https:\/\/alfequipment.com\/wp-content\/uploads\/2025\/01\/HTB1YkO.eHsTMeJjSsziq6AdwXXat.jpg\" \/>\n\t<meta property=\"og:image:width\" content=\"800\" \/>\n\t<meta property=\"og:image:height\" content=\"800\" \/>\n\t<meta property=\"og:image:type\" content=\"image\/webp\" \/>\n<meta name=\"twitter:card\" content=\"summary_large_image\" \/>\n<meta name=\"twitter:label1\" content=\"Dur\u00e9e de lecture estim\u00e9e\" \/>\n\t<meta name=\"twitter:data1\" content=\"1 minute\" \/>\n<script type=\"application\/ld+json\" class=\"yoast-schema-graph\">{\"@context\":\"https:\/\/schema.org\",\"@graph\":[{\"@type\":\"WebPage\",\"@id\":\"https:\/\/alfequipment.com\/product\/dfxs7050-automatic-carton-edges-sealer-box-sealing-machine\/\",\"url\":\"https:\/\/alfequipment.com\/product\/dfxs7050-automatic-carton-edges-sealer-box-sealing-machine\/\",\"name\":\"DFXS7050 Automatic Carton Edges Sealer box sealing machine - ALF PACK\",\"isPartOf\":{\"@id\":\"https:\/\/alfequipment.com\/#website\"},\"primaryImageOfPage\":{\"@id\":\"https:\/\/alfequipment.com\/product\/dfxs7050-automatic-carton-edges-sealer-box-sealing-machine\/#primaryimage\"},\"image\":{\"@id\":\"https:\/\/alfequipment.com\/product\/dfxs7050-automatic-carton-edges-sealer-box-sealing-machine\/#primaryimage\"},\"thumbnailUrl\":\"https:\/\/alfequipment.com\/wp-content\/uploads\/2025\/01\/HTB1YkO.eHsTMeJjSsziq6AdwXXat.jpg\",\"datePublished\":\"2024-12-06T19:44:27+00:00\",\"dateModified\":\"2025-01-13T14:46:12+00:00\",\"breadcrumb\":{\"@id\":\"https:\/\/alfequipment.com\/product\/dfxs7050-automatic-carton-edges-sealer-box-sealing-machine\/#breadcrumb\"},\"inLanguage\":\"fr-FR\",\"potentialAction\":[{\"@type\":\"ReadAction\",\"target\":[\"https:\/\/alfequipment.com\/product\/dfxs7050-automatic-carton-edges-sealer-box-sealing-machine\/\"]}]},{\"@type\":\"ImageObject\",\"inLanguage\":\"fr-FR\",\"@id\":\"https:\/\/alfequipment.com\/product\/dfxs7050-automatic-carton-edges-sealer-box-sealing-machine\/#primaryimage\",\"url\":\"https:\/\/alfequipment.com\/wp-content\/uploads\/2025\/01\/HTB1YkO.eHsTMeJjSsziq6AdwXXat.jpg\",\"contentUrl\":\"https:\/\/alfequipment.com\/wp-content\/uploads\/2025\/01\/HTB1YkO.eHsTMeJjSsziq6AdwXXat.jpg\",\"width\":800,\"height\":800},{\"@type\":\"BreadcrumbList\",\"@id\":\"https:\/\/alfequipment.com\/product\/dfxs7050-automatic-carton-edges-sealer-box-sealing-machine\/#breadcrumb\",\"itemListElement\":[{\"@type\":\"ListItem\",\"position\":1,\"name\":\"Home\",\"item\":\"https:\/\/alfequipment.com\/\"},{\"@type\":\"ListItem\",\"position\":2,\"name\":\"Shop\",\"item\":\"https:\/\/alfequipment.com\/shop\/\"},{\"@type\":\"ListItem\",\"position\":3,\"name\":\"DFXS7050 Automatic Carton Edges Sealer box sealing machine\"}]},{\"@type\":\"WebSite\",\"@id\":\"https:\/\/alfequipment.com\/#website\",\"url\":\"https:\/\/alfequipment.com\/\",\"name\":\"ALF PACK\",\"description\":\"\",\"publisher\":{\"@id\":\"https:\/\/alfequipment.com\/#organization\"},\"potentialAction\":[{\"@type\":\"SearchAction\",\"target\":{\"@type\":\"EntryPoint\",\"urlTemplate\":\"https:\/\/alfequipment.com\/?s={search_term_string}\"},\"query-input\":{\"@type\":\"PropertyValueSpecification\",\"valueRequired\":true,\"valueName\":\"search_term_string\"}}],\"inLanguage\":\"fr-FR\"},{\"@type\":\"Organization\",\"@id\":\"https:\/\/alfequipment.com\/#organization\",\"name\":\"ALF PACK\",\"url\":\"https:\/\/alfequipment.com\/\",\"logo\":{\"@type\":\"ImageObject\",\"inLanguage\":\"fr-FR\",\"@id\":\"https:\/\/alfequipment.com\/#\/schema\/logo\/image\/\",\"url\":\"https:\/\/alfequipment.com\/wp-content\/uploads\/2024\/11\/ALFlogo-2.webp\",\"contentUrl\":\"https:\/\/alfequipment.com\/wp-content\/uploads\/2024\/11\/ALFlogo-2.webp\",\"width\":758,\"height\":750,\"caption\":\"ALF PACK\"},\"image\":{\"@id\":\"https:\/\/alfequipment.com\/#\/schema\/logo\/image\/\"}}]}<\/script>\n<!-- \/ Yoast SEO Premium plugin. -->","yoast_head_json":{"title":"DFXS7050 Scelleuse automatique de bords de cartons - ALF PACK","robots":{"index":"index","follow":"follow","max-snippet":"max-snippet:-1","max-image-preview":"max-image-preview:large","max-video-preview":"max-video-preview:-1"},"canonical":"https:\/\/alfequipment.com\/fr\/product\/dfxs7050-scelleuse-automatique-de-bords-de-carton\/","og_locale":"fr_FR","og_type":"article","og_title":"DFXS7050 Automatic Carton Edges Sealer box sealing machine","og_description":"Fully Automatic Carton Edges Sealer Box Sealing Machine","og_url":"https:\/\/alfequipment.com\/fr\/product\/dfxs7050-scelleuse-automatique-de-bords-de-carton\/","og_site_name":"ALF PACK","article_modified_time":"2025-01-13T14:46:12+00:00","og_image":[{"width":800,"height":800,"url":"https:\/\/alfequipment.com\/wp-content\/uploads\/2025\/01\/HTB1YkO.eHsTMeJjSsziq6AdwXXat.jpg","type":"image\/webp"}],"twitter_card":"summary_large_image","twitter_misc":{"Dur\u00e9e de lecture estim\u00e9e":"1 minute"},"schema":{"@context":"https:\/\/schema.org","@graph":[{"@type":"WebPage","@id":"https:\/\/alfequipment.com\/product\/dfxs7050-automatic-carton-edges-sealer-box-sealing-machine\/","url":"https:\/\/alfequipment.com\/product\/dfxs7050-automatic-carton-edges-sealer-box-sealing-machine\/","name":"DFXS7050 Scelleuse automatique de bords de cartons - ALF PACK","isPartOf":{"@id":"https:\/\/alfequipment.com\/#website"},"primaryImageOfPage":{"@id":"https:\/\/alfequipment.com\/product\/dfxs7050-automatic-carton-edges-sealer-box-sealing-machine\/#primaryimage"},"image":{"@id":"https:\/\/alfequipment.com\/product\/dfxs7050-automatic-carton-edges-sealer-box-sealing-machine\/#primaryimage"},"thumbnailUrl":"https:\/\/alfequipment.com\/wp-content\/uploads\/2025\/01\/HTB1YkO.eHsTMeJjSsziq6AdwXXat.jpg","datePublished":"2024-12-06T19:44:27+00:00","dateModified":"2025-01-13T14:46:12+00:00","breadcrumb":{"@id":"https:\/\/alfequipment.com\/product\/dfxs7050-automatic-carton-edges-sealer-box-sealing-machine\/#breadcrumb"},"inLanguage":"fr-FR","potentialAction":[{"@type":"ReadAction","target":["https:\/\/alfequipment.com\/product\/dfxs7050-automatic-carton-edges-sealer-box-sealing-machine\/"]}]},{"@type":"ImageObject","inLanguage":"fr-FR","@id":"https:\/\/alfequipment.com\/product\/dfxs7050-automatic-carton-edges-sealer-box-sealing-machine\/#primaryimage","url":"https:\/\/alfequipment.com\/wp-content\/uploads\/2025\/01\/HTB1YkO.eHsTMeJjSsziq6AdwXXat.jpg","contentUrl":"https:\/\/alfequipment.com\/wp-content\/uploads\/2025\/01\/HTB1YkO.eHsTMeJjSsziq6AdwXXat.jpg","width":800,"height":800},{"@type":"BreadcrumbList","@id":"https:\/\/alfequipment.com\/product\/dfxs7050-automatic-carton-edges-sealer-box-sealing-machine\/#breadcrumb","itemListElement":[{"@type":"ListItem","position":1,"name":"Home","item":"https:\/\/alfequipment.com\/"},{"@type":"ListItem","position":2,"name":"Shop","item":"https:\/\/alfequipment.com\/shop\/"},{"@type":"ListItem","position":3,"name":"DFXS7050 Automatic Carton Edges Sealer box sealing machine"}]},{"@type":"WebSite","@id":"https:\/\/alfequipment.com\/#website","url":"https:\/\/alfequipment.com\/","name":"PACK ALF","description":"","publisher":{"@id":"https:\/\/alfequipment.com\/#organization"},"potentialAction":[{"@type":"SearchAction","target":{"@type":"EntryPoint","urlTemplate":"https:\/\/alfequipment.com\/?s={search_term_string}"},"query-input":{"@type":"PropertyValueSpecification","valueRequired":true,"valueName":"search_term_string"}}],"inLanguage":"fr-FR"},{"@type":"Organization","@id":"https:\/\/alfequipment.com\/#organization","name":"PACK ALF","url":"https:\/\/alfequipment.com\/","logo":{"@type":"ImageObject","inLanguage":"fr-FR","@id":"https:\/\/alfequipment.com\/#\/schema\/logo\/image\/","url":"https:\/\/alfequipment.com\/wp-content\/uploads\/2024\/11\/ALFlogo-2.webp","contentUrl":"https:\/\/alfequipment.com\/wp-content\/uploads\/2024\/11\/ALFlogo-2.webp","width":758,"height":750,"caption":"ALF PACK"},"image":{"@id":"https:\/\/alfequipment.com\/#\/schema\/logo\/image\/"}}]}},"_links":{"self":[{"href":"https:\/\/alfequipment.com\/fr\/wp-json\/wp\/v2\/product\/3225","targetHints":{"allow":["GET"]}}],"collection":[{"href":"https:\/\/alfequipment.com\/fr\/wp-json\/wp\/v2\/product"}],"about":[{"href":"https:\/\/alfequipment.com\/fr\/wp-json\/wp\/v2\/types\/product"}],"replies":[{"embeddable":true,"href":"https:\/\/alfequipment.com\/fr\/wp-json\/wp\/v2\/comments?post=3225"}],"version-history":[{"count":0,"href":"https:\/\/alfequipment.com\/fr\/wp-json\/wp\/v2\/product\/3225\/revisions"}],"wp:featuredmedia":[{"embeddable":true,"href":"https:\/\/alfequipment.com\/fr\/wp-json\/wp\/v2\/media\/3226"}],"wp:attachment":[{"href":"https:\/\/alfequipment.com\/fr\/wp-json\/wp\/v2\/media?parent=3225"}],"wp:term":[{"taxonomy":"product_brand","embeddable":true,"href":"https:\/\/alfequipment.com\/fr\/wp-json\/wp\/v2\/product_brand?post=3225"},{"taxonomy":"product_cat","embeddable":true,"href":"https:\/\/alfequipment.com\/fr\/wp-json\/wp\/v2\/product_cat?post=3225"},{"taxonomy":"product_tag","embeddable":true,"href":"https:\/\/alfequipment.com\/fr\/wp-json\/wp\/v2\/product_tag?post=3225"}],"curies":[{"name":"wp","href":"https:\/\/api.w.org\/{rel}","templated":true}]}}