{"id":3227,"date":"2025-01-07T23:36:12","date_gmt":"2025-01-07T23:36:12","guid":{"rendered":"https:\/\/alfequipment.com\/product\/fql450b-hot-sale-manual-l-sealer-sealing-packaging-machine\/"},"modified":"2025-01-14T02:47:58","modified_gmt":"2025-01-14T02:47:58","slug":"fql450b-hot-sale-manual-l-sealer-sealing-packaging-machine","status":"publish","type":"product","link":"https:\/\/alfequipment.com\/fr\/product\/fql450b-hot-sale-manual-l-sealer-sealing-packaging-machine\/","title":{"rendered":"FQL450B Hot sale Manual L Sealer sealing packaging machine"},"content":{"rendered":"<div data-maya=\"{&quot;theme&quot;:{&quot;face&quot;:&quot;yin&quot;,&quot;fontFace&quot;:&quot;Roboto&quot;,&quot;fontSize&quot;:22,&quot;colors&quot;:1},&quot;items&quot;:[{&quot;title&quot;:&quot;cb56j&quot;,&quot;formats&quot;:[[[{&quot;nf529&quot;:&quot;H&quot;},{&quot;1j6vw&quot;:&quot;P&quot;}]],[{&quot;8je3o&quot;:{&quot;name&quot;:&quot;Tc&quot;,&quot;theme&quot;:&quot;col-header&quot;,&quot;tableCfgs&quot;:{&quot;sizes&quot;:{&quot;colWidths&quot;:[260,443],&quot;rowHeights&quot;:[22,22,22,22,22,22,22,22,22]}}}}],[{&quot;myj4h&quot;:&quot;Ia&quot;}],[{&quot;zir5w&quot;:&quot;Ia&quot;}],[{&quot;p1yue&quot;:&quot;Ia&quot;}],[{&quot;p8hxu&quot;:&quot;Ia&quot;}]]},{&quot;title&quot;:&quot;g71jh&quot;,&quot;formats&quot;:[[{&quot;7bmwb&quot;:&quot;Ig&quot;},{&quot;d9l91&quot;:&quot;Ig&quot;},{&quot;fpboi&quot;:&quot;Ig&quot;},{&quot;flw52&quot;:&quot;Ig&quot;}]]},{&quot;title&quot;:&quot;fg83s&quot;,&quot;formats&quot;:[[{&quot;30smq&quot;:&quot;Ia&quot;}]]},{&quot;title&quot;:&quot;08yh3&quot;,&quot;formats&quot;:[[{&quot;r4s3b&quot;:&quot;Ih&quot;},{&quot;443zi&quot;:{&quot;name&quot;:&quot;Te&quot;,&quot;theme&quot;:&quot;double-header&quot;,&quot;tableCfgs&quot;:{&quot;sizes&quot;:{&quot;colWidths&quot;:[72,252],&quot;rowHeights&quot;:[23,23,23,196]}}}}]]}]}\">\n<div>\n<div style=\"vertical-align: top;padding-top: 15px; padding-bottom: 15px;\">\n<div style=\"vertical-align: top;padding-top: 10px; padding-bottom: 10px; margin-right: -4px; margin-left: -4px;\">\n<div style=\"vertical-align: top; box-sizing: border-box; padding-right: 4px; padding-left: 4px;margin-top: -4px; margin-bottom: -4px;\">\n<div id=\"nf529\" style=\"vertical-align: top; box-sizing: border-box; padding-top: 4px; padding-bottom: 4px\">La r\u00e9traction thermique apr\u00e8s scellage est l'une des m\u00e9thodes d'emballage les plus avanc\u00e9es sur le march\u00e9 actuel. Elle consiste \u00e0 envelopper le film \u00e0 l'ext\u00e9rieur des marchandises, puis, apr\u00e8s chauffage, \u00e0 r\u00e9tracter \u00e9troitement le film sur les marchandises, ce qui permet d'afficher pleinement l'apparence, d'am\u00e9liorer l'exposition des marchandises et d'en augmenter la valeur. En m\u00eame temps, les marchandises emball\u00e9es peuvent \u00eatre bien scell\u00e9es, r\u00e9sistantes \u00e0 l'humidit\u00e9 et anti-salissures. Il peut prot\u00e9ger les marchandises des chocs ext\u00e9rieurs gr\u00e2ce \u00e0 un tampon, en particulier pour les marchandises fragiles. Il peut emp\u00eacher les \u00e9claboussures lorsque les marchandises fragiles emball\u00e9es sont \u00e9cras\u00e9es. En outre, il peut diminuer la possibilit\u00e9 d'\u00eatre d\u00e9moli ou vol\u00e9. Pour simplifier, les machines emballent les produits avec une couche de film plastique, ce qui rend l'emballage plus beau et plus ferme.&nbsp;<\/div>\n<\/p><\/div>\n<\/p><\/div>\n<div style=\"vertical-align: top;padding-top: 10px; padding-bottom: 10px; margin-right: -4px; margin-left: -4px;\">\n<div id=\"8je3o\" style=\"vertical-align: top; box-sizing: border-box; padding-right: 4px; padding-left: 4px\">\n<table style=\"width: auto; border-collapse: collapse; word-wrap: break-word;\" class=\"aliDataTable\">\n<tbody>\n<tr>\n<td style=\"background-color: rgb(218, 226, 237);\">\n<div style=\"width: 260px; height: 22px; padding: 5px 10px; overflow: hidden;\">\n          Mod\u00e8le\n         <\/div>\n<\/td>\n<td>\n<div style=\"width: 443px; height: 22px; padding: 5px 10px; overflow: hidden;\">\n          FQL-450B\n         <\/div>\n<\/td>\n<\/tr>\n<tr>\n<td style=\"background-color: rgb(218, 226, 237);\">\n<div style=\"width: 260px; height: 22px; padding: 5px 10px; overflow: hidden;\">\n          Tension\n         <\/div>\n<\/td>\n<td>\n<div style=\"width: 443px; height: 22px; padding: 5px 10px; overflow: hidden;\">\n          AC220-240V\/50-60Hz\n         <\/div>\n<\/td>\n<\/tr>\n<tr>\n<td style=\"background-color: rgb(218, 226, 237);\">\n<div style=\"width: 260px; height: 22px; padding: 5px 10px; overflow: hidden;\">\n          Puissance\n         <\/div>\n<\/td>\n<td>\n<div style=\"width: 443px; height: 22px; padding: 5px 10px; overflow: hidden;\">\n          0,9Kw\n         <\/div>\n<\/td>\n<\/tr>\n<tr>\n<td style=\"background-color: rgb(218, 226, 237);\">\n<div style=\"width: 260px; height: 22px; padding: 5px 10px; overflow: hidden;\">\n          Dur\u00e9e d'\u00e9tanch\u00e9it\u00e9\n         <\/div>\n<\/td>\n<td>\n<div style=\"width: 443px; height: 22px; padding: 5px 10px; overflow: hidden;\">\n          0-3sec\n         <\/div>\n<\/td>\n<\/tr>\n<tr>\n<td style=\"background-color: rgb(218, 226, 237);\">\n<div style=\"width: 260px; height: 22px; padding: 5px 10px; overflow: hidden;\">\n          Vitesse d'emballage\n         <\/div>\n<\/td>\n<td>\n<div style=\"width: 443px; height: 22px; padding: 5px 10px; overflow: hidden;\">\n          0-800pcs\/h\n         <\/div>\n<\/td>\n<\/tr>\n<tr>\n<td style=\"background-color: rgb(218, 226, 237);\">\n<div style=\"width: 260px; height: 22px; padding: 5px 10px; overflow: hidden;\">\n          \u00c9paisseur du film\n         <\/div>\n<\/td>\n<td>\n<div style=\"width: 443px; height: 22px; padding: 5px 10px; overflow: hidden;\">\n          0,015-0,08mm\n         <\/div>\n<\/td>\n<\/tr>\n<tr>\n<td style=\"background-color: rgb(218, 226, 237);\">\n<div style=\"width: 260px; height: 22px; padding: 5px 10px; overflow: hidden;\">\n          Taille maximale de l'emballage\n         <\/div>\n<\/td>\n<td>\n<div style=\"width: 443px; height: 22px; padding: 5px 10px; overflow: hidden;\">\n          500mm\u00d7450mm\n         <\/div>\n<\/td>\n<\/tr>\n<tr>\n<td style=\"background-color: rgb(218, 226, 237);\">\n<div style=\"width: 260px; height: 22px; padding: 5px 10px; overflow: hidden;\">\n          Taille de la machine\n         <\/div>\n<\/td>\n<td>\n<div style=\"width: 443px; height: 22px; padding: 5px 10px; overflow: hidden;\">\n          1042mmx 700mm x915mm\n         <\/div>\n<\/td>\n<\/tr>\n<tr>\n<td style=\"background-color: rgb(218, 226, 237);\">\n<div style=\"width: 260px; height: 22px; padding: 5px 10px; overflow: hidden;\">\n          poids\n         <\/div>\n<\/td>\n<td>\n<div style=\"width: 443px; height: 22px; padding: 5px 10px; overflow: hidden;\">\n          55Kg\n         <\/div>\n<\/td>\n<\/tr>\n<\/tbody>\n<\/table><\/div>\n<\/p><\/div>\n<div style=\"vertical-align: top;padding-top: 10px; padding-bottom: 10px; margin-right: -4px; margin-left: -4px;\">\n<div id=\"myj4h\" style=\"vertical-align: top; box-sizing: border-box; padding-right: 4px; padding-left: 4px\">\n<div style=\"overflow: hidden; width: 750px; height: 750px;\">\n      <img decoding=\"async\" src=\"https:\/\/sc02.alicdn.com\/kf\/HTB1aOf_atjvK1RjSspiq6AEqXXaF\/64496\/HTB1aOf_atjvK1RjSspiq6AEqXXaF.jpg\" style=\"width: 750px; height: 750px; margin-left: 0px; margin-top: 0px;\" class=\"aligncenter\">\n     <\/div>\n<\/p><\/div>\n<\/p><\/div>\n<div style=\"vertical-align: top;padding-top: 10px; padding-bottom: 10px; margin-right: -4px; margin-left: -4px;\">\n<div id=\"zir5w\" style=\"vertical-align: top; box-sizing: border-box; padding-right: 4px; padding-left: 4px\">\n<div style=\"overflow: hidden; width: 750px; height: 855.38px;\">\n      <img decoding=\"async\" src=\"https:\/\/sc02.alicdn.com\/kf\/HTB1XEFmazLuK1Rjy0Fhq6xpdFXa3\/64496\/HTB1XEFmazLuK1Rjy0Fhq6xpdFXa3.jpg\" style=\"width: 750px; height: 855.38px; margin-left: 0px; margin-top: 0px;\" class=\"aligncenter\">\n     <\/div>\n<\/p><\/div>\n<\/p><\/div>\n<div style=\"vertical-align: top;padding-top: 10px; padding-bottom: 10px; margin-right: -4px; margin-left: -4px;\">\n<div id=\"p1yue\" style=\"vertical-align: top; box-sizing: border-box; padding-right: 4px; padding-left: 4px\">\n<div style=\"overflow: hidden; width: 750px; height: 803.165px;\">\n      <img decoding=\"async\" src=\"https:\/\/sc02.alicdn.com\/kf\/HTB1RM.baELrK1Rjy0Fjq6zYXFXaE\/64496\/HTB1RM.baELrK1Rjy0Fjq6zYXFXaE.jpg\" style=\"width: 750px; height: 803.165px; margin-left: 0px; margin-top: 0px;\" class=\"aligncenter\">\n     <\/div>\n<\/p><\/div>\n<\/p><\/div>\n<div style=\"vertical-align: top;padding-top: 10px; padding-bottom: 10px; margin-right: -4px; margin-left: -4px;\">\n<div id=\"p8hxu\" style=\"vertical-align: top; box-sizing: border-box; padding-right: 4px; padding-left: 4px\">\n<div style=\"overflow: hidden; width: 750px; height: 277.814px;\">\n      <img decoding=\"async\" src=\"https:\/\/sc01.alicdn.com\/kf\/HTB1nZ.aavvsK1Rjy0Fiq6zwtXXav\/64496\/HTB1nZ.aavvsK1Rjy0Fiq6zwtXXav.jpg\" style=\"width: 750px; height: 277.814px; margin-left: 0px; margin-top: 0px;\" class=\"aligncenter\"><\/div>\n<\/div>\n<\/div>\n<\/div>\n<div style=\"vertical-align: top;padding-top: 15px; padding-bottom: 15px;\">\n  <\/div>\n<\/p><\/div>\n<\/div>","protected":false},"excerpt":{"rendered":"<p>Vente chaude Scelleur manuel en L<\/p>","protected":false},"featured_media":3228,"comment_status":"closed","ping_status":"open","template":"","meta":[],"product_brand":[],"product_cat":[122,97],"product_tag":[],"class_list":{"0":"post-3227","1":"product","2":"type-product","3":"status-publish","4":"has-post-thumbnail","6":"product_cat-l-type-sealer","7":"product_cat-sealing-machines","9":"first","10":"instock","11":"sale","12":"purchasable","13":"product-type-simple"},"yoast_head":"<!-- This site is optimized with the Yoast SEO Premium plugin v20.9 (Yoast SEO v26.5) - https:\/\/yoast.com\/wordpress\/plugins\/seo\/ -->\n<title>FQL450B Hot sale Manual L Sealer sealing packaging machine - ALF PACK<\/title>\n<meta name=\"robots\" content=\"index, follow, max-snippet:-1, max-image-preview:large, max-video-preview:-1\" \/>\n<link rel=\"canonical\" href=\"https:\/\/alfequipment.com\/fr\/product\/fql450b-hot-sale-manual-l-sealer-sealing-packaging-machine\/\" \/>\n<meta property=\"og:locale\" content=\"fr_FR\" \/>\n<meta property=\"og:type\" content=\"article\" \/>\n<meta property=\"og:title\" content=\"FQL450B Hot sale Manual L Sealer sealing packaging machine\" \/>\n<meta property=\"og:description\" content=\"Hot Sale Manual L Sealer\" \/>\n<meta property=\"og:url\" content=\"https:\/\/alfequipment.com\/fr\/product\/fql450b-hot-sale-manual-l-sealer-sealing-packaging-machine\/\" \/>\n<meta property=\"og:site_name\" content=\"ALF PACK\" \/>\n<meta property=\"article:modified_time\" content=\"2025-01-14T02:47:58+00:00\" \/>\n<meta property=\"og:image\" content=\"https:\/\/alfequipment.com\/wp-content\/uploads\/2025\/01\/HTB1pFqpcAKWBuNjy1zjq6AOypXaf.jpg\" \/>\n\t<meta property=\"og:image:width\" content=\"800\" \/>\n\t<meta property=\"og:image:height\" content=\"800\" \/>\n\t<meta property=\"og:image:type\" content=\"image\/webp\" \/>\n<meta name=\"twitter:card\" content=\"summary_large_image\" \/>\n<meta name=\"twitter:label1\" content=\"Dur\u00e9e de lecture estim\u00e9e\" \/>\n\t<meta name=\"twitter:data1\" content=\"1 minute\" \/>\n<script type=\"application\/ld+json\" class=\"yoast-schema-graph\">{\"@context\":\"https:\/\/schema.org\",\"@graph\":[{\"@type\":\"WebPage\",\"@id\":\"https:\/\/alfequipment.com\/product\/fql450b-hot-sale-manual-l-sealer-sealing-packaging-machine\/\",\"url\":\"https:\/\/alfequipment.com\/product\/fql450b-hot-sale-manual-l-sealer-sealing-packaging-machine\/\",\"name\":\"FQL450B Hot sale Manual L Sealer sealing packaging machine - ALF PACK\",\"isPartOf\":{\"@id\":\"https:\/\/alfequipment.com\/#website\"},\"primaryImageOfPage\":{\"@id\":\"https:\/\/alfequipment.com\/product\/fql450b-hot-sale-manual-l-sealer-sealing-packaging-machine\/#primaryimage\"},\"image\":{\"@id\":\"https:\/\/alfequipment.com\/product\/fql450b-hot-sale-manual-l-sealer-sealing-packaging-machine\/#primaryimage\"},\"thumbnailUrl\":\"https:\/\/alfequipment.com\/wp-content\/uploads\/2025\/01\/HTB1pFqpcAKWBuNjy1zjq6AOypXaf.jpg\",\"datePublished\":\"2025-01-07T23:36:12+00:00\",\"dateModified\":\"2025-01-14T02:47:58+00:00\",\"breadcrumb\":{\"@id\":\"https:\/\/alfequipment.com\/product\/fql450b-hot-sale-manual-l-sealer-sealing-packaging-machine\/#breadcrumb\"},\"inLanguage\":\"fr-FR\",\"potentialAction\":[{\"@type\":\"ReadAction\",\"target\":[\"https:\/\/alfequipment.com\/product\/fql450b-hot-sale-manual-l-sealer-sealing-packaging-machine\/\"]}]},{\"@type\":\"ImageObject\",\"inLanguage\":\"fr-FR\",\"@id\":\"https:\/\/alfequipment.com\/product\/fql450b-hot-sale-manual-l-sealer-sealing-packaging-machine\/#primaryimage\",\"url\":\"https:\/\/alfequipment.com\/wp-content\/uploads\/2025\/01\/HTB1pFqpcAKWBuNjy1zjq6AOypXaf.jpg\",\"contentUrl\":\"https:\/\/alfequipment.com\/wp-content\/uploads\/2025\/01\/HTB1pFqpcAKWBuNjy1zjq6AOypXaf.jpg\",\"width\":800,\"height\":800},{\"@type\":\"BreadcrumbList\",\"@id\":\"https:\/\/alfequipment.com\/product\/fql450b-hot-sale-manual-l-sealer-sealing-packaging-machine\/#breadcrumb\",\"itemListElement\":[{\"@type\":\"ListItem\",\"position\":1,\"name\":\"Home\",\"item\":\"https:\/\/alfequipment.com\/\"},{\"@type\":\"ListItem\",\"position\":2,\"name\":\"Shop\",\"item\":\"https:\/\/alfequipment.com\/shop\/\"},{\"@type\":\"ListItem\",\"position\":3,\"name\":\"FQL450B Hot sale Manual L Sealer sealing packaging machine\"}]},{\"@type\":\"WebSite\",\"@id\":\"https:\/\/alfequipment.com\/#website\",\"url\":\"https:\/\/alfequipment.com\/\",\"name\":\"ALF PACK\",\"description\":\"\",\"publisher\":{\"@id\":\"https:\/\/alfequipment.com\/#organization\"},\"potentialAction\":[{\"@type\":\"SearchAction\",\"target\":{\"@type\":\"EntryPoint\",\"urlTemplate\":\"https:\/\/alfequipment.com\/?s={search_term_string}\"},\"query-input\":{\"@type\":\"PropertyValueSpecification\",\"valueRequired\":true,\"valueName\":\"search_term_string\"}}],\"inLanguage\":\"fr-FR\"},{\"@type\":\"Organization\",\"@id\":\"https:\/\/alfequipment.com\/#organization\",\"name\":\"ALF PACK\",\"url\":\"https:\/\/alfequipment.com\/\",\"logo\":{\"@type\":\"ImageObject\",\"inLanguage\":\"fr-FR\",\"@id\":\"https:\/\/alfequipment.com\/#\/schema\/logo\/image\/\",\"url\":\"https:\/\/alfequipment.com\/wp-content\/uploads\/2024\/11\/ALFlogo-2.webp\",\"contentUrl\":\"https:\/\/alfequipment.com\/wp-content\/uploads\/2024\/11\/ALFlogo-2.webp\",\"width\":758,\"height\":750,\"caption\":\"ALF PACK\"},\"image\":{\"@id\":\"https:\/\/alfequipment.com\/#\/schema\/logo\/image\/\"}}]}<\/script>\n<!-- \/ Yoast SEO Premium plugin. -->","yoast_head_json":{"title":"FQL450B Machine \u00e0 sceller manuelle en L - ALF PACK","robots":{"index":"index","follow":"follow","max-snippet":"max-snippet:-1","max-image-preview":"max-image-preview:large","max-video-preview":"max-video-preview:-1"},"canonical":"https:\/\/alfequipment.com\/fr\/product\/fql450b-hot-sale-manual-l-sealer-sealing-packaging-machine\/","og_locale":"fr_FR","og_type":"article","og_title":"FQL450B Hot sale Manual L Sealer sealing packaging machine","og_description":"Hot Sale Manual L Sealer","og_url":"https:\/\/alfequipment.com\/fr\/product\/fql450b-hot-sale-manual-l-sealer-sealing-packaging-machine\/","og_site_name":"ALF PACK","article_modified_time":"2025-01-14T02:47:58+00:00","og_image":[{"width":800,"height":800,"url":"https:\/\/alfequipment.com\/wp-content\/uploads\/2025\/01\/HTB1pFqpcAKWBuNjy1zjq6AOypXaf.jpg","type":"image\/webp"}],"twitter_card":"summary_large_image","twitter_misc":{"Dur\u00e9e de lecture estim\u00e9e":"1 minute"},"schema":{"@context":"https:\/\/schema.org","@graph":[{"@type":"WebPage","@id":"https:\/\/alfequipment.com\/product\/fql450b-hot-sale-manual-l-sealer-sealing-packaging-machine\/","url":"https:\/\/alfequipment.com\/product\/fql450b-hot-sale-manual-l-sealer-sealing-packaging-machine\/","name":"FQL450B Machine \u00e0 sceller manuelle en L - ALF PACK","isPartOf":{"@id":"https:\/\/alfequipment.com\/#website"},"primaryImageOfPage":{"@id":"https:\/\/alfequipment.com\/product\/fql450b-hot-sale-manual-l-sealer-sealing-packaging-machine\/#primaryimage"},"image":{"@id":"https:\/\/alfequipment.com\/product\/fql450b-hot-sale-manual-l-sealer-sealing-packaging-machine\/#primaryimage"},"thumbnailUrl":"https:\/\/alfequipment.com\/wp-content\/uploads\/2025\/01\/HTB1pFqpcAKWBuNjy1zjq6AOypXaf.jpg","datePublished":"2025-01-07T23:36:12+00:00","dateModified":"2025-01-14T02:47:58+00:00","breadcrumb":{"@id":"https:\/\/alfequipment.com\/product\/fql450b-hot-sale-manual-l-sealer-sealing-packaging-machine\/#breadcrumb"},"inLanguage":"fr-FR","potentialAction":[{"@type":"ReadAction","target":["https:\/\/alfequipment.com\/product\/fql450b-hot-sale-manual-l-sealer-sealing-packaging-machine\/"]}]},{"@type":"ImageObject","inLanguage":"fr-FR","@id":"https:\/\/alfequipment.com\/product\/fql450b-hot-sale-manual-l-sealer-sealing-packaging-machine\/#primaryimage","url":"https:\/\/alfequipment.com\/wp-content\/uploads\/2025\/01\/HTB1pFqpcAKWBuNjy1zjq6AOypXaf.jpg","contentUrl":"https:\/\/alfequipment.com\/wp-content\/uploads\/2025\/01\/HTB1pFqpcAKWBuNjy1zjq6AOypXaf.jpg","width":800,"height":800},{"@type":"BreadcrumbList","@id":"https:\/\/alfequipment.com\/product\/fql450b-hot-sale-manual-l-sealer-sealing-packaging-machine\/#breadcrumb","itemListElement":[{"@type":"ListItem","position":1,"name":"Home","item":"https:\/\/alfequipment.com\/"},{"@type":"ListItem","position":2,"name":"Shop","item":"https:\/\/alfequipment.com\/shop\/"},{"@type":"ListItem","position":3,"name":"FQL450B Hot sale Manual L Sealer sealing packaging machine"}]},{"@type":"WebSite","@id":"https:\/\/alfequipment.com\/#website","url":"https:\/\/alfequipment.com\/","name":"PACK ALF","description":"","publisher":{"@id":"https:\/\/alfequipment.com\/#organization"},"potentialAction":[{"@type":"SearchAction","target":{"@type":"EntryPoint","urlTemplate":"https:\/\/alfequipment.com\/?s={search_term_string}"},"query-input":{"@type":"PropertyValueSpecification","valueRequired":true,"valueName":"search_term_string"}}],"inLanguage":"fr-FR"},{"@type":"Organization","@id":"https:\/\/alfequipment.com\/#organization","name":"PACK ALF","url":"https:\/\/alfequipment.com\/","logo":{"@type":"ImageObject","inLanguage":"fr-FR","@id":"https:\/\/alfequipment.com\/#\/schema\/logo\/image\/","url":"https:\/\/alfequipment.com\/wp-content\/uploads\/2024\/11\/ALFlogo-2.webp","contentUrl":"https:\/\/alfequipment.com\/wp-content\/uploads\/2024\/11\/ALFlogo-2.webp","width":758,"height":750,"caption":"ALF PACK"},"image":{"@id":"https:\/\/alfequipment.com\/#\/schema\/logo\/image\/"}}]}},"_links":{"self":[{"href":"https:\/\/alfequipment.com\/fr\/wp-json\/wp\/v2\/product\/3227","targetHints":{"allow":["GET"]}}],"collection":[{"href":"https:\/\/alfequipment.com\/fr\/wp-json\/wp\/v2\/product"}],"about":[{"href":"https:\/\/alfequipment.com\/fr\/wp-json\/wp\/v2\/types\/product"}],"replies":[{"embeddable":true,"href":"https:\/\/alfequipment.com\/fr\/wp-json\/wp\/v2\/comments?post=3227"}],"version-history":[{"count":0,"href":"https:\/\/alfequipment.com\/fr\/wp-json\/wp\/v2\/product\/3227\/revisions"}],"wp:featuredmedia":[{"embeddable":true,"href":"https:\/\/alfequipment.com\/fr\/wp-json\/wp\/v2\/media\/3228"}],"wp:attachment":[{"href":"https:\/\/alfequipment.com\/fr\/wp-json\/wp\/v2\/media?parent=3227"}],"wp:term":[{"taxonomy":"product_brand","embeddable":true,"href":"https:\/\/alfequipment.com\/fr\/wp-json\/wp\/v2\/product_brand?post=3227"},{"taxonomy":"product_cat","embeddable":true,"href":"https:\/\/alfequipment.com\/fr\/wp-json\/wp\/v2\/product_cat?post=3227"},{"taxonomy":"product_tag","embeddable":true,"href":"https:\/\/alfequipment.com\/fr\/wp-json\/wp\/v2\/product_tag?post=3227"}],"curies":[{"name":"wp","href":"https:\/\/api.w.org\/{rel}","templated":true}]}}