{"id":3229,"date":"2024-12-06T17:16:37","date_gmt":"2024-12-06T17:16:37","guid":{"rendered":"https:\/\/alfequipment.com\/product\/fm400-2-in-1-l-bar-type-sealing-sealer-and-shrink-tunnel-packaging-machine\/"},"modified":"2025-01-14T03:13:12","modified_gmt":"2025-01-14T03:13:12","slug":"fm400-2-in-1-l-bar-type-sealing-sealer-and-shrink-tunnel-packaging-machine","status":"publish","type":"product","link":"https:\/\/alfequipment.com\/fr\/product\/fm400-2-in-1-l-bar-type-sealing-sealer-and-shrink-tunnel-packaging-machine\/","title":{"rendered":"FM400 2 In 1 L bar type sealing sealer and shrink tunnel packaging machine"},"content":{"rendered":"<div data-maya=\"{&quot;theme&quot;:{&quot;face&quot;:&quot;yin&quot;,&quot;fontFace&quot;:&quot;Roboto&quot;,&quot;fontSize&quot;:22,&quot;colors&quot;:1},&quot;items&quot;:[{&quot;title&quot;:&quot;voqpu&quot;,&quot;formats&quot;:[[[{&quot;tuks4&quot;:&quot;H&quot;},{&quot;oayjp&quot;:&quot;P&quot;}]],[{&quot;uajty&quot;:{&quot;name&quot;:&quot;Tc&quot;,&quot;theme&quot;:&quot;col-header&quot;,&quot;tableCfgs&quot;:{&quot;sizes&quot;:{&quot;colWidths&quot;:[255,445],&quot;rowHeights&quot;:[22,22,22,22,22,22,22,22,22,22]}}}}],[{&quot;phzip&quot;:&quot;Ia&quot;}],[[{&quot;gth0y&quot;:&quot;Ib&quot;},[{&quot;bn7k2&quot;:&quot;Id&quot;},{&quot;6sik0&quot;:&quot;Id&quot;}]]],[[{&quot;re5bb&quot;:&quot;H&quot;},{&quot;fwcbf&quot;:&quot;P&quot;}]]]},{&quot;title&quot;:&quot;lpeg9&quot;,&quot;formats&quot;:[[{&quot;l0oce&quot;:&quot;Ig&quot;},{&quot;lurip&quot;:&quot;Ig&quot;},{&quot;8zgke&quot;:&quot;Ig&quot;},{&quot;unjr5&quot;:&quot;Ig&quot;}]]},{&quot;title&quot;:&quot;dqlcm&quot;,&quot;formats&quot;:[[{&quot;y4ey8&quot;:&quot;Ia&quot;}]]},{&quot;title&quot;:&quot;2st3g&quot;,&quot;formats&quot;:[[{&quot;fss0p&quot;:&quot;Ih&quot;},{&quot;bpfau&quot;:{&quot;name&quot;:&quot;Te&quot;,&quot;theme&quot;:&quot;double-header&quot;,&quot;tableCfgs&quot;:{&quot;sizes&quot;:{&quot;colWidths&quot;:[72,252],&quot;rowHeights&quot;:[23,23,23,196]}}}}]]},{&quot;title&quot;:&quot;chsx7&quot;,&quot;formats&quot;:[[[[{&quot;xok6b&quot;:&quot;Im&quot;},{&quot;w6ine&quot;:&quot;Im&quot;},{&quot;8grq2&quot;:&quot;Im&quot;}],[[{&quot;m3gcs&quot;:&quot;H&quot;},{&quot;mzvzh&quot;:&quot;P&quot;}],[{&quot;5ol5t&quot;:&quot;H&quot;},{&quot;mfnhd&quot;:&quot;P&quot;}],[{&quot;s7sni&quot;:&quot;H&quot;},{&quot;ht1mc&quot;:&quot;P&quot;}]]]]]}]}\">\n<div>\n<div style=\"vertical-align: top;padding-top: 15px; padding-bottom: 15px;\">\n<div style=\"vertical-align: top;padding-top: 10px; padding-bottom: 10px; margin-right: -4px; margin-left: -4px;\">\n<div style=\"vertical-align: top; box-sizing: border-box; padding-right: 4px; padding-left: 4px;margin-top: -4px; margin-bottom: -4px;\">\n<div id=\"tuks4\" style=\"vertical-align: top; box-sizing: border-box; padding-top: 4px; padding-bottom: 4px\">La r\u00e9traction thermique apr\u00e8s scellage est l'une des m\u00e9thodes d'emballage les plus avanc\u00e9es sur le march\u00e9 actuel. Elle consiste \u00e0 envelopper le film \u00e0 l'ext\u00e9rieur des marchandises, puis, apr\u00e8s chauffage, \u00e0 r\u00e9tracter \u00e9troitement le film sur les marchandises, ce qui permet d'afficher pleinement l'apparence, d'am\u00e9liorer l'exposition des marchandises et d'en augmenter la valeur. En m\u00eame temps, les marchandises emball\u00e9es peuvent \u00eatre bien scell\u00e9es, r\u00e9sistantes \u00e0 l'humidit\u00e9 et anti-salissures. Il peut prot\u00e9ger les marchandises des chocs ext\u00e9rieurs gr\u00e2ce \u00e0 un tampon, en particulier pour les marchandises fragiles. Il peut emp\u00eacher les \u00e9claboussures lorsque les marchandises fragiles emball\u00e9es sont \u00e9cras\u00e9es. En outre, il peut diminuer la possibilit\u00e9 d'\u00eatre d\u00e9moli ou vol\u00e9. Pour simplifier, les machines emballent les produits avec une couche de film plastique, ce qui rend l'emballage plus beau et plus ferme. Il est largement utilis\u00e9 pour l'emballage de bo\u00eetes, de jouets, de briques \u00e9lectroniques, de livres, de magazines, etc.<\/div>\n<\/p><\/div>\n<\/p><\/div>\n<div style=\"vertical-align: top;padding-top: 10px; padding-bottom: 10px; margin-right: -4px; margin-left: -4px;\">\n<div id=\"uajty\" style=\"vertical-align: top; box-sizing: border-box; padding-right: 4px; padding-left: 4px\">\n<table style=\"width: auto; border-collapse: collapse; word-wrap: break-word;\" class=\"aliDataTable\">\n<tbody>\n<tr>\n<td style=\"background-color: rgb(218, 226, 237);\">\n<div style=\"width: 255px; height: 22px; padding: 5px 10px; overflow: hidden;\">\n          Mod\u00e8le\n         <\/div>\n<\/td>\n<td>\n<div style=\"width: 445px; height: 22px; padding: 5px 10px; overflow: hidden;\">\n          FM400\n         <\/div>\n<\/td>\n<\/tr>\n<tr>\n<td style=\"background-color: rgb(218, 226, 237);\">\n<div style=\"width: 255px; height: 22px; padding: 5px 10px; overflow: hidden;\">\n          Alimentation \u00e9lectrique\n         <\/div>\n<\/td>\n<td>\n<div style=\"width: 445px; height: auto; padding: 5px 10px; overflow: hidden;\">\n          AC220-240V\/50-60Hz\n         <\/div>\n<\/td>\n<\/tr>\n<tr>\n<td style=\"background-color: rgb(218, 226, 237);\">\n<div style=\"width: 255px; height: 22px; padding: 5px 10px; overflow: hidden;\">\n          Temps de coupe des scell\u00e9s\n         <\/div>\n<\/td>\n<td>\n<div style=\"width: 445px; height: 22px; padding: 5px 10px; overflow: hidden;\">\n          0-3sec\n         <\/div>\n<\/td>\n<\/tr>\n<tr>\n<td style=\"background-color: rgb(218, 226, 237);\">\n<div style=\"width: 255px; height: 22px; padding: 5px 10px; overflow: hidden;\">\n          D\u00e9lai de r\u00e9tr\u00e9cissement\n         <\/div>\n<\/td>\n<td>\n<div style=\"width: 445px; height: 22px; padding: 5px 10px; overflow: hidden;\">\n          0-30sec\n         <\/div>\n<\/td>\n<\/tr>\n<tr>\n<td style=\"background-color: rgb(218, 226, 237);\">\n<div style=\"width: 255px; height: 22px; padding: 5px 10px; overflow: hidden;\">\n           Capacit\u00e9\n         <\/div>\n<\/td>\n<td>\n<div style=\"width: 445px; height: 22px; padding: 5px 10px; overflow: hidden;\">\n          300-600 heures\/h\n         <\/div>\n<\/td>\n<\/tr>\n<tr>\n<td style=\"background-color: rgb(218, 226, 237);\">\n<div style=\"width: 255px; height: 22px; padding: 5px 10px; overflow: hidden;\">\n          \u00c9paisseur de la fim\n         <\/div>\n<\/td>\n<td>\n<div style=\"width: 445px; height: 22px; padding: 5px 10px; overflow: hidden;\">\n          0,015-0,08mm\n         <\/div>\n<\/td>\n<\/tr>\n<tr>\n<td style=\"background-color: rgb(218, 226, 237);\">\n<div style=\"width: 255px; height: 22px; padding: 5px 10px; overflow: hidden;\">\n          Puissance\n         <\/div>\n<\/td>\n<td>\n<div style=\"width: 445px; height: 22px; padding: 5px 10px; overflow: hidden;\">\n          4.5KW\n         <\/div>\n<\/td>\n<\/tr>\n<tr>\n<td style=\"background-color: rgb(218, 226, 237);\">\n<div style=\"width: 255px; height: 22px; padding: 5px 10px; overflow: hidden;\">\n          Taille maximale de l'emballage\n         <\/div>\n<\/td>\n<td>\n<div style=\"width: 445px; height: 22px; padding: 5px 10px; overflow: hidden;\">\n          L:400*L400\n         <\/div>\n<\/td>\n<\/tr>\n<tr>\n<td style=\"background-color: rgb(218, 226, 237);\">\n<div style=\"width: 255px; height: 22px; padding: 5px 10px; overflow: hidden;\">\n          Taille de la machine\n         <\/div>\n<\/td>\n<td>\n<div style=\"width: 445px; height: 22px; padding: 5px 10px; overflow: hidden;\">\n          L850mm x L740mmxH1080~1330mm\n         <\/div>\n<\/td>\n<\/tr>\n<tr>\n<td style=\"background-color: rgb(218, 226, 237);\">\n<div style=\"width: 255px; height: 22px; padding: 5px 10px; overflow: hidden;\">\n          Poids de la machine\n         <\/div>\n<\/td>\n<td>\n<div style=\"width: 445px; height: 22px; padding: 5px 10px; overflow: hidden;\">\n          168kgs\n         <\/div>\n<\/td>\n<\/tr>\n<\/tbody>\n<\/table><\/div>\n<\/p><\/div>\n<div style=\"vertical-align: top;padding-top: 10px; padding-bottom: 10px; margin-right: -4px; margin-left: -4px;\">\n<div id=\"phzip\" style=\"vertical-align: top; box-sizing: border-box; padding-right: 4px; padding-left: 4px\">\n<div style=\"overflow: hidden; width: 750px; height: 750px;\">\n      <img decoding=\"async\" src=\"https:\/\/sc01.alicdn.com\/kf\/HTB1L8z5asfrK1Rjy0Fmq6xhEXXan\/64496\/HTB1L8z5asfrK1Rjy0Fmq6xhEXXan.jpg\" style=\"width: 750px; height: 750px; margin-left: 0px; margin-top: 0px;\" class=\"aligncenter\">\n     <\/div>\n<\/p><\/div>\n<\/p><\/div>\n<div style=\"vertical-align: top;padding-top: 10px; padding-bottom: 10px; margin-right: -4px; margin-left: -4px;\">\n<div style=\"vertical-align: top; box-sizing: border-box; padding-right: 4px; padding-left: 4px;margin-top: -4px; margin-bottom: -4px;\">\n<div id=\"gth0y\" style=\"vertical-align: top; box-sizing: border-box; padding-top: 4px; padding-bottom: 4px\">\n<div style=\"overflow: hidden; width: 750px; height: 320px;\">\n       <img decoding=\"async\" src=\"https:\/\/sc01.alicdn.com\/kf\/HTB1Y0BmazLuK1Rjy0Fhq6xpdFXas\/64496\/HTB1Y0BmazLuK1Rjy0Fhq6xpdFXas.jpg\" style=\"width: 750px; height: 750px; margin-left: 0px; margin-top: -168px;\" class=\"aligncenter\">\n      <\/div>\n<\/p><\/div>\n<div style=\"vertical-align: top; box-sizing: border-box; padding-top: 4px; padding-bottom: 4px;margin-right: -4px; margin-left: -4px;\">\n<div id=\"bn7k2\" style=\"vertical-align: top; width: 50%; display: inline-block; box-sizing: border-box; padding-right: 4px; padding-left: 4px\">\n<div style=\"overflow: hidden; width: 371px; height: 200px;\">\n        <img decoding=\"async\" src=\"https:\/\/sc01.alicdn.com\/kf\/HTB1g1gbasrrK1Rjy1zeq6xalFXaw\/64496\/HTB1g1gbasrrK1Rjy1zeq6xalFXaw.jpg\" style=\"width: 371px; height: 371px; margin-left: 0px; margin-top: -115px;\" class=\"aligncenter\">\n       <\/div>\n<\/p><\/div>\n<div id=\"6sik0\" style=\"vertical-align: top; width: 50%; display: inline-block; box-sizing: border-box; padding-right: 4px; padding-left: 4px\">\n<div style=\"overflow: hidden; width: 371px; height: 200px;\">\n        <img decoding=\"async\" src=\"https:\/\/sc02.alicdn.com\/kf\/HTB1nZD9azzuK1RjSspeq6ziHVXau\/64496\/HTB1nZD9azzuK1RjSspeq6ziHVXau.jpg\" style=\"width: 371px; height: 371px; margin-left: 0px; margin-top: -86px;\" class=\"aligncenter\">\n       <\/div>\n<\/p><\/div>\n<\/p><\/div>\n<\/p><\/div>\n<\/p><\/div>\n<div style=\"vertical-align: top;padding-top: 10px; padding-bottom: 10px; margin-right: -4px; margin-left: -4px;\">\n<div style=\"vertical-align: top; box-sizing: border-box; padding-right: 4px; padding-left: 4px;margin-top: -4px; margin-bottom: -4px;\">\n<div id=\"re5bb\" style=\"vertical-align: top; box-sizing: border-box; padding-top: 4px; padding-bottom: 4px\">\n<h3 style=\"padding: 0px; font-size: 16px; line-height: 20px; font-weight: bold; margin: 0px;\"><font color=\"#3f6fff\">Caract\u00e9ristiques principales<\/font><\/h3>\n<\/p><\/div>\n<div id=\"fwcbf\" style=\"vertical-align: top; box-sizing: border-box; padding-top: 4px; padding-bottom: 4px\">\n<p style=\"margin:0;padding:0;\">1 Cette machine est une emballeuse r\u00e9tractable 2 en 1 nouvellement d\u00e9velopp\u00e9e par notre soci\u00e9t\u00e9, qui permet de sceller, de couper et de r\u00e9tracter sur la m\u00eame machine. Elle a une conception exquise et est facile \u00e0 utiliser.<\/p>\n<p>2. le cadre du film peut \u00eatre ajust\u00e9 vers le haut et vers le bas. Le guide du convoyeur peut \u00eatre pli\u00e9. Il a une structure compacte, un petit volume, ce qui est pratique pour le transport. <\/p>\n<p>3. elle poss\u00e8de des composants s\u00e9par\u00e9s pour les fonctions de coupe et de r\u00e9traction, qui peuvent \u00e9galement \u00eatre utilis\u00e9s seuls. L'efficacit\u00e9 du travail est nettement sup\u00e9rieure \u00e0 celle de la fardeleuse FM5540 2 IN 1. <\/p>\n<p>4. faible consommation d'\u00e9nergie, adapt\u00e9e \u00e0 une utilisation familiale. <\/p>\n<p>5. la chambre de r\u00e9traction adopte un cycle de chauffage interne, ce qui garantit un chauffage uniforme et permet d'obtenir une r\u00e9traction excellente et parfaite.<\/p>\n<\/div>\n<\/div>\n<\/div>\n<\/div>\n<div style=\"vertical-align: top;padding-top: 15px; padding-bottom: 15px;\">\n<div style=\"vertical-align: top;padding-top: 10px; padding-bottom: 10px; margin-right: -4px; margin-left: -4px;\">\n<div style=\"vertical-align: top; box-sizing: border-box; padding-right: 4px; padding-left: 4px;margin-top: -4px; margin-bottom: -4px;\">\n<div style=\"vertical-align: top; box-sizing: border-box; padding-top: 4px; padding-bottom: 4px;margin-right: -4px; margin-left: -4px;\">\n<div style=\"vertical-align: top; width: 33.3333%; display: inline-block; box-sizing: border-box; padding-right: 4px; padding-left: 4px;margin-top: -4px; margin-bottom: -4px;\">\n<div id=\"ht1mc\" style=\"vertical-align: top; box-sizing: border-box; padding-top: 4px; padding-bottom: 4px\">\n       <\/div>\n<\/p><\/div>\n<\/p><\/div>\n<\/p><\/div>\n<\/p><\/div>\n<\/p><\/div>\n<\/p><\/div>\n<\/div>","protected":false},"excerpt":{"rendered":"<p>Scelleuse et emballeuse r\u00e9tractable 2 en 1<\/p>","protected":false},"featured_media":3230,"comment_status":"closed","ping_status":"closed","template":"","meta":[],"product_brand":[],"product_cat":[122,97],"product_tag":[],"class_list":{"0":"post-3229","1":"product","2":"type-product","3":"status-publish","4":"has-post-thumbnail","6":"product_cat-l-type-sealer","7":"product_cat-sealing-machines","9":"first","10":"instock","11":"sale","12":"purchasable","13":"product-type-simple"},"yoast_head":"<!-- This site is optimized with the Yoast SEO Premium plugin v20.9 (Yoast SEO v26.5) - https:\/\/yoast.com\/wordpress\/plugins\/seo\/ -->\n<title>FM400 2 In 1 L bar type sealing sealer and shrink tunnel packaging machine - ALF PACK<\/title>\n<meta name=\"robots\" content=\"index, follow, max-snippet:-1, max-image-preview:large, max-video-preview:-1\" \/>\n<link rel=\"canonical\" href=\"https:\/\/alfequipment.com\/fr\/product\/fm400-2-in-1-l-bar-type-sealing-sealer-and-shrink-tunnel-packaging-machine\/\" \/>\n<meta property=\"og:locale\" content=\"fr_FR\" \/>\n<meta property=\"og:type\" content=\"article\" \/>\n<meta property=\"og:title\" content=\"FM400 2 In 1 L bar type sealing sealer and shrink tunnel packaging machine\" \/>\n<meta property=\"og:description\" content=\"2 In 1 L Sealer And Shrink Packager\" \/>\n<meta property=\"og:url\" content=\"https:\/\/alfequipment.com\/fr\/product\/fm400-2-in-1-l-bar-type-sealing-sealer-and-shrink-tunnel-packaging-machine\/\" \/>\n<meta property=\"og:site_name\" content=\"ALF PACK\" \/>\n<meta property=\"article:modified_time\" content=\"2025-01-14T03:13:12+00:00\" \/>\n<meta property=\"og:image\" content=\"https:\/\/alfequipment.com\/wp-content\/uploads\/2025\/01\/HTB1KwNXcmFRMKJjy0Fhq6x.xpXaY_.jpg\" \/>\n\t<meta property=\"og:image:width\" content=\"800\" \/>\n\t<meta property=\"og:image:height\" content=\"800\" \/>\n\t<meta property=\"og:image:type\" content=\"image\/webp\" \/>\n<meta name=\"twitter:card\" content=\"summary_large_image\" \/>\n<meta name=\"twitter:label1\" content=\"Dur\u00e9e de lecture estim\u00e9e\" \/>\n\t<meta name=\"twitter:data1\" content=\"1 minute\" \/>\n<script type=\"application\/ld+json\" class=\"yoast-schema-graph\">{\"@context\":\"https:\/\/schema.org\",\"@graph\":[{\"@type\":\"WebPage\",\"@id\":\"https:\/\/alfequipment.com\/product\/fm400-2-in-1-l-bar-type-sealing-sealer-and-shrink-tunnel-packaging-machine\/\",\"url\":\"https:\/\/alfequipment.com\/product\/fm400-2-in-1-l-bar-type-sealing-sealer-and-shrink-tunnel-packaging-machine\/\",\"name\":\"FM400 2 In 1 L bar type sealing sealer and shrink tunnel packaging machine - ALF PACK\",\"isPartOf\":{\"@id\":\"https:\/\/alfequipment.com\/#website\"},\"primaryImageOfPage\":{\"@id\":\"https:\/\/alfequipment.com\/product\/fm400-2-in-1-l-bar-type-sealing-sealer-and-shrink-tunnel-packaging-machine\/#primaryimage\"},\"image\":{\"@id\":\"https:\/\/alfequipment.com\/product\/fm400-2-in-1-l-bar-type-sealing-sealer-and-shrink-tunnel-packaging-machine\/#primaryimage\"},\"thumbnailUrl\":\"https:\/\/alfequipment.com\/wp-content\/uploads\/2025\/01\/HTB1KwNXcmFRMKJjy0Fhq6x.xpXaY_.jpg\",\"datePublished\":\"2024-12-06T17:16:37+00:00\",\"dateModified\":\"2025-01-14T03:13:12+00:00\",\"breadcrumb\":{\"@id\":\"https:\/\/alfequipment.com\/product\/fm400-2-in-1-l-bar-type-sealing-sealer-and-shrink-tunnel-packaging-machine\/#breadcrumb\"},\"inLanguage\":\"fr-FR\",\"potentialAction\":[{\"@type\":\"ReadAction\",\"target\":[\"https:\/\/alfequipment.com\/product\/fm400-2-in-1-l-bar-type-sealing-sealer-and-shrink-tunnel-packaging-machine\/\"]}]},{\"@type\":\"ImageObject\",\"inLanguage\":\"fr-FR\",\"@id\":\"https:\/\/alfequipment.com\/product\/fm400-2-in-1-l-bar-type-sealing-sealer-and-shrink-tunnel-packaging-machine\/#primaryimage\",\"url\":\"https:\/\/alfequipment.com\/wp-content\/uploads\/2025\/01\/HTB1KwNXcmFRMKJjy0Fhq6x.xpXaY_.jpg\",\"contentUrl\":\"https:\/\/alfequipment.com\/wp-content\/uploads\/2025\/01\/HTB1KwNXcmFRMKJjy0Fhq6x.xpXaY_.jpg\",\"width\":800,\"height\":800},{\"@type\":\"BreadcrumbList\",\"@id\":\"https:\/\/alfequipment.com\/product\/fm400-2-in-1-l-bar-type-sealing-sealer-and-shrink-tunnel-packaging-machine\/#breadcrumb\",\"itemListElement\":[{\"@type\":\"ListItem\",\"position\":1,\"name\":\"Home\",\"item\":\"https:\/\/alfequipment.com\/\"},{\"@type\":\"ListItem\",\"position\":2,\"name\":\"Shop\",\"item\":\"https:\/\/alfequipment.com\/shop\/\"},{\"@type\":\"ListItem\",\"position\":3,\"name\":\"FM400 2 In 1 L bar type sealing sealer and shrink tunnel packaging machine\"}]},{\"@type\":\"WebSite\",\"@id\":\"https:\/\/alfequipment.com\/#website\",\"url\":\"https:\/\/alfequipment.com\/\",\"name\":\"ALF PACK\",\"description\":\"\",\"publisher\":{\"@id\":\"https:\/\/alfequipment.com\/#organization\"},\"potentialAction\":[{\"@type\":\"SearchAction\",\"target\":{\"@type\":\"EntryPoint\",\"urlTemplate\":\"https:\/\/alfequipment.com\/?s={search_term_string}\"},\"query-input\":{\"@type\":\"PropertyValueSpecification\",\"valueRequired\":true,\"valueName\":\"search_term_string\"}}],\"inLanguage\":\"fr-FR\"},{\"@type\":\"Organization\",\"@id\":\"https:\/\/alfequipment.com\/#organization\",\"name\":\"ALF PACK\",\"url\":\"https:\/\/alfequipment.com\/\",\"logo\":{\"@type\":\"ImageObject\",\"inLanguage\":\"fr-FR\",\"@id\":\"https:\/\/alfequipment.com\/#\/schema\/logo\/image\/\",\"url\":\"https:\/\/alfequipment.com\/wp-content\/uploads\/2024\/11\/ALFlogo-2.webp\",\"contentUrl\":\"https:\/\/alfequipment.com\/wp-content\/uploads\/2024\/11\/ALFlogo-2.webp\",\"width\":758,\"height\":750,\"caption\":\"ALF PACK\"},\"image\":{\"@id\":\"https:\/\/alfequipment.com\/#\/schema\/logo\/image\/\"}}]}<\/script>\n<!-- \/ Yoast SEO Premium plugin. -->","yoast_head_json":{"title":"FM400 2 In 1 L scelleuse de barres et tunnel de r\u00e9traction - ALF PACK","robots":{"index":"index","follow":"follow","max-snippet":"max-snippet:-1","max-image-preview":"max-image-preview:large","max-video-preview":"max-video-preview:-1"},"canonical":"https:\/\/alfequipment.com\/fr\/product\/fm400-2-in-1-l-bar-type-sealing-sealer-and-shrink-tunnel-packaging-machine\/","og_locale":"fr_FR","og_type":"article","og_title":"FM400 2 In 1 L bar type sealing sealer and shrink tunnel packaging machine","og_description":"2 In 1 L Sealer And Shrink Packager","og_url":"https:\/\/alfequipment.com\/fr\/product\/fm400-2-in-1-l-bar-type-sealing-sealer-and-shrink-tunnel-packaging-machine\/","og_site_name":"ALF PACK","article_modified_time":"2025-01-14T03:13:12+00:00","og_image":[{"width":800,"height":800,"url":"https:\/\/alfequipment.com\/wp-content\/uploads\/2025\/01\/HTB1KwNXcmFRMKJjy0Fhq6x.xpXaY_.jpg","type":"image\/webp"}],"twitter_card":"summary_large_image","twitter_misc":{"Dur\u00e9e de lecture estim\u00e9e":"1 minute"},"schema":{"@context":"https:\/\/schema.org","@graph":[{"@type":"WebPage","@id":"https:\/\/alfequipment.com\/product\/fm400-2-in-1-l-bar-type-sealing-sealer-and-shrink-tunnel-packaging-machine\/","url":"https:\/\/alfequipment.com\/product\/fm400-2-in-1-l-bar-type-sealing-sealer-and-shrink-tunnel-packaging-machine\/","name":"FM400 2 In 1 L scelleuse de barres et tunnel de r\u00e9traction - ALF PACK","isPartOf":{"@id":"https:\/\/alfequipment.com\/#website"},"primaryImageOfPage":{"@id":"https:\/\/alfequipment.com\/product\/fm400-2-in-1-l-bar-type-sealing-sealer-and-shrink-tunnel-packaging-machine\/#primaryimage"},"image":{"@id":"https:\/\/alfequipment.com\/product\/fm400-2-in-1-l-bar-type-sealing-sealer-and-shrink-tunnel-packaging-machine\/#primaryimage"},"thumbnailUrl":"https:\/\/alfequipment.com\/wp-content\/uploads\/2025\/01\/HTB1KwNXcmFRMKJjy0Fhq6x.xpXaY_.jpg","datePublished":"2024-12-06T17:16:37+00:00","dateModified":"2025-01-14T03:13:12+00:00","breadcrumb":{"@id":"https:\/\/alfequipment.com\/product\/fm400-2-in-1-l-bar-type-sealing-sealer-and-shrink-tunnel-packaging-machine\/#breadcrumb"},"inLanguage":"fr-FR","potentialAction":[{"@type":"ReadAction","target":["https:\/\/alfequipment.com\/product\/fm400-2-in-1-l-bar-type-sealing-sealer-and-shrink-tunnel-packaging-machine\/"]}]},{"@type":"ImageObject","inLanguage":"fr-FR","@id":"https:\/\/alfequipment.com\/product\/fm400-2-in-1-l-bar-type-sealing-sealer-and-shrink-tunnel-packaging-machine\/#primaryimage","url":"https:\/\/alfequipment.com\/wp-content\/uploads\/2025\/01\/HTB1KwNXcmFRMKJjy0Fhq6x.xpXaY_.jpg","contentUrl":"https:\/\/alfequipment.com\/wp-content\/uploads\/2025\/01\/HTB1KwNXcmFRMKJjy0Fhq6x.xpXaY_.jpg","width":800,"height":800},{"@type":"BreadcrumbList","@id":"https:\/\/alfequipment.com\/product\/fm400-2-in-1-l-bar-type-sealing-sealer-and-shrink-tunnel-packaging-machine\/#breadcrumb","itemListElement":[{"@type":"ListItem","position":1,"name":"Home","item":"https:\/\/alfequipment.com\/"},{"@type":"ListItem","position":2,"name":"Shop","item":"https:\/\/alfequipment.com\/shop\/"},{"@type":"ListItem","position":3,"name":"FM400 2 In 1 L bar type sealing sealer and shrink tunnel packaging machine"}]},{"@type":"WebSite","@id":"https:\/\/alfequipment.com\/#website","url":"https:\/\/alfequipment.com\/","name":"PACK ALF","description":"","publisher":{"@id":"https:\/\/alfequipment.com\/#organization"},"potentialAction":[{"@type":"SearchAction","target":{"@type":"EntryPoint","urlTemplate":"https:\/\/alfequipment.com\/?s={search_term_string}"},"query-input":{"@type":"PropertyValueSpecification","valueRequired":true,"valueName":"search_term_string"}}],"inLanguage":"fr-FR"},{"@type":"Organization","@id":"https:\/\/alfequipment.com\/#organization","name":"PACK ALF","url":"https:\/\/alfequipment.com\/","logo":{"@type":"ImageObject","inLanguage":"fr-FR","@id":"https:\/\/alfequipment.com\/#\/schema\/logo\/image\/","url":"https:\/\/alfequipment.com\/wp-content\/uploads\/2024\/11\/ALFlogo-2.webp","contentUrl":"https:\/\/alfequipment.com\/wp-content\/uploads\/2024\/11\/ALFlogo-2.webp","width":758,"height":750,"caption":"ALF PACK"},"image":{"@id":"https:\/\/alfequipment.com\/#\/schema\/logo\/image\/"}}]}},"_links":{"self":[{"href":"https:\/\/alfequipment.com\/fr\/wp-json\/wp\/v2\/product\/3229","targetHints":{"allow":["GET"]}}],"collection":[{"href":"https:\/\/alfequipment.com\/fr\/wp-json\/wp\/v2\/product"}],"about":[{"href":"https:\/\/alfequipment.com\/fr\/wp-json\/wp\/v2\/types\/product"}],"replies":[{"embeddable":true,"href":"https:\/\/alfequipment.com\/fr\/wp-json\/wp\/v2\/comments?post=3229"}],"version-history":[{"count":0,"href":"https:\/\/alfequipment.com\/fr\/wp-json\/wp\/v2\/product\/3229\/revisions"}],"wp:featuredmedia":[{"embeddable":true,"href":"https:\/\/alfequipment.com\/fr\/wp-json\/wp\/v2\/media\/3230"}],"wp:attachment":[{"href":"https:\/\/alfequipment.com\/fr\/wp-json\/wp\/v2\/media?parent=3229"}],"wp:term":[{"taxonomy":"product_brand","embeddable":true,"href":"https:\/\/alfequipment.com\/fr\/wp-json\/wp\/v2\/product_brand?post=3229"},{"taxonomy":"product_cat","embeddable":true,"href":"https:\/\/alfequipment.com\/fr\/wp-json\/wp\/v2\/product_cat?post=3229"},{"taxonomy":"product_tag","embeddable":true,"href":"https:\/\/alfequipment.com\/fr\/wp-json\/wp\/v2\/product_tag?post=3229"}],"curies":[{"name":"wp","href":"https:\/\/api.w.org\/{rel}","templated":true}]}}