{"id":3241,"date":"2024-12-23T07:40:27","date_gmt":"2024-12-23T07:40:27","guid":{"rendered":"https:\/\/alfequipment.com\/product\/dql5545-automatic-l-bar-type-sealer-sealing-packaging-machine\/"},"modified":"2025-01-13T13:15:30","modified_gmt":"2025-01-13T13:15:30","slug":"dql5545-scelleuse-automatique-a-barre-en-l-scelleuse-demballage","status":"publish","type":"product","link":"https:\/\/alfequipment.com\/fr\/product\/dql5545-scelleuse-automatique-a-barre-en-l-scelleuse-demballage\/","title":{"rendered":"DQL5545 Machine \u00e0 sceller automatique \u00e0 barre en L"},"content":{"rendered":"<div data-maya=\"{&quot;theme&quot;:{&quot;face&quot;:&quot;yin&quot;,&quot;fontFace&quot;:&quot;Roboto&quot;,&quot;fontSize&quot;:22,&quot;colors&quot;:1},&quot;items&quot;:[{&quot;title&quot;:&quot;w4xmk&quot;,&quot;formats&quot;:[[[{&quot;4aklj&quot;:&quot;H&quot;},{&quot;o935i&quot;:&quot;P&quot;}]],[{&quot;601u4&quot;:{&quot;name&quot;:&quot;Tc&quot;,&quot;theme&quot;:&quot;col-header&quot;,&quot;tableCfgs&quot;:{&quot;sizes&quot;:{&quot;colWidths&quot;:[267,436],&quot;rowHeights&quot;:[22,22,22,22,22,22,22,22,22,22,22,22,22]}}}}],[{&quot;mj6ac&quot;:&quot;Ia&quot;}],[[{&quot;m7k9d&quot;:&quot;Ib&quot;},[{&quot;lw8mx&quot;:&quot;Id&quot;},{&quot;6rbxy&quot;:&quot;Id&quot;}]]],[[{&quot;bvn6g&quot;:&quot;H&quot;},{&quot;0f5eb&quot;:&quot;P&quot;}]]]},{&quot;title&quot;:&quot;gqg2v&quot;,&quot;formats&quot;:[[{&quot;ff4u9&quot;:&quot;Ig&quot;},{&quot;zdici&quot;:&quot;Ig&quot;},{&quot;jdn5k&quot;:&quot;Ig&quot;},{&quot;fec5p&quot;:&quot;Ig&quot;}]]},{&quot;title&quot;:&quot;omovd&quot;,&quot;formats&quot;:[[{&quot;j9rkx&quot;:&quot;Ia&quot;}]]},{&quot;title&quot;:&quot;6s646&quot;,&quot;formats&quot;:[[{&quot;bmcr9&quot;:&quot;Ih&quot;},{&quot;4lz2l&quot;:{&quot;name&quot;:&quot;Te&quot;,&quot;theme&quot;:&quot;double-header&quot;,&quot;tableCfgs&quot;:{&quot;sizes&quot;:{&quot;colWidths&quot;:[72,252],&quot;rowHeights&quot;:[23,23,23,196]}}}}]]},{&quot;title&quot;:&quot;oe722&quot;,&quot;formats&quot;:[[[[{&quot;dawfs&quot;:&quot;Im&quot;},{&quot;q7oul&quot;:&quot;Im&quot;},{&quot;ikpoj&quot;:&quot;Im&quot;}],[[{&quot;twpkt&quot;:&quot;H&quot;},{&quot;rf8un&quot;:&quot;P&quot;}],[{&quot;3rrmp&quot;:&quot;H&quot;},{&quot;lwi5b&quot;:&quot;P&quot;}],[{&quot;3nah8&quot;:&quot;H&quot;},{&quot;b22uj&quot;:&quot;P&quot;}]]]]]},{&quot;title&quot;:&quot;bdb3b&quot;,&quot;formats&quot;:[[{&quot;96nf6&quot;:&quot;Ih&quot;},{&quot;58ljj&quot;:&quot;Ih&quot;}]]}]}\">\n<div>\n<div style=\"vertical-align: top;padding-top: 15px; padding-bottom: 15px;\">\n<div style=\"vertical-align: top;padding-top: 10px; padding-bottom: 10px; margin-right: -4px; margin-left: -4px;\">\n<div style=\"vertical-align: top; box-sizing: border-box; padding-right: 4px; padding-left: 4px;margin-top: -4px; margin-bottom: -4px;\">\n<div id=\"4aklj\" style=\"vertical-align: top; box-sizing: border-box; padding-top: 4px; padding-bottom: 4px\">Le DQL-5545 peut \u00eatre ajout\u00e9 \u00e0 une ligne de convoyage existante ou utilis\u00e9 en alimentant manuellement la bo\u00eete\/l'emballage sur le convoyeur.<\/div>\n<div id=\"o935i\" style=\"vertical-align: top; box-sizing: border-box; padding-top: 4px; padding-bottom: 4px\">\n<p style=\"margin:0;padding:0;\">Le film POF\/PVC \u00e0 pli central est utilis\u00e9 pour distribuer, emballer et sceller automatiquement les produits souhait\u00e9s.<\/p>\n<p style=\"margin:0;padding:0;\">L'op\u00e9rateur r\u00e8gle manuellement la longueur de soudure pour le produit \u00e0 emballer.<\/p>\n<p style=\"margin:0;padding:0;\">La soudeuse est \u00e9quip\u00e9e d'un syst\u00e8me de s\u00e9curit\u00e9 qui arr\u00eate imm\u00e9diatement le m\u00e9canisme de scellage si la main ou un objet de l'op\u00e9rateur interf\u00e8re avec l'op\u00e9ration de scellage.<\/p>\n<p style=\"margin:0;padding:0;\">Le m\u00e9canisme de scellage est dot\u00e9 d'un rev\u00eatement antiadh\u00e9sif qui permet un fonctionnement sans fum\u00e9e. Tous les exc\u00e9dents de plastique sont enroul\u00e9s dans un distributeur situ\u00e9 sous la machine, qui peut \u00eatre facilement \u00e9limin\u00e9.<\/p>\n<p style=\"margin:0;padding:0;\">Une fois le produit scell\u00e9, il passe automatiquement dans le tunnel de r\u00e9traction thermique o\u00f9 le film r\u00e9tractable est thermor\u00e9tract\u00e9 autour des produits.<\/p>\n<\/p><\/div>\n<\/p><\/div>\n<\/p><\/div>\n<div style=\"vertical-align: top;padding-top: 10px; padding-bottom: 10px; margin-right: -4px; margin-left: -4px;\">\n<div id=\"601u4\" style=\"vertical-align: top; box-sizing: border-box; padding-right: 4px; padding-left: 4px\">\n<table style=\"width: auto; border-collapse: collapse; word-wrap: break-word;\" class=\"aliDataTable\">\n<tbody>\n<tr>\n<td style=\"background-color: rgb(218, 226, 237);\">\n<div style=\"width: 267px; height: 22px; padding: 5px 10px; overflow: hidden;\">\n          Mod\u00e8le\n         <\/div>\n<\/td>\n<td>\n<div style=\"width: 436px; height: 22px; padding: 5px 10px; overflow: hidden;\">\n          DQL5545\n         <\/div>\n<\/td>\n<\/tr>\n<tr>\n<td style=\"background-color: rgb(218, 226, 237);\">\n<div style=\"width: 267px; height: 22px; padding: 5px 10px; overflow: hidden;\">\n          Puissance\n         <\/div>\n<\/td>\n<td>\n<div style=\"width: 436px; height: 22px; padding: 5px 10px; overflow: hidden;\">\n          2.1KW\n         <\/div>\n<\/td>\n<\/tr>\n<tr>\n<td style=\"background-color: rgb(218, 226, 237);\">\n<div style=\"width: 267px; height: 22px; padding: 5px 10px; overflow: hidden;\">\n          Tension\n         <\/div>\n<\/td>\n<td>\n<div style=\"width: 436px; height: 22px; padding: 5px 10px; overflow: hidden;\">\n          220V 50\/60HZ\n         <\/div>\n<\/td>\n<\/tr>\n<tr>\n<td style=\"background-color: rgb(218, 226, 237);\">\n<div style=\"width: 267px; height: 22px; padding: 5px 10px; overflow: hidden;\">\n          Dur\u00e9e d'\u00e9tanch\u00e9it\u00e9\n         <\/div>\n<\/td>\n<td>\n<div style=\"width: 436px; height: 22px; padding: 5px 10px; overflow: hidden;\">\n          0.2-1.0s\n         <\/div>\n<\/td>\n<\/tr>\n<tr>\n<td style=\"background-color: rgb(218, 226, 237);\">\n<div style=\"width: 267px; height: 22px; padding: 5px 10px; overflow: hidden;\">\n          \u00c9paisseur du film\n         <\/div>\n<\/td>\n<td>\n<div style=\"width: 436px; height: 22px; padding: 5px 10px; overflow: hidden;\">\n          0,012-0,06mm\n         <\/div>\n<\/td>\n<\/tr>\n<tr>\n<td style=\"background-color: rgb(218, 226, 237);\">\n<div style=\"width: 267px; height: 22px; padding: 5px 10px; overflow: hidden;\">\n          Compresseur de travail\n         <\/div>\n<\/td>\n<td>\n<div style=\"width: 436px; height: 22px; padding: 5px 10px; overflow: hidden;\">\n          5-6mpa\n         <\/div>\n<\/td>\n<\/tr>\n<tr>\n<td style=\"background-color: rgb(218, 226, 237);\">\n<div style=\"width: 267px; height: 22px; padding: 5px 10px; overflow: hidden;\">\n          Taille maximale de l'emballage\n         <\/div>\n<\/td>\n<td>\n<div style=\"width: 436px; height: 22px; padding: 5px 10px; overflow: hidden;\">\n          L+2H\u2264550mm;L+2H\u2264450mm;H \u2264140mm\n         <\/div>\n<\/td>\n<\/tr>\n<tr>\n<td style=\"background-color: rgb(218, 226, 237);\">\n<div style=\"width: 267px; height: 22px; padding: 5px 10px; overflow: hidden;\">\n          Taille maximale d'\u00e9tanch\u00e9it\u00e9\n         <\/div>\n<\/td>\n<td>\n<div style=\"width: 436px; height: 22px; padding: 5px 10px; overflow: hidden;\">\n          L550\u00d7L450\n         <\/div>\n<\/td>\n<\/tr>\n<tr>\n<td style=\"background-color: rgb(218, 226, 237);\">\n<div style=\"width: 267px; height: 22px; padding: 5px 10px; overflow: hidden;\">\n          Capacit\u00e9\n         <\/div>\n<\/td>\n<td>\n<div style=\"width: 436px; height: 22px; padding: 5px 10px; overflow: hidden;\">\n          0-25 pcs\/min\n         <\/div>\n<\/td>\n<\/tr>\n<tr>\n<td style=\"background-color: rgb(218, 226, 237);\">\n<div style=\"width: 267px; height: auto; padding: 5px 10px; overflow: hidden;\">\n          Temp\u00e9rature de scellement\n         <\/div>\n<\/td>\n<td>\n<div style=\"width: 436px; height: 22px; padding: 5px 10px; overflow: hidden;\">\n          180\u2103-250\u2103 en fonction de l'\u00e9paisseur du film et de la temp\u00e9rature ambiante\n         <\/div>\n<\/td>\n<\/tr>\n<tr>\n<td style=\"background-color: rgb(218, 226, 237);\">\n<div style=\"width: 267px; height: 22px; padding: 5px 10px; overflow: hidden;\">\n          Mat\u00e9riau d'emballage\n         <\/div>\n<\/td>\n<td>\n<div style=\"width: 436px; height: 22px; padding: 5px 10px; overflow: hidden;\">\n          POF PVC\n         <\/div>\n<\/td>\n<\/tr>\n<tr>\n<td style=\"background-color: rgb(218, 226, 237);\">\n<div style=\"width: 267px; height: 22px; padding: 5px 10px; overflow: hidden;\">\n          Poids de la machine (kg)\n         <\/div>\n<\/td>\n<td>\n<div style=\"width: 436px; height: 22px; padding: 5px 10px; overflow: hidden;\">\n          320\n         <\/div>\n<\/td>\n<\/tr>\n<tr>\n<td style=\"background-color: rgb(218, 226, 237);\">\n<div style=\"width: 267px; height: 22px; padding: 5px 10px; overflow: hidden;\">\n          Taille de la machine (mm)\n         <\/div>\n<\/td>\n<td>\n<div style=\"width: 436px; height: 22px; padding: 5px 10px; overflow: hidden;\">\n          1760*940*1580\n         <\/div>\n<\/td>\n<\/tr>\n<\/tbody>\n<\/table><\/div>\n<\/p><\/div>\n<div style=\"vertical-align: top;padding-top: 10px; padding-bottom: 10px; margin-right: -4px; margin-left: -4px;\">\n<div id=\"mj6ac\" style=\"vertical-align: top; box-sizing: border-box; padding-right: 4px; padding-left: 4px\">\n<div style=\"overflow: hidden; width: 750px; height: 750px;\">\n      <img decoding=\"async\" src=\"https:\/\/sc01.alicdn.com\/kf\/HTB1ooEXaDHuK1RkSndVq6xVwpXaQ\/64496\/HTB1ooEXaDHuK1RkSndVq6xVwpXaQ.jpg\" style=\"width: 750px; height: 750px; margin-left: 0px; margin-top: 0px;\" class=\"aligncenter\">\n     <\/div>\n<\/p><\/div>\n<\/p><\/div>\n<div style=\"vertical-align: top;padding-top: 10px; padding-bottom: 10px; margin-right: -4px; margin-left: -4px;\">\n<div style=\"vertical-align: top; box-sizing: border-box; padding-right: 4px; padding-left: 4px;margin-top: -4px; margin-bottom: -4px;\">\n<div id=\"m7k9d\" style=\"vertical-align: top; box-sizing: border-box; padding-top: 4px; padding-bottom: 4px\">\n<div style=\"overflow: hidden; width: 750px; height: 320px;\">\n       <img decoding=\"async\" src=\"https:\/\/sc02.alicdn.com\/kf\/HTB1v_MXayjrK1RjSsplq6xHmVXaE\/64496\/HTB1v_MXayjrK1RjSsplq6xHmVXaE.jpg\" style=\"width: 750px; height: 750px; margin-left: 0px; margin-top: -231px;\" class=\"aligncenter\">\n      <\/div>\n<\/p><\/div>\n<div style=\"vertical-align: top; box-sizing: border-box; padding-top: 4px; padding-bottom: 4px;margin-right: -4px; margin-left: -4px;\">\n<div id=\"lw8mx\" style=\"vertical-align: top; width: 50%; display: inline-block; box-sizing: border-box; padding-right: 4px; padding-left: 4px\">\n<div style=\"overflow: hidden; width: 371px; height: 200px;\">\n        <img decoding=\"async\" src=\"https:\/\/sc01.alicdn.com\/kf\/HTB1VYZbasfrK1Rjy1Xdq6yemFXaQ\/64496\/HTB1VYZbasfrK1Rjy1Xdq6yemFXaQ.jpg\" style=\"width: 371px; height: 371px; margin-left: 0px; margin-top: -101px;\" class=\"aligncenter\">\n       <\/div>\n<\/p><\/div>\n<div id=\"6rbxy\" style=\"vertical-align: top; width: 50%; display: inline-block; box-sizing: border-box; padding-right: 4px; padding-left: 4px\">\n<div style=\"overflow: hidden; width: 371px; height: 200px;\">\n        <img decoding=\"async\" src=\"https:\/\/sc01.alicdn.com\/kf\/HTB1wCcXatjvK1RjSspiq6AEqXXaF\/64496\/HTB1wCcXatjvK1RjSspiq6AEqXXaF.jpg\" style=\"width: 371px; height: 371px; margin-left: 0px; margin-top: -100px;\" class=\"aligncenter\">\n       <\/div>\n<\/p><\/div>\n<\/p><\/div>\n<\/p><\/div>\n<\/p><\/div>\n<div style=\"vertical-align: top;padding-top: 10px; padding-bottom: 10px; margin-right: -4px; margin-left: -4px;\">\n<div style=\"vertical-align: top; box-sizing: border-box; padding-right: 4px; padding-left: 4px;margin-top: -4px; margin-bottom: -4px;\">\n<div id=\"bvn6g\" style=\"vertical-align: top; box-sizing: border-box; padding-top: 4px; padding-bottom: 4px\">\n<h3 style=\"padding: 0px; font-size: 16px; line-height: 20px; font-weight: bold; margin: 0px;\"><font color=\"#3f6fff\">Caract\u00e9ristiques principales<\/font><\/h3>\n<\/p><\/div>\n<div id=\"0f5eb\" style=\"vertical-align: top; box-sizing: border-box; padding-top: 4px; padding-bottom: 4px\">\n<p style=\"margin:0;padding:0;\">1. la scelleuse automatique de type L est une ligne de production automatique int\u00e9gr\u00e9e.<\/p>\n<p>2. les produits sont introduits par un convoyeur dans la b\u00e2che plastique et coup\u00e9s automatiquement.<\/p>\n<p>3. il est \u00e9quip\u00e9 d'un programme de contr\u00f4le PLC et d'un protecteur sp\u00e9cialement con\u00e7u pour la t\u00eate de coupe.<\/p>\n<p>4. utiliser un couteau sans joint ni colle pendant le fonctionnement, ce qui garantit un fonctionnement constant sans fum\u00e9e.<\/p>\n<\/div>\n<\/div>\n<\/div>\n<\/div>\n<div style=\"vertical-align: top;padding-top: 15px; padding-bottom: 15px;\">\n<div style=\"vertical-align: top;padding-top: 10px; padding-bottom: 10px; margin-right: -4px; margin-left: -4px;\">\n<div id=\"58ljj\" style=\"vertical-align: top; width: 50%; display: inline-block; box-sizing: border-box; padding-right: 4px; padding-left: 4px\">\n    <\/div>\n<\/p><\/div>\n<\/p><\/div>\n<\/p><\/div>\n<\/div>","protected":false},"excerpt":{"rendered":"<p>Scelleuse automatique en L<\/p>","protected":false},"featured_media":3242,"comment_status":"closed","ping_status":"open","template":"","meta":[],"product_brand":[],"product_cat":[97],"product_tag":[],"class_list":{"0":"post-3241","1":"product","2":"type-product","3":"status-publish","4":"has-post-thumbnail","6":"product_cat-sealing-machines","8":"first","9":"instock","10":"sale","11":"purchasable","12":"product-type-simple"},"yoast_head":"<!-- This site is optimized with the Yoast SEO Premium plugin v20.9 (Yoast SEO v26.5) - https:\/\/yoast.com\/wordpress\/plugins\/seo\/ -->\n<title>DQL5545 Automatic L bar type sealer sealing packaging machine - ALF PACK<\/title>\n<meta name=\"robots\" content=\"index, follow, max-snippet:-1, max-image-preview:large, max-video-preview:-1\" \/>\n<link rel=\"canonical\" href=\"https:\/\/alfequipment.com\/fr\/product\/dql5545-scelleuse-automatique-a-barre-en-l-scelleuse-demballage\/\" \/>\n<meta property=\"og:locale\" content=\"fr_FR\" \/>\n<meta property=\"og:type\" content=\"article\" \/>\n<meta property=\"og:title\" content=\"DQL5545 Automatic L bar type sealer sealing packaging machine\" \/>\n<meta property=\"og:description\" content=\"Automatic L Sealer\" \/>\n<meta property=\"og:url\" content=\"https:\/\/alfequipment.com\/fr\/product\/dql5545-scelleuse-automatique-a-barre-en-l-scelleuse-demballage\/\" \/>\n<meta property=\"og:site_name\" content=\"ALF PACK\" \/>\n<meta property=\"article:modified_time\" content=\"2025-01-13T13:15:30+00:00\" \/>\n<meta property=\"og:image\" content=\"https:\/\/alfequipment.com\/wp-content\/uploads\/2025\/01\/HTB1FDMlclUSMeJjy1zdq6yR3FXaz.jpg\" \/>\n\t<meta property=\"og:image:width\" content=\"800\" \/>\n\t<meta property=\"og:image:height\" content=\"800\" \/>\n\t<meta property=\"og:image:type\" content=\"image\/webp\" \/>\n<meta name=\"twitter:card\" content=\"summary_large_image\" \/>\n<meta name=\"twitter:label1\" content=\"Dur\u00e9e de lecture estim\u00e9e\" \/>\n\t<meta name=\"twitter:data1\" content=\"1 minute\" \/>\n<script type=\"application\/ld+json\" class=\"yoast-schema-graph\">{\"@context\":\"https:\/\/schema.org\",\"@graph\":[{\"@type\":\"WebPage\",\"@id\":\"https:\/\/alfequipment.com\/product\/dql5545-automatic-l-bar-type-sealer-sealing-packaging-machine\/\",\"url\":\"https:\/\/alfequipment.com\/product\/dql5545-automatic-l-bar-type-sealer-sealing-packaging-machine\/\",\"name\":\"DQL5545 Automatic L bar type sealer sealing packaging machine - ALF PACK\",\"isPartOf\":{\"@id\":\"https:\/\/alfequipment.com\/#website\"},\"primaryImageOfPage\":{\"@id\":\"https:\/\/alfequipment.com\/product\/dql5545-automatic-l-bar-type-sealer-sealing-packaging-machine\/#primaryimage\"},\"image\":{\"@id\":\"https:\/\/alfequipment.com\/product\/dql5545-automatic-l-bar-type-sealer-sealing-packaging-machine\/#primaryimage\"},\"thumbnailUrl\":\"https:\/\/alfequipment.com\/wp-content\/uploads\/2025\/01\/HTB1FDMlclUSMeJjy1zdq6yR3FXaz.jpg\",\"datePublished\":\"2024-12-23T07:40:27+00:00\",\"dateModified\":\"2025-01-13T13:15:30+00:00\",\"breadcrumb\":{\"@id\":\"https:\/\/alfequipment.com\/product\/dql5545-automatic-l-bar-type-sealer-sealing-packaging-machine\/#breadcrumb\"},\"inLanguage\":\"fr-FR\",\"potentialAction\":[{\"@type\":\"ReadAction\",\"target\":[\"https:\/\/alfequipment.com\/product\/dql5545-automatic-l-bar-type-sealer-sealing-packaging-machine\/\"]}]},{\"@type\":\"ImageObject\",\"inLanguage\":\"fr-FR\",\"@id\":\"https:\/\/alfequipment.com\/product\/dql5545-automatic-l-bar-type-sealer-sealing-packaging-machine\/#primaryimage\",\"url\":\"https:\/\/alfequipment.com\/wp-content\/uploads\/2025\/01\/HTB1FDMlclUSMeJjy1zdq6yR3FXaz.jpg\",\"contentUrl\":\"https:\/\/alfequipment.com\/wp-content\/uploads\/2025\/01\/HTB1FDMlclUSMeJjy1zdq6yR3FXaz.jpg\",\"width\":800,\"height\":800},{\"@type\":\"BreadcrumbList\",\"@id\":\"https:\/\/alfequipment.com\/product\/dql5545-automatic-l-bar-type-sealer-sealing-packaging-machine\/#breadcrumb\",\"itemListElement\":[{\"@type\":\"ListItem\",\"position\":1,\"name\":\"Home\",\"item\":\"https:\/\/alfequipment.com\/\"},{\"@type\":\"ListItem\",\"position\":2,\"name\":\"Shop\",\"item\":\"https:\/\/alfequipment.com\/shop\/\"},{\"@type\":\"ListItem\",\"position\":3,\"name\":\"DQL5545 Automatic L bar type sealer sealing packaging machine\"}]},{\"@type\":\"WebSite\",\"@id\":\"https:\/\/alfequipment.com\/#website\",\"url\":\"https:\/\/alfequipment.com\/\",\"name\":\"ALF PACK\",\"description\":\"\",\"publisher\":{\"@id\":\"https:\/\/alfequipment.com\/#organization\"},\"potentialAction\":[{\"@type\":\"SearchAction\",\"target\":{\"@type\":\"EntryPoint\",\"urlTemplate\":\"https:\/\/alfequipment.com\/?s={search_term_string}\"},\"query-input\":{\"@type\":\"PropertyValueSpecification\",\"valueRequired\":true,\"valueName\":\"search_term_string\"}}],\"inLanguage\":\"fr-FR\"},{\"@type\":\"Organization\",\"@id\":\"https:\/\/alfequipment.com\/#organization\",\"name\":\"ALF PACK\",\"url\":\"https:\/\/alfequipment.com\/\",\"logo\":{\"@type\":\"ImageObject\",\"inLanguage\":\"fr-FR\",\"@id\":\"https:\/\/alfequipment.com\/#\/schema\/logo\/image\/\",\"url\":\"https:\/\/alfequipment.com\/wp-content\/uploads\/2024\/11\/ALFlogo-2.webp\",\"contentUrl\":\"https:\/\/alfequipment.com\/wp-content\/uploads\/2024\/11\/ALFlogo-2.webp\",\"width\":758,\"height\":750,\"caption\":\"ALF PACK\"},\"image\":{\"@id\":\"https:\/\/alfequipment.com\/#\/schema\/logo\/image\/\"}}]}<\/script>\n<!-- \/ Yoast SEO Premium plugin. -->","yoast_head_json":{"title":"DQL5545 Scelleuse automatique de barres en L - ALF PACK","robots":{"index":"index","follow":"follow","max-snippet":"max-snippet:-1","max-image-preview":"max-image-preview:large","max-video-preview":"max-video-preview:-1"},"canonical":"https:\/\/alfequipment.com\/fr\/product\/dql5545-scelleuse-automatique-a-barre-en-l-scelleuse-demballage\/","og_locale":"fr_FR","og_type":"article","og_title":"DQL5545 Automatic L bar type sealer sealing packaging machine","og_description":"Automatic L Sealer","og_url":"https:\/\/alfequipment.com\/fr\/product\/dql5545-scelleuse-automatique-a-barre-en-l-scelleuse-demballage\/","og_site_name":"ALF PACK","article_modified_time":"2025-01-13T13:15:30+00:00","og_image":[{"width":800,"height":800,"url":"https:\/\/alfequipment.com\/wp-content\/uploads\/2025\/01\/HTB1FDMlclUSMeJjy1zdq6yR3FXaz.jpg","type":"image\/webp"}],"twitter_card":"summary_large_image","twitter_misc":{"Dur\u00e9e de lecture estim\u00e9e":"1 minute"},"schema":{"@context":"https:\/\/schema.org","@graph":[{"@type":"WebPage","@id":"https:\/\/alfequipment.com\/product\/dql5545-automatic-l-bar-type-sealer-sealing-packaging-machine\/","url":"https:\/\/alfequipment.com\/product\/dql5545-automatic-l-bar-type-sealer-sealing-packaging-machine\/","name":"DQL5545 Scelleuse automatique de barres en L - ALF PACK","isPartOf":{"@id":"https:\/\/alfequipment.com\/#website"},"primaryImageOfPage":{"@id":"https:\/\/alfequipment.com\/product\/dql5545-automatic-l-bar-type-sealer-sealing-packaging-machine\/#primaryimage"},"image":{"@id":"https:\/\/alfequipment.com\/product\/dql5545-automatic-l-bar-type-sealer-sealing-packaging-machine\/#primaryimage"},"thumbnailUrl":"https:\/\/alfequipment.com\/wp-content\/uploads\/2025\/01\/HTB1FDMlclUSMeJjy1zdq6yR3FXaz.jpg","datePublished":"2024-12-23T07:40:27+00:00","dateModified":"2025-01-13T13:15:30+00:00","breadcrumb":{"@id":"https:\/\/alfequipment.com\/product\/dql5545-automatic-l-bar-type-sealer-sealing-packaging-machine\/#breadcrumb"},"inLanguage":"fr-FR","potentialAction":[{"@type":"ReadAction","target":["https:\/\/alfequipment.com\/product\/dql5545-automatic-l-bar-type-sealer-sealing-packaging-machine\/"]}]},{"@type":"ImageObject","inLanguage":"fr-FR","@id":"https:\/\/alfequipment.com\/product\/dql5545-automatic-l-bar-type-sealer-sealing-packaging-machine\/#primaryimage","url":"https:\/\/alfequipment.com\/wp-content\/uploads\/2025\/01\/HTB1FDMlclUSMeJjy1zdq6yR3FXaz.jpg","contentUrl":"https:\/\/alfequipment.com\/wp-content\/uploads\/2025\/01\/HTB1FDMlclUSMeJjy1zdq6yR3FXaz.jpg","width":800,"height":800},{"@type":"BreadcrumbList","@id":"https:\/\/alfequipment.com\/product\/dql5545-automatic-l-bar-type-sealer-sealing-packaging-machine\/#breadcrumb","itemListElement":[{"@type":"ListItem","position":1,"name":"Home","item":"https:\/\/alfequipment.com\/"},{"@type":"ListItem","position":2,"name":"Shop","item":"https:\/\/alfequipment.com\/shop\/"},{"@type":"ListItem","position":3,"name":"DQL5545 Automatic L bar type sealer sealing packaging machine"}]},{"@type":"WebSite","@id":"https:\/\/alfequipment.com\/#website","url":"https:\/\/alfequipment.com\/","name":"PACK ALF","description":"","publisher":{"@id":"https:\/\/alfequipment.com\/#organization"},"potentialAction":[{"@type":"SearchAction","target":{"@type":"EntryPoint","urlTemplate":"https:\/\/alfequipment.com\/?s={search_term_string}"},"query-input":{"@type":"PropertyValueSpecification","valueRequired":true,"valueName":"search_term_string"}}],"inLanguage":"fr-FR"},{"@type":"Organization","@id":"https:\/\/alfequipment.com\/#organization","name":"PACK ALF","url":"https:\/\/alfequipment.com\/","logo":{"@type":"ImageObject","inLanguage":"fr-FR","@id":"https:\/\/alfequipment.com\/#\/schema\/logo\/image\/","url":"https:\/\/alfequipment.com\/wp-content\/uploads\/2024\/11\/ALFlogo-2.webp","contentUrl":"https:\/\/alfequipment.com\/wp-content\/uploads\/2024\/11\/ALFlogo-2.webp","width":758,"height":750,"caption":"ALF PACK"},"image":{"@id":"https:\/\/alfequipment.com\/#\/schema\/logo\/image\/"}}]}},"_links":{"self":[{"href":"https:\/\/alfequipment.com\/fr\/wp-json\/wp\/v2\/product\/3241","targetHints":{"allow":["GET"]}}],"collection":[{"href":"https:\/\/alfequipment.com\/fr\/wp-json\/wp\/v2\/product"}],"about":[{"href":"https:\/\/alfequipment.com\/fr\/wp-json\/wp\/v2\/types\/product"}],"replies":[{"embeddable":true,"href":"https:\/\/alfequipment.com\/fr\/wp-json\/wp\/v2\/comments?post=3241"}],"version-history":[{"count":0,"href":"https:\/\/alfequipment.com\/fr\/wp-json\/wp\/v2\/product\/3241\/revisions"}],"wp:featuredmedia":[{"embeddable":true,"href":"https:\/\/alfequipment.com\/fr\/wp-json\/wp\/v2\/media\/3242"}],"wp:attachment":[{"href":"https:\/\/alfequipment.com\/fr\/wp-json\/wp\/v2\/media?parent=3241"}],"wp:term":[{"taxonomy":"product_brand","embeddable":true,"href":"https:\/\/alfequipment.com\/fr\/wp-json\/wp\/v2\/product_brand?post=3241"},{"taxonomy":"product_cat","embeddable":true,"href":"https:\/\/alfequipment.com\/fr\/wp-json\/wp\/v2\/product_cat?post=3241"},{"taxonomy":"product_tag","embeddable":true,"href":"https:\/\/alfequipment.com\/fr\/wp-json\/wp\/v2\/product_tag?post=3241"}],"curies":[{"name":"wp","href":"https:\/\/api.w.org\/{rel}","templated":true}]}}