{"id":3243,"date":"2024-12-07T08:17:41","date_gmt":"2024-12-07T08:17:41","guid":{"rendered":"https:\/\/alfequipment.com\/product\/dql5545g-high-speed-automatic-l-bar-type-sealer-sealing-packaging-machine\/"},"modified":"2025-01-14T02:51:42","modified_gmt":"2025-01-14T02:51:42","slug":"dql5545g-machine-a-sceller-automatique-a-barre-en-l-a-grande-vitesse","status":"publish","type":"product","link":"https:\/\/alfequipment.com\/fr\/product\/dql5545g-machine-a-sceller-automatique-a-barre-en-l-a-grande-vitesse\/","title":{"rendered":"DQL5545G Machine \u00e0 sceller automatique en L \u00e0 grande vitesse"},"content":{"rendered":"<div data-maya=\"{&quot;theme&quot;:{&quot;face&quot;:&quot;yin&quot;,&quot;fontFace&quot;:&quot;Roboto&quot;,&quot;fontSize&quot;:22,&quot;colors&quot;:1},&quot;items&quot;:[{&quot;title&quot;:&quot;twrmw&quot;,&quot;formats&quot;:[[[{&quot;o9ian&quot;:&quot;H&quot;},{&quot;4pns1&quot;:&quot;P&quot;}]],[{&quot;ldo5o&quot;:{&quot;name&quot;:&quot;Tc&quot;,&quot;theme&quot;:&quot;col-header&quot;,&quot;tableCfgs&quot;:{&quot;sizes&quot;:{&quot;colWidths&quot;:[276,427],&quot;rowHeights&quot;:[22,22,22,22,22,22,22,22,22,22,22,22]}}}}],[{&quot;l3sj8&quot;:&quot;Ia&quot;}],[[{&quot;ikdyh&quot;:&quot;Ib&quot;},[{&quot;vkrht&quot;:&quot;Id&quot;},{&quot;kkzy7&quot;:&quot;Id&quot;}]]]]},{&quot;title&quot;:&quot;gzmf3&quot;,&quot;formats&quot;:[[{&quot;n204a&quot;:&quot;Ig&quot;},{&quot;ssmlz&quot;:&quot;Ig&quot;},{&quot;76q6v&quot;:&quot;Ig&quot;},{&quot;fhuae&quot;:&quot;Ig&quot;}]]},{&quot;title&quot;:&quot;f7ger&quot;,&quot;formats&quot;:[]},{&quot;title&quot;:&quot;g9oxl&quot;,&quot;formats&quot;:[[{&quot;ox570&quot;:&quot;Ih&quot;},{&quot;29q4z&quot;:{&quot;name&quot;:&quot;Te&quot;,&quot;theme&quot;:&quot;double-header&quot;,&quot;tableCfgs&quot;:{&quot;sizes&quot;:{&quot;colWidths&quot;:[72,252],&quot;rowHeights&quot;:[23,23,23,196]}}}}]]},{&quot;title&quot;:&quot;y007r&quot;,&quot;formats&quot;:[[[[{&quot;frb8p&quot;:&quot;Im&quot;},{&quot;y3lq4&quot;:&quot;Im&quot;},{&quot;bddft&quot;:&quot;Im&quot;}],[[{&quot;f21uc&quot;:&quot;H&quot;},{&quot;xfz4a&quot;:&quot;P&quot;}],[{&quot;uxeum&quot;:&quot;H&quot;},{&quot;i5n16&quot;:&quot;P&quot;}],[{&quot;5gcjw&quot;:&quot;H&quot;},{&quot;kewze&quot;:&quot;P&quot;}]]]]]},{&quot;title&quot;:&quot;d6sce&quot;,&quot;formats&quot;:[[{&quot;a6g5y&quot;:&quot;Ih&quot;},{&quot;nf4uh&quot;:&quot;Ih&quot;}]]}]}\">\n<div>\n<div style=\"vertical-align: top;padding-top: 15px; padding-bottom: 15px;\">\n<div style=\"vertical-align: top;padding-top: 10px; padding-bottom: 10px; margin-right: -4px; margin-left: -4px;\">\n<div style=\"vertical-align: top; box-sizing: border-box; padding-right: 4px; padding-left: 4px;margin-top: -4px; margin-bottom: -4px;\">\n<div id=\"o9ian\" style=\"vertical-align: top; box-sizing: border-box; padding-top: 4px; padding-bottom: 4px\">1. Le couteau de scellage adopte un alliage de cuivre pulv\u00e9ris\u00e9 avec du T\u00e9flon, il ne colle pas au film, le scelle rapidement, sans fum\u00e9e, sans pollution. Les couteaux de scellage horizontaux et verticaux adoptent une connexion compl\u00e8te sans espace, le film ne se casse pas. Le cadre de scellage adopte un alliage d'acier de haute qualit\u00e9, la qualit\u00e9 de scellage est stable, le cadre est difficile \u00e0 endommager.<\/div>\n<div id=\"4pns1\" style=\"vertical-align: top; box-sizing: border-box; padding-top: 4px; padding-bottom: 4px\">\n<p style=\"margin:0;padding:0;\">2. La machine dispose d'un syst\u00e8me enti\u00e8rement automatique, elle est \u00e9quip\u00e9e de capteurs et peut fonctionner \u00e0 grande vitesse.<\/p>\n<p>3. Il est pratique de l'ajuster en fonction des diff\u00e9rentes tailles de produits, il suffit d'ajuster la roue de la poign\u00e9e pour l'atteindre, l'op\u00e9ration est facile.<\/p>\n<p>4. Il peut \u00eatre reli\u00e9 \u00e0 la production<\/p>\n<p>5. Il est dot\u00e9 d'une fonction de protection qui permet d'\u00e9viter une mauvaise fermeture du produit et d'assurer la s\u00e9curit\u00e9 de l'op\u00e9rateur.<\/p>\n<p>Application :<br \/>Cette machine est largement utilis\u00e9e dans l'emballage r\u00e9tractable des produits alimentaires, des boissons, de l'imprimerie, des produits pharmaceutiques, des sols, de la quincaillerie et d'autres industries. Elle convient aux mat\u00e9riaux d'emballage en POF et en PVC.<\/p>\n<\/p><\/div>\n<\/p><\/div>\n<\/p><\/div>\n<div style=\"vertical-align: top;padding-top: 10px; padding-bottom: 10px; margin-right: -4px; margin-left: -4px;\">\n<div id=\"ldo5o\" style=\"vertical-align: top; box-sizing: border-box; padding-right: 4px; padding-left: 4px\">\n<table style=\"width: auto; border-collapse: collapse; word-wrap: break-word;\" class=\"aliDataTable\">\n<tbody>\n<tr>\n<td style=\"background-color: rgb(218, 226, 237);\">\n<div style=\"width: 276px; height: 22px; padding: 5px 10px; overflow: hidden;\">\n          Mod\u00e8le\n         <\/div>\n<\/td>\n<td>\n<div style=\"width: 427px; height: 22px; padding: 5px 10px; overflow: hidden;\">\n          DQL5545G\n         <\/div>\n<\/td>\n<\/tr>\n<tr>\n<td style=\"background-color: rgb(218, 226, 237);\">\n<div style=\"width: 276px; height: 22px; padding: 5px 10px; overflow: hidden;\">\n          Taille maximale de l'emballage (\u339c)\n         <\/div>\n<\/td>\n<td>\n<div style=\"width: 427px; height: 22px; padding: 5px 10px; overflow: hidden;\">\n          L+2H\u2264550, W+2H\u2264450, H\u2264130\n         <\/div>\n<\/td>\n<\/tr>\n<tr>\n<td style=\"background-color: rgb(218, 226, 237);\">\n<div style=\"width: 276px; height: 22px; padding: 5px 10px; overflow: hidden;\">\n          Taille maximale d'\u00e9tanch\u00e9it\u00e9 (\u339c)\n         <\/div>\n<\/td>\n<td>\n<div style=\"width: 427px; height: 22px; padding: 5px 10px; overflow: hidden;\">\n          L550\u00d7L450\n         <\/div>\n<\/td>\n<\/tr>\n<tr>\n<td style=\"background-color: rgb(218, 226, 237);\">\n<div style=\"width: 276px; height: 22px; padding: 5px 10px; overflow: hidden;\">\n          Puissance (KW)\n         <\/div>\n<\/td>\n<td>\n<div style=\"width: 427px; height: 22px; padding: 5px 10px; overflow: hidden;\">\n          2.2\n         <\/div>\n<\/td>\n<\/tr>\n<tr>\n<td style=\"background-color: rgb(218, 226, 237);\">\n<div style=\"width: 276px; height: 22px; padding: 5px 10px; overflow: hidden;\">\n          Capacit\u00e9\n         <\/div>\n<\/td>\n<td>\n<div style=\"width: 427px; height: 22px; padding: 5px 10px; overflow: hidden;\">\n          0-40 pcs\/min\n         <\/div>\n<\/td>\n<\/tr>\n<tr>\n<td style=\"background-color: rgb(218, 226, 237);\">\n<div style=\"width: 276px; height: 22px; padding: 5px 10px; overflow: hidden;\">\n          Tension\n         <\/div>\n<\/td>\n<td>\n<div style=\"width: 427px; height: 22px; padding: 5px 10px; overflow: hidden;\">\n          220V 50\/60HZ\n         <\/div>\n<\/td>\n<\/tr>\n<tr>\n<td style=\"background-color: rgb(218, 226, 237);\">\n<div style=\"width: 276px; height: 22px; padding: 5px 10px; overflow: hidden;\">\n          Temp\u00e9rature de scellement\n         <\/div>\n<\/td>\n<td>\n<div style=\"width: 427px; height: 22px; padding: 5px 10px; overflow: hidden;\">\n          180\u2103-250\u2103 en fonction de l'\u00e9paisseur du film et de la temp\u00e9rature ambiante\n         <\/div>\n<\/td>\n<\/tr>\n<tr>\n<td style=\"background-color: rgb(218, 226, 237);\">\n<div style=\"width: 276px; height: 22px; padding: 5px 10px; overflow: hidden;\">\n          \u00c9paisseur du film (mm)\n         <\/div>\n<\/td>\n<td>\n<div style=\"width: 427px; height: 22px; padding: 5px 10px; overflow: hidden;\">\n          0.015-0.05\n         <\/div>\n<\/td>\n<\/tr>\n<tr>\n<td style=\"background-color: rgb(218, 226, 237);\">\n<div style=\"width: 276px; height: 22px; padding: 5px 10px; overflow: hidden;\">\n          Pression atmosph\u00e9rique (Kg\/cm2) )\n         <\/div>\n<\/td>\n<td>\n<div style=\"width: 427px; height: 22px; padding: 5px 10px; overflow: hidden;\">\n          5\n         <\/div>\n<\/td>\n<\/tr>\n<tr>\n<td style=\"background-color: rgb(218, 226, 237);\">\n<div style=\"width: 276px; height: 22px; padding: 5px 10px; overflow: hidden;\">\n          Mat\u00e9riau d'emballage\n         <\/div>\n<\/td>\n<td>\n<div style=\"width: 427px; height: 22px; padding: 5px 10px; overflow: hidden;\">\n          POF PVC\n         <\/div>\n<\/td>\n<\/tr>\n<tr>\n<td style=\"background-color: rgb(218, 226, 237);\">\n<div style=\"width: 276px; height: 22px; padding: 5px 10px; overflow: hidden;\">\n          Poids de la machine (\u338f)\n         <\/div>\n<\/td>\n<td>\n<div style=\"width: 427px; height: 22px; padding: 5px 10px; overflow: hidden;\">\n          320\n         <\/div>\n<\/td>\n<\/tr>\n<tr>\n<td style=\"background-color: rgb(218, 226, 237);\">\n<div style=\"width: 276px; height: 22px; padding: 5px 10px; overflow: hidden;\">\n          Taille de la machine (\u339c)\n         <\/div>\n<\/td>\n<td>\n<div style=\"width: 427px; height: 22px; padding: 5px 10px; overflow: hidden;\">\n          L1760\u00d7W940\u00d7H1580\n         <\/div>\n<\/td>\n<\/tr>\n<\/tbody>\n<\/table><\/div>\n<\/p><\/div>\n<div style=\"vertical-align: top;padding-top: 10px; padding-bottom: 10px; margin-right: -4px; margin-left: -4px;\">\n<div id=\"l3sj8\" style=\"vertical-align: top; box-sizing: border-box; padding-right: 4px; padding-left: 4px\">\n<div style=\"overflow: hidden; width: 750px; height: 750px;\">\n      <img decoding=\"async\" src=\"https:\/\/sc01.alicdn.com\/kf\/HTB16fAoax2rK1RkSnhJq6ykdpXam\/64496\/HTB16fAoax2rK1RkSnhJq6ykdpXam.jpg\" style=\"width: 750px; height: 750px; margin-left: 0px; margin-top: 0px;\" class=\"aligncenter\">\n     <\/div>\n<\/p><\/div>\n<\/p><\/div>\n<div style=\"vertical-align: top;padding-top: 10px; padding-bottom: 10px; margin-right: -4px; margin-left: -4px;\">\n<div style=\"vertical-align: top; box-sizing: border-box; padding-right: 4px; padding-left: 4px;margin-top: -4px; margin-bottom: -4px;\">\n<div id=\"ikdyh\" style=\"vertical-align: top; box-sizing: border-box; padding-top: 4px; padding-bottom: 4px\">\n<div style=\"overflow: hidden; width: 750px; height: 320px;\">\n       <img decoding=\"async\" src=\"https:\/\/sc01.alicdn.com\/kf\/HTB1y_wiavfsK1RjSszbq6AqBXXaF\/64496\/HTB1y_wiavfsK1RjSszbq6AqBXXaF.jpg\" style=\"width: 750px; height: 750px; margin-left: 0px; margin-top: -243px;\" class=\"aligncenter\">\n      <\/div>\n<\/p><\/div>\n<div style=\"vertical-align: top; box-sizing: border-box; padding-top: 4px; padding-bottom: 4px;margin-right: -4px; margin-left: -4px;\">\n<div id=\"vkrht\" style=\"vertical-align: top; width: 50%; display: inline-block; box-sizing: border-box; padding-right: 4px; padding-left: 4px\">\n<div style=\"overflow: hidden; width: 371px; height: 200px;\">\n        <img decoding=\"async\" src=\"https:\/\/sc02.alicdn.com\/kf\/HTB1v_MXayjrK1RjSsplq6xHmVXaE\/64496\/HTB1v_MXayjrK1RjSsplq6xHmVXaE.jpg\" style=\"width: 371px; height: 371px; margin-left: 0px; margin-top: -84px;\" class=\"aligncenter\">\n       <\/div>\n<\/p><\/div>\n<div id=\"kkzy7\" style=\"vertical-align: top; width: 50%; display: inline-block; box-sizing: border-box; padding-right: 4px; padding-left: 4px\">\n<div style=\"overflow: hidden; width: 371px; height: 200px;\">\n        <img decoding=\"async\" src=\"https:\/\/sc01.alicdn.com\/kf\/HTB1VYZbasfrK1Rjy1Xdq6yemFXaQ\/64496\/HTB1VYZbasfrK1Rjy1Xdq6yemFXaQ.jpg\" style=\"width: 371px; height: 371px; margin-left: 0px; margin-top: -88px;\" class=\"aligncenter\"><\/div>\n<\/div>\n<\/div>\n<\/div>\n<\/div>\n<\/div>\n<div style=\"vertical-align: top;padding-top: 15px; padding-bottom: 15px;\">\n<div style=\"vertical-align: top;padding-top: 10px; padding-bottom: 10px; margin-right: -4px; margin-left: -4px;\">\n<div id=\"nf4uh\" style=\"vertical-align: top; width: 50%; display: inline-block; box-sizing: border-box; padding-right: 4px; padding-left: 4px\">\n    <\/div>\n<\/p><\/div>\n<\/p><\/div>\n<\/p><\/div>\n<\/div>","protected":false},"excerpt":{"rendered":"<p>Scelleuse L automatique \u00e0 grande vitesse<\/p>","protected":false},"featured_media":3244,"comment_status":"closed","ping_status":"open","template":"","meta":[],"product_brand":[],"product_cat":[122,97],"product_tag":[],"class_list":{"0":"post-3243","1":"product","2":"type-product","3":"status-publish","4":"has-post-thumbnail","6":"product_cat-l-type-sealer","7":"product_cat-sealing-machines","9":"first","10":"instock","11":"sale","12":"purchasable","13":"product-type-simple"},"yoast_head":"<!-- This site is optimized with the Yoast SEO Premium plugin v20.9 (Yoast SEO v26.5) - https:\/\/yoast.com\/wordpress\/plugins\/seo\/ -->\n<title>DQL5545G High Speed Automatic L bar type Sealer sealing packaging machine - ALF PACK<\/title>\n<meta name=\"robots\" content=\"index, follow, max-snippet:-1, max-image-preview:large, max-video-preview:-1\" \/>\n<link rel=\"canonical\" href=\"https:\/\/alfequipment.com\/fr\/product\/dql5545g-machine-a-sceller-automatique-a-barre-en-l-a-grande-vitesse\/\" \/>\n<meta property=\"og:locale\" content=\"fr_FR\" \/>\n<meta property=\"og:type\" content=\"article\" \/>\n<meta property=\"og:title\" content=\"DQL5545G High Speed Automatic L bar type Sealer sealing packaging machine\" \/>\n<meta property=\"og:description\" content=\"High Speed Automatic L Sealer\" \/>\n<meta property=\"og:url\" content=\"https:\/\/alfequipment.com\/fr\/product\/dql5545g-machine-a-sceller-automatique-a-barre-en-l-a-grande-vitesse\/\" \/>\n<meta property=\"og:site_name\" content=\"ALF PACK\" \/>\n<meta property=\"article:modified_time\" content=\"2025-01-14T02:51:42+00:00\" \/>\n<meta property=\"og:image\" content=\"https:\/\/alfequipment.com\/wp-content\/uploads\/2025\/01\/HTB1WOUiapzsK1Rjy1Xbq6xOaFXaX.jpg\" \/>\n\t<meta property=\"og:image:width\" content=\"800\" \/>\n\t<meta property=\"og:image:height\" content=\"800\" \/>\n\t<meta property=\"og:image:type\" content=\"image\/webp\" \/>\n<meta name=\"twitter:card\" content=\"summary_large_image\" \/>\n<meta name=\"twitter:label1\" content=\"Dur\u00e9e de lecture estim\u00e9e\" \/>\n\t<meta name=\"twitter:data1\" content=\"1 minute\" \/>\n<script type=\"application\/ld+json\" class=\"yoast-schema-graph\">{\"@context\":\"https:\/\/schema.org\",\"@graph\":[{\"@type\":\"WebPage\",\"@id\":\"https:\/\/alfequipment.com\/product\/dql5545g-high-speed-automatic-l-bar-type-sealer-sealing-packaging-machine\/\",\"url\":\"https:\/\/alfequipment.com\/product\/dql5545g-high-speed-automatic-l-bar-type-sealer-sealing-packaging-machine\/\",\"name\":\"DQL5545G High Speed Automatic L bar type Sealer sealing packaging machine - ALF PACK\",\"isPartOf\":{\"@id\":\"https:\/\/alfequipment.com\/#website\"},\"primaryImageOfPage\":{\"@id\":\"https:\/\/alfequipment.com\/product\/dql5545g-high-speed-automatic-l-bar-type-sealer-sealing-packaging-machine\/#primaryimage\"},\"image\":{\"@id\":\"https:\/\/alfequipment.com\/product\/dql5545g-high-speed-automatic-l-bar-type-sealer-sealing-packaging-machine\/#primaryimage\"},\"thumbnailUrl\":\"https:\/\/alfequipment.com\/wp-content\/uploads\/2025\/01\/HTB1WOUiapzsK1Rjy1Xbq6xOaFXaX.jpg\",\"datePublished\":\"2024-12-07T08:17:41+00:00\",\"dateModified\":\"2025-01-14T02:51:42+00:00\",\"breadcrumb\":{\"@id\":\"https:\/\/alfequipment.com\/product\/dql5545g-high-speed-automatic-l-bar-type-sealer-sealing-packaging-machine\/#breadcrumb\"},\"inLanguage\":\"fr-FR\",\"potentialAction\":[{\"@type\":\"ReadAction\",\"target\":[\"https:\/\/alfequipment.com\/product\/dql5545g-high-speed-automatic-l-bar-type-sealer-sealing-packaging-machine\/\"]}]},{\"@type\":\"ImageObject\",\"inLanguage\":\"fr-FR\",\"@id\":\"https:\/\/alfequipment.com\/product\/dql5545g-high-speed-automatic-l-bar-type-sealer-sealing-packaging-machine\/#primaryimage\",\"url\":\"https:\/\/alfequipment.com\/wp-content\/uploads\/2025\/01\/HTB1WOUiapzsK1Rjy1Xbq6xOaFXaX.jpg\",\"contentUrl\":\"https:\/\/alfequipment.com\/wp-content\/uploads\/2025\/01\/HTB1WOUiapzsK1Rjy1Xbq6xOaFXaX.jpg\",\"width\":800,\"height\":800},{\"@type\":\"BreadcrumbList\",\"@id\":\"https:\/\/alfequipment.com\/product\/dql5545g-high-speed-automatic-l-bar-type-sealer-sealing-packaging-machine\/#breadcrumb\",\"itemListElement\":[{\"@type\":\"ListItem\",\"position\":1,\"name\":\"Home\",\"item\":\"https:\/\/alfequipment.com\/\"},{\"@type\":\"ListItem\",\"position\":2,\"name\":\"Shop\",\"item\":\"https:\/\/alfequipment.com\/shop\/\"},{\"@type\":\"ListItem\",\"position\":3,\"name\":\"DQL5545G High Speed Automatic L bar type Sealer sealing packaging machine\"}]},{\"@type\":\"WebSite\",\"@id\":\"https:\/\/alfequipment.com\/#website\",\"url\":\"https:\/\/alfequipment.com\/\",\"name\":\"ALF PACK\",\"description\":\"\",\"publisher\":{\"@id\":\"https:\/\/alfequipment.com\/#organization\"},\"potentialAction\":[{\"@type\":\"SearchAction\",\"target\":{\"@type\":\"EntryPoint\",\"urlTemplate\":\"https:\/\/alfequipment.com\/?s={search_term_string}\"},\"query-input\":{\"@type\":\"PropertyValueSpecification\",\"valueRequired\":true,\"valueName\":\"search_term_string\"}}],\"inLanguage\":\"fr-FR\"},{\"@type\":\"Organization\",\"@id\":\"https:\/\/alfequipment.com\/#organization\",\"name\":\"ALF PACK\",\"url\":\"https:\/\/alfequipment.com\/\",\"logo\":{\"@type\":\"ImageObject\",\"inLanguage\":\"fr-FR\",\"@id\":\"https:\/\/alfequipment.com\/#\/schema\/logo\/image\/\",\"url\":\"https:\/\/alfequipment.com\/wp-content\/uploads\/2024\/11\/ALFlogo-2.webp\",\"contentUrl\":\"https:\/\/alfequipment.com\/wp-content\/uploads\/2024\/11\/ALFlogo-2.webp\",\"width\":758,\"height\":750,\"caption\":\"ALF PACK\"},\"image\":{\"@id\":\"https:\/\/alfequipment.com\/#\/schema\/logo\/image\/\"}}]}<\/script>\n<!-- \/ Yoast SEO Premium plugin. -->","yoast_head_json":{"title":"DQL5545G Machine \u00e0 sceller automatique en L \u00e0 grande vitesse - ALF PACK","robots":{"index":"index","follow":"follow","max-snippet":"max-snippet:-1","max-image-preview":"max-image-preview:large","max-video-preview":"max-video-preview:-1"},"canonical":"https:\/\/alfequipment.com\/fr\/product\/dql5545g-machine-a-sceller-automatique-a-barre-en-l-a-grande-vitesse\/","og_locale":"fr_FR","og_type":"article","og_title":"DQL5545G High Speed Automatic L bar type Sealer sealing packaging machine","og_description":"High Speed Automatic L Sealer","og_url":"https:\/\/alfequipment.com\/fr\/product\/dql5545g-machine-a-sceller-automatique-a-barre-en-l-a-grande-vitesse\/","og_site_name":"ALF PACK","article_modified_time":"2025-01-14T02:51:42+00:00","og_image":[{"width":800,"height":800,"url":"https:\/\/alfequipment.com\/wp-content\/uploads\/2025\/01\/HTB1WOUiapzsK1Rjy1Xbq6xOaFXaX.jpg","type":"image\/webp"}],"twitter_card":"summary_large_image","twitter_misc":{"Dur\u00e9e de lecture estim\u00e9e":"1 minute"},"schema":{"@context":"https:\/\/schema.org","@graph":[{"@type":"WebPage","@id":"https:\/\/alfequipment.com\/product\/dql5545g-high-speed-automatic-l-bar-type-sealer-sealing-packaging-machine\/","url":"https:\/\/alfequipment.com\/product\/dql5545g-high-speed-automatic-l-bar-type-sealer-sealing-packaging-machine\/","name":"DQL5545G Machine \u00e0 sceller automatique en L \u00e0 grande vitesse - ALF PACK","isPartOf":{"@id":"https:\/\/alfequipment.com\/#website"},"primaryImageOfPage":{"@id":"https:\/\/alfequipment.com\/product\/dql5545g-high-speed-automatic-l-bar-type-sealer-sealing-packaging-machine\/#primaryimage"},"image":{"@id":"https:\/\/alfequipment.com\/product\/dql5545g-high-speed-automatic-l-bar-type-sealer-sealing-packaging-machine\/#primaryimage"},"thumbnailUrl":"https:\/\/alfequipment.com\/wp-content\/uploads\/2025\/01\/HTB1WOUiapzsK1Rjy1Xbq6xOaFXaX.jpg","datePublished":"2024-12-07T08:17:41+00:00","dateModified":"2025-01-14T02:51:42+00:00","breadcrumb":{"@id":"https:\/\/alfequipment.com\/product\/dql5545g-high-speed-automatic-l-bar-type-sealer-sealing-packaging-machine\/#breadcrumb"},"inLanguage":"fr-FR","potentialAction":[{"@type":"ReadAction","target":["https:\/\/alfequipment.com\/product\/dql5545g-high-speed-automatic-l-bar-type-sealer-sealing-packaging-machine\/"]}]},{"@type":"ImageObject","inLanguage":"fr-FR","@id":"https:\/\/alfequipment.com\/product\/dql5545g-high-speed-automatic-l-bar-type-sealer-sealing-packaging-machine\/#primaryimage","url":"https:\/\/alfequipment.com\/wp-content\/uploads\/2025\/01\/HTB1WOUiapzsK1Rjy1Xbq6xOaFXaX.jpg","contentUrl":"https:\/\/alfequipment.com\/wp-content\/uploads\/2025\/01\/HTB1WOUiapzsK1Rjy1Xbq6xOaFXaX.jpg","width":800,"height":800},{"@type":"BreadcrumbList","@id":"https:\/\/alfequipment.com\/product\/dql5545g-high-speed-automatic-l-bar-type-sealer-sealing-packaging-machine\/#breadcrumb","itemListElement":[{"@type":"ListItem","position":1,"name":"Home","item":"https:\/\/alfequipment.com\/"},{"@type":"ListItem","position":2,"name":"Shop","item":"https:\/\/alfequipment.com\/shop\/"},{"@type":"ListItem","position":3,"name":"DQL5545G High Speed Automatic L bar type Sealer sealing packaging machine"}]},{"@type":"WebSite","@id":"https:\/\/alfequipment.com\/#website","url":"https:\/\/alfequipment.com\/","name":"PACK ALF","description":"","publisher":{"@id":"https:\/\/alfequipment.com\/#organization"},"potentialAction":[{"@type":"SearchAction","target":{"@type":"EntryPoint","urlTemplate":"https:\/\/alfequipment.com\/?s={search_term_string}"},"query-input":{"@type":"PropertyValueSpecification","valueRequired":true,"valueName":"search_term_string"}}],"inLanguage":"fr-FR"},{"@type":"Organization","@id":"https:\/\/alfequipment.com\/#organization","name":"PACK ALF","url":"https:\/\/alfequipment.com\/","logo":{"@type":"ImageObject","inLanguage":"fr-FR","@id":"https:\/\/alfequipment.com\/#\/schema\/logo\/image\/","url":"https:\/\/alfequipment.com\/wp-content\/uploads\/2024\/11\/ALFlogo-2.webp","contentUrl":"https:\/\/alfequipment.com\/wp-content\/uploads\/2024\/11\/ALFlogo-2.webp","width":758,"height":750,"caption":"ALF PACK"},"image":{"@id":"https:\/\/alfequipment.com\/#\/schema\/logo\/image\/"}}]}},"_links":{"self":[{"href":"https:\/\/alfequipment.com\/fr\/wp-json\/wp\/v2\/product\/3243","targetHints":{"allow":["GET"]}}],"collection":[{"href":"https:\/\/alfequipment.com\/fr\/wp-json\/wp\/v2\/product"}],"about":[{"href":"https:\/\/alfequipment.com\/fr\/wp-json\/wp\/v2\/types\/product"}],"replies":[{"embeddable":true,"href":"https:\/\/alfequipment.com\/fr\/wp-json\/wp\/v2\/comments?post=3243"}],"version-history":[{"count":0,"href":"https:\/\/alfequipment.com\/fr\/wp-json\/wp\/v2\/product\/3243\/revisions"}],"wp:featuredmedia":[{"embeddable":true,"href":"https:\/\/alfequipment.com\/fr\/wp-json\/wp\/v2\/media\/3244"}],"wp:attachment":[{"href":"https:\/\/alfequipment.com\/fr\/wp-json\/wp\/v2\/media?parent=3243"}],"wp:term":[{"taxonomy":"product_brand","embeddable":true,"href":"https:\/\/alfequipment.com\/fr\/wp-json\/wp\/v2\/product_brand?post=3243"},{"taxonomy":"product_cat","embeddable":true,"href":"https:\/\/alfequipment.com\/fr\/wp-json\/wp\/v2\/product_cat?post=3243"},{"taxonomy":"product_tag","embeddable":true,"href":"https:\/\/alfequipment.com\/fr\/wp-json\/wp\/v2\/product_tag?post=3243"}],"curies":[{"name":"wp","href":"https:\/\/api.w.org\/{rel}","templated":true}]}}