{"id":3249,"date":"2024-12-31T10:38:10","date_gmt":"2024-12-31T10:38:10","guid":{"rendered":"https:\/\/alfequipment.com\/product\/tb390-economical-skin-packaging-machine-for-hardware-parts-and-skin-sealer\/"},"modified":"2025-01-13T13:15:42","modified_gmt":"2025-01-13T13:15:42","slug":"tb390-machine-demballage-economique-pour-pieces-de-quincaillerie-et-scelleuse-de-peau","status":"publish","type":"product","link":"https:\/\/alfequipment.com\/fr\/product\/tb390-machine-demballage-economique-pour-pieces-de-quincaillerie-et-scelleuse-de-peau\/","title":{"rendered":"TB390 Machine \u00e9conomique \u00e0 emballer les pi\u00e8ces de quincaillerie et \u00e0 sceller les peaux"},"content":{"rendered":"<p data-section-blank=\"AliPostDhMb-eu2w4\"><span style=\"font-size: 14px;\">&nbsp;<\/span><span style=\"font-size: 14px; font-family: Verdana, Arial, Helvetica, sans-serif;\">La machine d'emballage de peau TB390 pr\u00e9sente l'avantage d'\u00eatre peu co\u00fbteuse et d'avoir un large champ d'application, notamment pour les couteaux et le folklore, la quincaillerie, etc. Elle n'a pas besoin de mod\u00e8les pour l'emballage et le type de marchandises et la proc\u00e9dure d'emballage est simple avec les effets de la transparence, de la beaut\u00e9, de l'impression forte de la perception st\u00e9r\u00e9o, de la pr\u00e9vention de l'humidit\u00e9 et de la poussi\u00e8re.<\/span><\/p>\n<p>&nbsp;<\/p>\n<p><span style=\"font-size: 18px;\">Sp\u00e9cification :<\/span><\/p>\n<table class=\"aliDataTable\" style=\"width: 465px;\" border=\"0\" cellspacing=\"0\" cellpadding=\"0\">\n<tbody>\n<tr>\n<td>\n<p><span style=\"font-size: 14px;\">Tension<\/span><\/p>\n<\/td>\n<td>\n<p><span style=\"font-size: 14px;\">220V380V50HZ<\/span><\/p>\n<\/td>\n<\/tr>\n<tr>\n<td>\n<p><span style=\"font-size: 14px;\">Poudre<\/span><\/p>\n<\/td>\n<td>\n<p><span style=\"font-size: 14px;\">7.5KW<\/span><\/p>\n<\/td>\n<\/tr>\n<tr>\n<td>\n<p><span style=\"font-size: 14px;\">Domaine de l'emballage<\/span><\/p>\n<\/td>\n<td>\n<p><span style=\"font-size: 14px;\">390X540mm<\/span><\/p>\n<\/td>\n<\/tr>\n<tr>\n<td>\n<p><span style=\"font-size: 14px;\">Taux d'emballage<\/span><\/p>\n<\/td>\n<td>\n<p><span style=\"font-size: 14px;\">50-60 pi\u00e8ces\/heure<\/span><\/p>\n<\/td>\n<\/tr>\n<tr>\n<td>\n<p><span style=\"font-size: 14px;\">Mat\u00e9riel d'emballage<\/span><\/p>\n<\/td>\n<td>\n<p><span style=\"font-size: 14px;\">Film d'emballage pour peau<\/span><\/p>\n<\/td>\n<\/tr>\n<tr>\n<td>\n<p><span style=\"font-size: 14px;\">Largeur du film<\/span><\/p>\n<\/td>\n<td>\n<p><span style=\"font-size: 14px;\">450mm<\/span><\/p>\n<\/td>\n<\/tr>\n<tr>\n<td>\n<p><span style=\"font-size: 14px;\">Taille<\/span><\/p>\n<\/td>\n<td>\n<p><span style=\"font-size: 14px;\">1020X710X1220mm<\/span><\/p>\n<\/td>\n<\/tr>\n<tr>\n<td>\n<p><span style=\"font-size: 14px;\">Poids<\/span><\/p>\n<\/td>\n<td>\n<p><span style=\"font-size: 14px;\">180 kg<\/span><\/p>\n<\/td>\n<\/tr>\n<\/tbody>\n<\/table>\n<p>&nbsp;<\/p>\n<p>&nbsp;<\/p>\n<p><img decoding=\"async\" src=\"https:\/\/sc01.alicdn.com\/kf\/Hdfdf43ee110644fc9099f0d0a43581c0E.jpg\" data-alt=\"TB390 Economical skin packaging machine for hardware parts and skin sealer\" data-width=\"240\" data-height=\"223\" ori-width=\"640\" ori-height=\"480\" class=\"aligncenter\"><\/p>\n<p><img decoding=\"async\" src=\"https:\/\/sc02.alicdn.com\/kf\/H01b529f379894e65a2b8cd585f650be21\/64496\/H01b529f379894e65a2b8cd585f650be21.jpg\" data-width=\"600\" data-height=\"600\" class=\"aligncenter\"><\/p>\n<p data-section-blank=\"AliPostDhMb-gqpj5\">&nbsp;<\/p><\/p>","protected":false},"excerpt":{"rendered":"<p>Tb390 Machine d'emballage \u00e9conomique pour pi\u00e8ces de quincaillerie<\/p>","protected":false},"featured_media":3250,"comment_status":"closed","ping_status":"open","template":"","meta":[],"product_brand":[],"product_cat":[102],"product_tag":[],"class_list":{"0":"post-3249","1":"product","2":"type-product","3":"status-publish","4":"has-post-thumbnail","6":"product_cat-packaging-machines","8":"first","9":"instock","10":"sale","11":"purchasable","12":"product-type-simple"},"yoast_head":"<!-- This site is optimized with the Yoast SEO Premium plugin v20.9 (Yoast SEO v26.5) - https:\/\/yoast.com\/wordpress\/plugins\/seo\/ -->\n<title>TB390 Economical skin packaging machine for hardware parts and skin sealer - ALF PACK<\/title>\n<meta name=\"robots\" content=\"index, follow, max-snippet:-1, max-image-preview:large, max-video-preview:-1\" \/>\n<link rel=\"canonical\" href=\"https:\/\/alfequipment.com\/fr\/product\/tb390-machine-demballage-economique-pour-pieces-de-quincaillerie-et-scelleuse-de-peau\/\" \/>\n<meta property=\"og:locale\" content=\"fr_FR\" \/>\n<meta property=\"og:type\" content=\"article\" \/>\n<meta property=\"og:title\" content=\"TB390 Economical skin packaging machine for hardware parts and skin sealer\" \/>\n<meta property=\"og:description\" content=\"Tb390 Economical Skin Packaging Machine For Hardware Parts\" \/>\n<meta property=\"og:url\" content=\"https:\/\/alfequipment.com\/fr\/product\/tb390-machine-demballage-economique-pour-pieces-de-quincaillerie-et-scelleuse-de-peau\/\" \/>\n<meta property=\"og:site_name\" content=\"ALF PACK\" \/>\n<meta property=\"article:modified_time\" content=\"2025-01-13T13:15:42+00:00\" \/>\n<meta property=\"og:image\" content=\"https:\/\/alfequipment.com\/wp-content\/uploads\/2025\/01\/H60591a3338d947c484365f2ed69260770.jpg\" \/>\n\t<meta property=\"og:image:width\" content=\"800\" \/>\n\t<meta property=\"og:image:height\" content=\"800\" \/>\n\t<meta property=\"og:image:type\" content=\"image\/webp\" \/>\n<meta name=\"twitter:card\" content=\"summary_large_image\" \/>\n<script type=\"application\/ld+json\" class=\"yoast-schema-graph\">{\"@context\":\"https:\/\/schema.org\",\"@graph\":[{\"@type\":\"WebPage\",\"@id\":\"https:\/\/alfequipment.com\/product\/tb390-economical-skin-packaging-machine-for-hardware-parts-and-skin-sealer\/\",\"url\":\"https:\/\/alfequipment.com\/product\/tb390-economical-skin-packaging-machine-for-hardware-parts-and-skin-sealer\/\",\"name\":\"TB390 Economical skin packaging machine for hardware parts and skin sealer - ALF PACK\",\"isPartOf\":{\"@id\":\"https:\/\/alfequipment.com\/#website\"},\"primaryImageOfPage\":{\"@id\":\"https:\/\/alfequipment.com\/product\/tb390-economical-skin-packaging-machine-for-hardware-parts-and-skin-sealer\/#primaryimage\"},\"image\":{\"@id\":\"https:\/\/alfequipment.com\/product\/tb390-economical-skin-packaging-machine-for-hardware-parts-and-skin-sealer\/#primaryimage\"},\"thumbnailUrl\":\"https:\/\/alfequipment.com\/wp-content\/uploads\/2025\/01\/H60591a3338d947c484365f2ed69260770.jpg\",\"datePublished\":\"2024-12-31T10:38:10+00:00\",\"dateModified\":\"2025-01-13T13:15:42+00:00\",\"breadcrumb\":{\"@id\":\"https:\/\/alfequipment.com\/product\/tb390-economical-skin-packaging-machine-for-hardware-parts-and-skin-sealer\/#breadcrumb\"},\"inLanguage\":\"fr-FR\",\"potentialAction\":[{\"@type\":\"ReadAction\",\"target\":[\"https:\/\/alfequipment.com\/product\/tb390-economical-skin-packaging-machine-for-hardware-parts-and-skin-sealer\/\"]}]},{\"@type\":\"ImageObject\",\"inLanguage\":\"fr-FR\",\"@id\":\"https:\/\/alfequipment.com\/product\/tb390-economical-skin-packaging-machine-for-hardware-parts-and-skin-sealer\/#primaryimage\",\"url\":\"https:\/\/alfequipment.com\/wp-content\/uploads\/2025\/01\/H60591a3338d947c484365f2ed69260770.jpg\",\"contentUrl\":\"https:\/\/alfequipment.com\/wp-content\/uploads\/2025\/01\/H60591a3338d947c484365f2ed69260770.jpg\",\"width\":800,\"height\":800},{\"@type\":\"BreadcrumbList\",\"@id\":\"https:\/\/alfequipment.com\/product\/tb390-economical-skin-packaging-machine-for-hardware-parts-and-skin-sealer\/#breadcrumb\",\"itemListElement\":[{\"@type\":\"ListItem\",\"position\":1,\"name\":\"Home\",\"item\":\"https:\/\/alfequipment.com\/\"},{\"@type\":\"ListItem\",\"position\":2,\"name\":\"Shop\",\"item\":\"https:\/\/alfequipment.com\/shop\/\"},{\"@type\":\"ListItem\",\"position\":3,\"name\":\"TB390 Economical skin packaging machine for hardware parts and skin sealer\"}]},{\"@type\":\"WebSite\",\"@id\":\"https:\/\/alfequipment.com\/#website\",\"url\":\"https:\/\/alfequipment.com\/\",\"name\":\"ALF PACK\",\"description\":\"\",\"publisher\":{\"@id\":\"https:\/\/alfequipment.com\/#organization\"},\"potentialAction\":[{\"@type\":\"SearchAction\",\"target\":{\"@type\":\"EntryPoint\",\"urlTemplate\":\"https:\/\/alfequipment.com\/?s={search_term_string}\"},\"query-input\":{\"@type\":\"PropertyValueSpecification\",\"valueRequired\":true,\"valueName\":\"search_term_string\"}}],\"inLanguage\":\"fr-FR\"},{\"@type\":\"Organization\",\"@id\":\"https:\/\/alfequipment.com\/#organization\",\"name\":\"ALF PACK\",\"url\":\"https:\/\/alfequipment.com\/\",\"logo\":{\"@type\":\"ImageObject\",\"inLanguage\":\"fr-FR\",\"@id\":\"https:\/\/alfequipment.com\/#\/schema\/logo\/image\/\",\"url\":\"https:\/\/alfequipment.com\/wp-content\/uploads\/2024\/11\/ALFlogo-2.webp\",\"contentUrl\":\"https:\/\/alfequipment.com\/wp-content\/uploads\/2024\/11\/ALFlogo-2.webp\",\"width\":758,\"height\":750,\"caption\":\"ALF PACK\"},\"image\":{\"@id\":\"https:\/\/alfequipment.com\/#\/schema\/logo\/image\/\"}}]}<\/script>\n<!-- \/ Yoast SEO Premium plugin. -->","yoast_head_json":{"title":"TB390 Machine d'emballage \u00e9conomique pour pi\u00e8ces de quincaillerie et scelleuse de peau - ALF PACK","robots":{"index":"index","follow":"follow","max-snippet":"max-snippet:-1","max-image-preview":"max-image-preview:large","max-video-preview":"max-video-preview:-1"},"canonical":"https:\/\/alfequipment.com\/fr\/product\/tb390-machine-demballage-economique-pour-pieces-de-quincaillerie-et-scelleuse-de-peau\/","og_locale":"fr_FR","og_type":"article","og_title":"TB390 Economical skin packaging machine for hardware parts and skin sealer","og_description":"Tb390 Economical Skin Packaging Machine For Hardware Parts","og_url":"https:\/\/alfequipment.com\/fr\/product\/tb390-machine-demballage-economique-pour-pieces-de-quincaillerie-et-scelleuse-de-peau\/","og_site_name":"ALF PACK","article_modified_time":"2025-01-13T13:15:42+00:00","og_image":[{"width":800,"height":800,"url":"https:\/\/alfequipment.com\/wp-content\/uploads\/2025\/01\/H60591a3338d947c484365f2ed69260770.jpg","type":"image\/webp"}],"twitter_card":"summary_large_image","schema":{"@context":"https:\/\/schema.org","@graph":[{"@type":"WebPage","@id":"https:\/\/alfequipment.com\/product\/tb390-economical-skin-packaging-machine-for-hardware-parts-and-skin-sealer\/","url":"https:\/\/alfequipment.com\/product\/tb390-economical-skin-packaging-machine-for-hardware-parts-and-skin-sealer\/","name":"TB390 Machine d'emballage \u00e9conomique pour pi\u00e8ces de quincaillerie et scelleuse de peau - ALF PACK","isPartOf":{"@id":"https:\/\/alfequipment.com\/#website"},"primaryImageOfPage":{"@id":"https:\/\/alfequipment.com\/product\/tb390-economical-skin-packaging-machine-for-hardware-parts-and-skin-sealer\/#primaryimage"},"image":{"@id":"https:\/\/alfequipment.com\/product\/tb390-economical-skin-packaging-machine-for-hardware-parts-and-skin-sealer\/#primaryimage"},"thumbnailUrl":"https:\/\/alfequipment.com\/wp-content\/uploads\/2025\/01\/H60591a3338d947c484365f2ed69260770.jpg","datePublished":"2024-12-31T10:38:10+00:00","dateModified":"2025-01-13T13:15:42+00:00","breadcrumb":{"@id":"https:\/\/alfequipment.com\/product\/tb390-economical-skin-packaging-machine-for-hardware-parts-and-skin-sealer\/#breadcrumb"},"inLanguage":"fr-FR","potentialAction":[{"@type":"ReadAction","target":["https:\/\/alfequipment.com\/product\/tb390-economical-skin-packaging-machine-for-hardware-parts-and-skin-sealer\/"]}]},{"@type":"ImageObject","inLanguage":"fr-FR","@id":"https:\/\/alfequipment.com\/product\/tb390-economical-skin-packaging-machine-for-hardware-parts-and-skin-sealer\/#primaryimage","url":"https:\/\/alfequipment.com\/wp-content\/uploads\/2025\/01\/H60591a3338d947c484365f2ed69260770.jpg","contentUrl":"https:\/\/alfequipment.com\/wp-content\/uploads\/2025\/01\/H60591a3338d947c484365f2ed69260770.jpg","width":800,"height":800},{"@type":"BreadcrumbList","@id":"https:\/\/alfequipment.com\/product\/tb390-economical-skin-packaging-machine-for-hardware-parts-and-skin-sealer\/#breadcrumb","itemListElement":[{"@type":"ListItem","position":1,"name":"Home","item":"https:\/\/alfequipment.com\/"},{"@type":"ListItem","position":2,"name":"Shop","item":"https:\/\/alfequipment.com\/shop\/"},{"@type":"ListItem","position":3,"name":"TB390 Economical skin packaging machine for hardware parts and skin sealer"}]},{"@type":"WebSite","@id":"https:\/\/alfequipment.com\/#website","url":"https:\/\/alfequipment.com\/","name":"PACK ALF","description":"","publisher":{"@id":"https:\/\/alfequipment.com\/#organization"},"potentialAction":[{"@type":"SearchAction","target":{"@type":"EntryPoint","urlTemplate":"https:\/\/alfequipment.com\/?s={search_term_string}"},"query-input":{"@type":"PropertyValueSpecification","valueRequired":true,"valueName":"search_term_string"}}],"inLanguage":"fr-FR"},{"@type":"Organization","@id":"https:\/\/alfequipment.com\/#organization","name":"PACK ALF","url":"https:\/\/alfequipment.com\/","logo":{"@type":"ImageObject","inLanguage":"fr-FR","@id":"https:\/\/alfequipment.com\/#\/schema\/logo\/image\/","url":"https:\/\/alfequipment.com\/wp-content\/uploads\/2024\/11\/ALFlogo-2.webp","contentUrl":"https:\/\/alfequipment.com\/wp-content\/uploads\/2024\/11\/ALFlogo-2.webp","width":758,"height":750,"caption":"ALF PACK"},"image":{"@id":"https:\/\/alfequipment.com\/#\/schema\/logo\/image\/"}}]}},"_links":{"self":[{"href":"https:\/\/alfequipment.com\/fr\/wp-json\/wp\/v2\/product\/3249","targetHints":{"allow":["GET"]}}],"collection":[{"href":"https:\/\/alfequipment.com\/fr\/wp-json\/wp\/v2\/product"}],"about":[{"href":"https:\/\/alfequipment.com\/fr\/wp-json\/wp\/v2\/types\/product"}],"replies":[{"embeddable":true,"href":"https:\/\/alfequipment.com\/fr\/wp-json\/wp\/v2\/comments?post=3249"}],"version-history":[{"count":0,"href":"https:\/\/alfequipment.com\/fr\/wp-json\/wp\/v2\/product\/3249\/revisions"}],"wp:featuredmedia":[{"embeddable":true,"href":"https:\/\/alfequipment.com\/fr\/wp-json\/wp\/v2\/media\/3250"}],"wp:attachment":[{"href":"https:\/\/alfequipment.com\/fr\/wp-json\/wp\/v2\/media?parent=3249"}],"wp:term":[{"taxonomy":"product_brand","embeddable":true,"href":"https:\/\/alfequipment.com\/fr\/wp-json\/wp\/v2\/product_brand?post=3249"},{"taxonomy":"product_cat","embeddable":true,"href":"https:\/\/alfequipment.com\/fr\/wp-json\/wp\/v2\/product_cat?post=3249"},{"taxonomy":"product_tag","embeddable":true,"href":"https:\/\/alfequipment.com\/fr\/wp-json\/wp\/v2\/product_tag?post=3249"}],"curies":[{"name":"wp","href":"https:\/\/api.w.org\/{rel}","templated":true}]}}