{"id":3251,"date":"2024-12-30T23:32:37","date_gmt":"2024-12-30T23:32:37","guid":{"rendered":"https:\/\/alfequipment.com\/product\/jm120-vertical-colloid-grinder-and-industrial-colloidal-nut-almond-grinding-machine\/"},"modified":"2025-01-13T13:15:44","modified_gmt":"2025-01-13T13:15:44","slug":"broyeur-colloidal-vertical-jm120-et-broyeur-colloidal-industriel-de-noix-et-damandes","status":"publish","type":"product","link":"https:\/\/alfequipment.com\/fr\/product\/broyeur-colloidal-vertical-jm120-et-broyeur-colloidal-industriel-de-noix-et-damandes\/","title":{"rendered":"JM120 Broyeur collo\u00efdal vertical et broyeur collo\u00efdal industriel de noix et d'amandes"},"content":{"rendered":"<p data-section-blank=\"AliPostDhMb-wy1d9\"><span style=\"font-size: 14px;\">Le principe de fonctionnement du moulin collo\u00efdal est le suivant : Sous l'effet de la force centrifuge et de la vitesse relativement \u00e9lev\u00e9e de l'engrenage rotatif et de l'engrenage fixe, les mati\u00e8res liquides et semi-liquides sont efficacement \u00e9mulsionn\u00e9es, homog\u00e9n\u00e9is\u00e9es, dispers\u00e9es et m\u00e9lang\u00e9es pendant qu'elles sont coup\u00e9es, broy\u00e9es et choqu\u00e9es \u00e0 haute fr\u00e9quence.<\/span><\/p>\n<p>&nbsp;<\/p>\n<p><span style=\"font-size: 14px;\">Ensuite, vous pouvez obtenir le mat\u00e9riel satisfait et trait\u00e9. Le moulin collo\u00efdal est largement appliqu\u00e9 dans des produits de nombreux domaines gr\u00e2ce \u00e0 ses avantages tels que l'industrie alimentaire, l'industrie m\u00e9dicale, l'industrie chimique et l'industrie chimique quotidienne, etc. Les produits comprennent le lait de soja, la confiture de fruits, le beurre d'arachide, le lait de ma\u00efs artificiel, la cr\u00e8me, le compos\u00e9 de parfumerie, le pigment, l'huile de graissage, le colorant, le pantalon, l'huile de poisson, le miel de pollen, le dentifrice et ainsi de suite.<\/span><\/p>\n<p>&nbsp;<\/p>\n<p><span style=\"font-size: 14px;\">Lorsque vous traitez des mati\u00e8res \u00e0 haute consistance, telles que les arachides, le s\u00e9same, etc., vous devez fixer le b\u00e9lier d'entra\u00eenement de l'h\u00e9lice, produit par notre soci\u00e9t\u00e9, sur le c\u00f4t\u00e9 sup\u00e9rieur du rotor.<\/span><\/p>\n<p>&nbsp;<\/p>\n<p><span style=\"font-size: 18px;\">Sp\u00e9cification :<\/span><\/p>\n<table class=\"aliDataTable\" style=\"width: 484px;\" border=\"0\" cellspacing=\"0\" cellpadding=\"0\">\n<tbody>\n<tr>\n<td>\n<p>Mod\u00e8le<\/p>\n<\/td>\n<td>\n<p><span style=\"color: #000000;\">JM-60<\/span><\/p>\n<\/td>\n<td>\n<p>JM-80<\/p>\n<\/td>\n<td>\n<p><span style=\"color: #ff0000;\">JM-120<\/span><\/p>\n<\/td>\n<\/tr>\n<tr>\n<td>\n<p>Tension<\/p>\n<\/td>\n<td colspan=\"3\">\n<p style=\"text-align: center;\"><span style=\"color: #ff0000;\">3 phases 220\/380V 50-60HZ<\/span><\/p>\n<\/td>\n<\/tr>\n<tr>\n<td>\n<p>Puissance<\/p>\n<\/td>\n<td>\n<p><span style=\"color: #000000;\">1,5KW<\/span><\/p>\n<\/td>\n<td>\n<p>4KW<\/p>\n<\/td>\n<td>\n<p><span style=\"color: #ff0000;\">7.5KW<\/span><\/p>\n<\/td>\n<\/tr>\n<tr>\n<td>\n<p>Pr\u00e9cision des granul\u00e9s<\/p>\n<\/td>\n<td>\n<p><span style=\"color: #000000;\">2-50\u03bcm<\/span><\/p>\n<\/td>\n<td>\n<p>2-50\u03bcm<\/p>\n<\/td>\n<td>\n<p><span style=\"color: #ff0000;\">2-50\u03bcm<\/span><\/p>\n<\/td>\n<\/tr>\n<tr>\n<td>\n<p>Sortie<\/p>\n<\/td>\n<td>\n<p><span style=\"color: #000000;\">0,05-0,5T\/h<\/span><\/p>\n<\/td>\n<td>\n<p>0,2-1,5T\/h<\/p>\n<\/td>\n<td>\n<p><span style=\"color: #ff0000;\">0,5-2T\/h<\/span><\/p>\n<\/td>\n<\/tr>\n<tr>\n<td>\n<p>Poids<\/p>\n<\/td>\n<td>\n<p><span style=\"color: #000000;\">45 kg<\/span><\/p>\n<\/td>\n<td>\n<p>100 kg<\/p>\n<\/td>\n<td>\n<p><span style=\"color: #ff0000;\">150 kg<\/span><\/p>\n<\/td>\n<\/tr>\n<tr>\n<td>\n<p>Taille de la machine<\/p>\n<\/td>\n<td>\n<p><span style=\"color: #000000;\">300*300*650mm<\/span><\/p>\n<\/td>\n<td>\n<p>450*450*800mm<\/p>\n<\/td>\n<td>\n<p><span style=\"color: #ff0000;\">550*550*1300mm<\/span><\/p>\n<\/td>\n<\/tr>\n<\/tbody>\n<\/table>\n<p>&nbsp;<img decoding=\"async\" src=\"https:\/\/sc01.alicdn.com\/kf\/Hcaef5c8057914f8399719d3fb26752de7\/64496\/Hcaef5c8057914f8399719d3fb26752de7.jpg\" data-alt=\"JM120 Vertical colloid grinder and Industrial colloidal nut almond grinding machine\" data-width=\"600\" data-height=\"600\" ori-width=\"800\" ori-height=\"800\" class=\"aligncenter\"><\/p>\n<p data-section-blank=\"AliPostDhMb-aagi6\">&nbsp;<\/p><\/p>","protected":false},"excerpt":{"rendered":"<p>Jm-120 Broyeur collo\u00efdal vertical (utilisation facile)<\/p>","protected":false},"featured_media":3252,"comment_status":"closed","ping_status":"open","template":"","meta":[],"product_brand":[],"product_cat":[109],"product_tag":[],"class_list":{"0":"post-3251","1":"product","2":"type-product","3":"status-publish","4":"has-post-thumbnail","6":"product_cat-nuts-processing-machines","8":"first","9":"instock","10":"sale","11":"purchasable","12":"product-type-simple"},"yoast_head":"<!-- This site is optimized with the Yoast SEO Premium plugin v20.9 (Yoast SEO v26.5) - https:\/\/yoast.com\/wordpress\/plugins\/seo\/ -->\n<title>JM120 Vertical colloid grinder and Industrial colloidal nut almond grinding machine - ALF PACK<\/title>\n<meta name=\"robots\" content=\"index, follow, max-snippet:-1, max-image-preview:large, max-video-preview:-1\" \/>\n<link rel=\"canonical\" href=\"https:\/\/alfequipment.com\/fr\/product\/broyeur-colloidal-vertical-jm120-et-broyeur-colloidal-industriel-de-noix-et-damandes\/\" \/>\n<meta property=\"og:locale\" content=\"fr_FR\" \/>\n<meta property=\"og:type\" content=\"article\" \/>\n<meta property=\"og:title\" content=\"JM120 Vertical colloid grinder and Industrial colloidal nut almond grinding machine\" \/>\n<meta property=\"og:description\" content=\"Jm-120 Vertical Colloid Grinder (easy Operation)\" \/>\n<meta property=\"og:url\" content=\"https:\/\/alfequipment.com\/fr\/product\/broyeur-colloidal-vertical-jm120-et-broyeur-colloidal-industriel-de-noix-et-damandes\/\" \/>\n<meta property=\"og:site_name\" content=\"ALF PACK\" \/>\n<meta property=\"article:modified_time\" content=\"2025-01-13T13:15:44+00:00\" \/>\n<meta property=\"og:image\" content=\"https:\/\/alfequipment.com\/wp-content\/uploads\/2025\/01\/Ha4b15037c67d496b822177c2348bbdb9s.jpg\" \/>\n\t<meta property=\"og:image:width\" content=\"800\" \/>\n\t<meta property=\"og:image:height\" content=\"800\" \/>\n\t<meta property=\"og:image:type\" content=\"image\/webp\" \/>\n<meta name=\"twitter:card\" content=\"summary_large_image\" \/>\n<meta name=\"twitter:label1\" content=\"Dur\u00e9e de lecture estim\u00e9e\" \/>\n\t<meta name=\"twitter:data1\" content=\"1 minute\" \/>\n<script type=\"application\/ld+json\" class=\"yoast-schema-graph\">{\"@context\":\"https:\/\/schema.org\",\"@graph\":[{\"@type\":\"WebPage\",\"@id\":\"https:\/\/alfequipment.com\/product\/jm120-vertical-colloid-grinder-and-industrial-colloidal-nut-almond-grinding-machine\/\",\"url\":\"https:\/\/alfequipment.com\/product\/jm120-vertical-colloid-grinder-and-industrial-colloidal-nut-almond-grinding-machine\/\",\"name\":\"JM120 Vertical colloid grinder and Industrial colloidal nut almond grinding machine - ALF PACK\",\"isPartOf\":{\"@id\":\"https:\/\/alfequipment.com\/#website\"},\"primaryImageOfPage\":{\"@id\":\"https:\/\/alfequipment.com\/product\/jm120-vertical-colloid-grinder-and-industrial-colloidal-nut-almond-grinding-machine\/#primaryimage\"},\"image\":{\"@id\":\"https:\/\/alfequipment.com\/product\/jm120-vertical-colloid-grinder-and-industrial-colloidal-nut-almond-grinding-machine\/#primaryimage\"},\"thumbnailUrl\":\"https:\/\/alfequipment.com\/wp-content\/uploads\/2025\/01\/Ha4b15037c67d496b822177c2348bbdb9s.jpg\",\"datePublished\":\"2024-12-30T23:32:37+00:00\",\"dateModified\":\"2025-01-13T13:15:44+00:00\",\"breadcrumb\":{\"@id\":\"https:\/\/alfequipment.com\/product\/jm120-vertical-colloid-grinder-and-industrial-colloidal-nut-almond-grinding-machine\/#breadcrumb\"},\"inLanguage\":\"fr-FR\",\"potentialAction\":[{\"@type\":\"ReadAction\",\"target\":[\"https:\/\/alfequipment.com\/product\/jm120-vertical-colloid-grinder-and-industrial-colloidal-nut-almond-grinding-machine\/\"]}]},{\"@type\":\"ImageObject\",\"inLanguage\":\"fr-FR\",\"@id\":\"https:\/\/alfequipment.com\/product\/jm120-vertical-colloid-grinder-and-industrial-colloidal-nut-almond-grinding-machine\/#primaryimage\",\"url\":\"https:\/\/alfequipment.com\/wp-content\/uploads\/2025\/01\/Ha4b15037c67d496b822177c2348bbdb9s.jpg\",\"contentUrl\":\"https:\/\/alfequipment.com\/wp-content\/uploads\/2025\/01\/Ha4b15037c67d496b822177c2348bbdb9s.jpg\",\"width\":800,\"height\":800},{\"@type\":\"BreadcrumbList\",\"@id\":\"https:\/\/alfequipment.com\/product\/jm120-vertical-colloid-grinder-and-industrial-colloidal-nut-almond-grinding-machine\/#breadcrumb\",\"itemListElement\":[{\"@type\":\"ListItem\",\"position\":1,\"name\":\"Home\",\"item\":\"https:\/\/alfequipment.com\/\"},{\"@type\":\"ListItem\",\"position\":2,\"name\":\"Shop\",\"item\":\"https:\/\/alfequipment.com\/shop\/\"},{\"@type\":\"ListItem\",\"position\":3,\"name\":\"JM120 Vertical colloid grinder and Industrial colloidal nut almond grinding machine\"}]},{\"@type\":\"WebSite\",\"@id\":\"https:\/\/alfequipment.com\/#website\",\"url\":\"https:\/\/alfequipment.com\/\",\"name\":\"ALF PACK\",\"description\":\"\",\"publisher\":{\"@id\":\"https:\/\/alfequipment.com\/#organization\"},\"potentialAction\":[{\"@type\":\"SearchAction\",\"target\":{\"@type\":\"EntryPoint\",\"urlTemplate\":\"https:\/\/alfequipment.com\/?s={search_term_string}\"},\"query-input\":{\"@type\":\"PropertyValueSpecification\",\"valueRequired\":true,\"valueName\":\"search_term_string\"}}],\"inLanguage\":\"fr-FR\"},{\"@type\":\"Organization\",\"@id\":\"https:\/\/alfequipment.com\/#organization\",\"name\":\"ALF PACK\",\"url\":\"https:\/\/alfequipment.com\/\",\"logo\":{\"@type\":\"ImageObject\",\"inLanguage\":\"fr-FR\",\"@id\":\"https:\/\/alfequipment.com\/#\/schema\/logo\/image\/\",\"url\":\"https:\/\/alfequipment.com\/wp-content\/uploads\/2024\/11\/ALFlogo-2.webp\",\"contentUrl\":\"https:\/\/alfequipment.com\/wp-content\/uploads\/2024\/11\/ALFlogo-2.webp\",\"width\":758,\"height\":750,\"caption\":\"ALF PACK\"},\"image\":{\"@id\":\"https:\/\/alfequipment.com\/#\/schema\/logo\/image\/\"}}]}<\/script>\n<!-- \/ Yoast SEO Premium plugin. -->","yoast_head_json":{"title":"JM120 Broyeur collo\u00efdal vertical et broyeur collo\u00efdal industriel de noix et d'amandes - ALF PACK","robots":{"index":"index","follow":"follow","max-snippet":"max-snippet:-1","max-image-preview":"max-image-preview:large","max-video-preview":"max-video-preview:-1"},"canonical":"https:\/\/alfequipment.com\/fr\/product\/broyeur-colloidal-vertical-jm120-et-broyeur-colloidal-industriel-de-noix-et-damandes\/","og_locale":"fr_FR","og_type":"article","og_title":"JM120 Vertical colloid grinder and Industrial colloidal nut almond grinding machine","og_description":"Jm-120 Vertical Colloid Grinder (easy Operation)","og_url":"https:\/\/alfequipment.com\/fr\/product\/broyeur-colloidal-vertical-jm120-et-broyeur-colloidal-industriel-de-noix-et-damandes\/","og_site_name":"ALF PACK","article_modified_time":"2025-01-13T13:15:44+00:00","og_image":[{"width":800,"height":800,"url":"https:\/\/alfequipment.com\/wp-content\/uploads\/2025\/01\/Ha4b15037c67d496b822177c2348bbdb9s.jpg","type":"image\/webp"}],"twitter_card":"summary_large_image","twitter_misc":{"Dur\u00e9e de lecture estim\u00e9e":"1 minute"},"schema":{"@context":"https:\/\/schema.org","@graph":[{"@type":"WebPage","@id":"https:\/\/alfequipment.com\/product\/jm120-vertical-colloid-grinder-and-industrial-colloidal-nut-almond-grinding-machine\/","url":"https:\/\/alfequipment.com\/product\/jm120-vertical-colloid-grinder-and-industrial-colloidal-nut-almond-grinding-machine\/","name":"JM120 Broyeur collo\u00efdal vertical et broyeur collo\u00efdal industriel de noix et d'amandes - ALF PACK","isPartOf":{"@id":"https:\/\/alfequipment.com\/#website"},"primaryImageOfPage":{"@id":"https:\/\/alfequipment.com\/product\/jm120-vertical-colloid-grinder-and-industrial-colloidal-nut-almond-grinding-machine\/#primaryimage"},"image":{"@id":"https:\/\/alfequipment.com\/product\/jm120-vertical-colloid-grinder-and-industrial-colloidal-nut-almond-grinding-machine\/#primaryimage"},"thumbnailUrl":"https:\/\/alfequipment.com\/wp-content\/uploads\/2025\/01\/Ha4b15037c67d496b822177c2348bbdb9s.jpg","datePublished":"2024-12-30T23:32:37+00:00","dateModified":"2025-01-13T13:15:44+00:00","breadcrumb":{"@id":"https:\/\/alfequipment.com\/product\/jm120-vertical-colloid-grinder-and-industrial-colloidal-nut-almond-grinding-machine\/#breadcrumb"},"inLanguage":"fr-FR","potentialAction":[{"@type":"ReadAction","target":["https:\/\/alfequipment.com\/product\/jm120-vertical-colloid-grinder-and-industrial-colloidal-nut-almond-grinding-machine\/"]}]},{"@type":"ImageObject","inLanguage":"fr-FR","@id":"https:\/\/alfequipment.com\/product\/jm120-vertical-colloid-grinder-and-industrial-colloidal-nut-almond-grinding-machine\/#primaryimage","url":"https:\/\/alfequipment.com\/wp-content\/uploads\/2025\/01\/Ha4b15037c67d496b822177c2348bbdb9s.jpg","contentUrl":"https:\/\/alfequipment.com\/wp-content\/uploads\/2025\/01\/Ha4b15037c67d496b822177c2348bbdb9s.jpg","width":800,"height":800},{"@type":"BreadcrumbList","@id":"https:\/\/alfequipment.com\/product\/jm120-vertical-colloid-grinder-and-industrial-colloidal-nut-almond-grinding-machine\/#breadcrumb","itemListElement":[{"@type":"ListItem","position":1,"name":"Home","item":"https:\/\/alfequipment.com\/"},{"@type":"ListItem","position":2,"name":"Shop","item":"https:\/\/alfequipment.com\/shop\/"},{"@type":"ListItem","position":3,"name":"JM120 Vertical colloid grinder and Industrial colloidal nut almond grinding machine"}]},{"@type":"WebSite","@id":"https:\/\/alfequipment.com\/#website","url":"https:\/\/alfequipment.com\/","name":"PACK ALF","description":"","publisher":{"@id":"https:\/\/alfequipment.com\/#organization"},"potentialAction":[{"@type":"SearchAction","target":{"@type":"EntryPoint","urlTemplate":"https:\/\/alfequipment.com\/?s={search_term_string}"},"query-input":{"@type":"PropertyValueSpecification","valueRequired":true,"valueName":"search_term_string"}}],"inLanguage":"fr-FR"},{"@type":"Organization","@id":"https:\/\/alfequipment.com\/#organization","name":"PACK ALF","url":"https:\/\/alfequipment.com\/","logo":{"@type":"ImageObject","inLanguage":"fr-FR","@id":"https:\/\/alfequipment.com\/#\/schema\/logo\/image\/","url":"https:\/\/alfequipment.com\/wp-content\/uploads\/2024\/11\/ALFlogo-2.webp","contentUrl":"https:\/\/alfequipment.com\/wp-content\/uploads\/2024\/11\/ALFlogo-2.webp","width":758,"height":750,"caption":"ALF PACK"},"image":{"@id":"https:\/\/alfequipment.com\/#\/schema\/logo\/image\/"}}]}},"_links":{"self":[{"href":"https:\/\/alfequipment.com\/fr\/wp-json\/wp\/v2\/product\/3251","targetHints":{"allow":["GET"]}}],"collection":[{"href":"https:\/\/alfequipment.com\/fr\/wp-json\/wp\/v2\/product"}],"about":[{"href":"https:\/\/alfequipment.com\/fr\/wp-json\/wp\/v2\/types\/product"}],"replies":[{"embeddable":true,"href":"https:\/\/alfequipment.com\/fr\/wp-json\/wp\/v2\/comments?post=3251"}],"version-history":[{"count":0,"href":"https:\/\/alfequipment.com\/fr\/wp-json\/wp\/v2\/product\/3251\/revisions"}],"wp:featuredmedia":[{"embeddable":true,"href":"https:\/\/alfequipment.com\/fr\/wp-json\/wp\/v2\/media\/3252"}],"wp:attachment":[{"href":"https:\/\/alfequipment.com\/fr\/wp-json\/wp\/v2\/media?parent=3251"}],"wp:term":[{"taxonomy":"product_brand","embeddable":true,"href":"https:\/\/alfequipment.com\/fr\/wp-json\/wp\/v2\/product_brand?post=3251"},{"taxonomy":"product_cat","embeddable":true,"href":"https:\/\/alfequipment.com\/fr\/wp-json\/wp\/v2\/product_cat?post=3251"},{"taxonomy":"product_tag","embeddable":true,"href":"https:\/\/alfequipment.com\/fr\/wp-json\/wp\/v2\/product_tag?post=3251"}],"curies":[{"name":"wp","href":"https:\/\/api.w.org\/{rel}","templated":true}]}}