{"id":2897,"date":"2024-12-01T14:43:54","date_gmt":"2024-12-01T14:43:54","guid":{"rendered":"https:\/\/alfequipment.com\/product\/automatic-heat-shrink-oven-wrapping-machine-heat-tunnel-shrink-tunnel-packing-machine\/"},"modified":"2025-01-14T03:12:45","modified_gmt":"2025-01-14T03:12:45","slug":"maquina-de-embalagem-automatica-com-forno-termoretractil-maquina-de-embalagem-com-tunel-termoretractil","status":"publish","type":"product","link":"https:\/\/alfequipment.com\/pt\/product\/maquina-de-embalagem-automatica-com-forno-termoretractil-maquina-de-embalagem-com-tunel-termoretractil\/","title":{"rendered":"M\u00e1quina de embalagem autom\u00e1tica com forno termorretr\u00e1til M\u00e1quina de embalagem com t\u00fanel termorretr\u00e1til"},"content":{"rendered":"<div data-magic-global=\"%7B%22bizId%22%3A17179933680%2C%22pageId%22%3A21467177357%2C%22siteId%22%3A5005331025%7D\" id=\"detail_decorate_root\">\n<div module-id=\"40259830409\" module-title=\"detailProductNavigation\" render=\"true\" class=\"J_module\">\n<div id=\"ali-anchor-AliMagic-8d8gid\" data-section=\"AliMagic-8d8gid\" data-section-title=\"Product Description\" class=\"magic-0\">A m\u00e1quina de embalagem termorretr\u00e1ctil DS-C4525L \u00e9 adequada para pel\u00edculas retr\u00e1cteis finas, tais como POF com<\/div>\n<\/div>\n<div module-id=\"40259830410\" module-title=\"detailTextWithTitle\" render=\"true\" class=\"J_module\">\n<div class=\"detail-decorate-json-renderer-container\">\n<div class=\"magic-1\">\n<div class=\"magic-4\">\n<div class=\"magic-5\">\n<div class=\"magic-6\">\n<p class=\"magic-7\"><span>radia\u00e7\u00e3o infravermelha distante. <\/span><\/p>\n<p class=\"magic-7\"><span>A espessura da pel\u00edcula retr\u00e1til deve ser da ordem de 0,01-0,04 mm. A temperatura da sala de retra\u00e7\u00e3o<br \/>e a velocidade do transportador s\u00e3o ajust\u00e1veis. <\/span><\/p>\n<p class=\"magic-7\"><span>Al\u00e9m disso, a altura do t\u00fanel de retra\u00e7\u00e3o pode ser ajustada de acordo com a<br \/>tamanho dos produtos de embalagem. O transportador de teflon tem a vantagem de manter o calor. <\/span><\/p>\n<p class=\"magic-7\"><span>\u00c9 ideal para encolher caixas pequenas e leves com este sistema de encolhimento.<span>m\u00e1quina de embalagem em t\u00fanel com encolhimento por calor<\/span><\/span><\/p>\n<\/p><\/div>\n<\/p><\/div>\n<\/p><\/div>\n<\/p><\/div>\n<\/p><\/div>\n<\/p><\/div>\n<div module-id=\"40259830411\" module-title=\"detailTableHightLight\" render=\"true\" class=\"J_module\">\n<div class=\"ife-detail-decorate-table\">\n<table class=\"all magic-8\">\n<tbody>\n<tr>\n<td colspan=\"1\" rowspan=\"1\">\n<div class=\"magic-9\">\n        Modelo\n       <\/div>\n<\/td>\n<td colspan=\"1\" rowspan=\"1\">\n<div class=\"magic-10\">\n        DSC4525L\n       <\/div>\n<\/td>\n<\/tr>\n<tr>\n<td colspan=\"1\" rowspan=\"1\">\n<div class=\"magic-9\">\n        Fonte de alimenta\u00e7\u00e3o\n       <\/div>\n<\/td>\n<td colspan=\"1\" rowspan=\"1\">\n<div class=\"magic-10\">\n        380V 50Hz ou 380V 60Hz\n       <\/div>\n<\/td>\n<\/tr>\n<tr>\n<td colspan=\"1\" rowspan=\"1\">\n<div class=\"magic-9\">\n        Pot\u00eancia\n       <\/div>\n<\/td>\n<td colspan=\"1\" rowspan=\"1\">\n<div class=\"magic-10\">\n        11,7 KW\n       <\/div>\n<\/td>\n<\/tr>\n<tr>\n<td colspan=\"1\" rowspan=\"1\">\n<div class=\"magic-9\">\n        Velocidade do transportador\n       <\/div>\n<\/td>\n<td colspan=\"1\" rowspan=\"1\">\n<div class=\"magic-10\">\n        0-12m\/min\n       <\/div>\n<\/td>\n<\/tr>\n<tr>\n<td colspan=\"1\" rowspan=\"1\">\n<div class=\"magic-9\">\n        Temperatura de retra\u00e7\u00e3o\n       <\/div>\n<\/td>\n<td colspan=\"1\" rowspan=\"1\">\n<div class=\"magic-10\">\n        0-300\u00e2\n       <\/div>\n<\/td>\n<\/tr>\n<tr>\n<td colspan=\"1\" rowspan=\"1\">\n<div class=\"magic-9\">\n        Tamanho do t\u00fanel (C*L*A)\n       <\/div>\n<\/td>\n<td colspan=\"1\" rowspan=\"1\">\n<div class=\"magic-10\">\n        1500*450*250mm\n       <\/div>\n<\/td>\n<\/tr>\n<tr>\n<td colspan=\"1\" rowspan=\"1\">\n<div class=\"magic-9\">\n        Carregamento do transportador\n       <\/div>\n<\/td>\n<td colspan=\"1\" rowspan=\"1\">\n<div class=\"magic-10\">\n        10 kg\n       <\/div>\n<\/td>\n<\/tr>\n<tr>\n<td colspan=\"1\" rowspan=\"1\">\n<div class=\"magic-9\">\n        Tamanho da m\u00e1quina (C*L*A)\n       <\/div>\n<\/td>\n<td colspan=\"1\" rowspan=\"1\">\n<div class=\"magic-10\">\n        1800*703*1260mm\n       <\/div>\n<\/td>\n<\/tr>\n<\/tbody>\n<\/table><\/div>\n<\/p><\/div>\n<div module-id=\"40259830412\" module-title=\"detailTextWithTitle\" render=\"true\" class=\"J_module\">\n<div class=\"detail-decorate-json-renderer-container\">\n<div class=\"magic-1\">\n<h3 class=\"magic-2\"><\/h3>\n<h3 class=\"magic-3\"><font color=\"#3f6fff\">Carater\u00edsticas principais<\/font><\/h3>\n<div class=\"magic-4\">\n<div class=\"magic-5\">\n<div class=\"magic-6\">\n<p class=\"magic-7\">1.  Constru\u00e7\u00e3o compacta, alta efici\u00eancia;<\/p>\n<p class=\"magic-7\">2.  Controlo exato da temperatura do t\u00fanel de retra\u00e7\u00e3o.<\/p>\n<p>3.  O forte fluxo de ar garante uma excelente distribui\u00e7\u00e3o do calor para uma contra\u00e7\u00e3o uniforme;<\/p>\n<\/p><\/div>\n<\/p><\/div>\n<\/p><\/div>\n<\/p><\/div>\n<\/p><\/div>\n<\/p><\/div>\n<div module-id=\"40259830413\" module-title=\"detailSingleImage\" render=\"true\" class=\"J_module\">\n<div class=\"icbu-pc-images magic-11\">\n<div>\n<div class=\"flex-layout-v\">\n<div class=\"flex-layout-h magic-11\">\n<div class=\"magic-12\">\n       <img decoding=\"async\" src=\"https:\/\/sc04.alicdn.com\/kf\/HTB1Bi7lazzuK1RjSspeq6ziHVXan\/64496\/HTB1Bi7lazzuK1RjSspeq6ziHVXan.jpg\" class=\"aligncenter\">\n      <\/div>\n<\/p><\/div>\n<\/p><\/div>\n<\/p><\/div>\n<\/p><\/div>\n<\/p><\/div>\n<div module-id=\"40259830414\" module-title=\"detailVerticalImages\" render=\"true\" class=\"J_module\">\n<div class=\"icbu-pc-images magic-11\">\n<div>\n<div class=\"flex-layout-v\">\n<div class=\"magic-14\">\n      <img decoding=\"async\" src=\"https:\/\/sc04.alicdn.com\/kf\/H7eba312d5dac4451a3812db66065dc84Q\/64496\/H7eba312d5dac4451a3812db66065dc84Q.jpg\" class=\"aligncenter\">\n     <\/div>\n<div class=\"flex-layout-h magic-11\">\n<div class=\"magic-16\">\n       <img decoding=\"async\" src=\"https:\/\/sc04.alicdn.com\/kf\/H32434673824b4d57adcb869469497efaj\/64496\/H32434673824b4d57adcb869469497efaj.jpg\" class=\"aligncenter\">\n      <\/div>\n<div class=\"magic-18\">\n       <img decoding=\"async\" src=\"https:\/\/sc04.alicdn.com\/kf\/H212ccc98393444be95acf1b389ee4ba9E\/64496\/H212ccc98393444be95acf1b389ee4ba9E.jpg\" class=\"aligncenter\">\n      <\/div>\n<\/p><\/div>\n<\/p><\/div>\n<\/p><\/div>\n<\/p><\/div>\n<\/p><\/div>\n<div module-id=\"40259830415\" module-title=\"detailSingleImage\" render=\"true\" class=\"J_module\">\n<div class=\"icbu-pc-images magic-11\">\n<div>\n<div class=\"flex-layout-v\">\n<div class=\"flex-layout-h magic-11\">\n<div class=\"magic-20\">\n       <img decoding=\"async\" src=\"https:\/\/sc04.alicdn.com\/kf\/H9bc8bcde70fc475d9437268bc138dd0d2\/64496\/H9bc8bcde70fc475d9437268bc138dd0d2.jpg\" class=\"aligncenter\">\n      <\/div>\n<\/p><\/div>\n<\/p><\/div>\n<\/p><\/div>\n<\/p><\/div>\n<\/p><\/div>\n<div module-id=\"40259830416\" module-title=\"detailSingleImage\" render=\"true\" class=\"J_module\">\n<div class=\"icbu-pc-images magic-11\">\n<div>\n<div class=\"flex-layout-v\">\n<div class=\"flex-layout-h magic-11\">\n<div class=\"magic-20\">\n       <img decoding=\"async\" src=\"https:\/\/sc04.alicdn.com\/kf\/H1539b9bea98c4cd584eab7922e5f6dbfN\/64496\/H1539b9bea98c4cd584eab7922e5f6dbfN.jpg\" class=\"aligncenter\">\n      <\/div>\n<\/p><\/div>\n<\/p><\/div>\n<\/p><\/div>\n<\/p><\/div>\n<\/p><\/div>\n<\/div>","protected":false},"excerpt":{"rendered":"<p>T\u00fanel de retra\u00e7\u00e3o<\/p>","protected":false},"featured_media":2628,"comment_status":"closed","ping_status":"open","template":"","meta":[],"product_brand":[],"product_cat":[123,98],"product_tag":[],"class_list":{"0":"post-2897","1":"product","2":"type-product","3":"status-publish","4":"has-post-thumbnail","6":"product_cat-shrink-tunnels","7":"product_cat-wrapping-machines","9":"first","10":"instock","11":"sale","12":"purchasable","13":"product-type-simple"},"yoast_head":"<!-- This site is optimized with the Yoast SEO Premium plugin v20.9 (Yoast SEO v26.5) - https:\/\/yoast.com\/wordpress\/plugins\/seo\/ -->\n<title>Automatic Heat Shrink Oven Wrapping Machine Heat Tunnel Shrink Tunnel Packing Machine - ALF PACK<\/title>\n<meta name=\"robots\" content=\"index, follow, max-snippet:-1, max-image-preview:large, max-video-preview:-1\" \/>\n<link rel=\"canonical\" href=\"https:\/\/alfequipment.com\/pt\/product\/maquina-de-embalagem-automatica-com-forno-termoretractil-maquina-de-embalagem-com-tunel-termoretractil\/\" \/>\n<meta property=\"og:locale\" content=\"pt_PT\" \/>\n<meta property=\"og:type\" content=\"article\" \/>\n<meta property=\"og:title\" content=\"Automatic Heat Shrink Oven Wrapping Machine Heat Tunnel Shrink Tunnel Packing Machine\" \/>\n<meta property=\"og:description\" content=\"Shrink Tunnel\" \/>\n<meta property=\"og:url\" content=\"https:\/\/alfequipment.com\/pt\/product\/maquina-de-embalagem-automatica-com-forno-termoretractil-maquina-de-embalagem-com-tunel-termoretractil\/\" \/>\n<meta property=\"og:site_name\" content=\"ALF PACK\" \/>\n<meta property=\"article:modified_time\" content=\"2025-01-14T03:12:45+00:00\" \/>\n<meta property=\"og:image\" content=\"https:\/\/alfequipment.com\/wp-content\/uploads\/2025\/01\/Automatic-Heat-Shrink-Oven-Wrapping-Machine-Heat.jpg\" \/>\n\t<meta property=\"og:image:width\" content=\"800\" \/>\n\t<meta property=\"og:image:height\" content=\"800\" \/>\n\t<meta property=\"og:image:type\" content=\"image\/webp\" \/>\n<meta name=\"twitter:card\" content=\"summary_large_image\" \/>\n<meta name=\"twitter:label1\" content=\"Tempo estimado de leitura\" \/>\n\t<meta name=\"twitter:data1\" content=\"1 minuto\" \/>\n<script type=\"application\/ld+json\" class=\"yoast-schema-graph\">{\"@context\":\"https:\/\/schema.org\",\"@graph\":[{\"@type\":\"WebPage\",\"@id\":\"https:\/\/alfequipment.com\/product\/automatic-heat-shrink-oven-wrapping-machine-heat-tunnel-shrink-tunnel-packing-machine\/\",\"url\":\"https:\/\/alfequipment.com\/product\/automatic-heat-shrink-oven-wrapping-machine-heat-tunnel-shrink-tunnel-packing-machine\/\",\"name\":\"Automatic Heat Shrink Oven Wrapping Machine Heat Tunnel Shrink Tunnel Packing Machine - ALF PACK\",\"isPartOf\":{\"@id\":\"https:\/\/alfequipment.com\/#website\"},\"primaryImageOfPage\":{\"@id\":\"https:\/\/alfequipment.com\/product\/automatic-heat-shrink-oven-wrapping-machine-heat-tunnel-shrink-tunnel-packing-machine\/#primaryimage\"},\"image\":{\"@id\":\"https:\/\/alfequipment.com\/product\/automatic-heat-shrink-oven-wrapping-machine-heat-tunnel-shrink-tunnel-packing-machine\/#primaryimage\"},\"thumbnailUrl\":\"https:\/\/alfequipment.com\/wp-content\/uploads\/2025\/01\/Automatic-Heat-Shrink-Oven-Wrapping-Machine-Heat.jpg\",\"datePublished\":\"2024-12-01T14:43:54+00:00\",\"dateModified\":\"2025-01-14T03:12:45+00:00\",\"breadcrumb\":{\"@id\":\"https:\/\/alfequipment.com\/product\/automatic-heat-shrink-oven-wrapping-machine-heat-tunnel-shrink-tunnel-packing-machine\/#breadcrumb\"},\"inLanguage\":\"pt-PT\",\"potentialAction\":[{\"@type\":\"ReadAction\",\"target\":[\"https:\/\/alfequipment.com\/product\/automatic-heat-shrink-oven-wrapping-machine-heat-tunnel-shrink-tunnel-packing-machine\/\"]}]},{\"@type\":\"ImageObject\",\"inLanguage\":\"pt-PT\",\"@id\":\"https:\/\/alfequipment.com\/product\/automatic-heat-shrink-oven-wrapping-machine-heat-tunnel-shrink-tunnel-packing-machine\/#primaryimage\",\"url\":\"https:\/\/alfequipment.com\/wp-content\/uploads\/2025\/01\/Automatic-Heat-Shrink-Oven-Wrapping-Machine-Heat.jpg\",\"contentUrl\":\"https:\/\/alfequipment.com\/wp-content\/uploads\/2025\/01\/Automatic-Heat-Shrink-Oven-Wrapping-Machine-Heat.jpg\",\"width\":800,\"height\":800},{\"@type\":\"BreadcrumbList\",\"@id\":\"https:\/\/alfequipment.com\/product\/automatic-heat-shrink-oven-wrapping-machine-heat-tunnel-shrink-tunnel-packing-machine\/#breadcrumb\",\"itemListElement\":[{\"@type\":\"ListItem\",\"position\":1,\"name\":\"Home\",\"item\":\"https:\/\/alfequipment.com\/\"},{\"@type\":\"ListItem\",\"position\":2,\"name\":\"Shop\",\"item\":\"https:\/\/alfequipment.com\/shop\/\"},{\"@type\":\"ListItem\",\"position\":3,\"name\":\"Automatic Heat Shrink Oven Wrapping Machine Heat Tunnel Shrink Tunnel Packing Machine\"}]},{\"@type\":\"WebSite\",\"@id\":\"https:\/\/alfequipment.com\/#website\",\"url\":\"https:\/\/alfequipment.com\/\",\"name\":\"ALF PACK\",\"description\":\"\",\"publisher\":{\"@id\":\"https:\/\/alfequipment.com\/#organization\"},\"potentialAction\":[{\"@type\":\"SearchAction\",\"target\":{\"@type\":\"EntryPoint\",\"urlTemplate\":\"https:\/\/alfequipment.com\/?s={search_term_string}\"},\"query-input\":{\"@type\":\"PropertyValueSpecification\",\"valueRequired\":true,\"valueName\":\"search_term_string\"}}],\"inLanguage\":\"pt-PT\"},{\"@type\":\"Organization\",\"@id\":\"https:\/\/alfequipment.com\/#organization\",\"name\":\"ALF PACK\",\"url\":\"https:\/\/alfequipment.com\/\",\"logo\":{\"@type\":\"ImageObject\",\"inLanguage\":\"pt-PT\",\"@id\":\"https:\/\/alfequipment.com\/#\/schema\/logo\/image\/\",\"url\":\"https:\/\/alfequipment.com\/wp-content\/uploads\/2024\/11\/ALFlogo-2.webp\",\"contentUrl\":\"https:\/\/alfequipment.com\/wp-content\/uploads\/2024\/11\/ALFlogo-2.webp\",\"width\":758,\"height\":750,\"caption\":\"ALF PACK\"},\"image\":{\"@id\":\"https:\/\/alfequipment.com\/#\/schema\/logo\/image\/\"}}]}<\/script>\n<!-- \/ Yoast SEO Premium plugin. -->","yoast_head_json":{"title":"M\u00e1quina de embalagem autom\u00e1tica com forno termorretr\u00e1til M\u00e1quina de embalagem com t\u00fanel termorretr\u00e1til - ALF PACK","robots":{"index":"index","follow":"follow","max-snippet":"max-snippet:-1","max-image-preview":"max-image-preview:large","max-video-preview":"max-video-preview:-1"},"canonical":"https:\/\/alfequipment.com\/pt\/product\/maquina-de-embalagem-automatica-com-forno-termoretractil-maquina-de-embalagem-com-tunel-termoretractil\/","og_locale":"pt_PT","og_type":"article","og_title":"Automatic Heat Shrink Oven Wrapping Machine Heat Tunnel Shrink Tunnel Packing Machine","og_description":"Shrink Tunnel","og_url":"https:\/\/alfequipment.com\/pt\/product\/maquina-de-embalagem-automatica-com-forno-termoretractil-maquina-de-embalagem-com-tunel-termoretractil\/","og_site_name":"ALF PACK","article_modified_time":"2025-01-14T03:12:45+00:00","og_image":[{"width":800,"height":800,"url":"https:\/\/alfequipment.com\/wp-content\/uploads\/2025\/01\/Automatic-Heat-Shrink-Oven-Wrapping-Machine-Heat.jpg","type":"image\/webp"}],"twitter_card":"summary_large_image","twitter_misc":{"Tempo estimado de leitura":"1 minuto"},"schema":{"@context":"https:\/\/schema.org","@graph":[{"@type":"WebPage","@id":"https:\/\/alfequipment.com\/product\/automatic-heat-shrink-oven-wrapping-machine-heat-tunnel-shrink-tunnel-packing-machine\/","url":"https:\/\/alfequipment.com\/product\/automatic-heat-shrink-oven-wrapping-machine-heat-tunnel-shrink-tunnel-packing-machine\/","name":"M\u00e1quina de embalagem autom\u00e1tica com forno termorretr\u00e1til M\u00e1quina de embalagem com t\u00fanel termorretr\u00e1til - ALF PACK","isPartOf":{"@id":"https:\/\/alfequipment.com\/#website"},"primaryImageOfPage":{"@id":"https:\/\/alfequipment.com\/product\/automatic-heat-shrink-oven-wrapping-machine-heat-tunnel-shrink-tunnel-packing-machine\/#primaryimage"},"image":{"@id":"https:\/\/alfequipment.com\/product\/automatic-heat-shrink-oven-wrapping-machine-heat-tunnel-shrink-tunnel-packing-machine\/#primaryimage"},"thumbnailUrl":"https:\/\/alfequipment.com\/wp-content\/uploads\/2025\/01\/Automatic-Heat-Shrink-Oven-Wrapping-Machine-Heat.jpg","datePublished":"2024-12-01T14:43:54+00:00","dateModified":"2025-01-14T03:12:45+00:00","breadcrumb":{"@id":"https:\/\/alfequipment.com\/product\/automatic-heat-shrink-oven-wrapping-machine-heat-tunnel-shrink-tunnel-packing-machine\/#breadcrumb"},"inLanguage":"pt-PT","potentialAction":[{"@type":"ReadAction","target":["https:\/\/alfequipment.com\/product\/automatic-heat-shrink-oven-wrapping-machine-heat-tunnel-shrink-tunnel-packing-machine\/"]}]},{"@type":"ImageObject","inLanguage":"pt-PT","@id":"https:\/\/alfequipment.com\/product\/automatic-heat-shrink-oven-wrapping-machine-heat-tunnel-shrink-tunnel-packing-machine\/#primaryimage","url":"https:\/\/alfequipment.com\/wp-content\/uploads\/2025\/01\/Automatic-Heat-Shrink-Oven-Wrapping-Machine-Heat.jpg","contentUrl":"https:\/\/alfequipment.com\/wp-content\/uploads\/2025\/01\/Automatic-Heat-Shrink-Oven-Wrapping-Machine-Heat.jpg","width":800,"height":800},{"@type":"BreadcrumbList","@id":"https:\/\/alfequipment.com\/product\/automatic-heat-shrink-oven-wrapping-machine-heat-tunnel-shrink-tunnel-packing-machine\/#breadcrumb","itemListElement":[{"@type":"ListItem","position":1,"name":"Home","item":"https:\/\/alfequipment.com\/"},{"@type":"ListItem","position":2,"name":"Shop","item":"https:\/\/alfequipment.com\/shop\/"},{"@type":"ListItem","position":3,"name":"Automatic Heat Shrink Oven Wrapping Machine Heat Tunnel Shrink Tunnel Packing Machine"}]},{"@type":"WebSite","@id":"https:\/\/alfequipment.com\/#website","url":"https:\/\/alfequipment.com\/","name":"PACK ALF","description":"","publisher":{"@id":"https:\/\/alfequipment.com\/#organization"},"potentialAction":[{"@type":"SearchAction","target":{"@type":"EntryPoint","urlTemplate":"https:\/\/alfequipment.com\/?s={search_term_string}"},"query-input":{"@type":"PropertyValueSpecification","valueRequired":true,"valueName":"search_term_string"}}],"inLanguage":"pt-PT"},{"@type":"Organization","@id":"https:\/\/alfequipment.com\/#organization","name":"PACK ALF","url":"https:\/\/alfequipment.com\/","logo":{"@type":"ImageObject","inLanguage":"pt-PT","@id":"https:\/\/alfequipment.com\/#\/schema\/logo\/image\/","url":"https:\/\/alfequipment.com\/wp-content\/uploads\/2024\/11\/ALFlogo-2.webp","contentUrl":"https:\/\/alfequipment.com\/wp-content\/uploads\/2024\/11\/ALFlogo-2.webp","width":758,"height":750,"caption":"ALF PACK"},"image":{"@id":"https:\/\/alfequipment.com\/#\/schema\/logo\/image\/"}}]}},"_links":{"self":[{"href":"https:\/\/alfequipment.com\/pt\/wp-json\/wp\/v2\/product\/2897","targetHints":{"allow":["GET"]}}],"collection":[{"href":"https:\/\/alfequipment.com\/pt\/wp-json\/wp\/v2\/product"}],"about":[{"href":"https:\/\/alfequipment.com\/pt\/wp-json\/wp\/v2\/types\/product"}],"replies":[{"embeddable":true,"href":"https:\/\/alfequipment.com\/pt\/wp-json\/wp\/v2\/comments?post=2897"}],"version-history":[{"count":0,"href":"https:\/\/alfequipment.com\/pt\/wp-json\/wp\/v2\/product\/2897\/revisions"}],"wp:featuredmedia":[{"embeddable":true,"href":"https:\/\/alfequipment.com\/pt\/wp-json\/wp\/v2\/media\/2628"}],"wp:attachment":[{"href":"https:\/\/alfequipment.com\/pt\/wp-json\/wp\/v2\/media?parent=2897"}],"wp:term":[{"taxonomy":"product_brand","embeddable":true,"href":"https:\/\/alfequipment.com\/pt\/wp-json\/wp\/v2\/product_brand?post=2897"},{"taxonomy":"product_cat","embeddable":true,"href":"https:\/\/alfequipment.com\/pt\/wp-json\/wp\/v2\/product_cat?post=2897"},{"taxonomy":"product_tag","embeddable":true,"href":"https:\/\/alfequipment.com\/pt\/wp-json\/wp\/v2\/product_tag?post=2897"}],"curies":[{"name":"wp","href":"https:\/\/api.w.org\/{rel}","templated":true}]}}