{"id":2898,"date":"2024-12-19T08:44:41","date_gmt":"2024-12-19T08:44:41","guid":{"rendered":"https:\/\/alfequipment.com\/product\/fxc4030x-automatic-small-box-carton-taping-sealing-packing-machine-carton-case-sealer\/"},"modified":"2025-01-13T14:43:05","modified_gmt":"2025-01-13T14:43:05","slug":"fxc4030x-maquina-automatica-de-selagem-de-caixas-de-cartao-pequenas-seladora-de-caixas-de-cartao","status":"publish","type":"product","link":"https:\/\/alfequipment.com\/pt\/product\/fxc4030x-maquina-automatica-de-selagem-de-caixas-de-cartao-pequenas-seladora-de-caixas-de-cartao\/","title":{"rendered":"FXC4030X M\u00e1quina autom\u00e1tica de selagem de caixas de papel\u00e3o com fita adesiva para caixas pequenas Seladora de caixas de papel\u00e3o"},"content":{"rendered":"<div data-magic-global=\"%7B%22bizId%22%3A17179933680%2C%22pageId%22%3A5021785821%2C%22siteId%22%3A5005331025%7D\" id=\"detail_decorate_root\">\n<div module-id=\"5549194006\" module-title=\"detailProductNavigation\" render=\"true\" class=\"J_module\">\n<div id=\"ali-anchor-AliMagic-3nxyrm\" data-section=\"AliMagic-3nxyrm\" data-section-title=\"Product Description\" class=\"magic-0\">\n   Descri\u00e7\u00e3o do produto\n  <\/div>\n<\/p><\/div>\n<div module-id=\"5549194007\" module-title=\"detailTextWithTitle\" render=\"true\" class=\"J_module\">\n<div class=\"detail-decorate-json-renderer-container\">\n<div class=\"magic-1\">\n<h3 class=\"magic-2\"><\/h3>\n<h3 class=\"magic-3\">Resumo:<br \/><\/h3>\n<div class=\"magic-4\">\n<div class=\"magic-5\">\n<div class=\"magic-6\">\n<p class=\"magic-7\">1. A m\u00e1quina de selagem de caixas de cart\u00e3o FXC4030X (m\u00e1quina de grava\u00e7\u00e3o) \u00e9 utilizada principalmente para selar e embalar caixas de cart\u00e3o, que podem ser utilizadas de forma independente ou como parte necess\u00e1ria de uma linha de produ\u00e7\u00e3o.<\/p>\n<p class=\"magic-7\">2. o tapete transportador \u00e9 montado no lado esquerdo e direito.<\/p>\n<p class=\"magic-7\"><\/p>\n<p class=\"magic-7\">3. a caixa de cart\u00e3o \u00e9 transmitida por correias transportadoras de dois lados.<\/p>\n<p class=\"magic-7\">4. ajustar manualmente a altura e a largura da selagem de acordo com o tamanho da caixa de cart\u00e3o, depois colocar a caixa de cart\u00e3o na mesa de trabalho, e a caixa de cart\u00e3o ser\u00e1 transmitida e selada com fita adesiva automaticamente ao mesmo tempo.<\/p>\n<p class=\"magic-7\"><\/p>\n<p class=\"magic-7\">5. Est\u00e1 dispon\u00edvel para caixas de cart\u00e3o de pequenas dimens\u00f5es<\/p>\n<\/p><\/div>\n<\/p><\/div>\n<\/p><\/div>\n<\/p><\/div>\n<\/p><\/div>\n<\/p><\/div>\n<div module-id=\"5549194008\" module-title=\"detailTableHightLight\" render=\"true\" class=\"J_module\">\n<div class=\"ife-detail-decorate-table\">\n<table class=\"all magic-8\">\n<tbody>\n<tr>\n<td>\n<div class=\"magic-9\">\n        Modelo\n       <\/div>\n<\/td>\n<td>\n<div class=\"magic-10\">\n        FXC4030X\n       <\/div>\n<\/td>\n<\/tr>\n<tr>\n<td>\n<div class=\"magic-9\">\n        Fonte de alimenta\u00e7\u00e3o\n       <\/div>\n<\/td>\n<td>\n<div class=\"magic-10\">\n        220\/110V 50\/60HZ 240W\n       <\/div>\n<\/td>\n<\/tr>\n<tr>\n<td>\n<div class=\"magic-9\">\n        Capacidade de veda\u00e7\u00e3o\n       <\/div>\n<\/td>\n<td>\n<div class=\"magic-10\">\n        1000pcs (tamanho padr\u00e3o) por hora\n       <\/div>\n<\/td>\n<\/tr>\n<tr>\n<td>\n<div class=\"magic-9\">\n        Largura da fita\n       <\/div>\n<\/td>\n<td>\n<div class=\"magic-10\">\n        30, 45, 48 mm (recomendamos 45 mm)\n       <\/div>\n<\/td>\n<\/tr>\n<tr>\n<td>\n<div class=\"magic-9\">\n        Modo de transmiss\u00e3o\n       <\/div>\n<\/td>\n<td>\n<div class=\"magic-10\">\n        Mecanismo de transmiss\u00e3o do lado esquerdo-direito\n       <\/div>\n<\/td>\n<\/tr>\n<tr>\n<td>\n<div class=\"magic-9\">\n        Tamanho m\u00e1ximo da caixa\n       <\/div>\n<\/td>\n<td>\n<div class=\"magic-10\">\n        300\u00d7400 mm (L\u00d7A)\n       <\/div>\n<\/td>\n<\/tr>\n<tr>\n<td>\n<div class=\"magic-9\">\n        Tamanho m\u00ednimo da caixa\n       <\/div>\n<\/td>\n<td>\n<div class=\"magic-10\">\n        80\u00d790 mm (L\u00d7A)\n       <\/div>\n<\/td>\n<\/tr>\n<tr>\n<td>\n<div class=\"magic-9\">\n        Tamanho total\n       <\/div>\n<\/td>\n<td>\n<div class=\"magic-10\">\n        1569*643*1662 mm (C\u00d7L\u00d7A)\n       <\/div>\n<\/td>\n<\/tr>\n<tr>\n<td>\n<div class=\"magic-9\">\n        Peso\n       <\/div>\n<\/td>\n<td>\n<div class=\"magic-10\">\n        100 kg\n       <\/div>\n<\/td>\n<\/tr>\n<\/tbody>\n<\/table><\/div>\n<\/p><\/div>\n<div module-id=\"5549194009\" module-title=\"detailSingleImage\" render=\"true\" class=\"J_module\">\n<div class=\"icbu-pc-images magic-11\">\n<div>\n<div class=\"flex-layout-v\">\n<div class=\"flex-layout-h magic-11\">\n<div class=\"magic-12\">\n       <img decoding=\"async\" src=\"https:\/\/sc02.alicdn.com\/kf\/HTB11yjnacfrK1RjSszcq6xGGFXaP\/64496\/HTB11yjnacfrK1RjSszcq6xGGFXaP.jpg\" class=\"aligncenter\">\n      <\/div>\n<\/p><\/div>\n<\/p><\/div>\n<\/p><\/div>\n<\/p><\/div>\n<\/p><\/div>\n<div module-id=\"5549194010\" module-title=\"detailVerticalImages\" render=\"true\" class=\"J_module\">\n<div class=\"icbu-pc-images magic-11\">\n<div>\n<div class=\"flex-layout-v\">\n<div class=\"magic-14\">\n      <img decoding=\"async\" src=\"https:\/\/sc01.alicdn.com\/kf\/HTB1QhLracfrK1RkSnb4q6xHRFXaK\/64496\/HTB1QhLracfrK1RkSnb4q6xHRFXaK.jpg\" class=\"aligncenter\">\n     <\/div>\n<div class=\"flex-layout-h magic-11\">\n<div class=\"magic-16\">\n       <img decoding=\"async\" src=\"https:\/\/sc01.alicdn.com\/kf\/HTB1nS_maXzsK1Rjy1Xbq6xOaFXa6\/64496\/HTB1nS_maXzsK1Rjy1Xbq6xOaFXa6.jpg\" class=\"aligncenter\">\n      <\/div>\n<div class=\"magic-18\">\n       <img decoding=\"async\" src=\"https:\/\/sc02.alicdn.com\/kf\/HTB1zE2raizxK1RjSspjq6AS.pXay\/64496\/HTB1zE2raizxK1RjSspjq6AS.pXay.jpg\" class=\"aligncenter\">\n      <\/div>\n<\/p><\/div>\n<\/p><\/div>\n<\/p><\/div>\n<\/p><\/div>\n<\/p><\/div>\n<div module-id=\"5549194011\" module-title=\"detailSingleImage\" render=\"true\" class=\"J_module\">\n<div class=\"icbu-pc-images magic-11\">\n<div>\n<div class=\"flex-layout-v\">\n<div class=\"flex-layout-h magic-11\">\n<div class=\"magic-20\">\n       <img decoding=\"async\" src=\"https:\/\/sc01.alicdn.com\/kf\/HTB1fKYsadzvK1RkSnfoq6zMwVXaj\/64496\/HTB1fKYsadzvK1RkSnfoq6zMwVXaj.jpg\" class=\"aligncenter\">\n      <\/div>\n<\/p><\/div>\n<\/p><\/div>\n<\/p><\/div>\n<\/p><\/div>\n<\/p><\/div>\n<\/div>","protected":false},"excerpt":{"rendered":"<p>M\u00e1quina Seladora de Caixa de Cart\u00e3o Pequena com Transportador de Correia Lateral<\/p>","protected":false},"featured_media":2630,"comment_status":"closed","ping_status":"open","template":"","meta":[],"product_brand":[],"product_cat":[116,97],"product_tag":[],"class_list":{"0":"post-2898","1":"product","2":"type-product","3":"status-publish","4":"has-post-thumbnail","6":"product_cat-carton-sealing-machine","7":"product_cat-sealing-machines","9":"first","10":"instock","11":"sale","12":"purchasable","13":"product-type-simple"},"yoast_head":"<!-- This site is optimized with the Yoast SEO Premium plugin v20.9 (Yoast SEO v26.5) - https:\/\/yoast.com\/wordpress\/plugins\/seo\/ -->\n<title>FXC4030X Automatic Small Box Carton Taping Sealing Packing Machine Carton Case Sealer - ALF PACK<\/title>\n<meta name=\"robots\" content=\"index, follow, max-snippet:-1, max-image-preview:large, max-video-preview:-1\" \/>\n<link rel=\"canonical\" href=\"https:\/\/alfequipment.com\/pt\/product\/fxc4030x-maquina-automatica-de-selagem-de-caixas-de-cartao-pequenas-seladora-de-caixas-de-cartao\/\" \/>\n<meta property=\"og:locale\" content=\"pt_PT\" \/>\n<meta property=\"og:type\" content=\"article\" \/>\n<meta property=\"og:title\" content=\"FXC4030X Automatic Small Box Carton Taping Sealing Packing Machine Carton Case Sealer\" \/>\n<meta property=\"og:description\" content=\"Small Box Carton Box Sealing Machine With Side Belt Conveyor\" \/>\n<meta property=\"og:url\" content=\"https:\/\/alfequipment.com\/pt\/product\/fxc4030x-maquina-automatica-de-selagem-de-caixas-de-cartao-pequenas-seladora-de-caixas-de-cartao\/\" \/>\n<meta property=\"og:site_name\" content=\"ALF PACK\" \/>\n<meta property=\"article:modified_time\" content=\"2025-01-13T14:43:05+00:00\" \/>\n<meta property=\"og:image\" content=\"https:\/\/alfequipment.com\/wp-content\/uploads\/2025\/01\/FXC4030X-Automatic-Small-Box-Carton-Taping-Sealing.jpg\" \/>\n\t<meta property=\"og:image:width\" content=\"800\" \/>\n\t<meta property=\"og:image:height\" content=\"800\" \/>\n\t<meta property=\"og:image:type\" content=\"image\/webp\" \/>\n<meta name=\"twitter:card\" content=\"summary_large_image\" \/>\n<meta name=\"twitter:label1\" content=\"Tempo estimado de leitura\" \/>\n\t<meta name=\"twitter:data1\" content=\"1 minuto\" \/>\n<script type=\"application\/ld+json\" class=\"yoast-schema-graph\">{\"@context\":\"https:\/\/schema.org\",\"@graph\":[{\"@type\":\"WebPage\",\"@id\":\"https:\/\/alfequipment.com\/product\/fxc4030x-automatic-small-box-carton-taping-sealing-packing-machine-carton-case-sealer\/\",\"url\":\"https:\/\/alfequipment.com\/product\/fxc4030x-automatic-small-box-carton-taping-sealing-packing-machine-carton-case-sealer\/\",\"name\":\"FXC4030X Automatic Small Box Carton Taping Sealing Packing Machine Carton Case Sealer - ALF PACK\",\"isPartOf\":{\"@id\":\"https:\/\/alfequipment.com\/#website\"},\"primaryImageOfPage\":{\"@id\":\"https:\/\/alfequipment.com\/product\/fxc4030x-automatic-small-box-carton-taping-sealing-packing-machine-carton-case-sealer\/#primaryimage\"},\"image\":{\"@id\":\"https:\/\/alfequipment.com\/product\/fxc4030x-automatic-small-box-carton-taping-sealing-packing-machine-carton-case-sealer\/#primaryimage\"},\"thumbnailUrl\":\"https:\/\/alfequipment.com\/wp-content\/uploads\/2025\/01\/FXC4030X-Automatic-Small-Box-Carton-Taping-Sealing.jpg\",\"datePublished\":\"2024-12-19T08:44:41+00:00\",\"dateModified\":\"2025-01-13T14:43:05+00:00\",\"breadcrumb\":{\"@id\":\"https:\/\/alfequipment.com\/product\/fxc4030x-automatic-small-box-carton-taping-sealing-packing-machine-carton-case-sealer\/#breadcrumb\"},\"inLanguage\":\"pt-PT\",\"potentialAction\":[{\"@type\":\"ReadAction\",\"target\":[\"https:\/\/alfequipment.com\/product\/fxc4030x-automatic-small-box-carton-taping-sealing-packing-machine-carton-case-sealer\/\"]}]},{\"@type\":\"ImageObject\",\"inLanguage\":\"pt-PT\",\"@id\":\"https:\/\/alfequipment.com\/product\/fxc4030x-automatic-small-box-carton-taping-sealing-packing-machine-carton-case-sealer\/#primaryimage\",\"url\":\"https:\/\/alfequipment.com\/wp-content\/uploads\/2025\/01\/FXC4030X-Automatic-Small-Box-Carton-Taping-Sealing.jpg\",\"contentUrl\":\"https:\/\/alfequipment.com\/wp-content\/uploads\/2025\/01\/FXC4030X-Automatic-Small-Box-Carton-Taping-Sealing.jpg\",\"width\":800,\"height\":800},{\"@type\":\"BreadcrumbList\",\"@id\":\"https:\/\/alfequipment.com\/product\/fxc4030x-automatic-small-box-carton-taping-sealing-packing-machine-carton-case-sealer\/#breadcrumb\",\"itemListElement\":[{\"@type\":\"ListItem\",\"position\":1,\"name\":\"Home\",\"item\":\"https:\/\/alfequipment.com\/\"},{\"@type\":\"ListItem\",\"position\":2,\"name\":\"Shop\",\"item\":\"https:\/\/alfequipment.com\/shop\/\"},{\"@type\":\"ListItem\",\"position\":3,\"name\":\"FXC4030X Automatic Small Box Carton Taping Sealing Packing Machine Carton Case Sealer\"}]},{\"@type\":\"WebSite\",\"@id\":\"https:\/\/alfequipment.com\/#website\",\"url\":\"https:\/\/alfequipment.com\/\",\"name\":\"ALF PACK\",\"description\":\"\",\"publisher\":{\"@id\":\"https:\/\/alfequipment.com\/#organization\"},\"potentialAction\":[{\"@type\":\"SearchAction\",\"target\":{\"@type\":\"EntryPoint\",\"urlTemplate\":\"https:\/\/alfequipment.com\/?s={search_term_string}\"},\"query-input\":{\"@type\":\"PropertyValueSpecification\",\"valueRequired\":true,\"valueName\":\"search_term_string\"}}],\"inLanguage\":\"pt-PT\"},{\"@type\":\"Organization\",\"@id\":\"https:\/\/alfequipment.com\/#organization\",\"name\":\"ALF PACK\",\"url\":\"https:\/\/alfequipment.com\/\",\"logo\":{\"@type\":\"ImageObject\",\"inLanguage\":\"pt-PT\",\"@id\":\"https:\/\/alfequipment.com\/#\/schema\/logo\/image\/\",\"url\":\"https:\/\/alfequipment.com\/wp-content\/uploads\/2024\/11\/ALFlogo-2.webp\",\"contentUrl\":\"https:\/\/alfequipment.com\/wp-content\/uploads\/2024\/11\/ALFlogo-2.webp\",\"width\":758,\"height\":750,\"caption\":\"ALF PACK\"},\"image\":{\"@id\":\"https:\/\/alfequipment.com\/#\/schema\/logo\/image\/\"}}]}<\/script>\n<!-- \/ Yoast SEO Premium plugin. -->","yoast_head_json":{"title":"FXC4030X M\u00e1quina autom\u00e1tica de selagem de caixas de cart\u00e3o pequenas com fita adesiva M\u00e1quina de selagem de caixas de cart\u00e3o - ALF PACK","robots":{"index":"index","follow":"follow","max-snippet":"max-snippet:-1","max-image-preview":"max-image-preview:large","max-video-preview":"max-video-preview:-1"},"canonical":"https:\/\/alfequipment.com\/pt\/product\/fxc4030x-maquina-automatica-de-selagem-de-caixas-de-cartao-pequenas-seladora-de-caixas-de-cartao\/","og_locale":"pt_PT","og_type":"article","og_title":"FXC4030X Automatic Small Box Carton Taping Sealing Packing Machine Carton Case Sealer","og_description":"Small Box Carton Box Sealing Machine With Side Belt Conveyor","og_url":"https:\/\/alfequipment.com\/pt\/product\/fxc4030x-maquina-automatica-de-selagem-de-caixas-de-cartao-pequenas-seladora-de-caixas-de-cartao\/","og_site_name":"ALF PACK","article_modified_time":"2025-01-13T14:43:05+00:00","og_image":[{"width":800,"height":800,"url":"https:\/\/alfequipment.com\/wp-content\/uploads\/2025\/01\/FXC4030X-Automatic-Small-Box-Carton-Taping-Sealing.jpg","type":"image\/webp"}],"twitter_card":"summary_large_image","twitter_misc":{"Tempo estimado de leitura":"1 minuto"},"schema":{"@context":"https:\/\/schema.org","@graph":[{"@type":"WebPage","@id":"https:\/\/alfequipment.com\/product\/fxc4030x-automatic-small-box-carton-taping-sealing-packing-machine-carton-case-sealer\/","url":"https:\/\/alfequipment.com\/product\/fxc4030x-automatic-small-box-carton-taping-sealing-packing-machine-carton-case-sealer\/","name":"FXC4030X M\u00e1quina autom\u00e1tica de selagem de caixas de cart\u00e3o pequenas com fita adesiva M\u00e1quina de selagem de caixas de cart\u00e3o - ALF PACK","isPartOf":{"@id":"https:\/\/alfequipment.com\/#website"},"primaryImageOfPage":{"@id":"https:\/\/alfequipment.com\/product\/fxc4030x-automatic-small-box-carton-taping-sealing-packing-machine-carton-case-sealer\/#primaryimage"},"image":{"@id":"https:\/\/alfequipment.com\/product\/fxc4030x-automatic-small-box-carton-taping-sealing-packing-machine-carton-case-sealer\/#primaryimage"},"thumbnailUrl":"https:\/\/alfequipment.com\/wp-content\/uploads\/2025\/01\/FXC4030X-Automatic-Small-Box-Carton-Taping-Sealing.jpg","datePublished":"2024-12-19T08:44:41+00:00","dateModified":"2025-01-13T14:43:05+00:00","breadcrumb":{"@id":"https:\/\/alfequipment.com\/product\/fxc4030x-automatic-small-box-carton-taping-sealing-packing-machine-carton-case-sealer\/#breadcrumb"},"inLanguage":"pt-PT","potentialAction":[{"@type":"ReadAction","target":["https:\/\/alfequipment.com\/product\/fxc4030x-automatic-small-box-carton-taping-sealing-packing-machine-carton-case-sealer\/"]}]},{"@type":"ImageObject","inLanguage":"pt-PT","@id":"https:\/\/alfequipment.com\/product\/fxc4030x-automatic-small-box-carton-taping-sealing-packing-machine-carton-case-sealer\/#primaryimage","url":"https:\/\/alfequipment.com\/wp-content\/uploads\/2025\/01\/FXC4030X-Automatic-Small-Box-Carton-Taping-Sealing.jpg","contentUrl":"https:\/\/alfequipment.com\/wp-content\/uploads\/2025\/01\/FXC4030X-Automatic-Small-Box-Carton-Taping-Sealing.jpg","width":800,"height":800},{"@type":"BreadcrumbList","@id":"https:\/\/alfequipment.com\/product\/fxc4030x-automatic-small-box-carton-taping-sealing-packing-machine-carton-case-sealer\/#breadcrumb","itemListElement":[{"@type":"ListItem","position":1,"name":"Home","item":"https:\/\/alfequipment.com\/"},{"@type":"ListItem","position":2,"name":"Shop","item":"https:\/\/alfequipment.com\/shop\/"},{"@type":"ListItem","position":3,"name":"FXC4030X Automatic Small Box Carton Taping Sealing Packing Machine Carton Case Sealer"}]},{"@type":"WebSite","@id":"https:\/\/alfequipment.com\/#website","url":"https:\/\/alfequipment.com\/","name":"PACK ALF","description":"","publisher":{"@id":"https:\/\/alfequipment.com\/#organization"},"potentialAction":[{"@type":"SearchAction","target":{"@type":"EntryPoint","urlTemplate":"https:\/\/alfequipment.com\/?s={search_term_string}"},"query-input":{"@type":"PropertyValueSpecification","valueRequired":true,"valueName":"search_term_string"}}],"inLanguage":"pt-PT"},{"@type":"Organization","@id":"https:\/\/alfequipment.com\/#organization","name":"PACK ALF","url":"https:\/\/alfequipment.com\/","logo":{"@type":"ImageObject","inLanguage":"pt-PT","@id":"https:\/\/alfequipment.com\/#\/schema\/logo\/image\/","url":"https:\/\/alfequipment.com\/wp-content\/uploads\/2024\/11\/ALFlogo-2.webp","contentUrl":"https:\/\/alfequipment.com\/wp-content\/uploads\/2024\/11\/ALFlogo-2.webp","width":758,"height":750,"caption":"ALF PACK"},"image":{"@id":"https:\/\/alfequipment.com\/#\/schema\/logo\/image\/"}}]}},"_links":{"self":[{"href":"https:\/\/alfequipment.com\/pt\/wp-json\/wp\/v2\/product\/2898","targetHints":{"allow":["GET"]}}],"collection":[{"href":"https:\/\/alfequipment.com\/pt\/wp-json\/wp\/v2\/product"}],"about":[{"href":"https:\/\/alfequipment.com\/pt\/wp-json\/wp\/v2\/types\/product"}],"replies":[{"embeddable":true,"href":"https:\/\/alfequipment.com\/pt\/wp-json\/wp\/v2\/comments?post=2898"}],"version-history":[{"count":0,"href":"https:\/\/alfequipment.com\/pt\/wp-json\/wp\/v2\/product\/2898\/revisions"}],"wp:featuredmedia":[{"embeddable":true,"href":"https:\/\/alfequipment.com\/pt\/wp-json\/wp\/v2\/media\/2630"}],"wp:attachment":[{"href":"https:\/\/alfequipment.com\/pt\/wp-json\/wp\/v2\/media?parent=2898"}],"wp:term":[{"taxonomy":"product_brand","embeddable":true,"href":"https:\/\/alfequipment.com\/pt\/wp-json\/wp\/v2\/product_brand?post=2898"},{"taxonomy":"product_cat","embeddable":true,"href":"https:\/\/alfequipment.com\/pt\/wp-json\/wp\/v2\/product_cat?post=2898"},{"taxonomy":"product_tag","embeddable":true,"href":"https:\/\/alfequipment.com\/pt\/wp-json\/wp\/v2\/product_tag?post=2898"}],"curies":[{"name":"wp","href":"https:\/\/api.w.org\/{rel}","templated":true}]}}