{"id":2901,"date":"2024-12-21T14:57:25","date_gmt":"2024-12-21T14:57:25","guid":{"rendered":"https:\/\/alfequipment.com\/product\/semi-automatic-round-bottle-labeling-machine-with-coding-code-printer\/"},"modified":"2025-01-13T13:08:42","modified_gmt":"2025-01-13T13:08:42","slug":"maquina-de-rotulagem-de-garrafas-redondas-semi-automatica-com-impressora-de-codigo-de-codificacao","status":"publish","type":"product","link":"https:\/\/alfequipment.com\/pt\/product\/maquina-de-rotulagem-de-garrafas-redondas-semi-automatica-com-impressora-de-codigo-de-codificacao\/","title":{"rendered":"M\u00e1quina semi-autom\u00e1tica de rotulagem de garrafas redondas com impressora de c\u00f3digo de codifica\u00e7\u00e3o"},"content":{"rendered":"<div data-magic-global=\"%7B%22bizId%22%3A17179933680%2C%22pageId%22%3A5023389144%2C%22siteId%22%3A5005331025%7D\" id=\"detail_decorate_root\">\n<div module-id=\"5626930669\" module-title=\"detailProductNavigation\" render=\"true\" class=\"J_module\">\n<div id=\"ali-anchor-AliMagic-icq0t2\" data-section=\"AliMagic-icq0t2\" data-section-title=\"Product Description\" class=\"magic-0\">Adequado para garrafas redondas, reservat\u00f3rios circulares, etiquetas autocolantes de cilindros, adequado para garrafas PET, garrafas de pl\u00e1stico, garrafas de vidro, garrafas de metal, etiquetas de garrafas redondas, amplamente utilizado em cosm\u00e9ticos, alimentos, bebidas, farmac\u00eautica e outras ind\u00fastrias, aumenta consideravelmente a produtividade e a qualidade da etiquetagem.<\/div>\n<\/div>\n<div module-id=\"5626930670\" module-title=\"detailTextWithTitle\" render=\"true\" class=\"J_module\">\n<div class=\"detail-decorate-json-renderer-container\">\n<div class=\"magic-1\">\n<div class=\"magic-4\">\n<div class=\"magic-5\">\n<div class=\"magic-6\">\n<p class=\"magic-7\">1, ampla aplica\u00e7\u00e3o, pode atender a rotulagem de cilindros de 10-100mm de di\u00e2metro.<\/p>\n<p>2, etiquetagem final de alta precis\u00e3o, desvio do local da etiqueta inferior a 0,5 mm.<\/p>\n<p>3, o uso de alimenta\u00e7\u00e3o de dispositivo de extrus\u00e3o inteligente, basta colocar itens, puxar a al\u00e7a para completar a rotulagem.<\/p>\n<p>4, o ajuste de posi\u00e7\u00e3o, rotulagem de pe\u00e7as de trabalho diferentes interrutor simples.<\/p>\n<p>5, usando a tra\u00e7\u00e3o por correia s\u00edncrona, a estabilidade mec\u00e2nica melhorou muito.<\/p>\n<p>6, design de secret\u00e1ria, estrutura aerodin\u00e2mica, aspeto compacto, potente.<\/p>\n<p>7, utilizando a sensibilidade avan\u00e7ada de dete\u00e7\u00e3o de olho el\u00e9trico, objeto, etiqueta.<\/p>\n<p class=\"magic-7\"><\/p>\n<p class=\"magic-7\">Nota: As etiquetas precisam de reproduzir o c\u00f3digo, podem ser personalizadas.<\/p>\n<\/p><\/div>\n<\/p><\/div>\n<\/p><\/div>\n<\/p><\/div>\n<\/p><\/div>\n<\/p><\/div>\n<div module-id=\"5626930671\" module-title=\"detailTableHightLight\" render=\"true\" class=\"J_module\">\n<div class=\"ife-detail-decorate-table\">\n<table class=\"all magic-8\">\n<tbody>\n<tr>\n<td colspan=\"1\" rowspan=\"1\">\n<div class=\"magic-9\">\n        Modelo\n       <\/div>\n<\/td>\n<td colspan=\"1\" rowspan=\"1\">\n<div class=\"magic-10\">\n        DYMT-50C\n       <\/div>\n<\/td>\n<\/tr>\n<tr>\n<td colspan=\"1\" rowspan=\"1\">\n<div class=\"magic-9\">\n        Tens\u00e3o\n       <\/div>\n<\/td>\n<td colspan=\"1\" rowspan=\"1\">\n<div class=\"magic-10\">\n        AC220V\/50hz\n       <\/div>\n<\/td>\n<\/tr>\n<tr>\n<td colspan=\"1\" rowspan=\"1\">\n<div class=\"magic-9\">\n        Pot\u00eancia\n       <\/div>\n<\/td>\n<td colspan=\"1\" rowspan=\"1\">\n<div class=\"magic-10\">\n        120W\n       <\/div>\n<\/td>\n<\/tr>\n<tr>\n<td colspan=\"1\" rowspan=\"1\">\n<div class=\"magic-9\">\n        Velocidade de rotulagem\n       <\/div>\n<\/td>\n<td colspan=\"1\" rowspan=\"1\">\n<div class=\"magic-10\">\n        25-30pcs\/min\n       <\/div>\n<\/td>\n<\/tr>\n<tr>\n<td colspan=\"1\" rowspan=\"1\">\n<div class=\"magic-9\">\n        Precis\u00e3o\n       <\/div>\n<\/td>\n<td colspan=\"1\" rowspan=\"1\">\n<div class=\"magic-10\">\n        \u00b10.5\n       <\/div>\n<\/td>\n<\/tr>\n<tr>\n<td colspan=\"1\" rowspan=\"1\">\n<div class=\"magic-9\">\n        Di\u00e2metro do rolo de etiquetas\n       <\/div>\n<\/td>\n<td colspan=\"1\" rowspan=\"1\">\n<div class=\"magic-10\">\n        75-250 mm\n       <\/div>\n<\/td>\n<\/tr>\n<tr>\n<td colspan=\"1\" rowspan=\"1\">\n<div class=\"magic-9\">\n        Di\u00e2metro da garrafa\n       <\/div>\n<\/td>\n<td colspan=\"1\" rowspan=\"1\">\n<div class=\"magic-10\">\n        20-120 mm\n       <\/div>\n<\/td>\n<\/tr>\n<tr>\n<td colspan=\"1\" rowspan=\"1\">\n<div class=\"magic-9\">\n        Tamanho m\u00e1ximo da etiqueta\n       <\/div>\n<\/td>\n<td colspan=\"1\" rowspan=\"1\">\n<div class=\"magic-10\">\n        W150*L230\n       <\/div>\n<\/td>\n<\/tr>\n<tr>\n<td colspan=\"1\" rowspan=\"1\">\n<div class=\"magic-9\">\n        Tamanho da m\u00e1quina\n       <\/div>\n<\/td>\n<td colspan=\"1\" rowspan=\"1\">\n<div class=\"magic-10\">\n        650*450*450mm\n       <\/div>\n<\/td>\n<\/tr>\n<tr>\n<td colspan=\"1\" rowspan=\"1\">\n<div class=\"magic-9\">\n        Peso da m\u00e1quina\n       <\/div>\n<\/td>\n<td colspan=\"1\" rowspan=\"1\">\n<div class=\"magic-10\">\n        25 kg\n       <\/div>\n<\/td>\n<\/tr>\n<\/tbody>\n<\/table><\/div>\n<\/p><\/div>\n<div module-id=\"5626930672\" module-title=\"detailSingleImage\" render=\"true\" class=\"J_module\">\n<div class=\"icbu-pc-images magic-11\">\n<div>\n<div class=\"flex-layout-v\">\n<div class=\"flex-layout-h magic-11\">\n<div class=\"magic-12\">\n       <img decoding=\"async\" src=\"https:\/\/sc01.alicdn.com\/kf\/Hac47919e71fa48f9848759e309e6ee3e3\/64496\/Hac47919e71fa48f9848759e309e6ee3e3.jpg\" class=\"aligncenter\">\n      <\/div>\n<\/p><\/div>\n<\/p><\/div>\n<\/p><\/div>\n<\/p><\/div>\n<\/p><\/div>\n<div module-id=\"5626053882\" module-title=\"detailMultiImages\" render=\"true\" class=\"J_module\">\n<div class=\"icbu-pc-images magic-11\">\n<div>\n<div class=\"flex-layout-v\">\n<div class=\"flex-layout-h magic-11\">\n<div class=\"magic-14\">\n       <img decoding=\"async\" src=\"https:\/\/sc02.alicdn.com\/kf\/H96f535071d7f4ca6804f21631f133f64e\/64496\/H96f535071d7f4ca6804f21631f133f64e.png\" class=\"aligncenter\">\n      <\/div>\n<div class=\"magic-16\">\n       <img decoding=\"async\" src=\"https:\/\/sc02.alicdn.com\/kf\/Hd438d2e11937414dabfb615df8ad4efaw\/64496\/Hd438d2e11937414dabfb615df8ad4efaw.png\" class=\"aligncenter\">\n      <\/div>\n<div class=\"magic-16\">\n       <img decoding=\"async\" src=\"https:\/\/sc01.alicdn.com\/kf\/H705f9208ca5943d6ba928a4f7d24cc15y\/64496\/H705f9208ca5943d6ba928a4f7d24cc15y.png\" class=\"aligncenter\">\n      <\/div>\n<\/p><\/div>\n<\/p><\/div>\n<\/p><\/div>\n<\/p><\/div>\n<\/p><\/div>\n<div module-id=\"5626053883\" module-title=\"detailSingleImage\" render=\"true\" class=\"J_module\">\n<div class=\"icbu-pc-images magic-11\">\n<div>\n<div class=\"flex-layout-v\">\n<div class=\"flex-layout-h magic-11\">\n<div class=\"magic-19\">\n       <img decoding=\"async\" src=\"https:\/\/sc01.alicdn.com\/kf\/Hb5a5305f1f594eaaad8eb5cc627be03fe\/64496\/Hb5a5305f1f594eaaad8eb5cc627be03fe.png\" class=\"aligncenter\">\n      <\/div>\n<\/p><\/div>\n<\/p><\/div>\n<\/p><\/div>\n<\/p><\/div>\n<\/p><\/div>\n<\/div>","protected":false},"excerpt":{"rendered":"<p>Dymt-50c M\u00e1quina Semi Autom\u00e1tica de Rotulagem de Garrafas de Vinho para Garrafas Redondas<\/p>","protected":false},"featured_media":2636,"comment_status":"closed","ping_status":"open","template":"","meta":[],"product_brand":[],"product_cat":[99],"product_tag":[],"class_list":{"0":"post-2901","1":"product","2":"type-product","3":"status-publish","4":"has-post-thumbnail","6":"product_cat-labeling-machines","8":"first","9":"instock","10":"sale","11":"purchasable","12":"product-type-simple"},"yoast_head":"<!-- This site is optimized with the Yoast SEO Premium plugin v20.9 (Yoast SEO v26.5) - https:\/\/yoast.com\/wordpress\/plugins\/seo\/ -->\n<title>Semi-automatic round bottle labeling machine with coding code printer - ALF PACK<\/title>\n<meta name=\"robots\" content=\"index, follow, max-snippet:-1, max-image-preview:large, max-video-preview:-1\" \/>\n<link rel=\"canonical\" href=\"https:\/\/alfequipment.com\/pt\/product\/maquina-de-rotulagem-de-garrafas-redondas-semi-automatica-com-impressora-de-codigo-de-codificacao\/\" \/>\n<meta property=\"og:locale\" content=\"pt_PT\" \/>\n<meta property=\"og:type\" content=\"article\" \/>\n<meta property=\"og:title\" content=\"Semi-automatic round bottle labeling machine with coding code printer\" \/>\n<meta property=\"og:description\" content=\"Dymt-50c Semi Auto Wine Bottle Labeling Machine For Round Bottle\" \/>\n<meta property=\"og:url\" content=\"https:\/\/alfequipment.com\/pt\/product\/maquina-de-rotulagem-de-garrafas-redondas-semi-automatica-com-impressora-de-codigo-de-codificacao\/\" \/>\n<meta property=\"og:site_name\" content=\"ALF PACK\" \/>\n<meta property=\"article:modified_time\" content=\"2025-01-13T13:08:42+00:00\" \/>\n<meta property=\"og:image\" content=\"https:\/\/alfequipment.com\/wp-content\/uploads\/2025\/01\/Semi-automatic-round-bottle-labeling-machine-with.jpg\" \/>\n\t<meta property=\"og:image:width\" content=\"800\" \/>\n\t<meta property=\"og:image:height\" content=\"800\" \/>\n\t<meta property=\"og:image:type\" content=\"image\/webp\" \/>\n<meta name=\"twitter:card\" content=\"summary_large_image\" \/>\n<meta name=\"twitter:label1\" content=\"Tempo estimado de leitura\" \/>\n\t<meta name=\"twitter:data1\" content=\"1 minuto\" \/>\n<script type=\"application\/ld+json\" class=\"yoast-schema-graph\">{\"@context\":\"https:\/\/schema.org\",\"@graph\":[{\"@type\":\"WebPage\",\"@id\":\"https:\/\/alfequipment.com\/product\/semi-automatic-round-bottle-labeling-machine-with-coding-code-printer\/\",\"url\":\"https:\/\/alfequipment.com\/product\/semi-automatic-round-bottle-labeling-machine-with-coding-code-printer\/\",\"name\":\"Semi-automatic round bottle labeling machine with coding code printer - ALF PACK\",\"isPartOf\":{\"@id\":\"https:\/\/alfequipment.com\/#website\"},\"primaryImageOfPage\":{\"@id\":\"https:\/\/alfequipment.com\/product\/semi-automatic-round-bottle-labeling-machine-with-coding-code-printer\/#primaryimage\"},\"image\":{\"@id\":\"https:\/\/alfequipment.com\/product\/semi-automatic-round-bottle-labeling-machine-with-coding-code-printer\/#primaryimage\"},\"thumbnailUrl\":\"https:\/\/alfequipment.com\/wp-content\/uploads\/2025\/01\/Semi-automatic-round-bottle-labeling-machine-with.jpg\",\"datePublished\":\"2024-12-21T14:57:25+00:00\",\"dateModified\":\"2025-01-13T13:08:42+00:00\",\"breadcrumb\":{\"@id\":\"https:\/\/alfequipment.com\/product\/semi-automatic-round-bottle-labeling-machine-with-coding-code-printer\/#breadcrumb\"},\"inLanguage\":\"pt-PT\",\"potentialAction\":[{\"@type\":\"ReadAction\",\"target\":[\"https:\/\/alfequipment.com\/product\/semi-automatic-round-bottle-labeling-machine-with-coding-code-printer\/\"]}]},{\"@type\":\"ImageObject\",\"inLanguage\":\"pt-PT\",\"@id\":\"https:\/\/alfequipment.com\/product\/semi-automatic-round-bottle-labeling-machine-with-coding-code-printer\/#primaryimage\",\"url\":\"https:\/\/alfequipment.com\/wp-content\/uploads\/2025\/01\/Semi-automatic-round-bottle-labeling-machine-with.jpg\",\"contentUrl\":\"https:\/\/alfequipment.com\/wp-content\/uploads\/2025\/01\/Semi-automatic-round-bottle-labeling-machine-with.jpg\",\"width\":800,\"height\":800},{\"@type\":\"BreadcrumbList\",\"@id\":\"https:\/\/alfequipment.com\/product\/semi-automatic-round-bottle-labeling-machine-with-coding-code-printer\/#breadcrumb\",\"itemListElement\":[{\"@type\":\"ListItem\",\"position\":1,\"name\":\"Home\",\"item\":\"https:\/\/alfequipment.com\/\"},{\"@type\":\"ListItem\",\"position\":2,\"name\":\"Shop\",\"item\":\"https:\/\/alfequipment.com\/shop\/\"},{\"@type\":\"ListItem\",\"position\":3,\"name\":\"Semi-automatic round bottle labeling machine with coding code printer\"}]},{\"@type\":\"WebSite\",\"@id\":\"https:\/\/alfequipment.com\/#website\",\"url\":\"https:\/\/alfequipment.com\/\",\"name\":\"ALF PACK\",\"description\":\"\",\"publisher\":{\"@id\":\"https:\/\/alfequipment.com\/#organization\"},\"potentialAction\":[{\"@type\":\"SearchAction\",\"target\":{\"@type\":\"EntryPoint\",\"urlTemplate\":\"https:\/\/alfequipment.com\/?s={search_term_string}\"},\"query-input\":{\"@type\":\"PropertyValueSpecification\",\"valueRequired\":true,\"valueName\":\"search_term_string\"}}],\"inLanguage\":\"pt-PT\"},{\"@type\":\"Organization\",\"@id\":\"https:\/\/alfequipment.com\/#organization\",\"name\":\"ALF PACK\",\"url\":\"https:\/\/alfequipment.com\/\",\"logo\":{\"@type\":\"ImageObject\",\"inLanguage\":\"pt-PT\",\"@id\":\"https:\/\/alfequipment.com\/#\/schema\/logo\/image\/\",\"url\":\"https:\/\/alfequipment.com\/wp-content\/uploads\/2024\/11\/ALFlogo-2.webp\",\"contentUrl\":\"https:\/\/alfequipment.com\/wp-content\/uploads\/2024\/11\/ALFlogo-2.webp\",\"width\":758,\"height\":750,\"caption\":\"ALF PACK\"},\"image\":{\"@id\":\"https:\/\/alfequipment.com\/#\/schema\/logo\/image\/\"}}]}<\/script>\n<!-- \/ Yoast SEO Premium plugin. -->","yoast_head_json":{"title":"M\u00e1quina semi-autom\u00e1tica de rotulagem de garrafas redondas com impressora de c\u00f3digo de codifica\u00e7\u00e3o - ALF PACK","robots":{"index":"index","follow":"follow","max-snippet":"max-snippet:-1","max-image-preview":"max-image-preview:large","max-video-preview":"max-video-preview:-1"},"canonical":"https:\/\/alfequipment.com\/pt\/product\/maquina-de-rotulagem-de-garrafas-redondas-semi-automatica-com-impressora-de-codigo-de-codificacao\/","og_locale":"pt_PT","og_type":"article","og_title":"Semi-automatic round bottle labeling machine with coding code printer","og_description":"Dymt-50c Semi Auto Wine Bottle Labeling Machine For Round Bottle","og_url":"https:\/\/alfequipment.com\/pt\/product\/maquina-de-rotulagem-de-garrafas-redondas-semi-automatica-com-impressora-de-codigo-de-codificacao\/","og_site_name":"ALF PACK","article_modified_time":"2025-01-13T13:08:42+00:00","og_image":[{"width":800,"height":800,"url":"https:\/\/alfequipment.com\/wp-content\/uploads\/2025\/01\/Semi-automatic-round-bottle-labeling-machine-with.jpg","type":"image\/webp"}],"twitter_card":"summary_large_image","twitter_misc":{"Tempo estimado de leitura":"1 minuto"},"schema":{"@context":"https:\/\/schema.org","@graph":[{"@type":"WebPage","@id":"https:\/\/alfequipment.com\/product\/semi-automatic-round-bottle-labeling-machine-with-coding-code-printer\/","url":"https:\/\/alfequipment.com\/product\/semi-automatic-round-bottle-labeling-machine-with-coding-code-printer\/","name":"M\u00e1quina semi-autom\u00e1tica de rotulagem de garrafas redondas com impressora de c\u00f3digo de codifica\u00e7\u00e3o - ALF PACK","isPartOf":{"@id":"https:\/\/alfequipment.com\/#website"},"primaryImageOfPage":{"@id":"https:\/\/alfequipment.com\/product\/semi-automatic-round-bottle-labeling-machine-with-coding-code-printer\/#primaryimage"},"image":{"@id":"https:\/\/alfequipment.com\/product\/semi-automatic-round-bottle-labeling-machine-with-coding-code-printer\/#primaryimage"},"thumbnailUrl":"https:\/\/alfequipment.com\/wp-content\/uploads\/2025\/01\/Semi-automatic-round-bottle-labeling-machine-with.jpg","datePublished":"2024-12-21T14:57:25+00:00","dateModified":"2025-01-13T13:08:42+00:00","breadcrumb":{"@id":"https:\/\/alfequipment.com\/product\/semi-automatic-round-bottle-labeling-machine-with-coding-code-printer\/#breadcrumb"},"inLanguage":"pt-PT","potentialAction":[{"@type":"ReadAction","target":["https:\/\/alfequipment.com\/product\/semi-automatic-round-bottle-labeling-machine-with-coding-code-printer\/"]}]},{"@type":"ImageObject","inLanguage":"pt-PT","@id":"https:\/\/alfequipment.com\/product\/semi-automatic-round-bottle-labeling-machine-with-coding-code-printer\/#primaryimage","url":"https:\/\/alfequipment.com\/wp-content\/uploads\/2025\/01\/Semi-automatic-round-bottle-labeling-machine-with.jpg","contentUrl":"https:\/\/alfequipment.com\/wp-content\/uploads\/2025\/01\/Semi-automatic-round-bottle-labeling-machine-with.jpg","width":800,"height":800},{"@type":"BreadcrumbList","@id":"https:\/\/alfequipment.com\/product\/semi-automatic-round-bottle-labeling-machine-with-coding-code-printer\/#breadcrumb","itemListElement":[{"@type":"ListItem","position":1,"name":"Home","item":"https:\/\/alfequipment.com\/"},{"@type":"ListItem","position":2,"name":"Shop","item":"https:\/\/alfequipment.com\/shop\/"},{"@type":"ListItem","position":3,"name":"Semi-automatic round bottle labeling machine with coding code printer"}]},{"@type":"WebSite","@id":"https:\/\/alfequipment.com\/#website","url":"https:\/\/alfequipment.com\/","name":"PACK ALF","description":"","publisher":{"@id":"https:\/\/alfequipment.com\/#organization"},"potentialAction":[{"@type":"SearchAction","target":{"@type":"EntryPoint","urlTemplate":"https:\/\/alfequipment.com\/?s={search_term_string}"},"query-input":{"@type":"PropertyValueSpecification","valueRequired":true,"valueName":"search_term_string"}}],"inLanguage":"pt-PT"},{"@type":"Organization","@id":"https:\/\/alfequipment.com\/#organization","name":"PACK ALF","url":"https:\/\/alfequipment.com\/","logo":{"@type":"ImageObject","inLanguage":"pt-PT","@id":"https:\/\/alfequipment.com\/#\/schema\/logo\/image\/","url":"https:\/\/alfequipment.com\/wp-content\/uploads\/2024\/11\/ALFlogo-2.webp","contentUrl":"https:\/\/alfequipment.com\/wp-content\/uploads\/2024\/11\/ALFlogo-2.webp","width":758,"height":750,"caption":"ALF PACK"},"image":{"@id":"https:\/\/alfequipment.com\/#\/schema\/logo\/image\/"}}]}},"_links":{"self":[{"href":"https:\/\/alfequipment.com\/pt\/wp-json\/wp\/v2\/product\/2901","targetHints":{"allow":["GET"]}}],"collection":[{"href":"https:\/\/alfequipment.com\/pt\/wp-json\/wp\/v2\/product"}],"about":[{"href":"https:\/\/alfequipment.com\/pt\/wp-json\/wp\/v2\/types\/product"}],"replies":[{"embeddable":true,"href":"https:\/\/alfequipment.com\/pt\/wp-json\/wp\/v2\/comments?post=2901"}],"version-history":[{"count":0,"href":"https:\/\/alfequipment.com\/pt\/wp-json\/wp\/v2\/product\/2901\/revisions"}],"wp:featuredmedia":[{"embeddable":true,"href":"https:\/\/alfequipment.com\/pt\/wp-json\/wp\/v2\/media\/2636"}],"wp:attachment":[{"href":"https:\/\/alfequipment.com\/pt\/wp-json\/wp\/v2\/media?parent=2901"}],"wp:term":[{"taxonomy":"product_brand","embeddable":true,"href":"https:\/\/alfequipment.com\/pt\/wp-json\/wp\/v2\/product_brand?post=2901"},{"taxonomy":"product_cat","embeddable":true,"href":"https:\/\/alfequipment.com\/pt\/wp-json\/wp\/v2\/product_cat?post=2901"},{"taxonomy":"product_tag","embeddable":true,"href":"https:\/\/alfequipment.com\/pt\/wp-json\/wp\/v2\/product_tag?post=2901"}],"curies":[{"name":"wp","href":"https:\/\/api.w.org\/{rel}","templated":true}]}}