{"id":2906,"date":"2024-12-25T20:39:39","date_gmt":"2024-12-25T20:39:39","guid":{"rendered":"https:\/\/alfequipment.com\/product\/dzq400-2d-single-chamber-vacuum-sealer-vacuum-packaging-machine-with-gas-flushing\/"},"modified":"2025-01-13T13:08:44","modified_gmt":"2025-01-13T13:08:44","slug":"dzq400-2d-seladora-a-vacuo-de-camara-unica-maquina-de-embalagem-a-vacuo-com-descarga-de-gas","status":"publish","type":"product","link":"https:\/\/alfequipment.com\/pt\/product\/dzq400-2d-seladora-a-vacuo-de-camara-unica-maquina-de-embalagem-a-vacuo-com-descarga-de-gas\/","title":{"rendered":"DZQ400-2D Seladora a v\u00e1cuo de c\u00e2mara \u00fanica M\u00e1quina de embalagem a v\u00e1cuo com descarga de g\u00e1s"},"content":{"rendered":"<div data-magic-global=\"%7B%22bizId%22%3A17179933680%2C%22pageId%22%3A21345551333%2C%22siteId%22%3A5005331025%7D\" id=\"detail_decorate_root\">\n<div module-id=\"36719700845\" module-title=\"detailProductNavigation\" render=\"true\" class=\"J_module\">\n<div id=\"ali-anchor-AliMagic-pt570n\" data-section=\"AliMagic-pt570n\" data-section-title=\"Product Description\" class=\"magic-0\">A m\u00e1quina de selagem a v\u00e1cuo DZ400-2D \u00e9 caracterizada pelo processamento autom\u00e1tico de aspira\u00e7\u00e3o, selagem, impress\u00e3o, arrefecimento, que \u00e9 usado em embalagens a v\u00e1cuo para as ind\u00fastrias alimentar, farmac\u00eautica, aqu\u00e1tica, qu\u00edmica e eletr\u00f3nica. Pode evitar a oxida\u00e7\u00e3o e o bolor dos produtos, bem como a corros\u00e3o e a humidade, mantendo a qualidade e a frescura do produto durante um per\u00edodo de armazenamento prolongado.<\/div>\n<\/div>\n<div module-id=\"36719700847\" module-title=\"detailTableHightLight\" render=\"true\" class=\"J_module\">\n<div class=\"ife-detail-decorate-table\">\n<table class=\"all magic-8\">\n<tbody>\n<tr>\n<td colspan=\"1\" rowspan=\"1\">\n<div class=\"magic-9\">\n        Modelo\n       <\/div>\n<\/td>\n<td colspan=\"1\" rowspan=\"1\">\n<div class=\"magic-10\">\n        DZQ400-2D\n       <\/div>\n<\/td>\n<\/tr>\n<tr>\n<td colspan=\"1\" rowspan=\"1\">\n<div class=\"magic-9\">\n        Fonte de alimenta\u00e7\u00e3o\n       <\/div>\n<\/td>\n<td colspan=\"1\" rowspan=\"1\">\n<div class=\"magic-10\">\n        220V\/50Hz\n       <\/div>\n<\/td>\n<\/tr>\n<tr>\n<td colspan=\"1\" rowspan=\"1\">\n<div class=\"magic-9\">\n        Pot\u00eancia\n       <\/div>\n<\/td>\n<td colspan=\"1\" rowspan=\"1\">\n<div class=\"magic-10\">\n        1,4KW\n       <\/div>\n<\/td>\n<\/tr>\n<tr>\n<td colspan=\"1\" rowspan=\"1\">\n<div class=\"magic-9\">\n        Velocidade de selagem\n       <\/div>\n<\/td>\n<td colspan=\"1\" rowspan=\"1\">\n<div class=\"magic-10\">\n        1-4 vezes\/minuto\n       <\/div>\n<\/td>\n<\/tr>\n<tr>\n<td colspan=\"1\" rowspan=\"1\">\n<div class=\"magic-9\">\n        Tamanho da sala de trabalho\n       <\/div>\n<\/td>\n<td colspan=\"1\" rowspan=\"1\">\n<div class=\"magic-10\">\n        L435\u00d7W420\u00d7H75mm\n       <\/div>\n<\/td>\n<\/tr>\n<tr>\n<td colspan=\"1\" rowspan=\"1\">\n<div class=\"magic-9\">\n        Comprimento de veda\u00e7\u00e3o\n       <\/div>\n<\/td>\n<td colspan=\"1\" rowspan=\"1\">\n<div class=\"magic-10\">\n        400*10mm\n       <\/div>\n<\/td>\n<\/tr>\n<tr>\n<td colspan=\"1\" rowspan=\"1\">\n<div class=\"magic-9\">\n        C\u00d3DIGO SH\n       <\/div>\n<\/td>\n<td colspan=\"1\" rowspan=\"1\">\n<div class=\"magic-10\">\n        8422400090\n       <\/div>\n<\/td>\n<\/tr>\n<tr>\n<td colspan=\"1\" rowspan=\"1\">\n<div class=\"magic-9\">\n        Peso\n       <\/div>\n<\/td>\n<td colspan=\"1\" rowspan=\"1\">\n<div class=\"magic-10\">\n        80 kg\n       <\/div>\n<\/td>\n<\/tr>\n<tr>\n<td colspan=\"1\" rowspan=\"1\">\n<div class=\"magic-9\">\n        Tamanho externo\n       <\/div>\n<\/td>\n<td colspan=\"1\" rowspan=\"1\">\n<div class=\"magic-10\">\n        L540\u00d7W490*\u00d7H975mm\n       <\/div>\n<\/td>\n<\/tr>\n<\/tbody>\n<\/table><\/div>\n<\/p><\/div>\n<div module-id=\"36719700848\" module-title=\"detailSingleImage\" render=\"true\" class=\"J_module\">\n<div class=\"icbu-pc-images magic-11\">\n<div>\n<div class=\"flex-layout-v\">\n<div class=\"flex-layout-h magic-11\">\n<div class=\"magic-12\">\n       <img decoding=\"async\" src=\"https:\/\/sc04.alicdn.com\/kf\/Hfd329767085c4bb18b730a56289fdfaac\/64496\/Hfd329767085c4bb18b730a56289fdfaac.jpg\" class=\"aligncenter\">\n      <\/div>\n<\/p><\/div>\n<\/p><\/div>\n<\/p><\/div>\n<\/p><\/div>\n<\/p><\/div>\n<\/div>","protected":false},"excerpt":{"rendered":"<p>M\u00e1quina de embalagem a v\u00e1cuo de c\u00e2mara \u00fanica com enchimento de g\u00e1s<\/p>","protected":false},"featured_media":2646,"comment_status":"closed","ping_status":"open","template":"","meta":[],"product_brand":[],"product_cat":[100],"product_tag":[],"class_list":{"0":"post-2906","1":"product","2":"type-product","3":"status-publish","4":"has-post-thumbnail","6":"product_cat-vacuum-packing-machines","8":"first","9":"instock","10":"sale","11":"purchasable","12":"product-type-simple"},"yoast_head":"<!-- This site is optimized with the Yoast SEO Premium plugin v20.9 (Yoast SEO v26.5) - https:\/\/yoast.com\/wordpress\/plugins\/seo\/ -->\n<title>DZQ400-2D Single Chamber Vacuum Sealer Vacuum Packaging Machine with Gas Flushing - ALF PACK<\/title>\n<meta name=\"robots\" content=\"index, follow, max-snippet:-1, max-image-preview:large, max-video-preview:-1\" \/>\n<link rel=\"canonical\" href=\"https:\/\/alfequipment.com\/pt\/product\/dzq400-2d-seladora-a-vacuo-de-camara-unica-maquina-de-embalagem-a-vacuo-com-descarga-de-gas\/\" \/>\n<meta property=\"og:locale\" content=\"pt_PT\" \/>\n<meta property=\"og:type\" content=\"article\" \/>\n<meta property=\"og:title\" content=\"DZQ400-2D Single Chamber Vacuum Sealer Vacuum Packaging Machine with Gas Flushing\" \/>\n<meta property=\"og:description\" content=\"Single Chamber Vacuum Packaging Machine With Gas Filling\" \/>\n<meta property=\"og:url\" content=\"https:\/\/alfequipment.com\/pt\/product\/dzq400-2d-seladora-a-vacuo-de-camara-unica-maquina-de-embalagem-a-vacuo-com-descarga-de-gas\/\" \/>\n<meta property=\"og:site_name\" content=\"ALF PACK\" \/>\n<meta property=\"article:modified_time\" content=\"2025-01-13T13:08:44+00:00\" \/>\n<meta property=\"og:image\" content=\"https:\/\/alfequipment.com\/wp-content\/uploads\/2025\/01\/DZQ400-2D-Single-Chamber-Vacuum-Sealer-Vacuum.jpg\" \/>\n\t<meta property=\"og:image:width\" content=\"1000\" \/>\n\t<meta property=\"og:image:height\" content=\"1000\" \/>\n\t<meta property=\"og:image:type\" content=\"image\/webp\" \/>\n<meta name=\"twitter:card\" content=\"summary_large_image\" \/>\n<script type=\"application\/ld+json\" class=\"yoast-schema-graph\">{\"@context\":\"https:\/\/schema.org\",\"@graph\":[{\"@type\":\"WebPage\",\"@id\":\"https:\/\/alfequipment.com\/product\/dzq400-2d-single-chamber-vacuum-sealer-vacuum-packaging-machine-with-gas-flushing\/\",\"url\":\"https:\/\/alfequipment.com\/product\/dzq400-2d-single-chamber-vacuum-sealer-vacuum-packaging-machine-with-gas-flushing\/\",\"name\":\"DZQ400-2D Single Chamber Vacuum Sealer Vacuum Packaging Machine with Gas Flushing - ALF PACK\",\"isPartOf\":{\"@id\":\"https:\/\/alfequipment.com\/#website\"},\"primaryImageOfPage\":{\"@id\":\"https:\/\/alfequipment.com\/product\/dzq400-2d-single-chamber-vacuum-sealer-vacuum-packaging-machine-with-gas-flushing\/#primaryimage\"},\"image\":{\"@id\":\"https:\/\/alfequipment.com\/product\/dzq400-2d-single-chamber-vacuum-sealer-vacuum-packaging-machine-with-gas-flushing\/#primaryimage\"},\"thumbnailUrl\":\"https:\/\/alfequipment.com\/wp-content\/uploads\/2025\/01\/DZQ400-2D-Single-Chamber-Vacuum-Sealer-Vacuum.jpg\",\"datePublished\":\"2024-12-25T20:39:39+00:00\",\"dateModified\":\"2025-01-13T13:08:44+00:00\",\"breadcrumb\":{\"@id\":\"https:\/\/alfequipment.com\/product\/dzq400-2d-single-chamber-vacuum-sealer-vacuum-packaging-machine-with-gas-flushing\/#breadcrumb\"},\"inLanguage\":\"pt-PT\",\"potentialAction\":[{\"@type\":\"ReadAction\",\"target\":[\"https:\/\/alfequipment.com\/product\/dzq400-2d-single-chamber-vacuum-sealer-vacuum-packaging-machine-with-gas-flushing\/\"]}]},{\"@type\":\"ImageObject\",\"inLanguage\":\"pt-PT\",\"@id\":\"https:\/\/alfequipment.com\/product\/dzq400-2d-single-chamber-vacuum-sealer-vacuum-packaging-machine-with-gas-flushing\/#primaryimage\",\"url\":\"https:\/\/alfequipment.com\/wp-content\/uploads\/2025\/01\/DZQ400-2D-Single-Chamber-Vacuum-Sealer-Vacuum.jpg\",\"contentUrl\":\"https:\/\/alfequipment.com\/wp-content\/uploads\/2025\/01\/DZQ400-2D-Single-Chamber-Vacuum-Sealer-Vacuum.jpg\",\"width\":1000,\"height\":1000},{\"@type\":\"BreadcrumbList\",\"@id\":\"https:\/\/alfequipment.com\/product\/dzq400-2d-single-chamber-vacuum-sealer-vacuum-packaging-machine-with-gas-flushing\/#breadcrumb\",\"itemListElement\":[{\"@type\":\"ListItem\",\"position\":1,\"name\":\"Home\",\"item\":\"https:\/\/alfequipment.com\/\"},{\"@type\":\"ListItem\",\"position\":2,\"name\":\"Shop\",\"item\":\"https:\/\/alfequipment.com\/shop\/\"},{\"@type\":\"ListItem\",\"position\":3,\"name\":\"DZQ400-2D Single Chamber Vacuum Sealer Vacuum Packaging Machine with Gas Flushing\"}]},{\"@type\":\"WebSite\",\"@id\":\"https:\/\/alfequipment.com\/#website\",\"url\":\"https:\/\/alfequipment.com\/\",\"name\":\"ALF PACK\",\"description\":\"\",\"publisher\":{\"@id\":\"https:\/\/alfequipment.com\/#organization\"},\"potentialAction\":[{\"@type\":\"SearchAction\",\"target\":{\"@type\":\"EntryPoint\",\"urlTemplate\":\"https:\/\/alfequipment.com\/?s={search_term_string}\"},\"query-input\":{\"@type\":\"PropertyValueSpecification\",\"valueRequired\":true,\"valueName\":\"search_term_string\"}}],\"inLanguage\":\"pt-PT\"},{\"@type\":\"Organization\",\"@id\":\"https:\/\/alfequipment.com\/#organization\",\"name\":\"ALF PACK\",\"url\":\"https:\/\/alfequipment.com\/\",\"logo\":{\"@type\":\"ImageObject\",\"inLanguage\":\"pt-PT\",\"@id\":\"https:\/\/alfequipment.com\/#\/schema\/logo\/image\/\",\"url\":\"https:\/\/alfequipment.com\/wp-content\/uploads\/2024\/11\/ALFlogo-2.webp\",\"contentUrl\":\"https:\/\/alfequipment.com\/wp-content\/uploads\/2024\/11\/ALFlogo-2.webp\",\"width\":758,\"height\":750,\"caption\":\"ALF PACK\"},\"image\":{\"@id\":\"https:\/\/alfequipment.com\/#\/schema\/logo\/image\/\"}}]}<\/script>\n<!-- \/ Yoast SEO Premium plugin. -->","yoast_head_json":{"title":"DZQ400-2D Seladora a v\u00e1cuo de c\u00e2mara \u00fanica M\u00e1quina de embalagem a v\u00e1cuo com descarga de g\u00e1s - ALF PACK","robots":{"index":"index","follow":"follow","max-snippet":"max-snippet:-1","max-image-preview":"max-image-preview:large","max-video-preview":"max-video-preview:-1"},"canonical":"https:\/\/alfequipment.com\/pt\/product\/dzq400-2d-seladora-a-vacuo-de-camara-unica-maquina-de-embalagem-a-vacuo-com-descarga-de-gas\/","og_locale":"pt_PT","og_type":"article","og_title":"DZQ400-2D Single Chamber Vacuum Sealer Vacuum Packaging Machine with Gas Flushing","og_description":"Single Chamber Vacuum Packaging Machine With Gas Filling","og_url":"https:\/\/alfequipment.com\/pt\/product\/dzq400-2d-seladora-a-vacuo-de-camara-unica-maquina-de-embalagem-a-vacuo-com-descarga-de-gas\/","og_site_name":"ALF PACK","article_modified_time":"2025-01-13T13:08:44+00:00","og_image":[{"width":1000,"height":1000,"url":"https:\/\/alfequipment.com\/wp-content\/uploads\/2025\/01\/DZQ400-2D-Single-Chamber-Vacuum-Sealer-Vacuum.jpg","type":"image\/webp"}],"twitter_card":"summary_large_image","schema":{"@context":"https:\/\/schema.org","@graph":[{"@type":"WebPage","@id":"https:\/\/alfequipment.com\/product\/dzq400-2d-single-chamber-vacuum-sealer-vacuum-packaging-machine-with-gas-flushing\/","url":"https:\/\/alfequipment.com\/product\/dzq400-2d-single-chamber-vacuum-sealer-vacuum-packaging-machine-with-gas-flushing\/","name":"DZQ400-2D Seladora a v\u00e1cuo de c\u00e2mara \u00fanica M\u00e1quina de embalagem a v\u00e1cuo com descarga de g\u00e1s - ALF PACK","isPartOf":{"@id":"https:\/\/alfequipment.com\/#website"},"primaryImageOfPage":{"@id":"https:\/\/alfequipment.com\/product\/dzq400-2d-single-chamber-vacuum-sealer-vacuum-packaging-machine-with-gas-flushing\/#primaryimage"},"image":{"@id":"https:\/\/alfequipment.com\/product\/dzq400-2d-single-chamber-vacuum-sealer-vacuum-packaging-machine-with-gas-flushing\/#primaryimage"},"thumbnailUrl":"https:\/\/alfequipment.com\/wp-content\/uploads\/2025\/01\/DZQ400-2D-Single-Chamber-Vacuum-Sealer-Vacuum.jpg","datePublished":"2024-12-25T20:39:39+00:00","dateModified":"2025-01-13T13:08:44+00:00","breadcrumb":{"@id":"https:\/\/alfequipment.com\/product\/dzq400-2d-single-chamber-vacuum-sealer-vacuum-packaging-machine-with-gas-flushing\/#breadcrumb"},"inLanguage":"pt-PT","potentialAction":[{"@type":"ReadAction","target":["https:\/\/alfequipment.com\/product\/dzq400-2d-single-chamber-vacuum-sealer-vacuum-packaging-machine-with-gas-flushing\/"]}]},{"@type":"ImageObject","inLanguage":"pt-PT","@id":"https:\/\/alfequipment.com\/product\/dzq400-2d-single-chamber-vacuum-sealer-vacuum-packaging-machine-with-gas-flushing\/#primaryimage","url":"https:\/\/alfequipment.com\/wp-content\/uploads\/2025\/01\/DZQ400-2D-Single-Chamber-Vacuum-Sealer-Vacuum.jpg","contentUrl":"https:\/\/alfequipment.com\/wp-content\/uploads\/2025\/01\/DZQ400-2D-Single-Chamber-Vacuum-Sealer-Vacuum.jpg","width":1000,"height":1000},{"@type":"BreadcrumbList","@id":"https:\/\/alfequipment.com\/product\/dzq400-2d-single-chamber-vacuum-sealer-vacuum-packaging-machine-with-gas-flushing\/#breadcrumb","itemListElement":[{"@type":"ListItem","position":1,"name":"Home","item":"https:\/\/alfequipment.com\/"},{"@type":"ListItem","position":2,"name":"Shop","item":"https:\/\/alfequipment.com\/shop\/"},{"@type":"ListItem","position":3,"name":"DZQ400-2D Single Chamber Vacuum Sealer Vacuum Packaging Machine with Gas Flushing"}]},{"@type":"WebSite","@id":"https:\/\/alfequipment.com\/#website","url":"https:\/\/alfequipment.com\/","name":"PACK ALF","description":"","publisher":{"@id":"https:\/\/alfequipment.com\/#organization"},"potentialAction":[{"@type":"SearchAction","target":{"@type":"EntryPoint","urlTemplate":"https:\/\/alfequipment.com\/?s={search_term_string}"},"query-input":{"@type":"PropertyValueSpecification","valueRequired":true,"valueName":"search_term_string"}}],"inLanguage":"pt-PT"},{"@type":"Organization","@id":"https:\/\/alfequipment.com\/#organization","name":"PACK ALF","url":"https:\/\/alfequipment.com\/","logo":{"@type":"ImageObject","inLanguage":"pt-PT","@id":"https:\/\/alfequipment.com\/#\/schema\/logo\/image\/","url":"https:\/\/alfequipment.com\/wp-content\/uploads\/2024\/11\/ALFlogo-2.webp","contentUrl":"https:\/\/alfequipment.com\/wp-content\/uploads\/2024\/11\/ALFlogo-2.webp","width":758,"height":750,"caption":"ALF PACK"},"image":{"@id":"https:\/\/alfequipment.com\/#\/schema\/logo\/image\/"}}]}},"_links":{"self":[{"href":"https:\/\/alfequipment.com\/pt\/wp-json\/wp\/v2\/product\/2906","targetHints":{"allow":["GET"]}}],"collection":[{"href":"https:\/\/alfequipment.com\/pt\/wp-json\/wp\/v2\/product"}],"about":[{"href":"https:\/\/alfequipment.com\/pt\/wp-json\/wp\/v2\/types\/product"}],"replies":[{"embeddable":true,"href":"https:\/\/alfequipment.com\/pt\/wp-json\/wp\/v2\/comments?post=2906"}],"version-history":[{"count":0,"href":"https:\/\/alfequipment.com\/pt\/wp-json\/wp\/v2\/product\/2906\/revisions"}],"wp:featuredmedia":[{"embeddable":true,"href":"https:\/\/alfequipment.com\/pt\/wp-json\/wp\/v2\/media\/2646"}],"wp:attachment":[{"href":"https:\/\/alfequipment.com\/pt\/wp-json\/wp\/v2\/media?parent=2906"}],"wp:term":[{"taxonomy":"product_brand","embeddable":true,"href":"https:\/\/alfequipment.com\/pt\/wp-json\/wp\/v2\/product_brand?post=2906"},{"taxonomy":"product_cat","embeddable":true,"href":"https:\/\/alfequipment.com\/pt\/wp-json\/wp\/v2\/product_cat?post=2906"},{"taxonomy":"product_tag","embeddable":true,"href":"https:\/\/alfequipment.com\/pt\/wp-json\/wp\/v2\/product_tag?post=2906"}],"curies":[{"name":"wp","href":"https:\/\/api.w.org\/{rel}","templated":true}]}}