{"id":2907,"date":"2025-01-05T15:23:50","date_gmt":"2025-01-05T15:23:50","guid":{"rendered":"https:\/\/alfequipment.com\/product\/extra-long-hand-800mm-31-aluminium-impulse-sealing-machine-impulse-bag-sealer\/"},"modified":"2025-01-13T14:53:11","modified_gmt":"2025-01-13T14:53:11","slug":"maquina-de-selagem-por-impulso-de-aluminio-de-800-mm-31-de-comprimento-extra-longo-seladora-de-sacos-por-impulso","status":"publish","type":"product","link":"https:\/\/alfequipment.com\/pt\/product\/maquina-de-selagem-por-impulso-de-aluminio-de-800-mm-31-de-comprimento-extra-longo-seladora-de-sacos-por-impulso\/","title":{"rendered":"M\u00e1quina de selagem por impulso de alum\u00ednio de 800 mm 31\u2033 com m\u00e3o extra longa Seladora de sacos por impulso"},"content":{"rendered":"<p>Esta s\u00e9rie de seladoras \u00e9 f\u00e1cil de operar com o tempo de aquecimento ajust\u00e1vel e adequada para selar v\u00e1rias pel\u00edculas de pl\u00e1stico, come\u00e7a a funcionar apenas ligando a fonte de alimenta\u00e7\u00e3o.<\/p>\n<p>&nbsp;<\/p>\n<table class=\"aliDataTable\" style=\"width: 80%;\" border=\"1\">\n<tbody>\n<tr>\n<td>Modelo<\/td>\n<td><span style=\"font-family: Verdana, Arial, Helvetica, sans-serif; line-height: normal; color: #000000;\">LFS-600<\/span><\/td>\n<td><strong><span style=\"font-family: Verdana, Arial, Helvetica, sans-serif; line-height: normal;\">LFS-800<\/span><\/strong><\/td>\n<\/tr>\n<tr>\n<td>Tens\u00e3o<\/td>\n<td colspan=\"2\">&nbsp; &nbsp; &nbsp; &nbsp; &nbsp; &nbsp; &nbsp; &nbsp; &nbsp; &nbsp; &nbsp; &nbsp; &nbsp; &nbsp; &nbsp; <span style=\"color: #000000;\">AC 220V\/50HZ 110V\/60HZ&nbsp;<\/span><\/td>\n<\/tr>\n<tr>\n<td>Pot\u00eancia de impulso<\/td>\n<td><span style=\"color: #000000;\">780W<\/span><\/td>\n<td>&nbsp;1050W<\/td>\n<\/tr>\n<tr>\n<td>Comprimento de veda\u00e7\u00e3o<\/td>\n<td>\n<p><span style=\"color: #000000;\">600 mm<\/span><\/p>\n<\/td>\n<td>&nbsp;800 mm<\/td>\n<\/tr>\n<tr>\n<td><span style=\"font-family: Verdana, Arial, Helvetica, sans-serif; line-height: normal;\">Tempo de aquecimento<\/span><\/td>\n<td><span style=\"color: #ff0000;\">&nbsp;<span style=\"color: #000000;\">0,2-1,3 seg.<\/span><\/span><\/td>\n<td>&nbsp;<span style=\"font-family: Verdana, Arial, Helvetica, sans-serif; line-height: normal;\">0,2-1,3 seg.<\/span><\/td>\n<\/tr>\n<tr>\n<td><span style=\"font-family: Verdana, Arial, Helvetica, sans-serif; line-height: normal;\">Dimens\u00e3o<\/span><\/td>\n<td><span style=\"color: #000000;\">&nbsp;870x145x270mm<\/span><\/td>\n<td>&nbsp;1100x145x270mm<\/td>\n<\/tr>\n<tr>\n<td>L\u00edquido&nbsp;<span style=\"font-family: Verdana, Arial, Helvetica, sans-serif; line-height: normal;\">Peso<\/span><\/td>\n<td><span style=\"color: #000000;\">&nbsp;6 kg<\/span><\/td>\n<td>&nbsp;8 kg<\/td>\n<\/tr>\n<tr>\n<td>Peso bruto<\/td>\n<td><span style=\"color: #000000;\">&nbsp;7 kg<\/span><\/td>\n<td>&nbsp;9 kg<\/td>\n<\/tr>\n<\/tbody>\n<\/table>\n<p>&nbsp;<\/p>","protected":false},"excerpt":{"rendered":"<p>M\u00e1quina de selagem por impulso de alum\u00ednio de 31\u2033.<\/p>","protected":false},"featured_media":2648,"comment_status":"closed","ping_status":"open","template":"","meta":[],"product_brand":[],"product_cat":[118,97],"product_tag":[],"class_list":{"0":"post-2907","1":"product","2":"type-product","3":"status-publish","4":"has-post-thumbnail","6":"product_cat-hand-foot-sealing-machine","7":"product_cat-sealing-machines","9":"first","10":"instock","11":"sale","12":"purchasable","13":"product-type-simple"},"yoast_head":"<!-- This site is optimized with the Yoast SEO Premium plugin v20.9 (Yoast SEO v26.5) - https:\/\/yoast.com\/wordpress\/plugins\/seo\/ -->\n<title>Extra Long Hand 800mm 31&quot; Aluminium Impulse sealing machine Impulse Bag Sealer - ALF PACK<\/title>\n<meta name=\"robots\" content=\"index, follow, max-snippet:-1, max-image-preview:large, max-video-preview:-1\" \/>\n<link rel=\"canonical\" href=\"https:\/\/alfequipment.com\/pt\/product\/maquina-de-selagem-por-impulso-de-aluminio-de-800-mm-31-de-comprimento-extra-longo-seladora-de-sacos-por-impulso\/\" \/>\n<meta property=\"og:locale\" content=\"pt_PT\" \/>\n<meta property=\"og:type\" content=\"article\" \/>\n<meta property=\"og:title\" content=\"Extra Long Hand 800mm 31&quot; Aluminium Impulse sealing machine Impulse Bag Sealer\" \/>\n<meta property=\"og:description\" content=\"31&quot; Aluminium Impulse Sealing Machine\" \/>\n<meta property=\"og:url\" content=\"https:\/\/alfequipment.com\/pt\/product\/maquina-de-selagem-por-impulso-de-aluminio-de-800-mm-31-de-comprimento-extra-longo-seladora-de-sacos-por-impulso\/\" \/>\n<meta property=\"og:site_name\" content=\"ALF PACK\" \/>\n<meta property=\"article:modified_time\" content=\"2025-01-13T14:53:11+00:00\" \/>\n<meta property=\"og:image\" content=\"https:\/\/alfequipment.com\/wp-content\/uploads\/2025\/01\/Extra-Long-Hand-800mm-31-Aluminium-Impulse.jpg\" \/>\n\t<meta property=\"og:image:width\" content=\"800\" \/>\n\t<meta property=\"og:image:height\" content=\"800\" \/>\n\t<meta property=\"og:image:type\" content=\"image\/webp\" \/>\n<meta name=\"twitter:card\" content=\"summary_large_image\" \/>\n<script type=\"application\/ld+json\" class=\"yoast-schema-graph\">{\"@context\":\"https:\/\/schema.org\",\"@graph\":[{\"@type\":\"WebPage\",\"@id\":\"https:\/\/alfequipment.com\/product\/extra-long-hand-800mm-31-aluminium-impulse-sealing-machine-impulse-bag-sealer\/\",\"url\":\"https:\/\/alfequipment.com\/product\/extra-long-hand-800mm-31-aluminium-impulse-sealing-machine-impulse-bag-sealer\/\",\"name\":\"Extra Long Hand 800mm 31\\\" Aluminium Impulse sealing machine Impulse Bag Sealer - ALF PACK\",\"isPartOf\":{\"@id\":\"https:\/\/alfequipment.com\/#website\"},\"primaryImageOfPage\":{\"@id\":\"https:\/\/alfequipment.com\/product\/extra-long-hand-800mm-31-aluminium-impulse-sealing-machine-impulse-bag-sealer\/#primaryimage\"},\"image\":{\"@id\":\"https:\/\/alfequipment.com\/product\/extra-long-hand-800mm-31-aluminium-impulse-sealing-machine-impulse-bag-sealer\/#primaryimage\"},\"thumbnailUrl\":\"https:\/\/alfequipment.com\/wp-content\/uploads\/2025\/01\/Extra-Long-Hand-800mm-31-Aluminium-Impulse.jpg\",\"datePublished\":\"2025-01-05T15:23:50+00:00\",\"dateModified\":\"2025-01-13T14:53:11+00:00\",\"breadcrumb\":{\"@id\":\"https:\/\/alfequipment.com\/product\/extra-long-hand-800mm-31-aluminium-impulse-sealing-machine-impulse-bag-sealer\/#breadcrumb\"},\"inLanguage\":\"pt-PT\",\"potentialAction\":[{\"@type\":\"ReadAction\",\"target\":[\"https:\/\/alfequipment.com\/product\/extra-long-hand-800mm-31-aluminium-impulse-sealing-machine-impulse-bag-sealer\/\"]}]},{\"@type\":\"ImageObject\",\"inLanguage\":\"pt-PT\",\"@id\":\"https:\/\/alfequipment.com\/product\/extra-long-hand-800mm-31-aluminium-impulse-sealing-machine-impulse-bag-sealer\/#primaryimage\",\"url\":\"https:\/\/alfequipment.com\/wp-content\/uploads\/2025\/01\/Extra-Long-Hand-800mm-31-Aluminium-Impulse.jpg\",\"contentUrl\":\"https:\/\/alfequipment.com\/wp-content\/uploads\/2025\/01\/Extra-Long-Hand-800mm-31-Aluminium-Impulse.jpg\",\"width\":800,\"height\":800},{\"@type\":\"BreadcrumbList\",\"@id\":\"https:\/\/alfequipment.com\/product\/extra-long-hand-800mm-31-aluminium-impulse-sealing-machine-impulse-bag-sealer\/#breadcrumb\",\"itemListElement\":[{\"@type\":\"ListItem\",\"position\":1,\"name\":\"Home\",\"item\":\"https:\/\/alfequipment.com\/\"},{\"@type\":\"ListItem\",\"position\":2,\"name\":\"Shop\",\"item\":\"https:\/\/alfequipment.com\/shop\/\"},{\"@type\":\"ListItem\",\"position\":3,\"name\":\"Extra Long Hand 800mm 31&#8243; Aluminium Impulse sealing machine Impulse Bag Sealer\"}]},{\"@type\":\"WebSite\",\"@id\":\"https:\/\/alfequipment.com\/#website\",\"url\":\"https:\/\/alfequipment.com\/\",\"name\":\"ALF PACK\",\"description\":\"\",\"publisher\":{\"@id\":\"https:\/\/alfequipment.com\/#organization\"},\"potentialAction\":[{\"@type\":\"SearchAction\",\"target\":{\"@type\":\"EntryPoint\",\"urlTemplate\":\"https:\/\/alfequipment.com\/?s={search_term_string}\"},\"query-input\":{\"@type\":\"PropertyValueSpecification\",\"valueRequired\":true,\"valueName\":\"search_term_string\"}}],\"inLanguage\":\"pt-PT\"},{\"@type\":\"Organization\",\"@id\":\"https:\/\/alfequipment.com\/#organization\",\"name\":\"ALF PACK\",\"url\":\"https:\/\/alfequipment.com\/\",\"logo\":{\"@type\":\"ImageObject\",\"inLanguage\":\"pt-PT\",\"@id\":\"https:\/\/alfequipment.com\/#\/schema\/logo\/image\/\",\"url\":\"https:\/\/alfequipment.com\/wp-content\/uploads\/2024\/11\/ALFlogo-2.webp\",\"contentUrl\":\"https:\/\/alfequipment.com\/wp-content\/uploads\/2024\/11\/ALFlogo-2.webp\",\"width\":758,\"height\":750,\"caption\":\"ALF PACK\"},\"image\":{\"@id\":\"https:\/\/alfequipment.com\/#\/schema\/logo\/image\/\"}}]}<\/script>\n<!-- \/ Yoast SEO Premium plugin. -->","yoast_head_json":{"title":"M\u00e1quina de selagem por impulso extra longa 800mm 31\" em alum\u00ednio Seladora de sacos por impulso - ALF PACK","robots":{"index":"index","follow":"follow","max-snippet":"max-snippet:-1","max-image-preview":"max-image-preview:large","max-video-preview":"max-video-preview:-1"},"canonical":"https:\/\/alfequipment.com\/pt\/product\/maquina-de-selagem-por-impulso-de-aluminio-de-800-mm-31-de-comprimento-extra-longo-seladora-de-sacos-por-impulso\/","og_locale":"pt_PT","og_type":"article","og_title":"Extra Long Hand 800mm 31\" Aluminium Impulse sealing machine Impulse Bag Sealer","og_description":"31\" Aluminium Impulse Sealing Machine","og_url":"https:\/\/alfequipment.com\/pt\/product\/maquina-de-selagem-por-impulso-de-aluminio-de-800-mm-31-de-comprimento-extra-longo-seladora-de-sacos-por-impulso\/","og_site_name":"ALF PACK","article_modified_time":"2025-01-13T14:53:11+00:00","og_image":[{"width":800,"height":800,"url":"https:\/\/alfequipment.com\/wp-content\/uploads\/2025\/01\/Extra-Long-Hand-800mm-31-Aluminium-Impulse.jpg","type":"image\/webp"}],"twitter_card":"summary_large_image","schema":{"@context":"https:\/\/schema.org","@graph":[{"@type":"WebPage","@id":"https:\/\/alfequipment.com\/product\/extra-long-hand-800mm-31-aluminium-impulse-sealing-machine-impulse-bag-sealer\/","url":"https:\/\/alfequipment.com\/product\/extra-long-hand-800mm-31-aluminium-impulse-sealing-machine-impulse-bag-sealer\/","name":"M\u00e1quina de selagem por impulso extra longa 800mm 31\" em alum\u00ednio Seladora de sacos por impulso - ALF PACK","isPartOf":{"@id":"https:\/\/alfequipment.com\/#website"},"primaryImageOfPage":{"@id":"https:\/\/alfequipment.com\/product\/extra-long-hand-800mm-31-aluminium-impulse-sealing-machine-impulse-bag-sealer\/#primaryimage"},"image":{"@id":"https:\/\/alfequipment.com\/product\/extra-long-hand-800mm-31-aluminium-impulse-sealing-machine-impulse-bag-sealer\/#primaryimage"},"thumbnailUrl":"https:\/\/alfequipment.com\/wp-content\/uploads\/2025\/01\/Extra-Long-Hand-800mm-31-Aluminium-Impulse.jpg","datePublished":"2025-01-05T15:23:50+00:00","dateModified":"2025-01-13T14:53:11+00:00","breadcrumb":{"@id":"https:\/\/alfequipment.com\/product\/extra-long-hand-800mm-31-aluminium-impulse-sealing-machine-impulse-bag-sealer\/#breadcrumb"},"inLanguage":"pt-PT","potentialAction":[{"@type":"ReadAction","target":["https:\/\/alfequipment.com\/product\/extra-long-hand-800mm-31-aluminium-impulse-sealing-machine-impulse-bag-sealer\/"]}]},{"@type":"ImageObject","inLanguage":"pt-PT","@id":"https:\/\/alfequipment.com\/product\/extra-long-hand-800mm-31-aluminium-impulse-sealing-machine-impulse-bag-sealer\/#primaryimage","url":"https:\/\/alfequipment.com\/wp-content\/uploads\/2025\/01\/Extra-Long-Hand-800mm-31-Aluminium-Impulse.jpg","contentUrl":"https:\/\/alfequipment.com\/wp-content\/uploads\/2025\/01\/Extra-Long-Hand-800mm-31-Aluminium-Impulse.jpg","width":800,"height":800},{"@type":"BreadcrumbList","@id":"https:\/\/alfequipment.com\/product\/extra-long-hand-800mm-31-aluminium-impulse-sealing-machine-impulse-bag-sealer\/#breadcrumb","itemListElement":[{"@type":"ListItem","position":1,"name":"Home","item":"https:\/\/alfequipment.com\/"},{"@type":"ListItem","position":2,"name":"Shop","item":"https:\/\/alfequipment.com\/shop\/"},{"@type":"ListItem","position":3,"name":"Extra Long Hand 800mm 31&#8243; Aluminium Impulse sealing machine Impulse Bag Sealer"}]},{"@type":"WebSite","@id":"https:\/\/alfequipment.com\/#website","url":"https:\/\/alfequipment.com\/","name":"PACK ALF","description":"","publisher":{"@id":"https:\/\/alfequipment.com\/#organization"},"potentialAction":[{"@type":"SearchAction","target":{"@type":"EntryPoint","urlTemplate":"https:\/\/alfequipment.com\/?s={search_term_string}"},"query-input":{"@type":"PropertyValueSpecification","valueRequired":true,"valueName":"search_term_string"}}],"inLanguage":"pt-PT"},{"@type":"Organization","@id":"https:\/\/alfequipment.com\/#organization","name":"PACK ALF","url":"https:\/\/alfequipment.com\/","logo":{"@type":"ImageObject","inLanguage":"pt-PT","@id":"https:\/\/alfequipment.com\/#\/schema\/logo\/image\/","url":"https:\/\/alfequipment.com\/wp-content\/uploads\/2024\/11\/ALFlogo-2.webp","contentUrl":"https:\/\/alfequipment.com\/wp-content\/uploads\/2024\/11\/ALFlogo-2.webp","width":758,"height":750,"caption":"ALF PACK"},"image":{"@id":"https:\/\/alfequipment.com\/#\/schema\/logo\/image\/"}}]}},"_links":{"self":[{"href":"https:\/\/alfequipment.com\/pt\/wp-json\/wp\/v2\/product\/2907","targetHints":{"allow":["GET"]}}],"collection":[{"href":"https:\/\/alfequipment.com\/pt\/wp-json\/wp\/v2\/product"}],"about":[{"href":"https:\/\/alfequipment.com\/pt\/wp-json\/wp\/v2\/types\/product"}],"replies":[{"embeddable":true,"href":"https:\/\/alfequipment.com\/pt\/wp-json\/wp\/v2\/comments?post=2907"}],"version-history":[{"count":0,"href":"https:\/\/alfequipment.com\/pt\/wp-json\/wp\/v2\/product\/2907\/revisions"}],"wp:featuredmedia":[{"embeddable":true,"href":"https:\/\/alfequipment.com\/pt\/wp-json\/wp\/v2\/media\/2648"}],"wp:attachment":[{"href":"https:\/\/alfequipment.com\/pt\/wp-json\/wp\/v2\/media?parent=2907"}],"wp:term":[{"taxonomy":"product_brand","embeddable":true,"href":"https:\/\/alfequipment.com\/pt\/wp-json\/wp\/v2\/product_brand?post=2907"},{"taxonomy":"product_cat","embeddable":true,"href":"https:\/\/alfequipment.com\/pt\/wp-json\/wp\/v2\/product_cat?post=2907"},{"taxonomy":"product_tag","embeddable":true,"href":"https:\/\/alfequipment.com\/pt\/wp-json\/wp\/v2\/product_tag?post=2907"}],"curies":[{"name":"wp","href":"https:\/\/api.w.org\/{rel}","templated":true}]}}