{"id":2909,"date":"2024-12-25T15:34:04","date_gmt":"2024-12-25T15:34:04","guid":{"rendered":"https:\/\/alfequipment.com\/product\/dql6560peg-automatic-wrapping-machine-vertical-type-l-bar-sealing-and-cutting-machine\/"},"modified":"2025-01-13T13:08:46","modified_gmt":"2025-01-13T13:08:46","slug":"dql6560peg-maquina-de-embalagem-automatica-maquina-de-corte-e-selagem-de-barras-tipo-l-vertical","status":"publish","type":"product","link":"https:\/\/alfequipment.com\/pt\/product\/dql6560peg-maquina-de-embalagem-automatica-maquina-de-corte-e-selagem-de-barras-tipo-l-vertical\/","title":{"rendered":"DQL6560PEG M\u00e1quina de embrulho autom\u00e1tica M\u00e1quina de corte e selagem de barras tipo L vertical"},"content":{"rendered":"<div data-magic-global=\"%7B%22bizId%22%3A17179933680%2C%22pageId%22%3A21272320457%2C%22siteId%22%3A5005331025%7D\" id=\"detail_decorate_root\">\n<div module-id=\"35052554831\" module-title=\"detailProductNavigation\" render=\"true\" class=\"J_module\">\n<div id=\"ali-anchor-AliMagic-g61xh6\" data-section=\"AliMagic-g61xh6\" data-section-title=\"Product Description\" class=\"magic-0\">1. A l\u00e2mina de selagem adopta liga de cobre pulverizada com Teflon, n\u00e3o cola a pel\u00edcula, \u00e9 r\u00e1pida na selagem, n\u00e3o produz fumo, n\u00e3o polui. A faca de selagem horizontal e vertical adopta uma liga\u00e7\u00e3o completa sem folga, a pel\u00edcula n\u00e3o se parte. A estrutura de selagem adopta uma liga de a\u00e7o de alta qualidade, a qualidade da selagem \u00e9 est\u00e1vel, a estrutura \u00e9 dif\u00edcil de danificar.<\/div>\n<\/div>\n<div module-id=\"35052554832\" module-title=\"detailTextWithTitle\" render=\"true\" class=\"J_module\">\n<div class=\"detail-decorate-json-renderer-container\">\n<div class=\"magic-1\">\n<div class=\"magic-4\">\n<div class=\"magic-5\">\n<div class=\"magic-6\">\n<p class=\"magic-7\">2. A m\u00e1quina de embrulhar tem todo o sistema autom\u00e1tico, est\u00e1 equipada com sensores e pode atingir alta velocidade de trabalho autom\u00e1tico.<\/p>\n<p>3. Esta m\u00e1quina de selagem e corte \u00e9 conveniente para ajustar de acordo com produtos de diferentes tamanhos, basta ajustar a roda da al\u00e7a pode alcan\u00e7\u00e1-lo, a opera\u00e7\u00e3o \u00e9 f\u00e1cil.<\/p>\n<p>4. Pode ser ligado \u00e0 linha de produ\u00e7\u00e3o.<\/p>\n<p>5. Tem uma fun\u00e7\u00e3o de prote\u00e7\u00e3o para evitar a selagem incorrecta do produto e garantir a seguran\u00e7a do operador<\/p>\n<p>Aplica\u00e7\u00e3o:<br \/>Esta m\u00e1quina \u00e9 amplamente utilizada em g\u00e9neros aliment\u00edcios, bebidas, impress\u00e3o, produtos farmac\u00eauticos, pavimentos, hardware, <span>caixa de sapatos e outros <span>Produtos el\u00e9ctricos para empresas<\/span><\/span>. \u00c9 adequado para material de embalagem PE.<\/p>\n<\/p><\/div>\n<\/p><\/div>\n<\/p><\/div>\n<\/p><\/div>\n<\/p><\/div>\n<\/p><\/div>\n<div module-id=\"35052554833\" module-title=\"detailTableHightLight\" render=\"true\" class=\"J_module\">\n<div class=\"ife-detail-decorate-table\">\n<table class=\"all magic-8\">\n<tbody>\n<tr>\n<td colspan=\"1\" rowspan=\"1\">\n<div class=\"magic-9\">\n        Modelo\n       <\/div>\n<\/td>\n<td colspan=\"1\" rowspan=\"1\">\n<div class=\"magic-10\">\n        DQL6560PEG\n       <\/div>\n<\/td>\n<\/tr>\n<tr>\n<td colspan=\"1\" rowspan=\"1\">\n<div class=\"magic-9\">\n        Tamanho m\u00e1ximo da embalagem (\u00e3)\n       <\/div>\n<\/td>\n<td colspan=\"1\" rowspan=\"1\">\n<div class=\"magic-10\">\n        L+2H\u2264650, W+2H\u2264550, H\u2264220\n       <\/div>\n<\/td>\n<\/tr>\n<tr>\n<td colspan=\"1\" rowspan=\"1\">\n<div class=\"magic-9\">\n        Tamanho m\u00e1ximo de veda\u00e7\u00e3o (\u00e3)\n       <\/div>\n<\/td>\n<td colspan=\"1\" rowspan=\"1\">\n<div class=\"magic-10\">\n        L650\u00d7W600\n       <\/div>\n<\/td>\n<\/tr>\n<tr>\n<td colspan=\"1\" rowspan=\"1\">\n<div class=\"magic-9\">\n        Pot\u00eancia (KW)\n       <\/div>\n<\/td>\n<td colspan=\"1\" rowspan=\"1\">\n<div class=\"magic-10\">\n        2.2\n       <\/div>\n<\/td>\n<\/tr>\n<tr>\n<td colspan=\"1\" rowspan=\"1\">\n<div class=\"magic-9\">\n        Capacidade\n       <\/div>\n<\/td>\n<td colspan=\"1\" rowspan=\"1\">\n<div class=\"magic-10\">\n        0-30 pcs\/min\n       <\/div>\n<\/td>\n<\/tr>\n<tr>\n<td colspan=\"1\" rowspan=\"1\">\n<div class=\"magic-9\">\n        Tens\u00e3o\n       <\/div>\n<\/td>\n<td colspan=\"1\" rowspan=\"1\">\n<div class=\"magic-10\">\n        220V 50\/60HZ\n       <\/div>\n<\/td>\n<\/tr>\n<tr>\n<td colspan=\"1\" rowspan=\"1\">\n<div class=\"magic-9\">\n        Temperatura de selagem\n       <\/div>\n<\/td>\n<td colspan=\"1\" rowspan=\"1\">\n<div class=\"magic-10\">\n        115\u00e2-150\u00e2 depende da espessura da pel\u00edcula e da temperatura ambiente\n       <\/div>\n<\/td>\n<\/tr>\n<tr>\n<td colspan=\"1\" rowspan=\"1\">\n<div class=\"magic-9\">\n        Press\u00e3o atmosf\u00e9rica (Kg\/cm2) )\n       <\/div>\n<\/td>\n<td colspan=\"1\" rowspan=\"1\">\n<div class=\"magic-10\">\n        5-6\n       <\/div>\n<\/td>\n<\/tr>\n<tr>\n<td colspan=\"1\" rowspan=\"1\">\n<div class=\"magic-9\">\n        Material de embalagem\n       <\/div>\n<\/td>\n<td colspan=\"1\" rowspan=\"1\">\n<div class=\"magic-10\">\n        PE\n       <\/div>\n<\/td>\n<\/tr>\n<tr>\n<td colspan=\"1\" rowspan=\"1\">\n<div class=\"magic-9\">\n        Peso da m\u00e1quina (\u00e3)\n       <\/div>\n<\/td>\n<td colspan=\"1\" rowspan=\"1\">\n<div class=\"magic-10\">\n        840\n       <\/div>\n<\/td>\n<\/tr>\n<tr>\n<td colspan=\"1\" rowspan=\"1\">\n<div class=\"magic-9\">\n        Tamanho da m\u00e1quina (\u00e3)\n       <\/div>\n<\/td>\n<td colspan=\"1\" rowspan=\"1\">\n<div class=\"magic-10\">\n        L2064\u00d7W1650\u00d7H1330\n       <\/div>\n<\/td>\n<\/tr>\n<\/tbody>\n<\/table><\/div>\n<\/p><\/div>\n<div module-id=\"35052554834\" module-title=\"detailSingleImage\" render=\"true\" class=\"J_module\">\n<div class=\"icbu-pc-images magic-11\">\n<div>\n<div class=\"flex-layout-v\">\n<div class=\"flex-layout-h magic-11\">\n<div class=\"magic-12\">\n       <img decoding=\"async\" src=\"https:\/\/sc04.alicdn.com\/kf\/Hddbe60917f3c4ec0a834f24c84604c66h\/64496\/Hddbe60917f3c4ec0a834f24c84604c66h.jpg\" class=\"aligncenter\">\n      <\/div>\n<\/p><\/div>\n<\/p><\/div>\n<\/p><\/div>\n<\/p><\/div>\n<\/p><\/div>\n<div module-id=\"35052554835\" module-title=\"detailVerticalImages\" render=\"true\" class=\"J_module\">\n<div class=\"icbu-pc-images magic-11\">\n<div>\n<div class=\"flex-layout-v\">\n<div class=\"magic-14\">\n      <img decoding=\"async\" src=\"https:\/\/sc04.alicdn.com\/kf\/H44778733727c4439aa2431f75c23f19bw\/64496\/H44778733727c4439aa2431f75c23f19bw.jpg\" class=\"aligncenter\">\n     <\/div>\n<div class=\"flex-layout-h magic-11\">\n<div class=\"magic-15\">\n       <img decoding=\"async\" src=\"https:\/\/sc04.alicdn.com\/kf\/H043d8b733a6840ceb94ad8c68a654a7ai\/64496\/H043d8b733a6840ceb94ad8c68a654a7ai.jpg\" class=\"aligncenter\">\n      <\/div>\n<div class=\"magic-17\">\n       <img decoding=\"async\" src=\"https:\/\/sc04.alicdn.com\/kf\/He0a897e2cb9b49808d21837a90570141g\/64496\/He0a897e2cb9b49808d21837a90570141g.jpg\" class=\"aligncenter\">\n      <\/div>\n<\/p><\/div>\n<\/p><\/div>\n<\/p><\/div>\n<\/p><\/div>\n<\/p><\/div>\n<\/div>","protected":false},"excerpt":{"rendered":"<p>M\u00e1quina de embalagem vertical de corte e selagem<\/p>","protected":false},"featured_media":2652,"comment_status":"closed","ping_status":"open","template":"","meta":[],"product_brand":[],"product_cat":[97],"product_tag":[],"class_list":{"0":"post-2909","1":"product","2":"type-product","3":"status-publish","4":"has-post-thumbnail","6":"product_cat-sealing-machines","8":"first","9":"instock","10":"sale","11":"purchasable","12":"product-type-simple"},"yoast_head":"<!-- This site is optimized with the Yoast SEO Premium plugin v20.9 (Yoast SEO v26.5) - https:\/\/yoast.com\/wordpress\/plugins\/seo\/ -->\n<title>DQL6560PEG Automatic Wrapping Machine Vertical Type L bar Sealing and Cutting Machine - ALF PACK<\/title>\n<meta name=\"robots\" content=\"index, follow, max-snippet:-1, max-image-preview:large, max-video-preview:-1\" \/>\n<link rel=\"canonical\" href=\"https:\/\/alfequipment.com\/pt\/product\/dql6560peg-maquina-de-embalagem-automatica-maquina-de-corte-e-selagem-de-barras-tipo-l-vertical\/\" \/>\n<meta property=\"og:locale\" content=\"pt_PT\" \/>\n<meta property=\"og:type\" content=\"article\" \/>\n<meta property=\"og:title\" content=\"DQL6560PEG Automatic Wrapping Machine Vertical Type L bar Sealing and Cutting Machine\" \/>\n<meta property=\"og:description\" content=\"Vertical Sealing And Cutting Wrapping Machine\" \/>\n<meta property=\"og:url\" content=\"https:\/\/alfequipment.com\/pt\/product\/dql6560peg-maquina-de-embalagem-automatica-maquina-de-corte-e-selagem-de-barras-tipo-l-vertical\/\" \/>\n<meta property=\"og:site_name\" content=\"ALF PACK\" \/>\n<meta property=\"article:modified_time\" content=\"2025-01-13T13:08:46+00:00\" \/>\n<meta property=\"og:image\" content=\"https:\/\/alfequipment.com\/wp-content\/uploads\/2025\/01\/DQL6560PEG-Automatic-Wrapping-Machine-Vertical-Type-L.jpg\" \/>\n\t<meta property=\"og:image:width\" content=\"640\" \/>\n\t<meta property=\"og:image:height\" content=\"640\" \/>\n\t<meta property=\"og:image:type\" content=\"image\/webp\" \/>\n<meta name=\"twitter:card\" content=\"summary_large_image\" \/>\n<meta name=\"twitter:label1\" content=\"Tempo estimado de leitura\" \/>\n\t<meta name=\"twitter:data1\" content=\"1 minuto\" \/>\n<script type=\"application\/ld+json\" class=\"yoast-schema-graph\">{\"@context\":\"https:\/\/schema.org\",\"@graph\":[{\"@type\":\"WebPage\",\"@id\":\"https:\/\/alfequipment.com\/product\/dql6560peg-automatic-wrapping-machine-vertical-type-l-bar-sealing-and-cutting-machine\/\",\"url\":\"https:\/\/alfequipment.com\/product\/dql6560peg-automatic-wrapping-machine-vertical-type-l-bar-sealing-and-cutting-machine\/\",\"name\":\"DQL6560PEG Automatic Wrapping Machine Vertical Type L bar Sealing and Cutting Machine - ALF PACK\",\"isPartOf\":{\"@id\":\"https:\/\/alfequipment.com\/#website\"},\"primaryImageOfPage\":{\"@id\":\"https:\/\/alfequipment.com\/product\/dql6560peg-automatic-wrapping-machine-vertical-type-l-bar-sealing-and-cutting-machine\/#primaryimage\"},\"image\":{\"@id\":\"https:\/\/alfequipment.com\/product\/dql6560peg-automatic-wrapping-machine-vertical-type-l-bar-sealing-and-cutting-machine\/#primaryimage\"},\"thumbnailUrl\":\"https:\/\/alfequipment.com\/wp-content\/uploads\/2025\/01\/DQL6560PEG-Automatic-Wrapping-Machine-Vertical-Type-L.jpg\",\"datePublished\":\"2024-12-25T15:34:04+00:00\",\"dateModified\":\"2025-01-13T13:08:46+00:00\",\"breadcrumb\":{\"@id\":\"https:\/\/alfequipment.com\/product\/dql6560peg-automatic-wrapping-machine-vertical-type-l-bar-sealing-and-cutting-machine\/#breadcrumb\"},\"inLanguage\":\"pt-PT\",\"potentialAction\":[{\"@type\":\"ReadAction\",\"target\":[\"https:\/\/alfequipment.com\/product\/dql6560peg-automatic-wrapping-machine-vertical-type-l-bar-sealing-and-cutting-machine\/\"]}]},{\"@type\":\"ImageObject\",\"inLanguage\":\"pt-PT\",\"@id\":\"https:\/\/alfequipment.com\/product\/dql6560peg-automatic-wrapping-machine-vertical-type-l-bar-sealing-and-cutting-machine\/#primaryimage\",\"url\":\"https:\/\/alfequipment.com\/wp-content\/uploads\/2025\/01\/DQL6560PEG-Automatic-Wrapping-Machine-Vertical-Type-L.jpg\",\"contentUrl\":\"https:\/\/alfequipment.com\/wp-content\/uploads\/2025\/01\/DQL6560PEG-Automatic-Wrapping-Machine-Vertical-Type-L.jpg\",\"width\":640,\"height\":640},{\"@type\":\"BreadcrumbList\",\"@id\":\"https:\/\/alfequipment.com\/product\/dql6560peg-automatic-wrapping-machine-vertical-type-l-bar-sealing-and-cutting-machine\/#breadcrumb\",\"itemListElement\":[{\"@type\":\"ListItem\",\"position\":1,\"name\":\"Home\",\"item\":\"https:\/\/alfequipment.com\/\"},{\"@type\":\"ListItem\",\"position\":2,\"name\":\"Shop\",\"item\":\"https:\/\/alfequipment.com\/shop\/\"},{\"@type\":\"ListItem\",\"position\":3,\"name\":\"DQL6560PEG Automatic Wrapping Machine Vertical Type L bar Sealing and Cutting Machine\"}]},{\"@type\":\"WebSite\",\"@id\":\"https:\/\/alfequipment.com\/#website\",\"url\":\"https:\/\/alfequipment.com\/\",\"name\":\"ALF PACK\",\"description\":\"\",\"publisher\":{\"@id\":\"https:\/\/alfequipment.com\/#organization\"},\"potentialAction\":[{\"@type\":\"SearchAction\",\"target\":{\"@type\":\"EntryPoint\",\"urlTemplate\":\"https:\/\/alfequipment.com\/?s={search_term_string}\"},\"query-input\":{\"@type\":\"PropertyValueSpecification\",\"valueRequired\":true,\"valueName\":\"search_term_string\"}}],\"inLanguage\":\"pt-PT\"},{\"@type\":\"Organization\",\"@id\":\"https:\/\/alfequipment.com\/#organization\",\"name\":\"ALF PACK\",\"url\":\"https:\/\/alfequipment.com\/\",\"logo\":{\"@type\":\"ImageObject\",\"inLanguage\":\"pt-PT\",\"@id\":\"https:\/\/alfequipment.com\/#\/schema\/logo\/image\/\",\"url\":\"https:\/\/alfequipment.com\/wp-content\/uploads\/2024\/11\/ALFlogo-2.webp\",\"contentUrl\":\"https:\/\/alfequipment.com\/wp-content\/uploads\/2024\/11\/ALFlogo-2.webp\",\"width\":758,\"height\":750,\"caption\":\"ALF PACK\"},\"image\":{\"@id\":\"https:\/\/alfequipment.com\/#\/schema\/logo\/image\/\"}}]}<\/script>\n<!-- \/ Yoast SEO Premium plugin. -->","yoast_head_json":{"title":"DQL6560PEG M\u00e1quina de embrulho autom\u00e1tica M\u00e1quina de corte e selagem de barras tipo L vertical - ALF PACK","robots":{"index":"index","follow":"follow","max-snippet":"max-snippet:-1","max-image-preview":"max-image-preview:large","max-video-preview":"max-video-preview:-1"},"canonical":"https:\/\/alfequipment.com\/pt\/product\/dql6560peg-maquina-de-embalagem-automatica-maquina-de-corte-e-selagem-de-barras-tipo-l-vertical\/","og_locale":"pt_PT","og_type":"article","og_title":"DQL6560PEG Automatic Wrapping Machine Vertical Type L bar Sealing and Cutting Machine","og_description":"Vertical Sealing And Cutting Wrapping Machine","og_url":"https:\/\/alfequipment.com\/pt\/product\/dql6560peg-maquina-de-embalagem-automatica-maquina-de-corte-e-selagem-de-barras-tipo-l-vertical\/","og_site_name":"ALF PACK","article_modified_time":"2025-01-13T13:08:46+00:00","og_image":[{"width":640,"height":640,"url":"https:\/\/alfequipment.com\/wp-content\/uploads\/2025\/01\/DQL6560PEG-Automatic-Wrapping-Machine-Vertical-Type-L.jpg","type":"image\/webp"}],"twitter_card":"summary_large_image","twitter_misc":{"Tempo estimado de leitura":"1 minuto"},"schema":{"@context":"https:\/\/schema.org","@graph":[{"@type":"WebPage","@id":"https:\/\/alfequipment.com\/product\/dql6560peg-automatic-wrapping-machine-vertical-type-l-bar-sealing-and-cutting-machine\/","url":"https:\/\/alfequipment.com\/product\/dql6560peg-automatic-wrapping-machine-vertical-type-l-bar-sealing-and-cutting-machine\/","name":"DQL6560PEG M\u00e1quina de embrulho autom\u00e1tica M\u00e1quina de corte e selagem de barras tipo L vertical - ALF PACK","isPartOf":{"@id":"https:\/\/alfequipment.com\/#website"},"primaryImageOfPage":{"@id":"https:\/\/alfequipment.com\/product\/dql6560peg-automatic-wrapping-machine-vertical-type-l-bar-sealing-and-cutting-machine\/#primaryimage"},"image":{"@id":"https:\/\/alfequipment.com\/product\/dql6560peg-automatic-wrapping-machine-vertical-type-l-bar-sealing-and-cutting-machine\/#primaryimage"},"thumbnailUrl":"https:\/\/alfequipment.com\/wp-content\/uploads\/2025\/01\/DQL6560PEG-Automatic-Wrapping-Machine-Vertical-Type-L.jpg","datePublished":"2024-12-25T15:34:04+00:00","dateModified":"2025-01-13T13:08:46+00:00","breadcrumb":{"@id":"https:\/\/alfequipment.com\/product\/dql6560peg-automatic-wrapping-machine-vertical-type-l-bar-sealing-and-cutting-machine\/#breadcrumb"},"inLanguage":"pt-PT","potentialAction":[{"@type":"ReadAction","target":["https:\/\/alfequipment.com\/product\/dql6560peg-automatic-wrapping-machine-vertical-type-l-bar-sealing-and-cutting-machine\/"]}]},{"@type":"ImageObject","inLanguage":"pt-PT","@id":"https:\/\/alfequipment.com\/product\/dql6560peg-automatic-wrapping-machine-vertical-type-l-bar-sealing-and-cutting-machine\/#primaryimage","url":"https:\/\/alfequipment.com\/wp-content\/uploads\/2025\/01\/DQL6560PEG-Automatic-Wrapping-Machine-Vertical-Type-L.jpg","contentUrl":"https:\/\/alfequipment.com\/wp-content\/uploads\/2025\/01\/DQL6560PEG-Automatic-Wrapping-Machine-Vertical-Type-L.jpg","width":640,"height":640},{"@type":"BreadcrumbList","@id":"https:\/\/alfequipment.com\/product\/dql6560peg-automatic-wrapping-machine-vertical-type-l-bar-sealing-and-cutting-machine\/#breadcrumb","itemListElement":[{"@type":"ListItem","position":1,"name":"Home","item":"https:\/\/alfequipment.com\/"},{"@type":"ListItem","position":2,"name":"Shop","item":"https:\/\/alfequipment.com\/shop\/"},{"@type":"ListItem","position":3,"name":"DQL6560PEG Automatic Wrapping Machine Vertical Type L bar Sealing and Cutting Machine"}]},{"@type":"WebSite","@id":"https:\/\/alfequipment.com\/#website","url":"https:\/\/alfequipment.com\/","name":"PACK ALF","description":"","publisher":{"@id":"https:\/\/alfequipment.com\/#organization"},"potentialAction":[{"@type":"SearchAction","target":{"@type":"EntryPoint","urlTemplate":"https:\/\/alfequipment.com\/?s={search_term_string}"},"query-input":{"@type":"PropertyValueSpecification","valueRequired":true,"valueName":"search_term_string"}}],"inLanguage":"pt-PT"},{"@type":"Organization","@id":"https:\/\/alfequipment.com\/#organization","name":"PACK ALF","url":"https:\/\/alfequipment.com\/","logo":{"@type":"ImageObject","inLanguage":"pt-PT","@id":"https:\/\/alfequipment.com\/#\/schema\/logo\/image\/","url":"https:\/\/alfequipment.com\/wp-content\/uploads\/2024\/11\/ALFlogo-2.webp","contentUrl":"https:\/\/alfequipment.com\/wp-content\/uploads\/2024\/11\/ALFlogo-2.webp","width":758,"height":750,"caption":"ALF PACK"},"image":{"@id":"https:\/\/alfequipment.com\/#\/schema\/logo\/image\/"}}]}},"_links":{"self":[{"href":"https:\/\/alfequipment.com\/pt\/wp-json\/wp\/v2\/product\/2909","targetHints":{"allow":["GET"]}}],"collection":[{"href":"https:\/\/alfequipment.com\/pt\/wp-json\/wp\/v2\/product"}],"about":[{"href":"https:\/\/alfequipment.com\/pt\/wp-json\/wp\/v2\/types\/product"}],"replies":[{"embeddable":true,"href":"https:\/\/alfequipment.com\/pt\/wp-json\/wp\/v2\/comments?post=2909"}],"version-history":[{"count":0,"href":"https:\/\/alfequipment.com\/pt\/wp-json\/wp\/v2\/product\/2909\/revisions"}],"wp:featuredmedia":[{"embeddable":true,"href":"https:\/\/alfequipment.com\/pt\/wp-json\/wp\/v2\/media\/2652"}],"wp:attachment":[{"href":"https:\/\/alfequipment.com\/pt\/wp-json\/wp\/v2\/media?parent=2909"}],"wp:term":[{"taxonomy":"product_brand","embeddable":true,"href":"https:\/\/alfequipment.com\/pt\/wp-json\/wp\/v2\/product_brand?post=2909"},{"taxonomy":"product_cat","embeddable":true,"href":"https:\/\/alfequipment.com\/pt\/wp-json\/wp\/v2\/product_cat?post=2909"},{"taxonomy":"product_tag","embeddable":true,"href":"https:\/\/alfequipment.com\/pt\/wp-json\/wp\/v2\/product_tag?post=2909"}],"curies":[{"name":"wp","href":"https:\/\/api.w.org\/{rel}","templated":true}]}}