{"id":2916,"date":"2024-12-15T10:11:28","date_gmt":"2024-12-15T10:11:28","guid":{"rendered":"https:\/\/alfequipment.com\/product\/fr900v-continuous-vertical-band-sealer-machine-with-steel-printing-for-date\/"},"modified":"2025-01-13T15:01:31","modified_gmt":"2025-01-13T15:01:31","slug":"fr900v-maquina-seladora-de-banda-vertical-continua-com-impressao-em-aco-para-data","status":"publish","type":"product","link":"https:\/\/alfequipment.com\/pt\/product\/fr900v-maquina-seladora-de-banda-vertical-continua-com-impressao-em-aco-para-data\/","title":{"rendered":"FR900V M\u00e1quina seladora de fita vertical cont\u00ednua com impress\u00e3o em a\u00e7o para data"},"content":{"rendered":"<div data-magic-global=\"%7B%22bizId%22%3A17179933680%2C%22pageId%22%3A5102841872%2C%22siteId%22%3A5005331025%7D\" id=\"detail_decorate_root\">\n<div module-id=\"8640810364\" module-title=\"detailProductNavigation\" render=\"true\" class=\"J_module\">\n<div id=\"ali-anchor-AliMagic-dhxkbn\" data-section=\"AliMagic-dhxkbn\" data-section-title=\"Product Description\" class=\"magic-0\">As m\u00e1quinas de selagem cont\u00ednua de pel\u00edcula da s\u00e9rie FR terminam o transporte cont\u00ednuo, a selagem e a impress\u00e3o numa \u00fanica opera\u00e7\u00e3o. A m\u00e1quina pode ser fabricada na horizontal, na vertical ou com p\u00e9s de apoio. Adopta um mecanismo eletr\u00f3nico de temperatura constante e um motor de transmiss\u00e3o com regula\u00e7\u00e3o de velocidade cont\u00ednua. Pode selar filme pl\u00e1stico em v\u00e1rios tipos de materiais.<\/div>\n<\/div>\n<div module-id=\"8640810365\" module-title=\"detailTextWithTitle\" render=\"true\" class=\"J_module\">\n<div class=\"detail-decorate-json-renderer-container\">\n<div class=\"magic-1\">\n<div class=\"magic-4\">\n<div class=\"magic-5\">\n<div class=\"magic-6\">\n<p class=\"magic-7\">A FR-900V pode ser ajustada \u00e0 altura de selagem.<\/p>\n<\/p><\/div>\n<\/p><\/div>\n<\/p><\/div>\n<\/p><\/div>\n<\/p><\/div>\n<\/p><\/div>\n<div module-id=\"8640810366\" module-title=\"detailTableHorizontal\" render=\"true\" class=\"J_module\">\n<div class=\"ife-detail-decorate-table\">\n<table class=\"has-title all magic-8\">\n<tbody>\n<tr>\n<td>\n<div class=\"magic-9\">\n        Modelo\n       <\/div>\n<\/td>\n<td colspan=\"3\">\n<div class=\"magic-10\">\n        FR-900V\n       <\/div>\n<\/td>\n<td class=\"magic-11\">\n<div class=\"magic-12\"><\/div>\n<\/td>\n<td class=\"magic-11\">\n<div class=\"magic-12\"><\/div>\n<\/td>\n<\/tr>\n<tr>\n<td>\n<div class=\"magic-9\">\n        tens\u00e3o\n       <\/div>\n<\/td>\n<td colspan=\"3\">\n<div class=\"magic-13\">\n        220V 50-60Hz\n       <\/div>\n<\/td>\n<td class=\"magic-11\">\n<div class=\"magic-12\"><\/div>\n<\/td>\n<td class=\"magic-11\">\n<div class=\"magic-12\"><\/div>\n<\/td>\n<\/tr>\n<tr>\n<td>\n<div class=\"magic-9\">\n        pot\u00eancia\n       <\/div>\n<\/td>\n<td colspan=\"3\">\n<div class=\"magic-13\">\n        500W\n       <\/div>\n<\/td>\n<td class=\"magic-11\">\n<div class=\"magic-12\"><\/div>\n<\/td>\n<td class=\"magic-11\">\n<div class=\"magic-12\"><\/div>\n<\/td>\n<\/tr>\n<tr>\n<td>\n<div class=\"magic-9\">\n        Velocidade de selagem\n       <\/div>\n<\/td>\n<td colspan=\"3\">\n<div class=\"magic-13\">\n        0-12m\/min\n       <\/div>\n<\/td>\n<td class=\"magic-11\">\n<div class=\"magic-12\"><\/div>\n<\/td>\n<td class=\"magic-11\">\n<div class=\"magic-12\"><\/div>\n<\/td>\n<\/tr>\n<tr>\n<td>\n<div class=\"magic-9\">\n        Largura de veda\u00e7\u00e3o\n       <\/div>\n<\/td>\n<td colspan=\"3\">\n<div class=\"magic-13\">\n        6-12mm\n       <\/div>\n<\/td>\n<td class=\"magic-11\">\n<div class=\"magic-12\"><\/div>\n<\/td>\n<td class=\"magic-11\">\n<div class=\"magic-12\"><\/div>\n<\/td>\n<\/tr>\n<tr>\n<td>\n<div class=\"magic-9\">\n        Gama de temperaturas\n       <\/div>\n<\/td>\n<td colspan=\"3\">\n<div class=\"magic-13\">\n        0-300\u00e2\n       <\/div>\n<\/td>\n<td class=\"magic-11\">\n<div class=\"magic-12\"><\/div>\n<\/td>\n<td class=\"magic-11\">\n<div class=\"magic-12\"><\/div>\n<\/td>\n<\/tr>\n<tr>\n<td>\n<div class=\"magic-9\">\n        Carga m\u00e1xima do transportador\n       <\/div>\n<\/td>\n<td colspan=\"3\">\n<div class=\"magic-13\">\n        3 kg\n       <\/div>\n<\/td>\n<td class=\"magic-11\">\n<div class=\"magic-12\"><\/div>\n<\/td>\n<td class=\"magic-11\">\n<div class=\"magic-12\"><\/div>\n<\/td>\n<\/tr>\n<tr>\n<td>\n<div class=\"magic-9\">\n        Categoria de impress\u00e3o\n       <\/div>\n<\/td>\n<td colspan=\"3\">\n<div class=\"magic-13\">\n        Impress\u00e3o de rodas de a\u00e7o\n       <\/div>\n<\/td>\n<td class=\"magic-11\">\n<div class=\"magic-12\"><\/div>\n<\/td>\n<td class=\"magic-11\">\n<div class=\"magic-12\"><\/div>\n<\/td>\n<\/tr>\n<tr>\n<td>\n<div class=\"magic-9\">\n        peso\n       <\/div>\n<\/td>\n<td colspan=\"3\">\n<div class=\"magic-13\">\n        L\u00edquido.24kg\n       <\/div>\n<\/td>\n<td class=\"magic-11\">\n<div class=\"magic-12\"><\/div>\n<\/td>\n<td class=\"magic-11\">\n<div class=\"magic-12\"><\/div>\n<\/td>\n<\/tr>\n<tr>\n<td>\n<div class=\"magic-9\">\n        Tamanho da m\u00e1quina\n       <\/div>\n<\/td>\n<td colspan=\"3\">\n<div class=\"magic-13\">\n        850X400X550mm\n       <\/div>\n<\/td>\n<td class=\"magic-11\">\n<div class=\"magic-12\"><\/div>\n<\/td>\n<td class=\"magic-11\">\n<div class=\"magic-12\"><\/div>\n<\/td>\n<\/tr>\n<\/tbody>\n<\/table><\/div>\n<\/p><\/div>\n<div module-id=\"8640810367\" module-title=\"detailSingleImage\" render=\"true\" class=\"J_module\">\n<div class=\"icbu-pc-images magic-14\">\n<div>\n<div class=\"flex-layout-v\">\n<div class=\"flex-layout-h magic-14\">\n<div class=\"magic-15\">\n       <img decoding=\"async\" src=\"https:\/\/sc01.alicdn.com\/kf\/HTB1kXEZzRmWBuNkSndVq6AsApXa1\/64496\/HTB1kXEZzRmWBuNkSndVq6AsApXa1.jpg\" class=\"aligncenter\">\n      <\/div>\n<\/p><\/div>\n<\/p><\/div>\n<\/p><\/div>\n<\/p><\/div>\n<\/p><\/div>\n<div module-id=\"8640810368\" module-title=\"detailVerticalImages\" render=\"true\" class=\"J_module\">\n<div class=\"icbu-pc-images magic-14\">\n<div>\n<div class=\"flex-layout-v\">\n<div class=\"magic-17\">\n      <img decoding=\"async\" src=\"https:\/\/sc02.alicdn.com\/kf\/HTB1SOlMIeSSBuNjy0Flq6zBpVXaK\/64496\/HTB1SOlMIeSSBuNjy0Flq6zBpVXaK.jpg\" class=\"aligncenter\">\n     <\/div>\n<div class=\"flex-layout-h magic-14\">\n<div class=\"magic-19\">\n       <img decoding=\"async\" src=\"https:\/\/sc02.alicdn.com\/kf\/HTB1YOtrmaAoBKNjSZSyq6yHAVXa8\/64496\/HTB1YOtrmaAoBKNjSZSyq6yHAVXa8.jpg\" class=\"aligncenter\">\n      <\/div>\n<div class=\"magic-21\">\n       <img decoding=\"async\" src=\"https:\/\/sc01.alicdn.com\/kf\/HTB1LPmhXnjxK1Rjy0Fnq6yBaFXaD\/64496\/HTB1LPmhXnjxK1Rjy0Fnq6yBaFXaD.jpg\" class=\"aligncenter\">\n      <\/div>\n<\/p><\/div>\n<\/p><\/div>\n<\/p><\/div>\n<\/p><\/div>\n<\/p><\/div>\n<div module-id=\"8640810369\" module-title=\"detailTextWithTitle\" render=\"true\" class=\"J_module\">\n<div class=\"detail-decorate-json-renderer-container\">\n<div class=\"magic-1\">\n<h3 class=\"magic-2\"><\/h3>\n<h3 class=\"magic-3\">Melhorias :<br \/><\/h3>\n<div class=\"magic-4\">\n<div class=\"magic-5\">\n<div class=\"magic-6\">\n<p class=\"magic-7\">1) Corpo SS melhorado, anti-impress\u00f5es digitais, mais espessura com canto polido.<br \/>2) Bot\u00e3o tensor de borracha maci\u00e7a de alta qualidade, resistente ao desgaste.<br \/>3) Roda motriz processada com alta precis\u00e3o e dispositivo de substitui\u00e7\u00e3o f\u00e1cil da correia de veda\u00e7\u00e3o. <br \/>4) Maior espessura e maior largura do bloco de aquecimento e do bloco de arrefecimento.<br \/>5) Roda motriz processada com alta precis\u00e3o, muito bonita.<br \/>6) Interruptor de alimenta\u00e7\u00e3o de alta qualidade, mais seguran\u00e7a, mais cuidado.<br \/>7) Rolo transportador de poliformalde\u00eddo melhorado e correia transportadora de maior espessura, muito dur\u00e1vel.<br \/>8) Caixa de velocidades monobloco, flanco fixo, mais est\u00e1vel.<br \/>9) Engrenagem de poliformalde\u00eddo de alta qualidade com moldagem por inje\u00e7\u00e3o de alta resist\u00eancia, funcionamento mais suave e baixo ru\u00eddo.<\/p>\n<\/p><\/div>\n<\/p><\/div>\n<\/p><\/div>\n<\/p><\/div>\n<\/p><\/div>\n<\/p><\/div>\n<\/div>","protected":false},"excerpt":{"rendered":"<p>Fr-900v Seladora de fita com impress\u00e3o de data em a\u00e7o<\/p>","protected":false},"featured_media":2666,"comment_status":"closed","ping_status":"open","template":"","meta":[],"product_brand":[],"product_cat":[119,97],"product_tag":[],"class_list":{"0":"post-2916","1":"product","2":"type-product","3":"status-publish","4":"has-post-thumbnail","6":"product_cat-band-sealer","7":"product_cat-sealing-machines","9":"first","10":"instock","11":"sale","12":"purchasable","13":"product-type-simple"},"yoast_head":"<!-- This site is optimized with the Yoast SEO Premium plugin v20.9 (Yoast SEO v26.5) - https:\/\/yoast.com\/wordpress\/plugins\/seo\/ -->\n<title>FR900V Continuous Vertical band sealer machine with steel printing for date - ALF PACK<\/title>\n<meta name=\"robots\" content=\"index, follow, max-snippet:-1, max-image-preview:large, max-video-preview:-1\" \/>\n<link rel=\"canonical\" href=\"https:\/\/alfequipment.com\/pt\/product\/fr900v-maquina-seladora-de-banda-vertical-continua-com-impressao-em-aco-para-data\/\" \/>\n<meta property=\"og:locale\" content=\"pt_PT\" \/>\n<meta property=\"og:type\" content=\"article\" \/>\n<meta property=\"og:title\" content=\"FR900V Continuous Vertical band sealer machine with steel printing for date\" \/>\n<meta property=\"og:description\" content=\"Fr-900v Band Sealer With Steel Date Printing\" \/>\n<meta property=\"og:url\" content=\"https:\/\/alfequipment.com\/pt\/product\/fr900v-maquina-seladora-de-banda-vertical-continua-com-impressao-em-aco-para-data\/\" \/>\n<meta property=\"og:site_name\" content=\"ALF PACK\" \/>\n<meta property=\"article:modified_time\" content=\"2025-01-13T15:01:31+00:00\" \/>\n<meta property=\"og:image\" content=\"https:\/\/alfequipment.com\/wp-content\/uploads\/2025\/01\/FR900V-Continuous-Vertical-band-sealer-machine-with.jpg\" \/>\n\t<meta property=\"og:image:width\" content=\"800\" \/>\n\t<meta property=\"og:image:height\" content=\"800\" \/>\n\t<meta property=\"og:image:type\" content=\"image\/webp\" \/>\n<meta name=\"twitter:card\" content=\"summary_large_image\" \/>\n<meta name=\"twitter:label1\" content=\"Tempo estimado de leitura\" \/>\n\t<meta name=\"twitter:data1\" content=\"1 minuto\" \/>\n<script type=\"application\/ld+json\" class=\"yoast-schema-graph\">{\"@context\":\"https:\/\/schema.org\",\"@graph\":[{\"@type\":\"WebPage\",\"@id\":\"https:\/\/alfequipment.com\/product\/fr900v-continuous-vertical-band-sealer-machine-with-steel-printing-for-date\/\",\"url\":\"https:\/\/alfequipment.com\/product\/fr900v-continuous-vertical-band-sealer-machine-with-steel-printing-for-date\/\",\"name\":\"FR900V Continuous Vertical band sealer machine with steel printing for date - ALF PACK\",\"isPartOf\":{\"@id\":\"https:\/\/alfequipment.com\/#website\"},\"primaryImageOfPage\":{\"@id\":\"https:\/\/alfequipment.com\/product\/fr900v-continuous-vertical-band-sealer-machine-with-steel-printing-for-date\/#primaryimage\"},\"image\":{\"@id\":\"https:\/\/alfequipment.com\/product\/fr900v-continuous-vertical-band-sealer-machine-with-steel-printing-for-date\/#primaryimage\"},\"thumbnailUrl\":\"https:\/\/alfequipment.com\/wp-content\/uploads\/2025\/01\/FR900V-Continuous-Vertical-band-sealer-machine-with.jpg\",\"datePublished\":\"2024-12-15T10:11:28+00:00\",\"dateModified\":\"2025-01-13T15:01:31+00:00\",\"breadcrumb\":{\"@id\":\"https:\/\/alfequipment.com\/product\/fr900v-continuous-vertical-band-sealer-machine-with-steel-printing-for-date\/#breadcrumb\"},\"inLanguage\":\"pt-PT\",\"potentialAction\":[{\"@type\":\"ReadAction\",\"target\":[\"https:\/\/alfequipment.com\/product\/fr900v-continuous-vertical-band-sealer-machine-with-steel-printing-for-date\/\"]}]},{\"@type\":\"ImageObject\",\"inLanguage\":\"pt-PT\",\"@id\":\"https:\/\/alfequipment.com\/product\/fr900v-continuous-vertical-band-sealer-machine-with-steel-printing-for-date\/#primaryimage\",\"url\":\"https:\/\/alfequipment.com\/wp-content\/uploads\/2025\/01\/FR900V-Continuous-Vertical-band-sealer-machine-with.jpg\",\"contentUrl\":\"https:\/\/alfequipment.com\/wp-content\/uploads\/2025\/01\/FR900V-Continuous-Vertical-band-sealer-machine-with.jpg\",\"width\":800,\"height\":800},{\"@type\":\"BreadcrumbList\",\"@id\":\"https:\/\/alfequipment.com\/product\/fr900v-continuous-vertical-band-sealer-machine-with-steel-printing-for-date\/#breadcrumb\",\"itemListElement\":[{\"@type\":\"ListItem\",\"position\":1,\"name\":\"Home\",\"item\":\"https:\/\/alfequipment.com\/\"},{\"@type\":\"ListItem\",\"position\":2,\"name\":\"Shop\",\"item\":\"https:\/\/alfequipment.com\/shop\/\"},{\"@type\":\"ListItem\",\"position\":3,\"name\":\"FR900V Continuous Vertical band sealer machine with steel printing for date\"}]},{\"@type\":\"WebSite\",\"@id\":\"https:\/\/alfequipment.com\/#website\",\"url\":\"https:\/\/alfequipment.com\/\",\"name\":\"ALF PACK\",\"description\":\"\",\"publisher\":{\"@id\":\"https:\/\/alfequipment.com\/#organization\"},\"potentialAction\":[{\"@type\":\"SearchAction\",\"target\":{\"@type\":\"EntryPoint\",\"urlTemplate\":\"https:\/\/alfequipment.com\/?s={search_term_string}\"},\"query-input\":{\"@type\":\"PropertyValueSpecification\",\"valueRequired\":true,\"valueName\":\"search_term_string\"}}],\"inLanguage\":\"pt-PT\"},{\"@type\":\"Organization\",\"@id\":\"https:\/\/alfequipment.com\/#organization\",\"name\":\"ALF PACK\",\"url\":\"https:\/\/alfequipment.com\/\",\"logo\":{\"@type\":\"ImageObject\",\"inLanguage\":\"pt-PT\",\"@id\":\"https:\/\/alfequipment.com\/#\/schema\/logo\/image\/\",\"url\":\"https:\/\/alfequipment.com\/wp-content\/uploads\/2024\/11\/ALFlogo-2.webp\",\"contentUrl\":\"https:\/\/alfequipment.com\/wp-content\/uploads\/2024\/11\/ALFlogo-2.webp\",\"width\":758,\"height\":750,\"caption\":\"ALF PACK\"},\"image\":{\"@id\":\"https:\/\/alfequipment.com\/#\/schema\/logo\/image\/\"}}]}<\/script>\n<!-- \/ Yoast SEO Premium plugin. -->","yoast_head_json":{"title":"FR900V M\u00e1quina seladora de banda vertical cont\u00ednua com impress\u00e3o em a\u00e7o para data - ALF PACK","robots":{"index":"index","follow":"follow","max-snippet":"max-snippet:-1","max-image-preview":"max-image-preview:large","max-video-preview":"max-video-preview:-1"},"canonical":"https:\/\/alfequipment.com\/pt\/product\/fr900v-maquina-seladora-de-banda-vertical-continua-com-impressao-em-aco-para-data\/","og_locale":"pt_PT","og_type":"article","og_title":"FR900V Continuous Vertical band sealer machine with steel printing for date","og_description":"Fr-900v Band Sealer With Steel Date Printing","og_url":"https:\/\/alfequipment.com\/pt\/product\/fr900v-maquina-seladora-de-banda-vertical-continua-com-impressao-em-aco-para-data\/","og_site_name":"ALF PACK","article_modified_time":"2025-01-13T15:01:31+00:00","og_image":[{"width":800,"height":800,"url":"https:\/\/alfequipment.com\/wp-content\/uploads\/2025\/01\/FR900V-Continuous-Vertical-band-sealer-machine-with.jpg","type":"image\/webp"}],"twitter_card":"summary_large_image","twitter_misc":{"Tempo estimado de leitura":"1 minuto"},"schema":{"@context":"https:\/\/schema.org","@graph":[{"@type":"WebPage","@id":"https:\/\/alfequipment.com\/product\/fr900v-continuous-vertical-band-sealer-machine-with-steel-printing-for-date\/","url":"https:\/\/alfequipment.com\/product\/fr900v-continuous-vertical-band-sealer-machine-with-steel-printing-for-date\/","name":"FR900V M\u00e1quina seladora de banda vertical cont\u00ednua com impress\u00e3o em a\u00e7o para data - ALF PACK","isPartOf":{"@id":"https:\/\/alfequipment.com\/#website"},"primaryImageOfPage":{"@id":"https:\/\/alfequipment.com\/product\/fr900v-continuous-vertical-band-sealer-machine-with-steel-printing-for-date\/#primaryimage"},"image":{"@id":"https:\/\/alfequipment.com\/product\/fr900v-continuous-vertical-band-sealer-machine-with-steel-printing-for-date\/#primaryimage"},"thumbnailUrl":"https:\/\/alfequipment.com\/wp-content\/uploads\/2025\/01\/FR900V-Continuous-Vertical-band-sealer-machine-with.jpg","datePublished":"2024-12-15T10:11:28+00:00","dateModified":"2025-01-13T15:01:31+00:00","breadcrumb":{"@id":"https:\/\/alfequipment.com\/product\/fr900v-continuous-vertical-band-sealer-machine-with-steel-printing-for-date\/#breadcrumb"},"inLanguage":"pt-PT","potentialAction":[{"@type":"ReadAction","target":["https:\/\/alfequipment.com\/product\/fr900v-continuous-vertical-band-sealer-machine-with-steel-printing-for-date\/"]}]},{"@type":"ImageObject","inLanguage":"pt-PT","@id":"https:\/\/alfequipment.com\/product\/fr900v-continuous-vertical-band-sealer-machine-with-steel-printing-for-date\/#primaryimage","url":"https:\/\/alfequipment.com\/wp-content\/uploads\/2025\/01\/FR900V-Continuous-Vertical-band-sealer-machine-with.jpg","contentUrl":"https:\/\/alfequipment.com\/wp-content\/uploads\/2025\/01\/FR900V-Continuous-Vertical-band-sealer-machine-with.jpg","width":800,"height":800},{"@type":"BreadcrumbList","@id":"https:\/\/alfequipment.com\/product\/fr900v-continuous-vertical-band-sealer-machine-with-steel-printing-for-date\/#breadcrumb","itemListElement":[{"@type":"ListItem","position":1,"name":"Home","item":"https:\/\/alfequipment.com\/"},{"@type":"ListItem","position":2,"name":"Shop","item":"https:\/\/alfequipment.com\/shop\/"},{"@type":"ListItem","position":3,"name":"FR900V Continuous Vertical band sealer machine with steel printing for date"}]},{"@type":"WebSite","@id":"https:\/\/alfequipment.com\/#website","url":"https:\/\/alfequipment.com\/","name":"PACK ALF","description":"","publisher":{"@id":"https:\/\/alfequipment.com\/#organization"},"potentialAction":[{"@type":"SearchAction","target":{"@type":"EntryPoint","urlTemplate":"https:\/\/alfequipment.com\/?s={search_term_string}"},"query-input":{"@type":"PropertyValueSpecification","valueRequired":true,"valueName":"search_term_string"}}],"inLanguage":"pt-PT"},{"@type":"Organization","@id":"https:\/\/alfequipment.com\/#organization","name":"PACK ALF","url":"https:\/\/alfequipment.com\/","logo":{"@type":"ImageObject","inLanguage":"pt-PT","@id":"https:\/\/alfequipment.com\/#\/schema\/logo\/image\/","url":"https:\/\/alfequipment.com\/wp-content\/uploads\/2024\/11\/ALFlogo-2.webp","contentUrl":"https:\/\/alfequipment.com\/wp-content\/uploads\/2024\/11\/ALFlogo-2.webp","width":758,"height":750,"caption":"ALF PACK"},"image":{"@id":"https:\/\/alfequipment.com\/#\/schema\/logo\/image\/"}}]}},"_links":{"self":[{"href":"https:\/\/alfequipment.com\/pt\/wp-json\/wp\/v2\/product\/2916","targetHints":{"allow":["GET"]}}],"collection":[{"href":"https:\/\/alfequipment.com\/pt\/wp-json\/wp\/v2\/product"}],"about":[{"href":"https:\/\/alfequipment.com\/pt\/wp-json\/wp\/v2\/types\/product"}],"replies":[{"embeddable":true,"href":"https:\/\/alfequipment.com\/pt\/wp-json\/wp\/v2\/comments?post=2916"}],"version-history":[{"count":0,"href":"https:\/\/alfequipment.com\/pt\/wp-json\/wp\/v2\/product\/2916\/revisions"}],"wp:featuredmedia":[{"embeddable":true,"href":"https:\/\/alfequipment.com\/pt\/wp-json\/wp\/v2\/media\/2666"}],"wp:attachment":[{"href":"https:\/\/alfequipment.com\/pt\/wp-json\/wp\/v2\/media?parent=2916"}],"wp:term":[{"taxonomy":"product_brand","embeddable":true,"href":"https:\/\/alfequipment.com\/pt\/wp-json\/wp\/v2\/product_brand?post=2916"},{"taxonomy":"product_cat","embeddable":true,"href":"https:\/\/alfequipment.com\/pt\/wp-json\/wp\/v2\/product_cat?post=2916"},{"taxonomy":"product_tag","embeddable":true,"href":"https:\/\/alfequipment.com\/pt\/wp-json\/wp\/v2\/product_tag?post=2916"}],"curies":[{"name":"wp","href":"https:\/\/api.w.org\/{rel}","templated":true}]}}