{"id":2918,"date":"2024-12-05T04:38:51","date_gmt":"2024-12-05T04:38:51","guid":{"rendered":"https:\/\/alfequipment.com\/product\/dfqc450-pneumatic-l-bar-type-sealer-heat-sealing-machine-and-bs-a450-shrink-tunnel-packager\/"},"modified":"2025-12-24T06:26:46","modified_gmt":"2025-12-24T06:26:46","slug":"dfqc450-seladora-pneumatica-tipo-barra-l-maquina-de-selagem-a-quente-e-embaladora-de-tunel-retratil-bs-a450","status":"publish","type":"product","link":"https:\/\/alfequipment.com\/pt\/product\/dfqc450-seladora-pneumatica-tipo-barra-l-maquina-de-selagem-a-quente-e-embaladora-de-tunel-retratil-bs-a450\/","title":{"rendered":"DFQC450 M\u00e1quina seladora pneum\u00e1tica de calor tipo barra L e embaladora de t\u00fanel retr\u00e1til BS-A450"},"content":{"rendered":"<div>\n<div>\n<div style=\"vertical-align: top; padding-top: 15px; padding-bottom: 15px;\">\n<div id=\"ey286\" style=\"vertical-align: top; padding-top: 10px; padding-bottom: 10px;\">\n<div id=\"ali-anchor-AliMaya-y0kv8\" style=\"padding: 8px 0 4px 8px; border-bottom: 2px solid #C5CCDE; border-radius: 3px 3px 0 0; line-height: 1; color: #4d6599; background-color: #c5ccde; font-size: 22px;\" data-section=\"AliMaya-y0kv8\" data-section-title=\"Product Description\"><\/div>\n<\/div>\n<div style=\"vertical-align: top; padding-top: 10px; padding-bottom: 10px; margin-right: -4px; margin-left: -4px;\">\n<div style=\"vertical-align: top; box-sizing: border-box; padding-right: 4px; padding-left: 4px; margin-top: -4px; margin-bottom: -4px;\">\n<div id=\"lapr8\" style=\"vertical-align: top; box-sizing: border-box; padding-top: 4px; padding-bottom: 4px;\">\n<p style=\"margin: 0; padding: 0;\">A seladora pneum\u00e1tica tipo L DFQC450 (nova FQL450C) \u00e9 o nosso novo produto. Esta m\u00e1quina consegue selagem autom\u00e1tica, ao mesmo tempo, podemos ajustar o tempo de selagem com diferentes requisitos. Moderniza esta m\u00e1quina e satisfaz as suas necessidades. Al\u00e9m disso, esta m\u00e1quina instala o sistema de aviso que garante a seguran\u00e7a do operador.<\/p>\n<p style=\"margin: 0; padding: 0;\">\n<p style=\"margin: 0; padding: 0;\">Carater\u00edstica:<br \/>\n1. A m\u00e1quina adopta uma faca de selagem sem aquecimento e sem ader\u00eancia, o que garante o bom funcionamento da m\u00e1quina e a aus\u00eancia de fumo.<br \/>\n2. O tempo de transfer\u00eancia dos produtos para o t\u00fanel, ap\u00f3s a selagem e o corte, \u00e9 ajust\u00e1vel.<br \/>\n3. Trabalhando com t\u00fanel de encolhimento, alta efici\u00eancia, mais conveniente.<\/p>\n<\/div>\n<\/div>\n<\/div>\n<div style=\"vertical-align: top; padding-top: 10px; padding-bottom: 10px; margin-right: -4px; margin-left: -4px;\">\n<div id=\"v3tke\" style=\"vertical-align: top; box-sizing: border-box; padding-right: 4px; padding-left: 4px;\">\n<table class=\"aliDataTable\" style=\"width: auto; border-collapse: collapse; word-wrap: break-word;\">\n<tbody>\n<tr>\n<td style=\"background-color: #dae2ed;\">\n<div style=\"width: 164px; height: 22px; padding: 5px 10px; overflow: hidden;\">Modelo<\/div>\n<\/td>\n<td style=\"background-color: #dae2ed;\">\n<div style=\"width: 164px; height: 22px; padding: 5px 10px; overflow: hidden;\">DFQC450<\/div>\n<\/td>\n<td style=\"background-color: #dae2ed;\">\n<div style=\"width: 164px; height: 22px; padding: 5px 10px; overflow: hidden;\">Modelo<\/div>\n<\/td>\n<td style=\"background-color: #dae2ed;\">\n<div style=\"width: 165px; height: 22px; padding: 5px 10px; overflow: hidden;\">BS-A450<\/div>\n<\/td>\n<\/tr>\n<tr>\n<td>\n<div style=\"width: 164px; height: 22px; padding: 5px 10px; overflow: hidden;\">Tens\u00e3o<\/div>\n<\/td>\n<td>\n<div style=\"width: 164px; height: 22px; padding: 5px 10px; overflow: hidden;\">AC220V 50-60HZ<\/div>\n<\/td>\n<td>\n<div style=\"width: 164px; height: 22px; padding: 5px 10px; overflow: hidden;\">Tens\u00e3o<\/div>\n<\/td>\n<td>\n<div style=\"width: 165px; height: 22px; padding: 5px 10px; overflow: hidden;\">220-240V\/50-60HZ<\/div>\n<\/td>\n<\/tr>\n<tr>\n<td>\n<div style=\"width: 164px; height: 22px; padding: 5px 10px; overflow: hidden;\">Pot\u00eancia do aquecedor<\/div>\n<\/td>\n<td>\n<div style=\"width: 164px; height: auto; padding: 5px 10px; overflow: hidden;\">1KW<\/div>\n<\/td>\n<td>\n<div style=\"width: 164px; height: 22px; padding: 5px 10px; overflow: hidden;\">Pot\u00eancia do aquecedor<\/div>\n<\/td>\n<td>\n<div style=\"width: 165px; height: 22px; padding: 5px 10px; overflow: hidden;\">10,35kW<\/div>\n<\/td>\n<\/tr>\n<tr>\n<td>\n<div style=\"width: 164px; height: 22px; padding: 5px 10px; overflow: hidden;\">Tempo de corte do selo<\/div>\n<\/td>\n<td>\n<div style=\"width: 164px; height: 22px; padding: 5px 10px; overflow: hidden;\">0-3s<\/div>\n<\/td>\n<td>\n<div style=\"width: 164px; height: 22px; padding: 5px 10px; overflow: hidden;\">Velocidade do transportador<\/div>\n<\/td>\n<td>\n<div style=\"width: 165px; height: 22px; padding: 5px 10px; overflow: hidden;\">0-10m\/min<\/div>\n<\/td>\n<\/tr>\n<tr>\n<td>\n<div style=\"width: 164px; height: 22px; padding: 5px 10px; overflow: hidden;\">Tamanho m\u00e1ximo da veda\u00e7\u00e3o (C*L)<\/div>\n<\/td>\n<td>\n<div style=\"width: 164px; height: 22px; padding: 5px 10px; overflow: hidden;\">500*450mm<\/div>\n<\/td>\n<td>\n<div style=\"width: 164px; height: 22px; padding: 5px 10px; overflow: hidden;\">Tamanho da sala de trabalho (C*L*A)<\/div>\n<\/td>\n<td>\n<div style=\"width: 165px; height: 22px; padding: 5px 10px; overflow: hidden;\">800*450*250mm<\/div>\n<\/td>\n<\/tr>\n<tr>\n<td>\n<div style=\"width: 164px; height: auto; padding: 5px 10px; overflow: hidden;\">Carga m\u00e1xima do transportador<\/div>\n<\/td>\n<td>\n<div style=\"width: 164px; height: 22px; padding: 5px 10px; overflow: hidden;\">15 kg<\/div>\n<\/td>\n<td>\n<div style=\"width: 164px; height: 22px; padding: 5px 10px; overflow: hidden;\">Carga m\u00e1xima do transportador<\/div>\n<\/td>\n<td>\n<div style=\"width: 165px; height: 22px; padding: 5px 10px; overflow: hidden;\">10 kg<\/div>\n<\/td>\n<\/tr>\n<tr>\n<td>\n<div style=\"width: 164px; height: 22px; padding: 5px 10px; overflow: hidden;\">Tamanho da m\u00e1quina (C*L*A)<\/div>\n<\/td>\n<td>\n<div style=\"width: 164px; height: 22px; padding: 5px 10px; overflow: hidden;\">1720*730*1050mm<\/div>\n<\/td>\n<td>\n<div style=\"width: 164px; height: 22px; padding: 5px 10px; overflow: hidden;\">Peso da m\u00e1quina<\/div>\n<\/td>\n<td>\n<div style=\"width: 165px; height: 22px; padding: 5px 10px; overflow: hidden;\">100 kg<\/div>\n<\/td>\n<\/tr>\n<tr>\n<td>\n<div style=\"width: 164px; height: 22px; padding: 5px 10px; overflow: hidden;\">Peso da m\u00e1quina<\/div>\n<\/td>\n<td>\n<div style=\"width: 164px; height: 22px; padding: 5px 10px; overflow: hidden;\">150 kg<\/div>\n<\/td>\n<td>\n<div style=\"width: 164px; height: 22px; padding: 5px 10px; overflow: hidden;\">Tamanho da embalagem<\/div>\n<\/td>\n<td>\n<div style=\"width: 165px; height: 22px; padding: 5px 10px; overflow: hidden;\">1310 x 720 x 880 mm<\/div>\n<\/td>\n<\/tr>\n<tr>\n<td>\n<div style=\"width: 164px; height: 22px; padding: 5px 10px; overflow: hidden;\">Pel\u00edcula de corte<\/div>\n<\/td>\n<td>\n<div style=\"width: 164px; height: 22px; padding: 5px 10px; overflow: hidden;\">POF,PVC<\/div>\n<\/td>\n<td>\n<div style=\"width: 164px; height: 22px; padding: 5px 10px; overflow: hidden;\">Pel\u00edcula retr\u00e1til<\/div>\n<\/td>\n<td>\n<div style=\"width: 165px; height: 22px; padding: 5px 10px; overflow: hidden;\">POF,PVC<\/div>\n<\/td>\n<\/tr>\n<tr>\n<td>\n<div style=\"width: 164px; height: 22px; padding: 5px 10px; overflow: hidden;\">Tamanho da embalagem<\/div>\n<\/td>\n<td>\n<div style=\"width: 164px; height: auto; padding: 5px 10px; overflow: hidden;\">1500*850*920mm<\/div>\n<\/td>\n<td>\n<div style=\"width: 164px; height: 22px; padding: 5px 10px; overflow: hidden;\">Tamanho da embalagem<\/div>\n<\/td>\n<td>\n<div style=\"width: 165px; height: auto; padding: 5px 10px; overflow: hidden;\">1340*750*850mm<\/div>\n<\/td>\n<\/tr>\n<\/tbody>\n<\/table>\n<\/div>\n<\/div>\n<div style=\"vertical-align: top; padding-top: 10px; padding-bottom: 10px; margin-right: -4px; margin-left: -4px;\">\n<div id=\"yoto3\" style=\"vertical-align: top; box-sizing: border-box; padding-right: 4px; padding-left: 4px;\">\n<div style=\"overflow: hidden; width: 750px; height: 750px;\"><img decoding=\"async\" class=\"aligncenter\" style=\"width: 750px; height: 750px; margin-left: 0px; margin-top: 0px;\" src=\"https:\/\/sc01.alicdn.com\/kf\/HTB1D9ErXODxK1Rjy1zcq6yGeXXaE\/64496\/HTB1D9ErXODxK1Rjy1zcq6yGeXXaE.jpg\" \/><\/div>\n<\/div>\n<\/div>\n<div style=\"vertical-align: top; padding-top: 10px; padding-bottom: 10px; margin-right: -4px; margin-left: -4px;\">\n<div style=\"vertical-align: top; box-sizing: border-box; padding-right: 4px; padding-left: 4px; margin-top: -4px; margin-bottom: -4px;\">\n<div id=\"rllrg\" style=\"vertical-align: top; box-sizing: border-box; padding-top: 4px; padding-bottom: 4px;\">\n<div style=\"overflow: hidden; width: 750px; height: 320px;\"><img decoding=\"async\" class=\"aligncenter\" style=\"width: 750px; height: 504.753px; margin-left: 0px; margin-top: -33px;\" src=\"https:\/\/sc01.alicdn.com\/kf\/HTB1W2FMazzuK1Rjy0Fpq6yEpFXao\/64496\/HTB1W2FMazzuK1Rjy0Fpq6yEpFXao.jpg\" \/><\/div>\n<\/div>\n<div style=\"vertical-align: top; box-sizing: border-box; padding-top: 4px; padding-bottom: 4px; margin-right: -4px; margin-left: -4px;\">\n<div id=\"vym0z\" style=\"vertical-align: top; width: 50%; display: inline-block; box-sizing: border-box; padding-right: 4px; padding-left: 4px;\">\n<div style=\"overflow: hidden; width: 371px; height: 200px;\"><img decoding=\"async\" class=\"aligncenter\" style=\"width: 371px; height: 387.437px; margin-left: 0px; margin-top: -104px;\" src=\"https:\/\/sc01.alicdn.com\/kf\/HTB14khRasfrK1RkSnb4q6xHRFXaA\/64496\/HTB14khRasfrK1RkSnb4q6xHRFXaA.jpg\" \/><\/div>\n<\/div>\n<div id=\"8qobe\" style=\"vertical-align: top; width: 50%; display: inline-block; box-sizing: border-box; padding-right: 4px; padding-left: 4px;\">\n<div style=\"overflow: hidden; width: 371px; height: 200px;\"><img decoding=\"async\" class=\"aligncenter\" style=\"width: 371px; height: 394.011px; margin-left: 0px; margin-top: -139px;\" src=\"https:\/\/sc02.alicdn.com\/kf\/HTB1gRd0aznuK1RkSmFPq6AuzFXaD\/64496\/HTB1gRd0aznuK1RkSmFPq6AuzFXaD.jpg\" \/><\/div>\n<\/div>\n<\/div>\n<\/div>\n<\/div>\n<div style=\"vertical-align: top; padding-top: 10px; padding-bottom: 10px; margin-right: -4px; margin-left: -4px;\">\n<div style=\"vertical-align: top; box-sizing: border-box; padding-right: 4px; padding-left: 4px; margin-top: -4px; margin-bottom: -4px;\">\n<div id=\"56vka\" style=\"vertical-align: top; box-sizing: border-box; padding-top: 4px; padding-bottom: 4px;\">\n<h3 style=\"padding: 0px; font-size: 16px; line-height: 20px; font-weight: bold; margin: 0px;\">Melhoria<\/h3>\n<\/div>\n<div id=\"b3so2\" style=\"vertical-align: top; box-sizing: border-box; padding-top: 4px; padding-bottom: 4px;\">\n<p style=\"margin: 0; padding: 0;\">1.\u00efUm suporte de pel\u00edcula muito mais forte com pega, mais f\u00e1cil de colocar a pel\u00edcula e de ajustar.<br \/>\n2. roda da agulha melhorada, com novo design e prote\u00e7\u00e3o mais forte.<br \/>\n3.\u00efFilm holder lock, fixa o suporte numa posi\u00e7\u00e3o. Interruptor de alimenta\u00e7\u00e3o de alta qualidade, mais seguran\u00e7a, mais cuidado.<br \/>\n4.\u00efSuporte de elementos cer\u00e2micos, pode ser utilizado durante muito tempo e \u00e9 mais f\u00e1cil de substituir.<br \/>\n5.\u00efNovo design do \u00edman el\u00e9trico com tampa, mais grande, mais forte e mais bonito.<br \/>\n6.\u00efMelhoria da pega de eleva\u00e7\u00e3o do transportador, para garantir um ajuste mais f\u00e1cil da altura do transportador.<br \/>\n7.\u00efMelhoria da \"mola de g\u00e1s\", para garantir que a m\u00e1quina seja mais est\u00e1vel e n\u00e3o seja f\u00e1cil de quebrar.<br \/>\n8.\u00efPainel de controlo mais simples, f\u00e1cil de utilizar.<br \/>\n9.\u00efno interior da caixa el\u00e9ctrica, todas as pe\u00e7as t\u00eam um aspeto mais regular.<br \/>\n10. Nova cobertura para o suporte, que pode proteger bem o suporte e torn\u00e1-lo mais est\u00e1vel.<br \/>\n11. Design inteligente para o transportador, muito mais f\u00e1cil de substituir a correia transportadora.<\/p>\n<\/div>\n<\/div>\n<\/div>\n<\/div>\n<div style=\"vertical-align: top; padding-top: 15px; padding-bottom: 15px;\">\n<div style=\"vertical-align: top; padding-top: 10px; padding-bottom: 10px; margin-right: -4px; margin-left: -4px;\">\n<div id=\"pvps8\" style=\"vertical-align: top; width: 50%; display: inline-block; box-sizing: border-box; padding-right: 4px; padding-left: 4px;\"><\/div>\n<\/div>\n<\/div>\n<\/div>\n<\/div>","protected":false},"excerpt":{"rendered":"<ul class=\"features-list\">\n<li><strong>Semi automatic l bar<\/strong>\u00a0operation<\/li>\n<li><strong>Heavy duty<\/strong>\u00a0frame construction<\/li>\n<li>Consistent pneumatic pressure<\/li>\n<li>Large\u00a0<strong>seal size<\/strong>: 550x450mm<\/li>\n<\/ul>\n<p>Ideal for mid-volume lines. Unlike manual models that rely solely on\u00a0<strong>magnetic hold<\/strong>, this pneumatic unit uses air cylinders to ensure a perfect\u00a0<strong>seal area<\/strong>\u00a0compression every cycle.<\/p>","protected":false},"featured_media":2670,"comment_status":"closed","ping_status":"closed","template":"","meta":[],"product_brand":[],"product_cat":[122,97],"product_tag":[],"class_list":{"0":"post-2918","1":"product","2":"type-product","3":"status-publish","4":"has-post-thumbnail","6":"product_cat-l-type-sealer","7":"product_cat-sealing-machines","9":"first","10":"instock","11":"sale","12":"purchasable","13":"product-type-simple"},"yoast_head":"<!-- This site is optimized with the Yoast SEO Premium plugin v20.9 (Yoast SEO v26.5) - https:\/\/yoast.com\/wordpress\/plugins\/seo\/ -->\n<title>DFQC450 Pneumatic L bar type sealer heat sealing machine and BS-A450 Shrink tunnel packager - ALF PACK<\/title>\n<meta name=\"robots\" content=\"index, follow, max-snippet:-1, max-image-preview:large, max-video-preview:-1\" \/>\n<link rel=\"canonical\" href=\"https:\/\/alfequipment.com\/pt\/product\/dfqc450-seladora-pneumatica-tipo-barra-l-maquina-de-selagem-a-quente-e-embaladora-de-tunel-retratil-bs-a450\/\" \/>\n<meta property=\"og:locale\" content=\"pt_PT\" \/>\n<meta property=\"og:type\" content=\"article\" \/>\n<meta property=\"og:title\" content=\"DFQC450 Pneumatic L bar type sealer heat sealing machine and BS-A450 Shrink tunnel packager\" \/>\n<meta property=\"og:description\" content=\"Semi automatic l bar\u00a0operation  Heavy duty\u00a0frame construction  Consistent pneumatic pressure  Large\u00a0seal size: 550x450mm  Ideal for mid-volume lines. Unlike manual models that rely solely on\u00a0magnetic hold, this pneumatic unit uses air cylinders to ensure a perfect\u00a0seal area\u00a0compression every cycle.\" \/>\n<meta property=\"og:url\" content=\"https:\/\/alfequipment.com\/pt\/product\/dfqc450-seladora-pneumatica-tipo-barra-l-maquina-de-selagem-a-quente-e-embaladora-de-tunel-retratil-bs-a450\/\" \/>\n<meta property=\"og:site_name\" content=\"ALF PACK\" \/>\n<meta property=\"article:modified_time\" content=\"2025-12-24T06:26:46+00:00\" \/>\n<meta property=\"og:image\" content=\"https:\/\/alfequipment.com\/wp-content\/uploads\/2025\/01\/DFQC450-Pneumatic-L-bar-type-sealer-heat.jpg\" \/>\n\t<meta property=\"og:image:width\" content=\"800\" \/>\n\t<meta property=\"og:image:height\" content=\"800\" \/>\n\t<meta property=\"og:image:type\" content=\"image\/webp\" \/>\n<meta name=\"twitter:card\" content=\"summary_large_image\" \/>\n<meta name=\"twitter:label1\" content=\"Tempo estimado de leitura\" \/>\n\t<meta name=\"twitter:data1\" content=\"3 minutos\" \/>\n<script type=\"application\/ld+json\" class=\"yoast-schema-graph\">{\"@context\":\"https:\/\/schema.org\",\"@graph\":[{\"@type\":\"WebPage\",\"@id\":\"https:\/\/alfequipment.com\/product\/dfqc450-pneumatic-l-bar-type-sealer-heat-sealing-machine-and-bs-a450-shrink-tunnel-packager\/\",\"url\":\"https:\/\/alfequipment.com\/product\/dfqc450-pneumatic-l-bar-type-sealer-heat-sealing-machine-and-bs-a450-shrink-tunnel-packager\/\",\"name\":\"DFQC450 Pneumatic L bar type sealer heat sealing machine and BS-A450 Shrink tunnel packager - ALF PACK\",\"isPartOf\":{\"@id\":\"https:\/\/alfequipment.com\/#website\"},\"primaryImageOfPage\":{\"@id\":\"https:\/\/alfequipment.com\/product\/dfqc450-pneumatic-l-bar-type-sealer-heat-sealing-machine-and-bs-a450-shrink-tunnel-packager\/#primaryimage\"},\"image\":{\"@id\":\"https:\/\/alfequipment.com\/product\/dfqc450-pneumatic-l-bar-type-sealer-heat-sealing-machine-and-bs-a450-shrink-tunnel-packager\/#primaryimage\"},\"thumbnailUrl\":\"https:\/\/alfequipment.com\/wp-content\/uploads\/2025\/01\/DFQC450-Pneumatic-L-bar-type-sealer-heat.jpg\",\"datePublished\":\"2024-12-05T04:38:51+00:00\",\"dateModified\":\"2025-12-24T06:26:46+00:00\",\"breadcrumb\":{\"@id\":\"https:\/\/alfequipment.com\/product\/dfqc450-pneumatic-l-bar-type-sealer-heat-sealing-machine-and-bs-a450-shrink-tunnel-packager\/#breadcrumb\"},\"inLanguage\":\"pt-PT\",\"potentialAction\":[{\"@type\":\"ReadAction\",\"target\":[\"https:\/\/alfequipment.com\/product\/dfqc450-pneumatic-l-bar-type-sealer-heat-sealing-machine-and-bs-a450-shrink-tunnel-packager\/\"]}]},{\"@type\":\"ImageObject\",\"inLanguage\":\"pt-PT\",\"@id\":\"https:\/\/alfequipment.com\/product\/dfqc450-pneumatic-l-bar-type-sealer-heat-sealing-machine-and-bs-a450-shrink-tunnel-packager\/#primaryimage\",\"url\":\"https:\/\/alfequipment.com\/wp-content\/uploads\/2025\/01\/DFQC450-Pneumatic-L-bar-type-sealer-heat.jpg\",\"contentUrl\":\"https:\/\/alfequipment.com\/wp-content\/uploads\/2025\/01\/DFQC450-Pneumatic-L-bar-type-sealer-heat.jpg\",\"width\":800,\"height\":800,\"caption\":\"DFQC450 Semi automatic l bar sealer with shrink tunnel\"},{\"@type\":\"BreadcrumbList\",\"@id\":\"https:\/\/alfequipment.com\/product\/dfqc450-pneumatic-l-bar-type-sealer-heat-sealing-machine-and-bs-a450-shrink-tunnel-packager\/#breadcrumb\",\"itemListElement\":[{\"@type\":\"ListItem\",\"position\":1,\"name\":\"Home\",\"item\":\"https:\/\/alfequipment.com\/\"},{\"@type\":\"ListItem\",\"position\":2,\"name\":\"Shop\",\"item\":\"https:\/\/alfequipment.com\/shop\/\"},{\"@type\":\"ListItem\",\"position\":3,\"name\":\"DFQC450 Pneumatic L bar type sealer heat sealing machine and BS-A450 Shrink tunnel packager\"}]},{\"@type\":\"WebSite\",\"@id\":\"https:\/\/alfequipment.com\/#website\",\"url\":\"https:\/\/alfequipment.com\/\",\"name\":\"ALF PACK\",\"description\":\"\",\"publisher\":{\"@id\":\"https:\/\/alfequipment.com\/#organization\"},\"potentialAction\":[{\"@type\":\"SearchAction\",\"target\":{\"@type\":\"EntryPoint\",\"urlTemplate\":\"https:\/\/alfequipment.com\/?s={search_term_string}\"},\"query-input\":{\"@type\":\"PropertyValueSpecification\",\"valueRequired\":true,\"valueName\":\"search_term_string\"}}],\"inLanguage\":\"pt-PT\"},{\"@type\":\"Organization\",\"@id\":\"https:\/\/alfequipment.com\/#organization\",\"name\":\"ALF PACK\",\"url\":\"https:\/\/alfequipment.com\/\",\"logo\":{\"@type\":\"ImageObject\",\"inLanguage\":\"pt-PT\",\"@id\":\"https:\/\/alfequipment.com\/#\/schema\/logo\/image\/\",\"url\":\"https:\/\/alfequipment.com\/wp-content\/uploads\/2024\/11\/ALFlogo-2.webp\",\"contentUrl\":\"https:\/\/alfequipment.com\/wp-content\/uploads\/2024\/11\/ALFlogo-2.webp\",\"width\":758,\"height\":750,\"caption\":\"ALF PACK\"},\"image\":{\"@id\":\"https:\/\/alfequipment.com\/#\/schema\/logo\/image\/\"}}]}<\/script>\n<!-- \/ Yoast SEO Premium plugin. -->","yoast_head_json":{"title":"DFQC450 M\u00e1quina seladora pneum\u00e1tica de calor tipo barra L e embaladora de t\u00fanel retr\u00e1til BS-A450 - ALF PACK","robots":{"index":"index","follow":"follow","max-snippet":"max-snippet:-1","max-image-preview":"max-image-preview:large","max-video-preview":"max-video-preview:-1"},"canonical":"https:\/\/alfequipment.com\/pt\/product\/dfqc450-seladora-pneumatica-tipo-barra-l-maquina-de-selagem-a-quente-e-embaladora-de-tunel-retratil-bs-a450\/","og_locale":"pt_PT","og_type":"article","og_title":"DFQC450 Pneumatic L bar type sealer heat sealing machine and BS-A450 Shrink tunnel packager","og_description":"Semi automatic l bar\u00a0operation  Heavy duty\u00a0frame construction  Consistent pneumatic pressure  Large\u00a0seal size: 550x450mm  Ideal for mid-volume lines. Unlike manual models that rely solely on\u00a0magnetic hold, this pneumatic unit uses air cylinders to ensure a perfect\u00a0seal area\u00a0compression every cycle.","og_url":"https:\/\/alfequipment.com\/pt\/product\/dfqc450-seladora-pneumatica-tipo-barra-l-maquina-de-selagem-a-quente-e-embaladora-de-tunel-retratil-bs-a450\/","og_site_name":"ALF PACK","article_modified_time":"2025-12-24T06:26:46+00:00","og_image":[{"width":800,"height":800,"url":"https:\/\/alfequipment.com\/wp-content\/uploads\/2025\/01\/DFQC450-Pneumatic-L-bar-type-sealer-heat.jpg","type":"image\/webp"}],"twitter_card":"summary_large_image","twitter_misc":{"Tempo estimado de leitura":"3 minutos"},"schema":{"@context":"https:\/\/schema.org","@graph":[{"@type":"WebPage","@id":"https:\/\/alfequipment.com\/product\/dfqc450-pneumatic-l-bar-type-sealer-heat-sealing-machine-and-bs-a450-shrink-tunnel-packager\/","url":"https:\/\/alfequipment.com\/product\/dfqc450-pneumatic-l-bar-type-sealer-heat-sealing-machine-and-bs-a450-shrink-tunnel-packager\/","name":"DFQC450 M\u00e1quina seladora pneum\u00e1tica de calor tipo barra L e embaladora de t\u00fanel retr\u00e1til BS-A450 - ALF PACK","isPartOf":{"@id":"https:\/\/alfequipment.com\/#website"},"primaryImageOfPage":{"@id":"https:\/\/alfequipment.com\/product\/dfqc450-pneumatic-l-bar-type-sealer-heat-sealing-machine-and-bs-a450-shrink-tunnel-packager\/#primaryimage"},"image":{"@id":"https:\/\/alfequipment.com\/product\/dfqc450-pneumatic-l-bar-type-sealer-heat-sealing-machine-and-bs-a450-shrink-tunnel-packager\/#primaryimage"},"thumbnailUrl":"https:\/\/alfequipment.com\/wp-content\/uploads\/2025\/01\/DFQC450-Pneumatic-L-bar-type-sealer-heat.jpg","datePublished":"2024-12-05T04:38:51+00:00","dateModified":"2025-12-24T06:26:46+00:00","breadcrumb":{"@id":"https:\/\/alfequipment.com\/product\/dfqc450-pneumatic-l-bar-type-sealer-heat-sealing-machine-and-bs-a450-shrink-tunnel-packager\/#breadcrumb"},"inLanguage":"pt-PT","potentialAction":[{"@type":"ReadAction","target":["https:\/\/alfequipment.com\/product\/dfqc450-pneumatic-l-bar-type-sealer-heat-sealing-machine-and-bs-a450-shrink-tunnel-packager\/"]}]},{"@type":"ImageObject","inLanguage":"pt-PT","@id":"https:\/\/alfequipment.com\/product\/dfqc450-pneumatic-l-bar-type-sealer-heat-sealing-machine-and-bs-a450-shrink-tunnel-packager\/#primaryimage","url":"https:\/\/alfequipment.com\/wp-content\/uploads\/2025\/01\/DFQC450-Pneumatic-L-bar-type-sealer-heat.jpg","contentUrl":"https:\/\/alfequipment.com\/wp-content\/uploads\/2025\/01\/DFQC450-Pneumatic-L-bar-type-sealer-heat.jpg","width":800,"height":800,"caption":"DFQC450 Semi automatic l bar sealer with shrink tunnel"},{"@type":"BreadcrumbList","@id":"https:\/\/alfequipment.com\/product\/dfqc450-pneumatic-l-bar-type-sealer-heat-sealing-machine-and-bs-a450-shrink-tunnel-packager\/#breadcrumb","itemListElement":[{"@type":"ListItem","position":1,"name":"Home","item":"https:\/\/alfequipment.com\/"},{"@type":"ListItem","position":2,"name":"Shop","item":"https:\/\/alfequipment.com\/shop\/"},{"@type":"ListItem","position":3,"name":"DFQC450 Pneumatic L bar type sealer heat sealing machine and BS-A450 Shrink tunnel packager"}]},{"@type":"WebSite","@id":"https:\/\/alfequipment.com\/#website","url":"https:\/\/alfequipment.com\/","name":"PACK ALF","description":"","publisher":{"@id":"https:\/\/alfequipment.com\/#organization"},"potentialAction":[{"@type":"SearchAction","target":{"@type":"EntryPoint","urlTemplate":"https:\/\/alfequipment.com\/?s={search_term_string}"},"query-input":{"@type":"PropertyValueSpecification","valueRequired":true,"valueName":"search_term_string"}}],"inLanguage":"pt-PT"},{"@type":"Organization","@id":"https:\/\/alfequipment.com\/#organization","name":"PACK ALF","url":"https:\/\/alfequipment.com\/","logo":{"@type":"ImageObject","inLanguage":"pt-PT","@id":"https:\/\/alfequipment.com\/#\/schema\/logo\/image\/","url":"https:\/\/alfequipment.com\/wp-content\/uploads\/2024\/11\/ALFlogo-2.webp","contentUrl":"https:\/\/alfequipment.com\/wp-content\/uploads\/2024\/11\/ALFlogo-2.webp","width":758,"height":750,"caption":"ALF PACK"},"image":{"@id":"https:\/\/alfequipment.com\/#\/schema\/logo\/image\/"}}]}},"_links":{"self":[{"href":"https:\/\/alfequipment.com\/pt\/wp-json\/wp\/v2\/product\/2918","targetHints":{"allow":["GET"]}}],"collection":[{"href":"https:\/\/alfequipment.com\/pt\/wp-json\/wp\/v2\/product"}],"about":[{"href":"https:\/\/alfequipment.com\/pt\/wp-json\/wp\/v2\/types\/product"}],"replies":[{"embeddable":true,"href":"https:\/\/alfequipment.com\/pt\/wp-json\/wp\/v2\/comments?post=2918"}],"version-history":[{"count":0,"href":"https:\/\/alfequipment.com\/pt\/wp-json\/wp\/v2\/product\/2918\/revisions"}],"wp:featuredmedia":[{"embeddable":true,"href":"https:\/\/alfequipment.com\/pt\/wp-json\/wp\/v2\/media\/2670"}],"wp:attachment":[{"href":"https:\/\/alfequipment.com\/pt\/wp-json\/wp\/v2\/media?parent=2918"}],"wp:term":[{"taxonomy":"product_brand","embeddable":true,"href":"https:\/\/alfequipment.com\/pt\/wp-json\/wp\/v2\/product_brand?post=2918"},{"taxonomy":"product_cat","embeddable":true,"href":"https:\/\/alfequipment.com\/pt\/wp-json\/wp\/v2\/product_cat?post=2918"},{"taxonomy":"product_tag","embeddable":true,"href":"https:\/\/alfequipment.com\/pt\/wp-json\/wp\/v2\/product_tag?post=2918"}],"curies":[{"name":"wp","href":"https:\/\/api.w.org\/{rel}","templated":true}]}}