{"id":2922,"date":"2024-12-02T05:11:53","date_gmt":"2024-12-02T05:11:53","guid":{"rendered":"https:\/\/alfequipment.com\/product\/dfqa450-l-bar-sealer-l-type-sealing-cutting-machine-and-bs-a450-heat-shrink-tunnel-packaging-machine-packager\/"},"modified":"2025-01-14T02:51:44","modified_gmt":"2025-01-14T02:51:44","slug":"dfqa450-l-bar-sealer-l-type-sealing-cutting-machine-and-bs-a450-heat-shrink-tunnel-packaging-machine-packager","status":"publish","type":"product","link":"https:\/\/alfequipment.com\/pt\/product\/dfqa450-l-bar-sealer-l-type-sealing-cutting-machine-and-bs-a450-heat-shrink-tunnel-packaging-machine-packager\/","title":{"rendered":"DFQA450 M\u00e1quina de corte e selagem de barras em L e m\u00e1quina de embalagem em t\u00fanel termorretr\u00e1ctil BS-A450"},"content":{"rendered":"<div data-magic-global=\"%7B%22bizId%22%3A17179933680%2C%22pageId%22%3A21037188661%2C%22siteId%22%3A5005331025%7D\" id=\"detail_decorate_root\">\n<div module-id=\"28116024778\" module-title=\"detailProductNavigation\" render=\"true\" class=\"J_module\">\n<div id=\"ali-anchor-AliMagic-taqj7o\" data-section=\"AliMagic-taqj7o\" data-section-title=\"Product Description\" class=\"magic-0\">A seladora semi-autom\u00e1tica tipo L DFQA450 e o t\u00fanel de encolhimento BS-A450 s\u00e3o adequados para embalar caixas, brinquedos, tijolos electr\u00f3nicos e assim por diante. As duas m\u00e1quinas podem embalar os produtos com uma camada de filme pl\u00e1stico, o que torna a embalagem mais bonita e firme.<\/div>\n<\/div>\n<div module-id=\"28116024779\" module-title=\"detailTextWithTitle\" render=\"true\" class=\"J_module\">\n<div class=\"detail-decorate-json-renderer-container\">\n<div class=\"magic-1\">\n<div class=\"magic-4\">\n<div class=\"magic-5\">\n<div class=\"magic-6\">\n<p class=\"magic-7\">Carater\u00edstica: <br \/>1. A m\u00e1quina adopta uma faca de selagem sem aquecimento e sem ader\u00eancia, o que garante o bom funcionamento da m\u00e1quina e a aus\u00eancia de fumo.<br \/>2. O tempo de transfer\u00eancia dos produtos para o t\u00fanel, ap\u00f3s a selagem e o corte, \u00e9 ajust\u00e1vel.<br \/>3. Trabalhando com t\u00fanel de encolhimento, alta efici\u00eancia, mais conveniente.<\/p>\n<\/p><\/div>\n<\/p><\/div>\n<\/p><\/div>\n<\/p><\/div>\n<\/p><\/div>\n<\/p><\/div>\n<div module-id=\"28116024780\" module-title=\"detailTableHorizontal\" render=\"true\" class=\"J_module\">\n<div class=\"ife-detail-decorate-table\">\n<table class=\"has-title all magic-8\">\n<tbody>\n<tr>\n<td colspan=\"1\" rowspan=\"1\">\n<div class=\"magic-9\">\n        Modelo\n       <\/div>\n<\/td>\n<td colspan=\"1\" rowspan=\"1\">\n<div class=\"magic-9\">\n        DFQA450\n       <\/div>\n<\/td>\n<td colspan=\"1\" rowspan=\"1\">\n<div class=\"magic-9\">\n        Modelo\n       <\/div>\n<\/td>\n<td colspan=\"1\" rowspan=\"1\">\n<div class=\"magic-9\">\n        BS-A450\n       <\/div>\n<\/td>\n<\/tr>\n<tr>\n<td colspan=\"1\" rowspan=\"1\">\n<div class=\"magic-9\">\n        Tens\u00e3o\n       <\/div>\n<\/td>\n<td colspan=\"1\" rowspan=\"1\">\n<div class=\"magic-9\">\n        AC220V 50-60HZ\n       <\/div>\n<\/td>\n<td colspan=\"1\" rowspan=\"1\">\n<div class=\"magic-9\">\n        Tens\u00e3o\n       <\/div>\n<\/td>\n<td colspan=\"1\" rowspan=\"1\">\n<div class=\"magic-9\">\n        220-240V\/50-60HZ\n       <\/div>\n<\/td>\n<\/tr>\n<tr>\n<td colspan=\"1\" rowspan=\"1\">\n<div class=\"magic-9\">\n        Pot\u00eancia do aquecedor\n       <\/div>\n<\/td>\n<td colspan=\"1\" rowspan=\"1\">\n<div class=\"magic-9\">\n        1KW&nbsp;\n       <\/div>\n<\/td>\n<td colspan=\"1\" rowspan=\"1\">\n<div class=\"magic-9\">\n        Pot\u00eancia do aquecedor\n       <\/div>\n<\/td>\n<td colspan=\"1\" rowspan=\"1\">\n<div class=\"magic-9\">\n        9kW\n       <\/div>\n<\/td>\n<\/tr>\n<tr>\n<td colspan=\"1\" rowspan=\"1\">\n<div class=\"magic-9\">\n        Tempo de corte do selo\n       <\/div>\n<\/td>\n<td colspan=\"1\" rowspan=\"1\">\n<div class=\"magic-9\">\n        0-3s\n       <\/div>\n<\/td>\n<td colspan=\"1\" rowspan=\"1\">\n<div class=\"magic-9\">\n        Velocidade do transportador\n       <\/div>\n<\/td>\n<td colspan=\"1\" rowspan=\"1\">\n<div class=\"magic-9\">\n        0-10m\/min\n       <\/div>\n<\/td>\n<\/tr>\n<tr>\n<td colspan=\"1\" rowspan=\"1\">\n<div class=\"magic-9\">\n        Tamanho m\u00e1ximo da veda\u00e7\u00e3o (C*L)\n       <\/div>\n<\/td>\n<td colspan=\"1\" rowspan=\"1\">\n<div class=\"magic-9\">\n        500*450mm\n       <\/div>\n<\/td>\n<td colspan=\"1\" rowspan=\"1\">\n<div class=\"magic-9\">\n        Tamanho da sala de trabalho (C*L*A)\n       <\/div>\n<\/td>\n<td colspan=\"1\" rowspan=\"1\">\n<div class=\"magic-9\">\n        800*450*250mm\n       <\/div>\n<\/td>\n<\/tr>\n<tr>\n<td colspan=\"1\" rowspan=\"1\">\n<div class=\"magic-9\">\n        Carga m\u00e1xima do transportador\n       <\/div>\n<\/td>\n<td colspan=\"1\" rowspan=\"1\">\n<div class=\"magic-9\">\n        15 kg\n       <\/div>\n<\/td>\n<td colspan=\"1\" rowspan=\"1\">\n<div class=\"magic-9\">\n        Carga m\u00e1xima do transportador\n       <\/div>\n<\/td>\n<td colspan=\"1\" rowspan=\"1\">\n<div class=\"magic-9\">\n        10 kg\n       <\/div>\n<\/td>\n<\/tr>\n<tr>\n<td colspan=\"1\" rowspan=\"1\">\n<div class=\"magic-9\">\n        Tamanho da m\u00e1quina (C*L*A)\n       <\/div>\n<\/td>\n<td colspan=\"1\" rowspan=\"1\">\n<div class=\"magic-9\">\n        1720*730*1050mm\n       <\/div>\n<\/td>\n<td colspan=\"1\" rowspan=\"1\">\n<div class=\"magic-9\">\n        Tamanho da m\u00e1quina\n       <\/div>\n<\/td>\n<td colspan=\"1\" rowspan=\"1\">\n<div class=\"magic-9\">\n        1310 x 720 x 880 mm\n       <\/div>\n<\/td>\n<\/tr>\n<tr>\n<td colspan=\"1\" rowspan=\"1\">\n<div class=\"magic-9\">\n        Peso da m\u00e1quina\n       <\/div>\n<\/td>\n<td colspan=\"1\" rowspan=\"1\">\n<div class=\"magic-9\">\n        130 kg\n       <\/div>\n<\/td>\n<td colspan=\"1\" rowspan=\"1\">\n<div class=\"magic-9\">\n        Peso da m\u00e1quina\n       <\/div>\n<\/td>\n<td colspan=\"1\" rowspan=\"1\">\n<div class=\"magic-9\">\n        100KG\n       <\/div>\n<\/td>\n<\/tr>\n<tr>\n<td colspan=\"1\" rowspan=\"1\">\n<div class=\"magic-9\">\n        Pel\u00edcula de corte\n       <\/div>\n<\/td>\n<td colspan=\"1\" rowspan=\"1\">\n<div class=\"magic-9\">\n        POF,PVC\n       <\/div>\n<\/td>\n<td colspan=\"1\" rowspan=\"1\">\n<div class=\"magic-9\">\n        Pel\u00edcula retr\u00e1til\n       <\/div>\n<\/td>\n<td colspan=\"1\" rowspan=\"1\">\n<div class=\"magic-9\">\n        POF,PVC\n       <\/div>\n<\/td>\n<\/tr>\n<tr>\n<td colspan=\"1\" rowspan=\"1\">\n<div class=\"magic-9\">\n        Tamanho da embalagem\n       <\/div>\n<\/td>\n<td colspan=\"1\" rowspan=\"1\">\n<div class=\"magic-9\">\n        1500*850*910mm\n       <\/div>\n<\/td>\n<td colspan=\"1\" rowspan=\"1\">\n<div class=\"magic-9\">\n        Tamanho da embalagem\n       <\/div>\n<\/td>\n<td colspan=\"1\" rowspan=\"1\">\n<div class=\"magic-9\">\n        1340*750*850mm\n       <\/div>\n<\/td>\n<\/tr>\n<\/tbody>\n<\/table><\/div>\n<\/p><\/div>\n<div module-id=\"28116024781\" module-title=\"detailSingleImage\" render=\"true\" class=\"J_module\">\n<div class=\"icbu-pc-images magic-10\">\n<div>\n<div class=\"flex-layout-v\">\n<div class=\"flex-layout-h magic-10\">\n<div class=\"magic-11\">\n       <img decoding=\"async\" src=\"https:\/\/sc01.alicdn.com\/kf\/HTB1KNUsXIvrK1Rjy0Feq6ATmVXaU\/64496\/HTB1KNUsXIvrK1Rjy0Feq6ATmVXaU.jpg\" class=\"aligncenter\">\n      <\/div>\n<\/p><\/div>\n<\/p><\/div>\n<\/p><\/div>\n<\/p><\/div>\n<\/p><\/div>\n<div module-id=\"28116024782\" module-title=\"detailVerticalImages\" render=\"true\" class=\"J_module\">\n<div class=\"icbu-pc-images magic-10\">\n<div>\n<div class=\"flex-layout-v\">\n<div class=\"magic-13\">\n      <img decoding=\"async\" src=\"https:\/\/sc01.alicdn.com\/kf\/HTB1W2FMazzuK1Rjy0Fpq6yEpFXao\/64496\/HTB1W2FMazzuK1Rjy0Fpq6yEpFXao.jpg\" class=\"aligncenter\">\n     <\/div>\n<div class=\"flex-layout-h magic-10\">\n<div class=\"magic-15\">\n       <img decoding=\"async\" src=\"https:\/\/sc01.alicdn.com\/kf\/HTB1aitPasfrK1RkSnb4q6xHRFXa8\/64496\/HTB1aitPasfrK1RkSnb4q6xHRFXa8.jpg\" class=\"aligncenter\">\n      <\/div>\n<div class=\"magic-17\">\n       <img decoding=\"async\" src=\"https:\/\/sc01.alicdn.com\/kf\/HTB1q3dRax2rK1RkSnhJq6ykdpXaM\/64496\/HTB1q3dRax2rK1RkSnhJq6ykdpXaM.jpg\" class=\"aligncenter\">\n      <\/div>\n<\/p><\/div>\n<\/p><\/div>\n<\/p><\/div>\n<\/p><\/div>\n<\/p><\/div>\n<div module-id=\"28116024783\" module-title=\"detailTextWithTitle\" render=\"true\" class=\"J_module\">\n<div class=\"detail-decorate-json-renderer-container\">\n<div class=\"magic-1\">\n<h3 class=\"magic-2\"><\/h3>\n<h3 class=\"magic-3\">Melhoria<br \/><\/h3>\n<div class=\"magic-4\">\n<div class=\"magic-5\">\n<div class=\"magic-6\">\n<p class=\"magic-7\">1.\u00efUm suporte de pel\u00edcula muito mais forte com pega, mais f\u00e1cil de colocar a pel\u00edcula e de ajustar.<br \/>2. roda da agulha melhorada, com novo design e prote\u00e7\u00e3o mais forte.<br \/>3.\u00efFilm holder lock, fixa o suporte numa posi\u00e7\u00e3o. Interruptor de alimenta\u00e7\u00e3o de alta qualidade, mais seguran\u00e7a, mais cuidado.<br \/>4.\u00efSuporte de elementos cer\u00e2micos, pode ser utilizado durante muito tempo e \u00e9 mais f\u00e1cil de substituir.<br \/>5.\u00efNovo design do \u00edman el\u00e9trico com tampa, mais grande, mais forte e mais bonito.<br \/>6.\u00efMelhoria da pega de eleva\u00e7\u00e3o do transportador, para garantir um ajuste mais f\u00e1cil da altura do transportador.<br \/>7.\u00efMelhoria da \"mola de g\u00e1s\", para garantir que a m\u00e1quina seja mais est\u00e1vel e n\u00e3o seja f\u00e1cil de quebrar.<br \/>8.\u00efPainel de controlo mais simples, f\u00e1cil de utilizar.<br \/>9.\u00efno interior da caixa el\u00e9ctrica, todas as pe\u00e7as t\u00eam um aspeto mais regular.<br \/>10.  Nova cobertura para o suporte, que pode proteger bem o suporte e torn\u00e1-lo mais est\u00e1vel.<\/p>\n<p class=\"magic-7\">11.  Design inteligente para o transportador, muito mais f\u00e1cil de substituir a correia transportadora.<\/p>\n<\/p><\/div>\n<\/p><\/div>\n<\/p><\/div>\n<\/p><\/div>\n<\/p><\/div>\n<\/p><\/div>\n<\/div>","protected":false},"excerpt":{"rendered":"<p>Seladora semi-autom\u00e1tica de barras em L<\/p>","protected":false},"featured_media":2678,"comment_status":"closed","ping_status":"open","template":"","meta":[],"product_brand":[],"product_cat":[122,97],"product_tag":[],"class_list":{"0":"post-2922","1":"product","2":"type-product","3":"status-publish","4":"has-post-thumbnail","6":"product_cat-l-type-sealer","7":"product_cat-sealing-machines","9":"first","10":"instock","11":"sale","12":"purchasable","13":"product-type-simple"},"yoast_head":"<!-- This site is optimized with the Yoast SEO Premium plugin v20.9 (Yoast SEO v26.5) - https:\/\/yoast.com\/wordpress\/plugins\/seo\/ -->\n<title>DFQA450 L-bar sealer L type sealing cutting machine and BS-A450 heat shrink tunnel packaging machine packager - ALF PACK<\/title>\n<meta name=\"robots\" content=\"index, follow, max-snippet:-1, max-image-preview:large, max-video-preview:-1\" \/>\n<link rel=\"canonical\" href=\"https:\/\/alfequipment.com\/pt\/product\/dfqa450-l-bar-sealer-l-type-sealing-cutting-machine-and-bs-a450-heat-shrink-tunnel-packaging-machine-packager\/\" \/>\n<meta property=\"og:locale\" content=\"pt_PT\" \/>\n<meta property=\"og:type\" content=\"article\" \/>\n<meta property=\"og:title\" content=\"DFQA450 L-bar sealer L type sealing cutting machine and BS-A450 heat shrink tunnel packaging machine packager\" \/>\n<meta property=\"og:description\" content=\"Semi-automatic L-bar Sealer\" \/>\n<meta property=\"og:url\" content=\"https:\/\/alfequipment.com\/pt\/product\/dfqa450-l-bar-sealer-l-type-sealing-cutting-machine-and-bs-a450-heat-shrink-tunnel-packaging-machine-packager\/\" \/>\n<meta property=\"og:site_name\" content=\"ALF PACK\" \/>\n<meta property=\"article:modified_time\" content=\"2025-01-14T02:51:44+00:00\" \/>\n<meta property=\"og:image\" content=\"https:\/\/alfequipment.com\/wp-content\/uploads\/2025\/01\/DFQA450-L-bar-sealer-L-type-sealing.jpg\" \/>\n\t<meta property=\"og:image:width\" content=\"800\" \/>\n\t<meta property=\"og:image:height\" content=\"800\" \/>\n\t<meta property=\"og:image:type\" content=\"image\/webp\" \/>\n<meta name=\"twitter:card\" content=\"summary_large_image\" \/>\n<meta name=\"twitter:label1\" content=\"Tempo estimado de leitura\" \/>\n\t<meta name=\"twitter:data1\" content=\"2 minutos\" \/>\n<script type=\"application\/ld+json\" class=\"yoast-schema-graph\">{\"@context\":\"https:\/\/schema.org\",\"@graph\":[{\"@type\":\"WebPage\",\"@id\":\"https:\/\/alfequipment.com\/product\/dfqa450-l-bar-sealer-l-type-sealing-cutting-machine-and-bs-a450-heat-shrink-tunnel-packaging-machine-packager\/\",\"url\":\"https:\/\/alfequipment.com\/product\/dfqa450-l-bar-sealer-l-type-sealing-cutting-machine-and-bs-a450-heat-shrink-tunnel-packaging-machine-packager\/\",\"name\":\"DFQA450 L-bar sealer L type sealing cutting machine and BS-A450 heat shrink tunnel packaging machine packager - ALF PACK\",\"isPartOf\":{\"@id\":\"https:\/\/alfequipment.com\/#website\"},\"primaryImageOfPage\":{\"@id\":\"https:\/\/alfequipment.com\/product\/dfqa450-l-bar-sealer-l-type-sealing-cutting-machine-and-bs-a450-heat-shrink-tunnel-packaging-machine-packager\/#primaryimage\"},\"image\":{\"@id\":\"https:\/\/alfequipment.com\/product\/dfqa450-l-bar-sealer-l-type-sealing-cutting-machine-and-bs-a450-heat-shrink-tunnel-packaging-machine-packager\/#primaryimage\"},\"thumbnailUrl\":\"https:\/\/alfequipment.com\/wp-content\/uploads\/2025\/01\/DFQA450-L-bar-sealer-L-type-sealing.jpg\",\"datePublished\":\"2024-12-02T05:11:53+00:00\",\"dateModified\":\"2025-01-14T02:51:44+00:00\",\"breadcrumb\":{\"@id\":\"https:\/\/alfequipment.com\/product\/dfqa450-l-bar-sealer-l-type-sealing-cutting-machine-and-bs-a450-heat-shrink-tunnel-packaging-machine-packager\/#breadcrumb\"},\"inLanguage\":\"pt-PT\",\"potentialAction\":[{\"@type\":\"ReadAction\",\"target\":[\"https:\/\/alfequipment.com\/product\/dfqa450-l-bar-sealer-l-type-sealing-cutting-machine-and-bs-a450-heat-shrink-tunnel-packaging-machine-packager\/\"]}]},{\"@type\":\"ImageObject\",\"inLanguage\":\"pt-PT\",\"@id\":\"https:\/\/alfequipment.com\/product\/dfqa450-l-bar-sealer-l-type-sealing-cutting-machine-and-bs-a450-heat-shrink-tunnel-packaging-machine-packager\/#primaryimage\",\"url\":\"https:\/\/alfequipment.com\/wp-content\/uploads\/2025\/01\/DFQA450-L-bar-sealer-L-type-sealing.jpg\",\"contentUrl\":\"https:\/\/alfequipment.com\/wp-content\/uploads\/2025\/01\/DFQA450-L-bar-sealer-L-type-sealing.jpg\",\"width\":800,\"height\":800},{\"@type\":\"BreadcrumbList\",\"@id\":\"https:\/\/alfequipment.com\/product\/dfqa450-l-bar-sealer-l-type-sealing-cutting-machine-and-bs-a450-heat-shrink-tunnel-packaging-machine-packager\/#breadcrumb\",\"itemListElement\":[{\"@type\":\"ListItem\",\"position\":1,\"name\":\"Home\",\"item\":\"https:\/\/alfequipment.com\/\"},{\"@type\":\"ListItem\",\"position\":2,\"name\":\"Shop\",\"item\":\"https:\/\/alfequipment.com\/shop\/\"},{\"@type\":\"ListItem\",\"position\":3,\"name\":\"DFQA450 L-bar sealer L type sealing cutting machine and BS-A450 heat shrink tunnel packaging machine packager\"}]},{\"@type\":\"WebSite\",\"@id\":\"https:\/\/alfequipment.com\/#website\",\"url\":\"https:\/\/alfequipment.com\/\",\"name\":\"ALF PACK\",\"description\":\"\",\"publisher\":{\"@id\":\"https:\/\/alfequipment.com\/#organization\"},\"potentialAction\":[{\"@type\":\"SearchAction\",\"target\":{\"@type\":\"EntryPoint\",\"urlTemplate\":\"https:\/\/alfequipment.com\/?s={search_term_string}\"},\"query-input\":{\"@type\":\"PropertyValueSpecification\",\"valueRequired\":true,\"valueName\":\"search_term_string\"}}],\"inLanguage\":\"pt-PT\"},{\"@type\":\"Organization\",\"@id\":\"https:\/\/alfequipment.com\/#organization\",\"name\":\"ALF PACK\",\"url\":\"https:\/\/alfequipment.com\/\",\"logo\":{\"@type\":\"ImageObject\",\"inLanguage\":\"pt-PT\",\"@id\":\"https:\/\/alfequipment.com\/#\/schema\/logo\/image\/\",\"url\":\"https:\/\/alfequipment.com\/wp-content\/uploads\/2024\/11\/ALFlogo-2.webp\",\"contentUrl\":\"https:\/\/alfequipment.com\/wp-content\/uploads\/2024\/11\/ALFlogo-2.webp\",\"width\":758,\"height\":750,\"caption\":\"ALF PACK\"},\"image\":{\"@id\":\"https:\/\/alfequipment.com\/#\/schema\/logo\/image\/\"}}]}<\/script>\n<!-- \/ Yoast SEO Premium plugin. -->","yoast_head_json":{"title":"DFQA450 M\u00e1quina de corte e selagem tipo L e m\u00e1quina de embalagem em t\u00fanel termorretr\u00e1ctil BS-A450 - ALF PACK","robots":{"index":"index","follow":"follow","max-snippet":"max-snippet:-1","max-image-preview":"max-image-preview:large","max-video-preview":"max-video-preview:-1"},"canonical":"https:\/\/alfequipment.com\/pt\/product\/dfqa450-l-bar-sealer-l-type-sealing-cutting-machine-and-bs-a450-heat-shrink-tunnel-packaging-machine-packager\/","og_locale":"pt_PT","og_type":"article","og_title":"DFQA450 L-bar sealer L type sealing cutting machine and BS-A450 heat shrink tunnel packaging machine packager","og_description":"Semi-automatic L-bar Sealer","og_url":"https:\/\/alfequipment.com\/pt\/product\/dfqa450-l-bar-sealer-l-type-sealing-cutting-machine-and-bs-a450-heat-shrink-tunnel-packaging-machine-packager\/","og_site_name":"ALF PACK","article_modified_time":"2025-01-14T02:51:44+00:00","og_image":[{"width":800,"height":800,"url":"https:\/\/alfequipment.com\/wp-content\/uploads\/2025\/01\/DFQA450-L-bar-sealer-L-type-sealing.jpg","type":"image\/webp"}],"twitter_card":"summary_large_image","twitter_misc":{"Tempo estimado de leitura":"2 minutos"},"schema":{"@context":"https:\/\/schema.org","@graph":[{"@type":"WebPage","@id":"https:\/\/alfequipment.com\/product\/dfqa450-l-bar-sealer-l-type-sealing-cutting-machine-and-bs-a450-heat-shrink-tunnel-packaging-machine-packager\/","url":"https:\/\/alfequipment.com\/product\/dfqa450-l-bar-sealer-l-type-sealing-cutting-machine-and-bs-a450-heat-shrink-tunnel-packaging-machine-packager\/","name":"DFQA450 M\u00e1quina de corte e selagem tipo L e m\u00e1quina de embalagem em t\u00fanel termorretr\u00e1ctil BS-A450 - ALF PACK","isPartOf":{"@id":"https:\/\/alfequipment.com\/#website"},"primaryImageOfPage":{"@id":"https:\/\/alfequipment.com\/product\/dfqa450-l-bar-sealer-l-type-sealing-cutting-machine-and-bs-a450-heat-shrink-tunnel-packaging-machine-packager\/#primaryimage"},"image":{"@id":"https:\/\/alfequipment.com\/product\/dfqa450-l-bar-sealer-l-type-sealing-cutting-machine-and-bs-a450-heat-shrink-tunnel-packaging-machine-packager\/#primaryimage"},"thumbnailUrl":"https:\/\/alfequipment.com\/wp-content\/uploads\/2025\/01\/DFQA450-L-bar-sealer-L-type-sealing.jpg","datePublished":"2024-12-02T05:11:53+00:00","dateModified":"2025-01-14T02:51:44+00:00","breadcrumb":{"@id":"https:\/\/alfequipment.com\/product\/dfqa450-l-bar-sealer-l-type-sealing-cutting-machine-and-bs-a450-heat-shrink-tunnel-packaging-machine-packager\/#breadcrumb"},"inLanguage":"pt-PT","potentialAction":[{"@type":"ReadAction","target":["https:\/\/alfequipment.com\/product\/dfqa450-l-bar-sealer-l-type-sealing-cutting-machine-and-bs-a450-heat-shrink-tunnel-packaging-machine-packager\/"]}]},{"@type":"ImageObject","inLanguage":"pt-PT","@id":"https:\/\/alfequipment.com\/product\/dfqa450-l-bar-sealer-l-type-sealing-cutting-machine-and-bs-a450-heat-shrink-tunnel-packaging-machine-packager\/#primaryimage","url":"https:\/\/alfequipment.com\/wp-content\/uploads\/2025\/01\/DFQA450-L-bar-sealer-L-type-sealing.jpg","contentUrl":"https:\/\/alfequipment.com\/wp-content\/uploads\/2025\/01\/DFQA450-L-bar-sealer-L-type-sealing.jpg","width":800,"height":800},{"@type":"BreadcrumbList","@id":"https:\/\/alfequipment.com\/product\/dfqa450-l-bar-sealer-l-type-sealing-cutting-machine-and-bs-a450-heat-shrink-tunnel-packaging-machine-packager\/#breadcrumb","itemListElement":[{"@type":"ListItem","position":1,"name":"Home","item":"https:\/\/alfequipment.com\/"},{"@type":"ListItem","position":2,"name":"Shop","item":"https:\/\/alfequipment.com\/shop\/"},{"@type":"ListItem","position":3,"name":"DFQA450 L-bar sealer L type sealing cutting machine and BS-A450 heat shrink tunnel packaging machine packager"}]},{"@type":"WebSite","@id":"https:\/\/alfequipment.com\/#website","url":"https:\/\/alfequipment.com\/","name":"PACK ALF","description":"","publisher":{"@id":"https:\/\/alfequipment.com\/#organization"},"potentialAction":[{"@type":"SearchAction","target":{"@type":"EntryPoint","urlTemplate":"https:\/\/alfequipment.com\/?s={search_term_string}"},"query-input":{"@type":"PropertyValueSpecification","valueRequired":true,"valueName":"search_term_string"}}],"inLanguage":"pt-PT"},{"@type":"Organization","@id":"https:\/\/alfequipment.com\/#organization","name":"PACK ALF","url":"https:\/\/alfequipment.com\/","logo":{"@type":"ImageObject","inLanguage":"pt-PT","@id":"https:\/\/alfequipment.com\/#\/schema\/logo\/image\/","url":"https:\/\/alfequipment.com\/wp-content\/uploads\/2024\/11\/ALFlogo-2.webp","contentUrl":"https:\/\/alfequipment.com\/wp-content\/uploads\/2024\/11\/ALFlogo-2.webp","width":758,"height":750,"caption":"ALF PACK"},"image":{"@id":"https:\/\/alfequipment.com\/#\/schema\/logo\/image\/"}}]}},"_links":{"self":[{"href":"https:\/\/alfequipment.com\/pt\/wp-json\/wp\/v2\/product\/2922","targetHints":{"allow":["GET"]}}],"collection":[{"href":"https:\/\/alfequipment.com\/pt\/wp-json\/wp\/v2\/product"}],"about":[{"href":"https:\/\/alfequipment.com\/pt\/wp-json\/wp\/v2\/types\/product"}],"replies":[{"embeddable":true,"href":"https:\/\/alfequipment.com\/pt\/wp-json\/wp\/v2\/comments?post=2922"}],"version-history":[{"count":0,"href":"https:\/\/alfequipment.com\/pt\/wp-json\/wp\/v2\/product\/2922\/revisions"}],"wp:featuredmedia":[{"embeddable":true,"href":"https:\/\/alfequipment.com\/pt\/wp-json\/wp\/v2\/media\/2678"}],"wp:attachment":[{"href":"https:\/\/alfequipment.com\/pt\/wp-json\/wp\/v2\/media?parent=2922"}],"wp:term":[{"taxonomy":"product_brand","embeddable":true,"href":"https:\/\/alfequipment.com\/pt\/wp-json\/wp\/v2\/product_brand?post=2922"},{"taxonomy":"product_cat","embeddable":true,"href":"https:\/\/alfequipment.com\/pt\/wp-json\/wp\/v2\/product_cat?post=2922"},{"taxonomy":"product_tag","embeddable":true,"href":"https:\/\/alfequipment.com\/pt\/wp-json\/wp\/v2\/product_tag?post=2922"}],"curies":[{"name":"wp","href":"https:\/\/api.w.org\/{rel}","templated":true}]}}