{"id":2924,"date":"2024-12-08T12:40:47","date_gmt":"2024-12-08T12:40:47","guid":{"rendered":"https:\/\/alfequipment.com\/product\/dql5545s-automatic-l-bar-type-sealer-sealing-packaging-machine-and-dsd4520-shrink-tunnel-packager\/"},"modified":"2025-01-13T13:08:55","modified_gmt":"2025-01-13T13:08:55","slug":"dql5545s-seladora-automatica-de-barra-em-l-e-embaladora-de-tunel-retratil-dsd4520","status":"publish","type":"product","link":"https:\/\/alfequipment.com\/pt\/product\/dql5545s-seladora-automatica-de-barra-em-l-e-embaladora-de-tunel-retratil-dsd4520\/","title":{"rendered":"DQL5545S M\u00e1quina de embalagem autom\u00e1tica de selagem tipo barra L e embaladora de t\u00fanel retr\u00e1til DSD4520"},"content":{"rendered":"<p><\/p>\n<div style=\"vertical-align: top; padding-top: 10px; padding-bottom: 10px; margin-right: -4px; margin-left: -4px;\">\n<div style=\"vertical-align: top; box-sizing: border-box; padding-right: 4px; padding-left: 4px; margin-top: -4px; margin-bottom: -4px;\">\n<div id=\"szl4k\" style=\"vertical-align: top; box-sizing: border-box; padding-top: 4px; padding-bottom: 4px;\">\n   <\/div>\n<div id=\"cfys7\" style=\"vertical-align: top; box-sizing: border-box; padding-top: 4px; padding-bottom: 4px;\">\n<p style=\"margin: 0; padding: 0;\">Carater\u00edsticas da seladora autom\u00e1tica tipo L DQL5545:<\/p>\n<p>1. A l\u00e2mina de selagem adopta liga de cobre pulverizada com Teflon, n\u00e3o cola a pel\u00edcula, \u00e9 r\u00e1pida na selagem, n\u00e3o produz fumo, n\u00e3o polui. A faca de selagem horizontal e vertical adopta uma liga\u00e7\u00e3o completa sem folga, a pel\u00edcula n\u00e3o se parte. A estrutura de selagem adopta uma liga de a\u00e7o de alta qualidade, a qualidade da selagem \u00e9 est\u00e1vel, a estrutura \u00e9 dif\u00edcil de danificar.<\/p>\n<p>2. A m\u00e1quina tem todo o sistema autom\u00e1tico, est\u00e1 equipada com sensores e pode atingir alta velocidade de trabalho autom\u00e1tico.<\/p>\n<p>3. \u00c9 conveniente ajustar de acordo com produtos de diferentes tamanhos, basta ajustar a roda da pega para a alcan\u00e7ar, a opera\u00e7\u00e3o \u00e9 f\u00e1cil.<\/p>\n<p>4. Pode ser ligado \u00e0 produ\u00e7\u00e3o<\/p>\n<p>5. Tem uma fun\u00e7\u00e3o de prote\u00e7\u00e3o para evitar a selagem incorrecta do produto e garantir a seguran\u00e7a do operador<\/p>\n<p>Carater\u00edsticas do t\u00fanel de retra\u00e7\u00e3o DSD4520:<\/p>\n<p>1. Adopta o contactor Schneider AC, o impulsionador de estado s\u00f3lido de alta pot\u00eancia e o controlador de temperatura inteligente para fazer<br \/> sistema de temperatura mais preciso, prolonga a vida \u00fatil.<\/p>\n<p>2. Adopta um transportador de rolos s\u00f3lidos, os rolos s\u00e3o envolvidos por um tubo de s\u00edlica gel de alta temperatura. Pode suportar produtos pesados e de dif\u00edcil abras\u00e3o (pode escolher um transportador de tipo l\u00edquido)<\/p>\n<p>3. Adopta um motor de ventoinha de alta pot\u00eancia para garantir um vento suficientemente forte para alcan\u00e7ar um efeito de embalagem perfeito.<\/p>\n<p>4. A parede interior adopta a\u00e7o inoxid\u00e1vel, tem uma r\u00e1pida transfer\u00eancia de temperatura, aquecimento uniforme, baixo consumo de energia, carater\u00edsticas de longa vida \u00fatil.<\/p>\n<p style=\"margin: 0; padding: 0;\">&nbsp;<\/p>\n<p style=\"margin: 0; padding: 0;\">5. Tem uma janela visual e \u00e9 conveniente para observa\u00e7\u00e3o.<\/p>\n<p>Aplica\u00e7\u00e3o:<br \/>Esta m\u00e1quina \u00e9 amplamente utilizada em embalagens retr\u00e1cteis para produtos alimentares, bebidas, impress\u00e3o, produtos farmac\u00eauticos, pavimentos, hardware e outras ind\u00fastrias. \u00c9 adequada para material de embalagem POF.<\/p>\n<\/p><\/div>\n<\/p><\/div>\n<\/p><\/div>\n<div style=\"vertical-align: top; padding-top: 10px; padding-bottom: 10px; margin-right: -4px; margin-left: -4px;\">\n<div id=\"jznfi\" style=\"vertical-align: top; box-sizing: border-box; padding-right: 4px; padding-left: 4px;\">\n<table class=\"aliDataTable\" style=\"width: auto; border-collapse: collapse; word-wrap: break-word;\">\n<tbody>\n<tr>\n<td style=\"background-color: #dae2ed;\">\n<div style=\"width: 164px; height: auto; padding: 5px 10px; overflow: hidden;\">\n        Modelo\n       <\/div>\n<\/td>\n<td style=\"background-color: #dae2ed;\">\n<div style=\"width: 269px; height: auto; padding: 5px 10px; overflow: hidden;\">\n        DQL5545S\n       <\/div>\n<\/td>\n<td style=\"background-color: #dae2ed;\">\n<div style=\"width: 246px; height: auto; padding: 5px 10px; overflow: hidden;\">\n        DSD4520\n       <\/div>\n<\/td>\n<\/tr>\n<tr>\n<td>\n<div style=\"width: 164px; height: auto; padding: 5px 10px; overflow: hidden;\">\n        Pot\u00eancia\n       <\/div>\n<\/td>\n<td>\n<div style=\"width: 269px; height: auto; padding: 5px 10px; overflow: hidden;\">\n        2,1KW\n       <\/div>\n<\/td>\n<td>\n<div style=\"width: 246px; height: auto; padding: 5px 10px; overflow: hidden;\">\n        12,8kw\n       <\/div>\n<\/td>\n<\/tr>\n<tr>\n<td>\n<div style=\"width: 164px; height: auto; padding: 5px 10px; overflow: hidden;\">\n        Tens\u00e3o\n       <\/div>\n<\/td>\n<td>\n<div style=\"width: 269px; height: auto; padding: 5px 10px; overflow: hidden;\">\n        220V 50\/60HZ\n       <\/div>\n<\/td>\n<td>\n<div style=\"width: 246px; height: auto; padding: 5px 10px; overflow: hidden;\">\n        380V 50HZ\/60HZ\n       <\/div>\n<\/td>\n<\/tr>\n<tr>\n<td>\n<div style=\"width: 164px; height: auto; padding: 5px 10px; overflow: hidden;\">\n        Tempo de selagem\n       <\/div>\n<\/td>\n<td>\n<div style=\"width: 269px; height: auto; padding: 5px 10px; overflow: hidden;\">\n        0.2-1.0s\n       <\/div>\n<\/td>\n<td>&nbsp;<\/td>\n<\/tr>\n<tr>\n<td>\n<div style=\"width: 164px; height: auto; padding: 5px 10px; overflow: hidden;\">\n        Espessura da pel\u00edcula\n       <\/div>\n<\/td>\n<td>\n<div style=\"width: 269px; height: auto; padding: 5px 10px; overflow: hidden;\">\n        0,012-0,06mm\n       <\/div>\n<\/td>\n<td>&nbsp;<\/td>\n<\/tr>\n<tr>\n<td>\n<div style=\"width: 164px; height: auto; padding: 5px 10px; overflow: hidden;\">\n        Compressor de trabalho\n       <\/div>\n<\/td>\n<td>\n<div style=\"width: 269px; height: auto; padding: 5px 10px; overflow: hidden;\">\n        5-6mpa\n       <\/div>\n<\/td>\n<td>\n<div style=\"width: 246px; height: auto; padding: 5px 10px; overflow: hidden;\">\n        \/\n       <\/div>\n<\/td>\n<\/tr>\n<tr>\n<td>\n<div style=\"width: 164px; height: auto; padding: 5px 10px; overflow: hidden;\">\n        Tamanho m\u00e1ximo da embalagem\n       <\/div>\n<\/td>\n<td>\n<div style=\"width: 269px; height: auto; padding: 5px 10px; overflow: hidden;\">\n        L+2H\u2264550mm;W+2H\u2264450mm;H \u2264140mm\n       <\/div>\n<\/td>\n<td>\n<div style=\"width: 246px; height: auto; padding: 5px 10px; overflow: hidden;\">\n        L450\u00d7A200\n       <\/div>\n<\/td>\n<\/tr>\n<tr>\n<td>\n<div style=\"width: 164px; height: auto; padding: 5px 10px; overflow: hidden;\">\n        Tamanho m\u00e1ximo de veda\u00e7\u00e3o\n       <\/div>\n<\/td>\n<td>\n<div style=\"width: 269px; height: auto; padding: 5px 10px; overflow: hidden;\">\n        L550\u00d7W450\n       <\/div>\n<\/td>\n<td>\n<div style=\"width: 246px; height: auto; padding: 5px 10px; overflow: hidden;\">\n        Peso de carga: 10 kg\n       <\/div>\n<\/td>\n<\/tr>\n<tr>\n<td>\n<div style=\"width: 164px; height: auto; padding: 5px 10px; overflow: hidden;\">\n        Capacidade\n       <\/div>\n<\/td>\n<td>\n<div style=\"width: 269px; height: auto; padding: 5px 10px; overflow: hidden;\">\n        0-25 pcs\/min\n       <\/div>\n<\/td>\n<td>\n<div style=\"width: 246px; height: auto; padding: 5px 10px; overflow: hidden;\">\n        0-10 m\/min\n       <\/div>\n<\/td>\n<\/tr>\n<tr>\n<td>\n<div style=\"width: 164px; height: 23px; padding: 5px 10px; overflow: hidden;\">\n        Temperatura de selagem\n       <\/div>\n<\/td>\n<td colspan=\"2\">\n<div style=\"width: 537px; height: auto; padding: 5px 10px; overflow: hidden;\">\n        180\u00e2-250\u00e2 depende da espessura da pel\u00edcula e da temperatura ambiente\n       <\/div>\n<\/td>\n<\/tr>\n<tr>\n<td>\n<div style=\"width: 164px; height: 21px; padding: 5px 10px; overflow: hidden;\">\n        Material de embalagem\n       <\/div>\n<\/td>\n<td colspan=\"2\">\n<div style=\"width: 537px; height: 20px; padding: 5px 10px; overflow: hidden;\">\n        POF PVC\n       <\/div>\n<\/td>\n<\/tr>\n<tr>\n<td>\n<div style=\"width: 164px; height: auto; padding: 5px 10px; overflow: hidden;\">\n        Peso da m\u00e1quina (kg)\n       <\/div>\n<\/td>\n<td>\n<div style=\"width: 269px; height: auto; padding: 5px 10px; overflow: hidden;\">\n        320\n       <\/div>\n<\/td>\n<td>\n<div style=\"width: 246px; height: auto; padding: 5px 10px; overflow: hidden;\">\n        180\n       <\/div>\n<\/td>\n<\/tr>\n<tr>\n<td>\n<div style=\"width: 164px; height: auto; padding: 5px 10px; overflow: hidden;\">\n        Tamanho da m\u00e1quina (mm)\n       <\/div>\n<\/td>\n<td>\n<div style=\"width: 269px; height: auto; padding: 5px 10px; overflow: hidden;\">\n        1760*940*1580\n       <\/div>\n<\/td>\n<td>\n<div style=\"width: 246px; height: auto; padding: 5px 10px; overflow: hidden;\">\n        L1600\u00d7W720\u00d7H1445\n       <\/div>\n<\/td>\n<\/tr>\n<\/tbody>\n<\/table><\/div>\n<\/p><\/div>\n<div style=\"vertical-align: top; padding-top: 10px; padding-bottom: 10px; margin-right: -4px; margin-left: -4px;\">\n<div id=\"y7hy5\" style=\"vertical-align: top; box-sizing: border-box; padding-right: 4px; padding-left: 4px;\">\n<div style=\"overflow: hidden; width: 750px; height: 750px;\">\n    <img decoding=\"async\" src=\"https:\/\/sc02.alicdn.com\/kf\/HTB1CjgeaE_rK1Rjy0Fcq6zEvVXa2\/64496\/HTB1CjgeaE_rK1Rjy0Fcq6zEvVXa2.jpg\" style=\"width: 750px; height: 750px; margin-left: 0px; margin-top: 0px;\" class=\"aligncenter\">\n   <\/div>\n<\/p><\/div>\n<\/p><\/div>\n<div style=\"vertical-align: top; padding-top: 10px; padding-bottom: 10px; margin-right: -4px; margin-left: -4px;\">\n<div id=\"q4lea\" style=\"vertical-align: top; width: 50%; display: inline-block; box-sizing: border-box; padding-right: 4px; padding-left: 4px;\">\n<div style=\"overflow: hidden; width: 371px; height: 320px;\">\n    <img decoding=\"async\" src=\"https:\/\/sc02.alicdn.com\/kf\/HTB1d2QnatzvK1RkSnfoq6zMwVXaY\/64496\/HTB1d2QnatzvK1RkSnfoq6zMwVXaY.jpg\" style=\"width: 371px; height: 371px; margin-left: 0px; margin-top: -28px;\" class=\"aligncenter\">\n   <\/div>\n<\/p><\/div>\n<div id=\"isqsb\" style=\"vertical-align: top; width: 50%; display: inline-block; box-sizing: border-box; padding-right: 4px; padding-left: 4px;\">\n<div style=\"overflow: hidden; width: 371px; height: 320px;\">\n    <img decoding=\"async\" src=\"https:\/\/sc01.alicdn.com\/kf\/HTB170ZnatfvK1RjSspfq6zzXFXaQ\/64496\/HTB170ZnatfvK1RjSspfq6zzXFXaQ.jpg\" style=\"width: 371px; height: 371px; margin-left: 0px; margin-top: -35px;\" class=\"aligncenter\">\n   <\/div>\n<\/p><\/div>\n<\/p><\/div>\n<div style=\"vertical-align: top; padding-top: 10px; padding-bottom: 10px; margin-right: -4px; margin-left: -4px;\">\n<div style=\"vertical-align: top; box-sizing: border-box; padding-right: 4px; padding-left: 4px; margin-top: -4px; margin-bottom: -4px;\">\n<div id=\"szw6w\" style=\"vertical-align: top; box-sizing: border-box; padding-top: 4px; padding-bottom: 4px;\">\n<div style=\"overflow: hidden; width: 750px; height: 320px;\">\n     <img decoding=\"async\" src=\"https:\/\/sc02.alicdn.com\/kf\/HTB1v_MXayjrK1RjSsplq6xHmVXaE\/64496\/HTB1v_MXayjrK1RjSsplq6xHmVXaE.jpg\" style=\"width: 750px; height: 750px; margin-left: 0px; margin-top: -238px;\" class=\"aligncenter\">\n    <\/div>\n<\/p><\/div>\n<div style=\"vertical-align: top; box-sizing: border-box; padding-top: 4px; padding-bottom: 4px; margin-right: -4px; margin-left: -4px;\">\n<div id=\"iqrag\" style=\"vertical-align: top; width: 50%; display: inline-block; box-sizing: border-box; padding-right: 4px; padding-left: 4px;\">\n<div style=\"overflow: hidden; width: 371px; height: 200px;\">\n      <img decoding=\"async\" src=\"https:\/\/sc01.alicdn.com\/kf\/HTB1VYZbasfrK1Rjy1Xdq6yemFXaQ\/64496\/HTB1VYZbasfrK1Rjy1Xdq6yemFXaQ.jpg\" style=\"width: 371px; height: 371px; margin-left: 0px; margin-top: -103px;\" class=\"aligncenter\">\n     <\/div>\n<\/p><\/div>\n<div id=\"fdnu5\" style=\"vertical-align: top; width: 50%; display: inline-block; box-sizing: border-box; padding-right: 4px; padding-left: 4px;\">\n<div style=\"overflow: hidden; width: 371px; height: 200px;\">\n      <img decoding=\"async\" src=\"https:\/\/sc01.alicdn.com\/kf\/HTB1wCcXatjvK1RjSspiq6AEqXXaF\/64496\/HTB1wCcXatjvK1RjSspiq6AEqXXaF.jpg\" style=\"width: 371px; height: 371px; margin-left: 0px; margin-top: -101px;\" class=\"aligncenter\">\n     <\/div>\n<\/p><\/div>\n<\/p><\/div>\n<\/p><\/div>\n<\/p><\/div>\n<div style=\"vertical-align: top; padding-top: 15px; padding-bottom: 15px;\">&nbsp; &nbsp;&nbsp;<\/div>\n<div style=\"vertical-align: top; padding-top: 10px; padding-bottom: 10px; margin-right: -4px; margin-left: -4px;\">\n<div id=\"sw3bs\" style=\"vertical-align: top; width: 50%; display: inline-block; box-sizing: border-box; padding-right: 4px; padding-left: 4px;\">\n  <\/div>\n<\/p><\/div>","protected":false},"excerpt":{"rendered":"<p>T\u00fanel de retra\u00e7\u00e3o para selagem autom\u00e1tica em L<\/p>","protected":false},"featured_media":2682,"comment_status":"closed","ping_status":"open","template":"","meta":[],"product_brand":[],"product_cat":[97],"product_tag":[],"class_list":{"0":"post-2924","1":"product","2":"type-product","3":"status-publish","4":"has-post-thumbnail","6":"product_cat-sealing-machines","8":"first","9":"instock","10":"sale","11":"purchasable","12":"product-type-simple"},"yoast_head":"<!-- This site is optimized with the Yoast SEO Premium plugin v20.9 (Yoast SEO v26.5) - https:\/\/yoast.com\/wordpress\/plugins\/seo\/ -->\n<title>DQL5545S Automatic L bar type Sealer sealing packaging machine and DSD4520 Shrink Tunnel Packager - ALF PACK<\/title>\n<meta name=\"robots\" content=\"index, follow, max-snippet:-1, max-image-preview:large, max-video-preview:-1\" \/>\n<link rel=\"canonical\" href=\"https:\/\/alfequipment.com\/pt\/product\/dql5545s-seladora-automatica-de-barra-em-l-e-embaladora-de-tunel-retratil-dsd4520\/\" \/>\n<meta property=\"og:locale\" content=\"pt_PT\" \/>\n<meta property=\"og:type\" content=\"article\" \/>\n<meta property=\"og:title\" content=\"DQL5545S Automatic L bar type Sealer sealing packaging machine and DSD4520 Shrink Tunnel Packager\" \/>\n<meta property=\"og:description\" content=\"Automatic L Sealer Shrink Tunnel\" \/>\n<meta property=\"og:url\" content=\"https:\/\/alfequipment.com\/pt\/product\/dql5545s-seladora-automatica-de-barra-em-l-e-embaladora-de-tunel-retratil-dsd4520\/\" \/>\n<meta property=\"og:site_name\" content=\"ALF PACK\" \/>\n<meta property=\"article:modified_time\" content=\"2025-01-13T13:08:55+00:00\" \/>\n<meta property=\"og:image\" content=\"https:\/\/alfequipment.com\/wp-content\/uploads\/2025\/01\/DQL5545S-Automatic-L-bar-type-Sealer-sealing.jpg\" \/>\n\t<meta property=\"og:image:width\" content=\"800\" \/>\n\t<meta property=\"og:image:height\" content=\"800\" \/>\n\t<meta property=\"og:image:type\" content=\"image\/webp\" \/>\n<meta name=\"twitter:card\" content=\"summary_large_image\" \/>\n<meta name=\"twitter:label1\" content=\"Tempo estimado de leitura\" \/>\n\t<meta name=\"twitter:data1\" content=\"2 minutos\" \/>\n<script type=\"application\/ld+json\" class=\"yoast-schema-graph\">{\"@context\":\"https:\/\/schema.org\",\"@graph\":[{\"@type\":\"WebPage\",\"@id\":\"https:\/\/alfequipment.com\/product\/dql5545s-automatic-l-bar-type-sealer-sealing-packaging-machine-and-dsd4520-shrink-tunnel-packager\/\",\"url\":\"https:\/\/alfequipment.com\/product\/dql5545s-automatic-l-bar-type-sealer-sealing-packaging-machine-and-dsd4520-shrink-tunnel-packager\/\",\"name\":\"DQL5545S Automatic L bar type Sealer sealing packaging machine and DSD4520 Shrink Tunnel Packager - ALF PACK\",\"isPartOf\":{\"@id\":\"https:\/\/alfequipment.com\/#website\"},\"primaryImageOfPage\":{\"@id\":\"https:\/\/alfequipment.com\/product\/dql5545s-automatic-l-bar-type-sealer-sealing-packaging-machine-and-dsd4520-shrink-tunnel-packager\/#primaryimage\"},\"image\":{\"@id\":\"https:\/\/alfequipment.com\/product\/dql5545s-automatic-l-bar-type-sealer-sealing-packaging-machine-and-dsd4520-shrink-tunnel-packager\/#primaryimage\"},\"thumbnailUrl\":\"https:\/\/alfequipment.com\/wp-content\/uploads\/2025\/01\/DQL5545S-Automatic-L-bar-type-Sealer-sealing.jpg\",\"datePublished\":\"2024-12-08T12:40:47+00:00\",\"dateModified\":\"2025-01-13T13:08:55+00:00\",\"breadcrumb\":{\"@id\":\"https:\/\/alfequipment.com\/product\/dql5545s-automatic-l-bar-type-sealer-sealing-packaging-machine-and-dsd4520-shrink-tunnel-packager\/#breadcrumb\"},\"inLanguage\":\"pt-PT\",\"potentialAction\":[{\"@type\":\"ReadAction\",\"target\":[\"https:\/\/alfequipment.com\/product\/dql5545s-automatic-l-bar-type-sealer-sealing-packaging-machine-and-dsd4520-shrink-tunnel-packager\/\"]}]},{\"@type\":\"ImageObject\",\"inLanguage\":\"pt-PT\",\"@id\":\"https:\/\/alfequipment.com\/product\/dql5545s-automatic-l-bar-type-sealer-sealing-packaging-machine-and-dsd4520-shrink-tunnel-packager\/#primaryimage\",\"url\":\"https:\/\/alfequipment.com\/wp-content\/uploads\/2025\/01\/DQL5545S-Automatic-L-bar-type-Sealer-sealing.jpg\",\"contentUrl\":\"https:\/\/alfequipment.com\/wp-content\/uploads\/2025\/01\/DQL5545S-Automatic-L-bar-type-Sealer-sealing.jpg\",\"width\":800,\"height\":800},{\"@type\":\"BreadcrumbList\",\"@id\":\"https:\/\/alfequipment.com\/product\/dql5545s-automatic-l-bar-type-sealer-sealing-packaging-machine-and-dsd4520-shrink-tunnel-packager\/#breadcrumb\",\"itemListElement\":[{\"@type\":\"ListItem\",\"position\":1,\"name\":\"Home\",\"item\":\"https:\/\/alfequipment.com\/\"},{\"@type\":\"ListItem\",\"position\":2,\"name\":\"Shop\",\"item\":\"https:\/\/alfequipment.com\/shop\/\"},{\"@type\":\"ListItem\",\"position\":3,\"name\":\"DQL5545S Automatic L bar type Sealer sealing packaging machine and DSD4520 Shrink Tunnel Packager\"}]},{\"@type\":\"WebSite\",\"@id\":\"https:\/\/alfequipment.com\/#website\",\"url\":\"https:\/\/alfequipment.com\/\",\"name\":\"ALF PACK\",\"description\":\"\",\"publisher\":{\"@id\":\"https:\/\/alfequipment.com\/#organization\"},\"potentialAction\":[{\"@type\":\"SearchAction\",\"target\":{\"@type\":\"EntryPoint\",\"urlTemplate\":\"https:\/\/alfequipment.com\/?s={search_term_string}\"},\"query-input\":{\"@type\":\"PropertyValueSpecification\",\"valueRequired\":true,\"valueName\":\"search_term_string\"}}],\"inLanguage\":\"pt-PT\"},{\"@type\":\"Organization\",\"@id\":\"https:\/\/alfequipment.com\/#organization\",\"name\":\"ALF PACK\",\"url\":\"https:\/\/alfequipment.com\/\",\"logo\":{\"@type\":\"ImageObject\",\"inLanguage\":\"pt-PT\",\"@id\":\"https:\/\/alfequipment.com\/#\/schema\/logo\/image\/\",\"url\":\"https:\/\/alfequipment.com\/wp-content\/uploads\/2024\/11\/ALFlogo-2.webp\",\"contentUrl\":\"https:\/\/alfequipment.com\/wp-content\/uploads\/2024\/11\/ALFlogo-2.webp\",\"width\":758,\"height\":750,\"caption\":\"ALF PACK\"},\"image\":{\"@id\":\"https:\/\/alfequipment.com\/#\/schema\/logo\/image\/\"}}]}<\/script>\n<!-- \/ Yoast SEO Premium plugin. -->","yoast_head_json":{"title":"DQL5545S M\u00e1quina de embalagem e selagem autom\u00e1tica tipo barra L e embaladora em t\u00fanel retr\u00e1til DSD4520 - ALF PACK","robots":{"index":"index","follow":"follow","max-snippet":"max-snippet:-1","max-image-preview":"max-image-preview:large","max-video-preview":"max-video-preview:-1"},"canonical":"https:\/\/alfequipment.com\/pt\/product\/dql5545s-seladora-automatica-de-barra-em-l-e-embaladora-de-tunel-retratil-dsd4520\/","og_locale":"pt_PT","og_type":"article","og_title":"DQL5545S Automatic L bar type Sealer sealing packaging machine and DSD4520 Shrink Tunnel Packager","og_description":"Automatic L Sealer Shrink Tunnel","og_url":"https:\/\/alfequipment.com\/pt\/product\/dql5545s-seladora-automatica-de-barra-em-l-e-embaladora-de-tunel-retratil-dsd4520\/","og_site_name":"ALF PACK","article_modified_time":"2025-01-13T13:08:55+00:00","og_image":[{"width":800,"height":800,"url":"https:\/\/alfequipment.com\/wp-content\/uploads\/2025\/01\/DQL5545S-Automatic-L-bar-type-Sealer-sealing.jpg","type":"image\/webp"}],"twitter_card":"summary_large_image","twitter_misc":{"Tempo estimado de leitura":"2 minutos"},"schema":{"@context":"https:\/\/schema.org","@graph":[{"@type":"WebPage","@id":"https:\/\/alfequipment.com\/product\/dql5545s-automatic-l-bar-type-sealer-sealing-packaging-machine-and-dsd4520-shrink-tunnel-packager\/","url":"https:\/\/alfequipment.com\/product\/dql5545s-automatic-l-bar-type-sealer-sealing-packaging-machine-and-dsd4520-shrink-tunnel-packager\/","name":"DQL5545S M\u00e1quina de embalagem e selagem autom\u00e1tica tipo barra L e embaladora em t\u00fanel retr\u00e1til DSD4520 - ALF PACK","isPartOf":{"@id":"https:\/\/alfequipment.com\/#website"},"primaryImageOfPage":{"@id":"https:\/\/alfequipment.com\/product\/dql5545s-automatic-l-bar-type-sealer-sealing-packaging-machine-and-dsd4520-shrink-tunnel-packager\/#primaryimage"},"image":{"@id":"https:\/\/alfequipment.com\/product\/dql5545s-automatic-l-bar-type-sealer-sealing-packaging-machine-and-dsd4520-shrink-tunnel-packager\/#primaryimage"},"thumbnailUrl":"https:\/\/alfequipment.com\/wp-content\/uploads\/2025\/01\/DQL5545S-Automatic-L-bar-type-Sealer-sealing.jpg","datePublished":"2024-12-08T12:40:47+00:00","dateModified":"2025-01-13T13:08:55+00:00","breadcrumb":{"@id":"https:\/\/alfequipment.com\/product\/dql5545s-automatic-l-bar-type-sealer-sealing-packaging-machine-and-dsd4520-shrink-tunnel-packager\/#breadcrumb"},"inLanguage":"pt-PT","potentialAction":[{"@type":"ReadAction","target":["https:\/\/alfequipment.com\/product\/dql5545s-automatic-l-bar-type-sealer-sealing-packaging-machine-and-dsd4520-shrink-tunnel-packager\/"]}]},{"@type":"ImageObject","inLanguage":"pt-PT","@id":"https:\/\/alfequipment.com\/product\/dql5545s-automatic-l-bar-type-sealer-sealing-packaging-machine-and-dsd4520-shrink-tunnel-packager\/#primaryimage","url":"https:\/\/alfequipment.com\/wp-content\/uploads\/2025\/01\/DQL5545S-Automatic-L-bar-type-Sealer-sealing.jpg","contentUrl":"https:\/\/alfequipment.com\/wp-content\/uploads\/2025\/01\/DQL5545S-Automatic-L-bar-type-Sealer-sealing.jpg","width":800,"height":800},{"@type":"BreadcrumbList","@id":"https:\/\/alfequipment.com\/product\/dql5545s-automatic-l-bar-type-sealer-sealing-packaging-machine-and-dsd4520-shrink-tunnel-packager\/#breadcrumb","itemListElement":[{"@type":"ListItem","position":1,"name":"Home","item":"https:\/\/alfequipment.com\/"},{"@type":"ListItem","position":2,"name":"Shop","item":"https:\/\/alfequipment.com\/shop\/"},{"@type":"ListItem","position":3,"name":"DQL5545S Automatic L bar type Sealer sealing packaging machine and DSD4520 Shrink Tunnel Packager"}]},{"@type":"WebSite","@id":"https:\/\/alfequipment.com\/#website","url":"https:\/\/alfequipment.com\/","name":"PACK ALF","description":"","publisher":{"@id":"https:\/\/alfequipment.com\/#organization"},"potentialAction":[{"@type":"SearchAction","target":{"@type":"EntryPoint","urlTemplate":"https:\/\/alfequipment.com\/?s={search_term_string}"},"query-input":{"@type":"PropertyValueSpecification","valueRequired":true,"valueName":"search_term_string"}}],"inLanguage":"pt-PT"},{"@type":"Organization","@id":"https:\/\/alfequipment.com\/#organization","name":"PACK ALF","url":"https:\/\/alfequipment.com\/","logo":{"@type":"ImageObject","inLanguage":"pt-PT","@id":"https:\/\/alfequipment.com\/#\/schema\/logo\/image\/","url":"https:\/\/alfequipment.com\/wp-content\/uploads\/2024\/11\/ALFlogo-2.webp","contentUrl":"https:\/\/alfequipment.com\/wp-content\/uploads\/2024\/11\/ALFlogo-2.webp","width":758,"height":750,"caption":"ALF PACK"},"image":{"@id":"https:\/\/alfequipment.com\/#\/schema\/logo\/image\/"}}]}},"_links":{"self":[{"href":"https:\/\/alfequipment.com\/pt\/wp-json\/wp\/v2\/product\/2924","targetHints":{"allow":["GET"]}}],"collection":[{"href":"https:\/\/alfequipment.com\/pt\/wp-json\/wp\/v2\/product"}],"about":[{"href":"https:\/\/alfequipment.com\/pt\/wp-json\/wp\/v2\/types\/product"}],"replies":[{"embeddable":true,"href":"https:\/\/alfequipment.com\/pt\/wp-json\/wp\/v2\/comments?post=2924"}],"version-history":[{"count":0,"href":"https:\/\/alfequipment.com\/pt\/wp-json\/wp\/v2\/product\/2924\/revisions"}],"wp:featuredmedia":[{"embeddable":true,"href":"https:\/\/alfequipment.com\/pt\/wp-json\/wp\/v2\/media\/2682"}],"wp:attachment":[{"href":"https:\/\/alfequipment.com\/pt\/wp-json\/wp\/v2\/media?parent=2924"}],"wp:term":[{"taxonomy":"product_brand","embeddable":true,"href":"https:\/\/alfequipment.com\/pt\/wp-json\/wp\/v2\/product_brand?post=2924"},{"taxonomy":"product_cat","embeddable":true,"href":"https:\/\/alfequipment.com\/pt\/wp-json\/wp\/v2\/product_cat?post=2924"},{"taxonomy":"product_tag","embeddable":true,"href":"https:\/\/alfequipment.com\/pt\/wp-json\/wp\/v2\/product_tag?post=2924"}],"curies":[{"name":"wp","href":"https:\/\/api.w.org\/{rel}","templated":true}]}}