{"id":2925,"date":"2024-12-15T08:29:09","date_gmt":"2024-12-15T08:29:09","guid":{"rendered":"https:\/\/alfequipment.com\/product\/dfm5540-2-in1-l-type-sealer-sealing-packager-and-shrink-packaging-machine\/"},"modified":"2025-12-24T06:27:59","modified_gmt":"2025-12-24T06:27:59","slug":"dfm5540-maquina-seladora-e-embaladora-retratil-2-em-1-tipo-l","status":"publish","type":"product","link":"https:\/\/alfequipment.com\/pt\/product\/dfm5540-maquina-seladora-e-embaladora-retratil-2-em-1-tipo-l\/","title":{"rendered":"DFM5540 2-in-1 Compact Sealer"},"content":{"rendered":"<div id=\"detail_decorate_root\" data-magic-global=\"%7B%22bizId%22%3A17179933680%2C%22pageId%22%3A21033688773%2C%22siteId%22%3A5005331025%7D\">\n<div class=\"J_module\">\n<div id=\"ali-anchor-AliMagic-afltoa\" class=\"magic-0\" data-section=\"AliMagic-afltoa\" data-section-title=\"Product Description\"><\/div>\n<\/div>\n<div class=\"J_module\">\n<div class=\"detail-decorate-json-renderer-container\">\n<div class=\"magic-1\">\n<div class=\"magic-4\">\n<div class=\"magic-5\">\n<div class=\"magic-6\">\n<p class=\"magic-7\">A embaladora retr\u00e1til 2 em 1 DFM5540 \u00e9 adequada para embalar caixas, brinquedos, tijolos electr\u00f3nicos e assim por diante. As duas m\u00e1quinas podem embalar os produtos com uma camada de filme pl\u00e1stico, o que torna a embalagem mais bonita e firme.<\/p>\n<\/div>\n<\/div>\n<\/div>\n<\/div>\n<\/div>\n<\/div>\n<div class=\"J_module\">\n<div class=\"ife-detail-decorate-table\">\n<table class=\"all magic-8\">\n<tbody>\n<tr>\n<td>\n<div class=\"magic-9\">Modelo<\/div>\n<\/td>\n<td>\n<div class=\"magic-10\">DFM5540<\/div>\n<\/td>\n<\/tr>\n<tr>\n<td>\n<div class=\"magic-9\">Tens\u00e3o<\/div>\n<\/td>\n<td>\n<div class=\"magic-10\">220-240V \/ 50-60Hz<\/div>\n<\/td>\n<\/tr>\n<tr>\n<td>\n<div class=\"magic-9\">pot\u00eancia<\/div>\n<\/td>\n<td>\n<div class=\"magic-10\">3,8KW<\/div>\n<\/td>\n<\/tr>\n<tr>\n<td>\n<div class=\"magic-9\">Dimens\u00e3o m\u00e1xima da embalagem (C*L*A)<\/div>\n<\/td>\n<td>\n<div class=\"magic-10\">550*400*300mm<\/div>\n<\/td>\n<\/tr>\n<tr>\n<td>\n<div class=\"magic-9\">capacidade<\/div>\n<\/td>\n<td>\n<div class=\"magic-10\">150-250pcs\/h<\/div>\n<\/td>\n<\/tr>\n<tr>\n<td>\n<div class=\"magic-9\">Tamanho da m\u00e1quina (C*L*A)<\/div>\n<\/td>\n<td>\n<div class=\"magic-10\">1400*730*1450mm<\/div>\n<\/td>\n<\/tr>\n<tr>\n<td>\n<div class=\"magic-9\">Peso da m\u00e1quina<\/div>\n<\/td>\n<td>\n<div class=\"magic-10\">128 kg<\/div>\n<\/td>\n<\/tr>\n<\/tbody>\n<\/table>\n<\/div>\n<\/div>\n<div class=\"J_module\">\n<div class=\"icbu-pc-images magic-11\">\n<div>\n<div class=\"flex-layout-v\">\n<div class=\"flex-layout-h magic-11\">\n<div class=\"magic-12\"><img decoding=\"async\" class=\"aligncenter\" src=\"https:\/\/sc02.alicdn.com\/kf\/HTB1.z3rXOLrK1Rjy1zdq6ynnpXaW\/64496\/HTB1.z3rXOLrK1Rjy1zdq6ynnpXaW.jpg\" \/><\/div>\n<\/div>\n<\/div>\n<\/div>\n<\/div>\n<\/div>\n<div class=\"J_module\">\n<div class=\"icbu-pc-images magic-11\">\n<div>\n<div class=\"flex-layout-v\">\n<div class=\"magic-14\"><img decoding=\"async\" class=\"aligncenter\" src=\"https:\/\/sc02.alicdn.com\/kf\/HTB1A5kvXLfsK1RjSszgq6yXzpXap\/64496\/HTB1A5kvXLfsK1RjSszgq6yXzpXap.jpg\" \/><\/div>\n<div class=\"flex-layout-h magic-11\">\n<div class=\"magic-16\"><img decoding=\"async\" class=\"aligncenter\" src=\"https:\/\/sc01.alicdn.com\/kf\/HTB1nqgrXLfsK1RjSszbq6AqBXXaJ\/64496\/HTB1nqgrXLfsK1RjSszbq6AqBXXaJ.jpg\" \/><\/div>\n<div class=\"magic-18\"><img decoding=\"async\" class=\"aligncenter\" src=\"https:\/\/sc02.alicdn.com\/kf\/HTB1yv3sXODxK1RjSsphq6zHrpXaB\/64496\/HTB1yv3sXODxK1RjSsphq6zHrpXaB.jpg\" \/><\/div>\n<\/div>\n<\/div>\n<\/div>\n<\/div>\n<\/div>\n<div class=\"J_module\">\n<div class=\"detail-decorate-json-renderer-container\">\n<div class=\"magic-1\">\n<h3 class=\"magic-2\"><\/h3>\n<h3 class=\"magic-3\"><span style=\"color: #3f6fff;\">Carater\u00edsticas principais<\/span><\/h3>\n<div class=\"magic-4\">\n<div class=\"magic-5\">\n<div class=\"magic-6\">\n<p class=\"magic-7\">1. selagem de pel\u00edcula, corte e retra\u00e7\u00e3o numa \u00fanica opera\u00e7\u00e3o.<\/p>\n<p>2. uma m\u00e1quina de embalagem muito econ\u00f3mica para a produtividade de pequenas quantidades.<\/p>\n<p>3. utilizar POF, PVC, PP como materiais de embalagem.<\/p>\n<p>4.Duas fun\u00e7\u00f5es para a op\u00e7\u00e3o: uma \u00e9 apenas corte de veda\u00e7\u00e3o; outra \u00e9 corte de veda\u00e7\u00e3o e retra\u00e7\u00e3o.<\/p>\n<p>5. o ar quente \u00e9 mantido numa pequena sala de aquecimento, o que economiza muito o consumo de energia.<\/p>\n<p>6. perfeitamente embrulhado com forte fluxo de ar quente circulante.<\/p>\n<p>7. o processo de contra\u00e7\u00e3o pode ser observado atrav\u00e9s de uma cobertura transparente.<\/p>\n<p>8. amplamente utilizado na embalagem externa de bebidas, presentes, hardware, cosm\u00e9ticos e pl\u00e1sticos, etc.<\/p>\n<\/div>\n<\/div>\n<\/div>\n<\/div>\n<\/div>\n<\/div>\n<\/div>","protected":false},"excerpt":{"rendered":"<ul class=\"features-list\">\n<li>Space-saving design<\/li>\n<li>Visual\u00a0<strong>shrink wrapping<\/strong>\u00a0process<\/li>\n<li>Combined seal and\u00a0<strong>shrink tunnel<\/strong>\u00a0function<\/li>\n<li>Easy-load\u00a0<strong>film dispenser<\/strong><\/li>\n<\/ul>\n<p>A versatile unit where the\u00a0<strong>bar shrink<\/strong>\u00a0action and heat chamber are combined. Perfect for small workshops requiring\u00a0<strong>high quality<\/strong>\u00a0finishes in limited space.<\/p>","protected":false},"featured_media":2684,"comment_status":"closed","ping_status":"closed","template":"","meta":[],"product_brand":[],"product_cat":[122,97],"product_tag":[],"class_list":{"0":"post-2925","1":"product","2":"type-product","3":"status-publish","4":"has-post-thumbnail","6":"product_cat-l-type-sealer","7":"product_cat-sealing-machines","9":"first","10":"instock","11":"sale","12":"purchasable","13":"product-type-simple"},"yoast_head":"<!-- This site is optimized with the Yoast SEO Premium plugin v20.9 (Yoast SEO v26.5) - https:\/\/yoast.com\/wordpress\/plugins\/seo\/ -->\n<title>DFM5540 2-in-1 Compact Sealer - ALF PACK<\/title>\n<meta name=\"robots\" content=\"index, follow, max-snippet:-1, max-image-preview:large, max-video-preview:-1\" \/>\n<link rel=\"canonical\" href=\"https:\/\/alfequipment.com\/pt\/product\/dfm5540-maquina-seladora-e-embaladora-retratil-2-em-1-tipo-l\/\" \/>\n<meta property=\"og:locale\" content=\"pt_PT\" \/>\n<meta property=\"og:type\" content=\"article\" \/>\n<meta property=\"og:title\" content=\"DFM5540 2-in-1 Compact Sealer\" \/>\n<meta property=\"og:description\" content=\"Space-saving design  Visual\u00a0shrink wrapping\u00a0process  Combined seal and\u00a0shrink tunnel\u00a0function  Easy-load\u00a0film dispenser  A versatile unit where the\u00a0bar shrink\u00a0action and heat chamber are combined. Perfect for small workshops requiring\u00a0high quality\u00a0finishes in limited space.\" \/>\n<meta property=\"og:url\" content=\"https:\/\/alfequipment.com\/pt\/product\/dfm5540-maquina-seladora-e-embaladora-retratil-2-em-1-tipo-l\/\" \/>\n<meta property=\"og:site_name\" content=\"ALF PACK\" \/>\n<meta property=\"article:modified_time\" content=\"2025-12-24T06:27:59+00:00\" \/>\n<meta property=\"og:image\" content=\"https:\/\/alfequipment.com\/wp-content\/uploads\/2025\/01\/DFM5540-2-in1-L-type-sealer-sealing.jpg\" \/>\n\t<meta property=\"og:image:width\" content=\"800\" \/>\n\t<meta property=\"og:image:height\" content=\"800\" \/>\n\t<meta property=\"og:image:type\" content=\"image\/webp\" \/>\n<meta name=\"twitter:card\" content=\"summary_large_image\" \/>\n<meta name=\"twitter:label1\" content=\"Tempo estimado de leitura\" \/>\n\t<meta name=\"twitter:data1\" content=\"2 minutos\" \/>\n<script type=\"application\/ld+json\" class=\"yoast-schema-graph\">{\"@context\":\"https:\/\/schema.org\",\"@graph\":[{\"@type\":\"WebPage\",\"@id\":\"https:\/\/alfequipment.com\/product\/dfm5540-2-in1-l-type-sealer-sealing-packager-and-shrink-packaging-machine\/\",\"url\":\"https:\/\/alfequipment.com\/product\/dfm5540-2-in1-l-type-sealer-sealing-packager-and-shrink-packaging-machine\/\",\"name\":\"DFM5540 2-in-1 Compact Sealer - ALF PACK\",\"isPartOf\":{\"@id\":\"https:\/\/alfequipment.com\/#website\"},\"primaryImageOfPage\":{\"@id\":\"https:\/\/alfequipment.com\/product\/dfm5540-2-in1-l-type-sealer-sealing-packager-and-shrink-packaging-machine\/#primaryimage\"},\"image\":{\"@id\":\"https:\/\/alfequipment.com\/product\/dfm5540-2-in1-l-type-sealer-sealing-packager-and-shrink-packaging-machine\/#primaryimage\"},\"thumbnailUrl\":\"https:\/\/alfequipment.com\/wp-content\/uploads\/2025\/01\/DFM5540-2-in1-L-type-sealer-sealing.jpg\",\"datePublished\":\"2024-12-15T08:29:09+00:00\",\"dateModified\":\"2025-12-24T06:27:59+00:00\",\"breadcrumb\":{\"@id\":\"https:\/\/alfequipment.com\/product\/dfm5540-2-in1-l-type-sealer-sealing-packager-and-shrink-packaging-machine\/#breadcrumb\"},\"inLanguage\":\"pt-PT\",\"potentialAction\":[{\"@type\":\"ReadAction\",\"target\":[\"https:\/\/alfequipment.com\/product\/dfm5540-2-in1-l-type-sealer-sealing-packager-and-shrink-packaging-machine\/\"]}]},{\"@type\":\"ImageObject\",\"inLanguage\":\"pt-PT\",\"@id\":\"https:\/\/alfequipment.com\/product\/dfm5540-2-in1-l-type-sealer-sealing-packager-and-shrink-packaging-machine\/#primaryimage\",\"url\":\"https:\/\/alfequipment.com\/wp-content\/uploads\/2025\/01\/DFM5540-2-in1-L-type-sealer-sealing.jpg\",\"contentUrl\":\"https:\/\/alfequipment.com\/wp-content\/uploads\/2025\/01\/DFM5540-2-in1-L-type-sealer-sealing.jpg\",\"width\":800,\"height\":800,\"caption\":\"DFM5540 compact shrink wrap machine\"},{\"@type\":\"BreadcrumbList\",\"@id\":\"https:\/\/alfequipment.com\/product\/dfm5540-2-in1-l-type-sealer-sealing-packager-and-shrink-packaging-machine\/#breadcrumb\",\"itemListElement\":[{\"@type\":\"ListItem\",\"position\":1,\"name\":\"Home\",\"item\":\"https:\/\/alfequipment.com\/\"},{\"@type\":\"ListItem\",\"position\":2,\"name\":\"Shop\",\"item\":\"https:\/\/alfequipment.com\/shop\/\"},{\"@type\":\"ListItem\",\"position\":3,\"name\":\"DFM5540 2-in-1 Compact Sealer\"}]},{\"@type\":\"WebSite\",\"@id\":\"https:\/\/alfequipment.com\/#website\",\"url\":\"https:\/\/alfequipment.com\/\",\"name\":\"ALF PACK\",\"description\":\"\",\"publisher\":{\"@id\":\"https:\/\/alfequipment.com\/#organization\"},\"potentialAction\":[{\"@type\":\"SearchAction\",\"target\":{\"@type\":\"EntryPoint\",\"urlTemplate\":\"https:\/\/alfequipment.com\/?s={search_term_string}\"},\"query-input\":{\"@type\":\"PropertyValueSpecification\",\"valueRequired\":true,\"valueName\":\"search_term_string\"}}],\"inLanguage\":\"pt-PT\"},{\"@type\":\"Organization\",\"@id\":\"https:\/\/alfequipment.com\/#organization\",\"name\":\"ALF PACK\",\"url\":\"https:\/\/alfequipment.com\/\",\"logo\":{\"@type\":\"ImageObject\",\"inLanguage\":\"pt-PT\",\"@id\":\"https:\/\/alfequipment.com\/#\/schema\/logo\/image\/\",\"url\":\"https:\/\/alfequipment.com\/wp-content\/uploads\/2024\/11\/ALFlogo-2.webp\",\"contentUrl\":\"https:\/\/alfequipment.com\/wp-content\/uploads\/2024\/11\/ALFlogo-2.webp\",\"width\":758,\"height\":750,\"caption\":\"ALF PACK\"},\"image\":{\"@id\":\"https:\/\/alfequipment.com\/#\/schema\/logo\/image\/\"}}]}<\/script>\n<!-- \/ Yoast SEO Premium plugin. -->","yoast_head_json":{"title":"DFM5540 2-in-1 Compact Sealer - ALF PACK","robots":{"index":"index","follow":"follow","max-snippet":"max-snippet:-1","max-image-preview":"max-image-preview:large","max-video-preview":"max-video-preview:-1"},"canonical":"https:\/\/alfequipment.com\/pt\/product\/dfm5540-maquina-seladora-e-embaladora-retratil-2-em-1-tipo-l\/","og_locale":"pt_PT","og_type":"article","og_title":"DFM5540 2-in-1 Compact Sealer","og_description":"Space-saving design  Visual\u00a0shrink wrapping\u00a0process  Combined seal and\u00a0shrink tunnel\u00a0function  Easy-load\u00a0film dispenser  A versatile unit where the\u00a0bar shrink\u00a0action and heat chamber are combined. Perfect for small workshops requiring\u00a0high quality\u00a0finishes in limited space.","og_url":"https:\/\/alfequipment.com\/pt\/product\/dfm5540-maquina-seladora-e-embaladora-retratil-2-em-1-tipo-l\/","og_site_name":"ALF PACK","article_modified_time":"2025-12-24T06:27:59+00:00","og_image":[{"width":800,"height":800,"url":"https:\/\/alfequipment.com\/wp-content\/uploads\/2025\/01\/DFM5540-2-in1-L-type-sealer-sealing.jpg","type":"image\/webp"}],"twitter_card":"summary_large_image","twitter_misc":{"Tempo estimado de leitura":"2 minutos"},"schema":{"@context":"https:\/\/schema.org","@graph":[{"@type":"WebPage","@id":"https:\/\/alfequipment.com\/product\/dfm5540-2-in1-l-type-sealer-sealing-packager-and-shrink-packaging-machine\/","url":"https:\/\/alfequipment.com\/product\/dfm5540-2-in1-l-type-sealer-sealing-packager-and-shrink-packaging-machine\/","name":"DFM5540 2-in-1 Compact Sealer - ALF PACK","isPartOf":{"@id":"https:\/\/alfequipment.com\/#website"},"primaryImageOfPage":{"@id":"https:\/\/alfequipment.com\/product\/dfm5540-2-in1-l-type-sealer-sealing-packager-and-shrink-packaging-machine\/#primaryimage"},"image":{"@id":"https:\/\/alfequipment.com\/product\/dfm5540-2-in1-l-type-sealer-sealing-packager-and-shrink-packaging-machine\/#primaryimage"},"thumbnailUrl":"https:\/\/alfequipment.com\/wp-content\/uploads\/2025\/01\/DFM5540-2-in1-L-type-sealer-sealing.jpg","datePublished":"2024-12-15T08:29:09+00:00","dateModified":"2025-12-24T06:27:59+00:00","breadcrumb":{"@id":"https:\/\/alfequipment.com\/product\/dfm5540-2-in1-l-type-sealer-sealing-packager-and-shrink-packaging-machine\/#breadcrumb"},"inLanguage":"pt-PT","potentialAction":[{"@type":"ReadAction","target":["https:\/\/alfequipment.com\/product\/dfm5540-2-in1-l-type-sealer-sealing-packager-and-shrink-packaging-machine\/"]}]},{"@type":"ImageObject","inLanguage":"pt-PT","@id":"https:\/\/alfequipment.com\/product\/dfm5540-2-in1-l-type-sealer-sealing-packager-and-shrink-packaging-machine\/#primaryimage","url":"https:\/\/alfequipment.com\/wp-content\/uploads\/2025\/01\/DFM5540-2-in1-L-type-sealer-sealing.jpg","contentUrl":"https:\/\/alfequipment.com\/wp-content\/uploads\/2025\/01\/DFM5540-2-in1-L-type-sealer-sealing.jpg","width":800,"height":800,"caption":"DFM5540 compact shrink wrap machine"},{"@type":"BreadcrumbList","@id":"https:\/\/alfequipment.com\/product\/dfm5540-2-in1-l-type-sealer-sealing-packager-and-shrink-packaging-machine\/#breadcrumb","itemListElement":[{"@type":"ListItem","position":1,"name":"Home","item":"https:\/\/alfequipment.com\/"},{"@type":"ListItem","position":2,"name":"Shop","item":"https:\/\/alfequipment.com\/shop\/"},{"@type":"ListItem","position":3,"name":"DFM5540 2-in-1 Compact Sealer"}]},{"@type":"WebSite","@id":"https:\/\/alfequipment.com\/#website","url":"https:\/\/alfequipment.com\/","name":"PACK ALF","description":"","publisher":{"@id":"https:\/\/alfequipment.com\/#organization"},"potentialAction":[{"@type":"SearchAction","target":{"@type":"EntryPoint","urlTemplate":"https:\/\/alfequipment.com\/?s={search_term_string}"},"query-input":{"@type":"PropertyValueSpecification","valueRequired":true,"valueName":"search_term_string"}}],"inLanguage":"pt-PT"},{"@type":"Organization","@id":"https:\/\/alfequipment.com\/#organization","name":"PACK ALF","url":"https:\/\/alfequipment.com\/","logo":{"@type":"ImageObject","inLanguage":"pt-PT","@id":"https:\/\/alfequipment.com\/#\/schema\/logo\/image\/","url":"https:\/\/alfequipment.com\/wp-content\/uploads\/2024\/11\/ALFlogo-2.webp","contentUrl":"https:\/\/alfequipment.com\/wp-content\/uploads\/2024\/11\/ALFlogo-2.webp","width":758,"height":750,"caption":"ALF PACK"},"image":{"@id":"https:\/\/alfequipment.com\/#\/schema\/logo\/image\/"}}]}},"_links":{"self":[{"href":"https:\/\/alfequipment.com\/pt\/wp-json\/wp\/v2\/product\/2925","targetHints":{"allow":["GET"]}}],"collection":[{"href":"https:\/\/alfequipment.com\/pt\/wp-json\/wp\/v2\/product"}],"about":[{"href":"https:\/\/alfequipment.com\/pt\/wp-json\/wp\/v2\/types\/product"}],"replies":[{"embeddable":true,"href":"https:\/\/alfequipment.com\/pt\/wp-json\/wp\/v2\/comments?post=2925"}],"version-history":[{"count":0,"href":"https:\/\/alfequipment.com\/pt\/wp-json\/wp\/v2\/product\/2925\/revisions"}],"wp:featuredmedia":[{"embeddable":true,"href":"https:\/\/alfequipment.com\/pt\/wp-json\/wp\/v2\/media\/2684"}],"wp:attachment":[{"href":"https:\/\/alfequipment.com\/pt\/wp-json\/wp\/v2\/media?parent=2925"}],"wp:term":[{"taxonomy":"product_brand","embeddable":true,"href":"https:\/\/alfequipment.com\/pt\/wp-json\/wp\/v2\/product_brand?post=2925"},{"taxonomy":"product_cat","embeddable":true,"href":"https:\/\/alfequipment.com\/pt\/wp-json\/wp\/v2\/product_cat?post=2925"},{"taxonomy":"product_tag","embeddable":true,"href":"https:\/\/alfequipment.com\/pt\/wp-json\/wp\/v2\/product_tag?post=2925"}],"curies":[{"name":"wp","href":"https:\/\/api.w.org\/{rel}","templated":true}]}}