{"id":2929,"date":"2025-01-09T14:26:52","date_gmt":"2025-01-09T14:26:52","guid":{"rendered":"https:\/\/alfequipment.com\/product\/dgyf-200-portable-aluminum-foil-induction-sealer-bottle-cap-sealing-machine\/"},"modified":"2025-01-13T15:02:39","modified_gmt":"2025-01-13T15:02:39","slug":"dgyf-200-maquina-portatil-de-selagem-por-inducao-de-folha-de-aluminio-para-tampas-de-garrafas","status":"publish","type":"product","link":"https:\/\/alfequipment.com\/pt\/product\/dgyf-200-maquina-portatil-de-selagem-por-inducao-de-folha-de-aluminio-para-tampas-de-garrafas\/","title":{"rendered":"DGYF-200 Seladora por indu\u00e7\u00e3o de folha de alum\u00ednio port\u00e1til M\u00e1quina de selagem de tampas de garrafas"},"content":{"rendered":"<div data-magic-global=\"%7B%22bizId%22%3A17179933680%2C%22pageId%22%3A21157742841%2C%22siteId%22%3A5005331025%7D\" id=\"detail_decorate_root\">\n<div module-id=\"31597397544\" module-title=\"detailProductNavigation\" render=\"true\" class=\"J_module\">\n<div id=\"ali-anchor-AliMagic-65wsi7\" data-section=\"AliMagic-65wsi7\" data-section-title=\"Product Description\" class=\"magic-0\">A m\u00e1quina de selagem por indu\u00e7\u00e3o port\u00e1til da s\u00e9rie DGYF utiliza o princ\u00edpio da indu\u00e7\u00e3o electromagn\u00e9tica para produzir calor elevado instant\u00e2neo para derreter a folha de alum\u00ednio. Em seguida, adere ao orif\u00edcio do batoque, atingindo o objetivo de ser \u00e0 prova de humidade, de fugas, de bolor e de prolongar o tempo de conserva\u00e7\u00e3o. Atualmente, \u00e9 amplamente utilizada como m\u00e1quina de selagem de embalagens em ind\u00fastrias como a farmac\u00eautica, de pesticidas, de lubrificantes e de cosm\u00e9ticos, etc.<\/div>\n<\/div>\n<div module-id=\"31597397546\" module-title=\"detailLeftImageRightTable\" render=\"true\" class=\"J_module\">\n<div class=\"detail-decorate-json-renderer-container\">\n<div class=\"magic-1\">\n<div class=\"magic-5\">\n<div class=\"magic-3\">\n<div class=\"magic-6\">\n       <img decoding=\"async\" src=\"https:\/\/sc04.alicdn.com\/kf\/H8de9e133217c4fc7a9189032ef7b37a4n\/64496\/H8de9e133217c4fc7a9189032ef7b37a4n.jpg\" class=\"aligncenter\">\n      <\/div>\n<\/p><\/div>\n<\/p><\/div>\n<div class=\"magic-8\">\n<div class=\"magic-3\">\n<div class=\"ife-detail-decorate-table\">\n<table class=\"has-title all magic-9\">\n<tbody>\n<tr>\n<td colspan=\"1\" rowspan=\"1\">\n<div class=\"magic-10\">\n            Modelo\n           <\/div>\n<\/td>\n<td colspan=\"1\" rowspan=\"1\">\n<div class=\"magic-11\">\n            DGYF-200\n           <\/div>\n<\/td>\n<\/tr>\n<tr>\n<td colspan=\"1\" rowspan=\"1\">\n<div class=\"magic-10\">\n            tens\u00e3o\n           <\/div>\n<\/td>\n<td colspan=\"1\" rowspan=\"1\">\n<div class=\"magic-11\">\n            110V\/220V 50HZ\/60HZ\n           <\/div>\n<\/td>\n<\/tr>\n<tr>\n<td colspan=\"1\" rowspan=\"1\">\n<div class=\"magic-10\">\n            Pot\u00eancia\n           <\/div>\n<\/td>\n<td colspan=\"1\" rowspan=\"1\">\n<div class=\"magic-11\">\n            500W\n           <\/div>\n<\/td>\n<\/tr>\n<tr>\n<td colspan=\"1\" rowspan=\"1\">\n<div class=\"magic-10\">\n            Capacidade\n           <\/div>\n<\/td>\n<td colspan=\"1\" rowspan=\"1\">\n<div class=\"magic-11\">\n            0-50pcs\/min\n           <\/div>\n<\/td>\n<\/tr>\n<tr>\n<td colspan=\"1\" rowspan=\"1\">\n<div class=\"magic-10\">\n            Di\u00e2metro de veda\u00e7\u00e3o\n           <\/div>\n<\/td>\n<td colspan=\"1\" rowspan=\"1\">\n<div class=\"magic-11\">\n            20-80mm\n           <\/div>\n<\/td>\n<\/tr>\n<tr>\n<td colspan=\"1\" rowspan=\"1\">\n<div class=\"magic-10\">\n            Peso da m\u00e1quina\n           <\/div>\n<\/td>\n<td colspan=\"1\" rowspan=\"1\">\n<div class=\"magic-11\">\n            4kg\n           <\/div>\n<\/td>\n<\/tr>\n<tr>\n<td colspan=\"1\" rowspan=\"1\">\n<div class=\"magic-12\">\n            Tamanho da m\u00e1quina\n           <\/div>\n<\/td>\n<td colspan=\"1\" rowspan=\"1\">\n<div class=\"magic-13\">\n            280*230*115mm\n           <\/div>\n<\/td>\n<\/tr>\n<\/tbody>\n<\/table><\/div>\n<\/p><\/div>\n<\/p><\/div>\n<\/p><\/div>\n<\/p><\/div>\n<\/p><\/div>\n<div module-id=\"31597397547\" module-title=\"detailManyImage\" render=\"true\" class=\"J_module\">\n<div class=\"icbu-pc-detailManyImage magic-14\">\n<div class=\"magic-15\">\n    <img decoding=\"async\" src=\"https:\/\/sc04.alicdn.com\/kf\/Ha7f66242151d411e948ce9ed3b5928c0t\/64496\/Ha7f66242151d411e948ce9ed3b5928c0t.jpg\" class=\"aligncenter\">\n   <\/div>\n<div class=\"magic-15\">\n    <img decoding=\"async\" src=\"https:\/\/sc04.alicdn.com\/kf\/Hcf4de08aed074f0a85d144e3dd777b08L\/64496\/Hcf4de08aed074f0a85d144e3dd777b08L.jpg\" class=\"aligncenter\">\n   <\/div>\n<\/p><\/div>\n<\/p><\/div>\n<\/div>","protected":false},"excerpt":{"rendered":"<p>M\u00e1quina de selagem de tampas de garrafas Dgyf-400a<\/p>","protected":false},"featured_media":2692,"comment_status":"closed","ping_status":"open","template":"","meta":[],"product_brand":[],"product_cat":[120,97],"product_tag":[],"class_list":{"0":"post-2929","1":"product","2":"type-product","3":"status-publish","4":"has-post-thumbnail","6":"product_cat-induction-sealer","7":"product_cat-sealing-machines","9":"first","10":"instock","11":"sale","12":"purchasable","13":"product-type-simple"},"yoast_head":"<!-- This site is optimized with the Yoast SEO Premium plugin v20.9 (Yoast SEO v26.5) - https:\/\/yoast.com\/wordpress\/plugins\/seo\/ -->\n<title>DGYF-200 Portable aluminum foil induction sealer Bottle Cap Sealing Machine - ALF PACK<\/title>\n<meta name=\"robots\" content=\"index, follow, max-snippet:-1, max-image-preview:large, max-video-preview:-1\" \/>\n<link rel=\"canonical\" href=\"https:\/\/alfequipment.com\/pt\/product\/dgyf-200-maquina-portatil-de-selagem-por-inducao-de-folha-de-aluminio-para-tampas-de-garrafas\/\" \/>\n<meta property=\"og:locale\" content=\"pt_PT\" \/>\n<meta property=\"og:type\" content=\"article\" \/>\n<meta property=\"og:title\" content=\"DGYF-200 Portable aluminum foil induction sealer Bottle Cap Sealing Machine\" \/>\n<meta property=\"og:description\" content=\"Dgyf-400a Bottle Cap Sealing Machine\" \/>\n<meta property=\"og:url\" content=\"https:\/\/alfequipment.com\/pt\/product\/dgyf-200-maquina-portatil-de-selagem-por-inducao-de-folha-de-aluminio-para-tampas-de-garrafas\/\" \/>\n<meta property=\"og:site_name\" content=\"ALF PACK\" \/>\n<meta property=\"article:modified_time\" content=\"2025-01-13T15:02:39+00:00\" \/>\n<meta property=\"og:image\" content=\"https:\/\/alfequipment.com\/wp-content\/uploads\/2025\/01\/DGYF-200-Portable-aluminum-foil-induction-sealer.jpg\" \/>\n\t<meta property=\"og:image:width\" content=\"786\" \/>\n\t<meta property=\"og:image:height\" content=\"786\" \/>\n\t<meta property=\"og:image:type\" content=\"image\/webp\" \/>\n<meta name=\"twitter:card\" content=\"summary_large_image\" \/>\n<script type=\"application\/ld+json\" class=\"yoast-schema-graph\">{\"@context\":\"https:\/\/schema.org\",\"@graph\":[{\"@type\":\"WebPage\",\"@id\":\"https:\/\/alfequipment.com\/product\/dgyf-200-portable-aluminum-foil-induction-sealer-bottle-cap-sealing-machine\/\",\"url\":\"https:\/\/alfequipment.com\/product\/dgyf-200-portable-aluminum-foil-induction-sealer-bottle-cap-sealing-machine\/\",\"name\":\"DGYF-200 Portable aluminum foil induction sealer Bottle Cap Sealing Machine - ALF PACK\",\"isPartOf\":{\"@id\":\"https:\/\/alfequipment.com\/#website\"},\"primaryImageOfPage\":{\"@id\":\"https:\/\/alfequipment.com\/product\/dgyf-200-portable-aluminum-foil-induction-sealer-bottle-cap-sealing-machine\/#primaryimage\"},\"image\":{\"@id\":\"https:\/\/alfequipment.com\/product\/dgyf-200-portable-aluminum-foil-induction-sealer-bottle-cap-sealing-machine\/#primaryimage\"},\"thumbnailUrl\":\"https:\/\/alfequipment.com\/wp-content\/uploads\/2025\/01\/DGYF-200-Portable-aluminum-foil-induction-sealer.jpg\",\"datePublished\":\"2025-01-09T14:26:52+00:00\",\"dateModified\":\"2025-01-13T15:02:39+00:00\",\"breadcrumb\":{\"@id\":\"https:\/\/alfequipment.com\/product\/dgyf-200-portable-aluminum-foil-induction-sealer-bottle-cap-sealing-machine\/#breadcrumb\"},\"inLanguage\":\"pt-PT\",\"potentialAction\":[{\"@type\":\"ReadAction\",\"target\":[\"https:\/\/alfequipment.com\/product\/dgyf-200-portable-aluminum-foil-induction-sealer-bottle-cap-sealing-machine\/\"]}]},{\"@type\":\"ImageObject\",\"inLanguage\":\"pt-PT\",\"@id\":\"https:\/\/alfequipment.com\/product\/dgyf-200-portable-aluminum-foil-induction-sealer-bottle-cap-sealing-machine\/#primaryimage\",\"url\":\"https:\/\/alfequipment.com\/wp-content\/uploads\/2025\/01\/DGYF-200-Portable-aluminum-foil-induction-sealer.jpg\",\"contentUrl\":\"https:\/\/alfequipment.com\/wp-content\/uploads\/2025\/01\/DGYF-200-Portable-aluminum-foil-induction-sealer.jpg\",\"width\":786,\"height\":786},{\"@type\":\"BreadcrumbList\",\"@id\":\"https:\/\/alfequipment.com\/product\/dgyf-200-portable-aluminum-foil-induction-sealer-bottle-cap-sealing-machine\/#breadcrumb\",\"itemListElement\":[{\"@type\":\"ListItem\",\"position\":1,\"name\":\"Home\",\"item\":\"https:\/\/alfequipment.com\/\"},{\"@type\":\"ListItem\",\"position\":2,\"name\":\"Shop\",\"item\":\"https:\/\/alfequipment.com\/shop\/\"},{\"@type\":\"ListItem\",\"position\":3,\"name\":\"DGYF-200 Portable aluminum foil induction sealer Bottle Cap Sealing Machine\"}]},{\"@type\":\"WebSite\",\"@id\":\"https:\/\/alfequipment.com\/#website\",\"url\":\"https:\/\/alfequipment.com\/\",\"name\":\"ALF PACK\",\"description\":\"\",\"publisher\":{\"@id\":\"https:\/\/alfequipment.com\/#organization\"},\"potentialAction\":[{\"@type\":\"SearchAction\",\"target\":{\"@type\":\"EntryPoint\",\"urlTemplate\":\"https:\/\/alfequipment.com\/?s={search_term_string}\"},\"query-input\":{\"@type\":\"PropertyValueSpecification\",\"valueRequired\":true,\"valueName\":\"search_term_string\"}}],\"inLanguage\":\"pt-PT\"},{\"@type\":\"Organization\",\"@id\":\"https:\/\/alfequipment.com\/#organization\",\"name\":\"ALF PACK\",\"url\":\"https:\/\/alfequipment.com\/\",\"logo\":{\"@type\":\"ImageObject\",\"inLanguage\":\"pt-PT\",\"@id\":\"https:\/\/alfequipment.com\/#\/schema\/logo\/image\/\",\"url\":\"https:\/\/alfequipment.com\/wp-content\/uploads\/2024\/11\/ALFlogo-2.webp\",\"contentUrl\":\"https:\/\/alfequipment.com\/wp-content\/uploads\/2024\/11\/ALFlogo-2.webp\",\"width\":758,\"height\":750,\"caption\":\"ALF PACK\"},\"image\":{\"@id\":\"https:\/\/alfequipment.com\/#\/schema\/logo\/image\/\"}}]}<\/script>\n<!-- \/ Yoast SEO Premium plugin. -->","yoast_head_json":{"title":"DGYF-200 Seladora de indu\u00e7\u00e3o de folha de alum\u00ednio port\u00e1til M\u00e1quina de selagem de tampas de garrafas - ALF PACK","robots":{"index":"index","follow":"follow","max-snippet":"max-snippet:-1","max-image-preview":"max-image-preview:large","max-video-preview":"max-video-preview:-1"},"canonical":"https:\/\/alfequipment.com\/pt\/product\/dgyf-200-maquina-portatil-de-selagem-por-inducao-de-folha-de-aluminio-para-tampas-de-garrafas\/","og_locale":"pt_PT","og_type":"article","og_title":"DGYF-200 Portable aluminum foil induction sealer Bottle Cap Sealing Machine","og_description":"Dgyf-400a Bottle Cap Sealing Machine","og_url":"https:\/\/alfequipment.com\/pt\/product\/dgyf-200-maquina-portatil-de-selagem-por-inducao-de-folha-de-aluminio-para-tampas-de-garrafas\/","og_site_name":"ALF PACK","article_modified_time":"2025-01-13T15:02:39+00:00","og_image":[{"width":786,"height":786,"url":"https:\/\/alfequipment.com\/wp-content\/uploads\/2025\/01\/DGYF-200-Portable-aluminum-foil-induction-sealer.jpg","type":"image\/webp"}],"twitter_card":"summary_large_image","schema":{"@context":"https:\/\/schema.org","@graph":[{"@type":"WebPage","@id":"https:\/\/alfequipment.com\/product\/dgyf-200-portable-aluminum-foil-induction-sealer-bottle-cap-sealing-machine\/","url":"https:\/\/alfequipment.com\/product\/dgyf-200-portable-aluminum-foil-induction-sealer-bottle-cap-sealing-machine\/","name":"DGYF-200 Seladora de indu\u00e7\u00e3o de folha de alum\u00ednio port\u00e1til M\u00e1quina de selagem de tampas de garrafas - ALF PACK","isPartOf":{"@id":"https:\/\/alfequipment.com\/#website"},"primaryImageOfPage":{"@id":"https:\/\/alfequipment.com\/product\/dgyf-200-portable-aluminum-foil-induction-sealer-bottle-cap-sealing-machine\/#primaryimage"},"image":{"@id":"https:\/\/alfequipment.com\/product\/dgyf-200-portable-aluminum-foil-induction-sealer-bottle-cap-sealing-machine\/#primaryimage"},"thumbnailUrl":"https:\/\/alfequipment.com\/wp-content\/uploads\/2025\/01\/DGYF-200-Portable-aluminum-foil-induction-sealer.jpg","datePublished":"2025-01-09T14:26:52+00:00","dateModified":"2025-01-13T15:02:39+00:00","breadcrumb":{"@id":"https:\/\/alfequipment.com\/product\/dgyf-200-portable-aluminum-foil-induction-sealer-bottle-cap-sealing-machine\/#breadcrumb"},"inLanguage":"pt-PT","potentialAction":[{"@type":"ReadAction","target":["https:\/\/alfequipment.com\/product\/dgyf-200-portable-aluminum-foil-induction-sealer-bottle-cap-sealing-machine\/"]}]},{"@type":"ImageObject","inLanguage":"pt-PT","@id":"https:\/\/alfequipment.com\/product\/dgyf-200-portable-aluminum-foil-induction-sealer-bottle-cap-sealing-machine\/#primaryimage","url":"https:\/\/alfequipment.com\/wp-content\/uploads\/2025\/01\/DGYF-200-Portable-aluminum-foil-induction-sealer.jpg","contentUrl":"https:\/\/alfequipment.com\/wp-content\/uploads\/2025\/01\/DGYF-200-Portable-aluminum-foil-induction-sealer.jpg","width":786,"height":786},{"@type":"BreadcrumbList","@id":"https:\/\/alfequipment.com\/product\/dgyf-200-portable-aluminum-foil-induction-sealer-bottle-cap-sealing-machine\/#breadcrumb","itemListElement":[{"@type":"ListItem","position":1,"name":"Home","item":"https:\/\/alfequipment.com\/"},{"@type":"ListItem","position":2,"name":"Shop","item":"https:\/\/alfequipment.com\/shop\/"},{"@type":"ListItem","position":3,"name":"DGYF-200 Portable aluminum foil induction sealer Bottle Cap Sealing Machine"}]},{"@type":"WebSite","@id":"https:\/\/alfequipment.com\/#website","url":"https:\/\/alfequipment.com\/","name":"PACK ALF","description":"","publisher":{"@id":"https:\/\/alfequipment.com\/#organization"},"potentialAction":[{"@type":"SearchAction","target":{"@type":"EntryPoint","urlTemplate":"https:\/\/alfequipment.com\/?s={search_term_string}"},"query-input":{"@type":"PropertyValueSpecification","valueRequired":true,"valueName":"search_term_string"}}],"inLanguage":"pt-PT"},{"@type":"Organization","@id":"https:\/\/alfequipment.com\/#organization","name":"PACK ALF","url":"https:\/\/alfequipment.com\/","logo":{"@type":"ImageObject","inLanguage":"pt-PT","@id":"https:\/\/alfequipment.com\/#\/schema\/logo\/image\/","url":"https:\/\/alfequipment.com\/wp-content\/uploads\/2024\/11\/ALFlogo-2.webp","contentUrl":"https:\/\/alfequipment.com\/wp-content\/uploads\/2024\/11\/ALFlogo-2.webp","width":758,"height":750,"caption":"ALF PACK"},"image":{"@id":"https:\/\/alfequipment.com\/#\/schema\/logo\/image\/"}}]}},"_links":{"self":[{"href":"https:\/\/alfequipment.com\/pt\/wp-json\/wp\/v2\/product\/2929","targetHints":{"allow":["GET"]}}],"collection":[{"href":"https:\/\/alfequipment.com\/pt\/wp-json\/wp\/v2\/product"}],"about":[{"href":"https:\/\/alfequipment.com\/pt\/wp-json\/wp\/v2\/types\/product"}],"replies":[{"embeddable":true,"href":"https:\/\/alfequipment.com\/pt\/wp-json\/wp\/v2\/comments?post=2929"}],"version-history":[{"count":0,"href":"https:\/\/alfequipment.com\/pt\/wp-json\/wp\/v2\/product\/2929\/revisions"}],"wp:featuredmedia":[{"embeddable":true,"href":"https:\/\/alfequipment.com\/pt\/wp-json\/wp\/v2\/media\/2692"}],"wp:attachment":[{"href":"https:\/\/alfequipment.com\/pt\/wp-json\/wp\/v2\/media?parent=2929"}],"wp:term":[{"taxonomy":"product_brand","embeddable":true,"href":"https:\/\/alfequipment.com\/pt\/wp-json\/wp\/v2\/product_brand?post=2929"},{"taxonomy":"product_cat","embeddable":true,"href":"https:\/\/alfequipment.com\/pt\/wp-json\/wp\/v2\/product_cat?post=2929"},{"taxonomy":"product_tag","embeddable":true,"href":"https:\/\/alfequipment.com\/pt\/wp-json\/wp\/v2\/product_tag?post=2929"}],"curies":[{"name":"wp","href":"https:\/\/api.w.org\/{rel}","templated":true}]}}