{"id":2931,"date":"2025-01-09T06:40:14","date_gmt":"2025-01-09T06:40:14","guid":{"rendered":"https:\/\/alfequipment.com\/product\/as2000s-hot-sale-automatic-double-tube-liquid-packaging-machine-two-nozzles\/"},"modified":"2025-01-13T13:08:58","modified_gmt":"2025-01-13T13:08:58","slug":"as2000s-venda-quente-automatica-maquina-de-embalagem-de-liquidos-de-tubo-duplo-com-dois-bicos","status":"publish","type":"product","link":"https:\/\/alfequipment.com\/pt\/product\/as2000s-venda-quente-automatica-maquina-de-embalagem-de-liquidos-de-tubo-duplo-com-dois-bicos\/","title":{"rendered":"AS2000S M\u00e1quina autom\u00e1tica de embalagem de l\u00edquidos de tubo duplo (dois bicos)"},"content":{"rendered":"<p><span style=\"font-size: 16px;\">1.<\/span><span style=\"font-size: 12pt; font-family: Verdana, Arial, Helvetica, sans-serif;\">A m\u00e1quina autom\u00e1tica de embalagem de l\u00edquidos modelo AS2000S pode ser amplamente utilizada para embalar v\u00e1rios tipos de l\u00edquidos, especialmente para embalagens de sumo de fruta, tiras de gelo e outros produtos de bebidas.<\/span><\/p>\n<p><span style=\"font-size: 12pt; font-family: Verdana, Arial, Helvetica, sans-serif;\">2. a m\u00e1quina tem sistema duplo de enchimento, forma\u00e7\u00e3o de bolsa e selagem, por isso a capacidade \u00e9 o dobro do tipo semelhante de m\u00e1quina autom\u00e1tica de embalagem de l\u00edquidos. <\/span><\/p>\n<p><span style=\"font-size: 12pt; font-family: Verdana, Arial, Helvetica, sans-serif;\">3. dois pist\u00f5es de enchimento separados podem fazer com que a m\u00e1quina fa\u00e7a dois tipos de bebidas ao mesmo tempo.<\/span><\/p>\n<p><span style=\"font-size: 12pt;\">&nbsp;<\/span><\/p>\n<p><span style=\"font-size: 12pt;\">Especifica\u00e7\u00e3o:<\/span><\/p>\n<table class=\"aliDataTable\" border=\"1\" cellspacing=\"0\" cellpadding=\"0\">\n<tbody>\n<tr align=\"left\">\n<td style=\"width: 183.7pt;\" valign=\"top\">\n<p><span style=\"font-size: 12pt;\">Modelo<\/span><\/p>\n<\/td>\n<td style=\"width: 158.3pt;\" valign=\"top\">\n<p><span style=\"font-size: 12pt;\">AS2000S<\/span><\/p>\n<\/td>\n<\/tr>\n<tr align=\"left\">\n<td valign=\"top\">\n<p><span style=\"font-size: 12pt;\">Capacidade<\/span><\/p>\n<\/td>\n<td valign=\"top\">\n<p><span style=\"font-size: 12pt;\">2500-3000 sacos\/hora<\/span><\/p>\n<\/td>\n<\/tr>\n<tr align=\"left\">\n<td valign=\"top\">\n<p><span style=\"font-size: 12pt;\">Volume da embalagem<\/span><\/p>\n<\/td>\n<td valign=\"top\">\n<p><span style=\"font-size: 12pt;\">100ml-250ml X 2<\/span><\/p>\n<\/td>\n<\/tr>\n<tr align=\"left\">\n<td valign=\"top\">\n<p><span style=\"font-size: 12pt;\">Pot\u00eancia<\/span><\/p>\n<\/td>\n<td valign=\"top\">\n<p><span style=\"font-size: 12pt;\">220V\/380V 1,8KW<\/span><\/p>\n<\/td>\n<\/tr>\n<tr align=\"left\">\n<td valign=\"top\">\n<p><span style=\"font-size: 12pt;\">Largura da pel\u00edcula<\/span><\/p>\n<\/td>\n<td valign=\"top\">\n<p><span style=\"font-size: 12pt;\">90mm-150mm<\/span><\/p>\n<\/td>\n<\/tr>\n<tr align=\"left\">\n<td valign=\"top\">\n<p><span style=\"font-size: 12pt;\">Peso<\/span><\/p>\n<\/td>\n<td valign=\"top\">\n<p><span style=\"font-size: 12pt;\">450KGS<\/span><\/p>\n<\/td>\n<\/tr>\n<tr align=\"left\">\n<td valign=\"top\">\n<p><span style=\"font-size: 12pt;\">Tamanho<\/span><\/p>\n<\/td>\n<td valign=\"top\">\n<p><span style=\"font-size: 12pt;\">1050*870*2100mm<\/span><\/p>\n<\/td>\n<\/tr>\n<\/tbody>\n<\/table>\n<p>&nbsp;&nbsp;<\/p>\n<p><img decoding=\"async\" src=\"https:\/\/sc01.alicdn.com\/kf\/Heee260d2d70049389e46e7323df4f6516.jpg\" data-alt=\"AS2000S Hot sale Automatic Double tube Liquid Packaging Machine (two nozzles)\" style=\"width: 691px; height: 225px;\" ori-width=\"700\" ori-height=\"500\" class=\"aligncenter\"><\/p>\n<p>&nbsp;<\/p>\n<p><span style=\"line-height: 27px; font-family: Arial; font-size: 18px;\">Podemos personalizar m\u00e1quinas n\u00e3o padronizadas de acordo com os requisitos do cliente.<\/span><\/p>\n<p>&nbsp;<\/p>\n<p><span style=\"line-height: 27px; font-family: Arial; font-size: 18px;\">Saiba mais sobre a s\u00e9rie de m\u00e1quinas de embalagem de l\u00edquidos AS:<\/span><\/p>\n<p><span style=\"line-height: 27px; font-family: Arial; font-size: 18px;\">1.AS1000&nbsp;&nbsp;<\/span><\/p>\n<p><span style=\"line-height: 27px; font-family: Arial; font-size: 18px;\">2.AS2000<\/span><\/p>\n<p><span style=\"line-height: 27px; font-family: Arial; font-size: 18px;\">3.AS2000P<\/span><\/p>\n<p><span style=\"line-height: 27px; font-family: Arial; font-size: 18px;\">clique no modelo e aparecer\u00e1 uma nova p\u00e1gina Web que lhe mostrar\u00e1 a m\u00e1quina.<\/span><\/p>\n<p><\/p><\/p>","protected":false},"excerpt":{"rendered":"<p>As2000s Embaladora autom\u00e1tica de l\u00edquidos de tubo duplo<\/p>","protected":false},"featured_media":2696,"comment_status":"closed","ping_status":"open","template":"","meta":[],"product_brand":[],"product_cat":[101],"product_tag":[],"class_list":{"0":"post-2931","1":"product","2":"type-product","3":"status-publish","4":"has-post-thumbnail","6":"product_cat-filling-machines","8":"first","9":"instock","10":"sale","11":"purchasable","12":"product-type-simple"},"yoast_head":"<!-- This site is optimized with the Yoast SEO Premium plugin v20.9 (Yoast SEO v26.5) - https:\/\/yoast.com\/wordpress\/plugins\/seo\/ -->\n<title>AS2000S Hot sale Automatic Double tube Liquid Packaging Machine (two nozzles) - ALF PACK<\/title>\n<meta name=\"robots\" content=\"index, follow, max-snippet:-1, max-image-preview:large, max-video-preview:-1\" \/>\n<link rel=\"canonical\" href=\"https:\/\/alfequipment.com\/pt\/product\/as2000s-venda-quente-automatica-maquina-de-embalagem-de-liquidos-de-tubo-duplo-com-dois-bicos\/\" \/>\n<meta property=\"og:locale\" content=\"pt_PT\" \/>\n<meta property=\"og:type\" content=\"article\" \/>\n<meta property=\"og:title\" content=\"AS2000S Hot sale Automatic Double tube Liquid Packaging Machine (two nozzles)\" \/>\n<meta property=\"og:description\" content=\"As2000s Automatic Double Tube Liquid Packager\" \/>\n<meta property=\"og:url\" content=\"https:\/\/alfequipment.com\/pt\/product\/as2000s-venda-quente-automatica-maquina-de-embalagem-de-liquidos-de-tubo-duplo-com-dois-bicos\/\" \/>\n<meta property=\"og:site_name\" content=\"ALF PACK\" \/>\n<meta property=\"article:modified_time\" content=\"2025-01-13T13:08:58+00:00\" \/>\n<meta property=\"og:image\" content=\"https:\/\/alfequipment.com\/wp-content\/uploads\/2025\/01\/AS2000S-Hot-sale-Automatic-Double-tube-Liquid.jpg\" \/>\n\t<meta property=\"og:image:width\" content=\"800\" \/>\n\t<meta property=\"og:image:height\" content=\"800\" \/>\n\t<meta property=\"og:image:type\" content=\"image\/webp\" \/>\n<meta name=\"twitter:card\" content=\"summary_large_image\" \/>\n<meta name=\"twitter:label1\" content=\"Tempo estimado de leitura\" \/>\n\t<meta name=\"twitter:data1\" content=\"1 minuto\" \/>\n<script type=\"application\/ld+json\" class=\"yoast-schema-graph\">{\"@context\":\"https:\/\/schema.org\",\"@graph\":[{\"@type\":\"WebPage\",\"@id\":\"https:\/\/alfequipment.com\/product\/as2000s-hot-sale-automatic-double-tube-liquid-packaging-machine-two-nozzles\/\",\"url\":\"https:\/\/alfequipment.com\/product\/as2000s-hot-sale-automatic-double-tube-liquid-packaging-machine-two-nozzles\/\",\"name\":\"AS2000S Hot sale Automatic Double tube Liquid Packaging Machine (two nozzles) - ALF PACK\",\"isPartOf\":{\"@id\":\"https:\/\/alfequipment.com\/#website\"},\"primaryImageOfPage\":{\"@id\":\"https:\/\/alfequipment.com\/product\/as2000s-hot-sale-automatic-double-tube-liquid-packaging-machine-two-nozzles\/#primaryimage\"},\"image\":{\"@id\":\"https:\/\/alfequipment.com\/product\/as2000s-hot-sale-automatic-double-tube-liquid-packaging-machine-two-nozzles\/#primaryimage\"},\"thumbnailUrl\":\"https:\/\/alfequipment.com\/wp-content\/uploads\/2025\/01\/AS2000S-Hot-sale-Automatic-Double-tube-Liquid.jpg\",\"datePublished\":\"2025-01-09T06:40:14+00:00\",\"dateModified\":\"2025-01-13T13:08:58+00:00\",\"breadcrumb\":{\"@id\":\"https:\/\/alfequipment.com\/product\/as2000s-hot-sale-automatic-double-tube-liquid-packaging-machine-two-nozzles\/#breadcrumb\"},\"inLanguage\":\"pt-PT\",\"potentialAction\":[{\"@type\":\"ReadAction\",\"target\":[\"https:\/\/alfequipment.com\/product\/as2000s-hot-sale-automatic-double-tube-liquid-packaging-machine-two-nozzles\/\"]}]},{\"@type\":\"ImageObject\",\"inLanguage\":\"pt-PT\",\"@id\":\"https:\/\/alfequipment.com\/product\/as2000s-hot-sale-automatic-double-tube-liquid-packaging-machine-two-nozzles\/#primaryimage\",\"url\":\"https:\/\/alfequipment.com\/wp-content\/uploads\/2025\/01\/AS2000S-Hot-sale-Automatic-Double-tube-Liquid.jpg\",\"contentUrl\":\"https:\/\/alfequipment.com\/wp-content\/uploads\/2025\/01\/AS2000S-Hot-sale-Automatic-Double-tube-Liquid.jpg\",\"width\":800,\"height\":800},{\"@type\":\"BreadcrumbList\",\"@id\":\"https:\/\/alfequipment.com\/product\/as2000s-hot-sale-automatic-double-tube-liquid-packaging-machine-two-nozzles\/#breadcrumb\",\"itemListElement\":[{\"@type\":\"ListItem\",\"position\":1,\"name\":\"Home\",\"item\":\"https:\/\/alfequipment.com\/\"},{\"@type\":\"ListItem\",\"position\":2,\"name\":\"Shop\",\"item\":\"https:\/\/alfequipment.com\/shop\/\"},{\"@type\":\"ListItem\",\"position\":3,\"name\":\"AS2000S Hot sale Automatic Double tube Liquid Packaging Machine (two nozzles)\"}]},{\"@type\":\"WebSite\",\"@id\":\"https:\/\/alfequipment.com\/#website\",\"url\":\"https:\/\/alfequipment.com\/\",\"name\":\"ALF PACK\",\"description\":\"\",\"publisher\":{\"@id\":\"https:\/\/alfequipment.com\/#organization\"},\"potentialAction\":[{\"@type\":\"SearchAction\",\"target\":{\"@type\":\"EntryPoint\",\"urlTemplate\":\"https:\/\/alfequipment.com\/?s={search_term_string}\"},\"query-input\":{\"@type\":\"PropertyValueSpecification\",\"valueRequired\":true,\"valueName\":\"search_term_string\"}}],\"inLanguage\":\"pt-PT\"},{\"@type\":\"Organization\",\"@id\":\"https:\/\/alfequipment.com\/#organization\",\"name\":\"ALF PACK\",\"url\":\"https:\/\/alfequipment.com\/\",\"logo\":{\"@type\":\"ImageObject\",\"inLanguage\":\"pt-PT\",\"@id\":\"https:\/\/alfequipment.com\/#\/schema\/logo\/image\/\",\"url\":\"https:\/\/alfequipment.com\/wp-content\/uploads\/2024\/11\/ALFlogo-2.webp\",\"contentUrl\":\"https:\/\/alfequipment.com\/wp-content\/uploads\/2024\/11\/ALFlogo-2.webp\",\"width\":758,\"height\":750,\"caption\":\"ALF PACK\"},\"image\":{\"@id\":\"https:\/\/alfequipment.com\/#\/schema\/logo\/image\/\"}}]}<\/script>\n<!-- \/ Yoast SEO Premium plugin. -->","yoast_head_json":{"title":"AS2000S M\u00e1quina autom\u00e1tica de embalagem de l\u00edquidos de tubo duplo (dois bicos) de venda quente - ALF PACK","robots":{"index":"index","follow":"follow","max-snippet":"max-snippet:-1","max-image-preview":"max-image-preview:large","max-video-preview":"max-video-preview:-1"},"canonical":"https:\/\/alfequipment.com\/pt\/product\/as2000s-venda-quente-automatica-maquina-de-embalagem-de-liquidos-de-tubo-duplo-com-dois-bicos\/","og_locale":"pt_PT","og_type":"article","og_title":"AS2000S Hot sale Automatic Double tube Liquid Packaging Machine (two nozzles)","og_description":"As2000s Automatic Double Tube Liquid Packager","og_url":"https:\/\/alfequipment.com\/pt\/product\/as2000s-venda-quente-automatica-maquina-de-embalagem-de-liquidos-de-tubo-duplo-com-dois-bicos\/","og_site_name":"ALF PACK","article_modified_time":"2025-01-13T13:08:58+00:00","og_image":[{"width":800,"height":800,"url":"https:\/\/alfequipment.com\/wp-content\/uploads\/2025\/01\/AS2000S-Hot-sale-Automatic-Double-tube-Liquid.jpg","type":"image\/webp"}],"twitter_card":"summary_large_image","twitter_misc":{"Tempo estimado de leitura":"1 minuto"},"schema":{"@context":"https:\/\/schema.org","@graph":[{"@type":"WebPage","@id":"https:\/\/alfequipment.com\/product\/as2000s-hot-sale-automatic-double-tube-liquid-packaging-machine-two-nozzles\/","url":"https:\/\/alfequipment.com\/product\/as2000s-hot-sale-automatic-double-tube-liquid-packaging-machine-two-nozzles\/","name":"AS2000S M\u00e1quina autom\u00e1tica de embalagem de l\u00edquidos de tubo duplo (dois bicos) de venda quente - ALF PACK","isPartOf":{"@id":"https:\/\/alfequipment.com\/#website"},"primaryImageOfPage":{"@id":"https:\/\/alfequipment.com\/product\/as2000s-hot-sale-automatic-double-tube-liquid-packaging-machine-two-nozzles\/#primaryimage"},"image":{"@id":"https:\/\/alfequipment.com\/product\/as2000s-hot-sale-automatic-double-tube-liquid-packaging-machine-two-nozzles\/#primaryimage"},"thumbnailUrl":"https:\/\/alfequipment.com\/wp-content\/uploads\/2025\/01\/AS2000S-Hot-sale-Automatic-Double-tube-Liquid.jpg","datePublished":"2025-01-09T06:40:14+00:00","dateModified":"2025-01-13T13:08:58+00:00","breadcrumb":{"@id":"https:\/\/alfequipment.com\/product\/as2000s-hot-sale-automatic-double-tube-liquid-packaging-machine-two-nozzles\/#breadcrumb"},"inLanguage":"pt-PT","potentialAction":[{"@type":"ReadAction","target":["https:\/\/alfequipment.com\/product\/as2000s-hot-sale-automatic-double-tube-liquid-packaging-machine-two-nozzles\/"]}]},{"@type":"ImageObject","inLanguage":"pt-PT","@id":"https:\/\/alfequipment.com\/product\/as2000s-hot-sale-automatic-double-tube-liquid-packaging-machine-two-nozzles\/#primaryimage","url":"https:\/\/alfequipment.com\/wp-content\/uploads\/2025\/01\/AS2000S-Hot-sale-Automatic-Double-tube-Liquid.jpg","contentUrl":"https:\/\/alfequipment.com\/wp-content\/uploads\/2025\/01\/AS2000S-Hot-sale-Automatic-Double-tube-Liquid.jpg","width":800,"height":800},{"@type":"BreadcrumbList","@id":"https:\/\/alfequipment.com\/product\/as2000s-hot-sale-automatic-double-tube-liquid-packaging-machine-two-nozzles\/#breadcrumb","itemListElement":[{"@type":"ListItem","position":1,"name":"Home","item":"https:\/\/alfequipment.com\/"},{"@type":"ListItem","position":2,"name":"Shop","item":"https:\/\/alfequipment.com\/shop\/"},{"@type":"ListItem","position":3,"name":"AS2000S Hot sale Automatic Double tube Liquid Packaging Machine (two nozzles)"}]},{"@type":"WebSite","@id":"https:\/\/alfequipment.com\/#website","url":"https:\/\/alfequipment.com\/","name":"PACK ALF","description":"","publisher":{"@id":"https:\/\/alfequipment.com\/#organization"},"potentialAction":[{"@type":"SearchAction","target":{"@type":"EntryPoint","urlTemplate":"https:\/\/alfequipment.com\/?s={search_term_string}"},"query-input":{"@type":"PropertyValueSpecification","valueRequired":true,"valueName":"search_term_string"}}],"inLanguage":"pt-PT"},{"@type":"Organization","@id":"https:\/\/alfequipment.com\/#organization","name":"PACK ALF","url":"https:\/\/alfequipment.com\/","logo":{"@type":"ImageObject","inLanguage":"pt-PT","@id":"https:\/\/alfequipment.com\/#\/schema\/logo\/image\/","url":"https:\/\/alfequipment.com\/wp-content\/uploads\/2024\/11\/ALFlogo-2.webp","contentUrl":"https:\/\/alfequipment.com\/wp-content\/uploads\/2024\/11\/ALFlogo-2.webp","width":758,"height":750,"caption":"ALF PACK"},"image":{"@id":"https:\/\/alfequipment.com\/#\/schema\/logo\/image\/"}}]}},"_links":{"self":[{"href":"https:\/\/alfequipment.com\/pt\/wp-json\/wp\/v2\/product\/2931","targetHints":{"allow":["GET"]}}],"collection":[{"href":"https:\/\/alfequipment.com\/pt\/wp-json\/wp\/v2\/product"}],"about":[{"href":"https:\/\/alfequipment.com\/pt\/wp-json\/wp\/v2\/types\/product"}],"replies":[{"embeddable":true,"href":"https:\/\/alfequipment.com\/pt\/wp-json\/wp\/v2\/comments?post=2931"}],"version-history":[{"count":0,"href":"https:\/\/alfequipment.com\/pt\/wp-json\/wp\/v2\/product\/2931\/revisions"}],"wp:featuredmedia":[{"embeddable":true,"href":"https:\/\/alfequipment.com\/pt\/wp-json\/wp\/v2\/media\/2696"}],"wp:attachment":[{"href":"https:\/\/alfequipment.com\/pt\/wp-json\/wp\/v2\/media?parent=2931"}],"wp:term":[{"taxonomy":"product_brand","embeddable":true,"href":"https:\/\/alfequipment.com\/pt\/wp-json\/wp\/v2\/product_brand?post=2931"},{"taxonomy":"product_cat","embeddable":true,"href":"https:\/\/alfequipment.com\/pt\/wp-json\/wp\/v2\/product_cat?post=2931"},{"taxonomy":"product_tag","embeddable":true,"href":"https:\/\/alfequipment.com\/pt\/wp-json\/wp\/v2\/product_tag?post=2931"}],"curies":[{"name":"wp","href":"https:\/\/api.w.org\/{rel}","templated":true}]}}